{"id":42501,"date":"2021-03-26T17:46:43","date_gmt":"2021-03-26T16:46:43","guid":{"rendered":"http:\/\/dafinoo.eu\/mirmar\/?page_id=42501"},"modified":"2021-07-27T15:20:09","modified_gmt":"2021-07-27T13:20:09","slug":"doprava","status":"publish","type":"page","link":"http:\/\/dafinoo.eu\/mirmar\/doprava\/","title":{"rendered":"Doprava"},"content":{"rendered":"<p>[vc_row][vc_column][vc_column_text]<\/p>\n<h3>V\u0161eobecn\u00e9 inform\u00e1cie o doprave z\u00e1sielok<\/h3>\n<p>Sortiment internetov\u00e9ho obchodu www.mirmar.sk je distribuovan\u00fd zo skladu v Pre\u0161ove. Sortiment n\u00e1radia je nato\u013eko \u0161irok\u00fd, \u017ee nem\u00f4\u017eeme zabezpe\u010di\u0165 kompletn\u00fd sortiment skladom. V pr\u00edpade \u017ee tovar nie je skladom sa m\u00f4\u017ee doba dodania pred\u013a\u017ei\u0165 na nieko\u013eko dn\u00ed v z\u00e1vislosti na objedn\u00e1vke. \u0160tandardn\u00e1 doba doru\u010denia z\u00e1sielky na Slovensko ak je tovar na sklade je do 48 hod\u00edn od exped\u00edcie.<\/p>\n<p>Aktu\u00e1lny skladov\u00fd stav tovaru V\u00e1m potvrd\u00edme na na na\u0161ich telefon\u00edckych \u010d\u00edslach alebo\u00a0 na na\u0161om maily. Ak m\u00e1te z\u00e1ujem o dodanie tovaru v z\u00e1v\u00e4znom term\u00edne, spojte sa s na\u0161imi pracovn\u00edkmi pr\u00edjmu objedn\u00e1vok na tel. \u010d.: +421907487327 alebo e-mailom na mirmar@mirmar.sk, kde dostanete presn\u00fa inform\u00e1ciu o stave skladov\u00fdch z\u00e1sob a v pr\u00edpade potreby bude Vami po\u017eadovan\u00fd tovar rezervovan\u00fd.<\/p>\n<h3>Spr\u00e1vny postup pri preberan\u00ed z\u00e1sielky:<\/h3>\n<p>Venujte pros\u00edm zv\u00fd\u0161en\u00fa pozornos\u0165 pri preberan\u00ed z\u00e1sielky od kuri\u00e9ra. V pr\u00edpade \u017ee je po\u0161koden\u00fd obal je potrebn\u00e9 aby ste odstr\u00e1nili obal a tovar skontrolovali za pr\u00edtomnosti kuri\u00e9ra. Ak kuri\u00e9r nes\u00fahlas\u00ed tovar nepreberajte.Ak je tovar po\u0161koden\u00fd vr\u00e1\u0165te tovar aj s obalom kuri\u00e9rovi a do preberacieho protokolu nap\u00ed\u0161te: \u201eNeprevzat\u00e9 z d\u00f4vodu po\u0161kodenia pri preprave.\u201c Pripojte svoj podpis a skontrolujte aby to podp\u00edsal aj kuri\u00e9r. V pr\u00edpade \u017ee neskontrolujete tovar pri preberan\u00ed \u2013 nebude mo\u017en\u00e9 uzna\u0165 pr\u00edpadn\u00e9 reklam\u00e1cie ktor\u00e9 vznikaj\u00fa pri preprave.<\/p>\n<h3>Odosielanie tovaru:<\/h3>\n<p>Tovar zasielame prostredn\u00edctvom prepravnej spolo\u010dnosti ,,Slovak parcel service, s.r.o.&#8221;, pred dodan\u00edm tovaru budete telefonicky upozornen\u00fd od prepravcu o\u00a0z\u00e1sielke cca. 1 hodinu pred doru\u010den\u00edm. Tovar odosielame od 3 do 5 dn\u00ed<\/p>\n<h3>Cena dopravy:<\/h3>\n<p>Cena dopravy do 50 Eur je 5 Eur a\u00a0<strong>nad 50 eur je\u00a00 Eur<\/strong>.[\/vc_column_text][\/vc_column][\/vc_row]<\/p>\n","protected":false},"excerpt":{"rendered":"<p>[vc_row][vc_column][vc_column_text] V\u0161eobecn\u00e9 inform\u00e1cie o doprave z\u00e1sielok Sortiment internetov\u00e9ho obchodu www.mirmar.sk je distribuovan\u00fd zo skladu v Pre\u0161ove. Sortiment n\u00e1radia je nato\u013eko \u0161irok\u00fd, \u017ee nem\u00f4\u017eeme zabezpe\u010di\u0165 kompletn\u00fd sortiment skladom. V pr\u00edpade \u017ee tovar nie je skladom sa m\u00f4\u017ee doba dodania pred\u013a\u017ei\u0165 na nieko\u013eko dn\u00ed v z\u00e1vislosti na objedn\u00e1vke. \u0160tandardn\u00e1 doba doru\u010denia z\u00e1sielky na Slovensko ak je tovar [&hellip;]<\/p>\n","protected":false},"author":1,"featured_media":0,"parent":0,"menu_order":0,"comment_status":"closed","ping_status":"closed","template":"","meta":{"_lmt_disableupdate":"","_lmt_disable":"","footnotes":""},"class_list":["post-42501","page","type-page","status-publish","hentry"],"yoast_head":"<!-- This site is optimized with the Yoast SEO plugin v27.3 - https:\/\/yoast.com\/product\/yoast-seo-wordpress\/ -->\n<title>Doprava - MIR-MAR<\/title>\n<meta name=\"robots\" content=\"index, follow, max-snippet:-1, max-image-preview:large, max-video-preview:-1\" \/>\n<link rel=\"canonical\" href=\"http:\/\/dafinoo.eu\/mirmar\/doprava\/\" \/>\n<meta property=\"og:locale\" content=\"sk_SK\" \/>\n<meta property=\"og:type\" content=\"article\" \/>\n<meta property=\"og:title\" content=\"Doprava - MIR-MAR\" \/>\n<meta property=\"og:description\" content=\"[vc_row][vc_column][vc_column_text] V\u0161eobecn\u00e9 inform\u00e1cie o doprave z\u00e1sielok Sortiment internetov\u00e9ho obchodu www.mirmar.sk je distribuovan\u00fd zo skladu v Pre\u0161ove. Sortiment n\u00e1radia je nato\u013eko \u0161irok\u00fd, \u017ee nem\u00f4\u017eeme zabezpe\u010di\u0165 kompletn\u00fd sortiment skladom. V pr\u00edpade \u017ee tovar nie je skladom sa m\u00f4\u017ee doba dodania pred\u013a\u017ei\u0165 na nieko\u013eko dn\u00ed v z\u00e1vislosti na objedn\u00e1vke. \u0160tandardn\u00e1 doba doru\u010denia z\u00e1sielky na Slovensko ak je tovar [&hellip;]\" \/>\n<meta property=\"og:url\" content=\"http:\/\/dafinoo.eu\/mirmar\/doprava\/\" \/>\n<meta property=\"og:site_name\" content=\"MIR-MAR\" \/>\n<meta property=\"article:publisher\" content=\"https:\/\/facebook.com\/mirmareshop\" \/>\n<meta property=\"article:modified_time\" content=\"2021-07-27T13:20:09+00:00\" \/>\n<meta property=\"og:image\" content=\"http:\/\/dafinoo.eu\/mirmar\/wp-content\/uploads\/2021\/03\/mirmar_logo.png\" \/>\n\t<meta property=\"og:image:width\" content=\"256\" \/>\n\t<meta property=\"og:image:height\" content=\"60\" \/>\n\t<meta property=\"og:image:type\" content=\"image\/png\" \/>\n<meta name=\"twitter:label1\" content=\"Predpokladan\u00fd \u010das \u010d\u00edtania\" \/>\n\t<meta name=\"twitter:data1\" content=\"2 min\u00faty\" \/>\n<script type=\"application\/ld+json\" class=\"yoast-schema-graph\">{\"@context\":\"https:\\\/\\\/schema.org\",\"@graph\":[{\"@type\":\"WebPage\",\"@id\":\"http:\\\/\\\/dafinoo.eu\\\/mirmar\\\/doprava\\\/\",\"url\":\"http:\\\/\\\/dafinoo.eu\\\/mirmar\\\/doprava\\\/\",\"name\":\"Doprava - MIR-MAR\",\"isPartOf\":{\"@id\":\"http:\\\/\\\/dafinoo.eu\\\/mirmar\\\/#website\"},\"datePublished\":\"2021-03-26T16:46:43+00:00\",\"dateModified\":\"2021-07-27T13:20:09+00:00\",\"breadcrumb\":{\"@id\":\"http:\\\/\\\/dafinoo.eu\\\/mirmar\\\/doprava\\\/#breadcrumb\"},\"inLanguage\":\"sk-SK\",\"potentialAction\":[{\"@type\":\"ReadAction\",\"target\":[\"http:\\\/\\\/dafinoo.eu\\\/mirmar\\\/doprava\\\/\"]}]},{\"@type\":\"BreadcrumbList\",\"@id\":\"http:\\\/\\\/dafinoo.eu\\\/mirmar\\\/doprava\\\/#breadcrumb\",\"itemListElement\":[{\"@type\":\"ListItem\",\"position\":1,\"name\":\"Domovsk\u00e1 str\u00e1nka\",\"item\":\"http:\\\/\\\/dafinoo.eu\\\/mirmar\\\/\"},{\"@type\":\"ListItem\",\"position\":2,\"name\":\"Doprava\"}]},{\"@type\":\"WebSite\",\"@id\":\"http:\\\/\\\/dafinoo.eu\\\/mirmar\\\/#website\",\"url\":\"http:\\\/\\\/dafinoo.eu\\\/mirmar\\\/\",\"name\":\"MIR-MAR\",\"description\":\"Eshop s n\u00e1rad\u00edm\",\"publisher\":{\"@id\":\"http:\\\/\\\/dafinoo.eu\\\/mirmar\\\/#organization\"},\"potentialAction\":[{\"@type\":\"SearchAction\",\"target\":{\"@type\":\"EntryPoint\",\"urlTemplate\":\"http:\\\/\\\/dafinoo.eu\\\/mirmar\\\/?s={search_term_string}\"},\"query-input\":{\"@type\":\"PropertyValueSpecification\",\"valueRequired\":true,\"valueName\":\"search_term_string\"}}],\"inLanguage\":\"sk-SK\"},{\"@type\":\"Organization\",\"@id\":\"http:\\\/\\\/dafinoo.eu\\\/mirmar\\\/#organization\",\"name\":\"MIR-MAR\",\"url\":\"http:\\\/\\\/dafinoo.eu\\\/mirmar\\\/\",\"logo\":{\"@type\":\"ImageObject\",\"inLanguage\":\"sk-SK\",\"@id\":\"http:\\\/\\\/dafinoo.eu\\\/mirmar\\\/#\\\/schema\\\/logo\\\/image\\\/\",\"url\":\"http:\\\/\\\/dafinoo.eu\\\/mirmar\\\/wp-content\\\/uploads\\\/2021\\\/03\\\/mirmar_logo.png\",\"contentUrl\":\"http:\\\/\\\/dafinoo.eu\\\/mirmar\\\/wp-content\\\/uploads\\\/2021\\\/03\\\/mirmar_logo.png\",\"width\":256,\"height\":60,\"caption\":\"MIR-MAR\"},\"image\":{\"@id\":\"http:\\\/\\\/dafinoo.eu\\\/mirmar\\\/#\\\/schema\\\/logo\\\/image\\\/\"},\"sameAs\":[\"https:\\\/\\\/facebook.com\\\/mirmareshop\"]}]}<\/script>\n<!-- \/ Yoast SEO plugin. -->","yoast_head_json":{"title":"Doprava - MIR-MAR","robots":{"index":"index","follow":"follow","max-snippet":"max-snippet:-1","max-image-preview":"max-image-preview:large","max-video-preview":"max-video-preview:-1"},"canonical":"http:\/\/dafinoo.eu\/mirmar\/doprava\/","og_locale":"sk_SK","og_type":"article","og_title":"Doprava - MIR-MAR","og_description":"[vc_row][vc_column][vc_column_text] V\u0161eobecn\u00e9 inform\u00e1cie o doprave z\u00e1sielok Sortiment internetov\u00e9ho obchodu www.mirmar.sk je distribuovan\u00fd zo skladu v Pre\u0161ove. Sortiment n\u00e1radia je nato\u013eko \u0161irok\u00fd, \u017ee nem\u00f4\u017eeme zabezpe\u010di\u0165 kompletn\u00fd sortiment skladom. V pr\u00edpade \u017ee tovar nie je skladom sa m\u00f4\u017ee doba dodania pred\u013a\u017ei\u0165 na nieko\u013eko dn\u00ed v z\u00e1vislosti na objedn\u00e1vke. \u0160tandardn\u00e1 doba doru\u010denia z\u00e1sielky na Slovensko ak je tovar [&hellip;]","og_url":"http:\/\/dafinoo.eu\/mirmar\/doprava\/","og_site_name":"MIR-MAR","article_publisher":"https:\/\/facebook.com\/mirmareshop","article_modified_time":"2021-07-27T13:20:09+00:00","og_image":[{"width":256,"height":60,"url":"http:\/\/dafinoo.eu\/mirmar\/wp-content\/uploads\/2021\/03\/mirmar_logo.png","type":"image\/png"}],"twitter_misc":{"Predpokladan\u00fd \u010das \u010d\u00edtania":"2 min\u00faty"},"schema":{"@context":"https:\/\/schema.org","@graph":[{"@type":"WebPage","@id":"http:\/\/dafinoo.eu\/mirmar\/doprava\/","url":"http:\/\/dafinoo.eu\/mirmar\/doprava\/","name":"Doprava - MIR-MAR","isPartOf":{"@id":"http:\/\/dafinoo.eu\/mirmar\/#website"},"datePublished":"2021-03-26T16:46:43+00:00","dateModified":"2021-07-27T13:20:09+00:00","breadcrumb":{"@id":"http:\/\/dafinoo.eu\/mirmar\/doprava\/#breadcrumb"},"inLanguage":"sk-SK","potentialAction":[{"@type":"ReadAction","target":["http:\/\/dafinoo.eu\/mirmar\/doprava\/"]}]},{"@type":"BreadcrumbList","@id":"http:\/\/dafinoo.eu\/mirmar\/doprava\/#breadcrumb","itemListElement":[{"@type":"ListItem","position":1,"name":"Domovsk\u00e1 str\u00e1nka","item":"http:\/\/dafinoo.eu\/mirmar\/"},{"@type":"ListItem","position":2,"name":"Doprava"}]},{"@type":"WebSite","@id":"http:\/\/dafinoo.eu\/mirmar\/#website","url":"http:\/\/dafinoo.eu\/mirmar\/","name":"MIR-MAR","description":"Eshop s n\u00e1rad\u00edm","publisher":{"@id":"http:\/\/dafinoo.eu\/mirmar\/#organization"},"potentialAction":[{"@type":"SearchAction","target":{"@type":"EntryPoint","urlTemplate":"http:\/\/dafinoo.eu\/mirmar\/?s={search_term_string}"},"query-input":{"@type":"PropertyValueSpecification","valueRequired":true,"valueName":"search_term_string"}}],"inLanguage":"sk-SK"},{"@type":"Organization","@id":"http:\/\/dafinoo.eu\/mirmar\/#organization","name":"MIR-MAR","url":"http:\/\/dafinoo.eu\/mirmar\/","logo":{"@type":"ImageObject","inLanguage":"sk-SK","@id":"http:\/\/dafinoo.eu\/mirmar\/#\/schema\/logo\/image\/","url":"http:\/\/dafinoo.eu\/mirmar\/wp-content\/uploads\/2021\/03\/mirmar_logo.png","contentUrl":"http:\/\/dafinoo.eu\/mirmar\/wp-content\/uploads\/2021\/03\/mirmar_logo.png","width":256,"height":60,"caption":"MIR-MAR"},"image":{"@id":"http:\/\/dafinoo.eu\/mirmar\/#\/schema\/logo\/image\/"},"sameAs":["https:\/\/facebook.com\/mirmareshop"]}]}},"_links":{"self":[{"href":"http:\/\/dafinoo.eu\/mirmar\/wp-json\/wp\/v2\/pages\/42501","targetHints":{"allow":["GET"]}}],"collection":[{"href":"http:\/\/dafinoo.eu\/mirmar\/wp-json\/wp\/v2\/pages"}],"about":[{"href":"http:\/\/dafinoo.eu\/mirmar\/wp-json\/wp\/v2\/types\/page"}],"author":[{"embeddable":true,"href":"http:\/\/dafinoo.eu\/mirmar\/wp-json\/wp\/v2\/users\/1"}],"replies":[{"embeddable":true,"href":"http:\/\/dafinoo.eu\/mirmar\/wp-json\/wp\/v2\/comments?post=42501"}],"version-history":[{"count":2,"href":"http:\/\/dafinoo.eu\/mirmar\/wp-json\/wp\/v2\/pages\/42501\/revisions"}],"predecessor-version":[{"id":42773,"href":"http:\/\/dafinoo.eu\/mirmar\/wp-json\/wp\/v2\/pages\/42501\/revisions\/42773"}],"wp:attachment":[{"href":"http:\/\/dafinoo.eu\/mirmar\/wp-json\/wp\/v2\/media?parent=42501"}],"curies":[{"name":"wp","href":"https:\/\/api.w.org\/{rel}","templated":true}]}}