{"id":42503,"date":"2021-03-26T17:47:10","date_gmt":"2021-03-26T16:47:10","guid":{"rendered":"http:\/\/dafinoo.eu\/mirmar\/?page_id=42503"},"modified":"2021-07-27T20:21:21","modified_gmt":"2021-07-27T18:21:21","slug":"platba","status":"publish","type":"page","link":"http:\/\/dafinoo.eu\/mirmar\/platba\/","title":{"rendered":"Platba"},"content":{"rendered":"<h3>Sp\u00f4soby platby:<\/h3>\n<p>Sp\u00f4sob platby si zvol\u00edte v z\u00e1vere objedn\u00e1vacieho procesu. Podporujeme nasleduj\u00face mo\u017enosti platenia za tovar:<\/p>\n<p><strong>Dobierkou<\/strong><\/p>\n<p>Platbu vykon\u00e1te priamo u kuri\u00e9ra pri prevzat\u00ed objednan\u00e9ho tovaru.<\/p>\n<p><strong>Bankov\u00fdm prevodom<\/strong><\/p>\n<ul>\n<li>Ihne\u010f ako odo\u0161lete objedn\u00e1vku, v\u00e1m e-mailom za\u0161leme jej potvrdenie.<\/li>\n<li>V\u00fdzvu k \u00fahrade objedn\u00e1vky obsahuj\u00facu sumu, \u010d\u00edslo \u00fa\u010dtu a variabiln\u00fd symbol, pod ktor\u00fdm m\u00e1te \u00fahradu vykona\u0165, obdr\u017e\u00edte e-mailom.<\/li>\n<li>Vami zaslan\u00e9 peniaze n\u00e1m bud\u00fa prip\u00edsan\u00e9 v priebehu 1-3 dn\u00ed po ich odoslan\u00ed. Ihne\u010f po prip\u00edsan\u00ed platby V\u00e1m tovar odo\u0161leme.<\/li>\n<\/ul>\n<p><strong>Platba kartou cez internet (cez slu\u017ebu Besteron)<\/strong><\/p>\n<p>Po vytvoren\u00ed objedn\u00e1vky je Kupuj\u00faci presmerovan\u00fd na bezpe\u010dn\u00fa platobn\u00fa br\u00e1nu banky, kde zad\u00e1 potrebn\u00e9 \u00fadaje.\u00a0Ak je transakcia autorizovan\u00e1, platba prebehne okam\u017eite a tovar odosielame najnesk\u00f4r nasleduj\u00faci pracovn\u00fd de\u0148.\u00a0Platobn\u00e9 \u00fadaje potrebn\u00e9 k realiz\u00e1cii platby zad\u00e1va Kupuj\u00faci priamo na podstr\u00e1nke banky, Pred\u00e1vaj\u00faci s \u00fadajmi o platobnej karte neprich\u00e1dza do kontaktu.<\/p>\n","protected":false},"excerpt":{"rendered":"<p>Sp\u00f4soby platby: Sp\u00f4sob platby si zvol\u00edte v z\u00e1vere objedn\u00e1vacieho procesu. Podporujeme nasleduj\u00face mo\u017enosti platenia za tovar: Dobierkou Platbu vykon\u00e1te priamo u kuri\u00e9ra pri prevzat\u00ed objednan\u00e9ho tovaru. Bankov\u00fdm prevodom Ihne\u010f ako odo\u0161lete objedn\u00e1vku, v\u00e1m e-mailom za\u0161leme jej potvrdenie. V\u00fdzvu k \u00fahrade objedn\u00e1vky obsahuj\u00facu sumu, \u010d\u00edslo \u00fa\u010dtu a variabiln\u00fd symbol, pod ktor\u00fdm m\u00e1te \u00fahradu vykona\u0165, obdr\u017e\u00edte e-mailom. [&hellip;]<\/p>\n","protected":false},"author":1,"featured_media":0,"parent":0,"menu_order":0,"comment_status":"closed","ping_status":"closed","template":"","meta":{"_lmt_disableupdate":"","_lmt_disable":"","footnotes":""},"class_list":["post-42503","page","type-page","status-publish","hentry"],"yoast_head":"<!-- This site is optimized with the Yoast SEO plugin v27.3 - https:\/\/yoast.com\/product\/yoast-seo-wordpress\/ -->\n<title>Platba - MIR-MAR<\/title>\n<meta name=\"robots\" content=\"index, follow, max-snippet:-1, max-image-preview:large, max-video-preview:-1\" \/>\n<link rel=\"canonical\" href=\"http:\/\/dafinoo.eu\/mirmar\/platba\/\" \/>\n<meta property=\"og:locale\" content=\"sk_SK\" \/>\n<meta property=\"og:type\" content=\"article\" \/>\n<meta property=\"og:title\" content=\"Platba - MIR-MAR\" \/>\n<meta property=\"og:description\" content=\"Sp\u00f4soby platby: Sp\u00f4sob platby si zvol\u00edte v z\u00e1vere objedn\u00e1vacieho procesu. Podporujeme nasleduj\u00face mo\u017enosti platenia za tovar: Dobierkou Platbu vykon\u00e1te priamo u kuri\u00e9ra pri prevzat\u00ed objednan\u00e9ho tovaru. Bankov\u00fdm prevodom Ihne\u010f ako odo\u0161lete objedn\u00e1vku, v\u00e1m e-mailom za\u0161leme jej potvrdenie. V\u00fdzvu k \u00fahrade objedn\u00e1vky obsahuj\u00facu sumu, \u010d\u00edslo \u00fa\u010dtu a variabiln\u00fd symbol, pod ktor\u00fdm m\u00e1te \u00fahradu vykona\u0165, obdr\u017e\u00edte e-mailom. [&hellip;]\" \/>\n<meta property=\"og:url\" content=\"http:\/\/dafinoo.eu\/mirmar\/platba\/\" \/>\n<meta property=\"og:site_name\" content=\"MIR-MAR\" \/>\n<meta property=\"article:publisher\" content=\"https:\/\/facebook.com\/mirmareshop\" \/>\n<meta property=\"article:modified_time\" content=\"2021-07-27T18:21:21+00:00\" \/>\n<meta property=\"og:image\" content=\"http:\/\/dafinoo.eu\/mirmar\/wp-content\/uploads\/2021\/03\/mirmar_logo.png\" \/>\n\t<meta property=\"og:image:width\" content=\"256\" \/>\n\t<meta property=\"og:image:height\" content=\"60\" \/>\n\t<meta property=\"og:image:type\" content=\"image\/png\" \/>\n<meta name=\"twitter:label1\" content=\"Predpokladan\u00fd \u010das \u010d\u00edtania\" \/>\n\t<meta name=\"twitter:data1\" content=\"1 min\u00fata\" \/>\n<script type=\"application\/ld+json\" class=\"yoast-schema-graph\">{\"@context\":\"https:\\\/\\\/schema.org\",\"@graph\":[{\"@type\":\"WebPage\",\"@id\":\"http:\\\/\\\/dafinoo.eu\\\/mirmar\\\/platba\\\/\",\"url\":\"http:\\\/\\\/dafinoo.eu\\\/mirmar\\\/platba\\\/\",\"name\":\"Platba - MIR-MAR\",\"isPartOf\":{\"@id\":\"http:\\\/\\\/dafinoo.eu\\\/mirmar\\\/#website\"},\"datePublished\":\"2021-03-26T16:47:10+00:00\",\"dateModified\":\"2021-07-27T18:21:21+00:00\",\"breadcrumb\":{\"@id\":\"http:\\\/\\\/dafinoo.eu\\\/mirmar\\\/platba\\\/#breadcrumb\"},\"inLanguage\":\"sk-SK\",\"potentialAction\":[{\"@type\":\"ReadAction\",\"target\":[\"http:\\\/\\\/dafinoo.eu\\\/mirmar\\\/platba\\\/\"]}]},{\"@type\":\"BreadcrumbList\",\"@id\":\"http:\\\/\\\/dafinoo.eu\\\/mirmar\\\/platba\\\/#breadcrumb\",\"itemListElement\":[{\"@type\":\"ListItem\",\"position\":1,\"name\":\"Domovsk\u00e1 str\u00e1nka\",\"item\":\"http:\\\/\\\/dafinoo.eu\\\/mirmar\\\/\"},{\"@type\":\"ListItem\",\"position\":2,\"name\":\"Platba\"}]},{\"@type\":\"WebSite\",\"@id\":\"http:\\\/\\\/dafinoo.eu\\\/mirmar\\\/#website\",\"url\":\"http:\\\/\\\/dafinoo.eu\\\/mirmar\\\/\",\"name\":\"MIR-MAR\",\"description\":\"Eshop s n\u00e1rad\u00edm\",\"publisher\":{\"@id\":\"http:\\\/\\\/dafinoo.eu\\\/mirmar\\\/#organization\"},\"potentialAction\":[{\"@type\":\"SearchAction\",\"target\":{\"@type\":\"EntryPoint\",\"urlTemplate\":\"http:\\\/\\\/dafinoo.eu\\\/mirmar\\\/?s={search_term_string}\"},\"query-input\":{\"@type\":\"PropertyValueSpecification\",\"valueRequired\":true,\"valueName\":\"search_term_string\"}}],\"inLanguage\":\"sk-SK\"},{\"@type\":\"Organization\",\"@id\":\"http:\\\/\\\/dafinoo.eu\\\/mirmar\\\/#organization\",\"name\":\"MIR-MAR\",\"url\":\"http:\\\/\\\/dafinoo.eu\\\/mirmar\\\/\",\"logo\":{\"@type\":\"ImageObject\",\"inLanguage\":\"sk-SK\",\"@id\":\"http:\\\/\\\/dafinoo.eu\\\/mirmar\\\/#\\\/schema\\\/logo\\\/image\\\/\",\"url\":\"http:\\\/\\\/dafinoo.eu\\\/mirmar\\\/wp-content\\\/uploads\\\/2021\\\/03\\\/mirmar_logo.png\",\"contentUrl\":\"http:\\\/\\\/dafinoo.eu\\\/mirmar\\\/wp-content\\\/uploads\\\/2021\\\/03\\\/mirmar_logo.png\",\"width\":256,\"height\":60,\"caption\":\"MIR-MAR\"},\"image\":{\"@id\":\"http:\\\/\\\/dafinoo.eu\\\/mirmar\\\/#\\\/schema\\\/logo\\\/image\\\/\"},\"sameAs\":[\"https:\\\/\\\/facebook.com\\\/mirmareshop\"]}]}<\/script>\n<!-- \/ Yoast SEO plugin. -->","yoast_head_json":{"title":"Platba - MIR-MAR","robots":{"index":"index","follow":"follow","max-snippet":"max-snippet:-1","max-image-preview":"max-image-preview:large","max-video-preview":"max-video-preview:-1"},"canonical":"http:\/\/dafinoo.eu\/mirmar\/platba\/","og_locale":"sk_SK","og_type":"article","og_title":"Platba - MIR-MAR","og_description":"Sp\u00f4soby platby: Sp\u00f4sob platby si zvol\u00edte v z\u00e1vere objedn\u00e1vacieho procesu. Podporujeme nasleduj\u00face mo\u017enosti platenia za tovar: Dobierkou Platbu vykon\u00e1te priamo u kuri\u00e9ra pri prevzat\u00ed objednan\u00e9ho tovaru. Bankov\u00fdm prevodom Ihne\u010f ako odo\u0161lete objedn\u00e1vku, v\u00e1m e-mailom za\u0161leme jej potvrdenie. V\u00fdzvu k \u00fahrade objedn\u00e1vky obsahuj\u00facu sumu, \u010d\u00edslo \u00fa\u010dtu a variabiln\u00fd symbol, pod ktor\u00fdm m\u00e1te \u00fahradu vykona\u0165, obdr\u017e\u00edte e-mailom. [&hellip;]","og_url":"http:\/\/dafinoo.eu\/mirmar\/platba\/","og_site_name":"MIR-MAR","article_publisher":"https:\/\/facebook.com\/mirmareshop","article_modified_time":"2021-07-27T18:21:21+00:00","og_image":[{"width":256,"height":60,"url":"http:\/\/dafinoo.eu\/mirmar\/wp-content\/uploads\/2021\/03\/mirmar_logo.png","type":"image\/png"}],"twitter_misc":{"Predpokladan\u00fd \u010das \u010d\u00edtania":"1 min\u00fata"},"schema":{"@context":"https:\/\/schema.org","@graph":[{"@type":"WebPage","@id":"http:\/\/dafinoo.eu\/mirmar\/platba\/","url":"http:\/\/dafinoo.eu\/mirmar\/platba\/","name":"Platba - MIR-MAR","isPartOf":{"@id":"http:\/\/dafinoo.eu\/mirmar\/#website"},"datePublished":"2021-03-26T16:47:10+00:00","dateModified":"2021-07-27T18:21:21+00:00","breadcrumb":{"@id":"http:\/\/dafinoo.eu\/mirmar\/platba\/#breadcrumb"},"inLanguage":"sk-SK","potentialAction":[{"@type":"ReadAction","target":["http:\/\/dafinoo.eu\/mirmar\/platba\/"]}]},{"@type":"BreadcrumbList","@id":"http:\/\/dafinoo.eu\/mirmar\/platba\/#breadcrumb","itemListElement":[{"@type":"ListItem","position":1,"name":"Domovsk\u00e1 str\u00e1nka","item":"http:\/\/dafinoo.eu\/mirmar\/"},{"@type":"ListItem","position":2,"name":"Platba"}]},{"@type":"WebSite","@id":"http:\/\/dafinoo.eu\/mirmar\/#website","url":"http:\/\/dafinoo.eu\/mirmar\/","name":"MIR-MAR","description":"Eshop s n\u00e1rad\u00edm","publisher":{"@id":"http:\/\/dafinoo.eu\/mirmar\/#organization"},"potentialAction":[{"@type":"SearchAction","target":{"@type":"EntryPoint","urlTemplate":"http:\/\/dafinoo.eu\/mirmar\/?s={search_term_string}"},"query-input":{"@type":"PropertyValueSpecification","valueRequired":true,"valueName":"search_term_string"}}],"inLanguage":"sk-SK"},{"@type":"Organization","@id":"http:\/\/dafinoo.eu\/mirmar\/#organization","name":"MIR-MAR","url":"http:\/\/dafinoo.eu\/mirmar\/","logo":{"@type":"ImageObject","inLanguage":"sk-SK","@id":"http:\/\/dafinoo.eu\/mirmar\/#\/schema\/logo\/image\/","url":"http:\/\/dafinoo.eu\/mirmar\/wp-content\/uploads\/2021\/03\/mirmar_logo.png","contentUrl":"http:\/\/dafinoo.eu\/mirmar\/wp-content\/uploads\/2021\/03\/mirmar_logo.png","width":256,"height":60,"caption":"MIR-MAR"},"image":{"@id":"http:\/\/dafinoo.eu\/mirmar\/#\/schema\/logo\/image\/"},"sameAs":["https:\/\/facebook.com\/mirmareshop"]}]}},"_links":{"self":[{"href":"http:\/\/dafinoo.eu\/mirmar\/wp-json\/wp\/v2\/pages\/42503","targetHints":{"allow":["GET"]}}],"collection":[{"href":"http:\/\/dafinoo.eu\/mirmar\/wp-json\/wp\/v2\/pages"}],"about":[{"href":"http:\/\/dafinoo.eu\/mirmar\/wp-json\/wp\/v2\/types\/page"}],"author":[{"embeddable":true,"href":"http:\/\/dafinoo.eu\/mirmar\/wp-json\/wp\/v2\/users\/1"}],"replies":[{"embeddable":true,"href":"http:\/\/dafinoo.eu\/mirmar\/wp-json\/wp\/v2\/comments?post=42503"}],"version-history":[{"count":3,"href":"http:\/\/dafinoo.eu\/mirmar\/wp-json\/wp\/v2\/pages\/42503\/revisions"}],"predecessor-version":[{"id":42776,"href":"http:\/\/dafinoo.eu\/mirmar\/wp-json\/wp\/v2\/pages\/42503\/revisions\/42776"}],"wp:attachment":[{"href":"http:\/\/dafinoo.eu\/mirmar\/wp-json\/wp\/v2\/media?parent=42503"}],"curies":[{"name":"wp","href":"https:\/\/api.w.org\/{rel}","templated":true}]}}