{"id":35684,"date":"2021-03-15T17:20:50","date_gmt":"2021-03-15T16:20:50","guid":{"rendered":"http:\/\/dafinoo.eu\/mirmar\/product\/vrtacie-kladivo-sds-plus-s-funkciou-avt-a-s-antivibracnou-rukovatou-hr3210fct-makita\/"},"modified":"2021-06-29T21:31:32","modified_gmt":"2021-06-29T19:31:32","slug":"vrtacie-kladivo-sds-plus-s-funkciou-avt-a-s-antivibracnou-rukovatou-hr3210fct-makita","status":"publish","type":"product","link":"http:\/\/dafinoo.eu\/mirmar\/obchod\/vrtacie-kladivo-sds-plus-s-funkciou-avt-a-s-antivibracnou-rukovatou-hr3210fct-makita\/","title":{"rendered":"v\u0155tacie kladivo SDS-PLUS s funkciou AVT a s antivibra\u010dnou rukov\u00e4\u0165ou HR3210FCT Makita"},"content":{"rendered":"<ul class=\"list-icon mb-4\">\n<li>S funkiou AVT a antivibra\u010dnou rukov&auml;\u0165ou pre tlmenie n&aacute;razov<\/li>\n<li>V&yacute;mena hlavice SDS-PLUS a r&yacute;chloup&iacute;nacieho sk\u013eu\u010dovadla bez pou\u017eitia n&aacute;radia<\/li>\n<li>LED osvetlenie pracovnej plochy s funkciou dosvitu<\/li>\n<li>Nov&eacute; umiestnenie prep&iacute;na\u010da re\u017eimov &#8211; v\u0155tanie, v\u0155tanie s pr&iacute;klepom a sekanie<\/li>\n<li>Variabiln&eacute; ovl&aacute;danie r&yacute;chlosti a plynul&yacute; rozbeh<\/li>\n<li>Presn&eacute; nastavenie frekvencie pr&iacute;klepu a ot&aacute;\u010dok<\/li>\n<li>Indik&aacute;cia v&yacute;meny uhl&iacute;kov<\/li>\n<li>V&yacute;stra\u017en&eacute; svetlo signalizuje probl&eacute;m s k&aacute;blom alebo vyp&iacute;na\u010dom.<\/li>\n<li>24-polohov&eacute; nastavenie n&aacute;stroja<\/li>\n<li>Bez pr&iacute;klepu po\u010das vo\u013enobehu a obmedzova\u010d pr&uacute;du<\/li>\n<\/ul>\n","protected":false},"excerpt":{"rendered":"<table class=\"table table-striped\">\n<tbody>\n<tr>\n<td>Up&iacute;nanie \/ ve\u013ekos\u0165 vrt&aacute;ka<\/td>\n<td>Up&iacute;nanie SDS-PLUS<\/td>\n<\/tr>\n<tr>\n<td>Pr&iacute;kon<\/td>\n<td>850 W<\/td>\n<\/tr>\n<tr>\n<td>Vo\u013enobe\u017en&eacute; ot&aacute;\u010dky<\/td>\n<td>315 &#8211; 630 min<sup>-1<\/sup><\/td>\n<\/tr>\n<tr>\n<td>Po\u010det &uacute;derov naprazdno<\/td>\n<td>1.650 &#8211; 3.300 min<sup>-1<\/sup><\/td>\n<\/tr>\n<tr>\n<td>Sila jednotliv&eacute;ho pr&iacute;klepu<\/td>\n<td>4,9 J<\/td>\n<\/tr>\n<tr>\n<td>Max. v\u0155tac&iacute; v&yacute;kon (vrt&aacute;k)<\/td>\n<td>32 mm<\/td>\n<\/tr>\n<tr>\n<td>Max. v\u0155tac&iacute; v&yacute;kon (korunka)<\/td>\n<td>90 mm<\/td>\n<\/tr>\n<tr>\n<td>Hmotnos\u0165<\/td>\n<td>5,4 kg<\/td>\n<\/tr>\n<tr>\n<td>Rozmery (D x &Scaron; x V)<\/td>\n<td>424 x 114 x 239 mm<\/td>\n<\/tr>\n<\/tbody>\n<\/table>\n","protected":false},"featured_media":35685,"comment_status":"closed","ping_status":"open","template":"","meta":{"_lmt_disableupdate":"","_lmt_disable":""},"product_cat":[3053,3051,3052],"product_tag":[],"class_list":{"0":"post-35684","1":"product","2":"type-product","3":"status-publish","4":"has-post-thumbnail","6":"product_cat-vrtacie-kladiva-sds-plus","7":"product_cat-makita","8":"product_cat-vrtacie-a-buracie-kladiva","9":"ts_product_brand-makita","11":"first","12":"instock","13":"taxable","14":"shipping-taxable","15":"purchasable","16":"product-type-simple"},"yoast_head":"<!-- This site is optimized with the Yoast SEO plugin v27.3 - https:\/\/yoast.com\/product\/yoast-seo-wordpress\/ -->\n<title>v\u0155tacie kladivo SDS-PLUS s funkciou AVT a s antivibra\u010dnou rukov\u00e4\u0165ou HR3210FCT Makita - MIR-MAR<\/title>\n<meta name=\"robots\" content=\"index, follow, max-snippet:-1, max-image-preview:large, max-video-preview:-1\" \/>\n<link rel=\"canonical\" href=\"http:\/\/dafinoo.eu\/mirmar\/obchod\/vrtacie-kladivo-sds-plus-s-funkciou-avt-a-s-antivibracnou-rukovatou-hr3210fct-makita\/\" \/>\n<meta property=\"og:locale\" content=\"sk_SK\" \/>\n<meta property=\"og:type\" content=\"article\" \/>\n<meta property=\"og:title\" content=\"v\u0155tacie kladivo SDS-PLUS s funkciou AVT a s antivibra\u010dnou rukov\u00e4\u0165ou HR3210FCT Makita - MIR-MAR\" \/>\n<meta property=\"og:description\" content=\"Up&iacute;nanie \/ ve\u013ekos\u0165 vrt&aacute;ka Up&iacute;nanie SDS-PLUS  Pr&iacute;kon 850 W  Vo\u013enobe\u017en&eacute; ot&aacute;\u010dky 315 - 630 min-1  Po\u010det &uacute;derov naprazdno 1.650 - 3.300 min-1  Sila jednotliv&eacute;ho pr&iacute;klepu 4,9 J  Max. v\u0155tac&iacute; v&yacute;kon (vrt&aacute;k) 32 mm  Max. v\u0155tac&iacute; v&yacute;kon (korunka) 90 mm  Hmotnos\u0165 5,4 kg  Rozmery (D x &Scaron; x V) 424 x 114 x 239 mm\" \/>\n<meta property=\"og:url\" content=\"http:\/\/dafinoo.eu\/mirmar\/obchod\/vrtacie-kladivo-sds-plus-s-funkciou-avt-a-s-antivibracnou-rukovatou-hr3210fct-makita\/\" \/>\n<meta property=\"og:site_name\" content=\"MIR-MAR\" \/>\n<meta property=\"article:publisher\" content=\"https:\/\/facebook.com\/mirmareshop\" \/>\n<meta property=\"article:modified_time\" content=\"2021-06-29T19:31:32+00:00\" \/>\n<meta property=\"og:image\" content=\"https:\/\/i1.wp.com\/www.mirmar.sk\/wp-content\/uploads\/2021\/03\/hr3210fct_1.jpg?fit=225%2C225&ssl=1\" \/>\n\t<meta property=\"og:image:width\" content=\"225\" \/>\n\t<meta property=\"og:image:height\" content=\"225\" \/>\n\t<meta property=\"og:image:type\" content=\"image\/jpeg\" \/>\n<meta name=\"twitter:label1\" content=\"Predpokladan\u00fd \u010das \u010d\u00edtania\" \/>\n\t<meta name=\"twitter:data1\" content=\"1 min\u00fata\" \/>\n<script type=\"application\/ld+json\" class=\"yoast-schema-graph\">{\"@context\":\"https:\\\/\\\/schema.org\",\"@graph\":[{\"@type\":\"WebPage\",\"@id\":\"http:\\\/\\\/dafinoo.eu\\\/mirmar\\\/obchod\\\/vrtacie-kladivo-sds-plus-s-funkciou-avt-a-s-antivibracnou-rukovatou-hr3210fct-makita\\\/\",\"url\":\"http:\\\/\\\/dafinoo.eu\\\/mirmar\\\/obchod\\\/vrtacie-kladivo-sds-plus-s-funkciou-avt-a-s-antivibracnou-rukovatou-hr3210fct-makita\\\/\",\"name\":\"v\u0155tacie kladivo SDS-PLUS s funkciou AVT a s antivibra\u010dnou rukov\u00e4\u0165ou HR3210FCT Makita - MIR-MAR\",\"isPartOf\":{\"@id\":\"http:\\\/\\\/dafinoo.eu\\\/mirmar\\\/#website\"},\"primaryImageOfPage\":{\"@id\":\"http:\\\/\\\/dafinoo.eu\\\/mirmar\\\/obchod\\\/vrtacie-kladivo-sds-plus-s-funkciou-avt-a-s-antivibracnou-rukovatou-hr3210fct-makita\\\/#primaryimage\"},\"image\":{\"@id\":\"http:\\\/\\\/dafinoo.eu\\\/mirmar\\\/obchod\\\/vrtacie-kladivo-sds-plus-s-funkciou-avt-a-s-antivibracnou-rukovatou-hr3210fct-makita\\\/#primaryimage\"},\"thumbnailUrl\":\"http:\\\/\\\/dafinoo.eu\\\/mirmar\\\/wp-content\\\/uploads\\\/2021\\\/03\\\/hr3210fct_1.jpg\",\"datePublished\":\"2021-03-15T16:20:50+00:00\",\"dateModified\":\"2021-06-29T19:31:32+00:00\",\"breadcrumb\":{\"@id\":\"http:\\\/\\\/dafinoo.eu\\\/mirmar\\\/obchod\\\/vrtacie-kladivo-sds-plus-s-funkciou-avt-a-s-antivibracnou-rukovatou-hr3210fct-makita\\\/#breadcrumb\"},\"inLanguage\":\"sk-SK\",\"potentialAction\":[{\"@type\":\"ReadAction\",\"target\":[\"http:\\\/\\\/dafinoo.eu\\\/mirmar\\\/obchod\\\/vrtacie-kladivo-sds-plus-s-funkciou-avt-a-s-antivibracnou-rukovatou-hr3210fct-makita\\\/\"]}]},{\"@type\":\"ImageObject\",\"inLanguage\":\"sk-SK\",\"@id\":\"http:\\\/\\\/dafinoo.eu\\\/mirmar\\\/obchod\\\/vrtacie-kladivo-sds-plus-s-funkciou-avt-a-s-antivibracnou-rukovatou-hr3210fct-makita\\\/#primaryimage\",\"url\":\"http:\\\/\\\/dafinoo.eu\\\/mirmar\\\/wp-content\\\/uploads\\\/2021\\\/03\\\/hr3210fct_1.jpg\",\"contentUrl\":\"http:\\\/\\\/dafinoo.eu\\\/mirmar\\\/wp-content\\\/uploads\\\/2021\\\/03\\\/hr3210fct_1.jpg\",\"width\":225,\"height\":225},{\"@type\":\"BreadcrumbList\",\"@id\":\"http:\\\/\\\/dafinoo.eu\\\/mirmar\\\/obchod\\\/vrtacie-kladivo-sds-plus-s-funkciou-avt-a-s-antivibracnou-rukovatou-hr3210fct-makita\\\/#breadcrumb\",\"itemListElement\":[{\"@type\":\"ListItem\",\"position\":1,\"name\":\"Domovsk\u00e1 str\u00e1nka\",\"item\":\"http:\\\/\\\/dafinoo.eu\\\/mirmar\\\/\"},{\"@type\":\"ListItem\",\"position\":2,\"name\":\"Obchod\",\"item\":\"http:\\\/\\\/dafinoo.eu\\\/mirmar\\\/obchod\\\/\"},{\"@type\":\"ListItem\",\"position\":3,\"name\":\"v\u0155tacie kladivo SDS-PLUS s funkciou AVT a s antivibra\u010dnou rukov\u00e4\u0165ou HR3210FCT Makita\"}]},{\"@type\":\"WebSite\",\"@id\":\"http:\\\/\\\/dafinoo.eu\\\/mirmar\\\/#website\",\"url\":\"http:\\\/\\\/dafinoo.eu\\\/mirmar\\\/\",\"name\":\"MIR-MAR\",\"description\":\"Eshop s n\u00e1rad\u00edm\",\"publisher\":{\"@id\":\"http:\\\/\\\/dafinoo.eu\\\/mirmar\\\/#organization\"},\"potentialAction\":[{\"@type\":\"SearchAction\",\"target\":{\"@type\":\"EntryPoint\",\"urlTemplate\":\"http:\\\/\\\/dafinoo.eu\\\/mirmar\\\/?s={search_term_string}\"},\"query-input\":{\"@type\":\"PropertyValueSpecification\",\"valueRequired\":true,\"valueName\":\"search_term_string\"}}],\"inLanguage\":\"sk-SK\"},{\"@type\":\"Organization\",\"@id\":\"http:\\\/\\\/dafinoo.eu\\\/mirmar\\\/#organization\",\"name\":\"MIR-MAR\",\"url\":\"http:\\\/\\\/dafinoo.eu\\\/mirmar\\\/\",\"logo\":{\"@type\":\"ImageObject\",\"inLanguage\":\"sk-SK\",\"@id\":\"http:\\\/\\\/dafinoo.eu\\\/mirmar\\\/#\\\/schema\\\/logo\\\/image\\\/\",\"url\":\"http:\\\/\\\/dafinoo.eu\\\/mirmar\\\/wp-content\\\/uploads\\\/2021\\\/03\\\/mirmar_logo.png\",\"contentUrl\":\"http:\\\/\\\/dafinoo.eu\\\/mirmar\\\/wp-content\\\/uploads\\\/2021\\\/03\\\/mirmar_logo.png\",\"width\":256,\"height\":60,\"caption\":\"MIR-MAR\"},\"image\":{\"@id\":\"http:\\\/\\\/dafinoo.eu\\\/mirmar\\\/#\\\/schema\\\/logo\\\/image\\\/\"},\"sameAs\":[\"https:\\\/\\\/facebook.com\\\/mirmareshop\"]}]}<\/script>\n<!-- \/ Yoast SEO plugin. -->","yoast_head_json":{"title":"v\u0155tacie kladivo SDS-PLUS s funkciou AVT a s antivibra\u010dnou rukov\u00e4\u0165ou HR3210FCT Makita - MIR-MAR","robots":{"index":"index","follow":"follow","max-snippet":"max-snippet:-1","max-image-preview":"max-image-preview:large","max-video-preview":"max-video-preview:-1"},"canonical":"http:\/\/dafinoo.eu\/mirmar\/obchod\/vrtacie-kladivo-sds-plus-s-funkciou-avt-a-s-antivibracnou-rukovatou-hr3210fct-makita\/","og_locale":"sk_SK","og_type":"article","og_title":"v\u0155tacie kladivo SDS-PLUS s funkciou AVT a s antivibra\u010dnou rukov\u00e4\u0165ou HR3210FCT Makita - MIR-MAR","og_description":"Up&iacute;nanie \/ ve\u013ekos\u0165 vrt&aacute;ka Up&iacute;nanie SDS-PLUS  Pr&iacute;kon 850 W  Vo\u013enobe\u017en&eacute; ot&aacute;\u010dky 315 - 630 min-1  Po\u010det &uacute;derov naprazdno 1.650 - 3.300 min-1  Sila jednotliv&eacute;ho pr&iacute;klepu 4,9 J  Max. v\u0155tac&iacute; v&yacute;kon (vrt&aacute;k) 32 mm  Max. v\u0155tac&iacute; v&yacute;kon (korunka) 90 mm  Hmotnos\u0165 5,4 kg  Rozmery (D x &Scaron; x V) 424 x 114 x 239 mm","og_url":"http:\/\/dafinoo.eu\/mirmar\/obchod\/vrtacie-kladivo-sds-plus-s-funkciou-avt-a-s-antivibracnou-rukovatou-hr3210fct-makita\/","og_site_name":"MIR-MAR","article_publisher":"https:\/\/facebook.com\/mirmareshop","article_modified_time":"2021-06-29T19:31:32+00:00","og_image":[{"width":225,"height":225,"url":"https:\/\/i1.wp.com\/www.mirmar.sk\/wp-content\/uploads\/2021\/03\/hr3210fct_1.jpg?fit=225%2C225&ssl=1","type":"image\/jpeg"}],"twitter_misc":{"Predpokladan\u00fd \u010das \u010d\u00edtania":"1 min\u00fata"},"schema":{"@context":"https:\/\/schema.org","@graph":[{"@type":"WebPage","@id":"http:\/\/dafinoo.eu\/mirmar\/obchod\/vrtacie-kladivo-sds-plus-s-funkciou-avt-a-s-antivibracnou-rukovatou-hr3210fct-makita\/","url":"http:\/\/dafinoo.eu\/mirmar\/obchod\/vrtacie-kladivo-sds-plus-s-funkciou-avt-a-s-antivibracnou-rukovatou-hr3210fct-makita\/","name":"v\u0155tacie kladivo SDS-PLUS s funkciou AVT a s antivibra\u010dnou rukov\u00e4\u0165ou HR3210FCT Makita - MIR-MAR","isPartOf":{"@id":"http:\/\/dafinoo.eu\/mirmar\/#website"},"primaryImageOfPage":{"@id":"http:\/\/dafinoo.eu\/mirmar\/obchod\/vrtacie-kladivo-sds-plus-s-funkciou-avt-a-s-antivibracnou-rukovatou-hr3210fct-makita\/#primaryimage"},"image":{"@id":"http:\/\/dafinoo.eu\/mirmar\/obchod\/vrtacie-kladivo-sds-plus-s-funkciou-avt-a-s-antivibracnou-rukovatou-hr3210fct-makita\/#primaryimage"},"thumbnailUrl":"http:\/\/dafinoo.eu\/mirmar\/wp-content\/uploads\/2021\/03\/hr3210fct_1.jpg","datePublished":"2021-03-15T16:20:50+00:00","dateModified":"2021-06-29T19:31:32+00:00","breadcrumb":{"@id":"http:\/\/dafinoo.eu\/mirmar\/obchod\/vrtacie-kladivo-sds-plus-s-funkciou-avt-a-s-antivibracnou-rukovatou-hr3210fct-makita\/#breadcrumb"},"inLanguage":"sk-SK","potentialAction":[{"@type":"ReadAction","target":["http:\/\/dafinoo.eu\/mirmar\/obchod\/vrtacie-kladivo-sds-plus-s-funkciou-avt-a-s-antivibracnou-rukovatou-hr3210fct-makita\/"]}]},{"@type":"ImageObject","inLanguage":"sk-SK","@id":"http:\/\/dafinoo.eu\/mirmar\/obchod\/vrtacie-kladivo-sds-plus-s-funkciou-avt-a-s-antivibracnou-rukovatou-hr3210fct-makita\/#primaryimage","url":"http:\/\/dafinoo.eu\/mirmar\/wp-content\/uploads\/2021\/03\/hr3210fct_1.jpg","contentUrl":"http:\/\/dafinoo.eu\/mirmar\/wp-content\/uploads\/2021\/03\/hr3210fct_1.jpg","width":225,"height":225},{"@type":"BreadcrumbList","@id":"http:\/\/dafinoo.eu\/mirmar\/obchod\/vrtacie-kladivo-sds-plus-s-funkciou-avt-a-s-antivibracnou-rukovatou-hr3210fct-makita\/#breadcrumb","itemListElement":[{"@type":"ListItem","position":1,"name":"Domovsk\u00e1 str\u00e1nka","item":"http:\/\/dafinoo.eu\/mirmar\/"},{"@type":"ListItem","position":2,"name":"Obchod","item":"http:\/\/dafinoo.eu\/mirmar\/obchod\/"},{"@type":"ListItem","position":3,"name":"v\u0155tacie kladivo SDS-PLUS s funkciou AVT a s antivibra\u010dnou rukov\u00e4\u0165ou HR3210FCT Makita"}]},{"@type":"WebSite","@id":"http:\/\/dafinoo.eu\/mirmar\/#website","url":"http:\/\/dafinoo.eu\/mirmar\/","name":"MIR-MAR","description":"Eshop s n\u00e1rad\u00edm","publisher":{"@id":"http:\/\/dafinoo.eu\/mirmar\/#organization"},"potentialAction":[{"@type":"SearchAction","target":{"@type":"EntryPoint","urlTemplate":"http:\/\/dafinoo.eu\/mirmar\/?s={search_term_string}"},"query-input":{"@type":"PropertyValueSpecification","valueRequired":true,"valueName":"search_term_string"}}],"inLanguage":"sk-SK"},{"@type":"Organization","@id":"http:\/\/dafinoo.eu\/mirmar\/#organization","name":"MIR-MAR","url":"http:\/\/dafinoo.eu\/mirmar\/","logo":{"@type":"ImageObject","inLanguage":"sk-SK","@id":"http:\/\/dafinoo.eu\/mirmar\/#\/schema\/logo\/image\/","url":"http:\/\/dafinoo.eu\/mirmar\/wp-content\/uploads\/2021\/03\/mirmar_logo.png","contentUrl":"http:\/\/dafinoo.eu\/mirmar\/wp-content\/uploads\/2021\/03\/mirmar_logo.png","width":256,"height":60,"caption":"MIR-MAR"},"image":{"@id":"http:\/\/dafinoo.eu\/mirmar\/#\/schema\/logo\/image\/"},"sameAs":["https:\/\/facebook.com\/mirmareshop"]}]}},"_links":{"self":[{"href":"http:\/\/dafinoo.eu\/mirmar\/wp-json\/wp\/v2\/product\/35684","targetHints":{"allow":["GET"]}}],"collection":[{"href":"http:\/\/dafinoo.eu\/mirmar\/wp-json\/wp\/v2\/product"}],"about":[{"href":"http:\/\/dafinoo.eu\/mirmar\/wp-json\/wp\/v2\/types\/product"}],"replies":[{"embeddable":true,"href":"http:\/\/dafinoo.eu\/mirmar\/wp-json\/wp\/v2\/comments?post=35684"}],"wp:featuredmedia":[{"embeddable":true,"href":"http:\/\/dafinoo.eu\/mirmar\/wp-json\/wp\/v2\/media\/35685"}],"wp:attachment":[{"href":"http:\/\/dafinoo.eu\/mirmar\/wp-json\/wp\/v2\/media?parent=35684"}],"wp:term":[{"taxonomy":"product_cat","embeddable":true,"href":"http:\/\/dafinoo.eu\/mirmar\/wp-json\/wp\/v2\/product_cat?post=35684"},{"taxonomy":"product_tag","embeddable":true,"href":"http:\/\/dafinoo.eu\/mirmar\/wp-json\/wp\/v2\/product_tag?post=35684"}],"curies":[{"name":"wp","href":"https:\/\/api.w.org\/{rel}","templated":true}]}}