{"id":35720,"date":"2021-03-15T17:20:58","date_gmt":"2021-03-15T16:20:58","guid":{"rendered":"http:\/\/dafinoo.eu\/mirmar\/product\/elektronicka-priklepova-vrtacka-dodavana-v-kufriku-hp1630k\/"},"modified":"2021-04-21T15:14:50","modified_gmt":"2021-04-21T13:14:50","slug":"elektronicka-priklepova-vrtacka-dodavana-v-kufriku-hp1630k","status":"publish","type":"product","link":"http:\/\/dafinoo.eu\/mirmar\/obchod\/elektronicka-priklepova-vrtacka-dodavana-v-kufriku-hp1630k\/","title":{"rendered":"Makita elektronick\u00e1 pr\u00edklepov\u00e1 v\u0155ta\u010dka dod\u00e1van\u00e1 v kufr\u00edku HP1630K"},"content":{"rendered":"<ul class=\"list-icon mb-4\">\n<li>V&yacute;konn&yacute; 710 W motor<\/li>\n<li>V\u0155tanie, pr&iacute;klepov&eacute; v\u0155tanie a skrutkovanie<\/li>\n<li>Hlin&iacute;kov&eacute; p&uacute;zdro prevodovky a p&uacute;zdro motora vo valcovitej forme pre najn&aacute;ro\u010dnej&scaron;ie pr&aacute;ce<\/li>\n<li>Zmena ot&aacute;\u010dania dopredu\/dozadu s elektronick&yacute;m ovl&aacute;dan&iacute;m a areta\u010dn&yacute;m tla\u010didlom pre nepretr\u017eit&uacute; prev&aacute;dzku<\/li>\n<li>Ergonomicky tvarovan&aacute; pogumovan&aacute; rukov&auml;\u0165<\/li>\n<li>Sk\u013eu\u010dovadlo s k\u013e&uacute;\u010dom<\/li>\n<li>Dod&aacute;van&eacute; v plastovom kufri<\/li>\n<\/ul>\n","protected":false},"excerpt":{"rendered":"<table class=\"table table-striped\">\n<tbody>\n<tr>\n<td>Pr&iacute;kon<\/td>\n<td>710 W<\/td>\n<\/tr>\n<tr>\n<td>Vo\u013enobe\u017en&eacute; ot&aacute;\u010dky<\/td>\n<td>0 &#8211; 3.200 min<sup>-1<\/sup><\/td>\n<\/tr>\n<tr>\n<td>Po\u010det &uacute;derov naprazdno<\/td>\n<td>0 &#8211; 48.000 min<sup>-1<\/sup><\/td>\n<\/tr>\n<tr>\n<td>Max. v\u0155tac&iacute; v&yacute;kon &#8211; oce\u013e|bet&oacute;n|drevo<\/td>\n<td>13\/16\/30 mm<\/td>\n<\/tr>\n<tr>\n<td>Up&iacute;nac&iacute; rozsah sk\u013eu\u010dovadla<\/td>\n<td>1,5 &#8211; 13 mm<\/td>\n<\/tr>\n<tr>\n<td>Hmotnos\u0165<\/td>\n<td>2,1 kg<\/td>\n<\/tr>\n<tr>\n<td>Rozmery (D x &Scaron; x V)<\/td>\n<td>296 x 75 x 204 mm<\/td>\n<\/tr>\n<\/tbody>\n<\/table>\n","protected":false},"featured_media":35721,"comment_status":"closed","ping_status":"open","template":"","meta":{"_lmt_disableupdate":"","_lmt_disable":""},"product_cat":[3051,3059,3060],"product_tag":[],"class_list":{"0":"post-35720","1":"product","2":"type-product","3":"status-publish","4":"has-post-thumbnail","6":"product_cat-makita","7":"product_cat-vrtanie","8":"product_cat-priklepove-vrtacky","9":"ts_product_brand-makita","11":"first","12":"instock","13":"taxable","14":"shipping-taxable","15":"purchasable","16":"product-type-simple"},"yoast_head":"<!-- This site is optimized with the Yoast SEO plugin v27.3 - https:\/\/yoast.com\/product\/yoast-seo-wordpress\/ -->\n<title>Makita elektronick\u00e1 pr\u00edklepov\u00e1 v\u0155ta\u010dka dod\u00e1van\u00e1 v kufr\u00edku HP1630K - MIR-MAR<\/title>\n<meta name=\"robots\" content=\"index, follow, max-snippet:-1, max-image-preview:large, max-video-preview:-1\" \/>\n<link rel=\"canonical\" href=\"http:\/\/dafinoo.eu\/mirmar\/obchod\/elektronicka-priklepova-vrtacka-dodavana-v-kufriku-hp1630k\/\" \/>\n<meta property=\"og:locale\" content=\"sk_SK\" \/>\n<meta property=\"og:type\" content=\"article\" \/>\n<meta property=\"og:title\" content=\"Makita elektronick\u00e1 pr\u00edklepov\u00e1 v\u0155ta\u010dka dod\u00e1van\u00e1 v kufr\u00edku HP1630K - MIR-MAR\" \/>\n<meta property=\"og:description\" content=\"Pr&iacute;kon 710 W  Vo\u013enobe\u017en&eacute; ot&aacute;\u010dky 0 - 3.200 min-1  Po\u010det &uacute;derov naprazdno 0 - 48.000 min-1  Max. v\u0155tac&iacute; v&yacute;kon - oce\u013e|bet&oacute;n|drevo 13\/16\/30 mm  Up&iacute;nac&iacute; rozsah sk\u013eu\u010dovadla 1,5 - 13 mm  Hmotnos\u0165 2,1 kg  Rozmery (D x &Scaron; x V) 296 x 75 x 204 mm\" \/>\n<meta property=\"og:url\" content=\"http:\/\/dafinoo.eu\/mirmar\/obchod\/elektronicka-priklepova-vrtacka-dodavana-v-kufriku-hp1630k\/\" \/>\n<meta property=\"og:site_name\" content=\"MIR-MAR\" \/>\n<meta property=\"article:publisher\" content=\"https:\/\/facebook.com\/mirmareshop\" \/>\n<meta property=\"article:modified_time\" content=\"2021-04-21T13:14:50+00:00\" \/>\n<meta property=\"og:image\" content=\"https:\/\/i0.wp.com\/www.mirmar.sk\/wp-content\/uploads\/2021\/03\/hp1630k_1.jpg?fit=270%2C187&ssl=1\" \/>\n\t<meta property=\"og:image:width\" content=\"270\" \/>\n\t<meta property=\"og:image:height\" content=\"187\" \/>\n\t<meta property=\"og:image:type\" content=\"image\/jpeg\" \/>\n<script type=\"application\/ld+json\" class=\"yoast-schema-graph\">{\"@context\":\"https:\\\/\\\/schema.org\",\"@graph\":[{\"@type\":\"WebPage\",\"@id\":\"http:\\\/\\\/dafinoo.eu\\\/mirmar\\\/obchod\\\/elektronicka-priklepova-vrtacka-dodavana-v-kufriku-hp1630k\\\/\",\"url\":\"http:\\\/\\\/dafinoo.eu\\\/mirmar\\\/obchod\\\/elektronicka-priklepova-vrtacka-dodavana-v-kufriku-hp1630k\\\/\",\"name\":\"Makita elektronick\u00e1 pr\u00edklepov\u00e1 v\u0155ta\u010dka dod\u00e1van\u00e1 v kufr\u00edku HP1630K - MIR-MAR\",\"isPartOf\":{\"@id\":\"http:\\\/\\\/dafinoo.eu\\\/mirmar\\\/#website\"},\"primaryImageOfPage\":{\"@id\":\"http:\\\/\\\/dafinoo.eu\\\/mirmar\\\/obchod\\\/elektronicka-priklepova-vrtacka-dodavana-v-kufriku-hp1630k\\\/#primaryimage\"},\"image\":{\"@id\":\"http:\\\/\\\/dafinoo.eu\\\/mirmar\\\/obchod\\\/elektronicka-priklepova-vrtacka-dodavana-v-kufriku-hp1630k\\\/#primaryimage\"},\"thumbnailUrl\":\"http:\\\/\\\/dafinoo.eu\\\/mirmar\\\/wp-content\\\/uploads\\\/2021\\\/03\\\/hp1630k_1.jpg\",\"datePublished\":\"2021-03-15T16:20:58+00:00\",\"dateModified\":\"2021-04-21T13:14:50+00:00\",\"breadcrumb\":{\"@id\":\"http:\\\/\\\/dafinoo.eu\\\/mirmar\\\/obchod\\\/elektronicka-priklepova-vrtacka-dodavana-v-kufriku-hp1630k\\\/#breadcrumb\"},\"inLanguage\":\"sk-SK\",\"potentialAction\":[{\"@type\":\"ReadAction\",\"target\":[\"http:\\\/\\\/dafinoo.eu\\\/mirmar\\\/obchod\\\/elektronicka-priklepova-vrtacka-dodavana-v-kufriku-hp1630k\\\/\"]}]},{\"@type\":\"ImageObject\",\"inLanguage\":\"sk-SK\",\"@id\":\"http:\\\/\\\/dafinoo.eu\\\/mirmar\\\/obchod\\\/elektronicka-priklepova-vrtacka-dodavana-v-kufriku-hp1630k\\\/#primaryimage\",\"url\":\"http:\\\/\\\/dafinoo.eu\\\/mirmar\\\/wp-content\\\/uploads\\\/2021\\\/03\\\/hp1630k_1.jpg\",\"contentUrl\":\"http:\\\/\\\/dafinoo.eu\\\/mirmar\\\/wp-content\\\/uploads\\\/2021\\\/03\\\/hp1630k_1.jpg\",\"width\":270,\"height\":187},{\"@type\":\"BreadcrumbList\",\"@id\":\"http:\\\/\\\/dafinoo.eu\\\/mirmar\\\/obchod\\\/elektronicka-priklepova-vrtacka-dodavana-v-kufriku-hp1630k\\\/#breadcrumb\",\"itemListElement\":[{\"@type\":\"ListItem\",\"position\":1,\"name\":\"Domovsk\u00e1 str\u00e1nka\",\"item\":\"http:\\\/\\\/dafinoo.eu\\\/mirmar\\\/\"},{\"@type\":\"ListItem\",\"position\":2,\"name\":\"Obchod\",\"item\":\"http:\\\/\\\/dafinoo.eu\\\/mirmar\\\/obchod\\\/\"},{\"@type\":\"ListItem\",\"position\":3,\"name\":\"Makita elektronick\u00e1 pr\u00edklepov\u00e1 v\u0155ta\u010dka dod\u00e1van\u00e1 v kufr\u00edku HP1630K\"}]},{\"@type\":\"WebSite\",\"@id\":\"http:\\\/\\\/dafinoo.eu\\\/mirmar\\\/#website\",\"url\":\"http:\\\/\\\/dafinoo.eu\\\/mirmar\\\/\",\"name\":\"MIR-MAR\",\"description\":\"Eshop s n\u00e1rad\u00edm\",\"publisher\":{\"@id\":\"http:\\\/\\\/dafinoo.eu\\\/mirmar\\\/#organization\"},\"potentialAction\":[{\"@type\":\"SearchAction\",\"target\":{\"@type\":\"EntryPoint\",\"urlTemplate\":\"http:\\\/\\\/dafinoo.eu\\\/mirmar\\\/?s={search_term_string}\"},\"query-input\":{\"@type\":\"PropertyValueSpecification\",\"valueRequired\":true,\"valueName\":\"search_term_string\"}}],\"inLanguage\":\"sk-SK\"},{\"@type\":\"Organization\",\"@id\":\"http:\\\/\\\/dafinoo.eu\\\/mirmar\\\/#organization\",\"name\":\"MIR-MAR\",\"url\":\"http:\\\/\\\/dafinoo.eu\\\/mirmar\\\/\",\"logo\":{\"@type\":\"ImageObject\",\"inLanguage\":\"sk-SK\",\"@id\":\"http:\\\/\\\/dafinoo.eu\\\/mirmar\\\/#\\\/schema\\\/logo\\\/image\\\/\",\"url\":\"http:\\\/\\\/dafinoo.eu\\\/mirmar\\\/wp-content\\\/uploads\\\/2021\\\/03\\\/mirmar_logo.png\",\"contentUrl\":\"http:\\\/\\\/dafinoo.eu\\\/mirmar\\\/wp-content\\\/uploads\\\/2021\\\/03\\\/mirmar_logo.png\",\"width\":256,\"height\":60,\"caption\":\"MIR-MAR\"},\"image\":{\"@id\":\"http:\\\/\\\/dafinoo.eu\\\/mirmar\\\/#\\\/schema\\\/logo\\\/image\\\/\"},\"sameAs\":[\"https:\\\/\\\/facebook.com\\\/mirmareshop\"]}]}<\/script>\n<!-- \/ Yoast SEO plugin. -->","yoast_head_json":{"title":"Makita elektronick\u00e1 pr\u00edklepov\u00e1 v\u0155ta\u010dka dod\u00e1van\u00e1 v kufr\u00edku HP1630K - MIR-MAR","robots":{"index":"index","follow":"follow","max-snippet":"max-snippet:-1","max-image-preview":"max-image-preview:large","max-video-preview":"max-video-preview:-1"},"canonical":"http:\/\/dafinoo.eu\/mirmar\/obchod\/elektronicka-priklepova-vrtacka-dodavana-v-kufriku-hp1630k\/","og_locale":"sk_SK","og_type":"article","og_title":"Makita elektronick\u00e1 pr\u00edklepov\u00e1 v\u0155ta\u010dka dod\u00e1van\u00e1 v kufr\u00edku HP1630K - MIR-MAR","og_description":"Pr&iacute;kon 710 W  Vo\u013enobe\u017en&eacute; ot&aacute;\u010dky 0 - 3.200 min-1  Po\u010det &uacute;derov naprazdno 0 - 48.000 min-1  Max. v\u0155tac&iacute; v&yacute;kon - oce\u013e|bet&oacute;n|drevo 13\/16\/30 mm  Up&iacute;nac&iacute; rozsah sk\u013eu\u010dovadla 1,5 - 13 mm  Hmotnos\u0165 2,1 kg  Rozmery (D x &Scaron; x V) 296 x 75 x 204 mm","og_url":"http:\/\/dafinoo.eu\/mirmar\/obchod\/elektronicka-priklepova-vrtacka-dodavana-v-kufriku-hp1630k\/","og_site_name":"MIR-MAR","article_publisher":"https:\/\/facebook.com\/mirmareshop","article_modified_time":"2021-04-21T13:14:50+00:00","og_image":[{"width":270,"height":187,"url":"https:\/\/i0.wp.com\/www.mirmar.sk\/wp-content\/uploads\/2021\/03\/hp1630k_1.jpg?fit=270%2C187&ssl=1","type":"image\/jpeg"}],"schema":{"@context":"https:\/\/schema.org","@graph":[{"@type":"WebPage","@id":"http:\/\/dafinoo.eu\/mirmar\/obchod\/elektronicka-priklepova-vrtacka-dodavana-v-kufriku-hp1630k\/","url":"http:\/\/dafinoo.eu\/mirmar\/obchod\/elektronicka-priklepova-vrtacka-dodavana-v-kufriku-hp1630k\/","name":"Makita elektronick\u00e1 pr\u00edklepov\u00e1 v\u0155ta\u010dka dod\u00e1van\u00e1 v kufr\u00edku HP1630K - MIR-MAR","isPartOf":{"@id":"http:\/\/dafinoo.eu\/mirmar\/#website"},"primaryImageOfPage":{"@id":"http:\/\/dafinoo.eu\/mirmar\/obchod\/elektronicka-priklepova-vrtacka-dodavana-v-kufriku-hp1630k\/#primaryimage"},"image":{"@id":"http:\/\/dafinoo.eu\/mirmar\/obchod\/elektronicka-priklepova-vrtacka-dodavana-v-kufriku-hp1630k\/#primaryimage"},"thumbnailUrl":"http:\/\/dafinoo.eu\/mirmar\/wp-content\/uploads\/2021\/03\/hp1630k_1.jpg","datePublished":"2021-03-15T16:20:58+00:00","dateModified":"2021-04-21T13:14:50+00:00","breadcrumb":{"@id":"http:\/\/dafinoo.eu\/mirmar\/obchod\/elektronicka-priklepova-vrtacka-dodavana-v-kufriku-hp1630k\/#breadcrumb"},"inLanguage":"sk-SK","potentialAction":[{"@type":"ReadAction","target":["http:\/\/dafinoo.eu\/mirmar\/obchod\/elektronicka-priklepova-vrtacka-dodavana-v-kufriku-hp1630k\/"]}]},{"@type":"ImageObject","inLanguage":"sk-SK","@id":"http:\/\/dafinoo.eu\/mirmar\/obchod\/elektronicka-priklepova-vrtacka-dodavana-v-kufriku-hp1630k\/#primaryimage","url":"http:\/\/dafinoo.eu\/mirmar\/wp-content\/uploads\/2021\/03\/hp1630k_1.jpg","contentUrl":"http:\/\/dafinoo.eu\/mirmar\/wp-content\/uploads\/2021\/03\/hp1630k_1.jpg","width":270,"height":187},{"@type":"BreadcrumbList","@id":"http:\/\/dafinoo.eu\/mirmar\/obchod\/elektronicka-priklepova-vrtacka-dodavana-v-kufriku-hp1630k\/#breadcrumb","itemListElement":[{"@type":"ListItem","position":1,"name":"Domovsk\u00e1 str\u00e1nka","item":"http:\/\/dafinoo.eu\/mirmar\/"},{"@type":"ListItem","position":2,"name":"Obchod","item":"http:\/\/dafinoo.eu\/mirmar\/obchod\/"},{"@type":"ListItem","position":3,"name":"Makita elektronick\u00e1 pr\u00edklepov\u00e1 v\u0155ta\u010dka dod\u00e1van\u00e1 v kufr\u00edku HP1630K"}]},{"@type":"WebSite","@id":"http:\/\/dafinoo.eu\/mirmar\/#website","url":"http:\/\/dafinoo.eu\/mirmar\/","name":"MIR-MAR","description":"Eshop s n\u00e1rad\u00edm","publisher":{"@id":"http:\/\/dafinoo.eu\/mirmar\/#organization"},"potentialAction":[{"@type":"SearchAction","target":{"@type":"EntryPoint","urlTemplate":"http:\/\/dafinoo.eu\/mirmar\/?s={search_term_string}"},"query-input":{"@type":"PropertyValueSpecification","valueRequired":true,"valueName":"search_term_string"}}],"inLanguage":"sk-SK"},{"@type":"Organization","@id":"http:\/\/dafinoo.eu\/mirmar\/#organization","name":"MIR-MAR","url":"http:\/\/dafinoo.eu\/mirmar\/","logo":{"@type":"ImageObject","inLanguage":"sk-SK","@id":"http:\/\/dafinoo.eu\/mirmar\/#\/schema\/logo\/image\/","url":"http:\/\/dafinoo.eu\/mirmar\/wp-content\/uploads\/2021\/03\/mirmar_logo.png","contentUrl":"http:\/\/dafinoo.eu\/mirmar\/wp-content\/uploads\/2021\/03\/mirmar_logo.png","width":256,"height":60,"caption":"MIR-MAR"},"image":{"@id":"http:\/\/dafinoo.eu\/mirmar\/#\/schema\/logo\/image\/"},"sameAs":["https:\/\/facebook.com\/mirmareshop"]}]}},"_links":{"self":[{"href":"http:\/\/dafinoo.eu\/mirmar\/wp-json\/wp\/v2\/product\/35720","targetHints":{"allow":["GET"]}}],"collection":[{"href":"http:\/\/dafinoo.eu\/mirmar\/wp-json\/wp\/v2\/product"}],"about":[{"href":"http:\/\/dafinoo.eu\/mirmar\/wp-json\/wp\/v2\/types\/product"}],"replies":[{"embeddable":true,"href":"http:\/\/dafinoo.eu\/mirmar\/wp-json\/wp\/v2\/comments?post=35720"}],"wp:featuredmedia":[{"embeddable":true,"href":"http:\/\/dafinoo.eu\/mirmar\/wp-json\/wp\/v2\/media\/35721"}],"wp:attachment":[{"href":"http:\/\/dafinoo.eu\/mirmar\/wp-json\/wp\/v2\/media?parent=35720"}],"wp:term":[{"taxonomy":"product_cat","embeddable":true,"href":"http:\/\/dafinoo.eu\/mirmar\/wp-json\/wp\/v2\/product_cat?post=35720"},{"taxonomy":"product_tag","embeddable":true,"href":"http:\/\/dafinoo.eu\/mirmar\/wp-json\/wp\/v2\/product_tag?post=35720"}],"curies":[{"name":"wp","href":"https:\/\/api.w.org\/{rel}","templated":true}]}}