{"id":35734,"date":"2021-03-15T17:20:58","date_gmt":"2021-03-15T16:20:58","guid":{"rendered":"http:\/\/dafinoo.eu\/mirmar\/product\/2-rychlostna-priklepova-vrtacka-hp2070\/"},"modified":"2021-11-29T14:13:22","modified_gmt":"2021-11-29T13:13:22","slug":"2-rychlostna-priklepova-vrtacka-hp2070","status":"publish","type":"product","link":"http:\/\/dafinoo.eu\/mirmar\/obchod\/2-rychlostna-priklepova-vrtacka-hp2070\/","title":{"rendered":"Makita 2-r\u00fdchlostn\u00e1 pr\u00edklepov\u00e1 v\u0155ta\u010dka HP2070"},"content":{"rendered":"<p>* 2-r\u00fdchlostn\u00e1 pr\u00edkl. v\u0155ta\u010dka s elektronickou regul\u00e1ciou<br \/>\n    * Pogumovan\u00e1 proti\u0161mykov\u00e1 rukov\u00e4\u0165 <br \/>s tlmen\u00edm vibr\u00e1ci\u00ed<br \/>\n    * Elektronick\u00e1 regul\u00e1cia po\u010dtu ot\u00e1\u010dok<br \/>\n    * Signaliz\u00e1cia pracovn\u00e9ho re\u017eimu led di\u00f3dami<br \/>\n    * Mo\u017enos\u0165 bezpr\u00edklepov\u00e9ho v\u0155tania pre v\u0155tanie do dreva alebo ocele<br \/>\n    * Prep\u00edna\u010d pravo\/\u013eav\u00e9ho chodu integrovan\u00fd v telese v\u0155ta\u010dky<br \/>\n    * Kryt vretena 43 mm pre pou\u017eitie aj <br \/>v stojane<br \/>\n    * Klzn\u00e1 bezpe\u010dnostn\u00e1 spojka a prevodov\u00e1 skri\u0148a s \u013eahk\u00e9ho kovu<br \/>\n    * Skl\u00fa\u010didlo s ozuben\u00fdm vencom<\/p>\n","protected":false},"excerpt":{"rendered":"<p>Pr\u00edkon\t1010 W<br \/>\nMax. v\u0155tac\u00ed v\u00fdkon do ocele\t16 mm<br \/>\nMax. v\u0155tac\u00ed v\u00fdkon do bet\u00f3nu\t20 mm<br \/>\nMax. v\u0155tac\u00ed v\u00fdkon do dreva\t40 mm<br \/>\nUp\u00ednac\u00ed rozsah sk\u013eu\u010dovadla\t1,5 &#8211; 13 mm<br \/>\nPo\u010det vo\u013enob. ot\u00e1\u010dok, 1. stupe\u0148\t0-1200 min-1<br \/>\nPo\u010det vo\u013enob. ot\u00e1\u010dok, 2. stupe\u0148\t0-2900 min-1<br \/>\nFrekvencia pr\u00edklepu, 1 stupe\u0148\t0 &#8211; 24000 min-1<br \/>\nFrekvencia pr\u00edklepu, 2 stupe\u0148\t0 &#8211; 58000 min-1<br \/>\nHmotnos\u0165\t2,6 kg<\/p>\n","protected":false},"featured_media":35735,"comment_status":"closed","ping_status":"closed","template":"","meta":{"_lmt_disableupdate":"","_lmt_disable":""},"product_cat":[3525],"product_tag":[],"class_list":{"0":"post-35734","1":"product","2":"type-product","3":"status-publish","4":"has-post-thumbnail","6":"product_cat-nezaradene","7":"ts_product_brand-makita","9":"first","10":"instock","11":"taxable","12":"shipping-taxable","13":"purchasable","14":"product-type-simple"},"yoast_head":"<!-- This site is optimized with the Yoast SEO plugin v27.3 - https:\/\/yoast.com\/product\/yoast-seo-wordpress\/ -->\n<title>Makita 2-r\u00fdchlostn\u00e1 pr\u00edklepov\u00e1 v\u0155ta\u010dka HP2070 - MIR-MAR<\/title>\n<meta name=\"robots\" content=\"index, follow, max-snippet:-1, max-image-preview:large, max-video-preview:-1\" \/>\n<link rel=\"canonical\" href=\"http:\/\/dafinoo.eu\/mirmar\/obchod\/2-rychlostna-priklepova-vrtacka-hp2070\/\" \/>\n<meta property=\"og:locale\" content=\"sk_SK\" \/>\n<meta property=\"og:type\" content=\"article\" \/>\n<meta property=\"og:title\" content=\"Makita 2-r\u00fdchlostn\u00e1 pr\u00edklepov\u00e1 v\u0155ta\u010dka HP2070 - MIR-MAR\" \/>\n<meta property=\"og:description\" content=\"Pr\u00edkon 1010 W Max. v\u0155tac\u00ed v\u00fdkon do ocele 16 mm Max. v\u0155tac\u00ed v\u00fdkon do bet\u00f3nu 20 mm Max. v\u0155tac\u00ed v\u00fdkon do dreva 40 mm Up\u00ednac\u00ed rozsah sk\u013eu\u010dovadla 1,5 - 13 mm Po\u010det vo\u013enob. ot\u00e1\u010dok, 1. stupe\u0148 0-1200 min-1 Po\u010det vo\u013enob. ot\u00e1\u010dok, 2. stupe\u0148 0-2900 min-1 Frekvencia pr\u00edklepu, 1 stupe\u0148 0 - 24000 min-1 Frekvencia pr\u00edklepu, 2 stupe\u0148 0 - 58000 min-1 Hmotnos\u0165 2,6 kg\" \/>\n<meta property=\"og:url\" content=\"http:\/\/dafinoo.eu\/mirmar\/obchod\/2-rychlostna-priklepova-vrtacka-hp2070\/\" \/>\n<meta property=\"og:site_name\" content=\"MIR-MAR\" \/>\n<meta property=\"article:publisher\" content=\"https:\/\/facebook.com\/mirmareshop\" \/>\n<meta property=\"article:modified_time\" content=\"2021-11-29T13:13:22+00:00\" \/>\n<meta property=\"og:image\" content=\"http:\/\/dafinoo.eu\/mirmar\/wp-content\/uploads\/2021\/03\/hp2070_1.jpg\" \/>\n\t<meta property=\"og:image:width\" content=\"225\" \/>\n\t<meta property=\"og:image:height\" content=\"225\" \/>\n\t<meta property=\"og:image:type\" content=\"image\/jpeg\" \/>\n<script type=\"application\/ld+json\" class=\"yoast-schema-graph\">{\"@context\":\"https:\\\/\\\/schema.org\",\"@graph\":[{\"@type\":\"WebPage\",\"@id\":\"http:\\\/\\\/dafinoo.eu\\\/mirmar\\\/obchod\\\/2-rychlostna-priklepova-vrtacka-hp2070\\\/\",\"url\":\"http:\\\/\\\/dafinoo.eu\\\/mirmar\\\/obchod\\\/2-rychlostna-priklepova-vrtacka-hp2070\\\/\",\"name\":\"Makita 2-r\u00fdchlostn\u00e1 pr\u00edklepov\u00e1 v\u0155ta\u010dka HP2070 - MIR-MAR\",\"isPartOf\":{\"@id\":\"http:\\\/\\\/dafinoo.eu\\\/mirmar\\\/#website\"},\"primaryImageOfPage\":{\"@id\":\"http:\\\/\\\/dafinoo.eu\\\/mirmar\\\/obchod\\\/2-rychlostna-priklepova-vrtacka-hp2070\\\/#primaryimage\"},\"image\":{\"@id\":\"http:\\\/\\\/dafinoo.eu\\\/mirmar\\\/obchod\\\/2-rychlostna-priklepova-vrtacka-hp2070\\\/#primaryimage\"},\"thumbnailUrl\":\"http:\\\/\\\/dafinoo.eu\\\/mirmar\\\/wp-content\\\/uploads\\\/2021\\\/03\\\/hp2070_1.jpg\",\"datePublished\":\"2021-03-15T16:20:58+00:00\",\"dateModified\":\"2021-11-29T13:13:22+00:00\",\"breadcrumb\":{\"@id\":\"http:\\\/\\\/dafinoo.eu\\\/mirmar\\\/obchod\\\/2-rychlostna-priklepova-vrtacka-hp2070\\\/#breadcrumb\"},\"inLanguage\":\"sk-SK\",\"potentialAction\":[{\"@type\":\"ReadAction\",\"target\":[\"http:\\\/\\\/dafinoo.eu\\\/mirmar\\\/obchod\\\/2-rychlostna-priklepova-vrtacka-hp2070\\\/\"]}]},{\"@type\":\"ImageObject\",\"inLanguage\":\"sk-SK\",\"@id\":\"http:\\\/\\\/dafinoo.eu\\\/mirmar\\\/obchod\\\/2-rychlostna-priklepova-vrtacka-hp2070\\\/#primaryimage\",\"url\":\"http:\\\/\\\/dafinoo.eu\\\/mirmar\\\/wp-content\\\/uploads\\\/2021\\\/03\\\/hp2070_1.jpg\",\"contentUrl\":\"http:\\\/\\\/dafinoo.eu\\\/mirmar\\\/wp-content\\\/uploads\\\/2021\\\/03\\\/hp2070_1.jpg\",\"width\":225,\"height\":225},{\"@type\":\"BreadcrumbList\",\"@id\":\"http:\\\/\\\/dafinoo.eu\\\/mirmar\\\/obchod\\\/2-rychlostna-priklepova-vrtacka-hp2070\\\/#breadcrumb\",\"itemListElement\":[{\"@type\":\"ListItem\",\"position\":1,\"name\":\"Domovsk\u00e1 str\u00e1nka\",\"item\":\"http:\\\/\\\/dafinoo.eu\\\/mirmar\\\/\"},{\"@type\":\"ListItem\",\"position\":2,\"name\":\"Obchod\",\"item\":\"http:\\\/\\\/dafinoo.eu\\\/mirmar\\\/obchod\\\/\"},{\"@type\":\"ListItem\",\"position\":3,\"name\":\"Makita 2-r\u00fdchlostn\u00e1 pr\u00edklepov\u00e1 v\u0155ta\u010dka HP2070\"}]},{\"@type\":\"WebSite\",\"@id\":\"http:\\\/\\\/dafinoo.eu\\\/mirmar\\\/#website\",\"url\":\"http:\\\/\\\/dafinoo.eu\\\/mirmar\\\/\",\"name\":\"MIR-MAR\",\"description\":\"Eshop s n\u00e1rad\u00edm\",\"publisher\":{\"@id\":\"http:\\\/\\\/dafinoo.eu\\\/mirmar\\\/#organization\"},\"potentialAction\":[{\"@type\":\"SearchAction\",\"target\":{\"@type\":\"EntryPoint\",\"urlTemplate\":\"http:\\\/\\\/dafinoo.eu\\\/mirmar\\\/?s={search_term_string}\"},\"query-input\":{\"@type\":\"PropertyValueSpecification\",\"valueRequired\":true,\"valueName\":\"search_term_string\"}}],\"inLanguage\":\"sk-SK\"},{\"@type\":\"Organization\",\"@id\":\"http:\\\/\\\/dafinoo.eu\\\/mirmar\\\/#organization\",\"name\":\"MIR-MAR\",\"url\":\"http:\\\/\\\/dafinoo.eu\\\/mirmar\\\/\",\"logo\":{\"@type\":\"ImageObject\",\"inLanguage\":\"sk-SK\",\"@id\":\"http:\\\/\\\/dafinoo.eu\\\/mirmar\\\/#\\\/schema\\\/logo\\\/image\\\/\",\"url\":\"http:\\\/\\\/dafinoo.eu\\\/mirmar\\\/wp-content\\\/uploads\\\/2021\\\/03\\\/mirmar_logo.png\",\"contentUrl\":\"http:\\\/\\\/dafinoo.eu\\\/mirmar\\\/wp-content\\\/uploads\\\/2021\\\/03\\\/mirmar_logo.png\",\"width\":256,\"height\":60,\"caption\":\"MIR-MAR\"},\"image\":{\"@id\":\"http:\\\/\\\/dafinoo.eu\\\/mirmar\\\/#\\\/schema\\\/logo\\\/image\\\/\"},\"sameAs\":[\"https:\\\/\\\/facebook.com\\\/mirmareshop\"]}]}<\/script>\n<!-- \/ Yoast SEO plugin. -->","yoast_head_json":{"title":"Makita 2-r\u00fdchlostn\u00e1 pr\u00edklepov\u00e1 v\u0155ta\u010dka HP2070 - MIR-MAR","robots":{"index":"index","follow":"follow","max-snippet":"max-snippet:-1","max-image-preview":"max-image-preview:large","max-video-preview":"max-video-preview:-1"},"canonical":"http:\/\/dafinoo.eu\/mirmar\/obchod\/2-rychlostna-priklepova-vrtacka-hp2070\/","og_locale":"sk_SK","og_type":"article","og_title":"Makita 2-r\u00fdchlostn\u00e1 pr\u00edklepov\u00e1 v\u0155ta\u010dka HP2070 - MIR-MAR","og_description":"Pr\u00edkon 1010 W Max. v\u0155tac\u00ed v\u00fdkon do ocele 16 mm Max. v\u0155tac\u00ed v\u00fdkon do bet\u00f3nu 20 mm Max. v\u0155tac\u00ed v\u00fdkon do dreva 40 mm Up\u00ednac\u00ed rozsah sk\u013eu\u010dovadla 1,5 - 13 mm Po\u010det vo\u013enob. ot\u00e1\u010dok, 1. stupe\u0148 0-1200 min-1 Po\u010det vo\u013enob. ot\u00e1\u010dok, 2. stupe\u0148 0-2900 min-1 Frekvencia pr\u00edklepu, 1 stupe\u0148 0 - 24000 min-1 Frekvencia pr\u00edklepu, 2 stupe\u0148 0 - 58000 min-1 Hmotnos\u0165 2,6 kg","og_url":"http:\/\/dafinoo.eu\/mirmar\/obchod\/2-rychlostna-priklepova-vrtacka-hp2070\/","og_site_name":"MIR-MAR","article_publisher":"https:\/\/facebook.com\/mirmareshop","article_modified_time":"2021-11-29T13:13:22+00:00","og_image":[{"width":225,"height":225,"url":"http:\/\/dafinoo.eu\/mirmar\/wp-content\/uploads\/2021\/03\/hp2070_1.jpg","type":"image\/jpeg"}],"schema":{"@context":"https:\/\/schema.org","@graph":[{"@type":"WebPage","@id":"http:\/\/dafinoo.eu\/mirmar\/obchod\/2-rychlostna-priklepova-vrtacka-hp2070\/","url":"http:\/\/dafinoo.eu\/mirmar\/obchod\/2-rychlostna-priklepova-vrtacka-hp2070\/","name":"Makita 2-r\u00fdchlostn\u00e1 pr\u00edklepov\u00e1 v\u0155ta\u010dka HP2070 - MIR-MAR","isPartOf":{"@id":"http:\/\/dafinoo.eu\/mirmar\/#website"},"primaryImageOfPage":{"@id":"http:\/\/dafinoo.eu\/mirmar\/obchod\/2-rychlostna-priklepova-vrtacka-hp2070\/#primaryimage"},"image":{"@id":"http:\/\/dafinoo.eu\/mirmar\/obchod\/2-rychlostna-priklepova-vrtacka-hp2070\/#primaryimage"},"thumbnailUrl":"http:\/\/dafinoo.eu\/mirmar\/wp-content\/uploads\/2021\/03\/hp2070_1.jpg","datePublished":"2021-03-15T16:20:58+00:00","dateModified":"2021-11-29T13:13:22+00:00","breadcrumb":{"@id":"http:\/\/dafinoo.eu\/mirmar\/obchod\/2-rychlostna-priklepova-vrtacka-hp2070\/#breadcrumb"},"inLanguage":"sk-SK","potentialAction":[{"@type":"ReadAction","target":["http:\/\/dafinoo.eu\/mirmar\/obchod\/2-rychlostna-priklepova-vrtacka-hp2070\/"]}]},{"@type":"ImageObject","inLanguage":"sk-SK","@id":"http:\/\/dafinoo.eu\/mirmar\/obchod\/2-rychlostna-priklepova-vrtacka-hp2070\/#primaryimage","url":"http:\/\/dafinoo.eu\/mirmar\/wp-content\/uploads\/2021\/03\/hp2070_1.jpg","contentUrl":"http:\/\/dafinoo.eu\/mirmar\/wp-content\/uploads\/2021\/03\/hp2070_1.jpg","width":225,"height":225},{"@type":"BreadcrumbList","@id":"http:\/\/dafinoo.eu\/mirmar\/obchod\/2-rychlostna-priklepova-vrtacka-hp2070\/#breadcrumb","itemListElement":[{"@type":"ListItem","position":1,"name":"Domovsk\u00e1 str\u00e1nka","item":"http:\/\/dafinoo.eu\/mirmar\/"},{"@type":"ListItem","position":2,"name":"Obchod","item":"http:\/\/dafinoo.eu\/mirmar\/obchod\/"},{"@type":"ListItem","position":3,"name":"Makita 2-r\u00fdchlostn\u00e1 pr\u00edklepov\u00e1 v\u0155ta\u010dka HP2070"}]},{"@type":"WebSite","@id":"http:\/\/dafinoo.eu\/mirmar\/#website","url":"http:\/\/dafinoo.eu\/mirmar\/","name":"MIR-MAR","description":"Eshop s n\u00e1rad\u00edm","publisher":{"@id":"http:\/\/dafinoo.eu\/mirmar\/#organization"},"potentialAction":[{"@type":"SearchAction","target":{"@type":"EntryPoint","urlTemplate":"http:\/\/dafinoo.eu\/mirmar\/?s={search_term_string}"},"query-input":{"@type":"PropertyValueSpecification","valueRequired":true,"valueName":"search_term_string"}}],"inLanguage":"sk-SK"},{"@type":"Organization","@id":"http:\/\/dafinoo.eu\/mirmar\/#organization","name":"MIR-MAR","url":"http:\/\/dafinoo.eu\/mirmar\/","logo":{"@type":"ImageObject","inLanguage":"sk-SK","@id":"http:\/\/dafinoo.eu\/mirmar\/#\/schema\/logo\/image\/","url":"http:\/\/dafinoo.eu\/mirmar\/wp-content\/uploads\/2021\/03\/mirmar_logo.png","contentUrl":"http:\/\/dafinoo.eu\/mirmar\/wp-content\/uploads\/2021\/03\/mirmar_logo.png","width":256,"height":60,"caption":"MIR-MAR"},"image":{"@id":"http:\/\/dafinoo.eu\/mirmar\/#\/schema\/logo\/image\/"},"sameAs":["https:\/\/facebook.com\/mirmareshop"]}]}},"_links":{"self":[{"href":"http:\/\/dafinoo.eu\/mirmar\/wp-json\/wp\/v2\/product\/35734","targetHints":{"allow":["GET"]}}],"collection":[{"href":"http:\/\/dafinoo.eu\/mirmar\/wp-json\/wp\/v2\/product"}],"about":[{"href":"http:\/\/dafinoo.eu\/mirmar\/wp-json\/wp\/v2\/types\/product"}],"replies":[{"embeddable":true,"href":"http:\/\/dafinoo.eu\/mirmar\/wp-json\/wp\/v2\/comments?post=35734"}],"wp:featuredmedia":[{"embeddable":true,"href":"http:\/\/dafinoo.eu\/mirmar\/wp-json\/wp\/v2\/media\/35735"}],"wp:attachment":[{"href":"http:\/\/dafinoo.eu\/mirmar\/wp-json\/wp\/v2\/media?parent=35734"}],"wp:term":[{"taxonomy":"product_cat","embeddable":true,"href":"http:\/\/dafinoo.eu\/mirmar\/wp-json\/wp\/v2\/product_cat?post=35734"},{"taxonomy":"product_tag","embeddable":true,"href":"http:\/\/dafinoo.eu\/mirmar\/wp-json\/wp\/v2\/product_tag?post=35734"}],"curies":[{"name":"wp","href":"https:\/\/api.w.org\/{rel}","templated":true}]}}