{"id":35750,"date":"2021-03-15T17:21:05","date_gmt":"2021-03-15T16:21:05","guid":{"rendered":"http:\/\/dafinoo.eu\/mirmar\/product\/vrtaci-skrutkovac-s-pogumovanou-rukovatou-dp3003\/"},"modified":"2021-04-21T15:22:23","modified_gmt":"2021-04-21T13:22:23","slug":"vrtaci-skrutkovac-s-pogumovanou-rukovatou-dp3003","status":"publish","type":"product","link":"http:\/\/dafinoo.eu\/mirmar\/obchod\/vrtaci-skrutkovac-s-pogumovanou-rukovatou-dp3003\/","title":{"rendered":"Makita v\u0155tac\u00ed skrutkova\u010d s pogumovanou rukov\u00e4\u0165ou DP3003"},"content":{"rendered":"<p>* Kompaktn\u00e1 \u013eahk\u00e1 v\u0155ta\u010dka s hlin\u00edkovou prevodovou skri\u0148ou<br \/>\n    * S r\u00fdchloup\u00ednac\u00edm sk\u013e\u00fa\u010didlom pre pohodln\u00fa a r\u00fdchlu v\u00fdmenu n\u00e1stroja<br \/>\n    * Ergonomick\u00e1 pogumovan\u00e1 proti\u0161mykov\u00e1 rukov\u00e4\u0165<br \/>\n    * S prep\u00edna\u010dom pravo\/\u013eav\u00e9ho chodu ot\u00e1\u010dok<br \/>\n    * Plynul\u00e1 elektronick\u00e1 regul\u00e1cia pre r\u00f4zne druhy materi\u00e1lu<br \/>\n    * Praktick\u00e1 opaskov\u00e1 spona pre odkladanie n\u00e1radia<br \/>\n    * S odolnou k\u00e1blovou ochranou a pr\u00edd. rukov\u00e4\u0165ou<\/p>\n","protected":false},"excerpt":{"rendered":"<p>Pr\u00edkon\t710 W<br \/>\nVo\u013enobe\u017en\u00e9 ot\u00e1\u010dky\t0-1200 min-1<br \/>\nMax. v\u0155tac\u00ed v\u00fdkon do ocele\tdo 32 mm<br \/>\nMax. v\u0155tac\u00ed v\u00fdkon do dreva\tdo 10 mm<br \/>\nUp\u00ednac\u00ed rozsah sk\u013eu\u010dovadla\t0,8-10 mm<br \/>\nMaxim\u00e1lny kr\u00fatiaci moment\t36 Nm<br \/>\nHmotnos\u0165\t2,1 kg<\/p>\n","protected":false},"featured_media":35751,"comment_status":"closed","ping_status":"open","template":"","meta":{"_lmt_disableupdate":"","_lmt_disable":""},"product_cat":[],"product_tag":[],"class_list":{"0":"post-35750","1":"product","2":"type-product","3":"status-publish","4":"has-post-thumbnail","6":"ts_product_brand-makita","8":"first","9":"instock","10":"taxable","11":"shipping-taxable","12":"purchasable","13":"product-type-simple"},"yoast_head":"<!-- This site is optimized with the Yoast SEO plugin v27.3 - https:\/\/yoast.com\/product\/yoast-seo-wordpress\/ -->\n<title>Makita v\u0155tac\u00ed skrutkova\u010d s pogumovanou rukov\u00e4\u0165ou DP3003 - MIR-MAR<\/title>\n<meta name=\"robots\" content=\"index, follow, max-snippet:-1, max-image-preview:large, max-video-preview:-1\" \/>\n<link rel=\"canonical\" href=\"http:\/\/dafinoo.eu\/mirmar\/obchod\/vrtaci-skrutkovac-s-pogumovanou-rukovatou-dp3003\/\" \/>\n<meta property=\"og:locale\" content=\"sk_SK\" \/>\n<meta property=\"og:type\" content=\"article\" \/>\n<meta property=\"og:title\" content=\"Makita v\u0155tac\u00ed skrutkova\u010d s pogumovanou rukov\u00e4\u0165ou DP3003 - MIR-MAR\" \/>\n<meta property=\"og:description\" content=\"Pr\u00edkon 710 W Vo\u013enobe\u017en\u00e9 ot\u00e1\u010dky 0-1200 min-1 Max. v\u0155tac\u00ed v\u00fdkon do ocele do 32 mm Max. v\u0155tac\u00ed v\u00fdkon do dreva do 10 mm Up\u00ednac\u00ed rozsah sk\u013eu\u010dovadla 0,8-10 mm Maxim\u00e1lny kr\u00fatiaci moment 36 Nm Hmotnos\u0165 2,1 kg\" \/>\n<meta property=\"og:url\" content=\"http:\/\/dafinoo.eu\/mirmar\/obchod\/vrtaci-skrutkovac-s-pogumovanou-rukovatou-dp3003\/\" \/>\n<meta property=\"og:site_name\" content=\"MIR-MAR\" \/>\n<meta property=\"article:publisher\" content=\"https:\/\/facebook.com\/mirmareshop\" \/>\n<meta property=\"article:modified_time\" content=\"2021-04-21T13:22:23+00:00\" \/>\n<meta property=\"og:image\" content=\"https:\/\/i0.wp.com\/www.mirmar.sk\/wp-content\/uploads\/2021\/03\/dp3003_1.jpg?fit=233%2C216&ssl=1\" \/>\n\t<meta property=\"og:image:width\" content=\"233\" \/>\n\t<meta property=\"og:image:height\" content=\"216\" \/>\n\t<meta property=\"og:image:type\" content=\"image\/jpeg\" \/>\n<script type=\"application\/ld+json\" class=\"yoast-schema-graph\">{\"@context\":\"https:\\\/\\\/schema.org\",\"@graph\":[{\"@type\":\"WebPage\",\"@id\":\"http:\\\/\\\/dafinoo.eu\\\/mirmar\\\/obchod\\\/vrtaci-skrutkovac-s-pogumovanou-rukovatou-dp3003\\\/\",\"url\":\"http:\\\/\\\/dafinoo.eu\\\/mirmar\\\/obchod\\\/vrtaci-skrutkovac-s-pogumovanou-rukovatou-dp3003\\\/\",\"name\":\"Makita v\u0155tac\u00ed skrutkova\u010d s pogumovanou rukov\u00e4\u0165ou DP3003 - MIR-MAR\",\"isPartOf\":{\"@id\":\"http:\\\/\\\/dafinoo.eu\\\/mirmar\\\/#website\"},\"primaryImageOfPage\":{\"@id\":\"http:\\\/\\\/dafinoo.eu\\\/mirmar\\\/obchod\\\/vrtaci-skrutkovac-s-pogumovanou-rukovatou-dp3003\\\/#primaryimage\"},\"image\":{\"@id\":\"http:\\\/\\\/dafinoo.eu\\\/mirmar\\\/obchod\\\/vrtaci-skrutkovac-s-pogumovanou-rukovatou-dp3003\\\/#primaryimage\"},\"thumbnailUrl\":\"http:\\\/\\\/dafinoo.eu\\\/mirmar\\\/wp-content\\\/uploads\\\/2021\\\/03\\\/dp3003_1.jpg\",\"datePublished\":\"2021-03-15T16:21:05+00:00\",\"dateModified\":\"2021-04-21T13:22:23+00:00\",\"breadcrumb\":{\"@id\":\"http:\\\/\\\/dafinoo.eu\\\/mirmar\\\/obchod\\\/vrtaci-skrutkovac-s-pogumovanou-rukovatou-dp3003\\\/#breadcrumb\"},\"inLanguage\":\"sk-SK\",\"potentialAction\":[{\"@type\":\"ReadAction\",\"target\":[\"http:\\\/\\\/dafinoo.eu\\\/mirmar\\\/obchod\\\/vrtaci-skrutkovac-s-pogumovanou-rukovatou-dp3003\\\/\"]}]},{\"@type\":\"ImageObject\",\"inLanguage\":\"sk-SK\",\"@id\":\"http:\\\/\\\/dafinoo.eu\\\/mirmar\\\/obchod\\\/vrtaci-skrutkovac-s-pogumovanou-rukovatou-dp3003\\\/#primaryimage\",\"url\":\"http:\\\/\\\/dafinoo.eu\\\/mirmar\\\/wp-content\\\/uploads\\\/2021\\\/03\\\/dp3003_1.jpg\",\"contentUrl\":\"http:\\\/\\\/dafinoo.eu\\\/mirmar\\\/wp-content\\\/uploads\\\/2021\\\/03\\\/dp3003_1.jpg\",\"width\":233,\"height\":216},{\"@type\":\"BreadcrumbList\",\"@id\":\"http:\\\/\\\/dafinoo.eu\\\/mirmar\\\/obchod\\\/vrtaci-skrutkovac-s-pogumovanou-rukovatou-dp3003\\\/#breadcrumb\",\"itemListElement\":[{\"@type\":\"ListItem\",\"position\":1,\"name\":\"Domovsk\u00e1 str\u00e1nka\",\"item\":\"http:\\\/\\\/dafinoo.eu\\\/mirmar\\\/\"},{\"@type\":\"ListItem\",\"position\":2,\"name\":\"Obchod\",\"item\":\"http:\\\/\\\/dafinoo.eu\\\/mirmar\\\/obchod\\\/\"},{\"@type\":\"ListItem\",\"position\":3,\"name\":\"Makita v\u0155tac\u00ed skrutkova\u010d s pogumovanou rukov\u00e4\u0165ou DP3003\"}]},{\"@type\":\"WebSite\",\"@id\":\"http:\\\/\\\/dafinoo.eu\\\/mirmar\\\/#website\",\"url\":\"http:\\\/\\\/dafinoo.eu\\\/mirmar\\\/\",\"name\":\"MIR-MAR\",\"description\":\"Eshop s n\u00e1rad\u00edm\",\"publisher\":{\"@id\":\"http:\\\/\\\/dafinoo.eu\\\/mirmar\\\/#organization\"},\"potentialAction\":[{\"@type\":\"SearchAction\",\"target\":{\"@type\":\"EntryPoint\",\"urlTemplate\":\"http:\\\/\\\/dafinoo.eu\\\/mirmar\\\/?s={search_term_string}\"},\"query-input\":{\"@type\":\"PropertyValueSpecification\",\"valueRequired\":true,\"valueName\":\"search_term_string\"}}],\"inLanguage\":\"sk-SK\"},{\"@type\":\"Organization\",\"@id\":\"http:\\\/\\\/dafinoo.eu\\\/mirmar\\\/#organization\",\"name\":\"MIR-MAR\",\"url\":\"http:\\\/\\\/dafinoo.eu\\\/mirmar\\\/\",\"logo\":{\"@type\":\"ImageObject\",\"inLanguage\":\"sk-SK\",\"@id\":\"http:\\\/\\\/dafinoo.eu\\\/mirmar\\\/#\\\/schema\\\/logo\\\/image\\\/\",\"url\":\"http:\\\/\\\/dafinoo.eu\\\/mirmar\\\/wp-content\\\/uploads\\\/2021\\\/03\\\/mirmar_logo.png\",\"contentUrl\":\"http:\\\/\\\/dafinoo.eu\\\/mirmar\\\/wp-content\\\/uploads\\\/2021\\\/03\\\/mirmar_logo.png\",\"width\":256,\"height\":60,\"caption\":\"MIR-MAR\"},\"image\":{\"@id\":\"http:\\\/\\\/dafinoo.eu\\\/mirmar\\\/#\\\/schema\\\/logo\\\/image\\\/\"},\"sameAs\":[\"https:\\\/\\\/facebook.com\\\/mirmareshop\"]}]}<\/script>\n<!-- \/ Yoast SEO plugin. -->","yoast_head_json":{"title":"Makita v\u0155tac\u00ed skrutkova\u010d s pogumovanou rukov\u00e4\u0165ou DP3003 - MIR-MAR","robots":{"index":"index","follow":"follow","max-snippet":"max-snippet:-1","max-image-preview":"max-image-preview:large","max-video-preview":"max-video-preview:-1"},"canonical":"http:\/\/dafinoo.eu\/mirmar\/obchod\/vrtaci-skrutkovac-s-pogumovanou-rukovatou-dp3003\/","og_locale":"sk_SK","og_type":"article","og_title":"Makita v\u0155tac\u00ed skrutkova\u010d s pogumovanou rukov\u00e4\u0165ou DP3003 - MIR-MAR","og_description":"Pr\u00edkon 710 W Vo\u013enobe\u017en\u00e9 ot\u00e1\u010dky 0-1200 min-1 Max. v\u0155tac\u00ed v\u00fdkon do ocele do 32 mm Max. v\u0155tac\u00ed v\u00fdkon do dreva do 10 mm Up\u00ednac\u00ed rozsah sk\u013eu\u010dovadla 0,8-10 mm Maxim\u00e1lny kr\u00fatiaci moment 36 Nm Hmotnos\u0165 2,1 kg","og_url":"http:\/\/dafinoo.eu\/mirmar\/obchod\/vrtaci-skrutkovac-s-pogumovanou-rukovatou-dp3003\/","og_site_name":"MIR-MAR","article_publisher":"https:\/\/facebook.com\/mirmareshop","article_modified_time":"2021-04-21T13:22:23+00:00","og_image":[{"width":233,"height":216,"url":"https:\/\/i0.wp.com\/www.mirmar.sk\/wp-content\/uploads\/2021\/03\/dp3003_1.jpg?fit=233%2C216&ssl=1","type":"image\/jpeg"}],"schema":{"@context":"https:\/\/schema.org","@graph":[{"@type":"WebPage","@id":"http:\/\/dafinoo.eu\/mirmar\/obchod\/vrtaci-skrutkovac-s-pogumovanou-rukovatou-dp3003\/","url":"http:\/\/dafinoo.eu\/mirmar\/obchod\/vrtaci-skrutkovac-s-pogumovanou-rukovatou-dp3003\/","name":"Makita v\u0155tac\u00ed skrutkova\u010d s pogumovanou rukov\u00e4\u0165ou DP3003 - MIR-MAR","isPartOf":{"@id":"http:\/\/dafinoo.eu\/mirmar\/#website"},"primaryImageOfPage":{"@id":"http:\/\/dafinoo.eu\/mirmar\/obchod\/vrtaci-skrutkovac-s-pogumovanou-rukovatou-dp3003\/#primaryimage"},"image":{"@id":"http:\/\/dafinoo.eu\/mirmar\/obchod\/vrtaci-skrutkovac-s-pogumovanou-rukovatou-dp3003\/#primaryimage"},"thumbnailUrl":"http:\/\/dafinoo.eu\/mirmar\/wp-content\/uploads\/2021\/03\/dp3003_1.jpg","datePublished":"2021-03-15T16:21:05+00:00","dateModified":"2021-04-21T13:22:23+00:00","breadcrumb":{"@id":"http:\/\/dafinoo.eu\/mirmar\/obchod\/vrtaci-skrutkovac-s-pogumovanou-rukovatou-dp3003\/#breadcrumb"},"inLanguage":"sk-SK","potentialAction":[{"@type":"ReadAction","target":["http:\/\/dafinoo.eu\/mirmar\/obchod\/vrtaci-skrutkovac-s-pogumovanou-rukovatou-dp3003\/"]}]},{"@type":"ImageObject","inLanguage":"sk-SK","@id":"http:\/\/dafinoo.eu\/mirmar\/obchod\/vrtaci-skrutkovac-s-pogumovanou-rukovatou-dp3003\/#primaryimage","url":"http:\/\/dafinoo.eu\/mirmar\/wp-content\/uploads\/2021\/03\/dp3003_1.jpg","contentUrl":"http:\/\/dafinoo.eu\/mirmar\/wp-content\/uploads\/2021\/03\/dp3003_1.jpg","width":233,"height":216},{"@type":"BreadcrumbList","@id":"http:\/\/dafinoo.eu\/mirmar\/obchod\/vrtaci-skrutkovac-s-pogumovanou-rukovatou-dp3003\/#breadcrumb","itemListElement":[{"@type":"ListItem","position":1,"name":"Domovsk\u00e1 str\u00e1nka","item":"http:\/\/dafinoo.eu\/mirmar\/"},{"@type":"ListItem","position":2,"name":"Obchod","item":"http:\/\/dafinoo.eu\/mirmar\/obchod\/"},{"@type":"ListItem","position":3,"name":"Makita v\u0155tac\u00ed skrutkova\u010d s pogumovanou rukov\u00e4\u0165ou DP3003"}]},{"@type":"WebSite","@id":"http:\/\/dafinoo.eu\/mirmar\/#website","url":"http:\/\/dafinoo.eu\/mirmar\/","name":"MIR-MAR","description":"Eshop s n\u00e1rad\u00edm","publisher":{"@id":"http:\/\/dafinoo.eu\/mirmar\/#organization"},"potentialAction":[{"@type":"SearchAction","target":{"@type":"EntryPoint","urlTemplate":"http:\/\/dafinoo.eu\/mirmar\/?s={search_term_string}"},"query-input":{"@type":"PropertyValueSpecification","valueRequired":true,"valueName":"search_term_string"}}],"inLanguage":"sk-SK"},{"@type":"Organization","@id":"http:\/\/dafinoo.eu\/mirmar\/#organization","name":"MIR-MAR","url":"http:\/\/dafinoo.eu\/mirmar\/","logo":{"@type":"ImageObject","inLanguage":"sk-SK","@id":"http:\/\/dafinoo.eu\/mirmar\/#\/schema\/logo\/image\/","url":"http:\/\/dafinoo.eu\/mirmar\/wp-content\/uploads\/2021\/03\/mirmar_logo.png","contentUrl":"http:\/\/dafinoo.eu\/mirmar\/wp-content\/uploads\/2021\/03\/mirmar_logo.png","width":256,"height":60,"caption":"MIR-MAR"},"image":{"@id":"http:\/\/dafinoo.eu\/mirmar\/#\/schema\/logo\/image\/"},"sameAs":["https:\/\/facebook.com\/mirmareshop"]}]}},"_links":{"self":[{"href":"http:\/\/dafinoo.eu\/mirmar\/wp-json\/wp\/v2\/product\/35750","targetHints":{"allow":["GET"]}}],"collection":[{"href":"http:\/\/dafinoo.eu\/mirmar\/wp-json\/wp\/v2\/product"}],"about":[{"href":"http:\/\/dafinoo.eu\/mirmar\/wp-json\/wp\/v2\/types\/product"}],"replies":[{"embeddable":true,"href":"http:\/\/dafinoo.eu\/mirmar\/wp-json\/wp\/v2\/comments?post=35750"}],"wp:featuredmedia":[{"embeddable":true,"href":"http:\/\/dafinoo.eu\/mirmar\/wp-json\/wp\/v2\/media\/35751"}],"wp:attachment":[{"href":"http:\/\/dafinoo.eu\/mirmar\/wp-json\/wp\/v2\/media?parent=35750"}],"wp:term":[{"taxonomy":"product_cat","embeddable":true,"href":"http:\/\/dafinoo.eu\/mirmar\/wp-json\/wp\/v2\/product_cat?post=35750"},{"taxonomy":"product_tag","embeddable":true,"href":"http:\/\/dafinoo.eu\/mirmar\/wp-json\/wp\/v2\/product_tag?post=35750"}],"curies":[{"name":"wp","href":"https:\/\/api.w.org\/{rel}","templated":true}]}}