{"id":35774,"date":"2021-03-15T17:21:05","date_gmt":"2021-03-15T16:21:05","guid":{"rendered":"http:\/\/dafinoo.eu\/mirmar\/product\/makita-diamantova-vrtacka-pre-suche-jadrove-vrtanie-dbm130\/"},"modified":"2021-08-23T14:34:19","modified_gmt":"2021-08-23T12:34:19","slug":"makita-diamantova-vrtacka-pre-suche-jadrove-vrtanie-dbm130","status":"publish","type":"product","link":"http:\/\/dafinoo.eu\/mirmar\/obchod\/makita-diamantova-vrtacka-pre-suche-jadrove-vrtanie-dbm130\/","title":{"rendered":"Makita diamantov\u00e1 v\u0155ta\u010dka pre such\u00e9 jadrov\u00e9 v\u0155tanie DBM130"},"content":{"rendered":"<ul class=\"list-icon mb-4\">\n<li>Presn\u00e9 v\u0155tanie do muriva a m\u00e4kk\u00e9ho bet\u00f3nu<\/li>\n<li>Mechanick\u00fd obmedzova\u010d kr\u00fatiaceho momentu<\/li>\n<li>Robustn\u00e1 2-stup\u0148ov\u00e1 prevodovka<\/li>\n<li>Variabiln\u00e9 a kon\u0161tantn\u00e9 ovl\u00e1danie r\u00fdchlosti<\/li>\n<li>Plynul\u00fd rozbeh, ochrana pred pre\u0165a\u017een\u00edm a monitorovanie teploty na ochranu motora pred po\u0161koden\u00edm<\/li>\n<\/ul>\n","protected":false},"excerpt":{"rendered":"<table class=\"table table-striped\">\n<tbody>\n<tr>\n<td>Pr\u00edkon<\/td>\n<td>1.700 W<\/td>\n<\/tr>\n<tr>\n<td>Vo\u013enobe\u017en\u00e9 ot\u00e1\u010dky<\/td>\n<td>0 &#8211; 2000 min<sup>-1<\/sup><\/td>\n<\/tr>\n<tr>\n<td>Max. priemer v\u0155tania<\/td>\n<td>132 mm<\/td>\n<\/tr>\n<tr>\n<td>Up\u00ednanie \/ ve\u013ekos\u0165 vrt\u00e1ka<\/td>\n<td>M 18<\/td>\n<\/tr>\n<tr>\n<td>Priemer obj\u00edmky<\/td>\n<td>53 mm<\/td>\n<\/tr>\n<tr>\n<td>Hmotnos\u0165<\/td>\n<td>5,6 kg<\/td>\n<\/tr>\n<\/tbody>\n<\/table>\n","protected":false},"featured_media":35775,"comment_status":"closed","ping_status":"closed","template":"","meta":{"_lmt_disableupdate":"","_lmt_disable":""},"product_cat":[3051,3059,3065],"product_tag":[],"class_list":{"0":"post-35774","1":"product","2":"type-product","3":"status-publish","4":"has-post-thumbnail","6":"product_cat-makita","7":"product_cat-vrtanie","8":"product_cat-jadrove-vrtacky","9":"ts_product_brand-makita","11":"first","12":"outofstock","13":"taxable","14":"shipping-taxable","15":"purchasable","16":"product-type-simple"},"yoast_head":"<!-- This site is optimized with the Yoast SEO plugin v27.3 - https:\/\/yoast.com\/product\/yoast-seo-wordpress\/ -->\n<title>Makita diamantov\u00e1 v\u0155ta\u010dka pre such\u00e9 jadrov\u00e9 v\u0155tanie DBM130 - MIR-MAR<\/title>\n<meta name=\"robots\" content=\"index, follow, max-snippet:-1, max-image-preview:large, max-video-preview:-1\" \/>\n<link rel=\"canonical\" href=\"http:\/\/dafinoo.eu\/mirmar\/obchod\/makita-diamantova-vrtacka-pre-suche-jadrove-vrtanie-dbm130\/\" \/>\n<meta property=\"og:locale\" content=\"sk_SK\" \/>\n<meta property=\"og:type\" content=\"article\" \/>\n<meta property=\"og:title\" content=\"Makita diamantov\u00e1 v\u0155ta\u010dka pre such\u00e9 jadrov\u00e9 v\u0155tanie DBM130 - MIR-MAR\" \/>\n<meta property=\"og:description\" content=\"Pr\u00edkon 1.700 W   Vo\u013enobe\u017en\u00e9 ot\u00e1\u010dky 0 - 2000 min-1   Max. priemer v\u0155tania 132 mm   Up\u00ednanie \/ ve\u013ekos\u0165 vrt\u00e1ka M 18   Priemer obj\u00edmky 53 mm   Hmotnos\u0165 5,6 kg\" \/>\n<meta property=\"og:url\" content=\"http:\/\/dafinoo.eu\/mirmar\/obchod\/makita-diamantova-vrtacka-pre-suche-jadrove-vrtanie-dbm130\/\" \/>\n<meta property=\"og:site_name\" content=\"MIR-MAR\" \/>\n<meta property=\"article:publisher\" content=\"https:\/\/facebook.com\/mirmareshop\" \/>\n<meta property=\"article:modified_time\" content=\"2021-08-23T12:34:19+00:00\" \/>\n<meta property=\"og:image\" content=\"https:\/\/i1.wp.com\/www.mirmar.sk\/wp-content\/uploads\/2021\/03\/dbm130_1.jpg?fit=220%2C229&ssl=1\" \/>\n\t<meta property=\"og:image:width\" content=\"220\" \/>\n\t<meta property=\"og:image:height\" content=\"229\" \/>\n\t<meta property=\"og:image:type\" content=\"image\/jpeg\" \/>\n<script type=\"application\/ld+json\" class=\"yoast-schema-graph\">{\"@context\":\"https:\\\/\\\/schema.org\",\"@graph\":[{\"@type\":\"WebPage\",\"@id\":\"http:\\\/\\\/dafinoo.eu\\\/mirmar\\\/obchod\\\/makita-diamantova-vrtacka-pre-suche-jadrove-vrtanie-dbm130\\\/\",\"url\":\"http:\\\/\\\/dafinoo.eu\\\/mirmar\\\/obchod\\\/makita-diamantova-vrtacka-pre-suche-jadrove-vrtanie-dbm130\\\/\",\"name\":\"Makita diamantov\u00e1 v\u0155ta\u010dka pre such\u00e9 jadrov\u00e9 v\u0155tanie DBM130 - MIR-MAR\",\"isPartOf\":{\"@id\":\"http:\\\/\\\/dafinoo.eu\\\/mirmar\\\/#website\"},\"primaryImageOfPage\":{\"@id\":\"http:\\\/\\\/dafinoo.eu\\\/mirmar\\\/obchod\\\/makita-diamantova-vrtacka-pre-suche-jadrove-vrtanie-dbm130\\\/#primaryimage\"},\"image\":{\"@id\":\"http:\\\/\\\/dafinoo.eu\\\/mirmar\\\/obchod\\\/makita-diamantova-vrtacka-pre-suche-jadrove-vrtanie-dbm130\\\/#primaryimage\"},\"thumbnailUrl\":\"http:\\\/\\\/dafinoo.eu\\\/mirmar\\\/wp-content\\\/uploads\\\/2021\\\/03\\\/dbm130_1.jpg\",\"datePublished\":\"2021-03-15T16:21:05+00:00\",\"dateModified\":\"2021-08-23T12:34:19+00:00\",\"breadcrumb\":{\"@id\":\"http:\\\/\\\/dafinoo.eu\\\/mirmar\\\/obchod\\\/makita-diamantova-vrtacka-pre-suche-jadrove-vrtanie-dbm130\\\/#breadcrumb\"},\"inLanguage\":\"sk-SK\",\"potentialAction\":[{\"@type\":\"ReadAction\",\"target\":[\"http:\\\/\\\/dafinoo.eu\\\/mirmar\\\/obchod\\\/makita-diamantova-vrtacka-pre-suche-jadrove-vrtanie-dbm130\\\/\"]}]},{\"@type\":\"ImageObject\",\"inLanguage\":\"sk-SK\",\"@id\":\"http:\\\/\\\/dafinoo.eu\\\/mirmar\\\/obchod\\\/makita-diamantova-vrtacka-pre-suche-jadrove-vrtanie-dbm130\\\/#primaryimage\",\"url\":\"http:\\\/\\\/dafinoo.eu\\\/mirmar\\\/wp-content\\\/uploads\\\/2021\\\/03\\\/dbm130_1.jpg\",\"contentUrl\":\"http:\\\/\\\/dafinoo.eu\\\/mirmar\\\/wp-content\\\/uploads\\\/2021\\\/03\\\/dbm130_1.jpg\",\"width\":220,\"height\":229},{\"@type\":\"BreadcrumbList\",\"@id\":\"http:\\\/\\\/dafinoo.eu\\\/mirmar\\\/obchod\\\/makita-diamantova-vrtacka-pre-suche-jadrove-vrtanie-dbm130\\\/#breadcrumb\",\"itemListElement\":[{\"@type\":\"ListItem\",\"position\":1,\"name\":\"Domovsk\u00e1 str\u00e1nka\",\"item\":\"http:\\\/\\\/dafinoo.eu\\\/mirmar\\\/\"},{\"@type\":\"ListItem\",\"position\":2,\"name\":\"Obchod\",\"item\":\"http:\\\/\\\/dafinoo.eu\\\/mirmar\\\/obchod\\\/\"},{\"@type\":\"ListItem\",\"position\":3,\"name\":\"Makita diamantov\u00e1 v\u0155ta\u010dka pre such\u00e9 jadrov\u00e9 v\u0155tanie DBM130\"}]},{\"@type\":\"WebSite\",\"@id\":\"http:\\\/\\\/dafinoo.eu\\\/mirmar\\\/#website\",\"url\":\"http:\\\/\\\/dafinoo.eu\\\/mirmar\\\/\",\"name\":\"MIR-MAR\",\"description\":\"Eshop s n\u00e1rad\u00edm\",\"publisher\":{\"@id\":\"http:\\\/\\\/dafinoo.eu\\\/mirmar\\\/#organization\"},\"potentialAction\":[{\"@type\":\"SearchAction\",\"target\":{\"@type\":\"EntryPoint\",\"urlTemplate\":\"http:\\\/\\\/dafinoo.eu\\\/mirmar\\\/?s={search_term_string}\"},\"query-input\":{\"@type\":\"PropertyValueSpecification\",\"valueRequired\":true,\"valueName\":\"search_term_string\"}}],\"inLanguage\":\"sk-SK\"},{\"@type\":\"Organization\",\"@id\":\"http:\\\/\\\/dafinoo.eu\\\/mirmar\\\/#organization\",\"name\":\"MIR-MAR\",\"url\":\"http:\\\/\\\/dafinoo.eu\\\/mirmar\\\/\",\"logo\":{\"@type\":\"ImageObject\",\"inLanguage\":\"sk-SK\",\"@id\":\"http:\\\/\\\/dafinoo.eu\\\/mirmar\\\/#\\\/schema\\\/logo\\\/image\\\/\",\"url\":\"http:\\\/\\\/dafinoo.eu\\\/mirmar\\\/wp-content\\\/uploads\\\/2021\\\/03\\\/mirmar_logo.png\",\"contentUrl\":\"http:\\\/\\\/dafinoo.eu\\\/mirmar\\\/wp-content\\\/uploads\\\/2021\\\/03\\\/mirmar_logo.png\",\"width\":256,\"height\":60,\"caption\":\"MIR-MAR\"},\"image\":{\"@id\":\"http:\\\/\\\/dafinoo.eu\\\/mirmar\\\/#\\\/schema\\\/logo\\\/image\\\/\"},\"sameAs\":[\"https:\\\/\\\/facebook.com\\\/mirmareshop\"]}]}<\/script>\n<!-- \/ Yoast SEO plugin. -->","yoast_head_json":{"title":"Makita diamantov\u00e1 v\u0155ta\u010dka pre such\u00e9 jadrov\u00e9 v\u0155tanie DBM130 - MIR-MAR","robots":{"index":"index","follow":"follow","max-snippet":"max-snippet:-1","max-image-preview":"max-image-preview:large","max-video-preview":"max-video-preview:-1"},"canonical":"http:\/\/dafinoo.eu\/mirmar\/obchod\/makita-diamantova-vrtacka-pre-suche-jadrove-vrtanie-dbm130\/","og_locale":"sk_SK","og_type":"article","og_title":"Makita diamantov\u00e1 v\u0155ta\u010dka pre such\u00e9 jadrov\u00e9 v\u0155tanie DBM130 - MIR-MAR","og_description":"Pr\u00edkon 1.700 W   Vo\u013enobe\u017en\u00e9 ot\u00e1\u010dky 0 - 2000 min-1   Max. priemer v\u0155tania 132 mm   Up\u00ednanie \/ ve\u013ekos\u0165 vrt\u00e1ka M 18   Priemer obj\u00edmky 53 mm   Hmotnos\u0165 5,6 kg","og_url":"http:\/\/dafinoo.eu\/mirmar\/obchod\/makita-diamantova-vrtacka-pre-suche-jadrove-vrtanie-dbm130\/","og_site_name":"MIR-MAR","article_publisher":"https:\/\/facebook.com\/mirmareshop","article_modified_time":"2021-08-23T12:34:19+00:00","og_image":[{"width":220,"height":229,"url":"https:\/\/i1.wp.com\/www.mirmar.sk\/wp-content\/uploads\/2021\/03\/dbm130_1.jpg?fit=220%2C229&ssl=1","type":"image\/jpeg"}],"schema":{"@context":"https:\/\/schema.org","@graph":[{"@type":"WebPage","@id":"http:\/\/dafinoo.eu\/mirmar\/obchod\/makita-diamantova-vrtacka-pre-suche-jadrove-vrtanie-dbm130\/","url":"http:\/\/dafinoo.eu\/mirmar\/obchod\/makita-diamantova-vrtacka-pre-suche-jadrove-vrtanie-dbm130\/","name":"Makita diamantov\u00e1 v\u0155ta\u010dka pre such\u00e9 jadrov\u00e9 v\u0155tanie DBM130 - MIR-MAR","isPartOf":{"@id":"http:\/\/dafinoo.eu\/mirmar\/#website"},"primaryImageOfPage":{"@id":"http:\/\/dafinoo.eu\/mirmar\/obchod\/makita-diamantova-vrtacka-pre-suche-jadrove-vrtanie-dbm130\/#primaryimage"},"image":{"@id":"http:\/\/dafinoo.eu\/mirmar\/obchod\/makita-diamantova-vrtacka-pre-suche-jadrove-vrtanie-dbm130\/#primaryimage"},"thumbnailUrl":"http:\/\/dafinoo.eu\/mirmar\/wp-content\/uploads\/2021\/03\/dbm130_1.jpg","datePublished":"2021-03-15T16:21:05+00:00","dateModified":"2021-08-23T12:34:19+00:00","breadcrumb":{"@id":"http:\/\/dafinoo.eu\/mirmar\/obchod\/makita-diamantova-vrtacka-pre-suche-jadrove-vrtanie-dbm130\/#breadcrumb"},"inLanguage":"sk-SK","potentialAction":[{"@type":"ReadAction","target":["http:\/\/dafinoo.eu\/mirmar\/obchod\/makita-diamantova-vrtacka-pre-suche-jadrove-vrtanie-dbm130\/"]}]},{"@type":"ImageObject","inLanguage":"sk-SK","@id":"http:\/\/dafinoo.eu\/mirmar\/obchod\/makita-diamantova-vrtacka-pre-suche-jadrove-vrtanie-dbm130\/#primaryimage","url":"http:\/\/dafinoo.eu\/mirmar\/wp-content\/uploads\/2021\/03\/dbm130_1.jpg","contentUrl":"http:\/\/dafinoo.eu\/mirmar\/wp-content\/uploads\/2021\/03\/dbm130_1.jpg","width":220,"height":229},{"@type":"BreadcrumbList","@id":"http:\/\/dafinoo.eu\/mirmar\/obchod\/makita-diamantova-vrtacka-pre-suche-jadrove-vrtanie-dbm130\/#breadcrumb","itemListElement":[{"@type":"ListItem","position":1,"name":"Domovsk\u00e1 str\u00e1nka","item":"http:\/\/dafinoo.eu\/mirmar\/"},{"@type":"ListItem","position":2,"name":"Obchod","item":"http:\/\/dafinoo.eu\/mirmar\/obchod\/"},{"@type":"ListItem","position":3,"name":"Makita diamantov\u00e1 v\u0155ta\u010dka pre such\u00e9 jadrov\u00e9 v\u0155tanie DBM130"}]},{"@type":"WebSite","@id":"http:\/\/dafinoo.eu\/mirmar\/#website","url":"http:\/\/dafinoo.eu\/mirmar\/","name":"MIR-MAR","description":"Eshop s n\u00e1rad\u00edm","publisher":{"@id":"http:\/\/dafinoo.eu\/mirmar\/#organization"},"potentialAction":[{"@type":"SearchAction","target":{"@type":"EntryPoint","urlTemplate":"http:\/\/dafinoo.eu\/mirmar\/?s={search_term_string}"},"query-input":{"@type":"PropertyValueSpecification","valueRequired":true,"valueName":"search_term_string"}}],"inLanguage":"sk-SK"},{"@type":"Organization","@id":"http:\/\/dafinoo.eu\/mirmar\/#organization","name":"MIR-MAR","url":"http:\/\/dafinoo.eu\/mirmar\/","logo":{"@type":"ImageObject","inLanguage":"sk-SK","@id":"http:\/\/dafinoo.eu\/mirmar\/#\/schema\/logo\/image\/","url":"http:\/\/dafinoo.eu\/mirmar\/wp-content\/uploads\/2021\/03\/mirmar_logo.png","contentUrl":"http:\/\/dafinoo.eu\/mirmar\/wp-content\/uploads\/2021\/03\/mirmar_logo.png","width":256,"height":60,"caption":"MIR-MAR"},"image":{"@id":"http:\/\/dafinoo.eu\/mirmar\/#\/schema\/logo\/image\/"},"sameAs":["https:\/\/facebook.com\/mirmareshop"]}]}},"_links":{"self":[{"href":"http:\/\/dafinoo.eu\/mirmar\/wp-json\/wp\/v2\/product\/35774","targetHints":{"allow":["GET"]}}],"collection":[{"href":"http:\/\/dafinoo.eu\/mirmar\/wp-json\/wp\/v2\/product"}],"about":[{"href":"http:\/\/dafinoo.eu\/mirmar\/wp-json\/wp\/v2\/types\/product"}],"replies":[{"embeddable":true,"href":"http:\/\/dafinoo.eu\/mirmar\/wp-json\/wp\/v2\/comments?post=35774"}],"wp:featuredmedia":[{"embeddable":true,"href":"http:\/\/dafinoo.eu\/mirmar\/wp-json\/wp\/v2\/media\/35775"}],"wp:attachment":[{"href":"http:\/\/dafinoo.eu\/mirmar\/wp-json\/wp\/v2\/media?parent=35774"}],"wp:term":[{"taxonomy":"product_cat","embeddable":true,"href":"http:\/\/dafinoo.eu\/mirmar\/wp-json\/wp\/v2\/product_cat?post=35774"},{"taxonomy":"product_tag","embeddable":true,"href":"http:\/\/dafinoo.eu\/mirmar\/wp-json\/wp\/v2\/product_tag?post=35774"}],"curies":[{"name":"wp","href":"https:\/\/api.w.org\/{rel}","templated":true}]}}