{"id":35778,"date":"2021-03-15T17:21:05","date_gmt":"2021-03-15T16:21:05","guid":{"rendered":"http:\/\/dafinoo.eu\/mirmar\/product\/makita-diamantova-jadrova-vrtacka-na-vrtanie-namokro-dbm230\/"},"modified":"2021-07-13T18:50:04","modified_gmt":"2021-07-13T16:50:04","slug":"makita-diamantova-jadrova-vrtacka-na-vrtanie-namokro-dbm230","status":"publish","type":"product","link":"http:\/\/dafinoo.eu\/mirmar\/obchod\/makita-diamantova-jadrova-vrtacka-na-vrtanie-namokro-dbm230\/","title":{"rendered":"Makita diamantov\u00e1 jadrov\u00e1 v\u0155ta\u010dka na v\u0155tanie namokro DBM230"},"content":{"rendered":"<ul class=\"list-icon mb-4\">\n<li>Robustn&aacute; trojr&yacute;chlostn&aacute; prevodovka<\/li>\n<li>\u013dahk&yacute; &scaron;tart, kontrola prehriatia a pre\u0165a\u017eenia<\/li>\n<li>Mechanick&aacute; bezpe\u010dnostn&aacute; spojka<\/li>\n<li>Integrovan&aacute; chladiaca sada<\/li>\n<li>Doporu\u010den&eacute; pou\u017e&iacute;vanie iba so stojanom P-54190<\/li>\n<\/ul>\n","protected":false},"excerpt":{"rendered":"<table class=\"table table-striped\">\n<tbody>\n<tr>\n<td>Pr&iacute;kon<\/td>\n<td>2.500 W<\/td>\n<\/tr>\n<tr>\n<td>Vo\u013enobe\u017en&eacute; ot&aacute;\u010dky<\/td>\n<td>390\/1.040\/1.700 min<sup>-1<\/sup><\/td>\n<\/tr>\n<tr>\n<td>Max. priemer v\u0155tania<\/td>\n<td>230 mm<\/td>\n<\/tr>\n<tr>\n<td>Up&iacute;nanie n&aacute;stroja<\/td>\n<td>5\/4&#8243;<\/td>\n<\/tr>\n<tr>\n<td>Hmotnos\u0165<\/td>\n<td>11,2 kg<\/td>\n<\/tr>\n<\/tbody>\n<\/table>\n","protected":false},"featured_media":35779,"comment_status":"closed","ping_status":"open","template":"","meta":{"_lmt_disableupdate":"","_lmt_disable":""},"product_cat":[3051,3059,3065],"product_tag":[],"class_list":{"0":"post-35778","1":"product","2":"type-product","3":"status-publish","4":"has-post-thumbnail","6":"product_cat-makita","7":"product_cat-vrtanie","8":"product_cat-jadrove-vrtacky","9":"ts_product_brand-makita","11":"first","12":"instock","13":"taxable","14":"shipping-taxable","15":"purchasable","16":"product-type-simple"},"yoast_head":"<!-- This site is optimized with the Yoast SEO plugin v27.3 - https:\/\/yoast.com\/product\/yoast-seo-wordpress\/ -->\n<title>Makita diamantov\u00e1 jadrov\u00e1 v\u0155ta\u010dka na v\u0155tanie namokro DBM230 - MIR-MAR<\/title>\n<meta name=\"robots\" content=\"index, follow, max-snippet:-1, max-image-preview:large, max-video-preview:-1\" \/>\n<link rel=\"canonical\" href=\"http:\/\/dafinoo.eu\/mirmar\/obchod\/makita-diamantova-jadrova-vrtacka-na-vrtanie-namokro-dbm230\/\" \/>\n<meta property=\"og:locale\" content=\"sk_SK\" \/>\n<meta property=\"og:type\" content=\"article\" \/>\n<meta property=\"og:title\" content=\"Makita diamantov\u00e1 jadrov\u00e1 v\u0155ta\u010dka na v\u0155tanie namokro DBM230 - MIR-MAR\" \/>\n<meta property=\"og:description\" content=\"Pr&iacute;kon 2.500 W  Vo\u013enobe\u017en&eacute; ot&aacute;\u010dky 390\/1.040\/1.700 min-1  Max. priemer v\u0155tania 230 mm  Up&iacute;nanie n&aacute;stroja 5\/4&#8243;  Hmotnos\u0165 11,2 kg\" \/>\n<meta property=\"og:url\" content=\"http:\/\/dafinoo.eu\/mirmar\/obchod\/makita-diamantova-jadrova-vrtacka-na-vrtanie-namokro-dbm230\/\" \/>\n<meta property=\"og:site_name\" content=\"MIR-MAR\" \/>\n<meta property=\"article:publisher\" content=\"https:\/\/facebook.com\/mirmareshop\" \/>\n<meta property=\"article:modified_time\" content=\"2021-07-13T16:50:04+00:00\" \/>\n<meta property=\"og:image\" content=\"https:\/\/i0.wp.com\/www.mirmar.sk\/wp-content\/uploads\/2021\/03\/dbm230_1.jpg?fit=305%2C165&ssl=1\" \/>\n\t<meta property=\"og:image:width\" content=\"305\" \/>\n\t<meta property=\"og:image:height\" content=\"165\" \/>\n\t<meta property=\"og:image:type\" content=\"image\/jpeg\" \/>\n<script type=\"application\/ld+json\" class=\"yoast-schema-graph\">{\"@context\":\"https:\\\/\\\/schema.org\",\"@graph\":[{\"@type\":\"WebPage\",\"@id\":\"http:\\\/\\\/dafinoo.eu\\\/mirmar\\\/obchod\\\/makita-diamantova-jadrova-vrtacka-na-vrtanie-namokro-dbm230\\\/\",\"url\":\"http:\\\/\\\/dafinoo.eu\\\/mirmar\\\/obchod\\\/makita-diamantova-jadrova-vrtacka-na-vrtanie-namokro-dbm230\\\/\",\"name\":\"Makita diamantov\u00e1 jadrov\u00e1 v\u0155ta\u010dka na v\u0155tanie namokro DBM230 - MIR-MAR\",\"isPartOf\":{\"@id\":\"http:\\\/\\\/dafinoo.eu\\\/mirmar\\\/#website\"},\"primaryImageOfPage\":{\"@id\":\"http:\\\/\\\/dafinoo.eu\\\/mirmar\\\/obchod\\\/makita-diamantova-jadrova-vrtacka-na-vrtanie-namokro-dbm230\\\/#primaryimage\"},\"image\":{\"@id\":\"http:\\\/\\\/dafinoo.eu\\\/mirmar\\\/obchod\\\/makita-diamantova-jadrova-vrtacka-na-vrtanie-namokro-dbm230\\\/#primaryimage\"},\"thumbnailUrl\":\"http:\\\/\\\/dafinoo.eu\\\/mirmar\\\/wp-content\\\/uploads\\\/2021\\\/03\\\/dbm230_1.jpg\",\"datePublished\":\"2021-03-15T16:21:05+00:00\",\"dateModified\":\"2021-07-13T16:50:04+00:00\",\"breadcrumb\":{\"@id\":\"http:\\\/\\\/dafinoo.eu\\\/mirmar\\\/obchod\\\/makita-diamantova-jadrova-vrtacka-na-vrtanie-namokro-dbm230\\\/#breadcrumb\"},\"inLanguage\":\"sk-SK\",\"potentialAction\":[{\"@type\":\"ReadAction\",\"target\":[\"http:\\\/\\\/dafinoo.eu\\\/mirmar\\\/obchod\\\/makita-diamantova-jadrova-vrtacka-na-vrtanie-namokro-dbm230\\\/\"]}]},{\"@type\":\"ImageObject\",\"inLanguage\":\"sk-SK\",\"@id\":\"http:\\\/\\\/dafinoo.eu\\\/mirmar\\\/obchod\\\/makita-diamantova-jadrova-vrtacka-na-vrtanie-namokro-dbm230\\\/#primaryimage\",\"url\":\"http:\\\/\\\/dafinoo.eu\\\/mirmar\\\/wp-content\\\/uploads\\\/2021\\\/03\\\/dbm230_1.jpg\",\"contentUrl\":\"http:\\\/\\\/dafinoo.eu\\\/mirmar\\\/wp-content\\\/uploads\\\/2021\\\/03\\\/dbm230_1.jpg\",\"width\":305,\"height\":165},{\"@type\":\"BreadcrumbList\",\"@id\":\"http:\\\/\\\/dafinoo.eu\\\/mirmar\\\/obchod\\\/makita-diamantova-jadrova-vrtacka-na-vrtanie-namokro-dbm230\\\/#breadcrumb\",\"itemListElement\":[{\"@type\":\"ListItem\",\"position\":1,\"name\":\"Domovsk\u00e1 str\u00e1nka\",\"item\":\"http:\\\/\\\/dafinoo.eu\\\/mirmar\\\/\"},{\"@type\":\"ListItem\",\"position\":2,\"name\":\"Obchod\",\"item\":\"http:\\\/\\\/dafinoo.eu\\\/mirmar\\\/obchod\\\/\"},{\"@type\":\"ListItem\",\"position\":3,\"name\":\"Makita diamantov\u00e1 jadrov\u00e1 v\u0155ta\u010dka na v\u0155tanie namokro DBM230\"}]},{\"@type\":\"WebSite\",\"@id\":\"http:\\\/\\\/dafinoo.eu\\\/mirmar\\\/#website\",\"url\":\"http:\\\/\\\/dafinoo.eu\\\/mirmar\\\/\",\"name\":\"MIR-MAR\",\"description\":\"Eshop s n\u00e1rad\u00edm\",\"publisher\":{\"@id\":\"http:\\\/\\\/dafinoo.eu\\\/mirmar\\\/#organization\"},\"potentialAction\":[{\"@type\":\"SearchAction\",\"target\":{\"@type\":\"EntryPoint\",\"urlTemplate\":\"http:\\\/\\\/dafinoo.eu\\\/mirmar\\\/?s={search_term_string}\"},\"query-input\":{\"@type\":\"PropertyValueSpecification\",\"valueRequired\":true,\"valueName\":\"search_term_string\"}}],\"inLanguage\":\"sk-SK\"},{\"@type\":\"Organization\",\"@id\":\"http:\\\/\\\/dafinoo.eu\\\/mirmar\\\/#organization\",\"name\":\"MIR-MAR\",\"url\":\"http:\\\/\\\/dafinoo.eu\\\/mirmar\\\/\",\"logo\":{\"@type\":\"ImageObject\",\"inLanguage\":\"sk-SK\",\"@id\":\"http:\\\/\\\/dafinoo.eu\\\/mirmar\\\/#\\\/schema\\\/logo\\\/image\\\/\",\"url\":\"http:\\\/\\\/dafinoo.eu\\\/mirmar\\\/wp-content\\\/uploads\\\/2021\\\/03\\\/mirmar_logo.png\",\"contentUrl\":\"http:\\\/\\\/dafinoo.eu\\\/mirmar\\\/wp-content\\\/uploads\\\/2021\\\/03\\\/mirmar_logo.png\",\"width\":256,\"height\":60,\"caption\":\"MIR-MAR\"},\"image\":{\"@id\":\"http:\\\/\\\/dafinoo.eu\\\/mirmar\\\/#\\\/schema\\\/logo\\\/image\\\/\"},\"sameAs\":[\"https:\\\/\\\/facebook.com\\\/mirmareshop\"]}]}<\/script>\n<!-- \/ Yoast SEO plugin. -->","yoast_head_json":{"title":"Makita diamantov\u00e1 jadrov\u00e1 v\u0155ta\u010dka na v\u0155tanie namokro DBM230 - MIR-MAR","robots":{"index":"index","follow":"follow","max-snippet":"max-snippet:-1","max-image-preview":"max-image-preview:large","max-video-preview":"max-video-preview:-1"},"canonical":"http:\/\/dafinoo.eu\/mirmar\/obchod\/makita-diamantova-jadrova-vrtacka-na-vrtanie-namokro-dbm230\/","og_locale":"sk_SK","og_type":"article","og_title":"Makita diamantov\u00e1 jadrov\u00e1 v\u0155ta\u010dka na v\u0155tanie namokro DBM230 - MIR-MAR","og_description":"Pr&iacute;kon 2.500 W  Vo\u013enobe\u017en&eacute; ot&aacute;\u010dky 390\/1.040\/1.700 min-1  Max. priemer v\u0155tania 230 mm  Up&iacute;nanie n&aacute;stroja 5\/4&#8243;  Hmotnos\u0165 11,2 kg","og_url":"http:\/\/dafinoo.eu\/mirmar\/obchod\/makita-diamantova-jadrova-vrtacka-na-vrtanie-namokro-dbm230\/","og_site_name":"MIR-MAR","article_publisher":"https:\/\/facebook.com\/mirmareshop","article_modified_time":"2021-07-13T16:50:04+00:00","og_image":[{"width":305,"height":165,"url":"https:\/\/i0.wp.com\/www.mirmar.sk\/wp-content\/uploads\/2021\/03\/dbm230_1.jpg?fit=305%2C165&ssl=1","type":"image\/jpeg"}],"schema":{"@context":"https:\/\/schema.org","@graph":[{"@type":"WebPage","@id":"http:\/\/dafinoo.eu\/mirmar\/obchod\/makita-diamantova-jadrova-vrtacka-na-vrtanie-namokro-dbm230\/","url":"http:\/\/dafinoo.eu\/mirmar\/obchod\/makita-diamantova-jadrova-vrtacka-na-vrtanie-namokro-dbm230\/","name":"Makita diamantov\u00e1 jadrov\u00e1 v\u0155ta\u010dka na v\u0155tanie namokro DBM230 - MIR-MAR","isPartOf":{"@id":"http:\/\/dafinoo.eu\/mirmar\/#website"},"primaryImageOfPage":{"@id":"http:\/\/dafinoo.eu\/mirmar\/obchod\/makita-diamantova-jadrova-vrtacka-na-vrtanie-namokro-dbm230\/#primaryimage"},"image":{"@id":"http:\/\/dafinoo.eu\/mirmar\/obchod\/makita-diamantova-jadrova-vrtacka-na-vrtanie-namokro-dbm230\/#primaryimage"},"thumbnailUrl":"http:\/\/dafinoo.eu\/mirmar\/wp-content\/uploads\/2021\/03\/dbm230_1.jpg","datePublished":"2021-03-15T16:21:05+00:00","dateModified":"2021-07-13T16:50:04+00:00","breadcrumb":{"@id":"http:\/\/dafinoo.eu\/mirmar\/obchod\/makita-diamantova-jadrova-vrtacka-na-vrtanie-namokro-dbm230\/#breadcrumb"},"inLanguage":"sk-SK","potentialAction":[{"@type":"ReadAction","target":["http:\/\/dafinoo.eu\/mirmar\/obchod\/makita-diamantova-jadrova-vrtacka-na-vrtanie-namokro-dbm230\/"]}]},{"@type":"ImageObject","inLanguage":"sk-SK","@id":"http:\/\/dafinoo.eu\/mirmar\/obchod\/makita-diamantova-jadrova-vrtacka-na-vrtanie-namokro-dbm230\/#primaryimage","url":"http:\/\/dafinoo.eu\/mirmar\/wp-content\/uploads\/2021\/03\/dbm230_1.jpg","contentUrl":"http:\/\/dafinoo.eu\/mirmar\/wp-content\/uploads\/2021\/03\/dbm230_1.jpg","width":305,"height":165},{"@type":"BreadcrumbList","@id":"http:\/\/dafinoo.eu\/mirmar\/obchod\/makita-diamantova-jadrova-vrtacka-na-vrtanie-namokro-dbm230\/#breadcrumb","itemListElement":[{"@type":"ListItem","position":1,"name":"Domovsk\u00e1 str\u00e1nka","item":"http:\/\/dafinoo.eu\/mirmar\/"},{"@type":"ListItem","position":2,"name":"Obchod","item":"http:\/\/dafinoo.eu\/mirmar\/obchod\/"},{"@type":"ListItem","position":3,"name":"Makita diamantov\u00e1 jadrov\u00e1 v\u0155ta\u010dka na v\u0155tanie namokro DBM230"}]},{"@type":"WebSite","@id":"http:\/\/dafinoo.eu\/mirmar\/#website","url":"http:\/\/dafinoo.eu\/mirmar\/","name":"MIR-MAR","description":"Eshop s n\u00e1rad\u00edm","publisher":{"@id":"http:\/\/dafinoo.eu\/mirmar\/#organization"},"potentialAction":[{"@type":"SearchAction","target":{"@type":"EntryPoint","urlTemplate":"http:\/\/dafinoo.eu\/mirmar\/?s={search_term_string}"},"query-input":{"@type":"PropertyValueSpecification","valueRequired":true,"valueName":"search_term_string"}}],"inLanguage":"sk-SK"},{"@type":"Organization","@id":"http:\/\/dafinoo.eu\/mirmar\/#organization","name":"MIR-MAR","url":"http:\/\/dafinoo.eu\/mirmar\/","logo":{"@type":"ImageObject","inLanguage":"sk-SK","@id":"http:\/\/dafinoo.eu\/mirmar\/#\/schema\/logo\/image\/","url":"http:\/\/dafinoo.eu\/mirmar\/wp-content\/uploads\/2021\/03\/mirmar_logo.png","contentUrl":"http:\/\/dafinoo.eu\/mirmar\/wp-content\/uploads\/2021\/03\/mirmar_logo.png","width":256,"height":60,"caption":"MIR-MAR"},"image":{"@id":"http:\/\/dafinoo.eu\/mirmar\/#\/schema\/logo\/image\/"},"sameAs":["https:\/\/facebook.com\/mirmareshop"]}]}},"_links":{"self":[{"href":"http:\/\/dafinoo.eu\/mirmar\/wp-json\/wp\/v2\/product\/35778","targetHints":{"allow":["GET"]}}],"collection":[{"href":"http:\/\/dafinoo.eu\/mirmar\/wp-json\/wp\/v2\/product"}],"about":[{"href":"http:\/\/dafinoo.eu\/mirmar\/wp-json\/wp\/v2\/types\/product"}],"replies":[{"embeddable":true,"href":"http:\/\/dafinoo.eu\/mirmar\/wp-json\/wp\/v2\/comments?post=35778"}],"wp:featuredmedia":[{"embeddable":true,"href":"http:\/\/dafinoo.eu\/mirmar\/wp-json\/wp\/v2\/media\/35779"}],"wp:attachment":[{"href":"http:\/\/dafinoo.eu\/mirmar\/wp-json\/wp\/v2\/media?parent=35778"}],"wp:term":[{"taxonomy":"product_cat","embeddable":true,"href":"http:\/\/dafinoo.eu\/mirmar\/wp-json\/wp\/v2\/product_cat?post=35778"},{"taxonomy":"product_tag","embeddable":true,"href":"http:\/\/dafinoo.eu\/mirmar\/wp-json\/wp\/v2\/product_tag?post=35778"}],"curies":[{"name":"wp","href":"https:\/\/api.w.org\/{rel}","templated":true}]}}