{"id":35848,"date":"2021-03-15T17:21:20","date_gmt":"2021-03-15T16:21:20","guid":{"rendered":"http:\/\/dafinoo.eu\/mirmar\/product\/profesionalna-bruska-s-velkou-rezervou-vykonu-9558hn\/"},"modified":"2021-10-01T14:58:22","modified_gmt":"2021-10-01T12:58:22","slug":"profesionalna-bruska-s-velkou-rezervou-vykonu-9558hn","status":"publish","type":"product","link":"http:\/\/dafinoo.eu\/mirmar\/obchod\/profesionalna-bruska-s-velkou-rezervou-vykonu-9558hn\/","title":{"rendered":"Makita 9558HNRG"},"content":{"rendered":"<ul>\n<li>Teplovzdorn\u00fd motor s dostato\u010dnou kapacitou na rezanie kame\u0148a a muriva<\/li>\n<li><i class=\"icon-check text-success\"><\/i>Mimoriadne \u00fazke telo pre pohodln\u00fa manipul\u00e1ciu<\/li>\n<li><i class=\"icon-check text-success\"><\/i>Labyrintov\u00e1 kon\u0161trukcia na ochranu lo\u017e\u00edsk pred prachom<\/li>\n<li><i class=\"icon-check text-success\"><\/i>\u013dahk\u00e1 \u00fadr\u017eba<\/li>\n<li><i class=\"icon-check text-success\"><\/i>P\u00fazdro prevodovky nastavite\u013en\u00e9 4-kr\u00e1t o 90\u00b0<\/li>\n<\/ul>\n","protected":false},"excerpt":{"rendered":"<table class=\"table table-striped\">\n<tbody>\n<tr>\n<td>Pr\u00edkon<\/td>\n<td>840 W<\/td>\n<\/tr>\n<tr>\n<td>Vo\u013enobe\u017en\u00e9 ot\u00e1\u010dky<\/td>\n<td>11.000 min<sup>-1<\/sup><\/td>\n<\/tr>\n<tr>\n<td>Priemer br\u00fasneho kot\u00fa\u010da<\/td>\n<td>125 mm<\/td>\n<\/tr>\n<tr>\n<td>Ve\u013ekos\u0165 vretena<\/td>\n<td>M14 x 2<\/td>\n<\/tr>\n<tr>\n<td>Hmotnos\u0165<\/td>\n<td>2,1 kg<\/td>\n<\/tr>\n<tr>\n<td>Rozmery (D x \u0160 x V)<\/td>\n<td>271 x 139 x 106 mm<\/td>\n<\/tr>\n<\/tbody>\n<\/table>\n","protected":false},"featured_media":35849,"comment_status":"closed","ping_status":"closed","template":"","meta":{"_lmt_disableupdate":"","_lmt_disable":""},"product_cat":[3525],"product_tag":[],"class_list":{"0":"post-35848","1":"product","2":"type-product","3":"status-publish","4":"has-post-thumbnail","6":"product_cat-nezaradene","7":"ts_product_brand-makita","9":"first","10":"instock","11":"taxable","12":"shipping-taxable","13":"purchasable","14":"product-type-simple"},"yoast_head":"<!-- This site is optimized with the Yoast SEO plugin v27.3 - https:\/\/yoast.com\/product\/yoast-seo-wordpress\/ -->\n<title>Makita 9558HNRG - MIR-MAR<\/title>\n<meta name=\"robots\" content=\"index, follow, max-snippet:-1, max-image-preview:large, max-video-preview:-1\" \/>\n<link rel=\"canonical\" href=\"http:\/\/dafinoo.eu\/mirmar\/obchod\/profesionalna-bruska-s-velkou-rezervou-vykonu-9558hn\/\" \/>\n<meta property=\"og:locale\" content=\"sk_SK\" \/>\n<meta property=\"og:type\" content=\"article\" \/>\n<meta property=\"og:title\" content=\"Makita 9558HNRG - MIR-MAR\" \/>\n<meta property=\"og:description\" content=\"Pr\u00edkon 840 W   Vo\u013enobe\u017en\u00e9 ot\u00e1\u010dky 11.000 min-1   Priemer br\u00fasneho kot\u00fa\u010da 125 mm   Ve\u013ekos\u0165 vretena M14 x 2   Hmotnos\u0165 2,1 kg   Rozmery (D x \u0160 x V) 271 x 139 x 106 mm\" \/>\n<meta property=\"og:url\" content=\"http:\/\/dafinoo.eu\/mirmar\/obchod\/profesionalna-bruska-s-velkou-rezervou-vykonu-9558hn\/\" \/>\n<meta property=\"og:site_name\" content=\"MIR-MAR\" \/>\n<meta property=\"article:publisher\" content=\"https:\/\/facebook.com\/mirmareshop\" \/>\n<meta property=\"article:modified_time\" content=\"2021-10-01T12:58:22+00:00\" \/>\n<meta property=\"og:image\" content=\"https:\/\/i0.wp.com\/www.mirmar.sk\/wp-content\/uploads\/2021\/03\/9558hn_1.jpg?fit=270%2C187&ssl=1\" \/>\n\t<meta property=\"og:image:width\" content=\"270\" \/>\n\t<meta property=\"og:image:height\" content=\"187\" \/>\n\t<meta property=\"og:image:type\" content=\"image\/jpeg\" \/>\n<script type=\"application\/ld+json\" class=\"yoast-schema-graph\">{\"@context\":\"https:\\\/\\\/schema.org\",\"@graph\":[{\"@type\":\"WebPage\",\"@id\":\"http:\\\/\\\/dafinoo.eu\\\/mirmar\\\/obchod\\\/profesionalna-bruska-s-velkou-rezervou-vykonu-9558hn\\\/\",\"url\":\"http:\\\/\\\/dafinoo.eu\\\/mirmar\\\/obchod\\\/profesionalna-bruska-s-velkou-rezervou-vykonu-9558hn\\\/\",\"name\":\"Makita 9558HNRG - MIR-MAR\",\"isPartOf\":{\"@id\":\"http:\\\/\\\/dafinoo.eu\\\/mirmar\\\/#website\"},\"primaryImageOfPage\":{\"@id\":\"http:\\\/\\\/dafinoo.eu\\\/mirmar\\\/obchod\\\/profesionalna-bruska-s-velkou-rezervou-vykonu-9558hn\\\/#primaryimage\"},\"image\":{\"@id\":\"http:\\\/\\\/dafinoo.eu\\\/mirmar\\\/obchod\\\/profesionalna-bruska-s-velkou-rezervou-vykonu-9558hn\\\/#primaryimage\"},\"thumbnailUrl\":\"http:\\\/\\\/dafinoo.eu\\\/mirmar\\\/wp-content\\\/uploads\\\/2021\\\/03\\\/9558hn_1.jpg\",\"datePublished\":\"2021-03-15T16:21:20+00:00\",\"dateModified\":\"2021-10-01T12:58:22+00:00\",\"breadcrumb\":{\"@id\":\"http:\\\/\\\/dafinoo.eu\\\/mirmar\\\/obchod\\\/profesionalna-bruska-s-velkou-rezervou-vykonu-9558hn\\\/#breadcrumb\"},\"inLanguage\":\"sk-SK\",\"potentialAction\":[{\"@type\":\"ReadAction\",\"target\":[\"http:\\\/\\\/dafinoo.eu\\\/mirmar\\\/obchod\\\/profesionalna-bruska-s-velkou-rezervou-vykonu-9558hn\\\/\"]}]},{\"@type\":\"ImageObject\",\"inLanguage\":\"sk-SK\",\"@id\":\"http:\\\/\\\/dafinoo.eu\\\/mirmar\\\/obchod\\\/profesionalna-bruska-s-velkou-rezervou-vykonu-9558hn\\\/#primaryimage\",\"url\":\"http:\\\/\\\/dafinoo.eu\\\/mirmar\\\/wp-content\\\/uploads\\\/2021\\\/03\\\/9558hn_1.jpg\",\"contentUrl\":\"http:\\\/\\\/dafinoo.eu\\\/mirmar\\\/wp-content\\\/uploads\\\/2021\\\/03\\\/9558hn_1.jpg\",\"width\":270,\"height\":187},{\"@type\":\"BreadcrumbList\",\"@id\":\"http:\\\/\\\/dafinoo.eu\\\/mirmar\\\/obchod\\\/profesionalna-bruska-s-velkou-rezervou-vykonu-9558hn\\\/#breadcrumb\",\"itemListElement\":[{\"@type\":\"ListItem\",\"position\":1,\"name\":\"Domovsk\u00e1 str\u00e1nka\",\"item\":\"http:\\\/\\\/dafinoo.eu\\\/mirmar\\\/\"},{\"@type\":\"ListItem\",\"position\":2,\"name\":\"Obchod\",\"item\":\"http:\\\/\\\/dafinoo.eu\\\/mirmar\\\/obchod\\\/\"},{\"@type\":\"ListItem\",\"position\":3,\"name\":\"Makita 9558HNRG\"}]},{\"@type\":\"WebSite\",\"@id\":\"http:\\\/\\\/dafinoo.eu\\\/mirmar\\\/#website\",\"url\":\"http:\\\/\\\/dafinoo.eu\\\/mirmar\\\/\",\"name\":\"MIR-MAR\",\"description\":\"Eshop s n\u00e1rad\u00edm\",\"publisher\":{\"@id\":\"http:\\\/\\\/dafinoo.eu\\\/mirmar\\\/#organization\"},\"potentialAction\":[{\"@type\":\"SearchAction\",\"target\":{\"@type\":\"EntryPoint\",\"urlTemplate\":\"http:\\\/\\\/dafinoo.eu\\\/mirmar\\\/?s={search_term_string}\"},\"query-input\":{\"@type\":\"PropertyValueSpecification\",\"valueRequired\":true,\"valueName\":\"search_term_string\"}}],\"inLanguage\":\"sk-SK\"},{\"@type\":\"Organization\",\"@id\":\"http:\\\/\\\/dafinoo.eu\\\/mirmar\\\/#organization\",\"name\":\"MIR-MAR\",\"url\":\"http:\\\/\\\/dafinoo.eu\\\/mirmar\\\/\",\"logo\":{\"@type\":\"ImageObject\",\"inLanguage\":\"sk-SK\",\"@id\":\"http:\\\/\\\/dafinoo.eu\\\/mirmar\\\/#\\\/schema\\\/logo\\\/image\\\/\",\"url\":\"http:\\\/\\\/dafinoo.eu\\\/mirmar\\\/wp-content\\\/uploads\\\/2021\\\/03\\\/mirmar_logo.png\",\"contentUrl\":\"http:\\\/\\\/dafinoo.eu\\\/mirmar\\\/wp-content\\\/uploads\\\/2021\\\/03\\\/mirmar_logo.png\",\"width\":256,\"height\":60,\"caption\":\"MIR-MAR\"},\"image\":{\"@id\":\"http:\\\/\\\/dafinoo.eu\\\/mirmar\\\/#\\\/schema\\\/logo\\\/image\\\/\"},\"sameAs\":[\"https:\\\/\\\/facebook.com\\\/mirmareshop\"]}]}<\/script>\n<!-- \/ Yoast SEO plugin. -->","yoast_head_json":{"title":"Makita 9558HNRG - MIR-MAR","robots":{"index":"index","follow":"follow","max-snippet":"max-snippet:-1","max-image-preview":"max-image-preview:large","max-video-preview":"max-video-preview:-1"},"canonical":"http:\/\/dafinoo.eu\/mirmar\/obchod\/profesionalna-bruska-s-velkou-rezervou-vykonu-9558hn\/","og_locale":"sk_SK","og_type":"article","og_title":"Makita 9558HNRG - MIR-MAR","og_description":"Pr\u00edkon 840 W   Vo\u013enobe\u017en\u00e9 ot\u00e1\u010dky 11.000 min-1   Priemer br\u00fasneho kot\u00fa\u010da 125 mm   Ve\u013ekos\u0165 vretena M14 x 2   Hmotnos\u0165 2,1 kg   Rozmery (D x \u0160 x V) 271 x 139 x 106 mm","og_url":"http:\/\/dafinoo.eu\/mirmar\/obchod\/profesionalna-bruska-s-velkou-rezervou-vykonu-9558hn\/","og_site_name":"MIR-MAR","article_publisher":"https:\/\/facebook.com\/mirmareshop","article_modified_time":"2021-10-01T12:58:22+00:00","og_image":[{"width":270,"height":187,"url":"https:\/\/i0.wp.com\/www.mirmar.sk\/wp-content\/uploads\/2021\/03\/9558hn_1.jpg?fit=270%2C187&ssl=1","type":"image\/jpeg"}],"schema":{"@context":"https:\/\/schema.org","@graph":[{"@type":"WebPage","@id":"http:\/\/dafinoo.eu\/mirmar\/obchod\/profesionalna-bruska-s-velkou-rezervou-vykonu-9558hn\/","url":"http:\/\/dafinoo.eu\/mirmar\/obchod\/profesionalna-bruska-s-velkou-rezervou-vykonu-9558hn\/","name":"Makita 9558HNRG - MIR-MAR","isPartOf":{"@id":"http:\/\/dafinoo.eu\/mirmar\/#website"},"primaryImageOfPage":{"@id":"http:\/\/dafinoo.eu\/mirmar\/obchod\/profesionalna-bruska-s-velkou-rezervou-vykonu-9558hn\/#primaryimage"},"image":{"@id":"http:\/\/dafinoo.eu\/mirmar\/obchod\/profesionalna-bruska-s-velkou-rezervou-vykonu-9558hn\/#primaryimage"},"thumbnailUrl":"http:\/\/dafinoo.eu\/mirmar\/wp-content\/uploads\/2021\/03\/9558hn_1.jpg","datePublished":"2021-03-15T16:21:20+00:00","dateModified":"2021-10-01T12:58:22+00:00","breadcrumb":{"@id":"http:\/\/dafinoo.eu\/mirmar\/obchod\/profesionalna-bruska-s-velkou-rezervou-vykonu-9558hn\/#breadcrumb"},"inLanguage":"sk-SK","potentialAction":[{"@type":"ReadAction","target":["http:\/\/dafinoo.eu\/mirmar\/obchod\/profesionalna-bruska-s-velkou-rezervou-vykonu-9558hn\/"]}]},{"@type":"ImageObject","inLanguage":"sk-SK","@id":"http:\/\/dafinoo.eu\/mirmar\/obchod\/profesionalna-bruska-s-velkou-rezervou-vykonu-9558hn\/#primaryimage","url":"http:\/\/dafinoo.eu\/mirmar\/wp-content\/uploads\/2021\/03\/9558hn_1.jpg","contentUrl":"http:\/\/dafinoo.eu\/mirmar\/wp-content\/uploads\/2021\/03\/9558hn_1.jpg","width":270,"height":187},{"@type":"BreadcrumbList","@id":"http:\/\/dafinoo.eu\/mirmar\/obchod\/profesionalna-bruska-s-velkou-rezervou-vykonu-9558hn\/#breadcrumb","itemListElement":[{"@type":"ListItem","position":1,"name":"Domovsk\u00e1 str\u00e1nka","item":"http:\/\/dafinoo.eu\/mirmar\/"},{"@type":"ListItem","position":2,"name":"Obchod","item":"http:\/\/dafinoo.eu\/mirmar\/obchod\/"},{"@type":"ListItem","position":3,"name":"Makita 9558HNRG"}]},{"@type":"WebSite","@id":"http:\/\/dafinoo.eu\/mirmar\/#website","url":"http:\/\/dafinoo.eu\/mirmar\/","name":"MIR-MAR","description":"Eshop s n\u00e1rad\u00edm","publisher":{"@id":"http:\/\/dafinoo.eu\/mirmar\/#organization"},"potentialAction":[{"@type":"SearchAction","target":{"@type":"EntryPoint","urlTemplate":"http:\/\/dafinoo.eu\/mirmar\/?s={search_term_string}"},"query-input":{"@type":"PropertyValueSpecification","valueRequired":true,"valueName":"search_term_string"}}],"inLanguage":"sk-SK"},{"@type":"Organization","@id":"http:\/\/dafinoo.eu\/mirmar\/#organization","name":"MIR-MAR","url":"http:\/\/dafinoo.eu\/mirmar\/","logo":{"@type":"ImageObject","inLanguage":"sk-SK","@id":"http:\/\/dafinoo.eu\/mirmar\/#\/schema\/logo\/image\/","url":"http:\/\/dafinoo.eu\/mirmar\/wp-content\/uploads\/2021\/03\/mirmar_logo.png","contentUrl":"http:\/\/dafinoo.eu\/mirmar\/wp-content\/uploads\/2021\/03\/mirmar_logo.png","width":256,"height":60,"caption":"MIR-MAR"},"image":{"@id":"http:\/\/dafinoo.eu\/mirmar\/#\/schema\/logo\/image\/"},"sameAs":["https:\/\/facebook.com\/mirmareshop"]}]}},"_links":{"self":[{"href":"http:\/\/dafinoo.eu\/mirmar\/wp-json\/wp\/v2\/product\/35848","targetHints":{"allow":["GET"]}}],"collection":[{"href":"http:\/\/dafinoo.eu\/mirmar\/wp-json\/wp\/v2\/product"}],"about":[{"href":"http:\/\/dafinoo.eu\/mirmar\/wp-json\/wp\/v2\/types\/product"}],"replies":[{"embeddable":true,"href":"http:\/\/dafinoo.eu\/mirmar\/wp-json\/wp\/v2\/comments?post=35848"}],"wp:featuredmedia":[{"embeddable":true,"href":"http:\/\/dafinoo.eu\/mirmar\/wp-json\/wp\/v2\/media\/35849"}],"wp:attachment":[{"href":"http:\/\/dafinoo.eu\/mirmar\/wp-json\/wp\/v2\/media?parent=35848"}],"wp:term":[{"taxonomy":"product_cat","embeddable":true,"href":"http:\/\/dafinoo.eu\/mirmar\/wp-json\/wp\/v2\/product_cat?post=35848"},{"taxonomy":"product_tag","embeddable":true,"href":"http:\/\/dafinoo.eu\/mirmar\/wp-json\/wp\/v2\/product_tag?post=35848"}],"curies":[{"name":"wp","href":"https:\/\/api.w.org\/{rel}","templated":true}]}}