{"id":35888,"date":"2021-03-15T17:21:28","date_gmt":"2021-03-15T16:21:28","guid":{"rendered":"http:\/\/dafinoo.eu\/mirmar\/product\/uhlova-bruska-pre-stavebnictvo-a-priemysel-ga9040sf01\/"},"modified":"2021-04-25T14:09:42","modified_gmt":"2021-04-25T12:09:42","slug":"uhlova-bruska-pre-stavebnictvo-a-priemysel-ga9040sf01","status":"publish","type":"product","link":"http:\/\/dafinoo.eu\/mirmar\/obchod\/uhlova-bruska-pre-stavebnictvo-a-priemysel-ga9040sf01\/","title":{"rendered":"Makita uhlov\u00e1 br\u00faska pre stavebn\u00edctvo a priemysel GA9040SF01"},"content":{"rendered":"<p>* Nov\u00e1 protiprachov\u00e1 kon\u0161trukcia pre nasadenie v stavebn\u00edctve a priemysle<br \/>\n* Celorozsahov\u00e1 elektronika pre kon\u0161tantn\u00e9 ot\u00e1\u010dky pri za\u0165a\u017een\u00ed<br \/>\n* Patentovan\u00e9 cik-cak povrstven\u00e9 vinutie rotora z epoxidovej \u017eivice umo\u017e\u0148uje na z\u00e1klade vysok\u00fdch ot\u00e1\u010dok rotora vznik ochrann\u00e9ho prstenca, ktor\u00fd z vinutia odstr\u00e1ni mal\u00e9 cudzie telieska a prach<br \/>\n* Labyrintov\u00e9 tesnenie guli\u010dkov\u00fdch lo\u017e\u00edsk proti prachu a ne\u010distote<br \/>\n* Ozuben\u00e9 kolesa s tvrdokovu pre dlh\u00fa \u017eivotnos\u0165<br \/>\n* Zvonku vymenite\u013en\u00e9 uhl\u00edky<br \/>\n* Prevodov\u00e1 skri\u0148a prestavite\u013en\u00e1 po 90\u00b0<br \/>\n* Tret\u00ed z\u00e1vitov\u00fd otvor pre pr\u00eddavn\u00fa rukov\u00e4\u0165 (M14)<br \/>\n* Obmedzova\u010d n\u00e1behov\u00e9ho pr\u00fadu<br \/>\n* Model GA9040SF01 naviac s r\u00fdchloup\u00ednacou maticou (super pr\u00edrubou)<\/p>\n","protected":false},"excerpt":{"rendered":"<p>Pr\u00edkon 2600 W<br \/>\nVo\u013enobe\u017en\u00e9 ot\u00e1\u010dky 6600 min-1<br \/>\nPriemer br\u00fasneho kot\u00fa\u010da 230 mm<br \/>\nZ\u00e1vit vretena M14 x 2<br \/>\nHmotnos\u0165 6,7 kg<\/p>\n","protected":false},"featured_media":42625,"comment_status":"closed","ping_status":"closed","template":"","meta":{"_lmt_disableupdate":"","_lmt_disable":""},"product_cat":[3051,3071,3259],"product_tag":[],"class_list":{"0":"post-35888","1":"product","2":"type-product","3":"status-publish","4":"has-post-thumbnail","6":"product_cat-makita","7":"product_cat-rezanie","8":"product_cat-uhlova-bruska-230mm","9":"ts_product_brand-makita","11":"first","12":"instock","13":"taxable","14":"shipping-taxable","15":"purchasable","16":"product-type-simple"},"yoast_head":"<!-- This site is optimized with the Yoast SEO plugin v27.3 - https:\/\/yoast.com\/product\/yoast-seo-wordpress\/ -->\n<title>Makita uhlov\u00e1 br\u00faska pre stavebn\u00edctvo a priemysel GA9040SF01 - MIR-MAR<\/title>\n<meta name=\"robots\" content=\"index, follow, max-snippet:-1, max-image-preview:large, max-video-preview:-1\" \/>\n<link rel=\"canonical\" href=\"http:\/\/dafinoo.eu\/mirmar\/obchod\/uhlova-bruska-pre-stavebnictvo-a-priemysel-ga9040sf01\/\" \/>\n<meta property=\"og:locale\" content=\"sk_SK\" \/>\n<meta property=\"og:type\" content=\"article\" \/>\n<meta property=\"og:title\" content=\"Makita uhlov\u00e1 br\u00faska pre stavebn\u00edctvo a priemysel GA9040SF01 - MIR-MAR\" \/>\n<meta property=\"og:description\" content=\"Pr\u00edkon 2600 W Vo\u013enobe\u017en\u00e9 ot\u00e1\u010dky 6600 min-1 Priemer br\u00fasneho kot\u00fa\u010da 230 mm Z\u00e1vit vretena M14 x 2 Hmotnos\u0165 6,7 kg\" \/>\n<meta property=\"og:url\" content=\"http:\/\/dafinoo.eu\/mirmar\/obchod\/uhlova-bruska-pre-stavebnictvo-a-priemysel-ga9040sf01\/\" \/>\n<meta property=\"og:site_name\" content=\"MIR-MAR\" \/>\n<meta property=\"article:publisher\" content=\"https:\/\/facebook.com\/mirmareshop\" \/>\n<meta property=\"article:modified_time\" content=\"2021-04-25T12:09:42+00:00\" \/>\n<meta property=\"og:image\" content=\"https:\/\/i0.wp.com\/www.mirmar.sk\/wp-content\/uploads\/2021\/03\/2c71e6681ee7673901f67603416555e7-mmf1000x1000.jpeg?fit=1000%2C1000&ssl=1\" \/>\n\t<meta property=\"og:image:width\" content=\"1000\" \/>\n\t<meta property=\"og:image:height\" content=\"1000\" \/>\n\t<meta property=\"og:image:type\" content=\"image\/jpeg\" \/>\n<meta name=\"twitter:label1\" content=\"Predpokladan\u00fd \u010das \u010d\u00edtania\" \/>\n\t<meta name=\"twitter:data1\" content=\"1 min\u00fata\" \/>\n<script type=\"application\/ld+json\" class=\"yoast-schema-graph\">{\"@context\":\"https:\\\/\\\/schema.org\",\"@graph\":[{\"@type\":\"WebPage\",\"@id\":\"http:\\\/\\\/dafinoo.eu\\\/mirmar\\\/obchod\\\/uhlova-bruska-pre-stavebnictvo-a-priemysel-ga9040sf01\\\/\",\"url\":\"http:\\\/\\\/dafinoo.eu\\\/mirmar\\\/obchod\\\/uhlova-bruska-pre-stavebnictvo-a-priemysel-ga9040sf01\\\/\",\"name\":\"Makita uhlov\u00e1 br\u00faska pre stavebn\u00edctvo a priemysel GA9040SF01 - MIR-MAR\",\"isPartOf\":{\"@id\":\"http:\\\/\\\/dafinoo.eu\\\/mirmar\\\/#website\"},\"primaryImageOfPage\":{\"@id\":\"http:\\\/\\\/dafinoo.eu\\\/mirmar\\\/obchod\\\/uhlova-bruska-pre-stavebnictvo-a-priemysel-ga9040sf01\\\/#primaryimage\"},\"image\":{\"@id\":\"http:\\\/\\\/dafinoo.eu\\\/mirmar\\\/obchod\\\/uhlova-bruska-pre-stavebnictvo-a-priemysel-ga9040sf01\\\/#primaryimage\"},\"thumbnailUrl\":\"http:\\\/\\\/dafinoo.eu\\\/mirmar\\\/wp-content\\\/uploads\\\/2021\\\/03\\\/2c71e6681ee7673901f67603416555e7-mmf1000x1000.jpeg\",\"datePublished\":\"2021-03-15T16:21:28+00:00\",\"dateModified\":\"2021-04-25T12:09:42+00:00\",\"breadcrumb\":{\"@id\":\"http:\\\/\\\/dafinoo.eu\\\/mirmar\\\/obchod\\\/uhlova-bruska-pre-stavebnictvo-a-priemysel-ga9040sf01\\\/#breadcrumb\"},\"inLanguage\":\"sk-SK\",\"potentialAction\":[{\"@type\":\"ReadAction\",\"target\":[\"http:\\\/\\\/dafinoo.eu\\\/mirmar\\\/obchod\\\/uhlova-bruska-pre-stavebnictvo-a-priemysel-ga9040sf01\\\/\"]}]},{\"@type\":\"ImageObject\",\"inLanguage\":\"sk-SK\",\"@id\":\"http:\\\/\\\/dafinoo.eu\\\/mirmar\\\/obchod\\\/uhlova-bruska-pre-stavebnictvo-a-priemysel-ga9040sf01\\\/#primaryimage\",\"url\":\"http:\\\/\\\/dafinoo.eu\\\/mirmar\\\/wp-content\\\/uploads\\\/2021\\\/03\\\/2c71e6681ee7673901f67603416555e7-mmf1000x1000.jpeg\",\"contentUrl\":\"http:\\\/\\\/dafinoo.eu\\\/mirmar\\\/wp-content\\\/uploads\\\/2021\\\/03\\\/2c71e6681ee7673901f67603416555e7-mmf1000x1000.jpeg\",\"width\":1000,\"height\":1000},{\"@type\":\"BreadcrumbList\",\"@id\":\"http:\\\/\\\/dafinoo.eu\\\/mirmar\\\/obchod\\\/uhlova-bruska-pre-stavebnictvo-a-priemysel-ga9040sf01\\\/#breadcrumb\",\"itemListElement\":[{\"@type\":\"ListItem\",\"position\":1,\"name\":\"Domovsk\u00e1 str\u00e1nka\",\"item\":\"http:\\\/\\\/dafinoo.eu\\\/mirmar\\\/\"},{\"@type\":\"ListItem\",\"position\":2,\"name\":\"Obchod\",\"item\":\"http:\\\/\\\/dafinoo.eu\\\/mirmar\\\/obchod\\\/\"},{\"@type\":\"ListItem\",\"position\":3,\"name\":\"Makita uhlov\u00e1 br\u00faska pre stavebn\u00edctvo a priemysel GA9040SF01\"}]},{\"@type\":\"WebSite\",\"@id\":\"http:\\\/\\\/dafinoo.eu\\\/mirmar\\\/#website\",\"url\":\"http:\\\/\\\/dafinoo.eu\\\/mirmar\\\/\",\"name\":\"MIR-MAR\",\"description\":\"Eshop s n\u00e1rad\u00edm\",\"publisher\":{\"@id\":\"http:\\\/\\\/dafinoo.eu\\\/mirmar\\\/#organization\"},\"potentialAction\":[{\"@type\":\"SearchAction\",\"target\":{\"@type\":\"EntryPoint\",\"urlTemplate\":\"http:\\\/\\\/dafinoo.eu\\\/mirmar\\\/?s={search_term_string}\"},\"query-input\":{\"@type\":\"PropertyValueSpecification\",\"valueRequired\":true,\"valueName\":\"search_term_string\"}}],\"inLanguage\":\"sk-SK\"},{\"@type\":\"Organization\",\"@id\":\"http:\\\/\\\/dafinoo.eu\\\/mirmar\\\/#organization\",\"name\":\"MIR-MAR\",\"url\":\"http:\\\/\\\/dafinoo.eu\\\/mirmar\\\/\",\"logo\":{\"@type\":\"ImageObject\",\"inLanguage\":\"sk-SK\",\"@id\":\"http:\\\/\\\/dafinoo.eu\\\/mirmar\\\/#\\\/schema\\\/logo\\\/image\\\/\",\"url\":\"http:\\\/\\\/dafinoo.eu\\\/mirmar\\\/wp-content\\\/uploads\\\/2021\\\/03\\\/mirmar_logo.png\",\"contentUrl\":\"http:\\\/\\\/dafinoo.eu\\\/mirmar\\\/wp-content\\\/uploads\\\/2021\\\/03\\\/mirmar_logo.png\",\"width\":256,\"height\":60,\"caption\":\"MIR-MAR\"},\"image\":{\"@id\":\"http:\\\/\\\/dafinoo.eu\\\/mirmar\\\/#\\\/schema\\\/logo\\\/image\\\/\"},\"sameAs\":[\"https:\\\/\\\/facebook.com\\\/mirmareshop\"]}]}<\/script>\n<!-- \/ Yoast SEO plugin. -->","yoast_head_json":{"title":"Makita uhlov\u00e1 br\u00faska pre stavebn\u00edctvo a priemysel GA9040SF01 - MIR-MAR","robots":{"index":"index","follow":"follow","max-snippet":"max-snippet:-1","max-image-preview":"max-image-preview:large","max-video-preview":"max-video-preview:-1"},"canonical":"http:\/\/dafinoo.eu\/mirmar\/obchod\/uhlova-bruska-pre-stavebnictvo-a-priemysel-ga9040sf01\/","og_locale":"sk_SK","og_type":"article","og_title":"Makita uhlov\u00e1 br\u00faska pre stavebn\u00edctvo a priemysel GA9040SF01 - MIR-MAR","og_description":"Pr\u00edkon 2600 W Vo\u013enobe\u017en\u00e9 ot\u00e1\u010dky 6600 min-1 Priemer br\u00fasneho kot\u00fa\u010da 230 mm Z\u00e1vit vretena M14 x 2 Hmotnos\u0165 6,7 kg","og_url":"http:\/\/dafinoo.eu\/mirmar\/obchod\/uhlova-bruska-pre-stavebnictvo-a-priemysel-ga9040sf01\/","og_site_name":"MIR-MAR","article_publisher":"https:\/\/facebook.com\/mirmareshop","article_modified_time":"2021-04-25T12:09:42+00:00","og_image":[{"width":1000,"height":1000,"url":"https:\/\/i0.wp.com\/www.mirmar.sk\/wp-content\/uploads\/2021\/03\/2c71e6681ee7673901f67603416555e7-mmf1000x1000.jpeg?fit=1000%2C1000&ssl=1","type":"image\/jpeg"}],"twitter_misc":{"Predpokladan\u00fd \u010das \u010d\u00edtania":"1 min\u00fata"},"schema":{"@context":"https:\/\/schema.org","@graph":[{"@type":"WebPage","@id":"http:\/\/dafinoo.eu\/mirmar\/obchod\/uhlova-bruska-pre-stavebnictvo-a-priemysel-ga9040sf01\/","url":"http:\/\/dafinoo.eu\/mirmar\/obchod\/uhlova-bruska-pre-stavebnictvo-a-priemysel-ga9040sf01\/","name":"Makita uhlov\u00e1 br\u00faska pre stavebn\u00edctvo a priemysel GA9040SF01 - MIR-MAR","isPartOf":{"@id":"http:\/\/dafinoo.eu\/mirmar\/#website"},"primaryImageOfPage":{"@id":"http:\/\/dafinoo.eu\/mirmar\/obchod\/uhlova-bruska-pre-stavebnictvo-a-priemysel-ga9040sf01\/#primaryimage"},"image":{"@id":"http:\/\/dafinoo.eu\/mirmar\/obchod\/uhlova-bruska-pre-stavebnictvo-a-priemysel-ga9040sf01\/#primaryimage"},"thumbnailUrl":"http:\/\/dafinoo.eu\/mirmar\/wp-content\/uploads\/2021\/03\/2c71e6681ee7673901f67603416555e7-mmf1000x1000.jpeg","datePublished":"2021-03-15T16:21:28+00:00","dateModified":"2021-04-25T12:09:42+00:00","breadcrumb":{"@id":"http:\/\/dafinoo.eu\/mirmar\/obchod\/uhlova-bruska-pre-stavebnictvo-a-priemysel-ga9040sf01\/#breadcrumb"},"inLanguage":"sk-SK","potentialAction":[{"@type":"ReadAction","target":["http:\/\/dafinoo.eu\/mirmar\/obchod\/uhlova-bruska-pre-stavebnictvo-a-priemysel-ga9040sf01\/"]}]},{"@type":"ImageObject","inLanguage":"sk-SK","@id":"http:\/\/dafinoo.eu\/mirmar\/obchod\/uhlova-bruska-pre-stavebnictvo-a-priemysel-ga9040sf01\/#primaryimage","url":"http:\/\/dafinoo.eu\/mirmar\/wp-content\/uploads\/2021\/03\/2c71e6681ee7673901f67603416555e7-mmf1000x1000.jpeg","contentUrl":"http:\/\/dafinoo.eu\/mirmar\/wp-content\/uploads\/2021\/03\/2c71e6681ee7673901f67603416555e7-mmf1000x1000.jpeg","width":1000,"height":1000},{"@type":"BreadcrumbList","@id":"http:\/\/dafinoo.eu\/mirmar\/obchod\/uhlova-bruska-pre-stavebnictvo-a-priemysel-ga9040sf01\/#breadcrumb","itemListElement":[{"@type":"ListItem","position":1,"name":"Domovsk\u00e1 str\u00e1nka","item":"http:\/\/dafinoo.eu\/mirmar\/"},{"@type":"ListItem","position":2,"name":"Obchod","item":"http:\/\/dafinoo.eu\/mirmar\/obchod\/"},{"@type":"ListItem","position":3,"name":"Makita uhlov\u00e1 br\u00faska pre stavebn\u00edctvo a priemysel GA9040SF01"}]},{"@type":"WebSite","@id":"http:\/\/dafinoo.eu\/mirmar\/#website","url":"http:\/\/dafinoo.eu\/mirmar\/","name":"MIR-MAR","description":"Eshop s n\u00e1rad\u00edm","publisher":{"@id":"http:\/\/dafinoo.eu\/mirmar\/#organization"},"potentialAction":[{"@type":"SearchAction","target":{"@type":"EntryPoint","urlTemplate":"http:\/\/dafinoo.eu\/mirmar\/?s={search_term_string}"},"query-input":{"@type":"PropertyValueSpecification","valueRequired":true,"valueName":"search_term_string"}}],"inLanguage":"sk-SK"},{"@type":"Organization","@id":"http:\/\/dafinoo.eu\/mirmar\/#organization","name":"MIR-MAR","url":"http:\/\/dafinoo.eu\/mirmar\/","logo":{"@type":"ImageObject","inLanguage":"sk-SK","@id":"http:\/\/dafinoo.eu\/mirmar\/#\/schema\/logo\/image\/","url":"http:\/\/dafinoo.eu\/mirmar\/wp-content\/uploads\/2021\/03\/mirmar_logo.png","contentUrl":"http:\/\/dafinoo.eu\/mirmar\/wp-content\/uploads\/2021\/03\/mirmar_logo.png","width":256,"height":60,"caption":"MIR-MAR"},"image":{"@id":"http:\/\/dafinoo.eu\/mirmar\/#\/schema\/logo\/image\/"},"sameAs":["https:\/\/facebook.com\/mirmareshop"]}]}},"_links":{"self":[{"href":"http:\/\/dafinoo.eu\/mirmar\/wp-json\/wp\/v2\/product\/35888","targetHints":{"allow":["GET"]}}],"collection":[{"href":"http:\/\/dafinoo.eu\/mirmar\/wp-json\/wp\/v2\/product"}],"about":[{"href":"http:\/\/dafinoo.eu\/mirmar\/wp-json\/wp\/v2\/types\/product"}],"replies":[{"embeddable":true,"href":"http:\/\/dafinoo.eu\/mirmar\/wp-json\/wp\/v2\/comments?post=35888"}],"wp:featuredmedia":[{"embeddable":true,"href":"http:\/\/dafinoo.eu\/mirmar\/wp-json\/wp\/v2\/media\/42625"}],"wp:attachment":[{"href":"http:\/\/dafinoo.eu\/mirmar\/wp-json\/wp\/v2\/media?parent=35888"}],"wp:term":[{"taxonomy":"product_cat","embeddable":true,"href":"http:\/\/dafinoo.eu\/mirmar\/wp-json\/wp\/v2\/product_cat?post=35888"},{"taxonomy":"product_tag","embeddable":true,"href":"http:\/\/dafinoo.eu\/mirmar\/wp-json\/wp\/v2\/product_tag?post=35888"}],"curies":[{"name":"wp","href":"https:\/\/api.w.org\/{rel}","templated":true}]}}