{"id":35894,"date":"2021-03-15T17:21:28","date_gmt":"2021-03-15T16:21:28","guid":{"rendered":"http:\/\/dafinoo.eu\/mirmar\/product\/mala-rezacka-kachliciek-s-vlastnym-odsavanim-4105kb\/"},"modified":"2021-04-21T15:21:20","modified_gmt":"2021-04-21T13:21:20","slug":"mala-rezacka-kachliciek-s-vlastnym-odsavanim-4105kb","status":"publish","type":"product","link":"http:\/\/dafinoo.eu\/mirmar\/obchod\/mala-rezacka-kachliciek-s-vlastnym-odsavanim-4105kb\/","title":{"rendered":"Makita mal\u00e1 reza\u010dka kachli\u010diek s vlastn\u00fdm ods\u00e1van\u00edm 4105KB"},"content":{"rendered":"<p>* Diamantov\u00e1 reza\u010dka na rezaniu s\u00e1drov\u00fdch \u0161p\u00e1r a kachli\u010diek<br \/>\n    * Integrovan\u00e1 ochrana proti pre\u0165a\u017eeniu zabra\u0148uje po\u0161kodeniu motora<br \/>\n    * H\u013abka rezu plynule nastavite\u013en\u00e1 a\u017e do 40 mm<br \/>\n    * Mo\u017enos\u0165 pou\u017eitia aj extern\u00e9ho ods\u00e1vania<br \/>\n    * Vyv\u00e1\u017een\u00e9 rozdelenie hmotnosti pre ist\u00e9 a ne\u00fanavn\u00e9 vedenie<\/p>\n","protected":false},"excerpt":{"rendered":"<p>Pr\u00edkon\t800 W<br \/>\nVo\u013enobe\u017en\u00e9 ot\u00e1\u010dky\t7500 min-1<br \/>\nPriemer diamantov\u00e9ho kot\u00fa\u010da\t125 mm<br \/>\nV\u0155tanie diamantov\u00e9ho kot\u00fa\u010da\t20 mm<br \/>\nH\u013abka rezu\t40 mm<br \/>\nHmotnos\u0165\t3,1 kg<\/p>\n","protected":false},"featured_media":35895,"comment_status":"closed","ping_status":"open","template":"","meta":{"_lmt_disableupdate":"","_lmt_disable":""},"product_cat":[],"product_tag":[],"class_list":{"0":"post-35894","1":"product","2":"type-product","3":"status-publish","4":"has-post-thumbnail","6":"ts_product_brand-makita","8":"first","9":"instock","10":"taxable","11":"shipping-taxable","12":"purchasable","13":"product-type-simple"},"yoast_head":"<!-- This site is optimized with the Yoast SEO plugin v27.3 - https:\/\/yoast.com\/product\/yoast-seo-wordpress\/ -->\n<title>Makita mal\u00e1 reza\u010dka kachli\u010diek s vlastn\u00fdm ods\u00e1van\u00edm 4105KB - MIR-MAR<\/title>\n<meta name=\"robots\" content=\"index, follow, max-snippet:-1, max-image-preview:large, max-video-preview:-1\" \/>\n<link rel=\"canonical\" href=\"http:\/\/dafinoo.eu\/mirmar\/obchod\/mala-rezacka-kachliciek-s-vlastnym-odsavanim-4105kb\/\" \/>\n<meta property=\"og:locale\" content=\"sk_SK\" \/>\n<meta property=\"og:type\" content=\"article\" \/>\n<meta property=\"og:title\" content=\"Makita mal\u00e1 reza\u010dka kachli\u010diek s vlastn\u00fdm ods\u00e1van\u00edm 4105KB - MIR-MAR\" \/>\n<meta property=\"og:description\" content=\"Pr\u00edkon 800 W Vo\u013enobe\u017en\u00e9 ot\u00e1\u010dky 7500 min-1 Priemer diamantov\u00e9ho kot\u00fa\u010da 125 mm V\u0155tanie diamantov\u00e9ho kot\u00fa\u010da 20 mm H\u013abka rezu 40 mm Hmotnos\u0165 3,1 kg\" \/>\n<meta property=\"og:url\" content=\"http:\/\/dafinoo.eu\/mirmar\/obchod\/mala-rezacka-kachliciek-s-vlastnym-odsavanim-4105kb\/\" \/>\n<meta property=\"og:site_name\" content=\"MIR-MAR\" \/>\n<meta property=\"article:publisher\" content=\"https:\/\/facebook.com\/mirmareshop\" \/>\n<meta property=\"article:modified_time\" content=\"2021-04-21T13:21:20+00:00\" \/>\n<meta property=\"og:image\" content=\"https:\/\/i0.wp.com\/www.mirmar.sk\/wp-content\/uploads\/2021\/03\/4105kb_1.jpg?fit=225%2C225&ssl=1\" \/>\n\t<meta property=\"og:image:width\" content=\"225\" \/>\n\t<meta property=\"og:image:height\" content=\"225\" \/>\n\t<meta property=\"og:image:type\" content=\"image\/jpeg\" \/>\n<script type=\"application\/ld+json\" class=\"yoast-schema-graph\">{\"@context\":\"https:\\\/\\\/schema.org\",\"@graph\":[{\"@type\":\"WebPage\",\"@id\":\"http:\\\/\\\/dafinoo.eu\\\/mirmar\\\/obchod\\\/mala-rezacka-kachliciek-s-vlastnym-odsavanim-4105kb\\\/\",\"url\":\"http:\\\/\\\/dafinoo.eu\\\/mirmar\\\/obchod\\\/mala-rezacka-kachliciek-s-vlastnym-odsavanim-4105kb\\\/\",\"name\":\"Makita mal\u00e1 reza\u010dka kachli\u010diek s vlastn\u00fdm ods\u00e1van\u00edm 4105KB - MIR-MAR\",\"isPartOf\":{\"@id\":\"http:\\\/\\\/dafinoo.eu\\\/mirmar\\\/#website\"},\"primaryImageOfPage\":{\"@id\":\"http:\\\/\\\/dafinoo.eu\\\/mirmar\\\/obchod\\\/mala-rezacka-kachliciek-s-vlastnym-odsavanim-4105kb\\\/#primaryimage\"},\"image\":{\"@id\":\"http:\\\/\\\/dafinoo.eu\\\/mirmar\\\/obchod\\\/mala-rezacka-kachliciek-s-vlastnym-odsavanim-4105kb\\\/#primaryimage\"},\"thumbnailUrl\":\"http:\\\/\\\/dafinoo.eu\\\/mirmar\\\/wp-content\\\/uploads\\\/2021\\\/03\\\/4105kb_1.jpg\",\"datePublished\":\"2021-03-15T16:21:28+00:00\",\"dateModified\":\"2021-04-21T13:21:20+00:00\",\"breadcrumb\":{\"@id\":\"http:\\\/\\\/dafinoo.eu\\\/mirmar\\\/obchod\\\/mala-rezacka-kachliciek-s-vlastnym-odsavanim-4105kb\\\/#breadcrumb\"},\"inLanguage\":\"sk-SK\",\"potentialAction\":[{\"@type\":\"ReadAction\",\"target\":[\"http:\\\/\\\/dafinoo.eu\\\/mirmar\\\/obchod\\\/mala-rezacka-kachliciek-s-vlastnym-odsavanim-4105kb\\\/\"]}]},{\"@type\":\"ImageObject\",\"inLanguage\":\"sk-SK\",\"@id\":\"http:\\\/\\\/dafinoo.eu\\\/mirmar\\\/obchod\\\/mala-rezacka-kachliciek-s-vlastnym-odsavanim-4105kb\\\/#primaryimage\",\"url\":\"http:\\\/\\\/dafinoo.eu\\\/mirmar\\\/wp-content\\\/uploads\\\/2021\\\/03\\\/4105kb_1.jpg\",\"contentUrl\":\"http:\\\/\\\/dafinoo.eu\\\/mirmar\\\/wp-content\\\/uploads\\\/2021\\\/03\\\/4105kb_1.jpg\",\"width\":225,\"height\":225},{\"@type\":\"BreadcrumbList\",\"@id\":\"http:\\\/\\\/dafinoo.eu\\\/mirmar\\\/obchod\\\/mala-rezacka-kachliciek-s-vlastnym-odsavanim-4105kb\\\/#breadcrumb\",\"itemListElement\":[{\"@type\":\"ListItem\",\"position\":1,\"name\":\"Domovsk\u00e1 str\u00e1nka\",\"item\":\"http:\\\/\\\/dafinoo.eu\\\/mirmar\\\/\"},{\"@type\":\"ListItem\",\"position\":2,\"name\":\"Obchod\",\"item\":\"http:\\\/\\\/dafinoo.eu\\\/mirmar\\\/obchod\\\/\"},{\"@type\":\"ListItem\",\"position\":3,\"name\":\"Makita mal\u00e1 reza\u010dka kachli\u010diek s vlastn\u00fdm ods\u00e1van\u00edm 4105KB\"}]},{\"@type\":\"WebSite\",\"@id\":\"http:\\\/\\\/dafinoo.eu\\\/mirmar\\\/#website\",\"url\":\"http:\\\/\\\/dafinoo.eu\\\/mirmar\\\/\",\"name\":\"MIR-MAR\",\"description\":\"Eshop s n\u00e1rad\u00edm\",\"publisher\":{\"@id\":\"http:\\\/\\\/dafinoo.eu\\\/mirmar\\\/#organization\"},\"potentialAction\":[{\"@type\":\"SearchAction\",\"target\":{\"@type\":\"EntryPoint\",\"urlTemplate\":\"http:\\\/\\\/dafinoo.eu\\\/mirmar\\\/?s={search_term_string}\"},\"query-input\":{\"@type\":\"PropertyValueSpecification\",\"valueRequired\":true,\"valueName\":\"search_term_string\"}}],\"inLanguage\":\"sk-SK\"},{\"@type\":\"Organization\",\"@id\":\"http:\\\/\\\/dafinoo.eu\\\/mirmar\\\/#organization\",\"name\":\"MIR-MAR\",\"url\":\"http:\\\/\\\/dafinoo.eu\\\/mirmar\\\/\",\"logo\":{\"@type\":\"ImageObject\",\"inLanguage\":\"sk-SK\",\"@id\":\"http:\\\/\\\/dafinoo.eu\\\/mirmar\\\/#\\\/schema\\\/logo\\\/image\\\/\",\"url\":\"http:\\\/\\\/dafinoo.eu\\\/mirmar\\\/wp-content\\\/uploads\\\/2021\\\/03\\\/mirmar_logo.png\",\"contentUrl\":\"http:\\\/\\\/dafinoo.eu\\\/mirmar\\\/wp-content\\\/uploads\\\/2021\\\/03\\\/mirmar_logo.png\",\"width\":256,\"height\":60,\"caption\":\"MIR-MAR\"},\"image\":{\"@id\":\"http:\\\/\\\/dafinoo.eu\\\/mirmar\\\/#\\\/schema\\\/logo\\\/image\\\/\"},\"sameAs\":[\"https:\\\/\\\/facebook.com\\\/mirmareshop\"]}]}<\/script>\n<!-- \/ Yoast SEO plugin. -->","yoast_head_json":{"title":"Makita mal\u00e1 reza\u010dka kachli\u010diek s vlastn\u00fdm ods\u00e1van\u00edm 4105KB - MIR-MAR","robots":{"index":"index","follow":"follow","max-snippet":"max-snippet:-1","max-image-preview":"max-image-preview:large","max-video-preview":"max-video-preview:-1"},"canonical":"http:\/\/dafinoo.eu\/mirmar\/obchod\/mala-rezacka-kachliciek-s-vlastnym-odsavanim-4105kb\/","og_locale":"sk_SK","og_type":"article","og_title":"Makita mal\u00e1 reza\u010dka kachli\u010diek s vlastn\u00fdm ods\u00e1van\u00edm 4105KB - MIR-MAR","og_description":"Pr\u00edkon 800 W Vo\u013enobe\u017en\u00e9 ot\u00e1\u010dky 7500 min-1 Priemer diamantov\u00e9ho kot\u00fa\u010da 125 mm V\u0155tanie diamantov\u00e9ho kot\u00fa\u010da 20 mm H\u013abka rezu 40 mm Hmotnos\u0165 3,1 kg","og_url":"http:\/\/dafinoo.eu\/mirmar\/obchod\/mala-rezacka-kachliciek-s-vlastnym-odsavanim-4105kb\/","og_site_name":"MIR-MAR","article_publisher":"https:\/\/facebook.com\/mirmareshop","article_modified_time":"2021-04-21T13:21:20+00:00","og_image":[{"width":225,"height":225,"url":"https:\/\/i0.wp.com\/www.mirmar.sk\/wp-content\/uploads\/2021\/03\/4105kb_1.jpg?fit=225%2C225&ssl=1","type":"image\/jpeg"}],"schema":{"@context":"https:\/\/schema.org","@graph":[{"@type":"WebPage","@id":"http:\/\/dafinoo.eu\/mirmar\/obchod\/mala-rezacka-kachliciek-s-vlastnym-odsavanim-4105kb\/","url":"http:\/\/dafinoo.eu\/mirmar\/obchod\/mala-rezacka-kachliciek-s-vlastnym-odsavanim-4105kb\/","name":"Makita mal\u00e1 reza\u010dka kachli\u010diek s vlastn\u00fdm ods\u00e1van\u00edm 4105KB - MIR-MAR","isPartOf":{"@id":"http:\/\/dafinoo.eu\/mirmar\/#website"},"primaryImageOfPage":{"@id":"http:\/\/dafinoo.eu\/mirmar\/obchod\/mala-rezacka-kachliciek-s-vlastnym-odsavanim-4105kb\/#primaryimage"},"image":{"@id":"http:\/\/dafinoo.eu\/mirmar\/obchod\/mala-rezacka-kachliciek-s-vlastnym-odsavanim-4105kb\/#primaryimage"},"thumbnailUrl":"http:\/\/dafinoo.eu\/mirmar\/wp-content\/uploads\/2021\/03\/4105kb_1.jpg","datePublished":"2021-03-15T16:21:28+00:00","dateModified":"2021-04-21T13:21:20+00:00","breadcrumb":{"@id":"http:\/\/dafinoo.eu\/mirmar\/obchod\/mala-rezacka-kachliciek-s-vlastnym-odsavanim-4105kb\/#breadcrumb"},"inLanguage":"sk-SK","potentialAction":[{"@type":"ReadAction","target":["http:\/\/dafinoo.eu\/mirmar\/obchod\/mala-rezacka-kachliciek-s-vlastnym-odsavanim-4105kb\/"]}]},{"@type":"ImageObject","inLanguage":"sk-SK","@id":"http:\/\/dafinoo.eu\/mirmar\/obchod\/mala-rezacka-kachliciek-s-vlastnym-odsavanim-4105kb\/#primaryimage","url":"http:\/\/dafinoo.eu\/mirmar\/wp-content\/uploads\/2021\/03\/4105kb_1.jpg","contentUrl":"http:\/\/dafinoo.eu\/mirmar\/wp-content\/uploads\/2021\/03\/4105kb_1.jpg","width":225,"height":225},{"@type":"BreadcrumbList","@id":"http:\/\/dafinoo.eu\/mirmar\/obchod\/mala-rezacka-kachliciek-s-vlastnym-odsavanim-4105kb\/#breadcrumb","itemListElement":[{"@type":"ListItem","position":1,"name":"Domovsk\u00e1 str\u00e1nka","item":"http:\/\/dafinoo.eu\/mirmar\/"},{"@type":"ListItem","position":2,"name":"Obchod","item":"http:\/\/dafinoo.eu\/mirmar\/obchod\/"},{"@type":"ListItem","position":3,"name":"Makita mal\u00e1 reza\u010dka kachli\u010diek s vlastn\u00fdm ods\u00e1van\u00edm 4105KB"}]},{"@type":"WebSite","@id":"http:\/\/dafinoo.eu\/mirmar\/#website","url":"http:\/\/dafinoo.eu\/mirmar\/","name":"MIR-MAR","description":"Eshop s n\u00e1rad\u00edm","publisher":{"@id":"http:\/\/dafinoo.eu\/mirmar\/#organization"},"potentialAction":[{"@type":"SearchAction","target":{"@type":"EntryPoint","urlTemplate":"http:\/\/dafinoo.eu\/mirmar\/?s={search_term_string}"},"query-input":{"@type":"PropertyValueSpecification","valueRequired":true,"valueName":"search_term_string"}}],"inLanguage":"sk-SK"},{"@type":"Organization","@id":"http:\/\/dafinoo.eu\/mirmar\/#organization","name":"MIR-MAR","url":"http:\/\/dafinoo.eu\/mirmar\/","logo":{"@type":"ImageObject","inLanguage":"sk-SK","@id":"http:\/\/dafinoo.eu\/mirmar\/#\/schema\/logo\/image\/","url":"http:\/\/dafinoo.eu\/mirmar\/wp-content\/uploads\/2021\/03\/mirmar_logo.png","contentUrl":"http:\/\/dafinoo.eu\/mirmar\/wp-content\/uploads\/2021\/03\/mirmar_logo.png","width":256,"height":60,"caption":"MIR-MAR"},"image":{"@id":"http:\/\/dafinoo.eu\/mirmar\/#\/schema\/logo\/image\/"},"sameAs":["https:\/\/facebook.com\/mirmareshop"]}]}},"_links":{"self":[{"href":"http:\/\/dafinoo.eu\/mirmar\/wp-json\/wp\/v2\/product\/35894","targetHints":{"allow":["GET"]}}],"collection":[{"href":"http:\/\/dafinoo.eu\/mirmar\/wp-json\/wp\/v2\/product"}],"about":[{"href":"http:\/\/dafinoo.eu\/mirmar\/wp-json\/wp\/v2\/types\/product"}],"replies":[{"embeddable":true,"href":"http:\/\/dafinoo.eu\/mirmar\/wp-json\/wp\/v2\/comments?post=35894"}],"wp:featuredmedia":[{"embeddable":true,"href":"http:\/\/dafinoo.eu\/mirmar\/wp-json\/wp\/v2\/media\/35895"}],"wp:attachment":[{"href":"http:\/\/dafinoo.eu\/mirmar\/wp-json\/wp\/v2\/media?parent=35894"}],"wp:term":[{"taxonomy":"product_cat","embeddable":true,"href":"http:\/\/dafinoo.eu\/mirmar\/wp-json\/wp\/v2\/product_cat?post=35894"},{"taxonomy":"product_tag","embeddable":true,"href":"http:\/\/dafinoo.eu\/mirmar\/wp-json\/wp\/v2\/product_tag?post=35894"}],"curies":[{"name":"wp","href":"https:\/\/api.w.org\/{rel}","templated":true}]}}