{"id":35898,"date":"2021-03-15T17:21:28","date_gmt":"2021-03-15T16:21:28","guid":{"rendered":"http:\/\/dafinoo.eu\/mirmar\/product\/uhlova-rezacka-s-vysokou-rezervou-vykonu-4112hs\/"},"modified":"2021-08-23T14:35:19","modified_gmt":"2021-08-23T12:35:19","slug":"uhlova-rezacka-s-vysokou-rezervou-vykonu-4112hs","status":"publish","type":"product","link":"http:\/\/dafinoo.eu\/mirmar\/obchod\/uhlova-rezacka-s-vysokou-rezervou-vykonu-4112hs\/","title":{"rendered":"Makita uhlov\u00e1 reza\u010dka s vysokou rezervou v\u00fdkonu 4112HS"},"content":{"rendered":"<p>* Profi uhlov\u00e1 reza\u010dka s vysokou rezervou v\u00fdkonu<br \/>\n    * Inovat\u00edvne torzn\u00e9 odpru\u017eenie SJS chr\u00e1niace n\u00e1stroj a n\u00e1radie<br \/>\n    * S plynul\u00fdm n\u00e1behom pr\u00fadu<br \/>\n    * Nastavite\u013en\u00fd ochrann\u00fd kryt s n\u00e1stavcom na ods\u00e1vanie<br \/>\n    * S univerz\u00e1lnym adapt\u00e9rom na ods\u00e1vanie 192613-2<\/p>\n","protected":false},"excerpt":{"rendered":"<p>Pr\u00edkon\t2400 W<br \/>\nVo\u013enobe\u017en\u00e9 ot\u00e1\u010dky\t5000 min-1<br \/>\nPriemer diamantov\u00e9ho kot\u00fa\u010da\t305 mm<br \/>\nV\u0155tanie diamantov\u00e9ho kot\u00fa\u010da\t25.4 mm<br \/>\nH\u013abka rezu\t100 mm<br \/>\nHmotnos\u0165\t10,3 kg<\/p>\n","protected":false},"featured_media":35899,"comment_status":"closed","ping_status":"closed","template":"","meta":{"_lmt_disableupdate":"","_lmt_disable":""},"product_cat":[3051,3071,3470],"product_tag":[],"class_list":{"0":"post-35898","1":"product","2":"type-product","3":"status-publish","4":"has-post-thumbnail","6":"product_cat-makita","7":"product_cat-rezanie","8":"product_cat-uhlove-rezacky","9":"ts_product_brand-makita","11":"first","12":"outofstock","13":"taxable","14":"shipping-taxable","15":"purchasable","16":"product-type-simple"},"yoast_head":"<!-- This site is optimized with the Yoast SEO plugin v27.3 - https:\/\/yoast.com\/product\/yoast-seo-wordpress\/ -->\n<title>Makita uhlov\u00e1 reza\u010dka s vysokou rezervou v\u00fdkonu 4112HS - MIR-MAR<\/title>\n<meta name=\"robots\" content=\"index, follow, max-snippet:-1, max-image-preview:large, max-video-preview:-1\" \/>\n<link rel=\"canonical\" href=\"http:\/\/dafinoo.eu\/mirmar\/obchod\/uhlova-rezacka-s-vysokou-rezervou-vykonu-4112hs\/\" \/>\n<meta property=\"og:locale\" content=\"sk_SK\" \/>\n<meta property=\"og:type\" content=\"article\" \/>\n<meta property=\"og:title\" content=\"Makita uhlov\u00e1 reza\u010dka s vysokou rezervou v\u00fdkonu 4112HS - MIR-MAR\" \/>\n<meta property=\"og:description\" content=\"Pr\u00edkon 2400 W Vo\u013enobe\u017en\u00e9 ot\u00e1\u010dky 5000 min-1 Priemer diamantov\u00e9ho kot\u00fa\u010da 305 mm V\u0155tanie diamantov\u00e9ho kot\u00fa\u010da 25.4 mm H\u013abka rezu 100 mm Hmotnos\u0165 10,3 kg\" \/>\n<meta property=\"og:url\" content=\"http:\/\/dafinoo.eu\/mirmar\/obchod\/uhlova-rezacka-s-vysokou-rezervou-vykonu-4112hs\/\" \/>\n<meta property=\"og:site_name\" content=\"MIR-MAR\" \/>\n<meta property=\"article:publisher\" content=\"https:\/\/facebook.com\/mirmareshop\" \/>\n<meta property=\"article:modified_time\" content=\"2021-08-23T12:35:19+00:00\" \/>\n<meta property=\"og:image\" content=\"https:\/\/i2.wp.com\/www.mirmar.sk\/wp-content\/uploads\/2021\/03\/4112hs_1.jpg?fit=277%2C182&ssl=1\" \/>\n\t<meta property=\"og:image:width\" content=\"277\" \/>\n\t<meta property=\"og:image:height\" content=\"182\" \/>\n\t<meta property=\"og:image:type\" content=\"image\/jpeg\" \/>\n<script type=\"application\/ld+json\" class=\"yoast-schema-graph\">{\"@context\":\"https:\\\/\\\/schema.org\",\"@graph\":[{\"@type\":\"WebPage\",\"@id\":\"http:\\\/\\\/dafinoo.eu\\\/mirmar\\\/obchod\\\/uhlova-rezacka-s-vysokou-rezervou-vykonu-4112hs\\\/\",\"url\":\"http:\\\/\\\/dafinoo.eu\\\/mirmar\\\/obchod\\\/uhlova-rezacka-s-vysokou-rezervou-vykonu-4112hs\\\/\",\"name\":\"Makita uhlov\u00e1 reza\u010dka s vysokou rezervou v\u00fdkonu 4112HS - MIR-MAR\",\"isPartOf\":{\"@id\":\"http:\\\/\\\/dafinoo.eu\\\/mirmar\\\/#website\"},\"primaryImageOfPage\":{\"@id\":\"http:\\\/\\\/dafinoo.eu\\\/mirmar\\\/obchod\\\/uhlova-rezacka-s-vysokou-rezervou-vykonu-4112hs\\\/#primaryimage\"},\"image\":{\"@id\":\"http:\\\/\\\/dafinoo.eu\\\/mirmar\\\/obchod\\\/uhlova-rezacka-s-vysokou-rezervou-vykonu-4112hs\\\/#primaryimage\"},\"thumbnailUrl\":\"http:\\\/\\\/dafinoo.eu\\\/mirmar\\\/wp-content\\\/uploads\\\/2021\\\/03\\\/4112hs_1.jpg\",\"datePublished\":\"2021-03-15T16:21:28+00:00\",\"dateModified\":\"2021-08-23T12:35:19+00:00\",\"breadcrumb\":{\"@id\":\"http:\\\/\\\/dafinoo.eu\\\/mirmar\\\/obchod\\\/uhlova-rezacka-s-vysokou-rezervou-vykonu-4112hs\\\/#breadcrumb\"},\"inLanguage\":\"sk-SK\",\"potentialAction\":[{\"@type\":\"ReadAction\",\"target\":[\"http:\\\/\\\/dafinoo.eu\\\/mirmar\\\/obchod\\\/uhlova-rezacka-s-vysokou-rezervou-vykonu-4112hs\\\/\"]}]},{\"@type\":\"ImageObject\",\"inLanguage\":\"sk-SK\",\"@id\":\"http:\\\/\\\/dafinoo.eu\\\/mirmar\\\/obchod\\\/uhlova-rezacka-s-vysokou-rezervou-vykonu-4112hs\\\/#primaryimage\",\"url\":\"http:\\\/\\\/dafinoo.eu\\\/mirmar\\\/wp-content\\\/uploads\\\/2021\\\/03\\\/4112hs_1.jpg\",\"contentUrl\":\"http:\\\/\\\/dafinoo.eu\\\/mirmar\\\/wp-content\\\/uploads\\\/2021\\\/03\\\/4112hs_1.jpg\",\"width\":277,\"height\":182},{\"@type\":\"BreadcrumbList\",\"@id\":\"http:\\\/\\\/dafinoo.eu\\\/mirmar\\\/obchod\\\/uhlova-rezacka-s-vysokou-rezervou-vykonu-4112hs\\\/#breadcrumb\",\"itemListElement\":[{\"@type\":\"ListItem\",\"position\":1,\"name\":\"Domovsk\u00e1 str\u00e1nka\",\"item\":\"http:\\\/\\\/dafinoo.eu\\\/mirmar\\\/\"},{\"@type\":\"ListItem\",\"position\":2,\"name\":\"Obchod\",\"item\":\"http:\\\/\\\/dafinoo.eu\\\/mirmar\\\/obchod\\\/\"},{\"@type\":\"ListItem\",\"position\":3,\"name\":\"Makita uhlov\u00e1 reza\u010dka s vysokou rezervou v\u00fdkonu 4112HS\"}]},{\"@type\":\"WebSite\",\"@id\":\"http:\\\/\\\/dafinoo.eu\\\/mirmar\\\/#website\",\"url\":\"http:\\\/\\\/dafinoo.eu\\\/mirmar\\\/\",\"name\":\"MIR-MAR\",\"description\":\"Eshop s n\u00e1rad\u00edm\",\"publisher\":{\"@id\":\"http:\\\/\\\/dafinoo.eu\\\/mirmar\\\/#organization\"},\"potentialAction\":[{\"@type\":\"SearchAction\",\"target\":{\"@type\":\"EntryPoint\",\"urlTemplate\":\"http:\\\/\\\/dafinoo.eu\\\/mirmar\\\/?s={search_term_string}\"},\"query-input\":{\"@type\":\"PropertyValueSpecification\",\"valueRequired\":true,\"valueName\":\"search_term_string\"}}],\"inLanguage\":\"sk-SK\"},{\"@type\":\"Organization\",\"@id\":\"http:\\\/\\\/dafinoo.eu\\\/mirmar\\\/#organization\",\"name\":\"MIR-MAR\",\"url\":\"http:\\\/\\\/dafinoo.eu\\\/mirmar\\\/\",\"logo\":{\"@type\":\"ImageObject\",\"inLanguage\":\"sk-SK\",\"@id\":\"http:\\\/\\\/dafinoo.eu\\\/mirmar\\\/#\\\/schema\\\/logo\\\/image\\\/\",\"url\":\"http:\\\/\\\/dafinoo.eu\\\/mirmar\\\/wp-content\\\/uploads\\\/2021\\\/03\\\/mirmar_logo.png\",\"contentUrl\":\"http:\\\/\\\/dafinoo.eu\\\/mirmar\\\/wp-content\\\/uploads\\\/2021\\\/03\\\/mirmar_logo.png\",\"width\":256,\"height\":60,\"caption\":\"MIR-MAR\"},\"image\":{\"@id\":\"http:\\\/\\\/dafinoo.eu\\\/mirmar\\\/#\\\/schema\\\/logo\\\/image\\\/\"},\"sameAs\":[\"https:\\\/\\\/facebook.com\\\/mirmareshop\"]}]}<\/script>\n<!-- \/ Yoast SEO plugin. -->","yoast_head_json":{"title":"Makita uhlov\u00e1 reza\u010dka s vysokou rezervou v\u00fdkonu 4112HS - MIR-MAR","robots":{"index":"index","follow":"follow","max-snippet":"max-snippet:-1","max-image-preview":"max-image-preview:large","max-video-preview":"max-video-preview:-1"},"canonical":"http:\/\/dafinoo.eu\/mirmar\/obchod\/uhlova-rezacka-s-vysokou-rezervou-vykonu-4112hs\/","og_locale":"sk_SK","og_type":"article","og_title":"Makita uhlov\u00e1 reza\u010dka s vysokou rezervou v\u00fdkonu 4112HS - MIR-MAR","og_description":"Pr\u00edkon 2400 W Vo\u013enobe\u017en\u00e9 ot\u00e1\u010dky 5000 min-1 Priemer diamantov\u00e9ho kot\u00fa\u010da 305 mm V\u0155tanie diamantov\u00e9ho kot\u00fa\u010da 25.4 mm H\u013abka rezu 100 mm Hmotnos\u0165 10,3 kg","og_url":"http:\/\/dafinoo.eu\/mirmar\/obchod\/uhlova-rezacka-s-vysokou-rezervou-vykonu-4112hs\/","og_site_name":"MIR-MAR","article_publisher":"https:\/\/facebook.com\/mirmareshop","article_modified_time":"2021-08-23T12:35:19+00:00","og_image":[{"width":277,"height":182,"url":"https:\/\/i2.wp.com\/www.mirmar.sk\/wp-content\/uploads\/2021\/03\/4112hs_1.jpg?fit=277%2C182&ssl=1","type":"image\/jpeg"}],"schema":{"@context":"https:\/\/schema.org","@graph":[{"@type":"WebPage","@id":"http:\/\/dafinoo.eu\/mirmar\/obchod\/uhlova-rezacka-s-vysokou-rezervou-vykonu-4112hs\/","url":"http:\/\/dafinoo.eu\/mirmar\/obchod\/uhlova-rezacka-s-vysokou-rezervou-vykonu-4112hs\/","name":"Makita uhlov\u00e1 reza\u010dka s vysokou rezervou v\u00fdkonu 4112HS - MIR-MAR","isPartOf":{"@id":"http:\/\/dafinoo.eu\/mirmar\/#website"},"primaryImageOfPage":{"@id":"http:\/\/dafinoo.eu\/mirmar\/obchod\/uhlova-rezacka-s-vysokou-rezervou-vykonu-4112hs\/#primaryimage"},"image":{"@id":"http:\/\/dafinoo.eu\/mirmar\/obchod\/uhlova-rezacka-s-vysokou-rezervou-vykonu-4112hs\/#primaryimage"},"thumbnailUrl":"http:\/\/dafinoo.eu\/mirmar\/wp-content\/uploads\/2021\/03\/4112hs_1.jpg","datePublished":"2021-03-15T16:21:28+00:00","dateModified":"2021-08-23T12:35:19+00:00","breadcrumb":{"@id":"http:\/\/dafinoo.eu\/mirmar\/obchod\/uhlova-rezacka-s-vysokou-rezervou-vykonu-4112hs\/#breadcrumb"},"inLanguage":"sk-SK","potentialAction":[{"@type":"ReadAction","target":["http:\/\/dafinoo.eu\/mirmar\/obchod\/uhlova-rezacka-s-vysokou-rezervou-vykonu-4112hs\/"]}]},{"@type":"ImageObject","inLanguage":"sk-SK","@id":"http:\/\/dafinoo.eu\/mirmar\/obchod\/uhlova-rezacka-s-vysokou-rezervou-vykonu-4112hs\/#primaryimage","url":"http:\/\/dafinoo.eu\/mirmar\/wp-content\/uploads\/2021\/03\/4112hs_1.jpg","contentUrl":"http:\/\/dafinoo.eu\/mirmar\/wp-content\/uploads\/2021\/03\/4112hs_1.jpg","width":277,"height":182},{"@type":"BreadcrumbList","@id":"http:\/\/dafinoo.eu\/mirmar\/obchod\/uhlova-rezacka-s-vysokou-rezervou-vykonu-4112hs\/#breadcrumb","itemListElement":[{"@type":"ListItem","position":1,"name":"Domovsk\u00e1 str\u00e1nka","item":"http:\/\/dafinoo.eu\/mirmar\/"},{"@type":"ListItem","position":2,"name":"Obchod","item":"http:\/\/dafinoo.eu\/mirmar\/obchod\/"},{"@type":"ListItem","position":3,"name":"Makita uhlov\u00e1 reza\u010dka s vysokou rezervou v\u00fdkonu 4112HS"}]},{"@type":"WebSite","@id":"http:\/\/dafinoo.eu\/mirmar\/#website","url":"http:\/\/dafinoo.eu\/mirmar\/","name":"MIR-MAR","description":"Eshop s n\u00e1rad\u00edm","publisher":{"@id":"http:\/\/dafinoo.eu\/mirmar\/#organization"},"potentialAction":[{"@type":"SearchAction","target":{"@type":"EntryPoint","urlTemplate":"http:\/\/dafinoo.eu\/mirmar\/?s={search_term_string}"},"query-input":{"@type":"PropertyValueSpecification","valueRequired":true,"valueName":"search_term_string"}}],"inLanguage":"sk-SK"},{"@type":"Organization","@id":"http:\/\/dafinoo.eu\/mirmar\/#organization","name":"MIR-MAR","url":"http:\/\/dafinoo.eu\/mirmar\/","logo":{"@type":"ImageObject","inLanguage":"sk-SK","@id":"http:\/\/dafinoo.eu\/mirmar\/#\/schema\/logo\/image\/","url":"http:\/\/dafinoo.eu\/mirmar\/wp-content\/uploads\/2021\/03\/mirmar_logo.png","contentUrl":"http:\/\/dafinoo.eu\/mirmar\/wp-content\/uploads\/2021\/03\/mirmar_logo.png","width":256,"height":60,"caption":"MIR-MAR"},"image":{"@id":"http:\/\/dafinoo.eu\/mirmar\/#\/schema\/logo\/image\/"},"sameAs":["https:\/\/facebook.com\/mirmareshop"]}]}},"_links":{"self":[{"href":"http:\/\/dafinoo.eu\/mirmar\/wp-json\/wp\/v2\/product\/35898","targetHints":{"allow":["GET"]}}],"collection":[{"href":"http:\/\/dafinoo.eu\/mirmar\/wp-json\/wp\/v2\/product"}],"about":[{"href":"http:\/\/dafinoo.eu\/mirmar\/wp-json\/wp\/v2\/types\/product"}],"replies":[{"embeddable":true,"href":"http:\/\/dafinoo.eu\/mirmar\/wp-json\/wp\/v2\/comments?post=35898"}],"wp:featuredmedia":[{"embeddable":true,"href":"http:\/\/dafinoo.eu\/mirmar\/wp-json\/wp\/v2\/media\/35899"}],"wp:attachment":[{"href":"http:\/\/dafinoo.eu\/mirmar\/wp-json\/wp\/v2\/media?parent=35898"}],"wp:term":[{"taxonomy":"product_cat","embeddable":true,"href":"http:\/\/dafinoo.eu\/mirmar\/wp-json\/wp\/v2\/product_cat?post=35898"},{"taxonomy":"product_tag","embeddable":true,"href":"http:\/\/dafinoo.eu\/mirmar\/wp-json\/wp\/v2\/product_tag?post=35898"}],"curies":[{"name":"wp","href":"https:\/\/api.w.org\/{rel}","templated":true}]}}