{"id":35939,"date":"2021-03-15T17:21:36","date_gmt":"2021-03-15T16:21:36","guid":{"rendered":"http:\/\/dafinoo.eu\/mirmar\/product\/kotucova-pila-s-vysokym-vykonom-a-dobrou-ergonomiou-5705rk\/"},"modified":"2021-04-25T14:16:17","modified_gmt":"2021-04-25T12:16:17","slug":"kotucova-pila-s-vysokym-vykonom-a-dobrou-ergonomiou-5705rk","status":"publish","type":"product","link":"http:\/\/dafinoo.eu\/mirmar\/obchod\/kotucova-pila-s-vysokym-vykonom-a-dobrou-ergonomiou-5705rk\/","title":{"rendered":"Makita kot\u00fa\u010dov\u00e1 p\u00edla s vysok\u00fdm v\u00fdkonom a dobrou ergon\u00f3miou 5705RK"},"content":{"rendered":"<p>* Kot\u00fa\u010dov\u00e1 p\u00edla s nov\u00fdm dizajnom pre \u013eah\u0161ie ovl\u00e1danie<br \/>\n* Z\u00e1norn\u00fd \u0161trbinov\u00fd klin pre bezpe\u010dn\u00fa pr\u00e1cu<br \/>\n* Ergonomick\u00e1 pr\u00eddavn\u00e1 rukov\u00e4\u0165 pre \u013eah\u0161iu manipul\u00e1ciu<br \/>\n* Kryt p\u00edlov\u00e9ho kot\u00fa\u010da s integrovan\u00fdm otvorom na ods\u00e1vanie<br \/>\n* Robustn\u00e1 vodiaca doska so stabiln\u00fdm nastaven\u00edm h\u013abky rezu<br \/>\n* S\u00fa\u010das\u0165 dod\u00e1vky kot\u00fa\u010d s tvrdokovu<br \/>\n* Model 5705RK aj s prepravn\u00fdm kufr\u00edkom<\/p>\n","protected":false},"excerpt":{"rendered":"<p>Pr\u00edkon 1400 W<br \/>\nVo\u013enobe\u017en\u00e9 ot\u00e1\u010dky 4800 min-1<br \/>\nV\u0155tanie p\u00edlov\u00e9ho kot\u00fa\u010da 30 mm<br \/>\nPriemer p\u00edlov\u00e9ho kot\u00fa\u010da 190 mm<br \/>\nMax. h\u013abka rezu pri 90\u00b0 66 mm<br \/>\nMax. h\u013abka rezu pri 45\u00b0 46 mm<br \/>\nHmotnos\u0165 5,7 kg<\/p>\n","protected":false},"featured_media":35940,"comment_status":"closed","ping_status":"closed","template":"","meta":{"_lmt_disableupdate":"","_lmt_disable":""},"product_cat":[3051,3083,3085],"product_tag":[],"class_list":{"0":"post-35939","1":"product","2":"type-product","3":"status-publish","4":"has-post-thumbnail","6":"product_cat-makita","7":"product_cat-pilenie","8":"product_cat-retazove-dlabacky","9":"ts_product_brand-makita","11":"first","12":"instock","13":"taxable","14":"shipping-taxable","15":"purchasable","16":"product-type-simple"},"yoast_head":"<!-- This site is optimized with the Yoast SEO plugin v27.3 - https:\/\/yoast.com\/product\/yoast-seo-wordpress\/ -->\n<title>Makita kot\u00fa\u010dov\u00e1 p\u00edla s vysok\u00fdm v\u00fdkonom a dobrou ergon\u00f3miou 5705RK - MIR-MAR<\/title>\n<meta name=\"robots\" content=\"index, follow, max-snippet:-1, max-image-preview:large, max-video-preview:-1\" \/>\n<link rel=\"canonical\" href=\"http:\/\/dafinoo.eu\/mirmar\/obchod\/kotucova-pila-s-vysokym-vykonom-a-dobrou-ergonomiou-5705rk\/\" \/>\n<meta property=\"og:locale\" content=\"sk_SK\" \/>\n<meta property=\"og:type\" content=\"article\" \/>\n<meta property=\"og:title\" content=\"Makita kot\u00fa\u010dov\u00e1 p\u00edla s vysok\u00fdm v\u00fdkonom a dobrou ergon\u00f3miou 5705RK - MIR-MAR\" \/>\n<meta property=\"og:description\" content=\"Pr\u00edkon 1400 W Vo\u013enobe\u017en\u00e9 ot\u00e1\u010dky 4800 min-1 V\u0155tanie p\u00edlov\u00e9ho kot\u00fa\u010da 30 mm Priemer p\u00edlov\u00e9ho kot\u00fa\u010da 190 mm Max. h\u013abka rezu pri 90\u00b0 66 mm Max. h\u013abka rezu pri 45\u00b0 46 mm Hmotnos\u0165 5,7 kg\" \/>\n<meta property=\"og:url\" content=\"http:\/\/dafinoo.eu\/mirmar\/obchod\/kotucova-pila-s-vysokym-vykonom-a-dobrou-ergonomiou-5705rk\/\" \/>\n<meta property=\"og:site_name\" content=\"MIR-MAR\" \/>\n<meta property=\"article:publisher\" content=\"https:\/\/facebook.com\/mirmareshop\" \/>\n<meta property=\"article:modified_time\" content=\"2021-04-25T12:16:17+00:00\" \/>\n<meta property=\"og:image\" content=\"https:\/\/i1.wp.com\/www.mirmar.sk\/wp-content\/uploads\/2021\/03\/5705rk_1.jpg?fit=259%2C194&ssl=1\" \/>\n\t<meta property=\"og:image:width\" content=\"259\" \/>\n\t<meta property=\"og:image:height\" content=\"194\" \/>\n\t<meta property=\"og:image:type\" content=\"image\/jpeg\" \/>\n<script type=\"application\/ld+json\" class=\"yoast-schema-graph\">{\"@context\":\"https:\\\/\\\/schema.org\",\"@graph\":[{\"@type\":\"WebPage\",\"@id\":\"http:\\\/\\\/dafinoo.eu\\\/mirmar\\\/obchod\\\/kotucova-pila-s-vysokym-vykonom-a-dobrou-ergonomiou-5705rk\\\/\",\"url\":\"http:\\\/\\\/dafinoo.eu\\\/mirmar\\\/obchod\\\/kotucova-pila-s-vysokym-vykonom-a-dobrou-ergonomiou-5705rk\\\/\",\"name\":\"Makita kot\u00fa\u010dov\u00e1 p\u00edla s vysok\u00fdm v\u00fdkonom a dobrou ergon\u00f3miou 5705RK - MIR-MAR\",\"isPartOf\":{\"@id\":\"http:\\\/\\\/dafinoo.eu\\\/mirmar\\\/#website\"},\"primaryImageOfPage\":{\"@id\":\"http:\\\/\\\/dafinoo.eu\\\/mirmar\\\/obchod\\\/kotucova-pila-s-vysokym-vykonom-a-dobrou-ergonomiou-5705rk\\\/#primaryimage\"},\"image\":{\"@id\":\"http:\\\/\\\/dafinoo.eu\\\/mirmar\\\/obchod\\\/kotucova-pila-s-vysokym-vykonom-a-dobrou-ergonomiou-5705rk\\\/#primaryimage\"},\"thumbnailUrl\":\"http:\\\/\\\/dafinoo.eu\\\/mirmar\\\/wp-content\\\/uploads\\\/2021\\\/03\\\/5705rk_1.jpg\",\"datePublished\":\"2021-03-15T16:21:36+00:00\",\"dateModified\":\"2021-04-25T12:16:17+00:00\",\"breadcrumb\":{\"@id\":\"http:\\\/\\\/dafinoo.eu\\\/mirmar\\\/obchod\\\/kotucova-pila-s-vysokym-vykonom-a-dobrou-ergonomiou-5705rk\\\/#breadcrumb\"},\"inLanguage\":\"sk-SK\",\"potentialAction\":[{\"@type\":\"ReadAction\",\"target\":[\"http:\\\/\\\/dafinoo.eu\\\/mirmar\\\/obchod\\\/kotucova-pila-s-vysokym-vykonom-a-dobrou-ergonomiou-5705rk\\\/\"]}]},{\"@type\":\"ImageObject\",\"inLanguage\":\"sk-SK\",\"@id\":\"http:\\\/\\\/dafinoo.eu\\\/mirmar\\\/obchod\\\/kotucova-pila-s-vysokym-vykonom-a-dobrou-ergonomiou-5705rk\\\/#primaryimage\",\"url\":\"http:\\\/\\\/dafinoo.eu\\\/mirmar\\\/wp-content\\\/uploads\\\/2021\\\/03\\\/5705rk_1.jpg\",\"contentUrl\":\"http:\\\/\\\/dafinoo.eu\\\/mirmar\\\/wp-content\\\/uploads\\\/2021\\\/03\\\/5705rk_1.jpg\",\"width\":259,\"height\":194},{\"@type\":\"BreadcrumbList\",\"@id\":\"http:\\\/\\\/dafinoo.eu\\\/mirmar\\\/obchod\\\/kotucova-pila-s-vysokym-vykonom-a-dobrou-ergonomiou-5705rk\\\/#breadcrumb\",\"itemListElement\":[{\"@type\":\"ListItem\",\"position\":1,\"name\":\"Domovsk\u00e1 str\u00e1nka\",\"item\":\"http:\\\/\\\/dafinoo.eu\\\/mirmar\\\/\"},{\"@type\":\"ListItem\",\"position\":2,\"name\":\"Obchod\",\"item\":\"http:\\\/\\\/dafinoo.eu\\\/mirmar\\\/obchod\\\/\"},{\"@type\":\"ListItem\",\"position\":3,\"name\":\"Makita kot\u00fa\u010dov\u00e1 p\u00edla s vysok\u00fdm v\u00fdkonom a dobrou ergon\u00f3miou 5705RK\"}]},{\"@type\":\"WebSite\",\"@id\":\"http:\\\/\\\/dafinoo.eu\\\/mirmar\\\/#website\",\"url\":\"http:\\\/\\\/dafinoo.eu\\\/mirmar\\\/\",\"name\":\"MIR-MAR\",\"description\":\"Eshop s n\u00e1rad\u00edm\",\"publisher\":{\"@id\":\"http:\\\/\\\/dafinoo.eu\\\/mirmar\\\/#organization\"},\"potentialAction\":[{\"@type\":\"SearchAction\",\"target\":{\"@type\":\"EntryPoint\",\"urlTemplate\":\"http:\\\/\\\/dafinoo.eu\\\/mirmar\\\/?s={search_term_string}\"},\"query-input\":{\"@type\":\"PropertyValueSpecification\",\"valueRequired\":true,\"valueName\":\"search_term_string\"}}],\"inLanguage\":\"sk-SK\"},{\"@type\":\"Organization\",\"@id\":\"http:\\\/\\\/dafinoo.eu\\\/mirmar\\\/#organization\",\"name\":\"MIR-MAR\",\"url\":\"http:\\\/\\\/dafinoo.eu\\\/mirmar\\\/\",\"logo\":{\"@type\":\"ImageObject\",\"inLanguage\":\"sk-SK\",\"@id\":\"http:\\\/\\\/dafinoo.eu\\\/mirmar\\\/#\\\/schema\\\/logo\\\/image\\\/\",\"url\":\"http:\\\/\\\/dafinoo.eu\\\/mirmar\\\/wp-content\\\/uploads\\\/2021\\\/03\\\/mirmar_logo.png\",\"contentUrl\":\"http:\\\/\\\/dafinoo.eu\\\/mirmar\\\/wp-content\\\/uploads\\\/2021\\\/03\\\/mirmar_logo.png\",\"width\":256,\"height\":60,\"caption\":\"MIR-MAR\"},\"image\":{\"@id\":\"http:\\\/\\\/dafinoo.eu\\\/mirmar\\\/#\\\/schema\\\/logo\\\/image\\\/\"},\"sameAs\":[\"https:\\\/\\\/facebook.com\\\/mirmareshop\"]}]}<\/script>\n<!-- \/ Yoast SEO plugin. -->","yoast_head_json":{"title":"Makita kot\u00fa\u010dov\u00e1 p\u00edla s vysok\u00fdm v\u00fdkonom a dobrou ergon\u00f3miou 5705RK - MIR-MAR","robots":{"index":"index","follow":"follow","max-snippet":"max-snippet:-1","max-image-preview":"max-image-preview:large","max-video-preview":"max-video-preview:-1"},"canonical":"http:\/\/dafinoo.eu\/mirmar\/obchod\/kotucova-pila-s-vysokym-vykonom-a-dobrou-ergonomiou-5705rk\/","og_locale":"sk_SK","og_type":"article","og_title":"Makita kot\u00fa\u010dov\u00e1 p\u00edla s vysok\u00fdm v\u00fdkonom a dobrou ergon\u00f3miou 5705RK - MIR-MAR","og_description":"Pr\u00edkon 1400 W Vo\u013enobe\u017en\u00e9 ot\u00e1\u010dky 4800 min-1 V\u0155tanie p\u00edlov\u00e9ho kot\u00fa\u010da 30 mm Priemer p\u00edlov\u00e9ho kot\u00fa\u010da 190 mm Max. h\u013abka rezu pri 90\u00b0 66 mm Max. h\u013abka rezu pri 45\u00b0 46 mm Hmotnos\u0165 5,7 kg","og_url":"http:\/\/dafinoo.eu\/mirmar\/obchod\/kotucova-pila-s-vysokym-vykonom-a-dobrou-ergonomiou-5705rk\/","og_site_name":"MIR-MAR","article_publisher":"https:\/\/facebook.com\/mirmareshop","article_modified_time":"2021-04-25T12:16:17+00:00","og_image":[{"width":259,"height":194,"url":"https:\/\/i1.wp.com\/www.mirmar.sk\/wp-content\/uploads\/2021\/03\/5705rk_1.jpg?fit=259%2C194&ssl=1","type":"image\/jpeg"}],"schema":{"@context":"https:\/\/schema.org","@graph":[{"@type":"WebPage","@id":"http:\/\/dafinoo.eu\/mirmar\/obchod\/kotucova-pila-s-vysokym-vykonom-a-dobrou-ergonomiou-5705rk\/","url":"http:\/\/dafinoo.eu\/mirmar\/obchod\/kotucova-pila-s-vysokym-vykonom-a-dobrou-ergonomiou-5705rk\/","name":"Makita kot\u00fa\u010dov\u00e1 p\u00edla s vysok\u00fdm v\u00fdkonom a dobrou ergon\u00f3miou 5705RK - MIR-MAR","isPartOf":{"@id":"http:\/\/dafinoo.eu\/mirmar\/#website"},"primaryImageOfPage":{"@id":"http:\/\/dafinoo.eu\/mirmar\/obchod\/kotucova-pila-s-vysokym-vykonom-a-dobrou-ergonomiou-5705rk\/#primaryimage"},"image":{"@id":"http:\/\/dafinoo.eu\/mirmar\/obchod\/kotucova-pila-s-vysokym-vykonom-a-dobrou-ergonomiou-5705rk\/#primaryimage"},"thumbnailUrl":"http:\/\/dafinoo.eu\/mirmar\/wp-content\/uploads\/2021\/03\/5705rk_1.jpg","datePublished":"2021-03-15T16:21:36+00:00","dateModified":"2021-04-25T12:16:17+00:00","breadcrumb":{"@id":"http:\/\/dafinoo.eu\/mirmar\/obchod\/kotucova-pila-s-vysokym-vykonom-a-dobrou-ergonomiou-5705rk\/#breadcrumb"},"inLanguage":"sk-SK","potentialAction":[{"@type":"ReadAction","target":["http:\/\/dafinoo.eu\/mirmar\/obchod\/kotucova-pila-s-vysokym-vykonom-a-dobrou-ergonomiou-5705rk\/"]}]},{"@type":"ImageObject","inLanguage":"sk-SK","@id":"http:\/\/dafinoo.eu\/mirmar\/obchod\/kotucova-pila-s-vysokym-vykonom-a-dobrou-ergonomiou-5705rk\/#primaryimage","url":"http:\/\/dafinoo.eu\/mirmar\/wp-content\/uploads\/2021\/03\/5705rk_1.jpg","contentUrl":"http:\/\/dafinoo.eu\/mirmar\/wp-content\/uploads\/2021\/03\/5705rk_1.jpg","width":259,"height":194},{"@type":"BreadcrumbList","@id":"http:\/\/dafinoo.eu\/mirmar\/obchod\/kotucova-pila-s-vysokym-vykonom-a-dobrou-ergonomiou-5705rk\/#breadcrumb","itemListElement":[{"@type":"ListItem","position":1,"name":"Domovsk\u00e1 str\u00e1nka","item":"http:\/\/dafinoo.eu\/mirmar\/"},{"@type":"ListItem","position":2,"name":"Obchod","item":"http:\/\/dafinoo.eu\/mirmar\/obchod\/"},{"@type":"ListItem","position":3,"name":"Makita kot\u00fa\u010dov\u00e1 p\u00edla s vysok\u00fdm v\u00fdkonom a dobrou ergon\u00f3miou 5705RK"}]},{"@type":"WebSite","@id":"http:\/\/dafinoo.eu\/mirmar\/#website","url":"http:\/\/dafinoo.eu\/mirmar\/","name":"MIR-MAR","description":"Eshop s n\u00e1rad\u00edm","publisher":{"@id":"http:\/\/dafinoo.eu\/mirmar\/#organization"},"potentialAction":[{"@type":"SearchAction","target":{"@type":"EntryPoint","urlTemplate":"http:\/\/dafinoo.eu\/mirmar\/?s={search_term_string}"},"query-input":{"@type":"PropertyValueSpecification","valueRequired":true,"valueName":"search_term_string"}}],"inLanguage":"sk-SK"},{"@type":"Organization","@id":"http:\/\/dafinoo.eu\/mirmar\/#organization","name":"MIR-MAR","url":"http:\/\/dafinoo.eu\/mirmar\/","logo":{"@type":"ImageObject","inLanguage":"sk-SK","@id":"http:\/\/dafinoo.eu\/mirmar\/#\/schema\/logo\/image\/","url":"http:\/\/dafinoo.eu\/mirmar\/wp-content\/uploads\/2021\/03\/mirmar_logo.png","contentUrl":"http:\/\/dafinoo.eu\/mirmar\/wp-content\/uploads\/2021\/03\/mirmar_logo.png","width":256,"height":60,"caption":"MIR-MAR"},"image":{"@id":"http:\/\/dafinoo.eu\/mirmar\/#\/schema\/logo\/image\/"},"sameAs":["https:\/\/facebook.com\/mirmareshop"]}]}},"_links":{"self":[{"href":"http:\/\/dafinoo.eu\/mirmar\/wp-json\/wp\/v2\/product\/35939","targetHints":{"allow":["GET"]}}],"collection":[{"href":"http:\/\/dafinoo.eu\/mirmar\/wp-json\/wp\/v2\/product"}],"about":[{"href":"http:\/\/dafinoo.eu\/mirmar\/wp-json\/wp\/v2\/types\/product"}],"replies":[{"embeddable":true,"href":"http:\/\/dafinoo.eu\/mirmar\/wp-json\/wp\/v2\/comments?post=35939"}],"wp:featuredmedia":[{"embeddable":true,"href":"http:\/\/dafinoo.eu\/mirmar\/wp-json\/wp\/v2\/media\/35940"}],"wp:attachment":[{"href":"http:\/\/dafinoo.eu\/mirmar\/wp-json\/wp\/v2\/media?parent=35939"}],"wp:term":[{"taxonomy":"product_cat","embeddable":true,"href":"http:\/\/dafinoo.eu\/mirmar\/wp-json\/wp\/v2\/product_cat?post=35939"},{"taxonomy":"product_tag","embeddable":true,"href":"http:\/\/dafinoo.eu\/mirmar\/wp-json\/wp\/v2\/product_tag?post=35939"}],"curies":[{"name":"wp","href":"https:\/\/api.w.org\/{rel}","templated":true}]}}