{"id":35971,"date":"2021-03-15T17:21:44","date_gmt":"2021-03-15T16:21:44","guid":{"rendered":"http:\/\/dafinoo.eu\/mirmar\/product\/priamociara-pila-4350fctj\/"},"modified":"2021-04-21T15:14:30","modified_gmt":"2021-04-21T13:14:30","slug":"priamociara-pila-4350fctj","status":"publish","type":"product","link":"http:\/\/dafinoo.eu\/mirmar\/obchod\/priamociara-pila-4350fctj\/","title":{"rendered":"Makita priamo\u010diar\u00e1 p\u00edla 4350FCTJ"},"content":{"rendered":"<ul class=\"list-icon mb-4\">\n<li>Siln&yacute; motor s v&yacute;konom 720 W s elektronick&yacute;m m&auml;kk&yacute;m &scaron;tartom a ovl&aacute;dan&iacute;m kon&scaron;tantnej r&yacute;chlosti<\/li>\n<li>4-stup\u0148ov&eacute; orbit&aacute;lne nastavenie pre ide&aacute;lnu r&yacute;chlos\u0165 rezania<\/li>\n<li>V&yacute;mena listu bez pou\u017eitia n&aacute;radia<\/li>\n<li>Z&aacute;klad\u0148a sa d&aacute; nakloni\u0165 a\u017e o 45 stup\u0148ov doprava\/do\u013eava<\/li>\n<li>S mo\u017enos\u0165ou pripojenia na vys&aacute;va\u010d<\/li>\n<li>Proti&scaron;mykov&aacute; rukov&auml;\u0165 s m&auml;kk&yacute;m pogumovan&iacute;m<\/li>\n<li>LED osvetlenie pracovnej plochy<\/li>\n<li>S mo\u017enos\u0165ou pripojenia k vodiacej li&scaron;te (nutn&yacute; adapt&eacute;r 193517-1)<\/li>\n<\/ul>\n","protected":false},"excerpt":{"rendered":"<table class=\"table table-striped\">\n<tbody>\n<tr>\n<td>Pr&iacute;kon<\/td>\n<td>720 W<\/td>\n<\/tr>\n<tr>\n<td>Po\u010det &uacute;derov za min&uacute;tu<\/td>\n<td>800 &#8211; 2.800 min<sup>-1<\/sup><\/td>\n<\/tr>\n<tr>\n<td>D\u013a\u017eka kmitu<\/td>\n<td>26 mm<\/td>\n<\/tr>\n<tr>\n<td>Nastavenie rezu<\/td>\n<td>4-stufig<\/td>\n<\/tr>\n<tr>\n<td>Max. rezn&yacute; v&yacute;kon (drevo)<\/td>\n<td>135 mm<\/td>\n<\/tr>\n<tr>\n<td>Max. V\u0155tac&iacute; v&yacute;kon (oce\u013e\/hlin&iacute;k)<\/td>\n<td>10 mm<\/td>\n<\/tr>\n<tr>\n<td>Hmotnos\u0165<\/td>\n<td>2,6 kg<\/td>\n<\/tr>\n<tr>\n<td>Rozmery (D x &Scaron; x V)<\/td>\n<td>236 x 73 x 207 mm<\/td>\n<\/tr>\n<\/tbody>\n<\/table>\n","protected":false},"featured_media":35972,"comment_status":"closed","ping_status":"open","template":"","meta":{"_lmt_disableupdate":"","_lmt_disable":""},"product_cat":[3051,3083,3091],"product_tag":[],"class_list":{"0":"post-35971","1":"product","2":"type-product","3":"status-publish","4":"has-post-thumbnail","6":"product_cat-makita","7":"product_cat-pilenie","8":"product_cat-priamociare-pily","9":"ts_product_brand-makita","11":"first","12":"instock","13":"taxable","14":"shipping-taxable","15":"purchasable","16":"product-type-simple"},"yoast_head":"<!-- This site is optimized with the Yoast SEO plugin v27.3 - https:\/\/yoast.com\/product\/yoast-seo-wordpress\/ -->\n<title>Makita priamo\u010diar\u00e1 p\u00edla 4350FCTJ - MIR-MAR<\/title>\n<meta name=\"robots\" content=\"index, follow, max-snippet:-1, max-image-preview:large, max-video-preview:-1\" \/>\n<link rel=\"canonical\" href=\"http:\/\/dafinoo.eu\/mirmar\/obchod\/priamociara-pila-4350fctj\/\" \/>\n<meta property=\"og:locale\" content=\"sk_SK\" \/>\n<meta property=\"og:type\" content=\"article\" \/>\n<meta property=\"og:title\" content=\"Makita priamo\u010diar\u00e1 p\u00edla 4350FCTJ - MIR-MAR\" \/>\n<meta property=\"og:description\" content=\"Pr&iacute;kon 720 W  Po\u010det &uacute;derov za min&uacute;tu 800 - 2.800 min-1  D\u013a\u017eka kmitu 26 mm  Nastavenie rezu 4-stufig  Max. rezn&yacute; v&yacute;kon (drevo) 135 mm  Max. V\u0155tac&iacute; v&yacute;kon (oce\u013e\/hlin&iacute;k) 10 mm  Hmotnos\u0165 2,6 kg  Rozmery (D x &Scaron; x V) 236 x 73 x 207 mm\" \/>\n<meta property=\"og:url\" content=\"http:\/\/dafinoo.eu\/mirmar\/obchod\/priamociara-pila-4350fctj\/\" \/>\n<meta property=\"og:site_name\" content=\"MIR-MAR\" \/>\n<meta property=\"article:publisher\" content=\"https:\/\/facebook.com\/mirmareshop\" \/>\n<meta property=\"article:modified_time\" content=\"2021-04-21T13:14:30+00:00\" \/>\n<meta property=\"og:image\" content=\"https:\/\/i1.wp.com\/www.mirmar.sk\/wp-content\/uploads\/2021\/03\/4350fct_1.jpg?fit=232%2C218&ssl=1\" \/>\n\t<meta property=\"og:image:width\" content=\"232\" \/>\n\t<meta property=\"og:image:height\" content=\"218\" \/>\n\t<meta property=\"og:image:type\" content=\"image\/jpeg\" \/>\n<meta name=\"twitter:label1\" content=\"Predpokladan\u00fd \u010das \u010d\u00edtania\" \/>\n\t<meta name=\"twitter:data1\" content=\"1 min\u00fata\" \/>\n<script type=\"application\/ld+json\" class=\"yoast-schema-graph\">{\"@context\":\"https:\\\/\\\/schema.org\",\"@graph\":[{\"@type\":\"WebPage\",\"@id\":\"http:\\\/\\\/dafinoo.eu\\\/mirmar\\\/obchod\\\/priamociara-pila-4350fctj\\\/\",\"url\":\"http:\\\/\\\/dafinoo.eu\\\/mirmar\\\/obchod\\\/priamociara-pila-4350fctj\\\/\",\"name\":\"Makita priamo\u010diar\u00e1 p\u00edla 4350FCTJ - MIR-MAR\",\"isPartOf\":{\"@id\":\"http:\\\/\\\/dafinoo.eu\\\/mirmar\\\/#website\"},\"primaryImageOfPage\":{\"@id\":\"http:\\\/\\\/dafinoo.eu\\\/mirmar\\\/obchod\\\/priamociara-pila-4350fctj\\\/#primaryimage\"},\"image\":{\"@id\":\"http:\\\/\\\/dafinoo.eu\\\/mirmar\\\/obchod\\\/priamociara-pila-4350fctj\\\/#primaryimage\"},\"thumbnailUrl\":\"http:\\\/\\\/dafinoo.eu\\\/mirmar\\\/wp-content\\\/uploads\\\/2021\\\/03\\\/4350fct_1.jpg\",\"datePublished\":\"2021-03-15T16:21:44+00:00\",\"dateModified\":\"2021-04-21T13:14:30+00:00\",\"breadcrumb\":{\"@id\":\"http:\\\/\\\/dafinoo.eu\\\/mirmar\\\/obchod\\\/priamociara-pila-4350fctj\\\/#breadcrumb\"},\"inLanguage\":\"sk-SK\",\"potentialAction\":[{\"@type\":\"ReadAction\",\"target\":[\"http:\\\/\\\/dafinoo.eu\\\/mirmar\\\/obchod\\\/priamociara-pila-4350fctj\\\/\"]}]},{\"@type\":\"ImageObject\",\"inLanguage\":\"sk-SK\",\"@id\":\"http:\\\/\\\/dafinoo.eu\\\/mirmar\\\/obchod\\\/priamociara-pila-4350fctj\\\/#primaryimage\",\"url\":\"http:\\\/\\\/dafinoo.eu\\\/mirmar\\\/wp-content\\\/uploads\\\/2021\\\/03\\\/4350fct_1.jpg\",\"contentUrl\":\"http:\\\/\\\/dafinoo.eu\\\/mirmar\\\/wp-content\\\/uploads\\\/2021\\\/03\\\/4350fct_1.jpg\",\"width\":232,\"height\":218},{\"@type\":\"BreadcrumbList\",\"@id\":\"http:\\\/\\\/dafinoo.eu\\\/mirmar\\\/obchod\\\/priamociara-pila-4350fctj\\\/#breadcrumb\",\"itemListElement\":[{\"@type\":\"ListItem\",\"position\":1,\"name\":\"Domovsk\u00e1 str\u00e1nka\",\"item\":\"http:\\\/\\\/dafinoo.eu\\\/mirmar\\\/\"},{\"@type\":\"ListItem\",\"position\":2,\"name\":\"Obchod\",\"item\":\"http:\\\/\\\/dafinoo.eu\\\/mirmar\\\/obchod\\\/\"},{\"@type\":\"ListItem\",\"position\":3,\"name\":\"Makita priamo\u010diar\u00e1 p\u00edla 4350FCTJ\"}]},{\"@type\":\"WebSite\",\"@id\":\"http:\\\/\\\/dafinoo.eu\\\/mirmar\\\/#website\",\"url\":\"http:\\\/\\\/dafinoo.eu\\\/mirmar\\\/\",\"name\":\"MIR-MAR\",\"description\":\"Eshop s n\u00e1rad\u00edm\",\"publisher\":{\"@id\":\"http:\\\/\\\/dafinoo.eu\\\/mirmar\\\/#organization\"},\"potentialAction\":[{\"@type\":\"SearchAction\",\"target\":{\"@type\":\"EntryPoint\",\"urlTemplate\":\"http:\\\/\\\/dafinoo.eu\\\/mirmar\\\/?s={search_term_string}\"},\"query-input\":{\"@type\":\"PropertyValueSpecification\",\"valueRequired\":true,\"valueName\":\"search_term_string\"}}],\"inLanguage\":\"sk-SK\"},{\"@type\":\"Organization\",\"@id\":\"http:\\\/\\\/dafinoo.eu\\\/mirmar\\\/#organization\",\"name\":\"MIR-MAR\",\"url\":\"http:\\\/\\\/dafinoo.eu\\\/mirmar\\\/\",\"logo\":{\"@type\":\"ImageObject\",\"inLanguage\":\"sk-SK\",\"@id\":\"http:\\\/\\\/dafinoo.eu\\\/mirmar\\\/#\\\/schema\\\/logo\\\/image\\\/\",\"url\":\"http:\\\/\\\/dafinoo.eu\\\/mirmar\\\/wp-content\\\/uploads\\\/2021\\\/03\\\/mirmar_logo.png\",\"contentUrl\":\"http:\\\/\\\/dafinoo.eu\\\/mirmar\\\/wp-content\\\/uploads\\\/2021\\\/03\\\/mirmar_logo.png\",\"width\":256,\"height\":60,\"caption\":\"MIR-MAR\"},\"image\":{\"@id\":\"http:\\\/\\\/dafinoo.eu\\\/mirmar\\\/#\\\/schema\\\/logo\\\/image\\\/\"},\"sameAs\":[\"https:\\\/\\\/facebook.com\\\/mirmareshop\"]}]}<\/script>\n<!-- \/ Yoast SEO plugin. -->","yoast_head_json":{"title":"Makita priamo\u010diar\u00e1 p\u00edla 4350FCTJ - MIR-MAR","robots":{"index":"index","follow":"follow","max-snippet":"max-snippet:-1","max-image-preview":"max-image-preview:large","max-video-preview":"max-video-preview:-1"},"canonical":"http:\/\/dafinoo.eu\/mirmar\/obchod\/priamociara-pila-4350fctj\/","og_locale":"sk_SK","og_type":"article","og_title":"Makita priamo\u010diar\u00e1 p\u00edla 4350FCTJ - MIR-MAR","og_description":"Pr&iacute;kon 720 W  Po\u010det &uacute;derov za min&uacute;tu 800 - 2.800 min-1  D\u013a\u017eka kmitu 26 mm  Nastavenie rezu 4-stufig  Max. rezn&yacute; v&yacute;kon (drevo) 135 mm  Max. V\u0155tac&iacute; v&yacute;kon (oce\u013e\/hlin&iacute;k) 10 mm  Hmotnos\u0165 2,6 kg  Rozmery (D x &Scaron; x V) 236 x 73 x 207 mm","og_url":"http:\/\/dafinoo.eu\/mirmar\/obchod\/priamociara-pila-4350fctj\/","og_site_name":"MIR-MAR","article_publisher":"https:\/\/facebook.com\/mirmareshop","article_modified_time":"2021-04-21T13:14:30+00:00","og_image":[{"width":232,"height":218,"url":"https:\/\/i1.wp.com\/www.mirmar.sk\/wp-content\/uploads\/2021\/03\/4350fct_1.jpg?fit=232%2C218&ssl=1","type":"image\/jpeg"}],"twitter_misc":{"Predpokladan\u00fd \u010das \u010d\u00edtania":"1 min\u00fata"},"schema":{"@context":"https:\/\/schema.org","@graph":[{"@type":"WebPage","@id":"http:\/\/dafinoo.eu\/mirmar\/obchod\/priamociara-pila-4350fctj\/","url":"http:\/\/dafinoo.eu\/mirmar\/obchod\/priamociara-pila-4350fctj\/","name":"Makita priamo\u010diar\u00e1 p\u00edla 4350FCTJ - MIR-MAR","isPartOf":{"@id":"http:\/\/dafinoo.eu\/mirmar\/#website"},"primaryImageOfPage":{"@id":"http:\/\/dafinoo.eu\/mirmar\/obchod\/priamociara-pila-4350fctj\/#primaryimage"},"image":{"@id":"http:\/\/dafinoo.eu\/mirmar\/obchod\/priamociara-pila-4350fctj\/#primaryimage"},"thumbnailUrl":"http:\/\/dafinoo.eu\/mirmar\/wp-content\/uploads\/2021\/03\/4350fct_1.jpg","datePublished":"2021-03-15T16:21:44+00:00","dateModified":"2021-04-21T13:14:30+00:00","breadcrumb":{"@id":"http:\/\/dafinoo.eu\/mirmar\/obchod\/priamociara-pila-4350fctj\/#breadcrumb"},"inLanguage":"sk-SK","potentialAction":[{"@type":"ReadAction","target":["http:\/\/dafinoo.eu\/mirmar\/obchod\/priamociara-pila-4350fctj\/"]}]},{"@type":"ImageObject","inLanguage":"sk-SK","@id":"http:\/\/dafinoo.eu\/mirmar\/obchod\/priamociara-pila-4350fctj\/#primaryimage","url":"http:\/\/dafinoo.eu\/mirmar\/wp-content\/uploads\/2021\/03\/4350fct_1.jpg","contentUrl":"http:\/\/dafinoo.eu\/mirmar\/wp-content\/uploads\/2021\/03\/4350fct_1.jpg","width":232,"height":218},{"@type":"BreadcrumbList","@id":"http:\/\/dafinoo.eu\/mirmar\/obchod\/priamociara-pila-4350fctj\/#breadcrumb","itemListElement":[{"@type":"ListItem","position":1,"name":"Domovsk\u00e1 str\u00e1nka","item":"http:\/\/dafinoo.eu\/mirmar\/"},{"@type":"ListItem","position":2,"name":"Obchod","item":"http:\/\/dafinoo.eu\/mirmar\/obchod\/"},{"@type":"ListItem","position":3,"name":"Makita priamo\u010diar\u00e1 p\u00edla 4350FCTJ"}]},{"@type":"WebSite","@id":"http:\/\/dafinoo.eu\/mirmar\/#website","url":"http:\/\/dafinoo.eu\/mirmar\/","name":"MIR-MAR","description":"Eshop s n\u00e1rad\u00edm","publisher":{"@id":"http:\/\/dafinoo.eu\/mirmar\/#organization"},"potentialAction":[{"@type":"SearchAction","target":{"@type":"EntryPoint","urlTemplate":"http:\/\/dafinoo.eu\/mirmar\/?s={search_term_string}"},"query-input":{"@type":"PropertyValueSpecification","valueRequired":true,"valueName":"search_term_string"}}],"inLanguage":"sk-SK"},{"@type":"Organization","@id":"http:\/\/dafinoo.eu\/mirmar\/#organization","name":"MIR-MAR","url":"http:\/\/dafinoo.eu\/mirmar\/","logo":{"@type":"ImageObject","inLanguage":"sk-SK","@id":"http:\/\/dafinoo.eu\/mirmar\/#\/schema\/logo\/image\/","url":"http:\/\/dafinoo.eu\/mirmar\/wp-content\/uploads\/2021\/03\/mirmar_logo.png","contentUrl":"http:\/\/dafinoo.eu\/mirmar\/wp-content\/uploads\/2021\/03\/mirmar_logo.png","width":256,"height":60,"caption":"MIR-MAR"},"image":{"@id":"http:\/\/dafinoo.eu\/mirmar\/#\/schema\/logo\/image\/"},"sameAs":["https:\/\/facebook.com\/mirmareshop"]}]}},"_links":{"self":[{"href":"http:\/\/dafinoo.eu\/mirmar\/wp-json\/wp\/v2\/product\/35971","targetHints":{"allow":["GET"]}}],"collection":[{"href":"http:\/\/dafinoo.eu\/mirmar\/wp-json\/wp\/v2\/product"}],"about":[{"href":"http:\/\/dafinoo.eu\/mirmar\/wp-json\/wp\/v2\/types\/product"}],"replies":[{"embeddable":true,"href":"http:\/\/dafinoo.eu\/mirmar\/wp-json\/wp\/v2\/comments?post=35971"}],"wp:featuredmedia":[{"embeddable":true,"href":"http:\/\/dafinoo.eu\/mirmar\/wp-json\/wp\/v2\/media\/35972"}],"wp:attachment":[{"href":"http:\/\/dafinoo.eu\/mirmar\/wp-json\/wp\/v2\/media?parent=35971"}],"wp:term":[{"taxonomy":"product_cat","embeddable":true,"href":"http:\/\/dafinoo.eu\/mirmar\/wp-json\/wp\/v2\/product_cat?post=35971"},{"taxonomy":"product_tag","embeddable":true,"href":"http:\/\/dafinoo.eu\/mirmar\/wp-json\/wp\/v2\/product_tag?post=35971"}],"curies":[{"name":"wp","href":"https:\/\/api.w.org\/{rel}","templated":true}]}}