{"id":35977,"date":"2021-03-15T17:21:44","date_gmt":"2021-03-15T16:21:44","guid":{"rendered":"http:\/\/dafinoo.eu\/mirmar\/product\/vykonna-drazkovacia-freza-do-muriva-a-inych-stavebnych-materialov-sg150\/"},"modified":"2021-05-28T15:41:13","modified_gmt":"2021-05-28T13:41:13","slug":"vykonna-drazkovacia-freza-do-muriva-a-inych-stavebnych-materialov-sg150","status":"publish","type":"product","link":"http:\/\/dafinoo.eu\/mirmar\/obchod\/vykonna-drazkovacia-freza-do-muriva-a-inych-stavebnych-materialov-sg150\/","title":{"rendered":"Makita v\u00fdkonn\u00e1 dr\u00e1\u017ekovacia fr\u00e9za do muriva a in\u00fdch stavebn\u00fdch materi\u00e1lov SG150"},"content":{"rendered":"<p>* Dr&aacute;\u017ekovacia fr&eacute;za s vodiacou kladkou pre r&yacute;chle a presn&eacute; dr&aacute;\u017eky do muriva * Elektronick&aacute; regul&aacute;cia pozvo\u013en&eacute;ho rozbehu a vypnutia pri pre\u0165a\u017een&iacute; pre ochranu kot&uacute;\u010da aj pr&iacute;stroja * Elektronika s optick&yacute;m ukazovate\u013eom pre kontrolu ot&aacute;\u010dok * V&yacute;sok&yacute; kr&uacute;tiaci moment na z&aacute;klade optim&aacute;lneho prevodov&eacute;ho pomeru<\/p>\n","protected":false},"excerpt":{"rendered":"<p>Pr&iacute;kon 1800 W Vo\u013enobe\u017en&eacute; ot&aacute;\u010dky 7800 min-1 Priemer up&iacute;nacieho otvoru 22,23 mm Priemer diamantov&eacute;ho kot&uacute;\u010da 150 mm &Scaron;&iacute;rka dr&aacute;\u017eky 7-35 mm H\u013abka dr&aacute;\u017eky 7-45 mm Hmotnos\u0165 5,6 kg<\/p>\n","protected":false},"featured_media":35978,"comment_status":"closed","ping_status":"closed","template":"","meta":{"_lmt_disableupdate":"","_lmt_disable":""},"product_cat":[3051,3071,3092],"product_tag":[],"class_list":{"0":"post-35977","1":"product","2":"type-product","3":"status-publish","4":"has-post-thumbnail","6":"product_cat-makita","7":"product_cat-rezanie","8":"product_cat-drazkovacie-frezy-do-muriva","9":"ts_product_brand-makita","11":"first","12":"instock","13":"taxable","14":"shipping-taxable","15":"purchasable","16":"product-type-simple"},"yoast_head":"<!-- This site is optimized with the Yoast SEO plugin v27.3 - https:\/\/yoast.com\/product\/yoast-seo-wordpress\/ -->\n<title>Makita v\u00fdkonn\u00e1 dr\u00e1\u017ekovacia fr\u00e9za do muriva a in\u00fdch stavebn\u00fdch materi\u00e1lov SG150 - MIR-MAR<\/title>\n<meta name=\"robots\" content=\"index, follow, max-snippet:-1, max-image-preview:large, max-video-preview:-1\" \/>\n<link rel=\"canonical\" href=\"http:\/\/dafinoo.eu\/mirmar\/obchod\/vykonna-drazkovacia-freza-do-muriva-a-inych-stavebnych-materialov-sg150\/\" \/>\n<meta property=\"og:locale\" content=\"sk_SK\" \/>\n<meta property=\"og:type\" content=\"article\" \/>\n<meta property=\"og:title\" content=\"Makita v\u00fdkonn\u00e1 dr\u00e1\u017ekovacia fr\u00e9za do muriva a in\u00fdch stavebn\u00fdch materi\u00e1lov SG150 - MIR-MAR\" \/>\n<meta property=\"og:description\" content=\"Pr&iacute;kon 1800 W Vo\u013enobe\u017en&eacute; ot&aacute;\u010dky 7800 min-1 Priemer up&iacute;nacieho otvoru 22,23 mm Priemer diamantov&eacute;ho kot&uacute;\u010da 150 mm &Scaron;&iacute;rka dr&aacute;\u017eky 7-35 mm H\u013abka dr&aacute;\u017eky 7-45 mm Hmotnos\u0165 5,6 kg\" \/>\n<meta property=\"og:url\" content=\"http:\/\/dafinoo.eu\/mirmar\/obchod\/vykonna-drazkovacia-freza-do-muriva-a-inych-stavebnych-materialov-sg150\/\" \/>\n<meta property=\"og:site_name\" content=\"MIR-MAR\" \/>\n<meta property=\"article:publisher\" content=\"https:\/\/facebook.com\/mirmareshop\" \/>\n<meta property=\"article:modified_time\" content=\"2021-05-28T13:41:13+00:00\" \/>\n<meta property=\"og:image\" content=\"https:\/\/i2.wp.com\/www.mirmar.sk\/wp-content\/uploads\/2021\/03\/sg150_1.jpg?fit=297%2C170&ssl=1\" \/>\n\t<meta property=\"og:image:width\" content=\"297\" \/>\n\t<meta property=\"og:image:height\" content=\"170\" \/>\n\t<meta property=\"og:image:type\" content=\"image\/jpeg\" \/>\n<script type=\"application\/ld+json\" class=\"yoast-schema-graph\">{\"@context\":\"https:\\\/\\\/schema.org\",\"@graph\":[{\"@type\":\"WebPage\",\"@id\":\"http:\\\/\\\/dafinoo.eu\\\/mirmar\\\/obchod\\\/vykonna-drazkovacia-freza-do-muriva-a-inych-stavebnych-materialov-sg150\\\/\",\"url\":\"http:\\\/\\\/dafinoo.eu\\\/mirmar\\\/obchod\\\/vykonna-drazkovacia-freza-do-muriva-a-inych-stavebnych-materialov-sg150\\\/\",\"name\":\"Makita v\u00fdkonn\u00e1 dr\u00e1\u017ekovacia fr\u00e9za do muriva a in\u00fdch stavebn\u00fdch materi\u00e1lov SG150 - MIR-MAR\",\"isPartOf\":{\"@id\":\"http:\\\/\\\/dafinoo.eu\\\/mirmar\\\/#website\"},\"primaryImageOfPage\":{\"@id\":\"http:\\\/\\\/dafinoo.eu\\\/mirmar\\\/obchod\\\/vykonna-drazkovacia-freza-do-muriva-a-inych-stavebnych-materialov-sg150\\\/#primaryimage\"},\"image\":{\"@id\":\"http:\\\/\\\/dafinoo.eu\\\/mirmar\\\/obchod\\\/vykonna-drazkovacia-freza-do-muriva-a-inych-stavebnych-materialov-sg150\\\/#primaryimage\"},\"thumbnailUrl\":\"http:\\\/\\\/dafinoo.eu\\\/mirmar\\\/wp-content\\\/uploads\\\/2021\\\/03\\\/sg150_1.jpg\",\"datePublished\":\"2021-03-15T16:21:44+00:00\",\"dateModified\":\"2021-05-28T13:41:13+00:00\",\"breadcrumb\":{\"@id\":\"http:\\\/\\\/dafinoo.eu\\\/mirmar\\\/obchod\\\/vykonna-drazkovacia-freza-do-muriva-a-inych-stavebnych-materialov-sg150\\\/#breadcrumb\"},\"inLanguage\":\"sk-SK\",\"potentialAction\":[{\"@type\":\"ReadAction\",\"target\":[\"http:\\\/\\\/dafinoo.eu\\\/mirmar\\\/obchod\\\/vykonna-drazkovacia-freza-do-muriva-a-inych-stavebnych-materialov-sg150\\\/\"]}]},{\"@type\":\"ImageObject\",\"inLanguage\":\"sk-SK\",\"@id\":\"http:\\\/\\\/dafinoo.eu\\\/mirmar\\\/obchod\\\/vykonna-drazkovacia-freza-do-muriva-a-inych-stavebnych-materialov-sg150\\\/#primaryimage\",\"url\":\"http:\\\/\\\/dafinoo.eu\\\/mirmar\\\/wp-content\\\/uploads\\\/2021\\\/03\\\/sg150_1.jpg\",\"contentUrl\":\"http:\\\/\\\/dafinoo.eu\\\/mirmar\\\/wp-content\\\/uploads\\\/2021\\\/03\\\/sg150_1.jpg\",\"width\":297,\"height\":170},{\"@type\":\"BreadcrumbList\",\"@id\":\"http:\\\/\\\/dafinoo.eu\\\/mirmar\\\/obchod\\\/vykonna-drazkovacia-freza-do-muriva-a-inych-stavebnych-materialov-sg150\\\/#breadcrumb\",\"itemListElement\":[{\"@type\":\"ListItem\",\"position\":1,\"name\":\"Domovsk\u00e1 str\u00e1nka\",\"item\":\"http:\\\/\\\/dafinoo.eu\\\/mirmar\\\/\"},{\"@type\":\"ListItem\",\"position\":2,\"name\":\"Obchod\",\"item\":\"http:\\\/\\\/dafinoo.eu\\\/mirmar\\\/obchod\\\/\"},{\"@type\":\"ListItem\",\"position\":3,\"name\":\"Makita v\u00fdkonn\u00e1 dr\u00e1\u017ekovacia fr\u00e9za do muriva a in\u00fdch stavebn\u00fdch materi\u00e1lov SG150\"}]},{\"@type\":\"WebSite\",\"@id\":\"http:\\\/\\\/dafinoo.eu\\\/mirmar\\\/#website\",\"url\":\"http:\\\/\\\/dafinoo.eu\\\/mirmar\\\/\",\"name\":\"MIR-MAR\",\"description\":\"Eshop s n\u00e1rad\u00edm\",\"publisher\":{\"@id\":\"http:\\\/\\\/dafinoo.eu\\\/mirmar\\\/#organization\"},\"potentialAction\":[{\"@type\":\"SearchAction\",\"target\":{\"@type\":\"EntryPoint\",\"urlTemplate\":\"http:\\\/\\\/dafinoo.eu\\\/mirmar\\\/?s={search_term_string}\"},\"query-input\":{\"@type\":\"PropertyValueSpecification\",\"valueRequired\":true,\"valueName\":\"search_term_string\"}}],\"inLanguage\":\"sk-SK\"},{\"@type\":\"Organization\",\"@id\":\"http:\\\/\\\/dafinoo.eu\\\/mirmar\\\/#organization\",\"name\":\"MIR-MAR\",\"url\":\"http:\\\/\\\/dafinoo.eu\\\/mirmar\\\/\",\"logo\":{\"@type\":\"ImageObject\",\"inLanguage\":\"sk-SK\",\"@id\":\"http:\\\/\\\/dafinoo.eu\\\/mirmar\\\/#\\\/schema\\\/logo\\\/image\\\/\",\"url\":\"http:\\\/\\\/dafinoo.eu\\\/mirmar\\\/wp-content\\\/uploads\\\/2021\\\/03\\\/mirmar_logo.png\",\"contentUrl\":\"http:\\\/\\\/dafinoo.eu\\\/mirmar\\\/wp-content\\\/uploads\\\/2021\\\/03\\\/mirmar_logo.png\",\"width\":256,\"height\":60,\"caption\":\"MIR-MAR\"},\"image\":{\"@id\":\"http:\\\/\\\/dafinoo.eu\\\/mirmar\\\/#\\\/schema\\\/logo\\\/image\\\/\"},\"sameAs\":[\"https:\\\/\\\/facebook.com\\\/mirmareshop\"]}]}<\/script>\n<!-- \/ Yoast SEO plugin. -->","yoast_head_json":{"title":"Makita v\u00fdkonn\u00e1 dr\u00e1\u017ekovacia fr\u00e9za do muriva a in\u00fdch stavebn\u00fdch materi\u00e1lov SG150 - MIR-MAR","robots":{"index":"index","follow":"follow","max-snippet":"max-snippet:-1","max-image-preview":"max-image-preview:large","max-video-preview":"max-video-preview:-1"},"canonical":"http:\/\/dafinoo.eu\/mirmar\/obchod\/vykonna-drazkovacia-freza-do-muriva-a-inych-stavebnych-materialov-sg150\/","og_locale":"sk_SK","og_type":"article","og_title":"Makita v\u00fdkonn\u00e1 dr\u00e1\u017ekovacia fr\u00e9za do muriva a in\u00fdch stavebn\u00fdch materi\u00e1lov SG150 - MIR-MAR","og_description":"Pr&iacute;kon 1800 W Vo\u013enobe\u017en&eacute; ot&aacute;\u010dky 7800 min-1 Priemer up&iacute;nacieho otvoru 22,23 mm Priemer diamantov&eacute;ho kot&uacute;\u010da 150 mm &Scaron;&iacute;rka dr&aacute;\u017eky 7-35 mm H\u013abka dr&aacute;\u017eky 7-45 mm Hmotnos\u0165 5,6 kg","og_url":"http:\/\/dafinoo.eu\/mirmar\/obchod\/vykonna-drazkovacia-freza-do-muriva-a-inych-stavebnych-materialov-sg150\/","og_site_name":"MIR-MAR","article_publisher":"https:\/\/facebook.com\/mirmareshop","article_modified_time":"2021-05-28T13:41:13+00:00","og_image":[{"width":297,"height":170,"url":"https:\/\/i2.wp.com\/www.mirmar.sk\/wp-content\/uploads\/2021\/03\/sg150_1.jpg?fit=297%2C170&ssl=1","type":"image\/jpeg"}],"schema":{"@context":"https:\/\/schema.org","@graph":[{"@type":"WebPage","@id":"http:\/\/dafinoo.eu\/mirmar\/obchod\/vykonna-drazkovacia-freza-do-muriva-a-inych-stavebnych-materialov-sg150\/","url":"http:\/\/dafinoo.eu\/mirmar\/obchod\/vykonna-drazkovacia-freza-do-muriva-a-inych-stavebnych-materialov-sg150\/","name":"Makita v\u00fdkonn\u00e1 dr\u00e1\u017ekovacia fr\u00e9za do muriva a in\u00fdch stavebn\u00fdch materi\u00e1lov SG150 - MIR-MAR","isPartOf":{"@id":"http:\/\/dafinoo.eu\/mirmar\/#website"},"primaryImageOfPage":{"@id":"http:\/\/dafinoo.eu\/mirmar\/obchod\/vykonna-drazkovacia-freza-do-muriva-a-inych-stavebnych-materialov-sg150\/#primaryimage"},"image":{"@id":"http:\/\/dafinoo.eu\/mirmar\/obchod\/vykonna-drazkovacia-freza-do-muriva-a-inych-stavebnych-materialov-sg150\/#primaryimage"},"thumbnailUrl":"http:\/\/dafinoo.eu\/mirmar\/wp-content\/uploads\/2021\/03\/sg150_1.jpg","datePublished":"2021-03-15T16:21:44+00:00","dateModified":"2021-05-28T13:41:13+00:00","breadcrumb":{"@id":"http:\/\/dafinoo.eu\/mirmar\/obchod\/vykonna-drazkovacia-freza-do-muriva-a-inych-stavebnych-materialov-sg150\/#breadcrumb"},"inLanguage":"sk-SK","potentialAction":[{"@type":"ReadAction","target":["http:\/\/dafinoo.eu\/mirmar\/obchod\/vykonna-drazkovacia-freza-do-muriva-a-inych-stavebnych-materialov-sg150\/"]}]},{"@type":"ImageObject","inLanguage":"sk-SK","@id":"http:\/\/dafinoo.eu\/mirmar\/obchod\/vykonna-drazkovacia-freza-do-muriva-a-inych-stavebnych-materialov-sg150\/#primaryimage","url":"http:\/\/dafinoo.eu\/mirmar\/wp-content\/uploads\/2021\/03\/sg150_1.jpg","contentUrl":"http:\/\/dafinoo.eu\/mirmar\/wp-content\/uploads\/2021\/03\/sg150_1.jpg","width":297,"height":170},{"@type":"BreadcrumbList","@id":"http:\/\/dafinoo.eu\/mirmar\/obchod\/vykonna-drazkovacia-freza-do-muriva-a-inych-stavebnych-materialov-sg150\/#breadcrumb","itemListElement":[{"@type":"ListItem","position":1,"name":"Domovsk\u00e1 str\u00e1nka","item":"http:\/\/dafinoo.eu\/mirmar\/"},{"@type":"ListItem","position":2,"name":"Obchod","item":"http:\/\/dafinoo.eu\/mirmar\/obchod\/"},{"@type":"ListItem","position":3,"name":"Makita v\u00fdkonn\u00e1 dr\u00e1\u017ekovacia fr\u00e9za do muriva a in\u00fdch stavebn\u00fdch materi\u00e1lov SG150"}]},{"@type":"WebSite","@id":"http:\/\/dafinoo.eu\/mirmar\/#website","url":"http:\/\/dafinoo.eu\/mirmar\/","name":"MIR-MAR","description":"Eshop s n\u00e1rad\u00edm","publisher":{"@id":"http:\/\/dafinoo.eu\/mirmar\/#organization"},"potentialAction":[{"@type":"SearchAction","target":{"@type":"EntryPoint","urlTemplate":"http:\/\/dafinoo.eu\/mirmar\/?s={search_term_string}"},"query-input":{"@type":"PropertyValueSpecification","valueRequired":true,"valueName":"search_term_string"}}],"inLanguage":"sk-SK"},{"@type":"Organization","@id":"http:\/\/dafinoo.eu\/mirmar\/#organization","name":"MIR-MAR","url":"http:\/\/dafinoo.eu\/mirmar\/","logo":{"@type":"ImageObject","inLanguage":"sk-SK","@id":"http:\/\/dafinoo.eu\/mirmar\/#\/schema\/logo\/image\/","url":"http:\/\/dafinoo.eu\/mirmar\/wp-content\/uploads\/2021\/03\/mirmar_logo.png","contentUrl":"http:\/\/dafinoo.eu\/mirmar\/wp-content\/uploads\/2021\/03\/mirmar_logo.png","width":256,"height":60,"caption":"MIR-MAR"},"image":{"@id":"http:\/\/dafinoo.eu\/mirmar\/#\/schema\/logo\/image\/"},"sameAs":["https:\/\/facebook.com\/mirmareshop"]}]}},"_links":{"self":[{"href":"http:\/\/dafinoo.eu\/mirmar\/wp-json\/wp\/v2\/product\/35977","targetHints":{"allow":["GET"]}}],"collection":[{"href":"http:\/\/dafinoo.eu\/mirmar\/wp-json\/wp\/v2\/product"}],"about":[{"href":"http:\/\/dafinoo.eu\/mirmar\/wp-json\/wp\/v2\/types\/product"}],"replies":[{"embeddable":true,"href":"http:\/\/dafinoo.eu\/mirmar\/wp-json\/wp\/v2\/comments?post=35977"}],"wp:featuredmedia":[{"embeddable":true,"href":"http:\/\/dafinoo.eu\/mirmar\/wp-json\/wp\/v2\/media\/35978"}],"wp:attachment":[{"href":"http:\/\/dafinoo.eu\/mirmar\/wp-json\/wp\/v2\/media?parent=35977"}],"wp:term":[{"taxonomy":"product_cat","embeddable":true,"href":"http:\/\/dafinoo.eu\/mirmar\/wp-json\/wp\/v2\/product_cat?post=35977"},{"taxonomy":"product_tag","embeddable":true,"href":"http:\/\/dafinoo.eu\/mirmar\/wp-json\/wp\/v2\/product_tag?post=35977"}],"curies":[{"name":"wp","href":"https:\/\/api.w.org\/{rel}","templated":true}]}}