{"id":36093,"date":"2021-03-15T17:22:07","date_gmt":"2021-03-15T16:22:07","guid":{"rendered":"http:\/\/dafinoo.eu\/mirmar\/product\/bosch-akumulatorovy-vrtaci-skrutkovac-gsr-108-2-li-professional\/"},"modified":"2021-04-19T19:40:48","modified_gmt":"2021-04-19T17:40:48","slug":"bosch-akumulatorovy-vrtaci-skrutkovac-gsr-108-2-li-professional","status":"publish","type":"product","link":"http:\/\/dafinoo.eu\/mirmar\/obchod\/bosch-akumulatorovy-vrtaci-skrutkovac-gsr-108-2-li-professional\/","title":{"rendered":"Bosch Akumul\u00e1torov\u00fd v\u0155tac\u00ed skrutkova\u010d GSR 10,8-2-LI Professional"},"content":{"rendered":"<p>Najkrat\u0161\u00ed sil\u00e1k v triede 10,8 V<\/p>\n<p>    * S najkrat\u0161\u00edm tvarom (169 mm) vo svojej triede &#8211; pre optim\u00e1lnu manipul\u00e1ciu predov\u0161etk\u00fdm pri pr\u00e1cach spojen\u00fdch s v\u0155tan\u00edm a skrutkovan\u00edm nad hlavou a na \u00fazkych miestach<br \/>\n    * Profesion\u00e1lny v\u00fdkon: 2-stup\u0148ov\u00e1 prevodovka sa postar\u00e1 o siln\u00fdch 30 Nm pri v\u0155tan\u00ed (do 19 mm) a skrutkovan\u00ed (do 7 mm)<br \/>\n    * Plnohodnotn\u00e9 sk\u013eu\u010dovadlo 10 mm Auto-Lock<br \/>\n    * Jedine\u010dn\u00e1 l\u00edtium-i\u00f3nov\u00e1 technol\u00f3gia Bosch Premium pre \u017eivotnos\u0165 dlh\u0161iu o 400 % a neprekonate\u013en\u00fa kapacitu akumul\u00e1tora<br \/>\n    * Elektronick\u00e1 ochrana \u010dl\u00e1nkov \u2013 Electronic Cell Protection (ECP): Chr\u00e1ni akumul\u00e1tor pred pre\u0165a\u017een\u00edm, prehriat\u00edm a nadmern\u00fdm vybit\u00edm<br \/>\n    * Praktick\u00fd indik\u00e1tor stavu nabitia bat\u00e9rie s tromi LED-di\u00f3dami<br \/>\n    * Integrovan\u00e9 osvetlenie LED na osvetlenie pracovnej oblasti aj v tmav\u00fdch miestach<br \/>\n    * Brzda motora pre presn\u00fa pr\u00e1cu pri s\u00e9riovom skrutkovan\u00ed<br \/>\n    * Bosch Hyper Charge: V\u010faka r\u00fdchlemu nab\u00edjaniu s\u00fa akumul\u00e1tory nabit\u00e9 na 75 % u\u017e po uplynut\u00ed polovice \u010dasu nab\u00edjania<br \/>\n    * \u017diadny pam\u00e4\u0165ov\u00fd efekt: akumul\u00e1tor mo\u017eno kedyko\u013evek nab\u00edja\u0165 bez oh\u013eadu na stav jeho nabitia, bez rizika po\u0161kodenia \u010dl\u00e1nkov<\/p>\n","protected":false},"excerpt":{"rendered":"<p>Technick\u00e9 parametre: GSR 10,8-2-LI Professional<br \/>\nKr\u00fatiaci moment, max. (tuh\u00fd skrutkov\u00fd spoj)\t30 Nm<br \/>\nKr\u00fatiaci moment, max. (m\u00e4kk\u00fd skrutkov\u00fd spoj)\t13 Nm<br \/>\nVo\u013enobe\u017en\u00e9 ot\u00e1\u010dky (1. stupe\u0148 \/ 2. stupe\u0148)\t0 \u2013 350 \/ 1.300 min-1<br \/>\nUp\u00ednac\u00ed rozsah sk\u013eu\u010dovadla, min\/max\t1 \/ 10 mm<br \/>\nNap\u00e4tie akumul\u00e1tora\t10,8 V<br \/>\nHmotnos\u0165 s akumul\u00e1torom\t0,95 kg<br \/>\nPo\u010det stup\u0148ov kr\u00fatiaceho momentu\t20+1<br \/>\nD\u013a\u017eka\t169,0 mm<br \/>\nPriemer vrtu<br \/>\nMax. \u00d8 vrtu do dreva\t19 mm<br \/>\nMax. \u00d8 vrtu do ocele\t10 mm<br \/>\nPriemer skrutiek<br \/>\nMax. \u00d8 skrutiek\t7 mm<br \/>\nFunkcie<\/p>\n<p>    * Viacstup\u0148ov\u00e1<br \/>\n    * Pravo-\/\u013eavobe\u017en\u00fd chod<br \/>\n    * Elektronika<br \/>\n    * Auto-Lock<br \/>\n    * M\u00e4kk\u00e1 tlmiaca vlo\u017eka rukov\u00e4te<br \/>\n    * Osvetlenie<\/p>\n<p>Inform\u00e1cia o hlu\u010dnosti a vibr\u00e1ci\u00e1ch<\/p>\n<p>Hodnoty merania zisten\u00e9 pod\u013ea EN 60745<br \/>\nCelkov\u00e9 hodnoty vibr\u00e1ci\u00ed (s\u00fa\u010det vektorov v troch smeroch)<br \/>\nV\u0155tanie do kovov<br \/>\nHodnota emisie vibr\u00e1ci\u00ed ah\t2.5 m\/s\u00b2<br \/>\nNepresnos\u0165 K\t1.5 m\/s\u00b2<br \/>\nSkrutkovanie<br \/>\nHodnota emisie vibr\u00e1ci\u00ed ah\t2.5 m\/s\u00b2<br \/>\nNepresnos\u0165 K\t1.5 m\/s\u00b2<\/p>\n","protected":false},"featured_media":36094,"comment_status":"closed","ping_status":"open","template":"","meta":{"_lmt_disableupdate":"","_lmt_disable":""},"product_cat":[3107,3106],"product_tag":[],"class_list":{"0":"post-36093","1":"product","2":"type-product","3":"status-publish","4":"has-post-thumbnail","6":"product_cat-akumulatorove-naradie","7":"product_cat-bosch","8":"ts_product_brand-bosh","10":"first","11":"instock","12":"taxable","13":"shipping-taxable","14":"purchasable","15":"product-type-simple"},"yoast_head":"<!-- This site is optimized with the Yoast SEO plugin v27.3 - https:\/\/yoast.com\/product\/yoast-seo-wordpress\/ -->\n<title>Bosch Akumul\u00e1torov\u00fd v\u0155tac\u00ed skrutkova\u010d GSR 10,8-2-LI Professional - MIR-MAR<\/title>\n<meta name=\"robots\" content=\"index, follow, max-snippet:-1, max-image-preview:large, max-video-preview:-1\" \/>\n<link rel=\"canonical\" href=\"http:\/\/dafinoo.eu\/mirmar\/obchod\/bosch-akumulatorovy-vrtaci-skrutkovac-gsr-108-2-li-professional\/\" \/>\n<meta property=\"og:locale\" content=\"sk_SK\" \/>\n<meta property=\"og:type\" content=\"article\" \/>\n<meta property=\"og:title\" content=\"Bosch Akumul\u00e1torov\u00fd v\u0155tac\u00ed skrutkova\u010d GSR 10,8-2-LI Professional - MIR-MAR\" \/>\n<meta property=\"og:description\" content=\"Technick\u00e9 parametre: GSR 10,8-2-LI Professional Kr\u00fatiaci moment, max. (tuh\u00fd skrutkov\u00fd spoj) 30 Nm Kr\u00fatiaci moment, max. (m\u00e4kk\u00fd skrutkov\u00fd spoj) 13 Nm Vo\u013enobe\u017en\u00e9 ot\u00e1\u010dky (1. stupe\u0148 \/ 2. stupe\u0148) 0 \u2013 350 \/ 1.300 min-1 Up\u00ednac\u00ed rozsah sk\u013eu\u010dovadla, min\/max 1 \/ 10 mm Nap\u00e4tie akumul\u00e1tora 10,8 V Hmotnos\u0165 s akumul\u00e1torom 0,95 kg Po\u010det stup\u0148ov kr\u00fatiaceho momentu 20+1 D\u013a\u017eka 169,0 mm Priemer vrtu Max. \u00d8 vrtu do dreva 19 mm Max. \u00d8 vrtu do ocele 10 mm Priemer skrutiek Max. \u00d8 skrutiek 7 mm Funkcie   * Viacstup\u0148ov\u00e1   * Pravo-\/\u013eavobe\u017en\u00fd chod   * Elektronika   * Auto-Lock   * M\u00e4kk\u00e1 tlmiaca vlo\u017eka rukov\u00e4te   * Osvetlenie Inform\u00e1cia o hlu\u010dnosti a vibr\u00e1ci\u00e1ch Hodnoty merania zisten\u00e9 pod\u013ea EN 60745 Celkov\u00e9 hodnoty vibr\u00e1ci\u00ed (s\u00fa\u010det vektorov v troch smeroch) V\u0155tanie do kovov Hodnota emisie vibr\u00e1ci\u00ed ah 2.5 m\/s\u00b2 Nepresnos\u0165 K 1.5 m\/s\u00b2 Skrutkovanie Hodnota emisie vibr\u00e1ci\u00ed ah 2.5 m\/s\u00b2 Nepresnos\u0165 K 1.5 m\/s\u00b2\" \/>\n<meta property=\"og:url\" content=\"http:\/\/dafinoo.eu\/mirmar\/obchod\/bosch-akumulatorovy-vrtaci-skrutkovac-gsr-108-2-li-professional\/\" \/>\n<meta property=\"og:site_name\" content=\"MIR-MAR\" \/>\n<meta property=\"article:publisher\" content=\"https:\/\/facebook.com\/mirmareshop\" \/>\n<meta property=\"article:modified_time\" content=\"2021-04-19T17:40:48+00:00\" \/>\n<meta property=\"og:image\" content=\"https:\/\/i0.wp.com\/www.mirmar.sk\/wp-content\/uploads\/2021\/03\/1_4.jpg?fit=661%2C348&ssl=1\" \/>\n\t<meta property=\"og:image:width\" content=\"661\" \/>\n\t<meta property=\"og:image:height\" content=\"348\" \/>\n\t<meta property=\"og:image:type\" content=\"image\/jpeg\" \/>\n<meta name=\"twitter:label1\" content=\"Predpokladan\u00fd \u010das \u010d\u00edtania\" \/>\n\t<meta name=\"twitter:data1\" content=\"1 min\u00fata\" \/>\n<script type=\"application\/ld+json\" class=\"yoast-schema-graph\">{\"@context\":\"https:\\\/\\\/schema.org\",\"@graph\":[{\"@type\":\"WebPage\",\"@id\":\"http:\\\/\\\/dafinoo.eu\\\/mirmar\\\/obchod\\\/bosch-akumulatorovy-vrtaci-skrutkovac-gsr-108-2-li-professional\\\/\",\"url\":\"http:\\\/\\\/dafinoo.eu\\\/mirmar\\\/obchod\\\/bosch-akumulatorovy-vrtaci-skrutkovac-gsr-108-2-li-professional\\\/\",\"name\":\"Bosch Akumul\u00e1torov\u00fd v\u0155tac\u00ed skrutkova\u010d GSR 10,8-2-LI Professional - MIR-MAR\",\"isPartOf\":{\"@id\":\"http:\\\/\\\/dafinoo.eu\\\/mirmar\\\/#website\"},\"primaryImageOfPage\":{\"@id\":\"http:\\\/\\\/dafinoo.eu\\\/mirmar\\\/obchod\\\/bosch-akumulatorovy-vrtaci-skrutkovac-gsr-108-2-li-professional\\\/#primaryimage\"},\"image\":{\"@id\":\"http:\\\/\\\/dafinoo.eu\\\/mirmar\\\/obchod\\\/bosch-akumulatorovy-vrtaci-skrutkovac-gsr-108-2-li-professional\\\/#primaryimage\"},\"thumbnailUrl\":\"http:\\\/\\\/dafinoo.eu\\\/mirmar\\\/wp-content\\\/uploads\\\/2021\\\/03\\\/1_4.jpg\",\"datePublished\":\"2021-03-15T16:22:07+00:00\",\"dateModified\":\"2021-04-19T17:40:48+00:00\",\"breadcrumb\":{\"@id\":\"http:\\\/\\\/dafinoo.eu\\\/mirmar\\\/obchod\\\/bosch-akumulatorovy-vrtaci-skrutkovac-gsr-108-2-li-professional\\\/#breadcrumb\"},\"inLanguage\":\"sk-SK\",\"potentialAction\":[{\"@type\":\"ReadAction\",\"target\":[\"http:\\\/\\\/dafinoo.eu\\\/mirmar\\\/obchod\\\/bosch-akumulatorovy-vrtaci-skrutkovac-gsr-108-2-li-professional\\\/\"]}]},{\"@type\":\"ImageObject\",\"inLanguage\":\"sk-SK\",\"@id\":\"http:\\\/\\\/dafinoo.eu\\\/mirmar\\\/obchod\\\/bosch-akumulatorovy-vrtaci-skrutkovac-gsr-108-2-li-professional\\\/#primaryimage\",\"url\":\"http:\\\/\\\/dafinoo.eu\\\/mirmar\\\/wp-content\\\/uploads\\\/2021\\\/03\\\/1_4.jpg\",\"contentUrl\":\"http:\\\/\\\/dafinoo.eu\\\/mirmar\\\/wp-content\\\/uploads\\\/2021\\\/03\\\/1_4.jpg\",\"width\":661,\"height\":348},{\"@type\":\"BreadcrumbList\",\"@id\":\"http:\\\/\\\/dafinoo.eu\\\/mirmar\\\/obchod\\\/bosch-akumulatorovy-vrtaci-skrutkovac-gsr-108-2-li-professional\\\/#breadcrumb\",\"itemListElement\":[{\"@type\":\"ListItem\",\"position\":1,\"name\":\"Domovsk\u00e1 str\u00e1nka\",\"item\":\"http:\\\/\\\/dafinoo.eu\\\/mirmar\\\/\"},{\"@type\":\"ListItem\",\"position\":2,\"name\":\"Obchod\",\"item\":\"http:\\\/\\\/dafinoo.eu\\\/mirmar\\\/obchod\\\/\"},{\"@type\":\"ListItem\",\"position\":3,\"name\":\"Bosch Akumul\u00e1torov\u00fd v\u0155tac\u00ed skrutkova\u010d GSR 10,8-2-LI Professional\"}]},{\"@type\":\"WebSite\",\"@id\":\"http:\\\/\\\/dafinoo.eu\\\/mirmar\\\/#website\",\"url\":\"http:\\\/\\\/dafinoo.eu\\\/mirmar\\\/\",\"name\":\"MIR-MAR\",\"description\":\"Eshop s n\u00e1rad\u00edm\",\"publisher\":{\"@id\":\"http:\\\/\\\/dafinoo.eu\\\/mirmar\\\/#organization\"},\"potentialAction\":[{\"@type\":\"SearchAction\",\"target\":{\"@type\":\"EntryPoint\",\"urlTemplate\":\"http:\\\/\\\/dafinoo.eu\\\/mirmar\\\/?s={search_term_string}\"},\"query-input\":{\"@type\":\"PropertyValueSpecification\",\"valueRequired\":true,\"valueName\":\"search_term_string\"}}],\"inLanguage\":\"sk-SK\"},{\"@type\":\"Organization\",\"@id\":\"http:\\\/\\\/dafinoo.eu\\\/mirmar\\\/#organization\",\"name\":\"MIR-MAR\",\"url\":\"http:\\\/\\\/dafinoo.eu\\\/mirmar\\\/\",\"logo\":{\"@type\":\"ImageObject\",\"inLanguage\":\"sk-SK\",\"@id\":\"http:\\\/\\\/dafinoo.eu\\\/mirmar\\\/#\\\/schema\\\/logo\\\/image\\\/\",\"url\":\"http:\\\/\\\/dafinoo.eu\\\/mirmar\\\/wp-content\\\/uploads\\\/2021\\\/03\\\/mirmar_logo.png\",\"contentUrl\":\"http:\\\/\\\/dafinoo.eu\\\/mirmar\\\/wp-content\\\/uploads\\\/2021\\\/03\\\/mirmar_logo.png\",\"width\":256,\"height\":60,\"caption\":\"MIR-MAR\"},\"image\":{\"@id\":\"http:\\\/\\\/dafinoo.eu\\\/mirmar\\\/#\\\/schema\\\/logo\\\/image\\\/\"},\"sameAs\":[\"https:\\\/\\\/facebook.com\\\/mirmareshop\"]}]}<\/script>\n<!-- \/ Yoast SEO plugin. -->","yoast_head_json":{"title":"Bosch Akumul\u00e1torov\u00fd v\u0155tac\u00ed skrutkova\u010d GSR 10,8-2-LI Professional - MIR-MAR","robots":{"index":"index","follow":"follow","max-snippet":"max-snippet:-1","max-image-preview":"max-image-preview:large","max-video-preview":"max-video-preview:-1"},"canonical":"http:\/\/dafinoo.eu\/mirmar\/obchod\/bosch-akumulatorovy-vrtaci-skrutkovac-gsr-108-2-li-professional\/","og_locale":"sk_SK","og_type":"article","og_title":"Bosch Akumul\u00e1torov\u00fd v\u0155tac\u00ed skrutkova\u010d GSR 10,8-2-LI Professional - MIR-MAR","og_description":"Technick\u00e9 parametre: GSR 10,8-2-LI Professional Kr\u00fatiaci moment, max. (tuh\u00fd skrutkov\u00fd spoj) 30 Nm Kr\u00fatiaci moment, max. (m\u00e4kk\u00fd skrutkov\u00fd spoj) 13 Nm Vo\u013enobe\u017en\u00e9 ot\u00e1\u010dky (1. stupe\u0148 \/ 2. stupe\u0148) 0 \u2013 350 \/ 1.300 min-1 Up\u00ednac\u00ed rozsah sk\u013eu\u010dovadla, min\/max 1 \/ 10 mm Nap\u00e4tie akumul\u00e1tora 10,8 V Hmotnos\u0165 s akumul\u00e1torom 0,95 kg Po\u010det stup\u0148ov kr\u00fatiaceho momentu 20+1 D\u013a\u017eka 169,0 mm Priemer vrtu Max. \u00d8 vrtu do dreva 19 mm Max. \u00d8 vrtu do ocele 10 mm Priemer skrutiek Max. \u00d8 skrutiek 7 mm Funkcie   * Viacstup\u0148ov\u00e1   * Pravo-\/\u013eavobe\u017en\u00fd chod   * Elektronika   * Auto-Lock   * M\u00e4kk\u00e1 tlmiaca vlo\u017eka rukov\u00e4te   * Osvetlenie Inform\u00e1cia o hlu\u010dnosti a vibr\u00e1ci\u00e1ch Hodnoty merania zisten\u00e9 pod\u013ea EN 60745 Celkov\u00e9 hodnoty vibr\u00e1ci\u00ed (s\u00fa\u010det vektorov v troch smeroch) V\u0155tanie do kovov Hodnota emisie vibr\u00e1ci\u00ed ah 2.5 m\/s\u00b2 Nepresnos\u0165 K 1.5 m\/s\u00b2 Skrutkovanie Hodnota emisie vibr\u00e1ci\u00ed ah 2.5 m\/s\u00b2 Nepresnos\u0165 K 1.5 m\/s\u00b2","og_url":"http:\/\/dafinoo.eu\/mirmar\/obchod\/bosch-akumulatorovy-vrtaci-skrutkovac-gsr-108-2-li-professional\/","og_site_name":"MIR-MAR","article_publisher":"https:\/\/facebook.com\/mirmareshop","article_modified_time":"2021-04-19T17:40:48+00:00","og_image":[{"width":661,"height":348,"url":"https:\/\/i0.wp.com\/www.mirmar.sk\/wp-content\/uploads\/2021\/03\/1_4.jpg?fit=661%2C348&ssl=1","type":"image\/jpeg"}],"twitter_misc":{"Predpokladan\u00fd \u010das \u010d\u00edtania":"1 min\u00fata"},"schema":{"@context":"https:\/\/schema.org","@graph":[{"@type":"WebPage","@id":"http:\/\/dafinoo.eu\/mirmar\/obchod\/bosch-akumulatorovy-vrtaci-skrutkovac-gsr-108-2-li-professional\/","url":"http:\/\/dafinoo.eu\/mirmar\/obchod\/bosch-akumulatorovy-vrtaci-skrutkovac-gsr-108-2-li-professional\/","name":"Bosch Akumul\u00e1torov\u00fd v\u0155tac\u00ed skrutkova\u010d GSR 10,8-2-LI Professional - MIR-MAR","isPartOf":{"@id":"http:\/\/dafinoo.eu\/mirmar\/#website"},"primaryImageOfPage":{"@id":"http:\/\/dafinoo.eu\/mirmar\/obchod\/bosch-akumulatorovy-vrtaci-skrutkovac-gsr-108-2-li-professional\/#primaryimage"},"image":{"@id":"http:\/\/dafinoo.eu\/mirmar\/obchod\/bosch-akumulatorovy-vrtaci-skrutkovac-gsr-108-2-li-professional\/#primaryimage"},"thumbnailUrl":"http:\/\/dafinoo.eu\/mirmar\/wp-content\/uploads\/2021\/03\/1_4.jpg","datePublished":"2021-03-15T16:22:07+00:00","dateModified":"2021-04-19T17:40:48+00:00","breadcrumb":{"@id":"http:\/\/dafinoo.eu\/mirmar\/obchod\/bosch-akumulatorovy-vrtaci-skrutkovac-gsr-108-2-li-professional\/#breadcrumb"},"inLanguage":"sk-SK","potentialAction":[{"@type":"ReadAction","target":["http:\/\/dafinoo.eu\/mirmar\/obchod\/bosch-akumulatorovy-vrtaci-skrutkovac-gsr-108-2-li-professional\/"]}]},{"@type":"ImageObject","inLanguage":"sk-SK","@id":"http:\/\/dafinoo.eu\/mirmar\/obchod\/bosch-akumulatorovy-vrtaci-skrutkovac-gsr-108-2-li-professional\/#primaryimage","url":"http:\/\/dafinoo.eu\/mirmar\/wp-content\/uploads\/2021\/03\/1_4.jpg","contentUrl":"http:\/\/dafinoo.eu\/mirmar\/wp-content\/uploads\/2021\/03\/1_4.jpg","width":661,"height":348},{"@type":"BreadcrumbList","@id":"http:\/\/dafinoo.eu\/mirmar\/obchod\/bosch-akumulatorovy-vrtaci-skrutkovac-gsr-108-2-li-professional\/#breadcrumb","itemListElement":[{"@type":"ListItem","position":1,"name":"Domovsk\u00e1 str\u00e1nka","item":"http:\/\/dafinoo.eu\/mirmar\/"},{"@type":"ListItem","position":2,"name":"Obchod","item":"http:\/\/dafinoo.eu\/mirmar\/obchod\/"},{"@type":"ListItem","position":3,"name":"Bosch Akumul\u00e1torov\u00fd v\u0155tac\u00ed skrutkova\u010d GSR 10,8-2-LI Professional"}]},{"@type":"WebSite","@id":"http:\/\/dafinoo.eu\/mirmar\/#website","url":"http:\/\/dafinoo.eu\/mirmar\/","name":"MIR-MAR","description":"Eshop s n\u00e1rad\u00edm","publisher":{"@id":"http:\/\/dafinoo.eu\/mirmar\/#organization"},"potentialAction":[{"@type":"SearchAction","target":{"@type":"EntryPoint","urlTemplate":"http:\/\/dafinoo.eu\/mirmar\/?s={search_term_string}"},"query-input":{"@type":"PropertyValueSpecification","valueRequired":true,"valueName":"search_term_string"}}],"inLanguage":"sk-SK"},{"@type":"Organization","@id":"http:\/\/dafinoo.eu\/mirmar\/#organization","name":"MIR-MAR","url":"http:\/\/dafinoo.eu\/mirmar\/","logo":{"@type":"ImageObject","inLanguage":"sk-SK","@id":"http:\/\/dafinoo.eu\/mirmar\/#\/schema\/logo\/image\/","url":"http:\/\/dafinoo.eu\/mirmar\/wp-content\/uploads\/2021\/03\/mirmar_logo.png","contentUrl":"http:\/\/dafinoo.eu\/mirmar\/wp-content\/uploads\/2021\/03\/mirmar_logo.png","width":256,"height":60,"caption":"MIR-MAR"},"image":{"@id":"http:\/\/dafinoo.eu\/mirmar\/#\/schema\/logo\/image\/"},"sameAs":["https:\/\/facebook.com\/mirmareshop"]}]}},"_links":{"self":[{"href":"http:\/\/dafinoo.eu\/mirmar\/wp-json\/wp\/v2\/product\/36093","targetHints":{"allow":["GET"]}}],"collection":[{"href":"http:\/\/dafinoo.eu\/mirmar\/wp-json\/wp\/v2\/product"}],"about":[{"href":"http:\/\/dafinoo.eu\/mirmar\/wp-json\/wp\/v2\/types\/product"}],"replies":[{"embeddable":true,"href":"http:\/\/dafinoo.eu\/mirmar\/wp-json\/wp\/v2\/comments?post=36093"}],"wp:featuredmedia":[{"embeddable":true,"href":"http:\/\/dafinoo.eu\/mirmar\/wp-json\/wp\/v2\/media\/36094"}],"wp:attachment":[{"href":"http:\/\/dafinoo.eu\/mirmar\/wp-json\/wp\/v2\/media?parent=36093"}],"wp:term":[{"taxonomy":"product_cat","embeddable":true,"href":"http:\/\/dafinoo.eu\/mirmar\/wp-json\/wp\/v2\/product_cat?post=36093"},{"taxonomy":"product_tag","embeddable":true,"href":"http:\/\/dafinoo.eu\/mirmar\/wp-json\/wp\/v2\/product_tag?post=36093"}],"curies":[{"name":"wp","href":"https:\/\/api.w.org\/{rel}","templated":true}]}}