{"id":36115,"date":"2021-03-15T17:22:15","date_gmt":"2021-03-15T16:22:15","guid":{"rendered":"http:\/\/dafinoo.eu\/mirmar\/product\/bosch-akumulatorovy-vrtaci-skrutkovac-gsr-144-ve-2-li-professional-bosch\/"},"modified":"2021-04-19T19:40:53","modified_gmt":"2021-04-19T17:40:53","slug":"bosch-akumulatorovy-vrtaci-skrutkovac-gsr-144-ve-2-li-professional-bosch","status":"publish","type":"product","link":"http:\/\/dafinoo.eu\/mirmar\/obchod\/bosch-akumulatorovy-vrtaci-skrutkovac-gsr-144-ve-2-li-professional-bosch\/","title":{"rendered":"Bosch Akumul\u00e1torov\u00fd v\u0155tac\u00ed skrutkova\u010d  GSR 14,4 VE-2-LI Professional Bosch"},"content":{"rendered":"<p>Extr\u00e9mny robustn\u00fd. Extr\u00e9mne kompaktn\u00fd.<br \/>\nExtr\u00e9mne v\u00fdkonn\u00fd: 75 Nm pre naj\u0165a\u017e\u0161ie skrutkovanie a v\u0155tanie do dreva a kovu<br \/>\nExtr\u00e9mne kompaktn\u00fd: ve\u013emi mal\u00e1 d\u013a\u017eka hlavy (len 213 mm) zabezpe\u010duj\u00faca perfektn\u00fa manipul\u00e1ciu<br \/>\nExtr\u00e9mne robustn\u00fd: plne funk\u010dn\u00fd aj po p\u00e1de z v\u00fd\u0161ky 2 m na bet\u00f3n, v\u010faka flexibiln\u00e9mu krytu \u201eDura Shield\u201c<br \/>\nElektronick\u00e1 ochrana motora (EMP) chr\u00e1ni motor pred pre\u0165a\u017een\u00edm a zabezpe\u010d\u00ed mu dlh\u00fa \u017eivotnos\u0165<br \/>\n13 mm sk\u013eu\u010dovadlo vrt\u00e1kov s automatick\u00fdm uzamykan\u00edm Auto-Lock<br \/>\nJedine\u010dn\u00e1 l\u00edtium-i\u00f3nov\u00e1 technol\u00f3gia Bosch Premium pre \u017eivotnos\u0165 dlh\u0161iu o 400 % a neprekonate\u013en\u00fa kapacitu akumul\u00e1tora<br \/>\nElektronick\u00e1 ochrana \u010dl\u00e1nkov \u2013 Electronic Cell Protection (ECP): Chr\u00e1ni akumul\u00e1tor pred pre\u0165a\u017een\u00edm, prehriat\u00edm a nadmern\u00fdm vybit\u00edm<br \/>\nPraktick\u00fd indik\u00e1tor stavu nabitia bat\u00e9rie v\u00e1m kedyko\u013evek poskytne inform\u00e1ciu o energetick\u00fdch rezerv\u00e1ch, ktor\u00e9 s\u00fa e\u0161te k dispoz\u00edcii<br \/>\nIntegrovan\u00e9 osvetlenie LED na osvetlenie pracovnej oblasti aj v tmav\u00fdch miestach<br \/>\nBrzda motora pre presn\u00fa pr\u00e1cu pri s\u00e9riovom skrutkovan\u00ed<br \/>\nErgonomicky tvarovan\u00e1 rukov\u00e4\u0165 s mal\u00fdm obvodom a m\u00e4kkou tlmiacou vlo\u017ekou Softgrip na neunavuj\u00facu pr\u00e1cu<\/p>\n","protected":false},"excerpt":{"rendered":"<p>Kr\u00fatiaci moment, max. (tuh\u00fd skrutkov\u00fd spoj)\t75 Nm<br \/>\nKr\u00fatiaci moment, max. (m\u00e4kk\u00fd skrutkov\u00fd spoj)\t35 Nm<br \/>\nVo\u013enobe\u017en\u00e9 ot\u00e1\u010dky (1. stupe\u0148 \/ 2. stupe\u0148)\t0 \u2013 380 \/ 1.600 min-1<br \/>\nUp\u00ednac\u00ed rozsah sk\u013eu\u010dovadla, min\/max\t1,5 \/ 13 mm<br \/>\nZ\u00e1vit v\u0155tacieho vretena\t1\/2&#8243;<br \/>\nNap\u00e4tie akumul\u00e1tora\t14,4 V<br \/>\nHmotnos\u0165 s akumul\u00e1torom\t2 kg<br \/>\nPo\u010det stup\u0148ov kr\u00fatiaceho momentu\t25+1<br \/>\nPriemer vrtu<br \/>\nMax. \u00d8 vrtu do dreva\t45 mm<br \/>\nMax. \u00d8 vrtu do ocele\t13 mm<br \/>\nPriemer skrutiek<br \/>\nMax. \u00d8 skrutiek\t10 mm<br \/>\nFunkcie<br \/>\nViacstup\u0148ov\u00e1<br \/>\nPravo-\/\u013eavobe\u017en\u00fd chod<br \/>\nElektronika<br \/>\nAuto-Lock<br \/>\nM\u00e4kk\u00e1 tlmiaca vlo\u017eka rukov\u00e4te<br \/>\nOsvetlenie<br \/>\n-Inform\u00e1cia o hlu\u010dnosti a vibr\u00e1ci\u00e1ch<br \/>\nHodnoty merania zisten\u00e9 pod\u013ea EN 60745<br \/>\nCelkov\u00e9 hodnoty vibr\u00e1ci\u00ed (s\u00fa\u010det vektorov v troch smeroch)<br \/>\nV\u0155tanie do kovov<br \/>\nHodnota emisie vibr\u00e1ci\u00ed ah\t2.5 m\/s\u00b2<br \/>\nNepresnos\u0165 K\t1.5 m\/s\u00b2<br \/>\nSkrutkovanie<br \/>\nHodnota emisie vibr\u00e1ci\u00ed ah\t2.5 m\/s\u00b2<\/p>\n","protected":false},"featured_media":36116,"comment_status":"closed","ping_status":"open","template":"","meta":{"_lmt_disableupdate":"","_lmt_disable":""},"product_cat":[3107,3106],"product_tag":[],"class_list":{"0":"post-36115","1":"product","2":"type-product","3":"status-publish","4":"has-post-thumbnail","6":"product_cat-akumulatorove-naradie","7":"product_cat-bosch","8":"ts_product_brand-bosh","10":"first","11":"instock","12":"taxable","13":"shipping-taxable","14":"purchasable","15":"product-type-simple"},"yoast_head":"<!-- This site is optimized with the Yoast SEO plugin v27.3 - https:\/\/yoast.com\/product\/yoast-seo-wordpress\/ -->\n<title>Bosch Akumul\u00e1torov\u00fd v\u0155tac\u00ed skrutkova\u010d GSR 14,4 VE-2-LI Professional Bosch - MIR-MAR<\/title>\n<meta name=\"robots\" content=\"index, follow, max-snippet:-1, max-image-preview:large, max-video-preview:-1\" \/>\n<link rel=\"canonical\" href=\"http:\/\/dafinoo.eu\/mirmar\/obchod\/bosch-akumulatorovy-vrtaci-skrutkovac-gsr-144-ve-2-li-professional-bosch\/\" \/>\n<meta property=\"og:locale\" content=\"sk_SK\" \/>\n<meta property=\"og:type\" content=\"article\" \/>\n<meta property=\"og:title\" content=\"Bosch Akumul\u00e1torov\u00fd v\u0155tac\u00ed skrutkova\u010d GSR 14,4 VE-2-LI Professional Bosch - MIR-MAR\" \/>\n<meta property=\"og:description\" content=\"Kr\u00fatiaci moment, max. (tuh\u00fd skrutkov\u00fd spoj) 75 Nm Kr\u00fatiaci moment, max. (m\u00e4kk\u00fd skrutkov\u00fd spoj) 35 Nm Vo\u013enobe\u017en\u00e9 ot\u00e1\u010dky (1. stupe\u0148 \/ 2. stupe\u0148) 0 \u2013 380 \/ 1.600 min-1 Up\u00ednac\u00ed rozsah sk\u013eu\u010dovadla, min\/max 1,5 \/ 13 mm Z\u00e1vit v\u0155tacieho vretena 1\/2&quot; Nap\u00e4tie akumul\u00e1tora 14,4 V Hmotnos\u0165 s akumul\u00e1torom 2 kg Po\u010det stup\u0148ov kr\u00fatiaceho momentu 25+1 Priemer vrtu Max. \u00d8 vrtu do dreva 45 mm Max. \u00d8 vrtu do ocele 13 mm Priemer skrutiek Max. \u00d8 skrutiek 10 mm Funkcie Viacstup\u0148ov\u00e1 Pravo-\/\u013eavobe\u017en\u00fd chod Elektronika Auto-Lock M\u00e4kk\u00e1 tlmiaca vlo\u017eka rukov\u00e4te Osvetlenie -Inform\u00e1cia o hlu\u010dnosti a vibr\u00e1ci\u00e1ch Hodnoty merania zisten\u00e9 pod\u013ea EN 60745 Celkov\u00e9 hodnoty vibr\u00e1ci\u00ed (s\u00fa\u010det vektorov v troch smeroch) V\u0155tanie do kovov Hodnota emisie vibr\u00e1ci\u00ed ah 2.5 m\/s\u00b2 Nepresnos\u0165 K 1.5 m\/s\u00b2 Skrutkovanie Hodnota emisie vibr\u00e1ci\u00ed ah 2.5 m\/s\u00b2\" \/>\n<meta property=\"og:url\" content=\"http:\/\/dafinoo.eu\/mirmar\/obchod\/bosch-akumulatorovy-vrtaci-skrutkovac-gsr-144-ve-2-li-professional-bosch\/\" \/>\n<meta property=\"og:site_name\" content=\"MIR-MAR\" \/>\n<meta property=\"article:publisher\" content=\"https:\/\/facebook.com\/mirmareshop\" \/>\n<meta property=\"article:modified_time\" content=\"2021-04-19T17:40:53+00:00\" \/>\n<meta property=\"og:image\" content=\"https:\/\/i2.wp.com\/www.mirmar.sk\/wp-content\/uploads\/2021\/03\/4_1_4.jpg?fit=661%2C348&ssl=1\" \/>\n\t<meta property=\"og:image:width\" content=\"661\" \/>\n\t<meta property=\"og:image:height\" content=\"348\" \/>\n\t<meta property=\"og:image:type\" content=\"image\/jpeg\" \/>\n<meta name=\"twitter:label1\" content=\"Predpokladan\u00fd \u010das \u010d\u00edtania\" \/>\n\t<meta name=\"twitter:data1\" content=\"1 min\u00fata\" \/>\n<script type=\"application\/ld+json\" class=\"yoast-schema-graph\">{\"@context\":\"https:\\\/\\\/schema.org\",\"@graph\":[{\"@type\":\"WebPage\",\"@id\":\"http:\\\/\\\/dafinoo.eu\\\/mirmar\\\/obchod\\\/bosch-akumulatorovy-vrtaci-skrutkovac-gsr-144-ve-2-li-professional-bosch\\\/\",\"url\":\"http:\\\/\\\/dafinoo.eu\\\/mirmar\\\/obchod\\\/bosch-akumulatorovy-vrtaci-skrutkovac-gsr-144-ve-2-li-professional-bosch\\\/\",\"name\":\"Bosch Akumul\u00e1torov\u00fd v\u0155tac\u00ed skrutkova\u010d GSR 14,4 VE-2-LI Professional Bosch - MIR-MAR\",\"isPartOf\":{\"@id\":\"http:\\\/\\\/dafinoo.eu\\\/mirmar\\\/#website\"},\"primaryImageOfPage\":{\"@id\":\"http:\\\/\\\/dafinoo.eu\\\/mirmar\\\/obchod\\\/bosch-akumulatorovy-vrtaci-skrutkovac-gsr-144-ve-2-li-professional-bosch\\\/#primaryimage\"},\"image\":{\"@id\":\"http:\\\/\\\/dafinoo.eu\\\/mirmar\\\/obchod\\\/bosch-akumulatorovy-vrtaci-skrutkovac-gsr-144-ve-2-li-professional-bosch\\\/#primaryimage\"},\"thumbnailUrl\":\"http:\\\/\\\/dafinoo.eu\\\/mirmar\\\/wp-content\\\/uploads\\\/2021\\\/03\\\/4_1_4.jpg\",\"datePublished\":\"2021-03-15T16:22:15+00:00\",\"dateModified\":\"2021-04-19T17:40:53+00:00\",\"breadcrumb\":{\"@id\":\"http:\\\/\\\/dafinoo.eu\\\/mirmar\\\/obchod\\\/bosch-akumulatorovy-vrtaci-skrutkovac-gsr-144-ve-2-li-professional-bosch\\\/#breadcrumb\"},\"inLanguage\":\"sk-SK\",\"potentialAction\":[{\"@type\":\"ReadAction\",\"target\":[\"http:\\\/\\\/dafinoo.eu\\\/mirmar\\\/obchod\\\/bosch-akumulatorovy-vrtaci-skrutkovac-gsr-144-ve-2-li-professional-bosch\\\/\"]}]},{\"@type\":\"ImageObject\",\"inLanguage\":\"sk-SK\",\"@id\":\"http:\\\/\\\/dafinoo.eu\\\/mirmar\\\/obchod\\\/bosch-akumulatorovy-vrtaci-skrutkovac-gsr-144-ve-2-li-professional-bosch\\\/#primaryimage\",\"url\":\"http:\\\/\\\/dafinoo.eu\\\/mirmar\\\/wp-content\\\/uploads\\\/2021\\\/03\\\/4_1_4.jpg\",\"contentUrl\":\"http:\\\/\\\/dafinoo.eu\\\/mirmar\\\/wp-content\\\/uploads\\\/2021\\\/03\\\/4_1_4.jpg\",\"width\":661,\"height\":348},{\"@type\":\"BreadcrumbList\",\"@id\":\"http:\\\/\\\/dafinoo.eu\\\/mirmar\\\/obchod\\\/bosch-akumulatorovy-vrtaci-skrutkovac-gsr-144-ve-2-li-professional-bosch\\\/#breadcrumb\",\"itemListElement\":[{\"@type\":\"ListItem\",\"position\":1,\"name\":\"Domovsk\u00e1 str\u00e1nka\",\"item\":\"http:\\\/\\\/dafinoo.eu\\\/mirmar\\\/\"},{\"@type\":\"ListItem\",\"position\":2,\"name\":\"Obchod\",\"item\":\"http:\\\/\\\/dafinoo.eu\\\/mirmar\\\/obchod\\\/\"},{\"@type\":\"ListItem\",\"position\":3,\"name\":\"Bosch Akumul\u00e1torov\u00fd v\u0155tac\u00ed skrutkova\u010d GSR 14,4 VE-2-LI Professional Bosch\"}]},{\"@type\":\"WebSite\",\"@id\":\"http:\\\/\\\/dafinoo.eu\\\/mirmar\\\/#website\",\"url\":\"http:\\\/\\\/dafinoo.eu\\\/mirmar\\\/\",\"name\":\"MIR-MAR\",\"description\":\"Eshop s n\u00e1rad\u00edm\",\"publisher\":{\"@id\":\"http:\\\/\\\/dafinoo.eu\\\/mirmar\\\/#organization\"},\"potentialAction\":[{\"@type\":\"SearchAction\",\"target\":{\"@type\":\"EntryPoint\",\"urlTemplate\":\"http:\\\/\\\/dafinoo.eu\\\/mirmar\\\/?s={search_term_string}\"},\"query-input\":{\"@type\":\"PropertyValueSpecification\",\"valueRequired\":true,\"valueName\":\"search_term_string\"}}],\"inLanguage\":\"sk-SK\"},{\"@type\":\"Organization\",\"@id\":\"http:\\\/\\\/dafinoo.eu\\\/mirmar\\\/#organization\",\"name\":\"MIR-MAR\",\"url\":\"http:\\\/\\\/dafinoo.eu\\\/mirmar\\\/\",\"logo\":{\"@type\":\"ImageObject\",\"inLanguage\":\"sk-SK\",\"@id\":\"http:\\\/\\\/dafinoo.eu\\\/mirmar\\\/#\\\/schema\\\/logo\\\/image\\\/\",\"url\":\"http:\\\/\\\/dafinoo.eu\\\/mirmar\\\/wp-content\\\/uploads\\\/2021\\\/03\\\/mirmar_logo.png\",\"contentUrl\":\"http:\\\/\\\/dafinoo.eu\\\/mirmar\\\/wp-content\\\/uploads\\\/2021\\\/03\\\/mirmar_logo.png\",\"width\":256,\"height\":60,\"caption\":\"MIR-MAR\"},\"image\":{\"@id\":\"http:\\\/\\\/dafinoo.eu\\\/mirmar\\\/#\\\/schema\\\/logo\\\/image\\\/\"},\"sameAs\":[\"https:\\\/\\\/facebook.com\\\/mirmareshop\"]}]}<\/script>\n<!-- \/ Yoast SEO plugin. -->","yoast_head_json":{"title":"Bosch Akumul\u00e1torov\u00fd v\u0155tac\u00ed skrutkova\u010d GSR 14,4 VE-2-LI Professional Bosch - MIR-MAR","robots":{"index":"index","follow":"follow","max-snippet":"max-snippet:-1","max-image-preview":"max-image-preview:large","max-video-preview":"max-video-preview:-1"},"canonical":"http:\/\/dafinoo.eu\/mirmar\/obchod\/bosch-akumulatorovy-vrtaci-skrutkovac-gsr-144-ve-2-li-professional-bosch\/","og_locale":"sk_SK","og_type":"article","og_title":"Bosch Akumul\u00e1torov\u00fd v\u0155tac\u00ed skrutkova\u010d GSR 14,4 VE-2-LI Professional Bosch - MIR-MAR","og_description":"Kr\u00fatiaci moment, max. (tuh\u00fd skrutkov\u00fd spoj) 75 Nm Kr\u00fatiaci moment, max. (m\u00e4kk\u00fd skrutkov\u00fd spoj) 35 Nm Vo\u013enobe\u017en\u00e9 ot\u00e1\u010dky (1. stupe\u0148 \/ 2. stupe\u0148) 0 \u2013 380 \/ 1.600 min-1 Up\u00ednac\u00ed rozsah sk\u013eu\u010dovadla, min\/max 1,5 \/ 13 mm Z\u00e1vit v\u0155tacieho vretena 1\/2\" Nap\u00e4tie akumul\u00e1tora 14,4 V Hmotnos\u0165 s akumul\u00e1torom 2 kg Po\u010det stup\u0148ov kr\u00fatiaceho momentu 25+1 Priemer vrtu Max. \u00d8 vrtu do dreva 45 mm Max. \u00d8 vrtu do ocele 13 mm Priemer skrutiek Max. \u00d8 skrutiek 10 mm Funkcie Viacstup\u0148ov\u00e1 Pravo-\/\u013eavobe\u017en\u00fd chod Elektronika Auto-Lock M\u00e4kk\u00e1 tlmiaca vlo\u017eka rukov\u00e4te Osvetlenie -Inform\u00e1cia o hlu\u010dnosti a vibr\u00e1ci\u00e1ch Hodnoty merania zisten\u00e9 pod\u013ea EN 60745 Celkov\u00e9 hodnoty vibr\u00e1ci\u00ed (s\u00fa\u010det vektorov v troch smeroch) V\u0155tanie do kovov Hodnota emisie vibr\u00e1ci\u00ed ah 2.5 m\/s\u00b2 Nepresnos\u0165 K 1.5 m\/s\u00b2 Skrutkovanie Hodnota emisie vibr\u00e1ci\u00ed ah 2.5 m\/s\u00b2","og_url":"http:\/\/dafinoo.eu\/mirmar\/obchod\/bosch-akumulatorovy-vrtaci-skrutkovac-gsr-144-ve-2-li-professional-bosch\/","og_site_name":"MIR-MAR","article_publisher":"https:\/\/facebook.com\/mirmareshop","article_modified_time":"2021-04-19T17:40:53+00:00","og_image":[{"width":661,"height":348,"url":"https:\/\/i2.wp.com\/www.mirmar.sk\/wp-content\/uploads\/2021\/03\/4_1_4.jpg?fit=661%2C348&ssl=1","type":"image\/jpeg"}],"twitter_misc":{"Predpokladan\u00fd \u010das \u010d\u00edtania":"1 min\u00fata"},"schema":{"@context":"https:\/\/schema.org","@graph":[{"@type":"WebPage","@id":"http:\/\/dafinoo.eu\/mirmar\/obchod\/bosch-akumulatorovy-vrtaci-skrutkovac-gsr-144-ve-2-li-professional-bosch\/","url":"http:\/\/dafinoo.eu\/mirmar\/obchod\/bosch-akumulatorovy-vrtaci-skrutkovac-gsr-144-ve-2-li-professional-bosch\/","name":"Bosch Akumul\u00e1torov\u00fd v\u0155tac\u00ed skrutkova\u010d GSR 14,4 VE-2-LI Professional Bosch - MIR-MAR","isPartOf":{"@id":"http:\/\/dafinoo.eu\/mirmar\/#website"},"primaryImageOfPage":{"@id":"http:\/\/dafinoo.eu\/mirmar\/obchod\/bosch-akumulatorovy-vrtaci-skrutkovac-gsr-144-ve-2-li-professional-bosch\/#primaryimage"},"image":{"@id":"http:\/\/dafinoo.eu\/mirmar\/obchod\/bosch-akumulatorovy-vrtaci-skrutkovac-gsr-144-ve-2-li-professional-bosch\/#primaryimage"},"thumbnailUrl":"http:\/\/dafinoo.eu\/mirmar\/wp-content\/uploads\/2021\/03\/4_1_4.jpg","datePublished":"2021-03-15T16:22:15+00:00","dateModified":"2021-04-19T17:40:53+00:00","breadcrumb":{"@id":"http:\/\/dafinoo.eu\/mirmar\/obchod\/bosch-akumulatorovy-vrtaci-skrutkovac-gsr-144-ve-2-li-professional-bosch\/#breadcrumb"},"inLanguage":"sk-SK","potentialAction":[{"@type":"ReadAction","target":["http:\/\/dafinoo.eu\/mirmar\/obchod\/bosch-akumulatorovy-vrtaci-skrutkovac-gsr-144-ve-2-li-professional-bosch\/"]}]},{"@type":"ImageObject","inLanguage":"sk-SK","@id":"http:\/\/dafinoo.eu\/mirmar\/obchod\/bosch-akumulatorovy-vrtaci-skrutkovac-gsr-144-ve-2-li-professional-bosch\/#primaryimage","url":"http:\/\/dafinoo.eu\/mirmar\/wp-content\/uploads\/2021\/03\/4_1_4.jpg","contentUrl":"http:\/\/dafinoo.eu\/mirmar\/wp-content\/uploads\/2021\/03\/4_1_4.jpg","width":661,"height":348},{"@type":"BreadcrumbList","@id":"http:\/\/dafinoo.eu\/mirmar\/obchod\/bosch-akumulatorovy-vrtaci-skrutkovac-gsr-144-ve-2-li-professional-bosch\/#breadcrumb","itemListElement":[{"@type":"ListItem","position":1,"name":"Domovsk\u00e1 str\u00e1nka","item":"http:\/\/dafinoo.eu\/mirmar\/"},{"@type":"ListItem","position":2,"name":"Obchod","item":"http:\/\/dafinoo.eu\/mirmar\/obchod\/"},{"@type":"ListItem","position":3,"name":"Bosch Akumul\u00e1torov\u00fd v\u0155tac\u00ed skrutkova\u010d GSR 14,4 VE-2-LI Professional Bosch"}]},{"@type":"WebSite","@id":"http:\/\/dafinoo.eu\/mirmar\/#website","url":"http:\/\/dafinoo.eu\/mirmar\/","name":"MIR-MAR","description":"Eshop s n\u00e1rad\u00edm","publisher":{"@id":"http:\/\/dafinoo.eu\/mirmar\/#organization"},"potentialAction":[{"@type":"SearchAction","target":{"@type":"EntryPoint","urlTemplate":"http:\/\/dafinoo.eu\/mirmar\/?s={search_term_string}"},"query-input":{"@type":"PropertyValueSpecification","valueRequired":true,"valueName":"search_term_string"}}],"inLanguage":"sk-SK"},{"@type":"Organization","@id":"http:\/\/dafinoo.eu\/mirmar\/#organization","name":"MIR-MAR","url":"http:\/\/dafinoo.eu\/mirmar\/","logo":{"@type":"ImageObject","inLanguage":"sk-SK","@id":"http:\/\/dafinoo.eu\/mirmar\/#\/schema\/logo\/image\/","url":"http:\/\/dafinoo.eu\/mirmar\/wp-content\/uploads\/2021\/03\/mirmar_logo.png","contentUrl":"http:\/\/dafinoo.eu\/mirmar\/wp-content\/uploads\/2021\/03\/mirmar_logo.png","width":256,"height":60,"caption":"MIR-MAR"},"image":{"@id":"http:\/\/dafinoo.eu\/mirmar\/#\/schema\/logo\/image\/"},"sameAs":["https:\/\/facebook.com\/mirmareshop"]}]}},"_links":{"self":[{"href":"http:\/\/dafinoo.eu\/mirmar\/wp-json\/wp\/v2\/product\/36115","targetHints":{"allow":["GET"]}}],"collection":[{"href":"http:\/\/dafinoo.eu\/mirmar\/wp-json\/wp\/v2\/product"}],"about":[{"href":"http:\/\/dafinoo.eu\/mirmar\/wp-json\/wp\/v2\/types\/product"}],"replies":[{"embeddable":true,"href":"http:\/\/dafinoo.eu\/mirmar\/wp-json\/wp\/v2\/comments?post=36115"}],"wp:featuredmedia":[{"embeddable":true,"href":"http:\/\/dafinoo.eu\/mirmar\/wp-json\/wp\/v2\/media\/36116"}],"wp:attachment":[{"href":"http:\/\/dafinoo.eu\/mirmar\/wp-json\/wp\/v2\/media?parent=36115"}],"wp:term":[{"taxonomy":"product_cat","embeddable":true,"href":"http:\/\/dafinoo.eu\/mirmar\/wp-json\/wp\/v2\/product_cat?post=36115"},{"taxonomy":"product_tag","embeddable":true,"href":"http:\/\/dafinoo.eu\/mirmar\/wp-json\/wp\/v2\/product_tag?post=36115"}],"curies":[{"name":"wp","href":"https:\/\/api.w.org\/{rel}","templated":true}]}}