{"id":36129,"date":"2021-03-15T17:22:15","date_gmt":"2021-03-15T16:22:15","guid":{"rendered":"http:\/\/dafinoo.eu\/mirmar\/product\/bosch-akumulatorovy-vrtaci-skrutkovac-gsr-144-ve-2-professional-bosch\/"},"modified":"2021-04-19T19:40:56","modified_gmt":"2021-04-19T17:40:56","slug":"bosch-akumulatorovy-vrtaci-skrutkovac-gsr-144-ve-2-professional-bosch","status":"publish","type":"product","link":"http:\/\/dafinoo.eu\/mirmar\/obchod\/bosch-akumulatorovy-vrtaci-skrutkovac-gsr-144-ve-2-professional-bosch\/","title":{"rendered":"Bosch Akumul\u00e1torov\u00fd v\u0155tac\u00ed skrutkova\u010d  GSR 14,4 VE-2 Professional Bosch"},"content":{"rendered":"<p>V\u00fdkonn\u00fd a robustn\u00fd. Pre stredn\u00e9 a\u017e ve\u013ek\u00e9 priemery skrutiek a otvorov<br \/>\nV\u00fdkonn\u00fd: ve\u013ek\u00fd prenos kr\u00fatiaceho momentu v\u010faka novovyvinutej dvojstup\u0148ovej plan\u00e9tovej prevodovke s kovov\u00fdm ozuben\u00edm na \u00fa\u010dinn\u00e9 v\u0155tanie a skrutkovanie<br \/>\nExtr\u00e9mne robustn\u00fd: Plne funk\u010dn\u00fd aj po p\u00e1de z v\u00fd\u0161ky 2 m na bet\u00f3n v\u010faka plastov\u00e9mu krytu \u201eDura Shield\u201c<br \/>\nDlh\u00e1 \u017eivotnos\u0165 a odolnos\u0165 vo\u010di pre\u0165a\u017eeniu v\u010faka nov\u00e9mu, jedine\u010dn\u00e9mu vysokov\u00fdkonn\u00e9mu motoru Bosch<br \/>\nProgres\u00edvne narastaj\u00faci kr\u00fatiaci moment umo\u017e\u0148uje citliv\u00e9 skrutkovanie v\u0161etk\u00fdch ve\u013ekost\u00ed skrutiek<br \/>\nNovovyvinut\u00e9 sk\u013eu\u010dovadlo s funkciou Auto-Lock s vysokou intenzitou upnutia skrutkovac\u00edch hrotov a vrt\u00e1kov<br \/>\nErgonomicky tvarovan\u00e1 rukov\u00e4\u0165 s komfortnou z\u00f3nou v m\u00e4kkej tlmiacej vlo\u017eke na bezpe\u010dn\u00e9 dr\u017eanie a neunavuj\u00facu pr\u00e1cu<br \/>\nVymenite\u013en\u00e9 uhl\u00edky<br \/>\n25 stup\u0148ov kr\u00fatiaceho momentu a stupe\u0148 pre v\u0155tanie<\/p>\n","protected":false},"excerpt":{"rendered":"<p>Kr\u00fatiaci moment, max. (tuh\u00fd skrutkov\u00fd spoj)\t72 Nm<br \/>\nKr\u00fatiaci moment, max. (m\u00e4kk\u00fd skrutkov\u00fd spoj)\t30 Nm<br \/>\nVo\u013enobe\u017en\u00e9 ot\u00e1\u010dky (1. stupe\u0148 \/ 2. stupe\u0148)\t0 \u2013 450 \/ 1.720 min-1<br \/>\nUp\u00ednac\u00ed rozsah sk\u013eu\u010dovadla, min\/max\t1,5 \/ 13 mm<br \/>\nZ\u00e1vit v\u0155tacieho vretena\t1\/2&#8243;<br \/>\nNap\u00e4tie akumul\u00e1tora\t14,4 V<br \/>\nHmotnos\u0165 s akumul\u00e1torom\t2,5 kg<br \/>\nR\u00fdchloup\u00ednacie sk\u013eu\u010dovadlo\t13 mm<br \/>\n\u010cas nab\u00edjania cca.\t30 min<br \/>\nPo\u010det stup\u0148ov kr\u00fatiaceho momentu\t25+1<br \/>\nD\u013a\u017eka\t252,0 mm<br \/>\nV\u00fd\u0161ka\t262,0 mm<br \/>\nPriemer vrtu<br \/>\nMax. \u00d8 vrtu do dreva\t45 mm<br \/>\nMax. \u00d8 vrtu do ocele\t13 mm<br \/>\nPriemer skrutiek<br \/>\nMax. \u00d8 skrutiek\t10 mm<br \/>\nFunkcie<br \/>\nViacstup\u0148ov\u00e1<br \/>\nPravo-\/\u013eavobe\u017en\u00fd chod<br \/>\nAuto-Lock<br \/>\nM\u00e4kk\u00e1 tlmiaca vlo\u017eka rukov\u00e4te<br \/>\nInform\u00e1cia o hlu\u010dnosti a vibr\u00e1ci\u00e1ch<br \/>\nHodnoty merania zisten\u00e9 pod\u013ea EN 60745<br \/>\nCelkov\u00e9 hodnoty vibr\u00e1ci\u00ed (s\u00fa\u010det vektorov v troch smeroch)<br \/>\nV\u0155tanie do kovov<br \/>\nHodnota emisie vibr\u00e1ci\u00ed ah\t2.5 m\/s\u00b2<br \/>\nNepresnos\u0165 K\t1.5 m\/s\u00b2<br \/>\nSkrutkovanie<br \/>\nHodnota emisie vibr\u00e1ci\u00ed ah\t2.5 m\/s\u00b2<br \/>\nNepresnos\u0165 K\t1.5 m\/s\u00b2<br \/>\n\u00darove\u0148 hluku elektrick\u00e9ho n\u00e1radia s hodnoten\u00edm A je typicky: hladina akustick\u00e9ho tlaku 72 dB(A); hladina akustick\u00e9ho v\u00fdkonu 80 dB(A). Neistota K= 3 dB.<\/p>\n","protected":false},"featured_media":36130,"comment_status":"closed","ping_status":"open","template":"","meta":{"_lmt_disableupdate":"","_lmt_disable":""},"product_cat":[3107,3106],"product_tag":[],"class_list":{"0":"post-36129","1":"product","2":"type-product","3":"status-publish","4":"has-post-thumbnail","6":"product_cat-akumulatorove-naradie","7":"product_cat-bosch","8":"ts_product_brand-bosh","10":"first","11":"instock","12":"taxable","13":"shipping-taxable","14":"purchasable","15":"product-type-simple"},"yoast_head":"<!-- This site is optimized with the Yoast SEO plugin v27.3 - https:\/\/yoast.com\/product\/yoast-seo-wordpress\/ -->\n<title>Bosch Akumul\u00e1torov\u00fd v\u0155tac\u00ed skrutkova\u010d GSR 14,4 VE-2 Professional Bosch - MIR-MAR<\/title>\n<meta name=\"robots\" content=\"index, follow, max-snippet:-1, max-image-preview:large, max-video-preview:-1\" \/>\n<link rel=\"canonical\" href=\"http:\/\/dafinoo.eu\/mirmar\/obchod\/bosch-akumulatorovy-vrtaci-skrutkovac-gsr-144-ve-2-professional-bosch\/\" \/>\n<meta property=\"og:locale\" content=\"sk_SK\" \/>\n<meta property=\"og:type\" content=\"article\" \/>\n<meta property=\"og:title\" content=\"Bosch Akumul\u00e1torov\u00fd v\u0155tac\u00ed skrutkova\u010d GSR 14,4 VE-2 Professional Bosch - MIR-MAR\" \/>\n<meta property=\"og:description\" content=\"Kr\u00fatiaci moment, max. (tuh\u00fd skrutkov\u00fd spoj) 72 Nm Kr\u00fatiaci moment, max. (m\u00e4kk\u00fd skrutkov\u00fd spoj) 30 Nm Vo\u013enobe\u017en\u00e9 ot\u00e1\u010dky (1. stupe\u0148 \/ 2. stupe\u0148) 0 \u2013 450 \/ 1.720 min-1 Up\u00ednac\u00ed rozsah sk\u013eu\u010dovadla, min\/max 1,5 \/ 13 mm Z\u00e1vit v\u0155tacieho vretena 1\/2&quot; Nap\u00e4tie akumul\u00e1tora 14,4 V Hmotnos\u0165 s akumul\u00e1torom 2,5 kg R\u00fdchloup\u00ednacie sk\u013eu\u010dovadlo 13 mm \u010cas nab\u00edjania cca. 30 min Po\u010det stup\u0148ov kr\u00fatiaceho momentu 25+1 D\u013a\u017eka 252,0 mm V\u00fd\u0161ka 262,0 mm Priemer vrtu Max. \u00d8 vrtu do dreva 45 mm Max. \u00d8 vrtu do ocele 13 mm Priemer skrutiek Max. \u00d8 skrutiek 10 mm Funkcie Viacstup\u0148ov\u00e1 Pravo-\/\u013eavobe\u017en\u00fd chod Auto-Lock M\u00e4kk\u00e1 tlmiaca vlo\u017eka rukov\u00e4te Inform\u00e1cia o hlu\u010dnosti a vibr\u00e1ci\u00e1ch Hodnoty merania zisten\u00e9 pod\u013ea EN 60745 Celkov\u00e9 hodnoty vibr\u00e1ci\u00ed (s\u00fa\u010det vektorov v troch smeroch) V\u0155tanie do kovov Hodnota emisie vibr\u00e1ci\u00ed ah 2.5 m\/s\u00b2 Nepresnos\u0165 K 1.5 m\/s\u00b2 Skrutkovanie Hodnota emisie vibr\u00e1ci\u00ed ah 2.5 m\/s\u00b2 Nepresnos\u0165 K 1.5 m\/s\u00b2 \u00darove\u0148 hluku elektrick\u00e9ho n\u00e1radia s hodnoten\u00edm A je typicky: hladina akustick\u00e9ho tlaku 72 dB(A); hladina akustick\u00e9ho v\u00fdkonu 80 dB(A). Neistota K= 3 dB.\" \/>\n<meta property=\"og:url\" content=\"http:\/\/dafinoo.eu\/mirmar\/obchod\/bosch-akumulatorovy-vrtaci-skrutkovac-gsr-144-ve-2-professional-bosch\/\" \/>\n<meta property=\"og:site_name\" content=\"MIR-MAR\" \/>\n<meta property=\"article:publisher\" content=\"https:\/\/facebook.com\/mirmareshop\" \/>\n<meta property=\"article:modified_time\" content=\"2021-04-19T17:40:56+00:00\" \/>\n<meta property=\"og:image\" content=\"https:\/\/i1.wp.com\/www.mirmar.sk\/wp-content\/uploads\/2021\/03\/10_54.jpg?fit=661%2C348&ssl=1\" \/>\n\t<meta property=\"og:image:width\" content=\"661\" \/>\n\t<meta property=\"og:image:height\" content=\"348\" \/>\n\t<meta property=\"og:image:type\" content=\"image\/jpeg\" \/>\n<meta name=\"twitter:label1\" content=\"Predpokladan\u00fd \u010das \u010d\u00edtania\" \/>\n\t<meta name=\"twitter:data1\" content=\"1 min\u00fata\" \/>\n<script type=\"application\/ld+json\" class=\"yoast-schema-graph\">{\"@context\":\"https:\\\/\\\/schema.org\",\"@graph\":[{\"@type\":\"WebPage\",\"@id\":\"http:\\\/\\\/dafinoo.eu\\\/mirmar\\\/obchod\\\/bosch-akumulatorovy-vrtaci-skrutkovac-gsr-144-ve-2-professional-bosch\\\/\",\"url\":\"http:\\\/\\\/dafinoo.eu\\\/mirmar\\\/obchod\\\/bosch-akumulatorovy-vrtaci-skrutkovac-gsr-144-ve-2-professional-bosch\\\/\",\"name\":\"Bosch Akumul\u00e1torov\u00fd v\u0155tac\u00ed skrutkova\u010d GSR 14,4 VE-2 Professional Bosch - MIR-MAR\",\"isPartOf\":{\"@id\":\"http:\\\/\\\/dafinoo.eu\\\/mirmar\\\/#website\"},\"primaryImageOfPage\":{\"@id\":\"http:\\\/\\\/dafinoo.eu\\\/mirmar\\\/obchod\\\/bosch-akumulatorovy-vrtaci-skrutkovac-gsr-144-ve-2-professional-bosch\\\/#primaryimage\"},\"image\":{\"@id\":\"http:\\\/\\\/dafinoo.eu\\\/mirmar\\\/obchod\\\/bosch-akumulatorovy-vrtaci-skrutkovac-gsr-144-ve-2-professional-bosch\\\/#primaryimage\"},\"thumbnailUrl\":\"http:\\\/\\\/dafinoo.eu\\\/mirmar\\\/wp-content\\\/uploads\\\/2021\\\/03\\\/10_54.jpg\",\"datePublished\":\"2021-03-15T16:22:15+00:00\",\"dateModified\":\"2021-04-19T17:40:56+00:00\",\"breadcrumb\":{\"@id\":\"http:\\\/\\\/dafinoo.eu\\\/mirmar\\\/obchod\\\/bosch-akumulatorovy-vrtaci-skrutkovac-gsr-144-ve-2-professional-bosch\\\/#breadcrumb\"},\"inLanguage\":\"sk-SK\",\"potentialAction\":[{\"@type\":\"ReadAction\",\"target\":[\"http:\\\/\\\/dafinoo.eu\\\/mirmar\\\/obchod\\\/bosch-akumulatorovy-vrtaci-skrutkovac-gsr-144-ve-2-professional-bosch\\\/\"]}]},{\"@type\":\"ImageObject\",\"inLanguage\":\"sk-SK\",\"@id\":\"http:\\\/\\\/dafinoo.eu\\\/mirmar\\\/obchod\\\/bosch-akumulatorovy-vrtaci-skrutkovac-gsr-144-ve-2-professional-bosch\\\/#primaryimage\",\"url\":\"http:\\\/\\\/dafinoo.eu\\\/mirmar\\\/wp-content\\\/uploads\\\/2021\\\/03\\\/10_54.jpg\",\"contentUrl\":\"http:\\\/\\\/dafinoo.eu\\\/mirmar\\\/wp-content\\\/uploads\\\/2021\\\/03\\\/10_54.jpg\",\"width\":661,\"height\":348},{\"@type\":\"BreadcrumbList\",\"@id\":\"http:\\\/\\\/dafinoo.eu\\\/mirmar\\\/obchod\\\/bosch-akumulatorovy-vrtaci-skrutkovac-gsr-144-ve-2-professional-bosch\\\/#breadcrumb\",\"itemListElement\":[{\"@type\":\"ListItem\",\"position\":1,\"name\":\"Domovsk\u00e1 str\u00e1nka\",\"item\":\"http:\\\/\\\/dafinoo.eu\\\/mirmar\\\/\"},{\"@type\":\"ListItem\",\"position\":2,\"name\":\"Obchod\",\"item\":\"http:\\\/\\\/dafinoo.eu\\\/mirmar\\\/obchod\\\/\"},{\"@type\":\"ListItem\",\"position\":3,\"name\":\"Bosch Akumul\u00e1torov\u00fd v\u0155tac\u00ed skrutkova\u010d GSR 14,4 VE-2 Professional Bosch\"}]},{\"@type\":\"WebSite\",\"@id\":\"http:\\\/\\\/dafinoo.eu\\\/mirmar\\\/#website\",\"url\":\"http:\\\/\\\/dafinoo.eu\\\/mirmar\\\/\",\"name\":\"MIR-MAR\",\"description\":\"Eshop s n\u00e1rad\u00edm\",\"publisher\":{\"@id\":\"http:\\\/\\\/dafinoo.eu\\\/mirmar\\\/#organization\"},\"potentialAction\":[{\"@type\":\"SearchAction\",\"target\":{\"@type\":\"EntryPoint\",\"urlTemplate\":\"http:\\\/\\\/dafinoo.eu\\\/mirmar\\\/?s={search_term_string}\"},\"query-input\":{\"@type\":\"PropertyValueSpecification\",\"valueRequired\":true,\"valueName\":\"search_term_string\"}}],\"inLanguage\":\"sk-SK\"},{\"@type\":\"Organization\",\"@id\":\"http:\\\/\\\/dafinoo.eu\\\/mirmar\\\/#organization\",\"name\":\"MIR-MAR\",\"url\":\"http:\\\/\\\/dafinoo.eu\\\/mirmar\\\/\",\"logo\":{\"@type\":\"ImageObject\",\"inLanguage\":\"sk-SK\",\"@id\":\"http:\\\/\\\/dafinoo.eu\\\/mirmar\\\/#\\\/schema\\\/logo\\\/image\\\/\",\"url\":\"http:\\\/\\\/dafinoo.eu\\\/mirmar\\\/wp-content\\\/uploads\\\/2021\\\/03\\\/mirmar_logo.png\",\"contentUrl\":\"http:\\\/\\\/dafinoo.eu\\\/mirmar\\\/wp-content\\\/uploads\\\/2021\\\/03\\\/mirmar_logo.png\",\"width\":256,\"height\":60,\"caption\":\"MIR-MAR\"},\"image\":{\"@id\":\"http:\\\/\\\/dafinoo.eu\\\/mirmar\\\/#\\\/schema\\\/logo\\\/image\\\/\"},\"sameAs\":[\"https:\\\/\\\/facebook.com\\\/mirmareshop\"]}]}<\/script>\n<!-- \/ Yoast SEO plugin. -->","yoast_head_json":{"title":"Bosch Akumul\u00e1torov\u00fd v\u0155tac\u00ed skrutkova\u010d GSR 14,4 VE-2 Professional Bosch - MIR-MAR","robots":{"index":"index","follow":"follow","max-snippet":"max-snippet:-1","max-image-preview":"max-image-preview:large","max-video-preview":"max-video-preview:-1"},"canonical":"http:\/\/dafinoo.eu\/mirmar\/obchod\/bosch-akumulatorovy-vrtaci-skrutkovac-gsr-144-ve-2-professional-bosch\/","og_locale":"sk_SK","og_type":"article","og_title":"Bosch Akumul\u00e1torov\u00fd v\u0155tac\u00ed skrutkova\u010d GSR 14,4 VE-2 Professional Bosch - MIR-MAR","og_description":"Kr\u00fatiaci moment, max. (tuh\u00fd skrutkov\u00fd spoj) 72 Nm Kr\u00fatiaci moment, max. (m\u00e4kk\u00fd skrutkov\u00fd spoj) 30 Nm Vo\u013enobe\u017en\u00e9 ot\u00e1\u010dky (1. stupe\u0148 \/ 2. stupe\u0148) 0 \u2013 450 \/ 1.720 min-1 Up\u00ednac\u00ed rozsah sk\u013eu\u010dovadla, min\/max 1,5 \/ 13 mm Z\u00e1vit v\u0155tacieho vretena 1\/2\" Nap\u00e4tie akumul\u00e1tora 14,4 V Hmotnos\u0165 s akumul\u00e1torom 2,5 kg R\u00fdchloup\u00ednacie sk\u013eu\u010dovadlo 13 mm \u010cas nab\u00edjania cca. 30 min Po\u010det stup\u0148ov kr\u00fatiaceho momentu 25+1 D\u013a\u017eka 252,0 mm V\u00fd\u0161ka 262,0 mm Priemer vrtu Max. \u00d8 vrtu do dreva 45 mm Max. \u00d8 vrtu do ocele 13 mm Priemer skrutiek Max. \u00d8 skrutiek 10 mm Funkcie Viacstup\u0148ov\u00e1 Pravo-\/\u013eavobe\u017en\u00fd chod Auto-Lock M\u00e4kk\u00e1 tlmiaca vlo\u017eka rukov\u00e4te Inform\u00e1cia o hlu\u010dnosti a vibr\u00e1ci\u00e1ch Hodnoty merania zisten\u00e9 pod\u013ea EN 60745 Celkov\u00e9 hodnoty vibr\u00e1ci\u00ed (s\u00fa\u010det vektorov v troch smeroch) V\u0155tanie do kovov Hodnota emisie vibr\u00e1ci\u00ed ah 2.5 m\/s\u00b2 Nepresnos\u0165 K 1.5 m\/s\u00b2 Skrutkovanie Hodnota emisie vibr\u00e1ci\u00ed ah 2.5 m\/s\u00b2 Nepresnos\u0165 K 1.5 m\/s\u00b2 \u00darove\u0148 hluku elektrick\u00e9ho n\u00e1radia s hodnoten\u00edm A je typicky: hladina akustick\u00e9ho tlaku 72 dB(A); hladina akustick\u00e9ho v\u00fdkonu 80 dB(A). Neistota K= 3 dB.","og_url":"http:\/\/dafinoo.eu\/mirmar\/obchod\/bosch-akumulatorovy-vrtaci-skrutkovac-gsr-144-ve-2-professional-bosch\/","og_site_name":"MIR-MAR","article_publisher":"https:\/\/facebook.com\/mirmareshop","article_modified_time":"2021-04-19T17:40:56+00:00","og_image":[{"width":661,"height":348,"url":"https:\/\/i1.wp.com\/www.mirmar.sk\/wp-content\/uploads\/2021\/03\/10_54.jpg?fit=661%2C348&ssl=1","type":"image\/jpeg"}],"twitter_misc":{"Predpokladan\u00fd \u010das \u010d\u00edtania":"1 min\u00fata"},"schema":{"@context":"https:\/\/schema.org","@graph":[{"@type":"WebPage","@id":"http:\/\/dafinoo.eu\/mirmar\/obchod\/bosch-akumulatorovy-vrtaci-skrutkovac-gsr-144-ve-2-professional-bosch\/","url":"http:\/\/dafinoo.eu\/mirmar\/obchod\/bosch-akumulatorovy-vrtaci-skrutkovac-gsr-144-ve-2-professional-bosch\/","name":"Bosch Akumul\u00e1torov\u00fd v\u0155tac\u00ed skrutkova\u010d GSR 14,4 VE-2 Professional Bosch - MIR-MAR","isPartOf":{"@id":"http:\/\/dafinoo.eu\/mirmar\/#website"},"primaryImageOfPage":{"@id":"http:\/\/dafinoo.eu\/mirmar\/obchod\/bosch-akumulatorovy-vrtaci-skrutkovac-gsr-144-ve-2-professional-bosch\/#primaryimage"},"image":{"@id":"http:\/\/dafinoo.eu\/mirmar\/obchod\/bosch-akumulatorovy-vrtaci-skrutkovac-gsr-144-ve-2-professional-bosch\/#primaryimage"},"thumbnailUrl":"http:\/\/dafinoo.eu\/mirmar\/wp-content\/uploads\/2021\/03\/10_54.jpg","datePublished":"2021-03-15T16:22:15+00:00","dateModified":"2021-04-19T17:40:56+00:00","breadcrumb":{"@id":"http:\/\/dafinoo.eu\/mirmar\/obchod\/bosch-akumulatorovy-vrtaci-skrutkovac-gsr-144-ve-2-professional-bosch\/#breadcrumb"},"inLanguage":"sk-SK","potentialAction":[{"@type":"ReadAction","target":["http:\/\/dafinoo.eu\/mirmar\/obchod\/bosch-akumulatorovy-vrtaci-skrutkovac-gsr-144-ve-2-professional-bosch\/"]}]},{"@type":"ImageObject","inLanguage":"sk-SK","@id":"http:\/\/dafinoo.eu\/mirmar\/obchod\/bosch-akumulatorovy-vrtaci-skrutkovac-gsr-144-ve-2-professional-bosch\/#primaryimage","url":"http:\/\/dafinoo.eu\/mirmar\/wp-content\/uploads\/2021\/03\/10_54.jpg","contentUrl":"http:\/\/dafinoo.eu\/mirmar\/wp-content\/uploads\/2021\/03\/10_54.jpg","width":661,"height":348},{"@type":"BreadcrumbList","@id":"http:\/\/dafinoo.eu\/mirmar\/obchod\/bosch-akumulatorovy-vrtaci-skrutkovac-gsr-144-ve-2-professional-bosch\/#breadcrumb","itemListElement":[{"@type":"ListItem","position":1,"name":"Domovsk\u00e1 str\u00e1nka","item":"http:\/\/dafinoo.eu\/mirmar\/"},{"@type":"ListItem","position":2,"name":"Obchod","item":"http:\/\/dafinoo.eu\/mirmar\/obchod\/"},{"@type":"ListItem","position":3,"name":"Bosch Akumul\u00e1torov\u00fd v\u0155tac\u00ed skrutkova\u010d GSR 14,4 VE-2 Professional Bosch"}]},{"@type":"WebSite","@id":"http:\/\/dafinoo.eu\/mirmar\/#website","url":"http:\/\/dafinoo.eu\/mirmar\/","name":"MIR-MAR","description":"Eshop s n\u00e1rad\u00edm","publisher":{"@id":"http:\/\/dafinoo.eu\/mirmar\/#organization"},"potentialAction":[{"@type":"SearchAction","target":{"@type":"EntryPoint","urlTemplate":"http:\/\/dafinoo.eu\/mirmar\/?s={search_term_string}"},"query-input":{"@type":"PropertyValueSpecification","valueRequired":true,"valueName":"search_term_string"}}],"inLanguage":"sk-SK"},{"@type":"Organization","@id":"http:\/\/dafinoo.eu\/mirmar\/#organization","name":"MIR-MAR","url":"http:\/\/dafinoo.eu\/mirmar\/","logo":{"@type":"ImageObject","inLanguage":"sk-SK","@id":"http:\/\/dafinoo.eu\/mirmar\/#\/schema\/logo\/image\/","url":"http:\/\/dafinoo.eu\/mirmar\/wp-content\/uploads\/2021\/03\/mirmar_logo.png","contentUrl":"http:\/\/dafinoo.eu\/mirmar\/wp-content\/uploads\/2021\/03\/mirmar_logo.png","width":256,"height":60,"caption":"MIR-MAR"},"image":{"@id":"http:\/\/dafinoo.eu\/mirmar\/#\/schema\/logo\/image\/"},"sameAs":["https:\/\/facebook.com\/mirmareshop"]}]}},"_links":{"self":[{"href":"http:\/\/dafinoo.eu\/mirmar\/wp-json\/wp\/v2\/product\/36129","targetHints":{"allow":["GET"]}}],"collection":[{"href":"http:\/\/dafinoo.eu\/mirmar\/wp-json\/wp\/v2\/product"}],"about":[{"href":"http:\/\/dafinoo.eu\/mirmar\/wp-json\/wp\/v2\/types\/product"}],"replies":[{"embeddable":true,"href":"http:\/\/dafinoo.eu\/mirmar\/wp-json\/wp\/v2\/comments?post=36129"}],"wp:featuredmedia":[{"embeddable":true,"href":"http:\/\/dafinoo.eu\/mirmar\/wp-json\/wp\/v2\/media\/36130"}],"wp:attachment":[{"href":"http:\/\/dafinoo.eu\/mirmar\/wp-json\/wp\/v2\/media?parent=36129"}],"wp:term":[{"taxonomy":"product_cat","embeddable":true,"href":"http:\/\/dafinoo.eu\/mirmar\/wp-json\/wp\/v2\/product_cat?post=36129"},{"taxonomy":"product_tag","embeddable":true,"href":"http:\/\/dafinoo.eu\/mirmar\/wp-json\/wp\/v2\/product_tag?post=36129"}],"curies":[{"name":"wp","href":"https:\/\/api.w.org\/{rel}","templated":true}]}}