{"id":36135,"date":"2021-03-15T17:22:15","date_gmt":"2021-03-15T16:22:15","guid":{"rendered":"http:\/\/dafinoo.eu\/mirmar\/product\/bosch-akumulatorovy-priklepovy-vrtaci-skrutkovac-gsb-18-2-li-professional-bosch\/"},"modified":"2021-04-25T14:23:43","modified_gmt":"2021-04-25T12:23:43","slug":"bosch-akumulatorovy-priklepovy-vrtaci-skrutkovac-gsb-18-2-li-professional-bosch","status":"publish","type":"product","link":"http:\/\/dafinoo.eu\/mirmar\/obchod\/bosch-akumulatorovy-priklepovy-vrtaci-skrutkovac-gsb-18-2-li-professional-bosch\/","title":{"rendered":"Bosch Akumul\u00e1torov\u00fd pr\u00edklepov\u00fd v\u0155tac\u00ed skrutkova\u010d GSB 18-2-LI Professional"},"content":{"rendered":"<p>Naj\u013eah\u0161\u00ed akumul\u00e1torov\u00fd v\u0155tac\u00ed skrutkova\u010d s pr\u00edklepom v triede 18 V<br \/>\nNajni\u017e\u0161ia hmotnos\u0165: Len 1,5 kg pre perfektn\u00fa manipul\u00e1ciu a pr\u00e1cu, ktor\u00e1 neunavuje<br \/>\nNajnov\u0161ia 2-stup\u0148ov\u00e1 plan\u00e9tov\u00e1 prevodovka na pou\u017e\u00edvanie s ve\u013ek\u00fdm v\u00fdkonom pri skrutkovan\u00ed a v\u0155tan\u00ed do dreva a kovu, ako aj pr\u00edklepov\u00e9 v\u0155tanie do muriva<br \/>\nVe\u013emi kr\u00e1tka kon\u0161trukcia (len 204 mm) a ergonomick\u00fd tvar rukov\u00e4te &#8211; optim\u00e1lne pri pou\u017e\u00edvan\u00ed nad hlavou a v \u00fazkych priestoroch<br \/>\nJedine\u010dn\u00e1 pr\u00e9miov\u00e1, l\u00edtium-i\u00f3nov\u00e1 technol\u00f3gia Bosch pre \u017eivotnos\u0165 dlh\u0161iu o 400 %<br \/>\nElektronick\u00e1 ochrana \u010dl\u00e1nkov \u2013 Electronic Cell Protection (ECP): Chr\u00e1ni akumul\u00e1tor pred pre\u0165a\u017een\u00edm, prehriat\u00edm a nadmern\u00fdm vybit\u00edm<br \/>\nIntegrovan\u00e9 osvetlenie LED na osvetlenie pracovnej oblasti aj v tmav\u00fdch miestach<br \/>\nPraktick\u00e1 spona na opasok dr\u017e\u00ed n\u00e1radie v\u017edy poruke<\/p>\n","protected":false},"excerpt":{"rendered":"<p>Kr\u00fatiaci moment, max. (tuh\u00fd skrutkov\u00fd spoj) 45 Nm<br \/>\nKr\u00fatiaci moment, max. (m\u00e4kk\u00fd skrutkov\u00fd spoj) 19 Nm<br \/>\nVo\u013enobe\u017en\u00e9 ot\u00e1\u010dky (1. stupe\u0148 \/ 2. stupe\u0148) 0 \u2013 400 \/ 1.400 min-1<br \/>\nMax. frekvencia pr\u00edklepu 21.000 min-1<br \/>\nUp\u00ednac\u00ed rozsah sk\u013eu\u010dovadla, min\/max 1,5 \/ 10 mm<br \/>\nZ\u00e1vit v\u0155tacieho vretena 1\/2&#8243;<br \/>\nNap\u00e4tie akumul\u00e1tora 18 V<br \/>\nHmotnos\u0165 s akumul\u00e1torom 1,5 kg<br \/>\nPo\u010det stup\u0148ov kr\u00fatiaceho momentu 15+1<br \/>\nPriemer vrtu<br \/>\nMax. \u00d8 vrtu do dreva 29 mm<br \/>\nMax. \u00d8 vrtu do ocele 10 mm<br \/>\nMax. \u00d8 vrtu do muriva 10 mm<br \/>\nPriemer skrutiek<br \/>\nMax. \u00d8 skrutiek 8 mm<br \/>\nFunkcie<br \/>\nViacstup\u0148ov\u00e1<br \/>\nV\u0155tanie s pr\u00edklepom<br \/>\nPravo-\/\u013eavobe\u017en\u00fd chod<br \/>\nElektronika<br \/>\nAuto-Lock<br \/>\nM\u00e4kk\u00e1 tlmiaca vlo\u017eka rukov\u00e4te<br \/>\nOsvetlenie<br \/>\nInform\u00e1cia o hlu\u010dnosti a vibr\u00e1ci\u00e1ch<br \/>\nHodnoty merania zisten\u00e9 pod\u013ea EN 60745<br \/>\nCelkov\u00e9 hodnoty vibr\u00e1ci\u00ed (s\u00fa\u010det vektorov v troch smeroch)<br \/>\nV\u0155tanie do kovov<br \/>\nHodnota emisie vibr\u00e1ci\u00ed ah 3.0 m\/s\u00b2<br \/>\nNepresnos\u0165 K 1.5 m\/s\u00b2<br \/>\nV\u0155tanie s pr\u00edklepom do muriva<br \/>\nHodnota emisie vibr\u00e1ci\u00ed ah 13.0 m\/s\u00b2<br \/>\nNepresnos\u0165 K 1.5 m\/s\u00b2<br \/>\nSkrutkovanie<br \/>\nHodnota emisie vibr\u00e1ci\u00ed ah 2.5 m\/s\u00b2<br \/>\nNepresnos\u0165 K 1.5 m\/s\u00b2<br \/>\n\u00darove\u0148 hluku elektrick\u00e9ho n\u00e1radia s hodnoten\u00edm A je typicky: hladina akustick\u00e9ho tlaku 84 dB(A); hladina akustick\u00e9ho v\u00fdkonu 95 dB(A). Neistota K= 3 dB.<\/p>\n","protected":false},"featured_media":36136,"comment_status":"closed","ping_status":"closed","template":"","meta":{"_lmt_disableupdate":"","_lmt_disable":""},"product_cat":[3107,3106,3110],"product_tag":[],"class_list":{"0":"post-36135","1":"product","2":"type-product","3":"status-publish","4":"has-post-thumbnail","6":"product_cat-akumulatorove-naradie","7":"product_cat-bosch","8":"product_cat-priklepove-vrtacky-akumulatorove-naradie","9":"ts_product_brand-bosh","11":"first","12":"instock","13":"sale","14":"taxable","15":"shipping-taxable","16":"purchasable","17":"product-type-simple"},"yoast_head":"<!-- This site is optimized with the Yoast SEO plugin v27.3 - https:\/\/yoast.com\/product\/yoast-seo-wordpress\/ -->\n<title>Bosch Akumul\u00e1torov\u00fd pr\u00edklepov\u00fd v\u0155tac\u00ed skrutkova\u010d GSB 18-2-LI Professional - MIR-MAR<\/title>\n<meta name=\"robots\" content=\"index, follow, max-snippet:-1, max-image-preview:large, max-video-preview:-1\" \/>\n<link rel=\"canonical\" href=\"http:\/\/dafinoo.eu\/mirmar\/obchod\/bosch-akumulatorovy-priklepovy-vrtaci-skrutkovac-gsb-18-2-li-professional-bosch\/\" \/>\n<meta property=\"og:locale\" content=\"sk_SK\" \/>\n<meta property=\"og:type\" content=\"article\" \/>\n<meta property=\"og:title\" content=\"Bosch Akumul\u00e1torov\u00fd pr\u00edklepov\u00fd v\u0155tac\u00ed skrutkova\u010d GSB 18-2-LI Professional - MIR-MAR\" \/>\n<meta property=\"og:description\" content=\"Kr\u00fatiaci moment, max. (tuh\u00fd skrutkov\u00fd spoj) 45 Nm Kr\u00fatiaci moment, max. (m\u00e4kk\u00fd skrutkov\u00fd spoj) 19 Nm Vo\u013enobe\u017en\u00e9 ot\u00e1\u010dky (1. stupe\u0148 \/ 2. stupe\u0148) 0 \u2013 400 \/ 1.400 min-1 Max. frekvencia pr\u00edklepu 21.000 min-1 Up\u00ednac\u00ed rozsah sk\u013eu\u010dovadla, min\/max 1,5 \/ 10 mm Z\u00e1vit v\u0155tacieho vretena 1\/2&quot; Nap\u00e4tie akumul\u00e1tora 18 V Hmotnos\u0165 s akumul\u00e1torom 1,5 kg Po\u010det stup\u0148ov kr\u00fatiaceho momentu 15+1 Priemer vrtu Max. \u00d8 vrtu do dreva 29 mm Max. \u00d8 vrtu do ocele 10 mm Max. \u00d8 vrtu do muriva 10 mm Priemer skrutiek Max. \u00d8 skrutiek 8 mm Funkcie Viacstup\u0148ov\u00e1 V\u0155tanie s pr\u00edklepom Pravo-\/\u013eavobe\u017en\u00fd chod Elektronika Auto-Lock M\u00e4kk\u00e1 tlmiaca vlo\u017eka rukov\u00e4te Osvetlenie Inform\u00e1cia o hlu\u010dnosti a vibr\u00e1ci\u00e1ch Hodnoty merania zisten\u00e9 pod\u013ea EN 60745 Celkov\u00e9 hodnoty vibr\u00e1ci\u00ed (s\u00fa\u010det vektorov v troch smeroch) V\u0155tanie do kovov Hodnota emisie vibr\u00e1ci\u00ed ah 3.0 m\/s\u00b2 Nepresnos\u0165 K 1.5 m\/s\u00b2 V\u0155tanie s pr\u00edklepom do muriva Hodnota emisie vibr\u00e1ci\u00ed ah 13.0 m\/s\u00b2 Nepresnos\u0165 K 1.5 m\/s\u00b2 Skrutkovanie Hodnota emisie vibr\u00e1ci\u00ed ah 2.5 m\/s\u00b2 Nepresnos\u0165 K 1.5 m\/s\u00b2 \u00darove\u0148 hluku elektrick\u00e9ho n\u00e1radia s hodnoten\u00edm A je typicky: hladina akustick\u00e9ho tlaku 84 dB(A); hladina akustick\u00e9ho v\u00fdkonu 95 dB(A). Neistota K= 3 dB.\" \/>\n<meta property=\"og:url\" content=\"http:\/\/dafinoo.eu\/mirmar\/obchod\/bosch-akumulatorovy-priklepovy-vrtaci-skrutkovac-gsb-18-2-li-professional-bosch\/\" \/>\n<meta property=\"og:site_name\" content=\"MIR-MAR\" \/>\n<meta property=\"article:publisher\" content=\"https:\/\/facebook.com\/mirmareshop\" \/>\n<meta property=\"article:modified_time\" content=\"2021-04-25T12:23:43+00:00\" \/>\n<meta property=\"og:image\" content=\"https:\/\/i2.wp.com\/www.mirmar.sk\/wp-content\/uploads\/2021\/03\/13_4.jpg?fit=661%2C348&ssl=1\" \/>\n\t<meta property=\"og:image:width\" content=\"661\" \/>\n\t<meta property=\"og:image:height\" content=\"348\" \/>\n\t<meta property=\"og:image:type\" content=\"image\/jpeg\" \/>\n<meta name=\"twitter:label1\" content=\"Predpokladan\u00fd \u010das \u010d\u00edtania\" \/>\n\t<meta name=\"twitter:data1\" content=\"1 min\u00fata\" \/>\n<script type=\"application\/ld+json\" class=\"yoast-schema-graph\">{\"@context\":\"https:\\\/\\\/schema.org\",\"@graph\":[{\"@type\":\"WebPage\",\"@id\":\"http:\\\/\\\/dafinoo.eu\\\/mirmar\\\/obchod\\\/bosch-akumulatorovy-priklepovy-vrtaci-skrutkovac-gsb-18-2-li-professional-bosch\\\/\",\"url\":\"http:\\\/\\\/dafinoo.eu\\\/mirmar\\\/obchod\\\/bosch-akumulatorovy-priklepovy-vrtaci-skrutkovac-gsb-18-2-li-professional-bosch\\\/\",\"name\":\"Bosch Akumul\u00e1torov\u00fd pr\u00edklepov\u00fd v\u0155tac\u00ed skrutkova\u010d GSB 18-2-LI Professional - MIR-MAR\",\"isPartOf\":{\"@id\":\"http:\\\/\\\/dafinoo.eu\\\/mirmar\\\/#website\"},\"primaryImageOfPage\":{\"@id\":\"http:\\\/\\\/dafinoo.eu\\\/mirmar\\\/obchod\\\/bosch-akumulatorovy-priklepovy-vrtaci-skrutkovac-gsb-18-2-li-professional-bosch\\\/#primaryimage\"},\"image\":{\"@id\":\"http:\\\/\\\/dafinoo.eu\\\/mirmar\\\/obchod\\\/bosch-akumulatorovy-priklepovy-vrtaci-skrutkovac-gsb-18-2-li-professional-bosch\\\/#primaryimage\"},\"thumbnailUrl\":\"http:\\\/\\\/dafinoo.eu\\\/mirmar\\\/wp-content\\\/uploads\\\/2021\\\/03\\\/13_4.jpg\",\"datePublished\":\"2021-03-15T16:22:15+00:00\",\"dateModified\":\"2021-04-25T12:23:43+00:00\",\"breadcrumb\":{\"@id\":\"http:\\\/\\\/dafinoo.eu\\\/mirmar\\\/obchod\\\/bosch-akumulatorovy-priklepovy-vrtaci-skrutkovac-gsb-18-2-li-professional-bosch\\\/#breadcrumb\"},\"inLanguage\":\"sk-SK\",\"potentialAction\":[{\"@type\":\"ReadAction\",\"target\":[\"http:\\\/\\\/dafinoo.eu\\\/mirmar\\\/obchod\\\/bosch-akumulatorovy-priklepovy-vrtaci-skrutkovac-gsb-18-2-li-professional-bosch\\\/\"]}]},{\"@type\":\"ImageObject\",\"inLanguage\":\"sk-SK\",\"@id\":\"http:\\\/\\\/dafinoo.eu\\\/mirmar\\\/obchod\\\/bosch-akumulatorovy-priklepovy-vrtaci-skrutkovac-gsb-18-2-li-professional-bosch\\\/#primaryimage\",\"url\":\"http:\\\/\\\/dafinoo.eu\\\/mirmar\\\/wp-content\\\/uploads\\\/2021\\\/03\\\/13_4.jpg\",\"contentUrl\":\"http:\\\/\\\/dafinoo.eu\\\/mirmar\\\/wp-content\\\/uploads\\\/2021\\\/03\\\/13_4.jpg\",\"width\":661,\"height\":348},{\"@type\":\"BreadcrumbList\",\"@id\":\"http:\\\/\\\/dafinoo.eu\\\/mirmar\\\/obchod\\\/bosch-akumulatorovy-priklepovy-vrtaci-skrutkovac-gsb-18-2-li-professional-bosch\\\/#breadcrumb\",\"itemListElement\":[{\"@type\":\"ListItem\",\"position\":1,\"name\":\"Domovsk\u00e1 str\u00e1nka\",\"item\":\"http:\\\/\\\/dafinoo.eu\\\/mirmar\\\/\"},{\"@type\":\"ListItem\",\"position\":2,\"name\":\"Obchod\",\"item\":\"http:\\\/\\\/dafinoo.eu\\\/mirmar\\\/obchod\\\/\"},{\"@type\":\"ListItem\",\"position\":3,\"name\":\"Bosch Akumul\u00e1torov\u00fd pr\u00edklepov\u00fd v\u0155tac\u00ed skrutkova\u010d GSB 18-2-LI Professional\"}]},{\"@type\":\"WebSite\",\"@id\":\"http:\\\/\\\/dafinoo.eu\\\/mirmar\\\/#website\",\"url\":\"http:\\\/\\\/dafinoo.eu\\\/mirmar\\\/\",\"name\":\"MIR-MAR\",\"description\":\"Eshop s n\u00e1rad\u00edm\",\"publisher\":{\"@id\":\"http:\\\/\\\/dafinoo.eu\\\/mirmar\\\/#organization\"},\"potentialAction\":[{\"@type\":\"SearchAction\",\"target\":{\"@type\":\"EntryPoint\",\"urlTemplate\":\"http:\\\/\\\/dafinoo.eu\\\/mirmar\\\/?s={search_term_string}\"},\"query-input\":{\"@type\":\"PropertyValueSpecification\",\"valueRequired\":true,\"valueName\":\"search_term_string\"}}],\"inLanguage\":\"sk-SK\"},{\"@type\":\"Organization\",\"@id\":\"http:\\\/\\\/dafinoo.eu\\\/mirmar\\\/#organization\",\"name\":\"MIR-MAR\",\"url\":\"http:\\\/\\\/dafinoo.eu\\\/mirmar\\\/\",\"logo\":{\"@type\":\"ImageObject\",\"inLanguage\":\"sk-SK\",\"@id\":\"http:\\\/\\\/dafinoo.eu\\\/mirmar\\\/#\\\/schema\\\/logo\\\/image\\\/\",\"url\":\"http:\\\/\\\/dafinoo.eu\\\/mirmar\\\/wp-content\\\/uploads\\\/2021\\\/03\\\/mirmar_logo.png\",\"contentUrl\":\"http:\\\/\\\/dafinoo.eu\\\/mirmar\\\/wp-content\\\/uploads\\\/2021\\\/03\\\/mirmar_logo.png\",\"width\":256,\"height\":60,\"caption\":\"MIR-MAR\"},\"image\":{\"@id\":\"http:\\\/\\\/dafinoo.eu\\\/mirmar\\\/#\\\/schema\\\/logo\\\/image\\\/\"},\"sameAs\":[\"https:\\\/\\\/facebook.com\\\/mirmareshop\"]}]}<\/script>\n<!-- \/ Yoast SEO plugin. -->","yoast_head_json":{"title":"Bosch Akumul\u00e1torov\u00fd pr\u00edklepov\u00fd v\u0155tac\u00ed skrutkova\u010d GSB 18-2-LI Professional - MIR-MAR","robots":{"index":"index","follow":"follow","max-snippet":"max-snippet:-1","max-image-preview":"max-image-preview:large","max-video-preview":"max-video-preview:-1"},"canonical":"http:\/\/dafinoo.eu\/mirmar\/obchod\/bosch-akumulatorovy-priklepovy-vrtaci-skrutkovac-gsb-18-2-li-professional-bosch\/","og_locale":"sk_SK","og_type":"article","og_title":"Bosch Akumul\u00e1torov\u00fd pr\u00edklepov\u00fd v\u0155tac\u00ed skrutkova\u010d GSB 18-2-LI Professional - MIR-MAR","og_description":"Kr\u00fatiaci moment, max. (tuh\u00fd skrutkov\u00fd spoj) 45 Nm Kr\u00fatiaci moment, max. (m\u00e4kk\u00fd skrutkov\u00fd spoj) 19 Nm Vo\u013enobe\u017en\u00e9 ot\u00e1\u010dky (1. stupe\u0148 \/ 2. stupe\u0148) 0 \u2013 400 \/ 1.400 min-1 Max. frekvencia pr\u00edklepu 21.000 min-1 Up\u00ednac\u00ed rozsah sk\u013eu\u010dovadla, min\/max 1,5 \/ 10 mm Z\u00e1vit v\u0155tacieho vretena 1\/2\" Nap\u00e4tie akumul\u00e1tora 18 V Hmotnos\u0165 s akumul\u00e1torom 1,5 kg Po\u010det stup\u0148ov kr\u00fatiaceho momentu 15+1 Priemer vrtu Max. \u00d8 vrtu do dreva 29 mm Max. \u00d8 vrtu do ocele 10 mm Max. \u00d8 vrtu do muriva 10 mm Priemer skrutiek Max. \u00d8 skrutiek 8 mm Funkcie Viacstup\u0148ov\u00e1 V\u0155tanie s pr\u00edklepom Pravo-\/\u013eavobe\u017en\u00fd chod Elektronika Auto-Lock M\u00e4kk\u00e1 tlmiaca vlo\u017eka rukov\u00e4te Osvetlenie Inform\u00e1cia o hlu\u010dnosti a vibr\u00e1ci\u00e1ch Hodnoty merania zisten\u00e9 pod\u013ea EN 60745 Celkov\u00e9 hodnoty vibr\u00e1ci\u00ed (s\u00fa\u010det vektorov v troch smeroch) V\u0155tanie do kovov Hodnota emisie vibr\u00e1ci\u00ed ah 3.0 m\/s\u00b2 Nepresnos\u0165 K 1.5 m\/s\u00b2 V\u0155tanie s pr\u00edklepom do muriva Hodnota emisie vibr\u00e1ci\u00ed ah 13.0 m\/s\u00b2 Nepresnos\u0165 K 1.5 m\/s\u00b2 Skrutkovanie Hodnota emisie vibr\u00e1ci\u00ed ah 2.5 m\/s\u00b2 Nepresnos\u0165 K 1.5 m\/s\u00b2 \u00darove\u0148 hluku elektrick\u00e9ho n\u00e1radia s hodnoten\u00edm A je typicky: hladina akustick\u00e9ho tlaku 84 dB(A); hladina akustick\u00e9ho v\u00fdkonu 95 dB(A). Neistota K= 3 dB.","og_url":"http:\/\/dafinoo.eu\/mirmar\/obchod\/bosch-akumulatorovy-priklepovy-vrtaci-skrutkovac-gsb-18-2-li-professional-bosch\/","og_site_name":"MIR-MAR","article_publisher":"https:\/\/facebook.com\/mirmareshop","article_modified_time":"2021-04-25T12:23:43+00:00","og_image":[{"width":661,"height":348,"url":"https:\/\/i2.wp.com\/www.mirmar.sk\/wp-content\/uploads\/2021\/03\/13_4.jpg?fit=661%2C348&ssl=1","type":"image\/jpeg"}],"twitter_misc":{"Predpokladan\u00fd \u010das \u010d\u00edtania":"1 min\u00fata"},"schema":{"@context":"https:\/\/schema.org","@graph":[{"@type":"WebPage","@id":"http:\/\/dafinoo.eu\/mirmar\/obchod\/bosch-akumulatorovy-priklepovy-vrtaci-skrutkovac-gsb-18-2-li-professional-bosch\/","url":"http:\/\/dafinoo.eu\/mirmar\/obchod\/bosch-akumulatorovy-priklepovy-vrtaci-skrutkovac-gsb-18-2-li-professional-bosch\/","name":"Bosch Akumul\u00e1torov\u00fd pr\u00edklepov\u00fd v\u0155tac\u00ed skrutkova\u010d GSB 18-2-LI Professional - MIR-MAR","isPartOf":{"@id":"http:\/\/dafinoo.eu\/mirmar\/#website"},"primaryImageOfPage":{"@id":"http:\/\/dafinoo.eu\/mirmar\/obchod\/bosch-akumulatorovy-priklepovy-vrtaci-skrutkovac-gsb-18-2-li-professional-bosch\/#primaryimage"},"image":{"@id":"http:\/\/dafinoo.eu\/mirmar\/obchod\/bosch-akumulatorovy-priklepovy-vrtaci-skrutkovac-gsb-18-2-li-professional-bosch\/#primaryimage"},"thumbnailUrl":"http:\/\/dafinoo.eu\/mirmar\/wp-content\/uploads\/2021\/03\/13_4.jpg","datePublished":"2021-03-15T16:22:15+00:00","dateModified":"2021-04-25T12:23:43+00:00","breadcrumb":{"@id":"http:\/\/dafinoo.eu\/mirmar\/obchod\/bosch-akumulatorovy-priklepovy-vrtaci-skrutkovac-gsb-18-2-li-professional-bosch\/#breadcrumb"},"inLanguage":"sk-SK","potentialAction":[{"@type":"ReadAction","target":["http:\/\/dafinoo.eu\/mirmar\/obchod\/bosch-akumulatorovy-priklepovy-vrtaci-skrutkovac-gsb-18-2-li-professional-bosch\/"]}]},{"@type":"ImageObject","inLanguage":"sk-SK","@id":"http:\/\/dafinoo.eu\/mirmar\/obchod\/bosch-akumulatorovy-priklepovy-vrtaci-skrutkovac-gsb-18-2-li-professional-bosch\/#primaryimage","url":"http:\/\/dafinoo.eu\/mirmar\/wp-content\/uploads\/2021\/03\/13_4.jpg","contentUrl":"http:\/\/dafinoo.eu\/mirmar\/wp-content\/uploads\/2021\/03\/13_4.jpg","width":661,"height":348},{"@type":"BreadcrumbList","@id":"http:\/\/dafinoo.eu\/mirmar\/obchod\/bosch-akumulatorovy-priklepovy-vrtaci-skrutkovac-gsb-18-2-li-professional-bosch\/#breadcrumb","itemListElement":[{"@type":"ListItem","position":1,"name":"Domovsk\u00e1 str\u00e1nka","item":"http:\/\/dafinoo.eu\/mirmar\/"},{"@type":"ListItem","position":2,"name":"Obchod","item":"http:\/\/dafinoo.eu\/mirmar\/obchod\/"},{"@type":"ListItem","position":3,"name":"Bosch Akumul\u00e1torov\u00fd pr\u00edklepov\u00fd v\u0155tac\u00ed skrutkova\u010d GSB 18-2-LI Professional"}]},{"@type":"WebSite","@id":"http:\/\/dafinoo.eu\/mirmar\/#website","url":"http:\/\/dafinoo.eu\/mirmar\/","name":"MIR-MAR","description":"Eshop s n\u00e1rad\u00edm","publisher":{"@id":"http:\/\/dafinoo.eu\/mirmar\/#organization"},"potentialAction":[{"@type":"SearchAction","target":{"@type":"EntryPoint","urlTemplate":"http:\/\/dafinoo.eu\/mirmar\/?s={search_term_string}"},"query-input":{"@type":"PropertyValueSpecification","valueRequired":true,"valueName":"search_term_string"}}],"inLanguage":"sk-SK"},{"@type":"Organization","@id":"http:\/\/dafinoo.eu\/mirmar\/#organization","name":"MIR-MAR","url":"http:\/\/dafinoo.eu\/mirmar\/","logo":{"@type":"ImageObject","inLanguage":"sk-SK","@id":"http:\/\/dafinoo.eu\/mirmar\/#\/schema\/logo\/image\/","url":"http:\/\/dafinoo.eu\/mirmar\/wp-content\/uploads\/2021\/03\/mirmar_logo.png","contentUrl":"http:\/\/dafinoo.eu\/mirmar\/wp-content\/uploads\/2021\/03\/mirmar_logo.png","width":256,"height":60,"caption":"MIR-MAR"},"image":{"@id":"http:\/\/dafinoo.eu\/mirmar\/#\/schema\/logo\/image\/"},"sameAs":["https:\/\/facebook.com\/mirmareshop"]}]}},"_links":{"self":[{"href":"http:\/\/dafinoo.eu\/mirmar\/wp-json\/wp\/v2\/product\/36135","targetHints":{"allow":["GET"]}}],"collection":[{"href":"http:\/\/dafinoo.eu\/mirmar\/wp-json\/wp\/v2\/product"}],"about":[{"href":"http:\/\/dafinoo.eu\/mirmar\/wp-json\/wp\/v2\/types\/product"}],"replies":[{"embeddable":true,"href":"http:\/\/dafinoo.eu\/mirmar\/wp-json\/wp\/v2\/comments?post=36135"}],"wp:featuredmedia":[{"embeddable":true,"href":"http:\/\/dafinoo.eu\/mirmar\/wp-json\/wp\/v2\/media\/36136"}],"wp:attachment":[{"href":"http:\/\/dafinoo.eu\/mirmar\/wp-json\/wp\/v2\/media?parent=36135"}],"wp:term":[{"taxonomy":"product_cat","embeddable":true,"href":"http:\/\/dafinoo.eu\/mirmar\/wp-json\/wp\/v2\/product_cat?post=36135"},{"taxonomy":"product_tag","embeddable":true,"href":"http:\/\/dafinoo.eu\/mirmar\/wp-json\/wp\/v2\/product_tag?post=36135"}],"curies":[{"name":"wp","href":"https:\/\/api.w.org\/{rel}","templated":true}]}}