{"id":36147,"date":"2021-03-15T17:22:27","date_gmt":"2021-03-15T16:22:27","guid":{"rendered":"http:\/\/dafinoo.eu\/mirmar\/product\/bosch-akumulatorovy-priklepovy-vrtaci-skrutkovac-gsb-36-v-li-professional-bosch-2\/"},"modified":"2021-04-19T19:41:00","modified_gmt":"2021-04-19T17:41:00","slug":"bosch-akumulatorovy-priklepovy-vrtaci-skrutkovac-gsb-36-v-li-professional-bosch-2","status":"publish","type":"product","link":"http:\/\/dafinoo.eu\/mirmar\/obchod\/bosch-akumulatorovy-priklepovy-vrtaci-skrutkovac-gsb-36-v-li-professional-bosch-2\/","title":{"rendered":"Bosch Akumul\u00e1torov\u00fd pr\u00edklepov\u00fd v\u0155tac\u00ed skrutkova\u010d  GSB 36 V-LI Professional Bosch"},"content":{"rendered":"<p>Siln\u00fd ako 36 V, \u013eahk\u00fd ako 14,4 V<br \/>\n\u013dahk\u00fd ako skrutkova\u010d 14,4 V: v\u010faka kompaktn\u00e9mu akumul\u00e1toru je hmotnos\u0165 porovnate\u013en\u00e1 s be\u017en\u00fdmi pr\u00edklepov\u00fdmi v\u0155tac\u00edmi skrutkova\u010dmi so 14,4 V NiCd\/NiMH akumul\u00e1tormi<br \/>\nVe\u013ek\u00e1 sila: zaskrutkuje aj skrutky 12 mm bez poklesu ot\u00e1\u010dok<br \/>\nExtr\u00e9mne robustn\u00fd: plne funk\u010dn\u00fd aj po p\u00e1de z v\u00fd\u0161ky 2 m na bet\u00f3n, v\u010faka flexibiln\u00e9mu krytu \u201eDura Shield\u201c<br \/>\nJedine\u010dn\u00e1 l\u00edtium-i\u00f3nov\u00e1 technol\u00f3gia Bosch Premium pre \u017eivotnos\u0165 dlh\u0161iu o 400 % a neprekonate\u013en\u00fa kapacitu akumul\u00e1tora<br \/>\nElektronick\u00e1 ochrana \u010dl\u00e1nkov \u2013 Electronic Cell Protection (ECP): Chr\u00e1ni akumul\u00e1tor pred pre\u0165a\u017een\u00edm, prehriat\u00edm a nadmern\u00fdm vybit\u00edm<br \/>\nVysokov\u00fdkonn\u00fd pr\u00edklepov\u00fd mechanizmus a vysok\u00e9 ot\u00e1\u010dky pre vysok\u00fa r\u00fdchlos\u0165 v\u0155tania do muriva<br \/>\nBosch Hyper Charge: V\u010faka r\u00fdchlemu nab\u00edjaniu s\u00fa akumul\u00e1tory nabit\u00e9 na 75 % u\u017e po uplynut\u00ed polovice \u010dasu nab\u00edjania<br \/>\n\u017diadny pam\u00e4\u0165ov\u00fd efekt: akumul\u00e1tor mo\u017eno kedyko\u013evek nab\u00edja\u0165 bez oh\u013eadu na stav jeho nabitia, bez rizika po\u0161kodenia \u010dl\u00e1nkov<\/p>\n","protected":false},"excerpt":{"rendered":"<p>Kr\u00fatiaci moment, max. (tuh\u00fd skrutkov\u00fd spoj)\t78 Nm<br \/>\nRozsah nastavenia kr\u00fatiaceho momentu, min\/max\t1 \/ 9 Nm<br \/>\nKr\u00fatiaci moment, max. (m\u00e4kk\u00fd skrutkov\u00fd spoj)\t32 Nm<br \/>\nVo\u013enobe\u017en\u00e9 ot\u00e1\u010dky (1. stupe\u0148 \/ 2. stupe\u0148)\t0 \u2013 450 \/ 1.500 min-1<br \/>\nMax. frekvencia pr\u00edklepu\t18.000 min-1<br \/>\nUp\u00ednac\u00ed rozsah sk\u013eu\u010dovadla, min\/max\t1,5 \/ 13 mm<br \/>\nZ\u00e1vit v\u0155tacieho vretena\t1\/2&#8243;<br \/>\nNap\u00e4tie akumul\u00e1tora\t36 V<br \/>\nKapacita akumul\u00e1tora\t1,3 Ah<br \/>\nHmotnos\u0165 s akumul\u00e1torom\t2,7 kg<br \/>\n\u010cas nab\u00edjania cca.\t45 min<br \/>\nPo\u010det stup\u0148ov kr\u00fatiaceho momentu\t15+1<br \/>\nD\u013a\u017eka\t280,0 mm<br \/>\n\u0160\u00edrka\t95,0 mm<br \/>\nV\u00fd\u0161ka\t271,0 mm<br \/>\nTyp \u010dl\u00e1nkov\tL\u00edtium-i\u00f3nov\u00fd<br \/>\nPriemer vrtu<br \/>\nMax. \u00d8 vrtu do hlin\u00edka\t16 mm<br \/>\nMax. \u00d8 vrtu do dreva\t50 mm<br \/>\nMax. \u00d8 vrtu do ocele\t16 mm<br \/>\nMax. \u00d8 vrtu do muriva\t16 mm<br \/>\nPriemer skrutiek<br \/>\nMax. \u00d8 skrutiek\t12 mm<br \/>\nFunkcie<br \/>\nViacstup\u0148ov\u00e1<br \/>\nV\u0155tanie s pr\u00edklepom<br \/>\nPravo-\/\u013eavobe\u017en\u00fd chod<br \/>\nAuto-Lock<br \/>\nM\u00e4kk\u00e1 tlmiaca vlo\u017eka rukov\u00e4te<br \/>\nInform\u00e1cia o hlu\u010dnosti a vibr\u00e1ci\u00e1ch<br \/>\nHodnoty merania zisten\u00e9 pod\u013ea EN 60745<br \/>\nCelkov\u00e9 hodnoty vibr\u00e1ci\u00ed (s\u00fa\u010det vektorov v troch smeroch)<br \/>\nV\u0155tanie do kovov<br \/>\nHodnota emisie vibr\u00e1ci\u00ed ah\t3.0 m\/s\u00b2<br \/>\nNepresnos\u0165 K\t1.5 m\/s\u00b2<br \/>\nV\u0155tanie s pr\u00edklepom do muriva<br \/>\nHodnota emisie vibr\u00e1ci\u00ed ah\t11.5 m\/s\u00b2<br \/>\nNepresnos\u0165 K\t1.5 m\/s\u00b2<br \/>\nSkrutkovanie<br \/>\nHodnota emisie vibr\u00e1ci\u00ed ah\t2.5 m\/s\u00b2<br \/>\nNepresnos\u0165 K\t1.5 m\/s\u00b2<br \/>\n\u00darove\u0148 hluku elektrick\u00e9ho n\u00e1radia s hodnoten\u00edm A je typicky: hladina akustick\u00e9ho tlaku 86 dB(A); hladina akustick\u00e9ho v\u00fdkonu 97 dB(A). Neistota K= 3 dB.<\/p>\n","protected":false},"featured_media":36148,"comment_status":"closed","ping_status":"open","template":"","meta":{"_lmt_disableupdate":"","_lmt_disable":""},"product_cat":[3107,3106,3110],"product_tag":[],"class_list":{"0":"post-36147","1":"product","2":"type-product","3":"status-publish","4":"has-post-thumbnail","6":"product_cat-akumulatorove-naradie","7":"product_cat-bosch","8":"product_cat-priklepove-vrtacky-akumulatorove-naradie","9":"ts_product_brand-bosh","11":"first","12":"instock","13":"taxable","14":"shipping-taxable","15":"purchasable","16":"product-type-simple"},"yoast_head":"<!-- This site is optimized with the Yoast SEO plugin v27.3 - https:\/\/yoast.com\/product\/yoast-seo-wordpress\/ -->\n<title>Bosch Akumul\u00e1torov\u00fd pr\u00edklepov\u00fd v\u0155tac\u00ed skrutkova\u010d GSB 36 V-LI Professional Bosch - MIR-MAR<\/title>\n<meta name=\"robots\" content=\"index, follow, max-snippet:-1, max-image-preview:large, max-video-preview:-1\" \/>\n<link rel=\"canonical\" href=\"http:\/\/dafinoo.eu\/mirmar\/obchod\/bosch-akumulatorovy-priklepovy-vrtaci-skrutkovac-gsb-36-v-li-professional-bosch-2\/\" \/>\n<meta property=\"og:locale\" content=\"sk_SK\" \/>\n<meta property=\"og:type\" content=\"article\" \/>\n<meta property=\"og:title\" content=\"Bosch Akumul\u00e1torov\u00fd pr\u00edklepov\u00fd v\u0155tac\u00ed skrutkova\u010d GSB 36 V-LI Professional Bosch - MIR-MAR\" \/>\n<meta property=\"og:description\" content=\"Kr\u00fatiaci moment, max. (tuh\u00fd skrutkov\u00fd spoj) 78 Nm Rozsah nastavenia kr\u00fatiaceho momentu, min\/max 1 \/ 9 Nm Kr\u00fatiaci moment, max. (m\u00e4kk\u00fd skrutkov\u00fd spoj) 32 Nm Vo\u013enobe\u017en\u00e9 ot\u00e1\u010dky (1. stupe\u0148 \/ 2. stupe\u0148) 0 \u2013 450 \/ 1.500 min-1 Max. frekvencia pr\u00edklepu 18.000 min-1 Up\u00ednac\u00ed rozsah sk\u013eu\u010dovadla, min\/max 1,5 \/ 13 mm Z\u00e1vit v\u0155tacieho vretena 1\/2&quot; Nap\u00e4tie akumul\u00e1tora 36 V Kapacita akumul\u00e1tora 1,3 Ah Hmotnos\u0165 s akumul\u00e1torom 2,7 kg \u010cas nab\u00edjania cca. 45 min Po\u010det stup\u0148ov kr\u00fatiaceho momentu 15+1 D\u013a\u017eka 280,0 mm \u0160\u00edrka 95,0 mm V\u00fd\u0161ka 271,0 mm Typ \u010dl\u00e1nkov L\u00edtium-i\u00f3nov\u00fd Priemer vrtu Max. \u00d8 vrtu do hlin\u00edka 16 mm Max. \u00d8 vrtu do dreva 50 mm Max. \u00d8 vrtu do ocele 16 mm Max. \u00d8 vrtu do muriva 16 mm Priemer skrutiek Max. \u00d8 skrutiek 12 mm Funkcie Viacstup\u0148ov\u00e1 V\u0155tanie s pr\u00edklepom Pravo-\/\u013eavobe\u017en\u00fd chod Auto-Lock M\u00e4kk\u00e1 tlmiaca vlo\u017eka rukov\u00e4te Inform\u00e1cia o hlu\u010dnosti a vibr\u00e1ci\u00e1ch Hodnoty merania zisten\u00e9 pod\u013ea EN 60745 Celkov\u00e9 hodnoty vibr\u00e1ci\u00ed (s\u00fa\u010det vektorov v troch smeroch) V\u0155tanie do kovov Hodnota emisie vibr\u00e1ci\u00ed ah 3.0 m\/s\u00b2 Nepresnos\u0165 K 1.5 m\/s\u00b2 V\u0155tanie s pr\u00edklepom do muriva Hodnota emisie vibr\u00e1ci\u00ed ah 11.5 m\/s\u00b2 Nepresnos\u0165 K 1.5 m\/s\u00b2 Skrutkovanie Hodnota emisie vibr\u00e1ci\u00ed ah 2.5 m\/s\u00b2 Nepresnos\u0165 K 1.5 m\/s\u00b2 \u00darove\u0148 hluku elektrick\u00e9ho n\u00e1radia s hodnoten\u00edm A je typicky: hladina akustick\u00e9ho tlaku 86 dB(A); hladina akustick\u00e9ho v\u00fdkonu 97 dB(A). Neistota K= 3 dB.\" \/>\n<meta property=\"og:url\" content=\"http:\/\/dafinoo.eu\/mirmar\/obchod\/bosch-akumulatorovy-priklepovy-vrtaci-skrutkovac-gsb-36-v-li-professional-bosch-2\/\" \/>\n<meta property=\"og:site_name\" content=\"MIR-MAR\" \/>\n<meta property=\"article:publisher\" content=\"https:\/\/facebook.com\/mirmareshop\" \/>\n<meta property=\"article:modified_time\" content=\"2021-04-19T17:41:00+00:00\" \/>\n<meta property=\"og:image\" content=\"https:\/\/i2.wp.com\/www.mirmar.sk\/wp-content\/uploads\/2021\/03\/18_5.jpg?fit=661%2C348&ssl=1\" \/>\n\t<meta property=\"og:image:width\" content=\"661\" \/>\n\t<meta property=\"og:image:height\" content=\"348\" \/>\n\t<meta property=\"og:image:type\" content=\"image\/jpeg\" \/>\n<meta name=\"twitter:label1\" content=\"Predpokladan\u00fd \u010das \u010d\u00edtania\" \/>\n\t<meta name=\"twitter:data1\" content=\"1 min\u00fata\" \/>\n<script type=\"application\/ld+json\" class=\"yoast-schema-graph\">{\"@context\":\"https:\\\/\\\/schema.org\",\"@graph\":[{\"@type\":\"WebPage\",\"@id\":\"http:\\\/\\\/dafinoo.eu\\\/mirmar\\\/obchod\\\/bosch-akumulatorovy-priklepovy-vrtaci-skrutkovac-gsb-36-v-li-professional-bosch-2\\\/\",\"url\":\"http:\\\/\\\/dafinoo.eu\\\/mirmar\\\/obchod\\\/bosch-akumulatorovy-priklepovy-vrtaci-skrutkovac-gsb-36-v-li-professional-bosch-2\\\/\",\"name\":\"Bosch Akumul\u00e1torov\u00fd pr\u00edklepov\u00fd v\u0155tac\u00ed skrutkova\u010d GSB 36 V-LI Professional Bosch - MIR-MAR\",\"isPartOf\":{\"@id\":\"http:\\\/\\\/dafinoo.eu\\\/mirmar\\\/#website\"},\"primaryImageOfPage\":{\"@id\":\"http:\\\/\\\/dafinoo.eu\\\/mirmar\\\/obchod\\\/bosch-akumulatorovy-priklepovy-vrtaci-skrutkovac-gsb-36-v-li-professional-bosch-2\\\/#primaryimage\"},\"image\":{\"@id\":\"http:\\\/\\\/dafinoo.eu\\\/mirmar\\\/obchod\\\/bosch-akumulatorovy-priklepovy-vrtaci-skrutkovac-gsb-36-v-li-professional-bosch-2\\\/#primaryimage\"},\"thumbnailUrl\":\"http:\\\/\\\/dafinoo.eu\\\/mirmar\\\/wp-content\\\/uploads\\\/2021\\\/03\\\/18_5.jpg\",\"datePublished\":\"2021-03-15T16:22:27+00:00\",\"dateModified\":\"2021-04-19T17:41:00+00:00\",\"breadcrumb\":{\"@id\":\"http:\\\/\\\/dafinoo.eu\\\/mirmar\\\/obchod\\\/bosch-akumulatorovy-priklepovy-vrtaci-skrutkovac-gsb-36-v-li-professional-bosch-2\\\/#breadcrumb\"},\"inLanguage\":\"sk-SK\",\"potentialAction\":[{\"@type\":\"ReadAction\",\"target\":[\"http:\\\/\\\/dafinoo.eu\\\/mirmar\\\/obchod\\\/bosch-akumulatorovy-priklepovy-vrtaci-skrutkovac-gsb-36-v-li-professional-bosch-2\\\/\"]}]},{\"@type\":\"ImageObject\",\"inLanguage\":\"sk-SK\",\"@id\":\"http:\\\/\\\/dafinoo.eu\\\/mirmar\\\/obchod\\\/bosch-akumulatorovy-priklepovy-vrtaci-skrutkovac-gsb-36-v-li-professional-bosch-2\\\/#primaryimage\",\"url\":\"http:\\\/\\\/dafinoo.eu\\\/mirmar\\\/wp-content\\\/uploads\\\/2021\\\/03\\\/18_5.jpg\",\"contentUrl\":\"http:\\\/\\\/dafinoo.eu\\\/mirmar\\\/wp-content\\\/uploads\\\/2021\\\/03\\\/18_5.jpg\",\"width\":661,\"height\":348},{\"@type\":\"BreadcrumbList\",\"@id\":\"http:\\\/\\\/dafinoo.eu\\\/mirmar\\\/obchod\\\/bosch-akumulatorovy-priklepovy-vrtaci-skrutkovac-gsb-36-v-li-professional-bosch-2\\\/#breadcrumb\",\"itemListElement\":[{\"@type\":\"ListItem\",\"position\":1,\"name\":\"Domovsk\u00e1 str\u00e1nka\",\"item\":\"http:\\\/\\\/dafinoo.eu\\\/mirmar\\\/\"},{\"@type\":\"ListItem\",\"position\":2,\"name\":\"Obchod\",\"item\":\"http:\\\/\\\/dafinoo.eu\\\/mirmar\\\/obchod\\\/\"},{\"@type\":\"ListItem\",\"position\":3,\"name\":\"Bosch Akumul\u00e1torov\u00fd pr\u00edklepov\u00fd v\u0155tac\u00ed skrutkova\u010d GSB 36 V-LI Professional Bosch\"}]},{\"@type\":\"WebSite\",\"@id\":\"http:\\\/\\\/dafinoo.eu\\\/mirmar\\\/#website\",\"url\":\"http:\\\/\\\/dafinoo.eu\\\/mirmar\\\/\",\"name\":\"MIR-MAR\",\"description\":\"Eshop s n\u00e1rad\u00edm\",\"publisher\":{\"@id\":\"http:\\\/\\\/dafinoo.eu\\\/mirmar\\\/#organization\"},\"potentialAction\":[{\"@type\":\"SearchAction\",\"target\":{\"@type\":\"EntryPoint\",\"urlTemplate\":\"http:\\\/\\\/dafinoo.eu\\\/mirmar\\\/?s={search_term_string}\"},\"query-input\":{\"@type\":\"PropertyValueSpecification\",\"valueRequired\":true,\"valueName\":\"search_term_string\"}}],\"inLanguage\":\"sk-SK\"},{\"@type\":\"Organization\",\"@id\":\"http:\\\/\\\/dafinoo.eu\\\/mirmar\\\/#organization\",\"name\":\"MIR-MAR\",\"url\":\"http:\\\/\\\/dafinoo.eu\\\/mirmar\\\/\",\"logo\":{\"@type\":\"ImageObject\",\"inLanguage\":\"sk-SK\",\"@id\":\"http:\\\/\\\/dafinoo.eu\\\/mirmar\\\/#\\\/schema\\\/logo\\\/image\\\/\",\"url\":\"http:\\\/\\\/dafinoo.eu\\\/mirmar\\\/wp-content\\\/uploads\\\/2021\\\/03\\\/mirmar_logo.png\",\"contentUrl\":\"http:\\\/\\\/dafinoo.eu\\\/mirmar\\\/wp-content\\\/uploads\\\/2021\\\/03\\\/mirmar_logo.png\",\"width\":256,\"height\":60,\"caption\":\"MIR-MAR\"},\"image\":{\"@id\":\"http:\\\/\\\/dafinoo.eu\\\/mirmar\\\/#\\\/schema\\\/logo\\\/image\\\/\"},\"sameAs\":[\"https:\\\/\\\/facebook.com\\\/mirmareshop\"]}]}<\/script>\n<!-- \/ Yoast SEO plugin. -->","yoast_head_json":{"title":"Bosch Akumul\u00e1torov\u00fd pr\u00edklepov\u00fd v\u0155tac\u00ed skrutkova\u010d GSB 36 V-LI Professional Bosch - MIR-MAR","robots":{"index":"index","follow":"follow","max-snippet":"max-snippet:-1","max-image-preview":"max-image-preview:large","max-video-preview":"max-video-preview:-1"},"canonical":"http:\/\/dafinoo.eu\/mirmar\/obchod\/bosch-akumulatorovy-priklepovy-vrtaci-skrutkovac-gsb-36-v-li-professional-bosch-2\/","og_locale":"sk_SK","og_type":"article","og_title":"Bosch Akumul\u00e1torov\u00fd pr\u00edklepov\u00fd v\u0155tac\u00ed skrutkova\u010d GSB 36 V-LI Professional Bosch - MIR-MAR","og_description":"Kr\u00fatiaci moment, max. (tuh\u00fd skrutkov\u00fd spoj) 78 Nm Rozsah nastavenia kr\u00fatiaceho momentu, min\/max 1 \/ 9 Nm Kr\u00fatiaci moment, max. (m\u00e4kk\u00fd skrutkov\u00fd spoj) 32 Nm Vo\u013enobe\u017en\u00e9 ot\u00e1\u010dky (1. stupe\u0148 \/ 2. stupe\u0148) 0 \u2013 450 \/ 1.500 min-1 Max. frekvencia pr\u00edklepu 18.000 min-1 Up\u00ednac\u00ed rozsah sk\u013eu\u010dovadla, min\/max 1,5 \/ 13 mm Z\u00e1vit v\u0155tacieho vretena 1\/2\" Nap\u00e4tie akumul\u00e1tora 36 V Kapacita akumul\u00e1tora 1,3 Ah Hmotnos\u0165 s akumul\u00e1torom 2,7 kg \u010cas nab\u00edjania cca. 45 min Po\u010det stup\u0148ov kr\u00fatiaceho momentu 15+1 D\u013a\u017eka 280,0 mm \u0160\u00edrka 95,0 mm V\u00fd\u0161ka 271,0 mm Typ \u010dl\u00e1nkov L\u00edtium-i\u00f3nov\u00fd Priemer vrtu Max. \u00d8 vrtu do hlin\u00edka 16 mm Max. \u00d8 vrtu do dreva 50 mm Max. \u00d8 vrtu do ocele 16 mm Max. \u00d8 vrtu do muriva 16 mm Priemer skrutiek Max. \u00d8 skrutiek 12 mm Funkcie Viacstup\u0148ov\u00e1 V\u0155tanie s pr\u00edklepom Pravo-\/\u013eavobe\u017en\u00fd chod Auto-Lock M\u00e4kk\u00e1 tlmiaca vlo\u017eka rukov\u00e4te Inform\u00e1cia o hlu\u010dnosti a vibr\u00e1ci\u00e1ch Hodnoty merania zisten\u00e9 pod\u013ea EN 60745 Celkov\u00e9 hodnoty vibr\u00e1ci\u00ed (s\u00fa\u010det vektorov v troch smeroch) V\u0155tanie do kovov Hodnota emisie vibr\u00e1ci\u00ed ah 3.0 m\/s\u00b2 Nepresnos\u0165 K 1.5 m\/s\u00b2 V\u0155tanie s pr\u00edklepom do muriva Hodnota emisie vibr\u00e1ci\u00ed ah 11.5 m\/s\u00b2 Nepresnos\u0165 K 1.5 m\/s\u00b2 Skrutkovanie Hodnota emisie vibr\u00e1ci\u00ed ah 2.5 m\/s\u00b2 Nepresnos\u0165 K 1.5 m\/s\u00b2 \u00darove\u0148 hluku elektrick\u00e9ho n\u00e1radia s hodnoten\u00edm A je typicky: hladina akustick\u00e9ho tlaku 86 dB(A); hladina akustick\u00e9ho v\u00fdkonu 97 dB(A). Neistota K= 3 dB.","og_url":"http:\/\/dafinoo.eu\/mirmar\/obchod\/bosch-akumulatorovy-priklepovy-vrtaci-skrutkovac-gsb-36-v-li-professional-bosch-2\/","og_site_name":"MIR-MAR","article_publisher":"https:\/\/facebook.com\/mirmareshop","article_modified_time":"2021-04-19T17:41:00+00:00","og_image":[{"width":661,"height":348,"url":"https:\/\/i2.wp.com\/www.mirmar.sk\/wp-content\/uploads\/2021\/03\/18_5.jpg?fit=661%2C348&ssl=1","type":"image\/jpeg"}],"twitter_misc":{"Predpokladan\u00fd \u010das \u010d\u00edtania":"1 min\u00fata"},"schema":{"@context":"https:\/\/schema.org","@graph":[{"@type":"WebPage","@id":"http:\/\/dafinoo.eu\/mirmar\/obchod\/bosch-akumulatorovy-priklepovy-vrtaci-skrutkovac-gsb-36-v-li-professional-bosch-2\/","url":"http:\/\/dafinoo.eu\/mirmar\/obchod\/bosch-akumulatorovy-priklepovy-vrtaci-skrutkovac-gsb-36-v-li-professional-bosch-2\/","name":"Bosch Akumul\u00e1torov\u00fd pr\u00edklepov\u00fd v\u0155tac\u00ed skrutkova\u010d GSB 36 V-LI Professional Bosch - MIR-MAR","isPartOf":{"@id":"http:\/\/dafinoo.eu\/mirmar\/#website"},"primaryImageOfPage":{"@id":"http:\/\/dafinoo.eu\/mirmar\/obchod\/bosch-akumulatorovy-priklepovy-vrtaci-skrutkovac-gsb-36-v-li-professional-bosch-2\/#primaryimage"},"image":{"@id":"http:\/\/dafinoo.eu\/mirmar\/obchod\/bosch-akumulatorovy-priklepovy-vrtaci-skrutkovac-gsb-36-v-li-professional-bosch-2\/#primaryimage"},"thumbnailUrl":"http:\/\/dafinoo.eu\/mirmar\/wp-content\/uploads\/2021\/03\/18_5.jpg","datePublished":"2021-03-15T16:22:27+00:00","dateModified":"2021-04-19T17:41:00+00:00","breadcrumb":{"@id":"http:\/\/dafinoo.eu\/mirmar\/obchod\/bosch-akumulatorovy-priklepovy-vrtaci-skrutkovac-gsb-36-v-li-professional-bosch-2\/#breadcrumb"},"inLanguage":"sk-SK","potentialAction":[{"@type":"ReadAction","target":["http:\/\/dafinoo.eu\/mirmar\/obchod\/bosch-akumulatorovy-priklepovy-vrtaci-skrutkovac-gsb-36-v-li-professional-bosch-2\/"]}]},{"@type":"ImageObject","inLanguage":"sk-SK","@id":"http:\/\/dafinoo.eu\/mirmar\/obchod\/bosch-akumulatorovy-priklepovy-vrtaci-skrutkovac-gsb-36-v-li-professional-bosch-2\/#primaryimage","url":"http:\/\/dafinoo.eu\/mirmar\/wp-content\/uploads\/2021\/03\/18_5.jpg","contentUrl":"http:\/\/dafinoo.eu\/mirmar\/wp-content\/uploads\/2021\/03\/18_5.jpg","width":661,"height":348},{"@type":"BreadcrumbList","@id":"http:\/\/dafinoo.eu\/mirmar\/obchod\/bosch-akumulatorovy-priklepovy-vrtaci-skrutkovac-gsb-36-v-li-professional-bosch-2\/#breadcrumb","itemListElement":[{"@type":"ListItem","position":1,"name":"Domovsk\u00e1 str\u00e1nka","item":"http:\/\/dafinoo.eu\/mirmar\/"},{"@type":"ListItem","position":2,"name":"Obchod","item":"http:\/\/dafinoo.eu\/mirmar\/obchod\/"},{"@type":"ListItem","position":3,"name":"Bosch Akumul\u00e1torov\u00fd pr\u00edklepov\u00fd v\u0155tac\u00ed skrutkova\u010d GSB 36 V-LI Professional Bosch"}]},{"@type":"WebSite","@id":"http:\/\/dafinoo.eu\/mirmar\/#website","url":"http:\/\/dafinoo.eu\/mirmar\/","name":"MIR-MAR","description":"Eshop s n\u00e1rad\u00edm","publisher":{"@id":"http:\/\/dafinoo.eu\/mirmar\/#organization"},"potentialAction":[{"@type":"SearchAction","target":{"@type":"EntryPoint","urlTemplate":"http:\/\/dafinoo.eu\/mirmar\/?s={search_term_string}"},"query-input":{"@type":"PropertyValueSpecification","valueRequired":true,"valueName":"search_term_string"}}],"inLanguage":"sk-SK"},{"@type":"Organization","@id":"http:\/\/dafinoo.eu\/mirmar\/#organization","name":"MIR-MAR","url":"http:\/\/dafinoo.eu\/mirmar\/","logo":{"@type":"ImageObject","inLanguage":"sk-SK","@id":"http:\/\/dafinoo.eu\/mirmar\/#\/schema\/logo\/image\/","url":"http:\/\/dafinoo.eu\/mirmar\/wp-content\/uploads\/2021\/03\/mirmar_logo.png","contentUrl":"http:\/\/dafinoo.eu\/mirmar\/wp-content\/uploads\/2021\/03\/mirmar_logo.png","width":256,"height":60,"caption":"MIR-MAR"},"image":{"@id":"http:\/\/dafinoo.eu\/mirmar\/#\/schema\/logo\/image\/"},"sameAs":["https:\/\/facebook.com\/mirmareshop"]}]}},"_links":{"self":[{"href":"http:\/\/dafinoo.eu\/mirmar\/wp-json\/wp\/v2\/product\/36147","targetHints":{"allow":["GET"]}}],"collection":[{"href":"http:\/\/dafinoo.eu\/mirmar\/wp-json\/wp\/v2\/product"}],"about":[{"href":"http:\/\/dafinoo.eu\/mirmar\/wp-json\/wp\/v2\/types\/product"}],"replies":[{"embeddable":true,"href":"http:\/\/dafinoo.eu\/mirmar\/wp-json\/wp\/v2\/comments?post=36147"}],"wp:featuredmedia":[{"embeddable":true,"href":"http:\/\/dafinoo.eu\/mirmar\/wp-json\/wp\/v2\/media\/36148"}],"wp:attachment":[{"href":"http:\/\/dafinoo.eu\/mirmar\/wp-json\/wp\/v2\/media?parent=36147"}],"wp:term":[{"taxonomy":"product_cat","embeddable":true,"href":"http:\/\/dafinoo.eu\/mirmar\/wp-json\/wp\/v2\/product_cat?post=36147"},{"taxonomy":"product_tag","embeddable":true,"href":"http:\/\/dafinoo.eu\/mirmar\/wp-json\/wp\/v2\/product_tag?post=36147"}],"curies":[{"name":"wp","href":"https:\/\/api.w.org\/{rel}","templated":true}]}}