{"id":36155,"date":"2021-03-15T17:22:27","date_gmt":"2021-03-15T16:22:27","guid":{"rendered":"http:\/\/dafinoo.eu\/mirmar\/product\/bosch-akumulatorove-vrtacie-kladivo-gbh-18-v-li-professional-bosch\/"},"modified":"2021-04-19T19:41:03","modified_gmt":"2021-04-19T17:41:03","slug":"bosch-akumulatorove-vrtacie-kladivo-gbh-18-v-li-professional-bosch","status":"publish","type":"product","link":"http:\/\/dafinoo.eu\/mirmar\/obchod\/bosch-akumulatorove-vrtacie-kladivo-gbh-18-v-li-professional-bosch\/","title":{"rendered":"Bosch Akumul\u00e1torov\u00e9 v\u0155tacie kladivo  GBH 18 V-LI Professional Bosch"},"content":{"rendered":"<p>Nev\u00eddan\u00e1 kombin\u00e1cia v\u00fdkonu a hmotnosti<br \/>\nNajlep\u0161\u00ed pomer v\u00fdkonu a hmotnosti (1,7 J pri 2,6 kg) vo svojej triede<br \/>\nA\u017e 115 otvorov do bet\u00f3nu (6 x 40 mm) na jedno nabitie akumul\u00e1tora v\u010faka efekt\u00edvnemu motoru Bosch EC<br \/>\nPneumatick\u00fd pr\u00edklepov\u00fd mechanizmus, optimalizovan\u00fd na otvory ve\u013ekosti 6 &#8211; 10 mm do bet\u00f3nu (max. 18 mm)<br \/>\nJedine\u010dn\u00e1 l\u00edtium-i\u00f3nov\u00e1 technol\u00f3gia Bosch Premium pre \u017eivotnos\u0165 dlh\u0161iu o 400 % a neprekonate\u013en\u00fa kapacitu akumul\u00e1tora<br \/>\nElektronick\u00e1 ochrana \u010dl\u00e1nkov &#8211; Electronic Cell Protection (ECP): Chr\u00e1ni akumul\u00e1tor pred pre\u0165a\u017een\u00edm, prehriat\u00edm a nadmern\u00fdm vybit\u00edm<br \/>\nElektronick\u00e1 ochrana motora (EMP) Bosch chr\u00e1ni motor pred pre\u0165a\u017een\u00edm a zabezpe\u010d\u00ed mu dlh\u00fa \u017eivotnos\u0165<br \/>\nSyst\u00e9m Bosch \u201eFlexible Power-System\u201c: Jedine\u010dn\u00e1 mo\u017enos\u0165 vo\u013eby z 18 V akumul\u00e1torov s kapacitou 3,0, 2,6, 1,3 Ah na individu\u00e1lne prisp\u00f4sobenie v\u00fdkonu a hmotnosti ka\u017edej \u00falohe z akejko\u013evek oblasti.<br \/>\nPraktick\u00fd indik\u00e1tor stavu nabitia bat\u00e9rie: kedyko\u013evek v\u00e1m poskytne inform\u00e1ciu o energetick\u00fdch rezerv\u00e1ch, ktor\u00e9 s\u00fa e\u0161te k dispoz\u00edcii<br \/>\nIntegrovan\u00e9 osvetlenie LED na osvetlenie pracovnej oblasti aj v tmav\u00fdch miestach<br \/>\nBosch Hyper Charge: V\u010faka r\u00fdchlemu nab\u00edjaniu s\u00fa akumul\u00e1tory nabit\u00e9 na 75 % u\u017e po uplynut\u00ed polovice \u010dasu nab\u00edjania<br \/>\n\u017diadny pam\u00e4\u0165ov\u00fd efekt: akumul\u00e1tor mo\u017eno kedyko\u013evek nab\u00edja\u0165 bez oh\u013eadu na stav jeho nabitia, bez rizika po\u0161kodenia \u010dl\u00e1nkov<\/p>\n","protected":false},"excerpt":{"rendered":"<p>Energia pr\u00edklepu, max.\t1,7 J<br \/>\nFrekvencia pr\u00edklepu pri menovit\u00fdch ot\u00e1\u010dkach\t0 \u2013 4.550 min-1<br \/>\nNap\u00e4tie akumul\u00e1tora\t18 V<br \/>\nHmotnos\u0165 s akumul\u00e1torom\t2,6 kg<br \/>\nUp\u00ednanie n\u00e1strojov\tSDS-plus<br \/>\nRozsah v\u0155tania<br \/>\n\u00d8 vrtu do bet\u00f3nu s pr\u00edklepov\u00fdmi vrt\u00e1kmi\t4 \u2013 18 mm<br \/>\nOptim\u00e1lny rozsah vyu\u017eitia do bet\u00f3nu s pr\u00edklepov\u00fdmi vrt\u00e1kmi\t4 \u2013 10 mm<br \/>\nMax. \u00d8 vrtu do ocele\t13 mm<br \/>\nMax. \u00d8 vrtu do dreva\t20 mm<br \/>\nFunkcie<br \/>\nPravo-\/\u013eavobe\u017en\u00fd chod<br \/>\nElektronika<br \/>\nBezpe\u010dnostn\u00e1 spojka<br \/>\nInform\u00e1cia o hlu\u010dnosti a vibr\u00e1ci\u00e1ch<br \/>\nHodnoty merania zisten\u00e9 pod\u013ea EN 60745<br \/>\nCelkov\u00e9 hodnoty vibr\u00e1ci\u00ed (s\u00fa\u010det vektorov v troch smeroch)<br \/>\nV\u0155tanie s pr\u00edklepom do bet\u00f3nu<br \/>\nHodnota emisie vibr\u00e1ci\u00ed ah\t16.0 m\/s\u00b2<br \/>\nNepresnos\u0165 K\t1.5 m\/s\u00b2<br \/>\nV\u0155tanie do kovov<br \/>\nHodnota emisie vibr\u00e1ci\u00ed ah\t2.5 m\/s\u00b2<br \/>\nNepresnos\u0165 K\t1.5 m\/s\u00b2<br \/>\nSkrutkovanie<br \/>\nHodnota emisie vibr\u00e1ci\u00ed ah\t2.5 m\/s\u00b2<br \/>\nNepresnos\u0165 K\t1.5 m\/s\u00b2<br \/>\n\u00darove\u0148 hluku elektrick\u00e9ho n\u00e1radia s hodnoten\u00edm A je typicky: hladina akustick\u00e9ho tlaku 91 dB(A); hladina akustick\u00e9ho v\u00fdkonu 102 dB(A). Neistota K= 1,5 dB.<\/p>\n","protected":false},"featured_media":36156,"comment_status":"closed","ping_status":"open","template":"","meta":{"_lmt_disableupdate":"","_lmt_disable":""},"product_cat":[3107,3106],"product_tag":[],"class_list":{"0":"post-36155","1":"product","2":"type-product","3":"status-publish","4":"has-post-thumbnail","6":"product_cat-akumulatorove-naradie","7":"product_cat-bosch","8":"ts_product_brand-bosh","10":"first","11":"instock","12":"taxable","13":"shipping-taxable","14":"purchasable","15":"product-type-simple"},"yoast_head":"<!-- This site is optimized with the Yoast SEO plugin v27.3 - https:\/\/yoast.com\/product\/yoast-seo-wordpress\/ -->\n<title>Bosch Akumul\u00e1torov\u00e9 v\u0155tacie kladivo GBH 18 V-LI Professional Bosch - MIR-MAR<\/title>\n<meta name=\"robots\" content=\"index, follow, max-snippet:-1, max-image-preview:large, max-video-preview:-1\" \/>\n<link rel=\"canonical\" href=\"http:\/\/dafinoo.eu\/mirmar\/obchod\/bosch-akumulatorove-vrtacie-kladivo-gbh-18-v-li-professional-bosch\/\" \/>\n<meta property=\"og:locale\" content=\"sk_SK\" \/>\n<meta property=\"og:type\" content=\"article\" \/>\n<meta property=\"og:title\" content=\"Bosch Akumul\u00e1torov\u00e9 v\u0155tacie kladivo GBH 18 V-LI Professional Bosch - MIR-MAR\" \/>\n<meta property=\"og:description\" content=\"Energia pr\u00edklepu, max. 1,7 J Frekvencia pr\u00edklepu pri menovit\u00fdch ot\u00e1\u010dkach 0 \u2013 4.550 min-1 Nap\u00e4tie akumul\u00e1tora 18 V Hmotnos\u0165 s akumul\u00e1torom 2,6 kg Up\u00ednanie n\u00e1strojov SDS-plus Rozsah v\u0155tania \u00d8 vrtu do bet\u00f3nu s pr\u00edklepov\u00fdmi vrt\u00e1kmi 4 \u2013 18 mm Optim\u00e1lny rozsah vyu\u017eitia do bet\u00f3nu s pr\u00edklepov\u00fdmi vrt\u00e1kmi 4 \u2013 10 mm Max. \u00d8 vrtu do ocele 13 mm Max. \u00d8 vrtu do dreva 20 mm Funkcie Pravo-\/\u013eavobe\u017en\u00fd chod Elektronika Bezpe\u010dnostn\u00e1 spojka Inform\u00e1cia o hlu\u010dnosti a vibr\u00e1ci\u00e1ch Hodnoty merania zisten\u00e9 pod\u013ea EN 60745 Celkov\u00e9 hodnoty vibr\u00e1ci\u00ed (s\u00fa\u010det vektorov v troch smeroch) V\u0155tanie s pr\u00edklepom do bet\u00f3nu Hodnota emisie vibr\u00e1ci\u00ed ah 16.0 m\/s\u00b2 Nepresnos\u0165 K 1.5 m\/s\u00b2 V\u0155tanie do kovov Hodnota emisie vibr\u00e1ci\u00ed ah 2.5 m\/s\u00b2 Nepresnos\u0165 K 1.5 m\/s\u00b2 Skrutkovanie Hodnota emisie vibr\u00e1ci\u00ed ah 2.5 m\/s\u00b2 Nepresnos\u0165 K 1.5 m\/s\u00b2 \u00darove\u0148 hluku elektrick\u00e9ho n\u00e1radia s hodnoten\u00edm A je typicky: hladina akustick\u00e9ho tlaku 91 dB(A); hladina akustick\u00e9ho v\u00fdkonu 102 dB(A). Neistota K= 1,5 dB.\" \/>\n<meta property=\"og:url\" content=\"http:\/\/dafinoo.eu\/mirmar\/obchod\/bosch-akumulatorove-vrtacie-kladivo-gbh-18-v-li-professional-bosch\/\" \/>\n<meta property=\"og:site_name\" content=\"MIR-MAR\" \/>\n<meta property=\"article:publisher\" content=\"https:\/\/facebook.com\/mirmareshop\" \/>\n<meta property=\"article:modified_time\" content=\"2021-04-19T17:41:03+00:00\" \/>\n<meta property=\"og:image\" content=\"https:\/\/i0.wp.com\/www.mirmar.sk\/wp-content\/uploads\/2021\/03\/22_3.jpg?fit=661%2C348&ssl=1\" \/>\n\t<meta property=\"og:image:width\" content=\"661\" \/>\n\t<meta property=\"og:image:height\" content=\"348\" \/>\n\t<meta property=\"og:image:type\" content=\"image\/jpeg\" \/>\n<meta name=\"twitter:label1\" content=\"Predpokladan\u00fd \u010das \u010d\u00edtania\" \/>\n\t<meta name=\"twitter:data1\" content=\"1 min\u00fata\" \/>\n<script type=\"application\/ld+json\" class=\"yoast-schema-graph\">{\"@context\":\"https:\\\/\\\/schema.org\",\"@graph\":[{\"@type\":\"WebPage\",\"@id\":\"http:\\\/\\\/dafinoo.eu\\\/mirmar\\\/obchod\\\/bosch-akumulatorove-vrtacie-kladivo-gbh-18-v-li-professional-bosch\\\/\",\"url\":\"http:\\\/\\\/dafinoo.eu\\\/mirmar\\\/obchod\\\/bosch-akumulatorove-vrtacie-kladivo-gbh-18-v-li-professional-bosch\\\/\",\"name\":\"Bosch Akumul\u00e1torov\u00e9 v\u0155tacie kladivo GBH 18 V-LI Professional Bosch - MIR-MAR\",\"isPartOf\":{\"@id\":\"http:\\\/\\\/dafinoo.eu\\\/mirmar\\\/#website\"},\"primaryImageOfPage\":{\"@id\":\"http:\\\/\\\/dafinoo.eu\\\/mirmar\\\/obchod\\\/bosch-akumulatorove-vrtacie-kladivo-gbh-18-v-li-professional-bosch\\\/#primaryimage\"},\"image\":{\"@id\":\"http:\\\/\\\/dafinoo.eu\\\/mirmar\\\/obchod\\\/bosch-akumulatorove-vrtacie-kladivo-gbh-18-v-li-professional-bosch\\\/#primaryimage\"},\"thumbnailUrl\":\"http:\\\/\\\/dafinoo.eu\\\/mirmar\\\/wp-content\\\/uploads\\\/2021\\\/03\\\/22_3.jpg\",\"datePublished\":\"2021-03-15T16:22:27+00:00\",\"dateModified\":\"2021-04-19T17:41:03+00:00\",\"breadcrumb\":{\"@id\":\"http:\\\/\\\/dafinoo.eu\\\/mirmar\\\/obchod\\\/bosch-akumulatorove-vrtacie-kladivo-gbh-18-v-li-professional-bosch\\\/#breadcrumb\"},\"inLanguage\":\"sk-SK\",\"potentialAction\":[{\"@type\":\"ReadAction\",\"target\":[\"http:\\\/\\\/dafinoo.eu\\\/mirmar\\\/obchod\\\/bosch-akumulatorove-vrtacie-kladivo-gbh-18-v-li-professional-bosch\\\/\"]}]},{\"@type\":\"ImageObject\",\"inLanguage\":\"sk-SK\",\"@id\":\"http:\\\/\\\/dafinoo.eu\\\/mirmar\\\/obchod\\\/bosch-akumulatorove-vrtacie-kladivo-gbh-18-v-li-professional-bosch\\\/#primaryimage\",\"url\":\"http:\\\/\\\/dafinoo.eu\\\/mirmar\\\/wp-content\\\/uploads\\\/2021\\\/03\\\/22_3.jpg\",\"contentUrl\":\"http:\\\/\\\/dafinoo.eu\\\/mirmar\\\/wp-content\\\/uploads\\\/2021\\\/03\\\/22_3.jpg\",\"width\":661,\"height\":348},{\"@type\":\"BreadcrumbList\",\"@id\":\"http:\\\/\\\/dafinoo.eu\\\/mirmar\\\/obchod\\\/bosch-akumulatorove-vrtacie-kladivo-gbh-18-v-li-professional-bosch\\\/#breadcrumb\",\"itemListElement\":[{\"@type\":\"ListItem\",\"position\":1,\"name\":\"Domovsk\u00e1 str\u00e1nka\",\"item\":\"http:\\\/\\\/dafinoo.eu\\\/mirmar\\\/\"},{\"@type\":\"ListItem\",\"position\":2,\"name\":\"Obchod\",\"item\":\"http:\\\/\\\/dafinoo.eu\\\/mirmar\\\/obchod\\\/\"},{\"@type\":\"ListItem\",\"position\":3,\"name\":\"Bosch Akumul\u00e1torov\u00e9 v\u0155tacie kladivo GBH 18 V-LI Professional Bosch\"}]},{\"@type\":\"WebSite\",\"@id\":\"http:\\\/\\\/dafinoo.eu\\\/mirmar\\\/#website\",\"url\":\"http:\\\/\\\/dafinoo.eu\\\/mirmar\\\/\",\"name\":\"MIR-MAR\",\"description\":\"Eshop s n\u00e1rad\u00edm\",\"publisher\":{\"@id\":\"http:\\\/\\\/dafinoo.eu\\\/mirmar\\\/#organization\"},\"potentialAction\":[{\"@type\":\"SearchAction\",\"target\":{\"@type\":\"EntryPoint\",\"urlTemplate\":\"http:\\\/\\\/dafinoo.eu\\\/mirmar\\\/?s={search_term_string}\"},\"query-input\":{\"@type\":\"PropertyValueSpecification\",\"valueRequired\":true,\"valueName\":\"search_term_string\"}}],\"inLanguage\":\"sk-SK\"},{\"@type\":\"Organization\",\"@id\":\"http:\\\/\\\/dafinoo.eu\\\/mirmar\\\/#organization\",\"name\":\"MIR-MAR\",\"url\":\"http:\\\/\\\/dafinoo.eu\\\/mirmar\\\/\",\"logo\":{\"@type\":\"ImageObject\",\"inLanguage\":\"sk-SK\",\"@id\":\"http:\\\/\\\/dafinoo.eu\\\/mirmar\\\/#\\\/schema\\\/logo\\\/image\\\/\",\"url\":\"http:\\\/\\\/dafinoo.eu\\\/mirmar\\\/wp-content\\\/uploads\\\/2021\\\/03\\\/mirmar_logo.png\",\"contentUrl\":\"http:\\\/\\\/dafinoo.eu\\\/mirmar\\\/wp-content\\\/uploads\\\/2021\\\/03\\\/mirmar_logo.png\",\"width\":256,\"height\":60,\"caption\":\"MIR-MAR\"},\"image\":{\"@id\":\"http:\\\/\\\/dafinoo.eu\\\/mirmar\\\/#\\\/schema\\\/logo\\\/image\\\/\"},\"sameAs\":[\"https:\\\/\\\/facebook.com\\\/mirmareshop\"]}]}<\/script>\n<!-- \/ Yoast SEO plugin. -->","yoast_head_json":{"title":"Bosch Akumul\u00e1torov\u00e9 v\u0155tacie kladivo GBH 18 V-LI Professional Bosch - MIR-MAR","robots":{"index":"index","follow":"follow","max-snippet":"max-snippet:-1","max-image-preview":"max-image-preview:large","max-video-preview":"max-video-preview:-1"},"canonical":"http:\/\/dafinoo.eu\/mirmar\/obchod\/bosch-akumulatorove-vrtacie-kladivo-gbh-18-v-li-professional-bosch\/","og_locale":"sk_SK","og_type":"article","og_title":"Bosch Akumul\u00e1torov\u00e9 v\u0155tacie kladivo GBH 18 V-LI Professional Bosch - MIR-MAR","og_description":"Energia pr\u00edklepu, max. 1,7 J Frekvencia pr\u00edklepu pri menovit\u00fdch ot\u00e1\u010dkach 0 \u2013 4.550 min-1 Nap\u00e4tie akumul\u00e1tora 18 V Hmotnos\u0165 s akumul\u00e1torom 2,6 kg Up\u00ednanie n\u00e1strojov SDS-plus Rozsah v\u0155tania \u00d8 vrtu do bet\u00f3nu s pr\u00edklepov\u00fdmi vrt\u00e1kmi 4 \u2013 18 mm Optim\u00e1lny rozsah vyu\u017eitia do bet\u00f3nu s pr\u00edklepov\u00fdmi vrt\u00e1kmi 4 \u2013 10 mm Max. \u00d8 vrtu do ocele 13 mm Max. \u00d8 vrtu do dreva 20 mm Funkcie Pravo-\/\u013eavobe\u017en\u00fd chod Elektronika Bezpe\u010dnostn\u00e1 spojka Inform\u00e1cia o hlu\u010dnosti a vibr\u00e1ci\u00e1ch Hodnoty merania zisten\u00e9 pod\u013ea EN 60745 Celkov\u00e9 hodnoty vibr\u00e1ci\u00ed (s\u00fa\u010det vektorov v troch smeroch) V\u0155tanie s pr\u00edklepom do bet\u00f3nu Hodnota emisie vibr\u00e1ci\u00ed ah 16.0 m\/s\u00b2 Nepresnos\u0165 K 1.5 m\/s\u00b2 V\u0155tanie do kovov Hodnota emisie vibr\u00e1ci\u00ed ah 2.5 m\/s\u00b2 Nepresnos\u0165 K 1.5 m\/s\u00b2 Skrutkovanie Hodnota emisie vibr\u00e1ci\u00ed ah 2.5 m\/s\u00b2 Nepresnos\u0165 K 1.5 m\/s\u00b2 \u00darove\u0148 hluku elektrick\u00e9ho n\u00e1radia s hodnoten\u00edm A je typicky: hladina akustick\u00e9ho tlaku 91 dB(A); hladina akustick\u00e9ho v\u00fdkonu 102 dB(A). Neistota K= 1,5 dB.","og_url":"http:\/\/dafinoo.eu\/mirmar\/obchod\/bosch-akumulatorove-vrtacie-kladivo-gbh-18-v-li-professional-bosch\/","og_site_name":"MIR-MAR","article_publisher":"https:\/\/facebook.com\/mirmareshop","article_modified_time":"2021-04-19T17:41:03+00:00","og_image":[{"width":661,"height":348,"url":"https:\/\/i0.wp.com\/www.mirmar.sk\/wp-content\/uploads\/2021\/03\/22_3.jpg?fit=661%2C348&ssl=1","type":"image\/jpeg"}],"twitter_misc":{"Predpokladan\u00fd \u010das \u010d\u00edtania":"1 min\u00fata"},"schema":{"@context":"https:\/\/schema.org","@graph":[{"@type":"WebPage","@id":"http:\/\/dafinoo.eu\/mirmar\/obchod\/bosch-akumulatorove-vrtacie-kladivo-gbh-18-v-li-professional-bosch\/","url":"http:\/\/dafinoo.eu\/mirmar\/obchod\/bosch-akumulatorove-vrtacie-kladivo-gbh-18-v-li-professional-bosch\/","name":"Bosch Akumul\u00e1torov\u00e9 v\u0155tacie kladivo GBH 18 V-LI Professional Bosch - MIR-MAR","isPartOf":{"@id":"http:\/\/dafinoo.eu\/mirmar\/#website"},"primaryImageOfPage":{"@id":"http:\/\/dafinoo.eu\/mirmar\/obchod\/bosch-akumulatorove-vrtacie-kladivo-gbh-18-v-li-professional-bosch\/#primaryimage"},"image":{"@id":"http:\/\/dafinoo.eu\/mirmar\/obchod\/bosch-akumulatorove-vrtacie-kladivo-gbh-18-v-li-professional-bosch\/#primaryimage"},"thumbnailUrl":"http:\/\/dafinoo.eu\/mirmar\/wp-content\/uploads\/2021\/03\/22_3.jpg","datePublished":"2021-03-15T16:22:27+00:00","dateModified":"2021-04-19T17:41:03+00:00","breadcrumb":{"@id":"http:\/\/dafinoo.eu\/mirmar\/obchod\/bosch-akumulatorove-vrtacie-kladivo-gbh-18-v-li-professional-bosch\/#breadcrumb"},"inLanguage":"sk-SK","potentialAction":[{"@type":"ReadAction","target":["http:\/\/dafinoo.eu\/mirmar\/obchod\/bosch-akumulatorove-vrtacie-kladivo-gbh-18-v-li-professional-bosch\/"]}]},{"@type":"ImageObject","inLanguage":"sk-SK","@id":"http:\/\/dafinoo.eu\/mirmar\/obchod\/bosch-akumulatorove-vrtacie-kladivo-gbh-18-v-li-professional-bosch\/#primaryimage","url":"http:\/\/dafinoo.eu\/mirmar\/wp-content\/uploads\/2021\/03\/22_3.jpg","contentUrl":"http:\/\/dafinoo.eu\/mirmar\/wp-content\/uploads\/2021\/03\/22_3.jpg","width":661,"height":348},{"@type":"BreadcrumbList","@id":"http:\/\/dafinoo.eu\/mirmar\/obchod\/bosch-akumulatorove-vrtacie-kladivo-gbh-18-v-li-professional-bosch\/#breadcrumb","itemListElement":[{"@type":"ListItem","position":1,"name":"Domovsk\u00e1 str\u00e1nka","item":"http:\/\/dafinoo.eu\/mirmar\/"},{"@type":"ListItem","position":2,"name":"Obchod","item":"http:\/\/dafinoo.eu\/mirmar\/obchod\/"},{"@type":"ListItem","position":3,"name":"Bosch Akumul\u00e1torov\u00e9 v\u0155tacie kladivo GBH 18 V-LI Professional Bosch"}]},{"@type":"WebSite","@id":"http:\/\/dafinoo.eu\/mirmar\/#website","url":"http:\/\/dafinoo.eu\/mirmar\/","name":"MIR-MAR","description":"Eshop s n\u00e1rad\u00edm","publisher":{"@id":"http:\/\/dafinoo.eu\/mirmar\/#organization"},"potentialAction":[{"@type":"SearchAction","target":{"@type":"EntryPoint","urlTemplate":"http:\/\/dafinoo.eu\/mirmar\/?s={search_term_string}"},"query-input":{"@type":"PropertyValueSpecification","valueRequired":true,"valueName":"search_term_string"}}],"inLanguage":"sk-SK"},{"@type":"Organization","@id":"http:\/\/dafinoo.eu\/mirmar\/#organization","name":"MIR-MAR","url":"http:\/\/dafinoo.eu\/mirmar\/","logo":{"@type":"ImageObject","inLanguage":"sk-SK","@id":"http:\/\/dafinoo.eu\/mirmar\/#\/schema\/logo\/image\/","url":"http:\/\/dafinoo.eu\/mirmar\/wp-content\/uploads\/2021\/03\/mirmar_logo.png","contentUrl":"http:\/\/dafinoo.eu\/mirmar\/wp-content\/uploads\/2021\/03\/mirmar_logo.png","width":256,"height":60,"caption":"MIR-MAR"},"image":{"@id":"http:\/\/dafinoo.eu\/mirmar\/#\/schema\/logo\/image\/"},"sameAs":["https:\/\/facebook.com\/mirmareshop"]}]}},"_links":{"self":[{"href":"http:\/\/dafinoo.eu\/mirmar\/wp-json\/wp\/v2\/product\/36155","targetHints":{"allow":["GET"]}}],"collection":[{"href":"http:\/\/dafinoo.eu\/mirmar\/wp-json\/wp\/v2\/product"}],"about":[{"href":"http:\/\/dafinoo.eu\/mirmar\/wp-json\/wp\/v2\/types\/product"}],"replies":[{"embeddable":true,"href":"http:\/\/dafinoo.eu\/mirmar\/wp-json\/wp\/v2\/comments?post=36155"}],"wp:featuredmedia":[{"embeddable":true,"href":"http:\/\/dafinoo.eu\/mirmar\/wp-json\/wp\/v2\/media\/36156"}],"wp:attachment":[{"href":"http:\/\/dafinoo.eu\/mirmar\/wp-json\/wp\/v2\/media?parent=36155"}],"wp:term":[{"taxonomy":"product_cat","embeddable":true,"href":"http:\/\/dafinoo.eu\/mirmar\/wp-json\/wp\/v2\/product_cat?post=36155"},{"taxonomy":"product_tag","embeddable":true,"href":"http:\/\/dafinoo.eu\/mirmar\/wp-json\/wp\/v2\/product_tag?post=36155"}],"curies":[{"name":"wp","href":"https:\/\/api.w.org\/{rel}","templated":true}]}}