{"id":36185,"date":"2021-03-15T17:22:38","date_gmt":"2021-03-15T16:22:38","guid":{"rendered":"http:\/\/dafinoo.eu\/mirmar\/product\/bosch-akumulatorovy-razovy-utahovac-gds-18-v-professional-bosch\/"},"modified":"2021-04-19T19:41:08","modified_gmt":"2021-04-19T17:41:08","slug":"bosch-akumulatorovy-razovy-utahovac-gds-18-v-professional-bosch","status":"publish","type":"product","link":"http:\/\/dafinoo.eu\/mirmar\/obchod\/bosch-akumulatorovy-razovy-utahovac-gds-18-v-professional-bosch\/","title":{"rendered":"Bosch Akumul\u00e1torov\u00fd r\u00e1zov\u00fd u\u0165ahova\u010d  GDS 18 V Professional Bosch"},"content":{"rendered":"<p>Mal\u00fd sil\u00e1k pre \u0165a\u017ek\u00e9 \u00falohy<br \/>\nMohutn\u00fd v\u00fdkon: vysok\u00fd kr\u00fatiaci moment a ve\u013ek\u00e1 intenzita pr\u00edklepu s\u00fa z\u00e1rukou optim\u00e1lneho v\u00fdkonu pri skrutkovan\u00ed do kovov a dreva<br \/>\nVysok\u00e1 efekt\u00edvnos\u0165: nov\u00e1 technol\u00f3gia akumul\u00e1torov predl\u017euje \u017eivotnos\u0165 akumul\u00e1tora o 50 %, 1\/2-hodinov\u00e1 nab\u00edja\u010dka umo\u017e\u0148uje r\u00fdchle nab\u00edjanie<br \/>\nVysok\u00fd komfort: kompaktn\u00fd a ergonomick\u00fd tvar pre neunavuj\u00facu pr\u00e1cu<br \/>\nKovov\u00fd kryt prevodovky pre najvy\u0161\u0161iu presnos\u0165 a dlh\u00fa \u017eivotnos\u0165<br \/>\nBezpe\u010dn\u00e1 pr\u00e1ca bez sp\u00e4tn\u00e9ho r\u00e1zu<br \/>\nTrojpolohov\u00e9 osvetlenie je z\u00e1rukou optim\u00e1lneho v\u00fdh\u013eadu aj na tmav\u00fdch miestach<\/p>\n","protected":false},"excerpt":{"rendered":"<p>Kapacita akumul\u00e1tora\t2,6 Ah<br \/>\nVo\u013enobe\u017en\u00e9 ot\u00e1\u010dky\t0 \u2013 2.800 min-1<br \/>\n\u010cas nab\u00edjania\t30 min<br \/>\nHmotnos\u0165 s akumul\u00e1torom\t2,2 kg<br \/>\nKr\u00fatiaci moment, max. (tuh\u00fd skrutkov\u00fd spoj)\t220 Nm<br \/>\nFrekvencia r\u00e1zu\t3.200 min-1<br \/>\nNap\u00e4tie akumul\u00e1tora\t18 V<br \/>\nUp\u00ednanie n\u00e1strojov\t1\/2&#8243; vonkaj\u0161\u00ed \u0161tvorhran<br \/>\nPriemer skrutiek<br \/>\nSkrutky, \u00d8\tM 6 \u2013 M 20<br \/>\nFunkcie<br \/>\nPravo-\/\u013eavobe\u017en\u00fd chod<br \/>\nElektronika<br \/>\nM\u00e4kk\u00e1 tlmiaca vlo\u017eka rukov\u00e4te<br \/>\nInform\u00e1cia o hlu\u010dnosti a vibr\u00e1ci\u00e1ch<br \/>\nHodnoty merania zisten\u00e9 pod\u013ea EN 60745<br \/>\nCelkov\u00e9 hodnoty vibr\u00e1ci\u00ed (s\u00fa\u010det vektorov v troch smeroch)<br \/>\nU\u0165ahovanie skrutiek a mat\u00edc maxim\u00e1lne pr\u00edpustnej ve\u013ekosti<br \/>\nHodnota emisie vibr\u00e1ci\u00ed ah\t11.4 m\/s\u00b2<br \/>\nNepresnos\u0165 K\t1.5 m\/s\u00b2<\/p>\n","protected":false},"featured_media":36186,"comment_status":"closed","ping_status":"open","template":"","meta":{"_lmt_disableupdate":"","_lmt_disable":""},"product_cat":[3107,3106,3111],"product_tag":[],"class_list":{"0":"post-36185","1":"product","2":"type-product","3":"status-publish","4":"has-post-thumbnail","6":"product_cat-akumulatorove-naradie","7":"product_cat-bosch","8":"product_cat-razove-utahovace","9":"ts_product_brand-bosh","11":"first","12":"instock","13":"taxable","14":"shipping-taxable","15":"purchasable","16":"product-type-simple"},"yoast_head":"<!-- This site is optimized with the Yoast SEO plugin v27.3 - https:\/\/yoast.com\/product\/yoast-seo-wordpress\/ -->\n<title>Bosch Akumul\u00e1torov\u00fd r\u00e1zov\u00fd u\u0165ahova\u010d GDS 18 V Professional Bosch - MIR-MAR<\/title>\n<meta name=\"robots\" content=\"index, follow, max-snippet:-1, max-image-preview:large, max-video-preview:-1\" \/>\n<link rel=\"canonical\" href=\"http:\/\/dafinoo.eu\/mirmar\/obchod\/bosch-akumulatorovy-razovy-utahovac-gds-18-v-professional-bosch\/\" \/>\n<meta property=\"og:locale\" content=\"sk_SK\" \/>\n<meta property=\"og:type\" content=\"article\" \/>\n<meta property=\"og:title\" content=\"Bosch Akumul\u00e1torov\u00fd r\u00e1zov\u00fd u\u0165ahova\u010d GDS 18 V Professional Bosch - MIR-MAR\" \/>\n<meta property=\"og:description\" content=\"Kapacita akumul\u00e1tora 2,6 Ah Vo\u013enobe\u017en\u00e9 ot\u00e1\u010dky 0 \u2013 2.800 min-1 \u010cas nab\u00edjania 30 min Hmotnos\u0165 s akumul\u00e1torom 2,2 kg Kr\u00fatiaci moment, max. (tuh\u00fd skrutkov\u00fd spoj) 220 Nm Frekvencia r\u00e1zu 3.200 min-1 Nap\u00e4tie akumul\u00e1tora 18 V Up\u00ednanie n\u00e1strojov 1\/2&quot; vonkaj\u0161\u00ed \u0161tvorhran Priemer skrutiek Skrutky, \u00d8 M 6 \u2013 M 20 Funkcie Pravo-\/\u013eavobe\u017en\u00fd chod Elektronika M\u00e4kk\u00e1 tlmiaca vlo\u017eka rukov\u00e4te Inform\u00e1cia o hlu\u010dnosti a vibr\u00e1ci\u00e1ch Hodnoty merania zisten\u00e9 pod\u013ea EN 60745 Celkov\u00e9 hodnoty vibr\u00e1ci\u00ed (s\u00fa\u010det vektorov v troch smeroch) U\u0165ahovanie skrutiek a mat\u00edc maxim\u00e1lne pr\u00edpustnej ve\u013ekosti Hodnota emisie vibr\u00e1ci\u00ed ah 11.4 m\/s\u00b2 Nepresnos\u0165 K 1.5 m\/s\u00b2\" \/>\n<meta property=\"og:url\" content=\"http:\/\/dafinoo.eu\/mirmar\/obchod\/bosch-akumulatorovy-razovy-utahovac-gds-18-v-professional-bosch\/\" \/>\n<meta property=\"og:site_name\" content=\"MIR-MAR\" \/>\n<meta property=\"article:publisher\" content=\"https:\/\/facebook.com\/mirmareshop\" \/>\n<meta property=\"article:modified_time\" content=\"2021-04-19T17:41:08+00:00\" \/>\n<meta property=\"og:image\" content=\"https:\/\/i0.wp.com\/www.mirmar.sk\/wp-content\/uploads\/2021\/03\/37_1.jpg?fit=661%2C348&ssl=1\" \/>\n\t<meta property=\"og:image:width\" content=\"661\" \/>\n\t<meta property=\"og:image:height\" content=\"348\" \/>\n\t<meta property=\"og:image:type\" content=\"image\/jpeg\" \/>\n<meta name=\"twitter:label1\" content=\"Predpokladan\u00fd \u010das \u010d\u00edtania\" \/>\n\t<meta name=\"twitter:data1\" content=\"1 min\u00fata\" \/>\n<script type=\"application\/ld+json\" class=\"yoast-schema-graph\">{\"@context\":\"https:\\\/\\\/schema.org\",\"@graph\":[{\"@type\":\"WebPage\",\"@id\":\"http:\\\/\\\/dafinoo.eu\\\/mirmar\\\/obchod\\\/bosch-akumulatorovy-razovy-utahovac-gds-18-v-professional-bosch\\\/\",\"url\":\"http:\\\/\\\/dafinoo.eu\\\/mirmar\\\/obchod\\\/bosch-akumulatorovy-razovy-utahovac-gds-18-v-professional-bosch\\\/\",\"name\":\"Bosch Akumul\u00e1torov\u00fd r\u00e1zov\u00fd u\u0165ahova\u010d GDS 18 V Professional Bosch - MIR-MAR\",\"isPartOf\":{\"@id\":\"http:\\\/\\\/dafinoo.eu\\\/mirmar\\\/#website\"},\"primaryImageOfPage\":{\"@id\":\"http:\\\/\\\/dafinoo.eu\\\/mirmar\\\/obchod\\\/bosch-akumulatorovy-razovy-utahovac-gds-18-v-professional-bosch\\\/#primaryimage\"},\"image\":{\"@id\":\"http:\\\/\\\/dafinoo.eu\\\/mirmar\\\/obchod\\\/bosch-akumulatorovy-razovy-utahovac-gds-18-v-professional-bosch\\\/#primaryimage\"},\"thumbnailUrl\":\"http:\\\/\\\/dafinoo.eu\\\/mirmar\\\/wp-content\\\/uploads\\\/2021\\\/03\\\/37_1.jpg\",\"datePublished\":\"2021-03-15T16:22:38+00:00\",\"dateModified\":\"2021-04-19T17:41:08+00:00\",\"breadcrumb\":{\"@id\":\"http:\\\/\\\/dafinoo.eu\\\/mirmar\\\/obchod\\\/bosch-akumulatorovy-razovy-utahovac-gds-18-v-professional-bosch\\\/#breadcrumb\"},\"inLanguage\":\"sk-SK\",\"potentialAction\":[{\"@type\":\"ReadAction\",\"target\":[\"http:\\\/\\\/dafinoo.eu\\\/mirmar\\\/obchod\\\/bosch-akumulatorovy-razovy-utahovac-gds-18-v-professional-bosch\\\/\"]}]},{\"@type\":\"ImageObject\",\"inLanguage\":\"sk-SK\",\"@id\":\"http:\\\/\\\/dafinoo.eu\\\/mirmar\\\/obchod\\\/bosch-akumulatorovy-razovy-utahovac-gds-18-v-professional-bosch\\\/#primaryimage\",\"url\":\"http:\\\/\\\/dafinoo.eu\\\/mirmar\\\/wp-content\\\/uploads\\\/2021\\\/03\\\/37_1.jpg\",\"contentUrl\":\"http:\\\/\\\/dafinoo.eu\\\/mirmar\\\/wp-content\\\/uploads\\\/2021\\\/03\\\/37_1.jpg\",\"width\":661,\"height\":348},{\"@type\":\"BreadcrumbList\",\"@id\":\"http:\\\/\\\/dafinoo.eu\\\/mirmar\\\/obchod\\\/bosch-akumulatorovy-razovy-utahovac-gds-18-v-professional-bosch\\\/#breadcrumb\",\"itemListElement\":[{\"@type\":\"ListItem\",\"position\":1,\"name\":\"Domovsk\u00e1 str\u00e1nka\",\"item\":\"http:\\\/\\\/dafinoo.eu\\\/mirmar\\\/\"},{\"@type\":\"ListItem\",\"position\":2,\"name\":\"Obchod\",\"item\":\"http:\\\/\\\/dafinoo.eu\\\/mirmar\\\/obchod\\\/\"},{\"@type\":\"ListItem\",\"position\":3,\"name\":\"Bosch Akumul\u00e1torov\u00fd r\u00e1zov\u00fd u\u0165ahova\u010d GDS 18 V Professional Bosch\"}]},{\"@type\":\"WebSite\",\"@id\":\"http:\\\/\\\/dafinoo.eu\\\/mirmar\\\/#website\",\"url\":\"http:\\\/\\\/dafinoo.eu\\\/mirmar\\\/\",\"name\":\"MIR-MAR\",\"description\":\"Eshop s n\u00e1rad\u00edm\",\"publisher\":{\"@id\":\"http:\\\/\\\/dafinoo.eu\\\/mirmar\\\/#organization\"},\"potentialAction\":[{\"@type\":\"SearchAction\",\"target\":{\"@type\":\"EntryPoint\",\"urlTemplate\":\"http:\\\/\\\/dafinoo.eu\\\/mirmar\\\/?s={search_term_string}\"},\"query-input\":{\"@type\":\"PropertyValueSpecification\",\"valueRequired\":true,\"valueName\":\"search_term_string\"}}],\"inLanguage\":\"sk-SK\"},{\"@type\":\"Organization\",\"@id\":\"http:\\\/\\\/dafinoo.eu\\\/mirmar\\\/#organization\",\"name\":\"MIR-MAR\",\"url\":\"http:\\\/\\\/dafinoo.eu\\\/mirmar\\\/\",\"logo\":{\"@type\":\"ImageObject\",\"inLanguage\":\"sk-SK\",\"@id\":\"http:\\\/\\\/dafinoo.eu\\\/mirmar\\\/#\\\/schema\\\/logo\\\/image\\\/\",\"url\":\"http:\\\/\\\/dafinoo.eu\\\/mirmar\\\/wp-content\\\/uploads\\\/2021\\\/03\\\/mirmar_logo.png\",\"contentUrl\":\"http:\\\/\\\/dafinoo.eu\\\/mirmar\\\/wp-content\\\/uploads\\\/2021\\\/03\\\/mirmar_logo.png\",\"width\":256,\"height\":60,\"caption\":\"MIR-MAR\"},\"image\":{\"@id\":\"http:\\\/\\\/dafinoo.eu\\\/mirmar\\\/#\\\/schema\\\/logo\\\/image\\\/\"},\"sameAs\":[\"https:\\\/\\\/facebook.com\\\/mirmareshop\"]}]}<\/script>\n<!-- \/ Yoast SEO plugin. -->","yoast_head_json":{"title":"Bosch Akumul\u00e1torov\u00fd r\u00e1zov\u00fd u\u0165ahova\u010d GDS 18 V Professional Bosch - MIR-MAR","robots":{"index":"index","follow":"follow","max-snippet":"max-snippet:-1","max-image-preview":"max-image-preview:large","max-video-preview":"max-video-preview:-1"},"canonical":"http:\/\/dafinoo.eu\/mirmar\/obchod\/bosch-akumulatorovy-razovy-utahovac-gds-18-v-professional-bosch\/","og_locale":"sk_SK","og_type":"article","og_title":"Bosch Akumul\u00e1torov\u00fd r\u00e1zov\u00fd u\u0165ahova\u010d GDS 18 V Professional Bosch - MIR-MAR","og_description":"Kapacita akumul\u00e1tora 2,6 Ah Vo\u013enobe\u017en\u00e9 ot\u00e1\u010dky 0 \u2013 2.800 min-1 \u010cas nab\u00edjania 30 min Hmotnos\u0165 s akumul\u00e1torom 2,2 kg Kr\u00fatiaci moment, max. (tuh\u00fd skrutkov\u00fd spoj) 220 Nm Frekvencia r\u00e1zu 3.200 min-1 Nap\u00e4tie akumul\u00e1tora 18 V Up\u00ednanie n\u00e1strojov 1\/2\" vonkaj\u0161\u00ed \u0161tvorhran Priemer skrutiek Skrutky, \u00d8 M 6 \u2013 M 20 Funkcie Pravo-\/\u013eavobe\u017en\u00fd chod Elektronika M\u00e4kk\u00e1 tlmiaca vlo\u017eka rukov\u00e4te Inform\u00e1cia o hlu\u010dnosti a vibr\u00e1ci\u00e1ch Hodnoty merania zisten\u00e9 pod\u013ea EN 60745 Celkov\u00e9 hodnoty vibr\u00e1ci\u00ed (s\u00fa\u010det vektorov v troch smeroch) U\u0165ahovanie skrutiek a mat\u00edc maxim\u00e1lne pr\u00edpustnej ve\u013ekosti Hodnota emisie vibr\u00e1ci\u00ed ah 11.4 m\/s\u00b2 Nepresnos\u0165 K 1.5 m\/s\u00b2","og_url":"http:\/\/dafinoo.eu\/mirmar\/obchod\/bosch-akumulatorovy-razovy-utahovac-gds-18-v-professional-bosch\/","og_site_name":"MIR-MAR","article_publisher":"https:\/\/facebook.com\/mirmareshop","article_modified_time":"2021-04-19T17:41:08+00:00","og_image":[{"width":661,"height":348,"url":"https:\/\/i0.wp.com\/www.mirmar.sk\/wp-content\/uploads\/2021\/03\/37_1.jpg?fit=661%2C348&ssl=1","type":"image\/jpeg"}],"twitter_misc":{"Predpokladan\u00fd \u010das \u010d\u00edtania":"1 min\u00fata"},"schema":{"@context":"https:\/\/schema.org","@graph":[{"@type":"WebPage","@id":"http:\/\/dafinoo.eu\/mirmar\/obchod\/bosch-akumulatorovy-razovy-utahovac-gds-18-v-professional-bosch\/","url":"http:\/\/dafinoo.eu\/mirmar\/obchod\/bosch-akumulatorovy-razovy-utahovac-gds-18-v-professional-bosch\/","name":"Bosch Akumul\u00e1torov\u00fd r\u00e1zov\u00fd u\u0165ahova\u010d GDS 18 V Professional Bosch - MIR-MAR","isPartOf":{"@id":"http:\/\/dafinoo.eu\/mirmar\/#website"},"primaryImageOfPage":{"@id":"http:\/\/dafinoo.eu\/mirmar\/obchod\/bosch-akumulatorovy-razovy-utahovac-gds-18-v-professional-bosch\/#primaryimage"},"image":{"@id":"http:\/\/dafinoo.eu\/mirmar\/obchod\/bosch-akumulatorovy-razovy-utahovac-gds-18-v-professional-bosch\/#primaryimage"},"thumbnailUrl":"http:\/\/dafinoo.eu\/mirmar\/wp-content\/uploads\/2021\/03\/37_1.jpg","datePublished":"2021-03-15T16:22:38+00:00","dateModified":"2021-04-19T17:41:08+00:00","breadcrumb":{"@id":"http:\/\/dafinoo.eu\/mirmar\/obchod\/bosch-akumulatorovy-razovy-utahovac-gds-18-v-professional-bosch\/#breadcrumb"},"inLanguage":"sk-SK","potentialAction":[{"@type":"ReadAction","target":["http:\/\/dafinoo.eu\/mirmar\/obchod\/bosch-akumulatorovy-razovy-utahovac-gds-18-v-professional-bosch\/"]}]},{"@type":"ImageObject","inLanguage":"sk-SK","@id":"http:\/\/dafinoo.eu\/mirmar\/obchod\/bosch-akumulatorovy-razovy-utahovac-gds-18-v-professional-bosch\/#primaryimage","url":"http:\/\/dafinoo.eu\/mirmar\/wp-content\/uploads\/2021\/03\/37_1.jpg","contentUrl":"http:\/\/dafinoo.eu\/mirmar\/wp-content\/uploads\/2021\/03\/37_1.jpg","width":661,"height":348},{"@type":"BreadcrumbList","@id":"http:\/\/dafinoo.eu\/mirmar\/obchod\/bosch-akumulatorovy-razovy-utahovac-gds-18-v-professional-bosch\/#breadcrumb","itemListElement":[{"@type":"ListItem","position":1,"name":"Domovsk\u00e1 str\u00e1nka","item":"http:\/\/dafinoo.eu\/mirmar\/"},{"@type":"ListItem","position":2,"name":"Obchod","item":"http:\/\/dafinoo.eu\/mirmar\/obchod\/"},{"@type":"ListItem","position":3,"name":"Bosch Akumul\u00e1torov\u00fd r\u00e1zov\u00fd u\u0165ahova\u010d GDS 18 V Professional Bosch"}]},{"@type":"WebSite","@id":"http:\/\/dafinoo.eu\/mirmar\/#website","url":"http:\/\/dafinoo.eu\/mirmar\/","name":"MIR-MAR","description":"Eshop s n\u00e1rad\u00edm","publisher":{"@id":"http:\/\/dafinoo.eu\/mirmar\/#organization"},"potentialAction":[{"@type":"SearchAction","target":{"@type":"EntryPoint","urlTemplate":"http:\/\/dafinoo.eu\/mirmar\/?s={search_term_string}"},"query-input":{"@type":"PropertyValueSpecification","valueRequired":true,"valueName":"search_term_string"}}],"inLanguage":"sk-SK"},{"@type":"Organization","@id":"http:\/\/dafinoo.eu\/mirmar\/#organization","name":"MIR-MAR","url":"http:\/\/dafinoo.eu\/mirmar\/","logo":{"@type":"ImageObject","inLanguage":"sk-SK","@id":"http:\/\/dafinoo.eu\/mirmar\/#\/schema\/logo\/image\/","url":"http:\/\/dafinoo.eu\/mirmar\/wp-content\/uploads\/2021\/03\/mirmar_logo.png","contentUrl":"http:\/\/dafinoo.eu\/mirmar\/wp-content\/uploads\/2021\/03\/mirmar_logo.png","width":256,"height":60,"caption":"MIR-MAR"},"image":{"@id":"http:\/\/dafinoo.eu\/mirmar\/#\/schema\/logo\/image\/"},"sameAs":["https:\/\/facebook.com\/mirmareshop"]}]}},"_links":{"self":[{"href":"http:\/\/dafinoo.eu\/mirmar\/wp-json\/wp\/v2\/product\/36185","targetHints":{"allow":["GET"]}}],"collection":[{"href":"http:\/\/dafinoo.eu\/mirmar\/wp-json\/wp\/v2\/product"}],"about":[{"href":"http:\/\/dafinoo.eu\/mirmar\/wp-json\/wp\/v2\/types\/product"}],"replies":[{"embeddable":true,"href":"http:\/\/dafinoo.eu\/mirmar\/wp-json\/wp\/v2\/comments?post=36185"}],"wp:featuredmedia":[{"embeddable":true,"href":"http:\/\/dafinoo.eu\/mirmar\/wp-json\/wp\/v2\/media\/36186"}],"wp:attachment":[{"href":"http:\/\/dafinoo.eu\/mirmar\/wp-json\/wp\/v2\/media?parent=36185"}],"wp:term":[{"taxonomy":"product_cat","embeddable":true,"href":"http:\/\/dafinoo.eu\/mirmar\/wp-json\/wp\/v2\/product_cat?post=36185"},{"taxonomy":"product_tag","embeddable":true,"href":"http:\/\/dafinoo.eu\/mirmar\/wp-json\/wp\/v2\/product_tag?post=36185"}],"curies":[{"name":"wp","href":"https:\/\/api.w.org\/{rel}","templated":true}]}}