{"id":36197,"date":"2021-03-15T17:22:38","date_gmt":"2021-03-15T16:22:38","guid":{"rendered":"http:\/\/dafinoo.eu\/mirmar\/product\/bosch-akumulatorova-priamociara-pila-gst-18-v-li-professional\/"},"modified":"2021-04-19T19:41:04","modified_gmt":"2021-04-19T17:41:04","slug":"bosch-akumulatorova-priamociara-pila-gst-18-v-li-professional","status":"publish","type":"product","link":"http:\/\/dafinoo.eu\/mirmar\/obchod\/bosch-akumulatorova-priamociara-pila-gst-18-v-li-professional\/","title":{"rendered":"Bosch Akumul\u00e1torov\u00e1 priamo\u010diara p\u00edla  GST 18 V-LI Professional"},"content":{"rendered":"<p>Najkompaktnej\u0161ia 18 V profesion\u00e1lna akumul\u00e1torov\u00e1 priamo\u010diara p\u00edla<br \/>\nExtr\u00e9mne kompaktn\u00e1 akumul\u00e1torov\u00e1 priamo\u010diara p\u00edla v\u010faka najkrat\u0161ej kon\u0161trukcii (len 260 mm) vo svojej triede pre perfektn\u00fa manipul\u00e1ciu a man\u00e9vrovate\u013enos\u0165 pri rezan\u00ed v krivk\u00e1ch aj na \u00fazkych miestach<br \/>\nVysok\u00fd v\u00fdkon: R\u00fdchly postup pri rezan\u00ed a dlh\u00fd chod akumul\u00e1tora (napr. 22 m do 22 mm drevotrieskovej dosky), s 3,0 Ah akumul\u00e1torom<br \/>\nBezn\u00e1strojov\u00fd syst\u00e9m up\u00ednania p\u00edlov\u00fdch listov jednou rukou s vyhadzovan\u00edm p\u00edlov\u00e9ho listu a parkovacou poz\u00edciou na bezpe\u010dn\u00fa a r\u00fdchlu v\u00fdmenu p\u00edlov\u00e9ho listu<br \/>\nRobustn\u00e1 z\u00e1kladn\u00e1 doska z hlin\u00edka s plastovou p\u00e4tkou pre lep\u0161ie klzn\u00e9 vlastnosti a ochranu citliv\u00fdch povrchov<br \/>\nElektronick\u00e1 ochrana motora (Electronic Motor Protection \u2013 EMP): chr\u00e1ni motor pred pre\u0165a\u017een\u00edm a zaru\u010duje jeho dlh\u00fa \u017eivotnos\u0165<br \/>\nJedine\u010dn\u00e1 l\u00edtium-i\u00f3nov\u00e1 technol\u00f3gia Bosch Premium pre \u017eivotnos\u0165 dlh\u0161iu o 400\u2009% a neprekonate\u013en\u00fd v\u00fdkon akumul\u00e1tora na jedno nabitie<br \/>\nElektronick\u00e1 ochrana \u010dl\u00e1nkov (Bosch Electronic Cell Protection \u2013 ECP): chr\u00e1ni akumul\u00e1tor pred pre\u0165a\u017een\u00edm, prehriat\u00edm a nadmern\u00fdm vybit\u00edm<br \/>\nNajten\u0161ia rukov\u00e4\u0165 s obvodom len 128 mm pre komfortn\u00fa a neunavuj\u00facu pr\u00e1cu<br \/>\nVynikaj\u00faci v\u00fdh\u013ead na l\u00edniu rezu v\u010faka jasnej LED di\u00f3de a \u00fa\u010dinnej funkcii odfukovania pil\u00edn<br \/>\nErgonomick\u00e1 obl\u00fakov\u00e1 rukov\u00e4\u0165 s ve\u013ekou, m\u00e4kkou tlmiacou vlo\u017ekou pre pohodln\u00fa pr\u00e1cu<br \/>\n4-stup\u0148ov\u00fd v\u00fdkyv na rezy bez vyt\u0155hania materi\u00e1lu<br \/>\nPlynul\u00e1 funkcia \u201eprid\u00e1vania plynu\u201c ide\u00e1lna na presn\u00e9 nap\u00edlenie a zanoren\u00e9 rezy<\/p>\n","protected":false},"excerpt":{"rendered":"<p>Po\u010det zdvihov vo vo\u013enobehu\t2.700 min-1<br \/>\nV\u00fd\u0161ka zdvihu\t23 mm<br \/>\n\u0160ikm\u00e9 rezy\t0\u201345 \u00b0<br \/>\nHmotnos\u0165 vr\u00e1tane akumul\u00e1tora\t2,4 kg<br \/>\nNap\u00e4tie akumul\u00e1tora\t18 V<br \/>\nFunkcie<br \/>\nJednoru\u010dn\u00fd syst\u00e9m SDS<br \/>\nInform\u00e1cia o hlu\u010dnosti a vibr\u00e1ci\u00e1ch<br \/>\nHodnoty merania zisten\u00e9 pod\u013ea EN 60745<br \/>\nCelkov\u00e9 hodnoty vibr\u00e1ci\u00ed (s\u00fa\u010det vektorov v troch smeroch)<br \/>\nP\u00edlenie dreva<br \/>\nHodnota emisie vibr\u00e1ci\u00ed ah\t6.0 m\/s\u00b2<br \/>\nNepresnos\u0165 K\t1.5 m\/s\u00b2<br \/>\nP\u00edlenie plechu<br \/>\nHodnota emisie vibr\u00e1ci\u00ed ah\t8.5 m\/s\u00b2<br \/>\nNepresnos\u0165 K\t1.5 m\/s\u00b2<br \/>\n\u00darove\u0148 hluku elektrick\u00e9ho n\u00e1radia s hodnoten\u00edm A je typicky: hladina akustick\u00e9ho tlaku 81 dB(A); hladina akustick\u00e9ho v\u00fdkonu 92 dB(A). Neistota K= 3 dB.<\/p>\n","protected":false},"featured_media":36198,"comment_status":"closed","ping_status":"open","template":"","meta":{"_lmt_disableupdate":"","_lmt_disable":""},"product_cat":[3107,3106,3113],"product_tag":[],"class_list":{"0":"post-36197","1":"product","2":"type-product","3":"status-publish","4":"has-post-thumbnail","6":"product_cat-akumulatorove-naradie","7":"product_cat-bosch","8":"product_cat-priamociare-pily-akumulatorove-naradie","9":"ts_product_brand-bosh","11":"first","12":"instock","13":"taxable","14":"shipping-taxable","15":"purchasable","16":"product-type-simple"},"yoast_head":"<!-- This site is optimized with the Yoast SEO plugin v27.3 - https:\/\/yoast.com\/product\/yoast-seo-wordpress\/ -->\n<title>Bosch Akumul\u00e1torov\u00e1 priamo\u010diara p\u00edla GST 18 V-LI Professional - MIR-MAR<\/title>\n<meta name=\"robots\" content=\"index, follow, max-snippet:-1, max-image-preview:large, max-video-preview:-1\" \/>\n<link rel=\"canonical\" href=\"http:\/\/dafinoo.eu\/mirmar\/obchod\/bosch-akumulatorova-priamociara-pila-gst-18-v-li-professional\/\" \/>\n<meta property=\"og:locale\" content=\"sk_SK\" \/>\n<meta property=\"og:type\" content=\"article\" \/>\n<meta property=\"og:title\" content=\"Bosch Akumul\u00e1torov\u00e1 priamo\u010diara p\u00edla GST 18 V-LI Professional - MIR-MAR\" \/>\n<meta property=\"og:description\" content=\"Po\u010det zdvihov vo vo\u013enobehu 2.700 min-1 V\u00fd\u0161ka zdvihu 23 mm \u0160ikm\u00e9 rezy 0\u201345 \u00b0 Hmotnos\u0165 vr\u00e1tane akumul\u00e1tora 2,4 kg Nap\u00e4tie akumul\u00e1tora 18 V Funkcie Jednoru\u010dn\u00fd syst\u00e9m SDS Inform\u00e1cia o hlu\u010dnosti a vibr\u00e1ci\u00e1ch Hodnoty merania zisten\u00e9 pod\u013ea EN 60745 Celkov\u00e9 hodnoty vibr\u00e1ci\u00ed (s\u00fa\u010det vektorov v troch smeroch) P\u00edlenie dreva Hodnota emisie vibr\u00e1ci\u00ed ah 6.0 m\/s\u00b2 Nepresnos\u0165 K 1.5 m\/s\u00b2 P\u00edlenie plechu Hodnota emisie vibr\u00e1ci\u00ed ah 8.5 m\/s\u00b2 Nepresnos\u0165 K 1.5 m\/s\u00b2 \u00darove\u0148 hluku elektrick\u00e9ho n\u00e1radia s hodnoten\u00edm A je typicky: hladina akustick\u00e9ho tlaku 81 dB(A); hladina akustick\u00e9ho v\u00fdkonu 92 dB(A). Neistota K= 3 dB.\" \/>\n<meta property=\"og:url\" content=\"http:\/\/dafinoo.eu\/mirmar\/obchod\/bosch-akumulatorova-priamociara-pila-gst-18-v-li-professional\/\" \/>\n<meta property=\"og:site_name\" content=\"MIR-MAR\" \/>\n<meta property=\"article:publisher\" content=\"https:\/\/facebook.com\/mirmareshop\" \/>\n<meta property=\"article:modified_time\" content=\"2021-04-19T17:41:04+00:00\" \/>\n<meta property=\"og:image\" content=\"https:\/\/i0.wp.com\/www.mirmar.sk\/wp-content\/uploads\/2021\/03\/43_1.jpg?fit=661%2C348&ssl=1\" \/>\n\t<meta property=\"og:image:width\" content=\"661\" \/>\n\t<meta property=\"og:image:height\" content=\"348\" \/>\n\t<meta property=\"og:image:type\" content=\"image\/jpeg\" \/>\n<meta name=\"twitter:label1\" content=\"Predpokladan\u00fd \u010das \u010d\u00edtania\" \/>\n\t<meta name=\"twitter:data1\" content=\"1 min\u00fata\" \/>\n<script type=\"application\/ld+json\" class=\"yoast-schema-graph\">{\"@context\":\"https:\\\/\\\/schema.org\",\"@graph\":[{\"@type\":\"WebPage\",\"@id\":\"http:\\\/\\\/dafinoo.eu\\\/mirmar\\\/obchod\\\/bosch-akumulatorova-priamociara-pila-gst-18-v-li-professional\\\/\",\"url\":\"http:\\\/\\\/dafinoo.eu\\\/mirmar\\\/obchod\\\/bosch-akumulatorova-priamociara-pila-gst-18-v-li-professional\\\/\",\"name\":\"Bosch Akumul\u00e1torov\u00e1 priamo\u010diara p\u00edla GST 18 V-LI Professional - MIR-MAR\",\"isPartOf\":{\"@id\":\"http:\\\/\\\/dafinoo.eu\\\/mirmar\\\/#website\"},\"primaryImageOfPage\":{\"@id\":\"http:\\\/\\\/dafinoo.eu\\\/mirmar\\\/obchod\\\/bosch-akumulatorova-priamociara-pila-gst-18-v-li-professional\\\/#primaryimage\"},\"image\":{\"@id\":\"http:\\\/\\\/dafinoo.eu\\\/mirmar\\\/obchod\\\/bosch-akumulatorova-priamociara-pila-gst-18-v-li-professional\\\/#primaryimage\"},\"thumbnailUrl\":\"http:\\\/\\\/dafinoo.eu\\\/mirmar\\\/wp-content\\\/uploads\\\/2021\\\/03\\\/43_1.jpg\",\"datePublished\":\"2021-03-15T16:22:38+00:00\",\"dateModified\":\"2021-04-19T17:41:04+00:00\",\"breadcrumb\":{\"@id\":\"http:\\\/\\\/dafinoo.eu\\\/mirmar\\\/obchod\\\/bosch-akumulatorova-priamociara-pila-gst-18-v-li-professional\\\/#breadcrumb\"},\"inLanguage\":\"sk-SK\",\"potentialAction\":[{\"@type\":\"ReadAction\",\"target\":[\"http:\\\/\\\/dafinoo.eu\\\/mirmar\\\/obchod\\\/bosch-akumulatorova-priamociara-pila-gst-18-v-li-professional\\\/\"]}]},{\"@type\":\"ImageObject\",\"inLanguage\":\"sk-SK\",\"@id\":\"http:\\\/\\\/dafinoo.eu\\\/mirmar\\\/obchod\\\/bosch-akumulatorova-priamociara-pila-gst-18-v-li-professional\\\/#primaryimage\",\"url\":\"http:\\\/\\\/dafinoo.eu\\\/mirmar\\\/wp-content\\\/uploads\\\/2021\\\/03\\\/43_1.jpg\",\"contentUrl\":\"http:\\\/\\\/dafinoo.eu\\\/mirmar\\\/wp-content\\\/uploads\\\/2021\\\/03\\\/43_1.jpg\",\"width\":661,\"height\":348},{\"@type\":\"BreadcrumbList\",\"@id\":\"http:\\\/\\\/dafinoo.eu\\\/mirmar\\\/obchod\\\/bosch-akumulatorova-priamociara-pila-gst-18-v-li-professional\\\/#breadcrumb\",\"itemListElement\":[{\"@type\":\"ListItem\",\"position\":1,\"name\":\"Domovsk\u00e1 str\u00e1nka\",\"item\":\"http:\\\/\\\/dafinoo.eu\\\/mirmar\\\/\"},{\"@type\":\"ListItem\",\"position\":2,\"name\":\"Obchod\",\"item\":\"http:\\\/\\\/dafinoo.eu\\\/mirmar\\\/obchod\\\/\"},{\"@type\":\"ListItem\",\"position\":3,\"name\":\"Bosch Akumul\u00e1torov\u00e1 priamo\u010diara p\u00edla GST 18 V-LI Professional\"}]},{\"@type\":\"WebSite\",\"@id\":\"http:\\\/\\\/dafinoo.eu\\\/mirmar\\\/#website\",\"url\":\"http:\\\/\\\/dafinoo.eu\\\/mirmar\\\/\",\"name\":\"MIR-MAR\",\"description\":\"Eshop s n\u00e1rad\u00edm\",\"publisher\":{\"@id\":\"http:\\\/\\\/dafinoo.eu\\\/mirmar\\\/#organization\"},\"potentialAction\":[{\"@type\":\"SearchAction\",\"target\":{\"@type\":\"EntryPoint\",\"urlTemplate\":\"http:\\\/\\\/dafinoo.eu\\\/mirmar\\\/?s={search_term_string}\"},\"query-input\":{\"@type\":\"PropertyValueSpecification\",\"valueRequired\":true,\"valueName\":\"search_term_string\"}}],\"inLanguage\":\"sk-SK\"},{\"@type\":\"Organization\",\"@id\":\"http:\\\/\\\/dafinoo.eu\\\/mirmar\\\/#organization\",\"name\":\"MIR-MAR\",\"url\":\"http:\\\/\\\/dafinoo.eu\\\/mirmar\\\/\",\"logo\":{\"@type\":\"ImageObject\",\"inLanguage\":\"sk-SK\",\"@id\":\"http:\\\/\\\/dafinoo.eu\\\/mirmar\\\/#\\\/schema\\\/logo\\\/image\\\/\",\"url\":\"http:\\\/\\\/dafinoo.eu\\\/mirmar\\\/wp-content\\\/uploads\\\/2021\\\/03\\\/mirmar_logo.png\",\"contentUrl\":\"http:\\\/\\\/dafinoo.eu\\\/mirmar\\\/wp-content\\\/uploads\\\/2021\\\/03\\\/mirmar_logo.png\",\"width\":256,\"height\":60,\"caption\":\"MIR-MAR\"},\"image\":{\"@id\":\"http:\\\/\\\/dafinoo.eu\\\/mirmar\\\/#\\\/schema\\\/logo\\\/image\\\/\"},\"sameAs\":[\"https:\\\/\\\/facebook.com\\\/mirmareshop\"]}]}<\/script>\n<!-- \/ Yoast SEO plugin. -->","yoast_head_json":{"title":"Bosch Akumul\u00e1torov\u00e1 priamo\u010diara p\u00edla GST 18 V-LI Professional - MIR-MAR","robots":{"index":"index","follow":"follow","max-snippet":"max-snippet:-1","max-image-preview":"max-image-preview:large","max-video-preview":"max-video-preview:-1"},"canonical":"http:\/\/dafinoo.eu\/mirmar\/obchod\/bosch-akumulatorova-priamociara-pila-gst-18-v-li-professional\/","og_locale":"sk_SK","og_type":"article","og_title":"Bosch Akumul\u00e1torov\u00e1 priamo\u010diara p\u00edla GST 18 V-LI Professional - MIR-MAR","og_description":"Po\u010det zdvihov vo vo\u013enobehu 2.700 min-1 V\u00fd\u0161ka zdvihu 23 mm \u0160ikm\u00e9 rezy 0\u201345 \u00b0 Hmotnos\u0165 vr\u00e1tane akumul\u00e1tora 2,4 kg Nap\u00e4tie akumul\u00e1tora 18 V Funkcie Jednoru\u010dn\u00fd syst\u00e9m SDS Inform\u00e1cia o hlu\u010dnosti a vibr\u00e1ci\u00e1ch Hodnoty merania zisten\u00e9 pod\u013ea EN 60745 Celkov\u00e9 hodnoty vibr\u00e1ci\u00ed (s\u00fa\u010det vektorov v troch smeroch) P\u00edlenie dreva Hodnota emisie vibr\u00e1ci\u00ed ah 6.0 m\/s\u00b2 Nepresnos\u0165 K 1.5 m\/s\u00b2 P\u00edlenie plechu Hodnota emisie vibr\u00e1ci\u00ed ah 8.5 m\/s\u00b2 Nepresnos\u0165 K 1.5 m\/s\u00b2 \u00darove\u0148 hluku elektrick\u00e9ho n\u00e1radia s hodnoten\u00edm A je typicky: hladina akustick\u00e9ho tlaku 81 dB(A); hladina akustick\u00e9ho v\u00fdkonu 92 dB(A). Neistota K= 3 dB.","og_url":"http:\/\/dafinoo.eu\/mirmar\/obchod\/bosch-akumulatorova-priamociara-pila-gst-18-v-li-professional\/","og_site_name":"MIR-MAR","article_publisher":"https:\/\/facebook.com\/mirmareshop","article_modified_time":"2021-04-19T17:41:04+00:00","og_image":[{"width":661,"height":348,"url":"https:\/\/i0.wp.com\/www.mirmar.sk\/wp-content\/uploads\/2021\/03\/43_1.jpg?fit=661%2C348&ssl=1","type":"image\/jpeg"}],"twitter_misc":{"Predpokladan\u00fd \u010das \u010d\u00edtania":"1 min\u00fata"},"schema":{"@context":"https:\/\/schema.org","@graph":[{"@type":"WebPage","@id":"http:\/\/dafinoo.eu\/mirmar\/obchod\/bosch-akumulatorova-priamociara-pila-gst-18-v-li-professional\/","url":"http:\/\/dafinoo.eu\/mirmar\/obchod\/bosch-akumulatorova-priamociara-pila-gst-18-v-li-professional\/","name":"Bosch Akumul\u00e1torov\u00e1 priamo\u010diara p\u00edla GST 18 V-LI Professional - MIR-MAR","isPartOf":{"@id":"http:\/\/dafinoo.eu\/mirmar\/#website"},"primaryImageOfPage":{"@id":"http:\/\/dafinoo.eu\/mirmar\/obchod\/bosch-akumulatorova-priamociara-pila-gst-18-v-li-professional\/#primaryimage"},"image":{"@id":"http:\/\/dafinoo.eu\/mirmar\/obchod\/bosch-akumulatorova-priamociara-pila-gst-18-v-li-professional\/#primaryimage"},"thumbnailUrl":"http:\/\/dafinoo.eu\/mirmar\/wp-content\/uploads\/2021\/03\/43_1.jpg","datePublished":"2021-03-15T16:22:38+00:00","dateModified":"2021-04-19T17:41:04+00:00","breadcrumb":{"@id":"http:\/\/dafinoo.eu\/mirmar\/obchod\/bosch-akumulatorova-priamociara-pila-gst-18-v-li-professional\/#breadcrumb"},"inLanguage":"sk-SK","potentialAction":[{"@type":"ReadAction","target":["http:\/\/dafinoo.eu\/mirmar\/obchod\/bosch-akumulatorova-priamociara-pila-gst-18-v-li-professional\/"]}]},{"@type":"ImageObject","inLanguage":"sk-SK","@id":"http:\/\/dafinoo.eu\/mirmar\/obchod\/bosch-akumulatorova-priamociara-pila-gst-18-v-li-professional\/#primaryimage","url":"http:\/\/dafinoo.eu\/mirmar\/wp-content\/uploads\/2021\/03\/43_1.jpg","contentUrl":"http:\/\/dafinoo.eu\/mirmar\/wp-content\/uploads\/2021\/03\/43_1.jpg","width":661,"height":348},{"@type":"BreadcrumbList","@id":"http:\/\/dafinoo.eu\/mirmar\/obchod\/bosch-akumulatorova-priamociara-pila-gst-18-v-li-professional\/#breadcrumb","itemListElement":[{"@type":"ListItem","position":1,"name":"Domovsk\u00e1 str\u00e1nka","item":"http:\/\/dafinoo.eu\/mirmar\/"},{"@type":"ListItem","position":2,"name":"Obchod","item":"http:\/\/dafinoo.eu\/mirmar\/obchod\/"},{"@type":"ListItem","position":3,"name":"Bosch Akumul\u00e1torov\u00e1 priamo\u010diara p\u00edla GST 18 V-LI Professional"}]},{"@type":"WebSite","@id":"http:\/\/dafinoo.eu\/mirmar\/#website","url":"http:\/\/dafinoo.eu\/mirmar\/","name":"MIR-MAR","description":"Eshop s n\u00e1rad\u00edm","publisher":{"@id":"http:\/\/dafinoo.eu\/mirmar\/#organization"},"potentialAction":[{"@type":"SearchAction","target":{"@type":"EntryPoint","urlTemplate":"http:\/\/dafinoo.eu\/mirmar\/?s={search_term_string}"},"query-input":{"@type":"PropertyValueSpecification","valueRequired":true,"valueName":"search_term_string"}}],"inLanguage":"sk-SK"},{"@type":"Organization","@id":"http:\/\/dafinoo.eu\/mirmar\/#organization","name":"MIR-MAR","url":"http:\/\/dafinoo.eu\/mirmar\/","logo":{"@type":"ImageObject","inLanguage":"sk-SK","@id":"http:\/\/dafinoo.eu\/mirmar\/#\/schema\/logo\/image\/","url":"http:\/\/dafinoo.eu\/mirmar\/wp-content\/uploads\/2021\/03\/mirmar_logo.png","contentUrl":"http:\/\/dafinoo.eu\/mirmar\/wp-content\/uploads\/2021\/03\/mirmar_logo.png","width":256,"height":60,"caption":"MIR-MAR"},"image":{"@id":"http:\/\/dafinoo.eu\/mirmar\/#\/schema\/logo\/image\/"},"sameAs":["https:\/\/facebook.com\/mirmareshop"]}]}},"_links":{"self":[{"href":"http:\/\/dafinoo.eu\/mirmar\/wp-json\/wp\/v2\/product\/36197","targetHints":{"allow":["GET"]}}],"collection":[{"href":"http:\/\/dafinoo.eu\/mirmar\/wp-json\/wp\/v2\/product"}],"about":[{"href":"http:\/\/dafinoo.eu\/mirmar\/wp-json\/wp\/v2\/types\/product"}],"replies":[{"embeddable":true,"href":"http:\/\/dafinoo.eu\/mirmar\/wp-json\/wp\/v2\/comments?post=36197"}],"wp:featuredmedia":[{"embeddable":true,"href":"http:\/\/dafinoo.eu\/mirmar\/wp-json\/wp\/v2\/media\/36198"}],"wp:attachment":[{"href":"http:\/\/dafinoo.eu\/mirmar\/wp-json\/wp\/v2\/media?parent=36197"}],"wp:term":[{"taxonomy":"product_cat","embeddable":true,"href":"http:\/\/dafinoo.eu\/mirmar\/wp-json\/wp\/v2\/product_cat?post=36197"},{"taxonomy":"product_tag","embeddable":true,"href":"http:\/\/dafinoo.eu\/mirmar\/wp-json\/wp\/v2\/product_tag?post=36197"}],"curies":[{"name":"wp","href":"https:\/\/api.w.org\/{rel}","templated":true}]}}