{"id":36211,"date":"2021-03-15T17:22:38","date_gmt":"2021-03-15T16:22:38","guid":{"rendered":"http:\/\/dafinoo.eu\/mirmar\/product\/bosch-akumulatorove-noznice-na-plech-gsc-108-v-li-professional-bosch\/"},"modified":"2021-04-19T19:41:08","modified_gmt":"2021-04-19T17:41:08","slug":"bosch-akumulatorove-noznice-na-plech-gsc-108-v-li-professional-bosch","status":"publish","type":"product","link":"http:\/\/dafinoo.eu\/mirmar\/obchod\/bosch-akumulatorove-noznice-na-plech-gsc-108-v-li-professional-bosch\/","title":{"rendered":"Bosch Akumul\u00e1torov\u00e9 no\u017enice na plech  GSC 10,8 V-LI Professional Bosch"},"content":{"rendered":"<p>4-kr\u00e1t r\u00fdchlej\u0161ie cez kovy \u2013 bez n\u00e1mahy<br \/>\nA\u017e 4-kr\u00e1t r\u00fdchlej\u0161ie pri rovn\u00fdch rezoch a rezoch v krivk\u00e1ch ako konven\u010dn\u00e9 ru\u010dn\u00e9 no\u017enice na plech<br \/>\nExtr\u00e9mne siln\u00e9: bez probl\u00e9mov zvl\u00e1dnu rezy do kovov a\u017e do hr\u00fabky 1,3 mm<br \/>\nNeprekonate\u013ene \u013eahk\u00e9 (iba 1,4 kg) s najkompaktnej\u0161\u00edm tvarom pre pohodln\u00fa a neunavuj\u00facu pr\u00e1cu<br \/>\nJedine\u010dn\u00e1 l\u00edtium-i\u00f3nov\u00e1 technol\u00f3gia Bosch Premium pre \u017eivotnos\u0165 dlh\u0161iu o 400 % a neprekonate\u013en\u00fa kapacitu akumul\u00e1tora<br \/>\nElektronick\u00e1 ochrana \u010dl\u00e1nkov \u2013 Electronic Cell Protection (ECP): Chr\u00e1ni akumul\u00e1tor pred pre\u0165a\u017een\u00edm, prehriat\u00edm a nadmern\u00fdm vybit\u00edm<br \/>\nExtr\u00e9mne robustn\u00e9: plne funk\u010dn\u00e9 aj po p\u00e1de z v\u00fd\u0161ky 1 m na bet\u00f3n, v\u010faka flexibiln\u00e9mu krytu \u201eDura Shield\u201c<br \/>\npraktick\u00e1 indik\u00e1cia stavu nabitia akumul\u00e1tora s 3 LED<br \/>\nRezn\u00fd v\u00fdkon a\u017e do 60 m do ocele (400 N\/nm\u00b2: 0,75 mm) na jedno nabitie akumul\u00e1tora<br \/>\nOto\u010dn\u00fd n\u00f4\u017e so 4 ostriami pre dlh\u0161iu \u017eivotnos\u0165<br \/>\nNastavite\u013en\u00e1 v\u00f4\u013ea medzi no\u017emi na prisp\u00f4sobenie na pr\u00edslu\u0161n\u00fa hr\u00fabku materi\u00e1lu<\/p>\n","protected":false},"excerpt":{"rendered":"<p>Kapacita rezania &#8211; oce\u013e (800 N\/mm\u00b2), max.\t0,6 mm<br \/>\nKapacita rezania &#8211; oce\u013e (600 N\/mm\u00b2), max.\t0,8 mm<br \/>\nKapacita rezania &#8211; oce\u013e (400 N\/mm\u00b2), max.\t1,3 mm<br \/>\nKapacita rezania &#8211; hlin\u00edk (250 N\/mm\u00b2), max.\t2,0 mm<br \/>\nOstatn\u00e9<br \/>\nD\u013a\u017eka\t256,0 mm<br \/>\nV\u00fd\u0161ka\t131,0 mm<br \/>\nCharakteristiky<br \/>\nPo\u010det zdvihov vo vo\u013enobehu\t3.600 min-1<br \/>\nHmotnos\u0165 vr\u00e1tane akumul\u00e1tora\t1,4 kg<br \/>\nNap\u00e4tie akumul\u00e1tora\t10,8 V<br \/>\nMinim\u00e1lny polomer kriviek\t15 mm<br \/>\nInform\u00e1cia o hlu\u010dnosti a vibr\u00e1ci\u00e1ch<br \/>\nHodnoty merania zisten\u00e9 pod\u013ea EN 60745<br \/>\nCelkov\u00e9 hodnoty vibr\u00e1ci\u00ed (s\u00fa\u010det vektorov v troch smeroch)<br \/>\nHodnota emisie vibr\u00e1ci\u00ed ah\t3.5 m\/s\u00b2<br \/>\nNepresnos\u0165 K\t1.5 m\/s\u00b2<\/p>\n","protected":false},"featured_media":36212,"comment_status":"closed","ping_status":"open","template":"","meta":{"_lmt_disableupdate":"","_lmt_disable":""},"product_cat":[3106],"product_tag":[],"class_list":{"0":"post-36211","1":"product","2":"type-product","3":"status-publish","4":"has-post-thumbnail","6":"product_cat-bosch","7":"ts_product_brand-bosh","9":"first","10":"instock","11":"taxable","12":"shipping-taxable","13":"purchasable","14":"product-type-simple"},"yoast_head":"<!-- This site is optimized with the Yoast SEO plugin v27.3 - https:\/\/yoast.com\/product\/yoast-seo-wordpress\/ -->\n<title>Bosch Akumul\u00e1torov\u00e9 no\u017enice na plech GSC 10,8 V-LI Professional Bosch - MIR-MAR<\/title>\n<meta name=\"robots\" content=\"index, follow, max-snippet:-1, max-image-preview:large, max-video-preview:-1\" \/>\n<link rel=\"canonical\" href=\"http:\/\/dafinoo.eu\/mirmar\/obchod\/bosch-akumulatorove-noznice-na-plech-gsc-108-v-li-professional-bosch\/\" \/>\n<meta property=\"og:locale\" content=\"sk_SK\" \/>\n<meta property=\"og:type\" content=\"article\" \/>\n<meta property=\"og:title\" content=\"Bosch Akumul\u00e1torov\u00e9 no\u017enice na plech GSC 10,8 V-LI Professional Bosch - MIR-MAR\" \/>\n<meta property=\"og:description\" content=\"Kapacita rezania - oce\u013e (800 N\/mm\u00b2), max. 0,6 mm Kapacita rezania - oce\u013e (600 N\/mm\u00b2), max. 0,8 mm Kapacita rezania - oce\u013e (400 N\/mm\u00b2), max. 1,3 mm Kapacita rezania - hlin\u00edk (250 N\/mm\u00b2), max. 2,0 mm Ostatn\u00e9 D\u013a\u017eka 256,0 mm V\u00fd\u0161ka 131,0 mm Charakteristiky Po\u010det zdvihov vo vo\u013enobehu 3.600 min-1 Hmotnos\u0165 vr\u00e1tane akumul\u00e1tora 1,4 kg Nap\u00e4tie akumul\u00e1tora 10,8 V Minim\u00e1lny polomer kriviek 15 mm Inform\u00e1cia o hlu\u010dnosti a vibr\u00e1ci\u00e1ch Hodnoty merania zisten\u00e9 pod\u013ea EN 60745 Celkov\u00e9 hodnoty vibr\u00e1ci\u00ed (s\u00fa\u010det vektorov v troch smeroch) Hodnota emisie vibr\u00e1ci\u00ed ah 3.5 m\/s\u00b2 Nepresnos\u0165 K 1.5 m\/s\u00b2\" \/>\n<meta property=\"og:url\" content=\"http:\/\/dafinoo.eu\/mirmar\/obchod\/bosch-akumulatorove-noznice-na-plech-gsc-108-v-li-professional-bosch\/\" \/>\n<meta property=\"og:site_name\" content=\"MIR-MAR\" \/>\n<meta property=\"article:publisher\" content=\"https:\/\/facebook.com\/mirmareshop\" \/>\n<meta property=\"article:modified_time\" content=\"2021-04-19T17:41:08+00:00\" \/>\n<meta property=\"og:image\" content=\"https:\/\/i2.wp.com\/www.mirmar.sk\/wp-content\/uploads\/2021\/03\/7_1_4.jpg?fit=661%2C348&ssl=1\" \/>\n\t<meta property=\"og:image:width\" content=\"661\" \/>\n\t<meta property=\"og:image:height\" content=\"348\" \/>\n\t<meta property=\"og:image:type\" content=\"image\/jpeg\" \/>\n<meta name=\"twitter:label1\" content=\"Predpokladan\u00fd \u010das \u010d\u00edtania\" \/>\n\t<meta name=\"twitter:data1\" content=\"1 min\u00fata\" \/>\n<script type=\"application\/ld+json\" class=\"yoast-schema-graph\">{\"@context\":\"https:\\\/\\\/schema.org\",\"@graph\":[{\"@type\":\"WebPage\",\"@id\":\"http:\\\/\\\/dafinoo.eu\\\/mirmar\\\/obchod\\\/bosch-akumulatorove-noznice-na-plech-gsc-108-v-li-professional-bosch\\\/\",\"url\":\"http:\\\/\\\/dafinoo.eu\\\/mirmar\\\/obchod\\\/bosch-akumulatorove-noznice-na-plech-gsc-108-v-li-professional-bosch\\\/\",\"name\":\"Bosch Akumul\u00e1torov\u00e9 no\u017enice na plech GSC 10,8 V-LI Professional Bosch - MIR-MAR\",\"isPartOf\":{\"@id\":\"http:\\\/\\\/dafinoo.eu\\\/mirmar\\\/#website\"},\"primaryImageOfPage\":{\"@id\":\"http:\\\/\\\/dafinoo.eu\\\/mirmar\\\/obchod\\\/bosch-akumulatorove-noznice-na-plech-gsc-108-v-li-professional-bosch\\\/#primaryimage\"},\"image\":{\"@id\":\"http:\\\/\\\/dafinoo.eu\\\/mirmar\\\/obchod\\\/bosch-akumulatorove-noznice-na-plech-gsc-108-v-li-professional-bosch\\\/#primaryimage\"},\"thumbnailUrl\":\"http:\\\/\\\/dafinoo.eu\\\/mirmar\\\/wp-content\\\/uploads\\\/2021\\\/03\\\/7_1_4.jpg\",\"datePublished\":\"2021-03-15T16:22:38+00:00\",\"dateModified\":\"2021-04-19T17:41:08+00:00\",\"breadcrumb\":{\"@id\":\"http:\\\/\\\/dafinoo.eu\\\/mirmar\\\/obchod\\\/bosch-akumulatorove-noznice-na-plech-gsc-108-v-li-professional-bosch\\\/#breadcrumb\"},\"inLanguage\":\"sk-SK\",\"potentialAction\":[{\"@type\":\"ReadAction\",\"target\":[\"http:\\\/\\\/dafinoo.eu\\\/mirmar\\\/obchod\\\/bosch-akumulatorove-noznice-na-plech-gsc-108-v-li-professional-bosch\\\/\"]}]},{\"@type\":\"ImageObject\",\"inLanguage\":\"sk-SK\",\"@id\":\"http:\\\/\\\/dafinoo.eu\\\/mirmar\\\/obchod\\\/bosch-akumulatorove-noznice-na-plech-gsc-108-v-li-professional-bosch\\\/#primaryimage\",\"url\":\"http:\\\/\\\/dafinoo.eu\\\/mirmar\\\/wp-content\\\/uploads\\\/2021\\\/03\\\/7_1_4.jpg\",\"contentUrl\":\"http:\\\/\\\/dafinoo.eu\\\/mirmar\\\/wp-content\\\/uploads\\\/2021\\\/03\\\/7_1_4.jpg\",\"width\":661,\"height\":348},{\"@type\":\"BreadcrumbList\",\"@id\":\"http:\\\/\\\/dafinoo.eu\\\/mirmar\\\/obchod\\\/bosch-akumulatorove-noznice-na-plech-gsc-108-v-li-professional-bosch\\\/#breadcrumb\",\"itemListElement\":[{\"@type\":\"ListItem\",\"position\":1,\"name\":\"Domovsk\u00e1 str\u00e1nka\",\"item\":\"http:\\\/\\\/dafinoo.eu\\\/mirmar\\\/\"},{\"@type\":\"ListItem\",\"position\":2,\"name\":\"Obchod\",\"item\":\"http:\\\/\\\/dafinoo.eu\\\/mirmar\\\/obchod\\\/\"},{\"@type\":\"ListItem\",\"position\":3,\"name\":\"Bosch Akumul\u00e1torov\u00e9 no\u017enice na plech GSC 10,8 V-LI Professional Bosch\"}]},{\"@type\":\"WebSite\",\"@id\":\"http:\\\/\\\/dafinoo.eu\\\/mirmar\\\/#website\",\"url\":\"http:\\\/\\\/dafinoo.eu\\\/mirmar\\\/\",\"name\":\"MIR-MAR\",\"description\":\"Eshop s n\u00e1rad\u00edm\",\"publisher\":{\"@id\":\"http:\\\/\\\/dafinoo.eu\\\/mirmar\\\/#organization\"},\"potentialAction\":[{\"@type\":\"SearchAction\",\"target\":{\"@type\":\"EntryPoint\",\"urlTemplate\":\"http:\\\/\\\/dafinoo.eu\\\/mirmar\\\/?s={search_term_string}\"},\"query-input\":{\"@type\":\"PropertyValueSpecification\",\"valueRequired\":true,\"valueName\":\"search_term_string\"}}],\"inLanguage\":\"sk-SK\"},{\"@type\":\"Organization\",\"@id\":\"http:\\\/\\\/dafinoo.eu\\\/mirmar\\\/#organization\",\"name\":\"MIR-MAR\",\"url\":\"http:\\\/\\\/dafinoo.eu\\\/mirmar\\\/\",\"logo\":{\"@type\":\"ImageObject\",\"inLanguage\":\"sk-SK\",\"@id\":\"http:\\\/\\\/dafinoo.eu\\\/mirmar\\\/#\\\/schema\\\/logo\\\/image\\\/\",\"url\":\"http:\\\/\\\/dafinoo.eu\\\/mirmar\\\/wp-content\\\/uploads\\\/2021\\\/03\\\/mirmar_logo.png\",\"contentUrl\":\"http:\\\/\\\/dafinoo.eu\\\/mirmar\\\/wp-content\\\/uploads\\\/2021\\\/03\\\/mirmar_logo.png\",\"width\":256,\"height\":60,\"caption\":\"MIR-MAR\"},\"image\":{\"@id\":\"http:\\\/\\\/dafinoo.eu\\\/mirmar\\\/#\\\/schema\\\/logo\\\/image\\\/\"},\"sameAs\":[\"https:\\\/\\\/facebook.com\\\/mirmareshop\"]}]}<\/script>\n<!-- \/ Yoast SEO plugin. -->","yoast_head_json":{"title":"Bosch Akumul\u00e1torov\u00e9 no\u017enice na plech GSC 10,8 V-LI Professional Bosch - MIR-MAR","robots":{"index":"index","follow":"follow","max-snippet":"max-snippet:-1","max-image-preview":"max-image-preview:large","max-video-preview":"max-video-preview:-1"},"canonical":"http:\/\/dafinoo.eu\/mirmar\/obchod\/bosch-akumulatorove-noznice-na-plech-gsc-108-v-li-professional-bosch\/","og_locale":"sk_SK","og_type":"article","og_title":"Bosch Akumul\u00e1torov\u00e9 no\u017enice na plech GSC 10,8 V-LI Professional Bosch - MIR-MAR","og_description":"Kapacita rezania - oce\u013e (800 N\/mm\u00b2), max. 0,6 mm Kapacita rezania - oce\u013e (600 N\/mm\u00b2), max. 0,8 mm Kapacita rezania - oce\u013e (400 N\/mm\u00b2), max. 1,3 mm Kapacita rezania - hlin\u00edk (250 N\/mm\u00b2), max. 2,0 mm Ostatn\u00e9 D\u013a\u017eka 256,0 mm V\u00fd\u0161ka 131,0 mm Charakteristiky Po\u010det zdvihov vo vo\u013enobehu 3.600 min-1 Hmotnos\u0165 vr\u00e1tane akumul\u00e1tora 1,4 kg Nap\u00e4tie akumul\u00e1tora 10,8 V Minim\u00e1lny polomer kriviek 15 mm Inform\u00e1cia o hlu\u010dnosti a vibr\u00e1ci\u00e1ch Hodnoty merania zisten\u00e9 pod\u013ea EN 60745 Celkov\u00e9 hodnoty vibr\u00e1ci\u00ed (s\u00fa\u010det vektorov v troch smeroch) Hodnota emisie vibr\u00e1ci\u00ed ah 3.5 m\/s\u00b2 Nepresnos\u0165 K 1.5 m\/s\u00b2","og_url":"http:\/\/dafinoo.eu\/mirmar\/obchod\/bosch-akumulatorove-noznice-na-plech-gsc-108-v-li-professional-bosch\/","og_site_name":"MIR-MAR","article_publisher":"https:\/\/facebook.com\/mirmareshop","article_modified_time":"2021-04-19T17:41:08+00:00","og_image":[{"width":661,"height":348,"url":"https:\/\/i2.wp.com\/www.mirmar.sk\/wp-content\/uploads\/2021\/03\/7_1_4.jpg?fit=661%2C348&ssl=1","type":"image\/jpeg"}],"twitter_misc":{"Predpokladan\u00fd \u010das \u010d\u00edtania":"1 min\u00fata"},"schema":{"@context":"https:\/\/schema.org","@graph":[{"@type":"WebPage","@id":"http:\/\/dafinoo.eu\/mirmar\/obchod\/bosch-akumulatorove-noznice-na-plech-gsc-108-v-li-professional-bosch\/","url":"http:\/\/dafinoo.eu\/mirmar\/obchod\/bosch-akumulatorove-noznice-na-plech-gsc-108-v-li-professional-bosch\/","name":"Bosch Akumul\u00e1torov\u00e9 no\u017enice na plech GSC 10,8 V-LI Professional Bosch - MIR-MAR","isPartOf":{"@id":"http:\/\/dafinoo.eu\/mirmar\/#website"},"primaryImageOfPage":{"@id":"http:\/\/dafinoo.eu\/mirmar\/obchod\/bosch-akumulatorove-noznice-na-plech-gsc-108-v-li-professional-bosch\/#primaryimage"},"image":{"@id":"http:\/\/dafinoo.eu\/mirmar\/obchod\/bosch-akumulatorove-noznice-na-plech-gsc-108-v-li-professional-bosch\/#primaryimage"},"thumbnailUrl":"http:\/\/dafinoo.eu\/mirmar\/wp-content\/uploads\/2021\/03\/7_1_4.jpg","datePublished":"2021-03-15T16:22:38+00:00","dateModified":"2021-04-19T17:41:08+00:00","breadcrumb":{"@id":"http:\/\/dafinoo.eu\/mirmar\/obchod\/bosch-akumulatorove-noznice-na-plech-gsc-108-v-li-professional-bosch\/#breadcrumb"},"inLanguage":"sk-SK","potentialAction":[{"@type":"ReadAction","target":["http:\/\/dafinoo.eu\/mirmar\/obchod\/bosch-akumulatorove-noznice-na-plech-gsc-108-v-li-professional-bosch\/"]}]},{"@type":"ImageObject","inLanguage":"sk-SK","@id":"http:\/\/dafinoo.eu\/mirmar\/obchod\/bosch-akumulatorove-noznice-na-plech-gsc-108-v-li-professional-bosch\/#primaryimage","url":"http:\/\/dafinoo.eu\/mirmar\/wp-content\/uploads\/2021\/03\/7_1_4.jpg","contentUrl":"http:\/\/dafinoo.eu\/mirmar\/wp-content\/uploads\/2021\/03\/7_1_4.jpg","width":661,"height":348},{"@type":"BreadcrumbList","@id":"http:\/\/dafinoo.eu\/mirmar\/obchod\/bosch-akumulatorove-noznice-na-plech-gsc-108-v-li-professional-bosch\/#breadcrumb","itemListElement":[{"@type":"ListItem","position":1,"name":"Domovsk\u00e1 str\u00e1nka","item":"http:\/\/dafinoo.eu\/mirmar\/"},{"@type":"ListItem","position":2,"name":"Obchod","item":"http:\/\/dafinoo.eu\/mirmar\/obchod\/"},{"@type":"ListItem","position":3,"name":"Bosch Akumul\u00e1torov\u00e9 no\u017enice na plech GSC 10,8 V-LI Professional Bosch"}]},{"@type":"WebSite","@id":"http:\/\/dafinoo.eu\/mirmar\/#website","url":"http:\/\/dafinoo.eu\/mirmar\/","name":"MIR-MAR","description":"Eshop s n\u00e1rad\u00edm","publisher":{"@id":"http:\/\/dafinoo.eu\/mirmar\/#organization"},"potentialAction":[{"@type":"SearchAction","target":{"@type":"EntryPoint","urlTemplate":"http:\/\/dafinoo.eu\/mirmar\/?s={search_term_string}"},"query-input":{"@type":"PropertyValueSpecification","valueRequired":true,"valueName":"search_term_string"}}],"inLanguage":"sk-SK"},{"@type":"Organization","@id":"http:\/\/dafinoo.eu\/mirmar\/#organization","name":"MIR-MAR","url":"http:\/\/dafinoo.eu\/mirmar\/","logo":{"@type":"ImageObject","inLanguage":"sk-SK","@id":"http:\/\/dafinoo.eu\/mirmar\/#\/schema\/logo\/image\/","url":"http:\/\/dafinoo.eu\/mirmar\/wp-content\/uploads\/2021\/03\/mirmar_logo.png","contentUrl":"http:\/\/dafinoo.eu\/mirmar\/wp-content\/uploads\/2021\/03\/mirmar_logo.png","width":256,"height":60,"caption":"MIR-MAR"},"image":{"@id":"http:\/\/dafinoo.eu\/mirmar\/#\/schema\/logo\/image\/"},"sameAs":["https:\/\/facebook.com\/mirmareshop"]}]}},"_links":{"self":[{"href":"http:\/\/dafinoo.eu\/mirmar\/wp-json\/wp\/v2\/product\/36211","targetHints":{"allow":["GET"]}}],"collection":[{"href":"http:\/\/dafinoo.eu\/mirmar\/wp-json\/wp\/v2\/product"}],"about":[{"href":"http:\/\/dafinoo.eu\/mirmar\/wp-json\/wp\/v2\/types\/product"}],"replies":[{"embeddable":true,"href":"http:\/\/dafinoo.eu\/mirmar\/wp-json\/wp\/v2\/comments?post=36211"}],"wp:featuredmedia":[{"embeddable":true,"href":"http:\/\/dafinoo.eu\/mirmar\/wp-json\/wp\/v2\/media\/36212"}],"wp:attachment":[{"href":"http:\/\/dafinoo.eu\/mirmar\/wp-json\/wp\/v2\/media?parent=36211"}],"wp:term":[{"taxonomy":"product_cat","embeddable":true,"href":"http:\/\/dafinoo.eu\/mirmar\/wp-json\/wp\/v2\/product_cat?post=36211"},{"taxonomy":"product_tag","embeddable":true,"href":"http:\/\/dafinoo.eu\/mirmar\/wp-json\/wp\/v2\/product_tag?post=36211"}],"curies":[{"name":"wp","href":"https:\/\/api.w.org\/{rel}","templated":true}]}}