{"id":36251,"date":"2021-03-15T17:22:50","date_gmt":"2021-03-15T16:22:50","guid":{"rendered":"http:\/\/dafinoo.eu\/mirmar\/product\/priklepova-vrtacka-gsb-19-2-rea-professional-bosch\/"},"modified":"2021-04-19T19:41:18","modified_gmt":"2021-04-19T17:41:18","slug":"priklepova-vrtacka-gsb-19-2-rea-professional-bosch","status":"publish","type":"product","link":"http:\/\/dafinoo.eu\/mirmar\/obchod\/priklepova-vrtacka-gsb-19-2-rea-professional-bosch\/","title":{"rendered":"Pr\u00edklepov\u00e1 v\u0155ta\u010dka  GSB 19-2 REA Professional Bosch"},"content":{"rendered":"<p>Svetov\u00e1 novinka: Prv\u00e1 pr\u00edklepov\u00e1 v\u0155ta\u010dka pre profesion\u00e1lov s ods\u00e1van\u00edm prachu<br \/>\nMimoriadne ve\u013ek\u00fd ods\u00e1vac\u00ed v\u00fdkon pre bezpra\u0161n\u00e9 v\u0155tanie do muriva a dla\u017ed\u00edc<br \/>\nV\u00fdkonn\u00fd motor 900 W a r\u00fdchly postup v\u0155tania<br \/>\nKompaktn\u00e1 kon\u0161trukcia, v\u010faka ktorej je n\u00e1radie vhodn\u00e9 aj na v\u0155tanie nad hlavou<br \/>\nIntegrovan\u00fd h\u013abkov\u00fd doraz na nastavenie r\u00f4znych h\u013abok v\u0155tania<br \/>\nSp\u00e4tn\u00e9 ventily zabra\u0148uj\u00fa \u00faniku prachu pri pren\u00e1\u0161an\u00ed, ako aj pri vypr\u00e1zd\u0148ovan\u00ed schr\u00e1nky na prach<br \/>\nVymenite\u013en\u00fd mikrofilter \u2013 \u0161etr\u00ed peniaze a \u017eivotn\u00e9 prostredie<br \/>\nPr\u00e1ca aj bez ods\u00e1vacieho modulu mo\u017en\u00e1 v\u010faka jednoduch\u00e9mu a bezn\u00e1strojov\u00e9mu odn\u00edmaniu ods\u00e1vacej jednotky<br \/>\nJednoobj\u00edmkov\u00e9 r\u00fdchloup\u00ednacie sk\u013eu\u010dovadlo s funkciou Auto-Lock pre r\u00fdchlu v\u00fdmenu n\u00e1strojov jednou rukou<br \/>\nNov\u00e1 bezpe\u010dnostn\u00e1 rukov\u00e4\u0165 s inovat\u00edvnym upevnen\u00edm na bezpe\u010dn\u00e9 dr\u017eanie stroja<\/p>\n","protected":false},"excerpt":{"rendered":"<p>Menovit\u00fd pr\u00edkon\t900 W<br \/>\nVo\u013enobe\u017en\u00e9 ot\u00e1\u010dky\t0 \u2013 1.000 \/ 3.000 min-1<br \/>\nV\u00fdkon\t455 W<br \/>\nHmotnos\u0165\t3,2 kg<br \/>\nKr\u00fatiaci moment (m\u00e4kk\u00fd skrutkov\u00fd spoj)\t36,0 \/ 15,5 Nm<br \/>\nMenovit\u00fd kr\u00fatiaci moment\t5,7 \/ 2,2 Nm<br \/>\nPrip\u00e1jac\u00ed z\u00e1vit v\u0155tacieho vretena\t1\/2&#8243; \u2013 20 UNF<br \/>\nUp\u00ednac\u00ed rozsah\t1,5 \u2013 13 mm<br \/>\nFrekvencia pr\u00edklepu pri vo\u013enobe\u017en\u00fdch ot\u00e1\u010dkach\t0 \u2013 17.000 \/ 51.000 min-1<br \/>\nRozsah v\u0155tania<br \/>\nPriem. vrtu do bet\u00f3nu\t18 \/ 13 mm<br \/>\nPriem. vrtu do dreva\t40 \/ 25 mm<br \/>\n\u00d8 vrtu do ocele\t13 \/ 8 mm<br \/>\n\u00d8 vrtu do muriva\t20 \/ 15 mm<br \/>\nFunkcie<br \/>\nViacstup\u0148ov\u00e1<br \/>\nPravo-\/\u013eavobe\u017en\u00fd chod<br \/>\nElektronika<br \/>\nAuto-Lock<br \/>\nM\u00e4kk\u00e1 tlmiaca vlo\u017eka rukov\u00e4te<br \/>\nInform\u00e1cia o hlu\u010dnosti a vibr\u00e1ci\u00e1ch<br \/>\nHodnoty merania zisten\u00e9 pod\u013ea EN 60745<br \/>\nCelkov\u00e9 hodnoty vibr\u00e1ci\u00ed (s\u00fa\u010det vektorov v troch smeroch)<br \/>\nV\u0155tanie do kovov<br \/>\nHodnota emisie vibr\u00e1ci\u00ed ah\t3.0 m\/s\u00b2<br \/>\nNepresnos\u0165 K\t1.5 m\/s\u00b2<br \/>\nV\u0155tanie do bet\u00f3nu s pr\u00edklepom<br \/>\nHodnota emisie vibr\u00e1ci\u00ed ah\t15.0 m\/s\u00b2<br \/>\nNepresnos\u0165 K\t2.0 m\/s\u00b2<br \/>\nSkrutkovanie<br \/>\nHodnota emisie vibr\u00e1ci\u00ed ah\t2.5 m\/s\u00b2<br \/>\nNepresnos\u0165 K\t1.5 m\/s\u00b2<br \/>\nRezanie z\u00e1vitov<br \/>\nHodnota emisie vibr\u00e1ci\u00ed ah\t2.5 m\/s\u00b2<br \/>\nNepresnos\u0165 K\t1.5 m\/s\u00b2<br \/>\n\u00darove\u0148 hluku elektrick\u00e9ho n\u00e1radia s hodnoten\u00edm A je typicky: hladina akustick\u00e9ho tlaku 95 dB(A); hladina akustick\u00e9ho v\u00fdkonu 106 dB(A). Neistota K= 3 dB.<\/p>\n","protected":false},"featured_media":36252,"comment_status":"closed","ping_status":"open","template":"","meta":{"_lmt_disableupdate":"","_lmt_disable":""},"product_cat":[3120,3106,3122],"product_tag":[],"class_list":{"0":"post-36251","1":"product","2":"type-product","3":"status-publish","4":"has-post-thumbnail","6":"product_cat-vrtacky-priklepove-vrtacky","7":"product_cat-bosch","8":"product_cat-priklepove-vrtacky-vrtacky-priklepove-vrtacky","9":"ts_product_brand-bosh","11":"first","12":"instock","13":"taxable","14":"shipping-taxable","15":"purchasable","16":"product-type-simple"},"yoast_head":"<!-- This site is optimized with the Yoast SEO plugin v27.3 - https:\/\/yoast.com\/product\/yoast-seo-wordpress\/ -->\n<title>Pr\u00edklepov\u00e1 v\u0155ta\u010dka GSB 19-2 REA Professional Bosch - MIR-MAR<\/title>\n<meta name=\"robots\" content=\"index, follow, max-snippet:-1, max-image-preview:large, max-video-preview:-1\" \/>\n<link rel=\"canonical\" href=\"http:\/\/dafinoo.eu\/mirmar\/obchod\/priklepova-vrtacka-gsb-19-2-rea-professional-bosch\/\" \/>\n<meta property=\"og:locale\" content=\"sk_SK\" \/>\n<meta property=\"og:type\" content=\"article\" \/>\n<meta property=\"og:title\" content=\"Pr\u00edklepov\u00e1 v\u0155ta\u010dka GSB 19-2 REA Professional Bosch - MIR-MAR\" \/>\n<meta property=\"og:description\" content=\"Menovit\u00fd pr\u00edkon 900 W Vo\u013enobe\u017en\u00e9 ot\u00e1\u010dky 0 \u2013 1.000 \/ 3.000 min-1 V\u00fdkon 455 W Hmotnos\u0165 3,2 kg Kr\u00fatiaci moment (m\u00e4kk\u00fd skrutkov\u00fd spoj) 36,0 \/ 15,5 Nm Menovit\u00fd kr\u00fatiaci moment 5,7 \/ 2,2 Nm Prip\u00e1jac\u00ed z\u00e1vit v\u0155tacieho vretena 1\/2&quot; \u2013 20 UNF Up\u00ednac\u00ed rozsah 1,5 \u2013 13 mm Frekvencia pr\u00edklepu pri vo\u013enobe\u017en\u00fdch ot\u00e1\u010dkach 0 \u2013 17.000 \/ 51.000 min-1 Rozsah v\u0155tania Priem. vrtu do bet\u00f3nu 18 \/ 13 mm Priem. vrtu do dreva 40 \/ 25 mm \u00d8 vrtu do ocele 13 \/ 8 mm \u00d8 vrtu do muriva 20 \/ 15 mm Funkcie Viacstup\u0148ov\u00e1 Pravo-\/\u013eavobe\u017en\u00fd chod Elektronika Auto-Lock M\u00e4kk\u00e1 tlmiaca vlo\u017eka rukov\u00e4te Inform\u00e1cia o hlu\u010dnosti a vibr\u00e1ci\u00e1ch Hodnoty merania zisten\u00e9 pod\u013ea EN 60745 Celkov\u00e9 hodnoty vibr\u00e1ci\u00ed (s\u00fa\u010det vektorov v troch smeroch) V\u0155tanie do kovov Hodnota emisie vibr\u00e1ci\u00ed ah 3.0 m\/s\u00b2 Nepresnos\u0165 K 1.5 m\/s\u00b2 V\u0155tanie do bet\u00f3nu s pr\u00edklepom Hodnota emisie vibr\u00e1ci\u00ed ah 15.0 m\/s\u00b2 Nepresnos\u0165 K 2.0 m\/s\u00b2 Skrutkovanie Hodnota emisie vibr\u00e1ci\u00ed ah 2.5 m\/s\u00b2 Nepresnos\u0165 K 1.5 m\/s\u00b2 Rezanie z\u00e1vitov Hodnota emisie vibr\u00e1ci\u00ed ah 2.5 m\/s\u00b2 Nepresnos\u0165 K 1.5 m\/s\u00b2 \u00darove\u0148 hluku elektrick\u00e9ho n\u00e1radia s hodnoten\u00edm A je typicky: hladina akustick\u00e9ho tlaku 95 dB(A); hladina akustick\u00e9ho v\u00fdkonu 106 dB(A). Neistota K= 3 dB.\" \/>\n<meta property=\"og:url\" content=\"http:\/\/dafinoo.eu\/mirmar\/obchod\/priklepova-vrtacka-gsb-19-2-rea-professional-bosch\/\" \/>\n<meta property=\"og:site_name\" content=\"MIR-MAR\" \/>\n<meta property=\"article:publisher\" content=\"https:\/\/facebook.com\/mirmareshop\" \/>\n<meta property=\"article:modified_time\" content=\"2021-04-19T17:41:18+00:00\" \/>\n<meta property=\"og:image\" content=\"https:\/\/i0.wp.com\/www.mirmar.sk\/wp-content\/uploads\/2021\/03\/13_2_1.jpg?fit=661%2C348&ssl=1\" \/>\n\t<meta property=\"og:image:width\" content=\"661\" \/>\n\t<meta property=\"og:image:height\" content=\"348\" \/>\n\t<meta property=\"og:image:type\" content=\"image\/jpeg\" \/>\n<meta name=\"twitter:label1\" content=\"Predpokladan\u00fd \u010das \u010d\u00edtania\" \/>\n\t<meta name=\"twitter:data1\" content=\"1 min\u00fata\" \/>\n<script type=\"application\/ld+json\" class=\"yoast-schema-graph\">{\"@context\":\"https:\\\/\\\/schema.org\",\"@graph\":[{\"@type\":\"WebPage\",\"@id\":\"http:\\\/\\\/dafinoo.eu\\\/mirmar\\\/obchod\\\/priklepova-vrtacka-gsb-19-2-rea-professional-bosch\\\/\",\"url\":\"http:\\\/\\\/dafinoo.eu\\\/mirmar\\\/obchod\\\/priklepova-vrtacka-gsb-19-2-rea-professional-bosch\\\/\",\"name\":\"Pr\u00edklepov\u00e1 v\u0155ta\u010dka GSB 19-2 REA Professional Bosch - MIR-MAR\",\"isPartOf\":{\"@id\":\"http:\\\/\\\/dafinoo.eu\\\/mirmar\\\/#website\"},\"primaryImageOfPage\":{\"@id\":\"http:\\\/\\\/dafinoo.eu\\\/mirmar\\\/obchod\\\/priklepova-vrtacka-gsb-19-2-rea-professional-bosch\\\/#primaryimage\"},\"image\":{\"@id\":\"http:\\\/\\\/dafinoo.eu\\\/mirmar\\\/obchod\\\/priklepova-vrtacka-gsb-19-2-rea-professional-bosch\\\/#primaryimage\"},\"thumbnailUrl\":\"http:\\\/\\\/dafinoo.eu\\\/mirmar\\\/wp-content\\\/uploads\\\/2021\\\/03\\\/13_2_1.jpg\",\"datePublished\":\"2021-03-15T16:22:50+00:00\",\"dateModified\":\"2021-04-19T17:41:18+00:00\",\"breadcrumb\":{\"@id\":\"http:\\\/\\\/dafinoo.eu\\\/mirmar\\\/obchod\\\/priklepova-vrtacka-gsb-19-2-rea-professional-bosch\\\/#breadcrumb\"},\"inLanguage\":\"sk-SK\",\"potentialAction\":[{\"@type\":\"ReadAction\",\"target\":[\"http:\\\/\\\/dafinoo.eu\\\/mirmar\\\/obchod\\\/priklepova-vrtacka-gsb-19-2-rea-professional-bosch\\\/\"]}]},{\"@type\":\"ImageObject\",\"inLanguage\":\"sk-SK\",\"@id\":\"http:\\\/\\\/dafinoo.eu\\\/mirmar\\\/obchod\\\/priklepova-vrtacka-gsb-19-2-rea-professional-bosch\\\/#primaryimage\",\"url\":\"http:\\\/\\\/dafinoo.eu\\\/mirmar\\\/wp-content\\\/uploads\\\/2021\\\/03\\\/13_2_1.jpg\",\"contentUrl\":\"http:\\\/\\\/dafinoo.eu\\\/mirmar\\\/wp-content\\\/uploads\\\/2021\\\/03\\\/13_2_1.jpg\",\"width\":661,\"height\":348},{\"@type\":\"BreadcrumbList\",\"@id\":\"http:\\\/\\\/dafinoo.eu\\\/mirmar\\\/obchod\\\/priklepova-vrtacka-gsb-19-2-rea-professional-bosch\\\/#breadcrumb\",\"itemListElement\":[{\"@type\":\"ListItem\",\"position\":1,\"name\":\"Domovsk\u00e1 str\u00e1nka\",\"item\":\"http:\\\/\\\/dafinoo.eu\\\/mirmar\\\/\"},{\"@type\":\"ListItem\",\"position\":2,\"name\":\"Obchod\",\"item\":\"http:\\\/\\\/dafinoo.eu\\\/mirmar\\\/obchod\\\/\"},{\"@type\":\"ListItem\",\"position\":3,\"name\":\"Pr\u00edklepov\u00e1 v\u0155ta\u010dka GSB 19-2 REA Professional Bosch\"}]},{\"@type\":\"WebSite\",\"@id\":\"http:\\\/\\\/dafinoo.eu\\\/mirmar\\\/#website\",\"url\":\"http:\\\/\\\/dafinoo.eu\\\/mirmar\\\/\",\"name\":\"MIR-MAR\",\"description\":\"Eshop s n\u00e1rad\u00edm\",\"publisher\":{\"@id\":\"http:\\\/\\\/dafinoo.eu\\\/mirmar\\\/#organization\"},\"potentialAction\":[{\"@type\":\"SearchAction\",\"target\":{\"@type\":\"EntryPoint\",\"urlTemplate\":\"http:\\\/\\\/dafinoo.eu\\\/mirmar\\\/?s={search_term_string}\"},\"query-input\":{\"@type\":\"PropertyValueSpecification\",\"valueRequired\":true,\"valueName\":\"search_term_string\"}}],\"inLanguage\":\"sk-SK\"},{\"@type\":\"Organization\",\"@id\":\"http:\\\/\\\/dafinoo.eu\\\/mirmar\\\/#organization\",\"name\":\"MIR-MAR\",\"url\":\"http:\\\/\\\/dafinoo.eu\\\/mirmar\\\/\",\"logo\":{\"@type\":\"ImageObject\",\"inLanguage\":\"sk-SK\",\"@id\":\"http:\\\/\\\/dafinoo.eu\\\/mirmar\\\/#\\\/schema\\\/logo\\\/image\\\/\",\"url\":\"http:\\\/\\\/dafinoo.eu\\\/mirmar\\\/wp-content\\\/uploads\\\/2021\\\/03\\\/mirmar_logo.png\",\"contentUrl\":\"http:\\\/\\\/dafinoo.eu\\\/mirmar\\\/wp-content\\\/uploads\\\/2021\\\/03\\\/mirmar_logo.png\",\"width\":256,\"height\":60,\"caption\":\"MIR-MAR\"},\"image\":{\"@id\":\"http:\\\/\\\/dafinoo.eu\\\/mirmar\\\/#\\\/schema\\\/logo\\\/image\\\/\"},\"sameAs\":[\"https:\\\/\\\/facebook.com\\\/mirmareshop\"]}]}<\/script>\n<!-- \/ Yoast SEO plugin. -->","yoast_head_json":{"title":"Pr\u00edklepov\u00e1 v\u0155ta\u010dka GSB 19-2 REA Professional Bosch - MIR-MAR","robots":{"index":"index","follow":"follow","max-snippet":"max-snippet:-1","max-image-preview":"max-image-preview:large","max-video-preview":"max-video-preview:-1"},"canonical":"http:\/\/dafinoo.eu\/mirmar\/obchod\/priklepova-vrtacka-gsb-19-2-rea-professional-bosch\/","og_locale":"sk_SK","og_type":"article","og_title":"Pr\u00edklepov\u00e1 v\u0155ta\u010dka GSB 19-2 REA Professional Bosch - MIR-MAR","og_description":"Menovit\u00fd pr\u00edkon 900 W Vo\u013enobe\u017en\u00e9 ot\u00e1\u010dky 0 \u2013 1.000 \/ 3.000 min-1 V\u00fdkon 455 W Hmotnos\u0165 3,2 kg Kr\u00fatiaci moment (m\u00e4kk\u00fd skrutkov\u00fd spoj) 36,0 \/ 15,5 Nm Menovit\u00fd kr\u00fatiaci moment 5,7 \/ 2,2 Nm Prip\u00e1jac\u00ed z\u00e1vit v\u0155tacieho vretena 1\/2\" \u2013 20 UNF Up\u00ednac\u00ed rozsah 1,5 \u2013 13 mm Frekvencia pr\u00edklepu pri vo\u013enobe\u017en\u00fdch ot\u00e1\u010dkach 0 \u2013 17.000 \/ 51.000 min-1 Rozsah v\u0155tania Priem. vrtu do bet\u00f3nu 18 \/ 13 mm Priem. vrtu do dreva 40 \/ 25 mm \u00d8 vrtu do ocele 13 \/ 8 mm \u00d8 vrtu do muriva 20 \/ 15 mm Funkcie Viacstup\u0148ov\u00e1 Pravo-\/\u013eavobe\u017en\u00fd chod Elektronika Auto-Lock M\u00e4kk\u00e1 tlmiaca vlo\u017eka rukov\u00e4te Inform\u00e1cia o hlu\u010dnosti a vibr\u00e1ci\u00e1ch Hodnoty merania zisten\u00e9 pod\u013ea EN 60745 Celkov\u00e9 hodnoty vibr\u00e1ci\u00ed (s\u00fa\u010det vektorov v troch smeroch) V\u0155tanie do kovov Hodnota emisie vibr\u00e1ci\u00ed ah 3.0 m\/s\u00b2 Nepresnos\u0165 K 1.5 m\/s\u00b2 V\u0155tanie do bet\u00f3nu s pr\u00edklepom Hodnota emisie vibr\u00e1ci\u00ed ah 15.0 m\/s\u00b2 Nepresnos\u0165 K 2.0 m\/s\u00b2 Skrutkovanie Hodnota emisie vibr\u00e1ci\u00ed ah 2.5 m\/s\u00b2 Nepresnos\u0165 K 1.5 m\/s\u00b2 Rezanie z\u00e1vitov Hodnota emisie vibr\u00e1ci\u00ed ah 2.5 m\/s\u00b2 Nepresnos\u0165 K 1.5 m\/s\u00b2 \u00darove\u0148 hluku elektrick\u00e9ho n\u00e1radia s hodnoten\u00edm A je typicky: hladina akustick\u00e9ho tlaku 95 dB(A); hladina akustick\u00e9ho v\u00fdkonu 106 dB(A). Neistota K= 3 dB.","og_url":"http:\/\/dafinoo.eu\/mirmar\/obchod\/priklepova-vrtacka-gsb-19-2-rea-professional-bosch\/","og_site_name":"MIR-MAR","article_publisher":"https:\/\/facebook.com\/mirmareshop","article_modified_time":"2021-04-19T17:41:18+00:00","og_image":[{"width":661,"height":348,"url":"https:\/\/i0.wp.com\/www.mirmar.sk\/wp-content\/uploads\/2021\/03\/13_2_1.jpg?fit=661%2C348&ssl=1","type":"image\/jpeg"}],"twitter_misc":{"Predpokladan\u00fd \u010das \u010d\u00edtania":"1 min\u00fata"},"schema":{"@context":"https:\/\/schema.org","@graph":[{"@type":"WebPage","@id":"http:\/\/dafinoo.eu\/mirmar\/obchod\/priklepova-vrtacka-gsb-19-2-rea-professional-bosch\/","url":"http:\/\/dafinoo.eu\/mirmar\/obchod\/priklepova-vrtacka-gsb-19-2-rea-professional-bosch\/","name":"Pr\u00edklepov\u00e1 v\u0155ta\u010dka GSB 19-2 REA Professional Bosch - MIR-MAR","isPartOf":{"@id":"http:\/\/dafinoo.eu\/mirmar\/#website"},"primaryImageOfPage":{"@id":"http:\/\/dafinoo.eu\/mirmar\/obchod\/priklepova-vrtacka-gsb-19-2-rea-professional-bosch\/#primaryimage"},"image":{"@id":"http:\/\/dafinoo.eu\/mirmar\/obchod\/priklepova-vrtacka-gsb-19-2-rea-professional-bosch\/#primaryimage"},"thumbnailUrl":"http:\/\/dafinoo.eu\/mirmar\/wp-content\/uploads\/2021\/03\/13_2_1.jpg","datePublished":"2021-03-15T16:22:50+00:00","dateModified":"2021-04-19T17:41:18+00:00","breadcrumb":{"@id":"http:\/\/dafinoo.eu\/mirmar\/obchod\/priklepova-vrtacka-gsb-19-2-rea-professional-bosch\/#breadcrumb"},"inLanguage":"sk-SK","potentialAction":[{"@type":"ReadAction","target":["http:\/\/dafinoo.eu\/mirmar\/obchod\/priklepova-vrtacka-gsb-19-2-rea-professional-bosch\/"]}]},{"@type":"ImageObject","inLanguage":"sk-SK","@id":"http:\/\/dafinoo.eu\/mirmar\/obchod\/priklepova-vrtacka-gsb-19-2-rea-professional-bosch\/#primaryimage","url":"http:\/\/dafinoo.eu\/mirmar\/wp-content\/uploads\/2021\/03\/13_2_1.jpg","contentUrl":"http:\/\/dafinoo.eu\/mirmar\/wp-content\/uploads\/2021\/03\/13_2_1.jpg","width":661,"height":348},{"@type":"BreadcrumbList","@id":"http:\/\/dafinoo.eu\/mirmar\/obchod\/priklepova-vrtacka-gsb-19-2-rea-professional-bosch\/#breadcrumb","itemListElement":[{"@type":"ListItem","position":1,"name":"Domovsk\u00e1 str\u00e1nka","item":"http:\/\/dafinoo.eu\/mirmar\/"},{"@type":"ListItem","position":2,"name":"Obchod","item":"http:\/\/dafinoo.eu\/mirmar\/obchod\/"},{"@type":"ListItem","position":3,"name":"Pr\u00edklepov\u00e1 v\u0155ta\u010dka GSB 19-2 REA Professional Bosch"}]},{"@type":"WebSite","@id":"http:\/\/dafinoo.eu\/mirmar\/#website","url":"http:\/\/dafinoo.eu\/mirmar\/","name":"MIR-MAR","description":"Eshop s n\u00e1rad\u00edm","publisher":{"@id":"http:\/\/dafinoo.eu\/mirmar\/#organization"},"potentialAction":[{"@type":"SearchAction","target":{"@type":"EntryPoint","urlTemplate":"http:\/\/dafinoo.eu\/mirmar\/?s={search_term_string}"},"query-input":{"@type":"PropertyValueSpecification","valueRequired":true,"valueName":"search_term_string"}}],"inLanguage":"sk-SK"},{"@type":"Organization","@id":"http:\/\/dafinoo.eu\/mirmar\/#organization","name":"MIR-MAR","url":"http:\/\/dafinoo.eu\/mirmar\/","logo":{"@type":"ImageObject","inLanguage":"sk-SK","@id":"http:\/\/dafinoo.eu\/mirmar\/#\/schema\/logo\/image\/","url":"http:\/\/dafinoo.eu\/mirmar\/wp-content\/uploads\/2021\/03\/mirmar_logo.png","contentUrl":"http:\/\/dafinoo.eu\/mirmar\/wp-content\/uploads\/2021\/03\/mirmar_logo.png","width":256,"height":60,"caption":"MIR-MAR"},"image":{"@id":"http:\/\/dafinoo.eu\/mirmar\/#\/schema\/logo\/image\/"},"sameAs":["https:\/\/facebook.com\/mirmareshop"]}]}},"_links":{"self":[{"href":"http:\/\/dafinoo.eu\/mirmar\/wp-json\/wp\/v2\/product\/36251","targetHints":{"allow":["GET"]}}],"collection":[{"href":"http:\/\/dafinoo.eu\/mirmar\/wp-json\/wp\/v2\/product"}],"about":[{"href":"http:\/\/dafinoo.eu\/mirmar\/wp-json\/wp\/v2\/types\/product"}],"replies":[{"embeddable":true,"href":"http:\/\/dafinoo.eu\/mirmar\/wp-json\/wp\/v2\/comments?post=36251"}],"wp:featuredmedia":[{"embeddable":true,"href":"http:\/\/dafinoo.eu\/mirmar\/wp-json\/wp\/v2\/media\/36252"}],"wp:attachment":[{"href":"http:\/\/dafinoo.eu\/mirmar\/wp-json\/wp\/v2\/media?parent=36251"}],"wp:term":[{"taxonomy":"product_cat","embeddable":true,"href":"http:\/\/dafinoo.eu\/mirmar\/wp-json\/wp\/v2\/product_cat?post=36251"},{"taxonomy":"product_tag","embeddable":true,"href":"http:\/\/dafinoo.eu\/mirmar\/wp-json\/wp\/v2\/product_tag?post=36251"}],"curies":[{"name":"wp","href":"https:\/\/api.w.org\/{rel}","templated":true}]}}