{"id":36257,"date":"2021-03-15T17:22:50","date_gmt":"2021-03-15T16:22:50","guid":{"rendered":"http:\/\/dafinoo.eu\/mirmar\/product\/priklepova-vrtacka-gsb-162-2-re-professional-bosch\/"},"modified":"2021-04-19T19:41:20","modified_gmt":"2021-04-19T17:41:20","slug":"priklepova-vrtacka-gsb-162-2-re-professional-bosch","status":"publish","type":"product","link":"http:\/\/dafinoo.eu\/mirmar\/obchod\/priklepova-vrtacka-gsb-162-2-re-professional-bosch\/","title":{"rendered":"Pr\u00edklepov\u00e1 v\u0155ta\u010dka  GSB 162-2 RE Professional Bosch"},"content":{"rendered":"<p>Siln\u00e1 pri ka\u017edej aplik\u00e1cii \u2013 dokonca aj pri v\u0155tan\u00ed diamantom nasucho<br \/>\nV\u00fdkonn\u00fd motor Bosch (1 500 W) s vysokou kapacitou pre\u0165a\u017eenia pre najtvrd\u0161ie podmienky pou\u017eitia<br \/>\nOptimalizovan\u00e9 ot\u00e1\u010dky pre r\u00fdchly postup v pr\u00e1ci pri v\u0155tan\u00ed bez pr\u00edklepu s diamantov\u00fdmi v\u0155tac\u00edmi korunkami do 162 mm<br \/>\nBezpe\u010dnostn\u00e1 spojka proti pre\u0165a\u017eeniu \u201eAntirotation\u201c pre zv\u00fd\u0161en\u00fa bezpe\u010dnos\u0165 pr\u00e1ce<br \/>\nOchrana pred op\u00e4tovn\u00fdm zapnut\u00edm br\u00e1ni samovo\u013en\u00e9mu spusteniu n\u00e1radia po v\u00fdpadku pr\u00fadu<br \/>\nRobustn\u00e1 rukov\u00e4\u0165 s inova\u010dn\u00fdm upevnen\u00edm a m\u00e4kkou tlmiacou vlo\u017ekou na bezpe\u010dn\u00e9 dr\u017eanie n\u00e1radia<br \/>\nRobustn\u00e9 sk\u013eu\u010dovadlo s ozuben\u00fdm vencom 16 mm s automatick\u00fdm zaisten\u00edm<br \/>\nPredvo\u013eba ot\u00e1\u010dok nastavovac\u00edm kolieskom na presn\u00fa pr\u00e1cu<br \/>\nOto\u010dn\u00e1 doska s dr\u017eiakom uhl\u00edkov pre rovnak\u00fa silu pri \u013eavobe\u017enom a pravobe\u017enom chode<br \/>\nM\u00e4kk\u00e1 tlmiaca vlo\u017eka na hlavnej rukov\u00e4ti pre bezpe\u010dn\u00e9 dr\u017eanie<br \/>\nGu\u013eov\u00fd \u010dap sie\u0165ovej \u0161n\u00fary pre ve\u013ek\u00fa pohyblivos\u0165 a na zabr\u00e1nenie zlomeniu sie\u0165ovej \u0161n\u00fary<\/p>\n","protected":false},"excerpt":{"rendered":"<p>Menovit\u00fd pr\u00edkon\t1.500 W<br \/>\nVo\u013enobe\u017en\u00e9 ot\u00e1\u010dky\t0 \u2013 750 \/ 2.550 min-1<br \/>\nV\u00fdkon\t840 W<br \/>\nHmotnos\u0165\t4,8 kg<br \/>\nMenovit\u00e9 ot\u00e1\u010dky\t0 \u2013 555 \/ 1.890 min-1<br \/>\nKr\u00fatiaci moment (m\u00e4kk\u00fd skrutkov\u00fd spoj)\t50,0 \/ 14,5 Nm<br \/>\nMenovit\u00fd kr\u00fatiaci moment\t17,0 \/ 5,0 Nm<br \/>\nPrip\u00e1jac\u00ed z\u00e1vit v\u0155tacieho vretena\t5\/8&#8243; \u2013 16 UN<br \/>\nUp\u00ednac\u00ed rozsah\t3 \u2013 16 mm<br \/>\nD\u013a\u017eka\t452,0 mm<br \/>\nV\u00fd\u0161ka\t176,0 mm<br \/>\nFrekvencia pr\u00edklepu pri vo\u013enobe\u017en\u00fdch ot\u00e1\u010dkach\t0 \u2013 12.750 \/ 43.350 min-1<br \/>\nRozsah v\u0155tania<br \/>\nPriem. vrtu do bet\u00f3nu\t82 \/ 68 mm<br \/>\nPriem. vrtu do dreva\t50 \/ 30 mm<br \/>\n\u00d8 vrtu do ocele\t20 \/ 14 mm<br \/>\n\u00d8 vrtu do muriva\t162 \/ 68 mm<br \/>\nFunkcie<br \/>\nViacstup\u0148ov\u00e1<br \/>\nPravo-\/\u013eavobe\u017en\u00fd chod<br \/>\nElektronika<br \/>\nM\u00e4kk\u00e1 tlmiaca vlo\u017eka rukov\u00e4te<br \/>\nBezpe\u010dnostn\u00e1 spojka<br \/>\nInform\u00e1cia o hlu\u010dnosti a vibr\u00e1ci\u00e1ch<br \/>\nHodnoty merania zisten\u00e9 pod\u013ea EN 60745<br \/>\nCelkov\u00e9 hodnoty vibr\u00e1ci\u00ed (s\u00fa\u010det vektorov v troch smeroch)<br \/>\nV\u0155tanie do kovov<br \/>\nHodnota emisie vibr\u00e1ci\u00ed ah\t6.9 m\/s\u00b2<br \/>\nNepresnos\u0165 K\t1.5 m\/s\u00b2<br \/>\nV\u0155tanie do bet\u00f3nu s pr\u00edklepom<br \/>\nHodnota emisie vibr\u00e1ci\u00ed ah\t15.6 m\/s\u00b2<br \/>\nNepresnos\u0165 K\t3.8 m\/s\u00b2<br \/>\nSkrutkovanie<br \/>\nHodnota emisie vibr\u00e1ci\u00ed ah\t0.9 m\/s\u00b2<br \/>\nNepresnos\u0165 K\t1.5 m\/s\u00b2<br \/>\nRezanie z\u00e1vitov<br \/>\nHodnota emisie vibr\u00e1ci\u00ed ah\t0.9 m\/s\u00b2<br \/>\nNepresnos\u0165 K\t1.5 m\/s\u00b2<br \/>\n\u00darove\u0148 hluku elektrick\u00e9ho n\u00e1radia s hodnoten\u00edm A je typicky: hladina akustick\u00e9ho tlaku 99 dB(A); hladina akustick\u00e9ho v\u00fdkonu 110 dB(A). Neistota K= 3 dB.<\/p>\n","protected":false},"featured_media":36258,"comment_status":"closed","ping_status":"open","template":"","meta":{"_lmt_disableupdate":"","_lmt_disable":""},"product_cat":[3120,3106,3122],"product_tag":[],"class_list":{"0":"post-36257","1":"product","2":"type-product","3":"status-publish","4":"has-post-thumbnail","6":"product_cat-vrtacky-priklepove-vrtacky","7":"product_cat-bosch","8":"product_cat-priklepove-vrtacky-vrtacky-priklepove-vrtacky","9":"ts_product_brand-bosh","11":"first","12":"instock","13":"taxable","14":"shipping-taxable","15":"purchasable","16":"product-type-simple"},"yoast_head":"<!-- This site is optimized with the Yoast SEO plugin v27.3 - https:\/\/yoast.com\/product\/yoast-seo-wordpress\/ -->\n<title>Pr\u00edklepov\u00e1 v\u0155ta\u010dka GSB 162-2 RE Professional Bosch - MIR-MAR<\/title>\n<meta name=\"robots\" content=\"index, follow, max-snippet:-1, max-image-preview:large, max-video-preview:-1\" \/>\n<link rel=\"canonical\" href=\"http:\/\/dafinoo.eu\/mirmar\/obchod\/priklepova-vrtacka-gsb-162-2-re-professional-bosch\/\" \/>\n<meta property=\"og:locale\" content=\"sk_SK\" \/>\n<meta property=\"og:type\" content=\"article\" \/>\n<meta property=\"og:title\" content=\"Pr\u00edklepov\u00e1 v\u0155ta\u010dka GSB 162-2 RE Professional Bosch - MIR-MAR\" \/>\n<meta property=\"og:description\" content=\"Menovit\u00fd pr\u00edkon 1.500 W Vo\u013enobe\u017en\u00e9 ot\u00e1\u010dky 0 \u2013 750 \/ 2.550 min-1 V\u00fdkon 840 W Hmotnos\u0165 4,8 kg Menovit\u00e9 ot\u00e1\u010dky 0 \u2013 555 \/ 1.890 min-1 Kr\u00fatiaci moment (m\u00e4kk\u00fd skrutkov\u00fd spoj) 50,0 \/ 14,5 Nm Menovit\u00fd kr\u00fatiaci moment 17,0 \/ 5,0 Nm Prip\u00e1jac\u00ed z\u00e1vit v\u0155tacieho vretena 5\/8&quot; \u2013 16 UN Up\u00ednac\u00ed rozsah 3 \u2013 16 mm D\u013a\u017eka 452,0 mm V\u00fd\u0161ka 176,0 mm Frekvencia pr\u00edklepu pri vo\u013enobe\u017en\u00fdch ot\u00e1\u010dkach 0 \u2013 12.750 \/ 43.350 min-1 Rozsah v\u0155tania Priem. vrtu do bet\u00f3nu 82 \/ 68 mm Priem. vrtu do dreva 50 \/ 30 mm \u00d8 vrtu do ocele 20 \/ 14 mm \u00d8 vrtu do muriva 162 \/ 68 mm Funkcie Viacstup\u0148ov\u00e1 Pravo-\/\u013eavobe\u017en\u00fd chod Elektronika M\u00e4kk\u00e1 tlmiaca vlo\u017eka rukov\u00e4te Bezpe\u010dnostn\u00e1 spojka Inform\u00e1cia o hlu\u010dnosti a vibr\u00e1ci\u00e1ch Hodnoty merania zisten\u00e9 pod\u013ea EN 60745 Celkov\u00e9 hodnoty vibr\u00e1ci\u00ed (s\u00fa\u010det vektorov v troch smeroch) V\u0155tanie do kovov Hodnota emisie vibr\u00e1ci\u00ed ah 6.9 m\/s\u00b2 Nepresnos\u0165 K 1.5 m\/s\u00b2 V\u0155tanie do bet\u00f3nu s pr\u00edklepom Hodnota emisie vibr\u00e1ci\u00ed ah 15.6 m\/s\u00b2 Nepresnos\u0165 K 3.8 m\/s\u00b2 Skrutkovanie Hodnota emisie vibr\u00e1ci\u00ed ah 0.9 m\/s\u00b2 Nepresnos\u0165 K 1.5 m\/s\u00b2 Rezanie z\u00e1vitov Hodnota emisie vibr\u00e1ci\u00ed ah 0.9 m\/s\u00b2 Nepresnos\u0165 K 1.5 m\/s\u00b2 \u00darove\u0148 hluku elektrick\u00e9ho n\u00e1radia s hodnoten\u00edm A je typicky: hladina akustick\u00e9ho tlaku 99 dB(A); hladina akustick\u00e9ho v\u00fdkonu 110 dB(A). Neistota K= 3 dB.\" \/>\n<meta property=\"og:url\" content=\"http:\/\/dafinoo.eu\/mirmar\/obchod\/priklepova-vrtacka-gsb-162-2-re-professional-bosch\/\" \/>\n<meta property=\"og:site_name\" content=\"MIR-MAR\" \/>\n<meta property=\"article:publisher\" content=\"https:\/\/facebook.com\/mirmareshop\" \/>\n<meta property=\"article:modified_time\" content=\"2021-04-19T17:41:20+00:00\" \/>\n<meta property=\"og:image\" content=\"https:\/\/i2.wp.com\/www.mirmar.sk\/wp-content\/uploads\/2021\/03\/17_1_1.jpg?fit=661%2C348&ssl=1\" \/>\n\t<meta property=\"og:image:width\" content=\"661\" \/>\n\t<meta property=\"og:image:height\" content=\"348\" \/>\n\t<meta property=\"og:image:type\" content=\"image\/jpeg\" \/>\n<meta name=\"twitter:label1\" content=\"Predpokladan\u00fd \u010das \u010d\u00edtania\" \/>\n\t<meta name=\"twitter:data1\" content=\"1 min\u00fata\" \/>\n<script type=\"application\/ld+json\" class=\"yoast-schema-graph\">{\"@context\":\"https:\\\/\\\/schema.org\",\"@graph\":[{\"@type\":\"WebPage\",\"@id\":\"http:\\\/\\\/dafinoo.eu\\\/mirmar\\\/obchod\\\/priklepova-vrtacka-gsb-162-2-re-professional-bosch\\\/\",\"url\":\"http:\\\/\\\/dafinoo.eu\\\/mirmar\\\/obchod\\\/priklepova-vrtacka-gsb-162-2-re-professional-bosch\\\/\",\"name\":\"Pr\u00edklepov\u00e1 v\u0155ta\u010dka GSB 162-2 RE Professional Bosch - MIR-MAR\",\"isPartOf\":{\"@id\":\"http:\\\/\\\/dafinoo.eu\\\/mirmar\\\/#website\"},\"primaryImageOfPage\":{\"@id\":\"http:\\\/\\\/dafinoo.eu\\\/mirmar\\\/obchod\\\/priklepova-vrtacka-gsb-162-2-re-professional-bosch\\\/#primaryimage\"},\"image\":{\"@id\":\"http:\\\/\\\/dafinoo.eu\\\/mirmar\\\/obchod\\\/priklepova-vrtacka-gsb-162-2-re-professional-bosch\\\/#primaryimage\"},\"thumbnailUrl\":\"http:\\\/\\\/dafinoo.eu\\\/mirmar\\\/wp-content\\\/uploads\\\/2021\\\/03\\\/17_1_1.jpg\",\"datePublished\":\"2021-03-15T16:22:50+00:00\",\"dateModified\":\"2021-04-19T17:41:20+00:00\",\"breadcrumb\":{\"@id\":\"http:\\\/\\\/dafinoo.eu\\\/mirmar\\\/obchod\\\/priklepova-vrtacka-gsb-162-2-re-professional-bosch\\\/#breadcrumb\"},\"inLanguage\":\"sk-SK\",\"potentialAction\":[{\"@type\":\"ReadAction\",\"target\":[\"http:\\\/\\\/dafinoo.eu\\\/mirmar\\\/obchod\\\/priklepova-vrtacka-gsb-162-2-re-professional-bosch\\\/\"]}]},{\"@type\":\"ImageObject\",\"inLanguage\":\"sk-SK\",\"@id\":\"http:\\\/\\\/dafinoo.eu\\\/mirmar\\\/obchod\\\/priklepova-vrtacka-gsb-162-2-re-professional-bosch\\\/#primaryimage\",\"url\":\"http:\\\/\\\/dafinoo.eu\\\/mirmar\\\/wp-content\\\/uploads\\\/2021\\\/03\\\/17_1_1.jpg\",\"contentUrl\":\"http:\\\/\\\/dafinoo.eu\\\/mirmar\\\/wp-content\\\/uploads\\\/2021\\\/03\\\/17_1_1.jpg\",\"width\":661,\"height\":348},{\"@type\":\"BreadcrumbList\",\"@id\":\"http:\\\/\\\/dafinoo.eu\\\/mirmar\\\/obchod\\\/priklepova-vrtacka-gsb-162-2-re-professional-bosch\\\/#breadcrumb\",\"itemListElement\":[{\"@type\":\"ListItem\",\"position\":1,\"name\":\"Domovsk\u00e1 str\u00e1nka\",\"item\":\"http:\\\/\\\/dafinoo.eu\\\/mirmar\\\/\"},{\"@type\":\"ListItem\",\"position\":2,\"name\":\"Obchod\",\"item\":\"http:\\\/\\\/dafinoo.eu\\\/mirmar\\\/obchod\\\/\"},{\"@type\":\"ListItem\",\"position\":3,\"name\":\"Pr\u00edklepov\u00e1 v\u0155ta\u010dka GSB 162-2 RE Professional Bosch\"}]},{\"@type\":\"WebSite\",\"@id\":\"http:\\\/\\\/dafinoo.eu\\\/mirmar\\\/#website\",\"url\":\"http:\\\/\\\/dafinoo.eu\\\/mirmar\\\/\",\"name\":\"MIR-MAR\",\"description\":\"Eshop s n\u00e1rad\u00edm\",\"publisher\":{\"@id\":\"http:\\\/\\\/dafinoo.eu\\\/mirmar\\\/#organization\"},\"potentialAction\":[{\"@type\":\"SearchAction\",\"target\":{\"@type\":\"EntryPoint\",\"urlTemplate\":\"http:\\\/\\\/dafinoo.eu\\\/mirmar\\\/?s={search_term_string}\"},\"query-input\":{\"@type\":\"PropertyValueSpecification\",\"valueRequired\":true,\"valueName\":\"search_term_string\"}}],\"inLanguage\":\"sk-SK\"},{\"@type\":\"Organization\",\"@id\":\"http:\\\/\\\/dafinoo.eu\\\/mirmar\\\/#organization\",\"name\":\"MIR-MAR\",\"url\":\"http:\\\/\\\/dafinoo.eu\\\/mirmar\\\/\",\"logo\":{\"@type\":\"ImageObject\",\"inLanguage\":\"sk-SK\",\"@id\":\"http:\\\/\\\/dafinoo.eu\\\/mirmar\\\/#\\\/schema\\\/logo\\\/image\\\/\",\"url\":\"http:\\\/\\\/dafinoo.eu\\\/mirmar\\\/wp-content\\\/uploads\\\/2021\\\/03\\\/mirmar_logo.png\",\"contentUrl\":\"http:\\\/\\\/dafinoo.eu\\\/mirmar\\\/wp-content\\\/uploads\\\/2021\\\/03\\\/mirmar_logo.png\",\"width\":256,\"height\":60,\"caption\":\"MIR-MAR\"},\"image\":{\"@id\":\"http:\\\/\\\/dafinoo.eu\\\/mirmar\\\/#\\\/schema\\\/logo\\\/image\\\/\"},\"sameAs\":[\"https:\\\/\\\/facebook.com\\\/mirmareshop\"]}]}<\/script>\n<!-- \/ Yoast SEO plugin. -->","yoast_head_json":{"title":"Pr\u00edklepov\u00e1 v\u0155ta\u010dka GSB 162-2 RE Professional Bosch - MIR-MAR","robots":{"index":"index","follow":"follow","max-snippet":"max-snippet:-1","max-image-preview":"max-image-preview:large","max-video-preview":"max-video-preview:-1"},"canonical":"http:\/\/dafinoo.eu\/mirmar\/obchod\/priklepova-vrtacka-gsb-162-2-re-professional-bosch\/","og_locale":"sk_SK","og_type":"article","og_title":"Pr\u00edklepov\u00e1 v\u0155ta\u010dka GSB 162-2 RE Professional Bosch - MIR-MAR","og_description":"Menovit\u00fd pr\u00edkon 1.500 W Vo\u013enobe\u017en\u00e9 ot\u00e1\u010dky 0 \u2013 750 \/ 2.550 min-1 V\u00fdkon 840 W Hmotnos\u0165 4,8 kg Menovit\u00e9 ot\u00e1\u010dky 0 \u2013 555 \/ 1.890 min-1 Kr\u00fatiaci moment (m\u00e4kk\u00fd skrutkov\u00fd spoj) 50,0 \/ 14,5 Nm Menovit\u00fd kr\u00fatiaci moment 17,0 \/ 5,0 Nm Prip\u00e1jac\u00ed z\u00e1vit v\u0155tacieho vretena 5\/8\" \u2013 16 UN Up\u00ednac\u00ed rozsah 3 \u2013 16 mm D\u013a\u017eka 452,0 mm V\u00fd\u0161ka 176,0 mm Frekvencia pr\u00edklepu pri vo\u013enobe\u017en\u00fdch ot\u00e1\u010dkach 0 \u2013 12.750 \/ 43.350 min-1 Rozsah v\u0155tania Priem. vrtu do bet\u00f3nu 82 \/ 68 mm Priem. vrtu do dreva 50 \/ 30 mm \u00d8 vrtu do ocele 20 \/ 14 mm \u00d8 vrtu do muriva 162 \/ 68 mm Funkcie Viacstup\u0148ov\u00e1 Pravo-\/\u013eavobe\u017en\u00fd chod Elektronika M\u00e4kk\u00e1 tlmiaca vlo\u017eka rukov\u00e4te Bezpe\u010dnostn\u00e1 spojka Inform\u00e1cia o hlu\u010dnosti a vibr\u00e1ci\u00e1ch Hodnoty merania zisten\u00e9 pod\u013ea EN 60745 Celkov\u00e9 hodnoty vibr\u00e1ci\u00ed (s\u00fa\u010det vektorov v troch smeroch) V\u0155tanie do kovov Hodnota emisie vibr\u00e1ci\u00ed ah 6.9 m\/s\u00b2 Nepresnos\u0165 K 1.5 m\/s\u00b2 V\u0155tanie do bet\u00f3nu s pr\u00edklepom Hodnota emisie vibr\u00e1ci\u00ed ah 15.6 m\/s\u00b2 Nepresnos\u0165 K 3.8 m\/s\u00b2 Skrutkovanie Hodnota emisie vibr\u00e1ci\u00ed ah 0.9 m\/s\u00b2 Nepresnos\u0165 K 1.5 m\/s\u00b2 Rezanie z\u00e1vitov Hodnota emisie vibr\u00e1ci\u00ed ah 0.9 m\/s\u00b2 Nepresnos\u0165 K 1.5 m\/s\u00b2 \u00darove\u0148 hluku elektrick\u00e9ho n\u00e1radia s hodnoten\u00edm A je typicky: hladina akustick\u00e9ho tlaku 99 dB(A); hladina akustick\u00e9ho v\u00fdkonu 110 dB(A). Neistota K= 3 dB.","og_url":"http:\/\/dafinoo.eu\/mirmar\/obchod\/priklepova-vrtacka-gsb-162-2-re-professional-bosch\/","og_site_name":"MIR-MAR","article_publisher":"https:\/\/facebook.com\/mirmareshop","article_modified_time":"2021-04-19T17:41:20+00:00","og_image":[{"width":661,"height":348,"url":"https:\/\/i2.wp.com\/www.mirmar.sk\/wp-content\/uploads\/2021\/03\/17_1_1.jpg?fit=661%2C348&ssl=1","type":"image\/jpeg"}],"twitter_misc":{"Predpokladan\u00fd \u010das \u010d\u00edtania":"1 min\u00fata"},"schema":{"@context":"https:\/\/schema.org","@graph":[{"@type":"WebPage","@id":"http:\/\/dafinoo.eu\/mirmar\/obchod\/priklepova-vrtacka-gsb-162-2-re-professional-bosch\/","url":"http:\/\/dafinoo.eu\/mirmar\/obchod\/priklepova-vrtacka-gsb-162-2-re-professional-bosch\/","name":"Pr\u00edklepov\u00e1 v\u0155ta\u010dka GSB 162-2 RE Professional Bosch - MIR-MAR","isPartOf":{"@id":"http:\/\/dafinoo.eu\/mirmar\/#website"},"primaryImageOfPage":{"@id":"http:\/\/dafinoo.eu\/mirmar\/obchod\/priklepova-vrtacka-gsb-162-2-re-professional-bosch\/#primaryimage"},"image":{"@id":"http:\/\/dafinoo.eu\/mirmar\/obchod\/priklepova-vrtacka-gsb-162-2-re-professional-bosch\/#primaryimage"},"thumbnailUrl":"http:\/\/dafinoo.eu\/mirmar\/wp-content\/uploads\/2021\/03\/17_1_1.jpg","datePublished":"2021-03-15T16:22:50+00:00","dateModified":"2021-04-19T17:41:20+00:00","breadcrumb":{"@id":"http:\/\/dafinoo.eu\/mirmar\/obchod\/priklepova-vrtacka-gsb-162-2-re-professional-bosch\/#breadcrumb"},"inLanguage":"sk-SK","potentialAction":[{"@type":"ReadAction","target":["http:\/\/dafinoo.eu\/mirmar\/obchod\/priklepova-vrtacka-gsb-162-2-re-professional-bosch\/"]}]},{"@type":"ImageObject","inLanguage":"sk-SK","@id":"http:\/\/dafinoo.eu\/mirmar\/obchod\/priklepova-vrtacka-gsb-162-2-re-professional-bosch\/#primaryimage","url":"http:\/\/dafinoo.eu\/mirmar\/wp-content\/uploads\/2021\/03\/17_1_1.jpg","contentUrl":"http:\/\/dafinoo.eu\/mirmar\/wp-content\/uploads\/2021\/03\/17_1_1.jpg","width":661,"height":348},{"@type":"BreadcrumbList","@id":"http:\/\/dafinoo.eu\/mirmar\/obchod\/priklepova-vrtacka-gsb-162-2-re-professional-bosch\/#breadcrumb","itemListElement":[{"@type":"ListItem","position":1,"name":"Domovsk\u00e1 str\u00e1nka","item":"http:\/\/dafinoo.eu\/mirmar\/"},{"@type":"ListItem","position":2,"name":"Obchod","item":"http:\/\/dafinoo.eu\/mirmar\/obchod\/"},{"@type":"ListItem","position":3,"name":"Pr\u00edklepov\u00e1 v\u0155ta\u010dka GSB 162-2 RE Professional Bosch"}]},{"@type":"WebSite","@id":"http:\/\/dafinoo.eu\/mirmar\/#website","url":"http:\/\/dafinoo.eu\/mirmar\/","name":"MIR-MAR","description":"Eshop s n\u00e1rad\u00edm","publisher":{"@id":"http:\/\/dafinoo.eu\/mirmar\/#organization"},"potentialAction":[{"@type":"SearchAction","target":{"@type":"EntryPoint","urlTemplate":"http:\/\/dafinoo.eu\/mirmar\/?s={search_term_string}"},"query-input":{"@type":"PropertyValueSpecification","valueRequired":true,"valueName":"search_term_string"}}],"inLanguage":"sk-SK"},{"@type":"Organization","@id":"http:\/\/dafinoo.eu\/mirmar\/#organization","name":"MIR-MAR","url":"http:\/\/dafinoo.eu\/mirmar\/","logo":{"@type":"ImageObject","inLanguage":"sk-SK","@id":"http:\/\/dafinoo.eu\/mirmar\/#\/schema\/logo\/image\/","url":"http:\/\/dafinoo.eu\/mirmar\/wp-content\/uploads\/2021\/03\/mirmar_logo.png","contentUrl":"http:\/\/dafinoo.eu\/mirmar\/wp-content\/uploads\/2021\/03\/mirmar_logo.png","width":256,"height":60,"caption":"MIR-MAR"},"image":{"@id":"http:\/\/dafinoo.eu\/mirmar\/#\/schema\/logo\/image\/"},"sameAs":["https:\/\/facebook.com\/mirmareshop"]}]}},"_links":{"self":[{"href":"http:\/\/dafinoo.eu\/mirmar\/wp-json\/wp\/v2\/product\/36257","targetHints":{"allow":["GET"]}}],"collection":[{"href":"http:\/\/dafinoo.eu\/mirmar\/wp-json\/wp\/v2\/product"}],"about":[{"href":"http:\/\/dafinoo.eu\/mirmar\/wp-json\/wp\/v2\/types\/product"}],"replies":[{"embeddable":true,"href":"http:\/\/dafinoo.eu\/mirmar\/wp-json\/wp\/v2\/comments?post=36257"}],"wp:featuredmedia":[{"embeddable":true,"href":"http:\/\/dafinoo.eu\/mirmar\/wp-json\/wp\/v2\/media\/36258"}],"wp:attachment":[{"href":"http:\/\/dafinoo.eu\/mirmar\/wp-json\/wp\/v2\/media?parent=36257"}],"wp:term":[{"taxonomy":"product_cat","embeddable":true,"href":"http:\/\/dafinoo.eu\/mirmar\/wp-json\/wp\/v2\/product_cat?post=36257"},{"taxonomy":"product_tag","embeddable":true,"href":"http:\/\/dafinoo.eu\/mirmar\/wp-json\/wp\/v2\/product_tag?post=36257"}],"curies":[{"name":"wp","href":"https:\/\/api.w.org\/{rel}","templated":true}]}}