{"id":36261,"date":"2021-03-15T17:22:50","date_gmt":"2021-03-15T16:22:50","guid":{"rendered":"http:\/\/dafinoo.eu\/mirmar\/product\/uhlova-vrtacka-gwb-10-re-professional-bosch\/"},"modified":"2021-04-19T19:41:11","modified_gmt":"2021-04-19T17:41:11","slug":"uhlova-vrtacka-gwb-10-re-professional-bosch","status":"publish","type":"product","link":"http:\/\/dafinoo.eu\/mirmar\/obchod\/uhlova-vrtacka-gwb-10-re-professional-bosch\/","title":{"rendered":"Uhlov\u00e1 v\u0155ta\u010dka  GWB 10 RE Professional Bosch"},"content":{"rendered":"<p>\u0160t\u00edhla pre \u0165a\u017eko pr\u00edstupn\u00e9 miesta<br \/>\nV\u0155ta\u010dka zahnut\u00e9ho tvaru so \u0161t\u00edhlym valcovit\u00fdm motorom, mimoriadne praktick\u00e1 a pohodln\u00e1<br \/>\nS optim\u00e1lnym vyu\u017eit\u00edm najm\u00e4 pri v\u0155tan\u00ed na \u0165a\u017eko pr\u00edstupn\u00fdch miestach<br \/>\nRegula\u010dn\u00e1 elektronika a predvo\u013eba ot\u00e1\u010dok pomocou nastavovacieho kolieska<br \/>\nV\u010faka pravo-\/\u013eavobe\u017en\u00e9mu chodu vhodn\u00e1 i na skrutkovanie<br \/>\nMal\u00e1 rohov\u00e1 miera 23 mm<br \/>\nMal\u00e1 v\u00fd\u0161ka prevodovej hlavy, iba 74 mm<br \/>\nMal\u00e1 kon\u0161truk\u010dn\u00e1 v\u00fd\u0161ka v\u010faka zapusten\u00e9mu sk\u013eu\u010dovadlu<br \/>\nRobustn\u00e1 ku\u017ee\u013eov\u00e1 prevodovka pre dlh\u00fa \u017eivotnos\u0165<\/p>\n","protected":false},"excerpt":{"rendered":"<p>Menovit\u00fd pr\u00edkon\t400 W<br \/>\nVo\u013enobe\u017en\u00e9 ot\u00e1\u010dky\t1.100 min-1<br \/>\nV\u00fdkon\t170 W<br \/>\nHmotnos\u0165\t1,6 kg<br \/>\nMenovit\u00e9 ot\u00e1\u010dky\t750 min-1<br \/>\nMenovit\u00fd kr\u00fatiaci moment\t2,2 Nm<br \/>\nKr\u00fatiaci moment, max.\t5,5 Nm<br \/>\nRozsah v\u0155tania<br \/>\nPriem. vrtu do hlin\u00edka\t12 mm<br \/>\nPriem. vrtu do dreva\t22 mm<br \/>\n\u00d8 vrtu do ocele\t10 mm<br \/>\nFunkcie<br \/>\nPlynul\u00e1 regul\u00e1cia ot\u00e1\u010dok<br \/>\nPravo-\/\u013eavobe\u017en\u00fd chod<br \/>\nElektronika<br \/>\nInform\u00e1cia o hlu\u010dnosti a vibr\u00e1ci\u00e1ch<br \/>\nHodnoty merania zisten\u00e9 pod\u013ea EN 60745<br \/>\nCelkov\u00e9 hodnoty vibr\u00e1ci\u00ed (s\u00fa\u010det vektorov v troch smeroch)<br \/>\nV\u0155tanie do kovov<br \/>\nHodnota emisie vibr\u00e1ci\u00ed ah\t2.2 m\/s\u00b2<br \/>\nNepresnos\u0165 K\t1.5 m\/s\u00b2<br \/>\nSkrutkovanie<br \/>\nHodnota emisie vibr\u00e1ci\u00ed ah\t2.9 m\/s\u00b2<br \/>\nNepresnos\u0165 K\t1.5 m\/s\u00b2<br \/>\n\u00darove\u0148 hluku elektrick\u00e9ho n\u00e1radia s hodnoten\u00edm A je typicky: hladina akustick\u00e9ho tlaku 80 dB(A); hladina akustick\u00e9ho v\u00fdkonu 91 dB(A). Neistota K= 3 dB.<\/p>\n","protected":false},"featured_media":36262,"comment_status":"closed","ping_status":"open","template":"","meta":{"_lmt_disableupdate":"","_lmt_disable":""},"product_cat":[3120,3106,3124],"product_tag":[],"class_list":{"0":"post-36261","1":"product","2":"type-product","3":"status-publish","4":"has-post-thumbnail","6":"product_cat-vrtacky-priklepove-vrtacky","7":"product_cat-bosch","8":"product_cat-uhlova-vrtacka","9":"ts_product_brand-bosh","11":"first","12":"instock","13":"taxable","14":"shipping-taxable","15":"purchasable","16":"product-type-simple"},"yoast_head":"<!-- This site is optimized with the Yoast SEO plugin v27.3 - https:\/\/yoast.com\/product\/yoast-seo-wordpress\/ -->\n<title>Uhlov\u00e1 v\u0155ta\u010dka GWB 10 RE Professional Bosch - MIR-MAR<\/title>\n<meta name=\"robots\" content=\"index, follow, max-snippet:-1, max-image-preview:large, max-video-preview:-1\" \/>\n<link rel=\"canonical\" href=\"http:\/\/dafinoo.eu\/mirmar\/obchod\/uhlova-vrtacka-gwb-10-re-professional-bosch\/\" \/>\n<meta property=\"og:locale\" content=\"sk_SK\" \/>\n<meta property=\"og:type\" content=\"article\" \/>\n<meta property=\"og:title\" content=\"Uhlov\u00e1 v\u0155ta\u010dka GWB 10 RE Professional Bosch - MIR-MAR\" \/>\n<meta property=\"og:description\" content=\"Menovit\u00fd pr\u00edkon 400 W Vo\u013enobe\u017en\u00e9 ot\u00e1\u010dky 1.100 min-1 V\u00fdkon 170 W Hmotnos\u0165 1,6 kg Menovit\u00e9 ot\u00e1\u010dky 750 min-1 Menovit\u00fd kr\u00fatiaci moment 2,2 Nm Kr\u00fatiaci moment, max. 5,5 Nm Rozsah v\u0155tania Priem. vrtu do hlin\u00edka 12 mm Priem. vrtu do dreva 22 mm \u00d8 vrtu do ocele 10 mm Funkcie Plynul\u00e1 regul\u00e1cia ot\u00e1\u010dok Pravo-\/\u013eavobe\u017en\u00fd chod Elektronika Inform\u00e1cia o hlu\u010dnosti a vibr\u00e1ci\u00e1ch Hodnoty merania zisten\u00e9 pod\u013ea EN 60745 Celkov\u00e9 hodnoty vibr\u00e1ci\u00ed (s\u00fa\u010det vektorov v troch smeroch) V\u0155tanie do kovov Hodnota emisie vibr\u00e1ci\u00ed ah 2.2 m\/s\u00b2 Nepresnos\u0165 K 1.5 m\/s\u00b2 Skrutkovanie Hodnota emisie vibr\u00e1ci\u00ed ah 2.9 m\/s\u00b2 Nepresnos\u0165 K 1.5 m\/s\u00b2 \u00darove\u0148 hluku elektrick\u00e9ho n\u00e1radia s hodnoten\u00edm A je typicky: hladina akustick\u00e9ho tlaku 80 dB(A); hladina akustick\u00e9ho v\u00fdkonu 91 dB(A). Neistota K= 3 dB.\" \/>\n<meta property=\"og:url\" content=\"http:\/\/dafinoo.eu\/mirmar\/obchod\/uhlova-vrtacka-gwb-10-re-professional-bosch\/\" \/>\n<meta property=\"og:site_name\" content=\"MIR-MAR\" \/>\n<meta property=\"article:publisher\" content=\"https:\/\/facebook.com\/mirmareshop\" \/>\n<meta property=\"article:modified_time\" content=\"2021-04-19T17:41:11+00:00\" \/>\n<meta property=\"og:image\" content=\"https:\/\/i2.wp.com\/www.mirmar.sk\/wp-content\/uploads\/2021\/03\/19_1_1.jpg?fit=661%2C348&ssl=1\" \/>\n\t<meta property=\"og:image:width\" content=\"661\" \/>\n\t<meta property=\"og:image:height\" content=\"348\" \/>\n\t<meta property=\"og:image:type\" content=\"image\/jpeg\" \/>\n<script type=\"application\/ld+json\" class=\"yoast-schema-graph\">{\"@context\":\"https:\\\/\\\/schema.org\",\"@graph\":[{\"@type\":\"WebPage\",\"@id\":\"http:\\\/\\\/dafinoo.eu\\\/mirmar\\\/obchod\\\/uhlova-vrtacka-gwb-10-re-professional-bosch\\\/\",\"url\":\"http:\\\/\\\/dafinoo.eu\\\/mirmar\\\/obchod\\\/uhlova-vrtacka-gwb-10-re-professional-bosch\\\/\",\"name\":\"Uhlov\u00e1 v\u0155ta\u010dka GWB 10 RE Professional Bosch - MIR-MAR\",\"isPartOf\":{\"@id\":\"http:\\\/\\\/dafinoo.eu\\\/mirmar\\\/#website\"},\"primaryImageOfPage\":{\"@id\":\"http:\\\/\\\/dafinoo.eu\\\/mirmar\\\/obchod\\\/uhlova-vrtacka-gwb-10-re-professional-bosch\\\/#primaryimage\"},\"image\":{\"@id\":\"http:\\\/\\\/dafinoo.eu\\\/mirmar\\\/obchod\\\/uhlova-vrtacka-gwb-10-re-professional-bosch\\\/#primaryimage\"},\"thumbnailUrl\":\"http:\\\/\\\/dafinoo.eu\\\/mirmar\\\/wp-content\\\/uploads\\\/2021\\\/03\\\/19_1_1.jpg\",\"datePublished\":\"2021-03-15T16:22:50+00:00\",\"dateModified\":\"2021-04-19T17:41:11+00:00\",\"breadcrumb\":{\"@id\":\"http:\\\/\\\/dafinoo.eu\\\/mirmar\\\/obchod\\\/uhlova-vrtacka-gwb-10-re-professional-bosch\\\/#breadcrumb\"},\"inLanguage\":\"sk-SK\",\"potentialAction\":[{\"@type\":\"ReadAction\",\"target\":[\"http:\\\/\\\/dafinoo.eu\\\/mirmar\\\/obchod\\\/uhlova-vrtacka-gwb-10-re-professional-bosch\\\/\"]}]},{\"@type\":\"ImageObject\",\"inLanguage\":\"sk-SK\",\"@id\":\"http:\\\/\\\/dafinoo.eu\\\/mirmar\\\/obchod\\\/uhlova-vrtacka-gwb-10-re-professional-bosch\\\/#primaryimage\",\"url\":\"http:\\\/\\\/dafinoo.eu\\\/mirmar\\\/wp-content\\\/uploads\\\/2021\\\/03\\\/19_1_1.jpg\",\"contentUrl\":\"http:\\\/\\\/dafinoo.eu\\\/mirmar\\\/wp-content\\\/uploads\\\/2021\\\/03\\\/19_1_1.jpg\",\"width\":661,\"height\":348},{\"@type\":\"BreadcrumbList\",\"@id\":\"http:\\\/\\\/dafinoo.eu\\\/mirmar\\\/obchod\\\/uhlova-vrtacka-gwb-10-re-professional-bosch\\\/#breadcrumb\",\"itemListElement\":[{\"@type\":\"ListItem\",\"position\":1,\"name\":\"Domovsk\u00e1 str\u00e1nka\",\"item\":\"http:\\\/\\\/dafinoo.eu\\\/mirmar\\\/\"},{\"@type\":\"ListItem\",\"position\":2,\"name\":\"Obchod\",\"item\":\"http:\\\/\\\/dafinoo.eu\\\/mirmar\\\/obchod\\\/\"},{\"@type\":\"ListItem\",\"position\":3,\"name\":\"Uhlov\u00e1 v\u0155ta\u010dka GWB 10 RE Professional Bosch\"}]},{\"@type\":\"WebSite\",\"@id\":\"http:\\\/\\\/dafinoo.eu\\\/mirmar\\\/#website\",\"url\":\"http:\\\/\\\/dafinoo.eu\\\/mirmar\\\/\",\"name\":\"MIR-MAR\",\"description\":\"Eshop s n\u00e1rad\u00edm\",\"publisher\":{\"@id\":\"http:\\\/\\\/dafinoo.eu\\\/mirmar\\\/#organization\"},\"potentialAction\":[{\"@type\":\"SearchAction\",\"target\":{\"@type\":\"EntryPoint\",\"urlTemplate\":\"http:\\\/\\\/dafinoo.eu\\\/mirmar\\\/?s={search_term_string}\"},\"query-input\":{\"@type\":\"PropertyValueSpecification\",\"valueRequired\":true,\"valueName\":\"search_term_string\"}}],\"inLanguage\":\"sk-SK\"},{\"@type\":\"Organization\",\"@id\":\"http:\\\/\\\/dafinoo.eu\\\/mirmar\\\/#organization\",\"name\":\"MIR-MAR\",\"url\":\"http:\\\/\\\/dafinoo.eu\\\/mirmar\\\/\",\"logo\":{\"@type\":\"ImageObject\",\"inLanguage\":\"sk-SK\",\"@id\":\"http:\\\/\\\/dafinoo.eu\\\/mirmar\\\/#\\\/schema\\\/logo\\\/image\\\/\",\"url\":\"http:\\\/\\\/dafinoo.eu\\\/mirmar\\\/wp-content\\\/uploads\\\/2021\\\/03\\\/mirmar_logo.png\",\"contentUrl\":\"http:\\\/\\\/dafinoo.eu\\\/mirmar\\\/wp-content\\\/uploads\\\/2021\\\/03\\\/mirmar_logo.png\",\"width\":256,\"height\":60,\"caption\":\"MIR-MAR\"},\"image\":{\"@id\":\"http:\\\/\\\/dafinoo.eu\\\/mirmar\\\/#\\\/schema\\\/logo\\\/image\\\/\"},\"sameAs\":[\"https:\\\/\\\/facebook.com\\\/mirmareshop\"]}]}<\/script>\n<!-- \/ Yoast SEO plugin. -->","yoast_head_json":{"title":"Uhlov\u00e1 v\u0155ta\u010dka GWB 10 RE Professional Bosch - MIR-MAR","robots":{"index":"index","follow":"follow","max-snippet":"max-snippet:-1","max-image-preview":"max-image-preview:large","max-video-preview":"max-video-preview:-1"},"canonical":"http:\/\/dafinoo.eu\/mirmar\/obchod\/uhlova-vrtacka-gwb-10-re-professional-bosch\/","og_locale":"sk_SK","og_type":"article","og_title":"Uhlov\u00e1 v\u0155ta\u010dka GWB 10 RE Professional Bosch - MIR-MAR","og_description":"Menovit\u00fd pr\u00edkon 400 W Vo\u013enobe\u017en\u00e9 ot\u00e1\u010dky 1.100 min-1 V\u00fdkon 170 W Hmotnos\u0165 1,6 kg Menovit\u00e9 ot\u00e1\u010dky 750 min-1 Menovit\u00fd kr\u00fatiaci moment 2,2 Nm Kr\u00fatiaci moment, max. 5,5 Nm Rozsah v\u0155tania Priem. vrtu do hlin\u00edka 12 mm Priem. vrtu do dreva 22 mm \u00d8 vrtu do ocele 10 mm Funkcie Plynul\u00e1 regul\u00e1cia ot\u00e1\u010dok Pravo-\/\u013eavobe\u017en\u00fd chod Elektronika Inform\u00e1cia o hlu\u010dnosti a vibr\u00e1ci\u00e1ch Hodnoty merania zisten\u00e9 pod\u013ea EN 60745 Celkov\u00e9 hodnoty vibr\u00e1ci\u00ed (s\u00fa\u010det vektorov v troch smeroch) V\u0155tanie do kovov Hodnota emisie vibr\u00e1ci\u00ed ah 2.2 m\/s\u00b2 Nepresnos\u0165 K 1.5 m\/s\u00b2 Skrutkovanie Hodnota emisie vibr\u00e1ci\u00ed ah 2.9 m\/s\u00b2 Nepresnos\u0165 K 1.5 m\/s\u00b2 \u00darove\u0148 hluku elektrick\u00e9ho n\u00e1radia s hodnoten\u00edm A je typicky: hladina akustick\u00e9ho tlaku 80 dB(A); hladina akustick\u00e9ho v\u00fdkonu 91 dB(A). Neistota K= 3 dB.","og_url":"http:\/\/dafinoo.eu\/mirmar\/obchod\/uhlova-vrtacka-gwb-10-re-professional-bosch\/","og_site_name":"MIR-MAR","article_publisher":"https:\/\/facebook.com\/mirmareshop","article_modified_time":"2021-04-19T17:41:11+00:00","og_image":[{"width":661,"height":348,"url":"https:\/\/i2.wp.com\/www.mirmar.sk\/wp-content\/uploads\/2021\/03\/19_1_1.jpg?fit=661%2C348&ssl=1","type":"image\/jpeg"}],"schema":{"@context":"https:\/\/schema.org","@graph":[{"@type":"WebPage","@id":"http:\/\/dafinoo.eu\/mirmar\/obchod\/uhlova-vrtacka-gwb-10-re-professional-bosch\/","url":"http:\/\/dafinoo.eu\/mirmar\/obchod\/uhlova-vrtacka-gwb-10-re-professional-bosch\/","name":"Uhlov\u00e1 v\u0155ta\u010dka GWB 10 RE Professional Bosch - MIR-MAR","isPartOf":{"@id":"http:\/\/dafinoo.eu\/mirmar\/#website"},"primaryImageOfPage":{"@id":"http:\/\/dafinoo.eu\/mirmar\/obchod\/uhlova-vrtacka-gwb-10-re-professional-bosch\/#primaryimage"},"image":{"@id":"http:\/\/dafinoo.eu\/mirmar\/obchod\/uhlova-vrtacka-gwb-10-re-professional-bosch\/#primaryimage"},"thumbnailUrl":"http:\/\/dafinoo.eu\/mirmar\/wp-content\/uploads\/2021\/03\/19_1_1.jpg","datePublished":"2021-03-15T16:22:50+00:00","dateModified":"2021-04-19T17:41:11+00:00","breadcrumb":{"@id":"http:\/\/dafinoo.eu\/mirmar\/obchod\/uhlova-vrtacka-gwb-10-re-professional-bosch\/#breadcrumb"},"inLanguage":"sk-SK","potentialAction":[{"@type":"ReadAction","target":["http:\/\/dafinoo.eu\/mirmar\/obchod\/uhlova-vrtacka-gwb-10-re-professional-bosch\/"]}]},{"@type":"ImageObject","inLanguage":"sk-SK","@id":"http:\/\/dafinoo.eu\/mirmar\/obchod\/uhlova-vrtacka-gwb-10-re-professional-bosch\/#primaryimage","url":"http:\/\/dafinoo.eu\/mirmar\/wp-content\/uploads\/2021\/03\/19_1_1.jpg","contentUrl":"http:\/\/dafinoo.eu\/mirmar\/wp-content\/uploads\/2021\/03\/19_1_1.jpg","width":661,"height":348},{"@type":"BreadcrumbList","@id":"http:\/\/dafinoo.eu\/mirmar\/obchod\/uhlova-vrtacka-gwb-10-re-professional-bosch\/#breadcrumb","itemListElement":[{"@type":"ListItem","position":1,"name":"Domovsk\u00e1 str\u00e1nka","item":"http:\/\/dafinoo.eu\/mirmar\/"},{"@type":"ListItem","position":2,"name":"Obchod","item":"http:\/\/dafinoo.eu\/mirmar\/obchod\/"},{"@type":"ListItem","position":3,"name":"Uhlov\u00e1 v\u0155ta\u010dka GWB 10 RE Professional Bosch"}]},{"@type":"WebSite","@id":"http:\/\/dafinoo.eu\/mirmar\/#website","url":"http:\/\/dafinoo.eu\/mirmar\/","name":"MIR-MAR","description":"Eshop s n\u00e1rad\u00edm","publisher":{"@id":"http:\/\/dafinoo.eu\/mirmar\/#organization"},"potentialAction":[{"@type":"SearchAction","target":{"@type":"EntryPoint","urlTemplate":"http:\/\/dafinoo.eu\/mirmar\/?s={search_term_string}"},"query-input":{"@type":"PropertyValueSpecification","valueRequired":true,"valueName":"search_term_string"}}],"inLanguage":"sk-SK"},{"@type":"Organization","@id":"http:\/\/dafinoo.eu\/mirmar\/#organization","name":"MIR-MAR","url":"http:\/\/dafinoo.eu\/mirmar\/","logo":{"@type":"ImageObject","inLanguage":"sk-SK","@id":"http:\/\/dafinoo.eu\/mirmar\/#\/schema\/logo\/image\/","url":"http:\/\/dafinoo.eu\/mirmar\/wp-content\/uploads\/2021\/03\/mirmar_logo.png","contentUrl":"http:\/\/dafinoo.eu\/mirmar\/wp-content\/uploads\/2021\/03\/mirmar_logo.png","width":256,"height":60,"caption":"MIR-MAR"},"image":{"@id":"http:\/\/dafinoo.eu\/mirmar\/#\/schema\/logo\/image\/"},"sameAs":["https:\/\/facebook.com\/mirmareshop"]}]}},"_links":{"self":[{"href":"http:\/\/dafinoo.eu\/mirmar\/wp-json\/wp\/v2\/product\/36261","targetHints":{"allow":["GET"]}}],"collection":[{"href":"http:\/\/dafinoo.eu\/mirmar\/wp-json\/wp\/v2\/product"}],"about":[{"href":"http:\/\/dafinoo.eu\/mirmar\/wp-json\/wp\/v2\/types\/product"}],"replies":[{"embeddable":true,"href":"http:\/\/dafinoo.eu\/mirmar\/wp-json\/wp\/v2\/comments?post=36261"}],"wp:featuredmedia":[{"embeddable":true,"href":"http:\/\/dafinoo.eu\/mirmar\/wp-json\/wp\/v2\/media\/36262"}],"wp:attachment":[{"href":"http:\/\/dafinoo.eu\/mirmar\/wp-json\/wp\/v2\/media?parent=36261"}],"wp:term":[{"taxonomy":"product_cat","embeddable":true,"href":"http:\/\/dafinoo.eu\/mirmar\/wp-json\/wp\/v2\/product_cat?post=36261"},{"taxonomy":"product_tag","embeddable":true,"href":"http:\/\/dafinoo.eu\/mirmar\/wp-json\/wp\/v2\/product_tag?post=36261"}],"curies":[{"name":"wp","href":"https:\/\/api.w.org\/{rel}","templated":true}]}}