{"id":36263,"date":"2021-03-15T17:23:02","date_gmt":"2021-03-15T16:23:02","guid":{"rendered":"http:\/\/dafinoo.eu\/mirmar\/product\/skrutkovac-s-hlbkovym-dorazom-gsr-6-45-te-professional\/"},"modified":"2021-04-21T15:29:02","modified_gmt":"2021-04-21T13:29:02","slug":"skrutkovac-s-hlbkovym-dorazom-gsr-6-45-te-professional","status":"publish","type":"product","link":"http:\/\/dafinoo.eu\/mirmar\/obchod\/skrutkovac-s-hlbkovym-dorazom-gsr-6-45-te-professional\/","title":{"rendered":"Bosch Skrutkova\u010d s h\u013abkov\u00fdm dorazom  GSR 6-45 TE Professional"},"content":{"rendered":"<p>R\u00fdchly a praktick\u00fd profesion\u00e1l na mont\u00e1\u017e sadrokart\u00f3nu<br \/>\nR\u00fdchly postup pr\u00e1ce pri upev\u0148ovan\u00ed sadrokart\u00f3nov\u00fdch dosiek a m\u00e4kk\u00e9ho dreva v\u010faka optim\u00e1lnemu s\u00faladu ot\u00e1\u010dok a kr\u00fatiaceho momentu vysokov\u00fdkonn\u00e9ho motora s pr\u00edkonom 701 W<br \/>\nPresn\u00e9 s\u00e9riov\u00e9 skrutkovanie s rovnakou h\u013abkou v\u010faka jednou rukou \u013eahko nastavite\u013en\u00e9mu h\u013abkov\u00e9mu dorazu a presnej vyp\u00ednacej spojke<br \/>\nKompaktn\u00e1 kon\u0161trukcia, komfortn\u00e1 rukov\u00e4\u0165 a \u0161irok\u00fd sp\u00edna\u010d na prid\u00e1vanie ot\u00e1\u010dok umo\u017e\u0148uj\u00fa menej unavuj\u00facu pr\u00e1cu v akejko\u013evek poz\u00edcii<br \/>\nRobustnos\u0165 v\u010faka kovov\u00e9mu krytu prevodovky a obj\u00edmky h\u013abkov\u00e9ho dorazu<br \/>\nElektronick\u00fd vyp\u00edna\u010d s areta\u010dn\u00fdm tla\u010didlom trval\u00e9ho chodu<br \/>\nPravo-\/\u013eavobe\u017en\u00fd chod<br \/>\nPraktick\u00e1 spona na opasok na zavesenie n\u00e1radia<\/p>\n","protected":false},"excerpt":{"rendered":"<p>Menovit\u00fd pr\u00edkon\t701 W<br \/>\nKr\u00fatiaci moment, max. (m\u00e4kk\u00fd skrutkov\u00fd spoj)\t12 Nm<br \/>\nUp\u00ednanie n\u00e1strojov\t1\/4&#8243; vn\u00fatorn\u00fd \u0161es\u0165hran<br \/>\nV\u00fdkon\t355 W<br \/>\nVo\u013enobe\u017en\u00e9 ot\u00e1\u010dky\t0 \u2013 4.500 min-1<br \/>\nHmotnos\u0165\t1,4 kg<br \/>\nD\u013a\u017eka\t280 mm<br \/>\nV\u00fd\u0161ka\t207 mm<br \/>\nMenovit\u00fd kr\u00fatiaci moment\t1,3 Nm<br \/>\nFunkcie<br \/>\nElektronika<br \/>\nPravo-\/\u013eavobe\u017en\u00fd chod<br \/>\nInform\u00e1cia o hlu\u010dnosti a vibr\u00e1ci\u00e1ch<br \/>\nHodnoty merania zisten\u00e9 pod\u013ea EN 60745<br \/>\nCelkov\u00e9 hodnoty vibr\u00e1ci\u00ed (s\u00fa\u010det vektorov v troch smeroch)<br \/>\nV\u0155tanie do kovov<br \/>\nHodnota emisie vibr\u00e1ci\u00ed ah\t2.5 m\/s\u00b2<br \/>\nNepresnos\u0165 K\t1.5 m\/s\u00b2<br \/>\nSkrutkovanie<br \/>\nHodnota emisie vibr\u00e1ci\u00ed ah\t2.5 m\/s\u00b2<br \/>\nNepresnos\u0165 K\t1.5 m\/s\u00b2<br \/>\n\u00darove\u0148 hluku elektrick\u00e9ho n\u00e1radia s hodnoten\u00edm A je typicky: hladina akustick\u00e9ho tlaku 85 dB(A); hladina akustick\u00e9ho v\u00fdkonu 96 dB(A). Neistota K= 3 dB.<\/p>\n","protected":false},"featured_media":36264,"comment_status":"closed","ping_status":"open","template":"","meta":{"_lmt_disableupdate":"","_lmt_disable":""},"product_cat":[3125,3106,3126],"product_tag":[],"class_list":{"0":"post-36263","1":"product","2":"type-product","3":"status-publish","4":"has-post-thumbnail","6":"product_cat-skrutkovace-razove-utahovace","7":"product_cat-bosch","8":"product_cat-skrutkovace-na-sadrokarton","9":"ts_product_brand-bosh","11":"first","12":"instock","13":"taxable","14":"shipping-taxable","15":"purchasable","16":"product-type-simple"},"yoast_head":"<!-- This site is optimized with the Yoast SEO plugin v27.3 - https:\/\/yoast.com\/product\/yoast-seo-wordpress\/ -->\n<title>Bosch Skrutkova\u010d s h\u013abkov\u00fdm dorazom GSR 6-45 TE Professional - MIR-MAR<\/title>\n<meta name=\"robots\" content=\"index, follow, max-snippet:-1, max-image-preview:large, max-video-preview:-1\" \/>\n<link rel=\"canonical\" href=\"http:\/\/dafinoo.eu\/mirmar\/obchod\/skrutkovac-s-hlbkovym-dorazom-gsr-6-45-te-professional\/\" \/>\n<meta property=\"og:locale\" content=\"sk_SK\" \/>\n<meta property=\"og:type\" content=\"article\" \/>\n<meta property=\"og:title\" content=\"Bosch Skrutkova\u010d s h\u013abkov\u00fdm dorazom GSR 6-45 TE Professional - MIR-MAR\" \/>\n<meta property=\"og:description\" content=\"Menovit\u00fd pr\u00edkon 701 W Kr\u00fatiaci moment, max. (m\u00e4kk\u00fd skrutkov\u00fd spoj) 12 Nm Up\u00ednanie n\u00e1strojov 1\/4&quot; vn\u00fatorn\u00fd \u0161es\u0165hran V\u00fdkon 355 W Vo\u013enobe\u017en\u00e9 ot\u00e1\u010dky 0 \u2013 4.500 min-1 Hmotnos\u0165 1,4 kg D\u013a\u017eka 280 mm V\u00fd\u0161ka 207 mm Menovit\u00fd kr\u00fatiaci moment 1,3 Nm Funkcie Elektronika Pravo-\/\u013eavobe\u017en\u00fd chod Inform\u00e1cia o hlu\u010dnosti a vibr\u00e1ci\u00e1ch Hodnoty merania zisten\u00e9 pod\u013ea EN 60745 Celkov\u00e9 hodnoty vibr\u00e1ci\u00ed (s\u00fa\u010det vektorov v troch smeroch) V\u0155tanie do kovov Hodnota emisie vibr\u00e1ci\u00ed ah 2.5 m\/s\u00b2 Nepresnos\u0165 K 1.5 m\/s\u00b2 Skrutkovanie Hodnota emisie vibr\u00e1ci\u00ed ah 2.5 m\/s\u00b2 Nepresnos\u0165 K 1.5 m\/s\u00b2 \u00darove\u0148 hluku elektrick\u00e9ho n\u00e1radia s hodnoten\u00edm A je typicky: hladina akustick\u00e9ho tlaku 85 dB(A); hladina akustick\u00e9ho v\u00fdkonu 96 dB(A). Neistota K= 3 dB.\" \/>\n<meta property=\"og:url\" content=\"http:\/\/dafinoo.eu\/mirmar\/obchod\/skrutkovac-s-hlbkovym-dorazom-gsr-6-45-te-professional\/\" \/>\n<meta property=\"og:site_name\" content=\"MIR-MAR\" \/>\n<meta property=\"article:publisher\" content=\"https:\/\/facebook.com\/mirmareshop\" \/>\n<meta property=\"article:modified_time\" content=\"2021-04-21T13:29:02+00:00\" \/>\n<meta property=\"og:image\" content=\"https:\/\/i2.wp.com\/www.mirmar.sk\/wp-content\/uploads\/2021\/03\/20_1_1.jpg?fit=661%2C348&ssl=1\" \/>\n\t<meta property=\"og:image:width\" content=\"661\" \/>\n\t<meta property=\"og:image:height\" content=\"348\" \/>\n\t<meta property=\"og:image:type\" content=\"image\/jpeg\" \/>\n<meta name=\"twitter:label1\" content=\"Predpokladan\u00fd \u010das \u010d\u00edtania\" \/>\n\t<meta name=\"twitter:data1\" content=\"1 min\u00fata\" \/>\n<script type=\"application\/ld+json\" class=\"yoast-schema-graph\">{\"@context\":\"https:\\\/\\\/schema.org\",\"@graph\":[{\"@type\":\"WebPage\",\"@id\":\"http:\\\/\\\/dafinoo.eu\\\/mirmar\\\/obchod\\\/skrutkovac-s-hlbkovym-dorazom-gsr-6-45-te-professional\\\/\",\"url\":\"http:\\\/\\\/dafinoo.eu\\\/mirmar\\\/obchod\\\/skrutkovac-s-hlbkovym-dorazom-gsr-6-45-te-professional\\\/\",\"name\":\"Bosch Skrutkova\u010d s h\u013abkov\u00fdm dorazom GSR 6-45 TE Professional - MIR-MAR\",\"isPartOf\":{\"@id\":\"http:\\\/\\\/dafinoo.eu\\\/mirmar\\\/#website\"},\"primaryImageOfPage\":{\"@id\":\"http:\\\/\\\/dafinoo.eu\\\/mirmar\\\/obchod\\\/skrutkovac-s-hlbkovym-dorazom-gsr-6-45-te-professional\\\/#primaryimage\"},\"image\":{\"@id\":\"http:\\\/\\\/dafinoo.eu\\\/mirmar\\\/obchod\\\/skrutkovac-s-hlbkovym-dorazom-gsr-6-45-te-professional\\\/#primaryimage\"},\"thumbnailUrl\":\"http:\\\/\\\/dafinoo.eu\\\/mirmar\\\/wp-content\\\/uploads\\\/2021\\\/03\\\/20_1_1.jpg\",\"datePublished\":\"2021-03-15T16:23:02+00:00\",\"dateModified\":\"2021-04-21T13:29:02+00:00\",\"breadcrumb\":{\"@id\":\"http:\\\/\\\/dafinoo.eu\\\/mirmar\\\/obchod\\\/skrutkovac-s-hlbkovym-dorazom-gsr-6-45-te-professional\\\/#breadcrumb\"},\"inLanguage\":\"sk-SK\",\"potentialAction\":[{\"@type\":\"ReadAction\",\"target\":[\"http:\\\/\\\/dafinoo.eu\\\/mirmar\\\/obchod\\\/skrutkovac-s-hlbkovym-dorazom-gsr-6-45-te-professional\\\/\"]}]},{\"@type\":\"ImageObject\",\"inLanguage\":\"sk-SK\",\"@id\":\"http:\\\/\\\/dafinoo.eu\\\/mirmar\\\/obchod\\\/skrutkovac-s-hlbkovym-dorazom-gsr-6-45-te-professional\\\/#primaryimage\",\"url\":\"http:\\\/\\\/dafinoo.eu\\\/mirmar\\\/wp-content\\\/uploads\\\/2021\\\/03\\\/20_1_1.jpg\",\"contentUrl\":\"http:\\\/\\\/dafinoo.eu\\\/mirmar\\\/wp-content\\\/uploads\\\/2021\\\/03\\\/20_1_1.jpg\",\"width\":661,\"height\":348},{\"@type\":\"BreadcrumbList\",\"@id\":\"http:\\\/\\\/dafinoo.eu\\\/mirmar\\\/obchod\\\/skrutkovac-s-hlbkovym-dorazom-gsr-6-45-te-professional\\\/#breadcrumb\",\"itemListElement\":[{\"@type\":\"ListItem\",\"position\":1,\"name\":\"Domovsk\u00e1 str\u00e1nka\",\"item\":\"http:\\\/\\\/dafinoo.eu\\\/mirmar\\\/\"},{\"@type\":\"ListItem\",\"position\":2,\"name\":\"Obchod\",\"item\":\"http:\\\/\\\/dafinoo.eu\\\/mirmar\\\/obchod\\\/\"},{\"@type\":\"ListItem\",\"position\":3,\"name\":\"Bosch Skrutkova\u010d s h\u013abkov\u00fdm dorazom GSR 6-45 TE Professional\"}]},{\"@type\":\"WebSite\",\"@id\":\"http:\\\/\\\/dafinoo.eu\\\/mirmar\\\/#website\",\"url\":\"http:\\\/\\\/dafinoo.eu\\\/mirmar\\\/\",\"name\":\"MIR-MAR\",\"description\":\"Eshop s n\u00e1rad\u00edm\",\"publisher\":{\"@id\":\"http:\\\/\\\/dafinoo.eu\\\/mirmar\\\/#organization\"},\"potentialAction\":[{\"@type\":\"SearchAction\",\"target\":{\"@type\":\"EntryPoint\",\"urlTemplate\":\"http:\\\/\\\/dafinoo.eu\\\/mirmar\\\/?s={search_term_string}\"},\"query-input\":{\"@type\":\"PropertyValueSpecification\",\"valueRequired\":true,\"valueName\":\"search_term_string\"}}],\"inLanguage\":\"sk-SK\"},{\"@type\":\"Organization\",\"@id\":\"http:\\\/\\\/dafinoo.eu\\\/mirmar\\\/#organization\",\"name\":\"MIR-MAR\",\"url\":\"http:\\\/\\\/dafinoo.eu\\\/mirmar\\\/\",\"logo\":{\"@type\":\"ImageObject\",\"inLanguage\":\"sk-SK\",\"@id\":\"http:\\\/\\\/dafinoo.eu\\\/mirmar\\\/#\\\/schema\\\/logo\\\/image\\\/\",\"url\":\"http:\\\/\\\/dafinoo.eu\\\/mirmar\\\/wp-content\\\/uploads\\\/2021\\\/03\\\/mirmar_logo.png\",\"contentUrl\":\"http:\\\/\\\/dafinoo.eu\\\/mirmar\\\/wp-content\\\/uploads\\\/2021\\\/03\\\/mirmar_logo.png\",\"width\":256,\"height\":60,\"caption\":\"MIR-MAR\"},\"image\":{\"@id\":\"http:\\\/\\\/dafinoo.eu\\\/mirmar\\\/#\\\/schema\\\/logo\\\/image\\\/\"},\"sameAs\":[\"https:\\\/\\\/facebook.com\\\/mirmareshop\"]}]}<\/script>\n<!-- \/ Yoast SEO plugin. -->","yoast_head_json":{"title":"Bosch Skrutkova\u010d s h\u013abkov\u00fdm dorazom GSR 6-45 TE Professional - MIR-MAR","robots":{"index":"index","follow":"follow","max-snippet":"max-snippet:-1","max-image-preview":"max-image-preview:large","max-video-preview":"max-video-preview:-1"},"canonical":"http:\/\/dafinoo.eu\/mirmar\/obchod\/skrutkovac-s-hlbkovym-dorazom-gsr-6-45-te-professional\/","og_locale":"sk_SK","og_type":"article","og_title":"Bosch Skrutkova\u010d s h\u013abkov\u00fdm dorazom GSR 6-45 TE Professional - MIR-MAR","og_description":"Menovit\u00fd pr\u00edkon 701 W Kr\u00fatiaci moment, max. (m\u00e4kk\u00fd skrutkov\u00fd spoj) 12 Nm Up\u00ednanie n\u00e1strojov 1\/4\" vn\u00fatorn\u00fd \u0161es\u0165hran V\u00fdkon 355 W Vo\u013enobe\u017en\u00e9 ot\u00e1\u010dky 0 \u2013 4.500 min-1 Hmotnos\u0165 1,4 kg D\u013a\u017eka 280 mm V\u00fd\u0161ka 207 mm Menovit\u00fd kr\u00fatiaci moment 1,3 Nm Funkcie Elektronika Pravo-\/\u013eavobe\u017en\u00fd chod Inform\u00e1cia o hlu\u010dnosti a vibr\u00e1ci\u00e1ch Hodnoty merania zisten\u00e9 pod\u013ea EN 60745 Celkov\u00e9 hodnoty vibr\u00e1ci\u00ed (s\u00fa\u010det vektorov v troch smeroch) V\u0155tanie do kovov Hodnota emisie vibr\u00e1ci\u00ed ah 2.5 m\/s\u00b2 Nepresnos\u0165 K 1.5 m\/s\u00b2 Skrutkovanie Hodnota emisie vibr\u00e1ci\u00ed ah 2.5 m\/s\u00b2 Nepresnos\u0165 K 1.5 m\/s\u00b2 \u00darove\u0148 hluku elektrick\u00e9ho n\u00e1radia s hodnoten\u00edm A je typicky: hladina akustick\u00e9ho tlaku 85 dB(A); hladina akustick\u00e9ho v\u00fdkonu 96 dB(A). Neistota K= 3 dB.","og_url":"http:\/\/dafinoo.eu\/mirmar\/obchod\/skrutkovac-s-hlbkovym-dorazom-gsr-6-45-te-professional\/","og_site_name":"MIR-MAR","article_publisher":"https:\/\/facebook.com\/mirmareshop","article_modified_time":"2021-04-21T13:29:02+00:00","og_image":[{"width":661,"height":348,"url":"https:\/\/i2.wp.com\/www.mirmar.sk\/wp-content\/uploads\/2021\/03\/20_1_1.jpg?fit=661%2C348&ssl=1","type":"image\/jpeg"}],"twitter_misc":{"Predpokladan\u00fd \u010das \u010d\u00edtania":"1 min\u00fata"},"schema":{"@context":"https:\/\/schema.org","@graph":[{"@type":"WebPage","@id":"http:\/\/dafinoo.eu\/mirmar\/obchod\/skrutkovac-s-hlbkovym-dorazom-gsr-6-45-te-professional\/","url":"http:\/\/dafinoo.eu\/mirmar\/obchod\/skrutkovac-s-hlbkovym-dorazom-gsr-6-45-te-professional\/","name":"Bosch Skrutkova\u010d s h\u013abkov\u00fdm dorazom GSR 6-45 TE Professional - MIR-MAR","isPartOf":{"@id":"http:\/\/dafinoo.eu\/mirmar\/#website"},"primaryImageOfPage":{"@id":"http:\/\/dafinoo.eu\/mirmar\/obchod\/skrutkovac-s-hlbkovym-dorazom-gsr-6-45-te-professional\/#primaryimage"},"image":{"@id":"http:\/\/dafinoo.eu\/mirmar\/obchod\/skrutkovac-s-hlbkovym-dorazom-gsr-6-45-te-professional\/#primaryimage"},"thumbnailUrl":"http:\/\/dafinoo.eu\/mirmar\/wp-content\/uploads\/2021\/03\/20_1_1.jpg","datePublished":"2021-03-15T16:23:02+00:00","dateModified":"2021-04-21T13:29:02+00:00","breadcrumb":{"@id":"http:\/\/dafinoo.eu\/mirmar\/obchod\/skrutkovac-s-hlbkovym-dorazom-gsr-6-45-te-professional\/#breadcrumb"},"inLanguage":"sk-SK","potentialAction":[{"@type":"ReadAction","target":["http:\/\/dafinoo.eu\/mirmar\/obchod\/skrutkovac-s-hlbkovym-dorazom-gsr-6-45-te-professional\/"]}]},{"@type":"ImageObject","inLanguage":"sk-SK","@id":"http:\/\/dafinoo.eu\/mirmar\/obchod\/skrutkovac-s-hlbkovym-dorazom-gsr-6-45-te-professional\/#primaryimage","url":"http:\/\/dafinoo.eu\/mirmar\/wp-content\/uploads\/2021\/03\/20_1_1.jpg","contentUrl":"http:\/\/dafinoo.eu\/mirmar\/wp-content\/uploads\/2021\/03\/20_1_1.jpg","width":661,"height":348},{"@type":"BreadcrumbList","@id":"http:\/\/dafinoo.eu\/mirmar\/obchod\/skrutkovac-s-hlbkovym-dorazom-gsr-6-45-te-professional\/#breadcrumb","itemListElement":[{"@type":"ListItem","position":1,"name":"Domovsk\u00e1 str\u00e1nka","item":"http:\/\/dafinoo.eu\/mirmar\/"},{"@type":"ListItem","position":2,"name":"Obchod","item":"http:\/\/dafinoo.eu\/mirmar\/obchod\/"},{"@type":"ListItem","position":3,"name":"Bosch Skrutkova\u010d s h\u013abkov\u00fdm dorazom GSR 6-45 TE Professional"}]},{"@type":"WebSite","@id":"http:\/\/dafinoo.eu\/mirmar\/#website","url":"http:\/\/dafinoo.eu\/mirmar\/","name":"MIR-MAR","description":"Eshop s n\u00e1rad\u00edm","publisher":{"@id":"http:\/\/dafinoo.eu\/mirmar\/#organization"},"potentialAction":[{"@type":"SearchAction","target":{"@type":"EntryPoint","urlTemplate":"http:\/\/dafinoo.eu\/mirmar\/?s={search_term_string}"},"query-input":{"@type":"PropertyValueSpecification","valueRequired":true,"valueName":"search_term_string"}}],"inLanguage":"sk-SK"},{"@type":"Organization","@id":"http:\/\/dafinoo.eu\/mirmar\/#organization","name":"MIR-MAR","url":"http:\/\/dafinoo.eu\/mirmar\/","logo":{"@type":"ImageObject","inLanguage":"sk-SK","@id":"http:\/\/dafinoo.eu\/mirmar\/#\/schema\/logo\/image\/","url":"http:\/\/dafinoo.eu\/mirmar\/wp-content\/uploads\/2021\/03\/mirmar_logo.png","contentUrl":"http:\/\/dafinoo.eu\/mirmar\/wp-content\/uploads\/2021\/03\/mirmar_logo.png","width":256,"height":60,"caption":"MIR-MAR"},"image":{"@id":"http:\/\/dafinoo.eu\/mirmar\/#\/schema\/logo\/image\/"},"sameAs":["https:\/\/facebook.com\/mirmareshop"]}]}},"_links":{"self":[{"href":"http:\/\/dafinoo.eu\/mirmar\/wp-json\/wp\/v2\/product\/36263","targetHints":{"allow":["GET"]}}],"collection":[{"href":"http:\/\/dafinoo.eu\/mirmar\/wp-json\/wp\/v2\/product"}],"about":[{"href":"http:\/\/dafinoo.eu\/mirmar\/wp-json\/wp\/v2\/types\/product"}],"replies":[{"embeddable":true,"href":"http:\/\/dafinoo.eu\/mirmar\/wp-json\/wp\/v2\/comments?post=36263"}],"wp:featuredmedia":[{"embeddable":true,"href":"http:\/\/dafinoo.eu\/mirmar\/wp-json\/wp\/v2\/media\/36264"}],"wp:attachment":[{"href":"http:\/\/dafinoo.eu\/mirmar\/wp-json\/wp\/v2\/media?parent=36263"}],"wp:term":[{"taxonomy":"product_cat","embeddable":true,"href":"http:\/\/dafinoo.eu\/mirmar\/wp-json\/wp\/v2\/product_cat?post=36263"},{"taxonomy":"product_tag","embeddable":true,"href":"http:\/\/dafinoo.eu\/mirmar\/wp-json\/wp\/v2\/product_tag?post=36263"}],"curies":[{"name":"wp","href":"https:\/\/api.w.org\/{rel}","templated":true}]}}