{"id":36269,"date":"2021-03-15T17:23:02","date_gmt":"2021-03-15T16:23:02","guid":{"rendered":"http:\/\/dafinoo.eu\/mirmar\/product\/bosch-razove-utahovace-gds-24-professional-bosch\/"},"modified":"2021-04-19T19:41:22","modified_gmt":"2021-04-19T17:41:22","slug":"bosch-razove-utahovace-gds-24-professional-bosch","status":"publish","type":"product","link":"http:\/\/dafinoo.eu\/mirmar\/obchod\/bosch-razove-utahovace-gds-24-professional-bosch\/","title":{"rendered":"Bosch R\u00e1zov\u00e9 u\u0165ahova\u010de  GDS 24 Professional Bosch"},"content":{"rendered":"<p>V\u00fdkonn\u00fd pre mont\u00e1\u017e strojov<br \/>\nNa mont\u00e1\u017e kolies n\u00e1kladn\u00fdch automobilov, u\u0165ahovanie skrutkov\u00fdch spojov v stroj\u00e1rskom priemysle, ako i na mont\u00e1\u017e kotlov a potrub\u00ed<br \/>\nPr\u00eddavn\u00e1 rukov\u00e4\u0165 s oporn\u00fdm tanierom, montovate\u013en\u00fd v dvoch poloh\u00e1ch pre lep\u0161iu manipul\u00e1ciu<br \/>\nSo z\u00e1vesn\u00fdm zariaden\u00edm na upevnenie na nav\u00edjaciu kladku<br \/>\nCharpyho pr\u00edklepov\u00fd mechanizmus s n\u00edzkou sp\u00e4tnou reakciou a dlhou \u017eivotnos\u0165ou<br \/>\nVysok\u00fd r\u00e1zov\u00fd v\u00fdkon pri n\u00edzkej hmotnosti<br \/>\nPravo-\/\u013eavobe\u017en\u00fd chod na u\u0165ahovanie a povo\u013eovanie<br \/>\nTorzn\u00e9 ty\u010de (osobitn\u00e9 pr\u00edslu\u0161enstvo), zaru\u010duj\u00face presn\u00e9 dodr\u017eanie po\u017eadovan\u00e9ho kr\u00fatiaceho momentu<br \/>\n\u013dahko vymenite\u013en\u00e9 vkladacie n\u00e1stroje<\/p>\n","protected":false},"excerpt":{"rendered":"<p>Menovit\u00fd pr\u00edkon\t800 W<br \/>\nKr\u00fatiaci moment, max. (tuh\u00fd skrutkov\u00fd spoj)\t600 Nm<br \/>\nKr\u00fatiaci moment, max. (m\u00e4kk\u00fd skrutkov\u00fd spoj)\t300 Nm<br \/>\nUp\u00ednanie n\u00e1strojov\t3\/4&#8243; vonkaj\u0161\u00ed \u0161tvorhran<br \/>\nMenovit\u00e9 ot\u00e1\u010dky\t950 min-1<br \/>\nHmotnos\u0165\t5,7 kg<br \/>\nD\u013a\u017eka\t416 mm<br \/>\nV\u00fd\u0161ka\t436 mm<br \/>\nFunkcie<br \/>\nPravo-\/\u013eavobe\u017en\u00fd chod<br \/>\nInform\u00e1cia o hlu\u010dnosti a vibr\u00e1ci\u00e1ch<br \/>\nHodnoty merania zisten\u00e9 pod\u013ea EN 60745<br \/>\nCelkov\u00e9 hodnoty vibr\u00e1ci\u00ed (s\u00fa\u010det vektorov v troch smeroch)<br \/>\nU\u0165ahovanie skrutiek a mat\u00edc maxim\u00e1lne pr\u00edpustnej ve\u013ekosti<br \/>\nHodnota emisie vibr\u00e1ci\u00ed ah\t4.0 m\/s\u00b2<br \/>\nNepresnos\u0165 K\t0.5 m\/s\u00b2<br \/>\n\u00darove\u0148 hluku elektrick\u00e9ho n\u00e1radia s hodnoten\u00edm A je typicky: hladina akustick\u00e9ho tlaku 100 dB(A); hladina akustick\u00e9ho v\u00fdkonu 113 dB(A). Neistota K= 3 dB.<\/p>\n","protected":false},"featured_media":36270,"comment_status":"closed","ping_status":"open","template":"","meta":{"_lmt_disableupdate":"","_lmt_disable":""},"product_cat":[3125,3106,3127],"product_tag":[],"class_list":{"0":"post-36269","1":"product","2":"type-product","3":"status-publish","4":"has-post-thumbnail","6":"product_cat-skrutkovace-razove-utahovace","7":"product_cat-bosch","8":"product_cat-razove-utahovace-skrutkovace-razove-utahovace","9":"ts_product_brand-bosh","11":"first","12":"instock","13":"taxable","14":"shipping-taxable","15":"purchasable","16":"product-type-simple"},"yoast_head":"<!-- This site is optimized with the Yoast SEO plugin v27.3 - https:\/\/yoast.com\/product\/yoast-seo-wordpress\/ -->\n<title>Bosch R\u00e1zov\u00e9 u\u0165ahova\u010de GDS 24 Professional Bosch - MIR-MAR<\/title>\n<meta name=\"robots\" content=\"index, follow, max-snippet:-1, max-image-preview:large, max-video-preview:-1\" \/>\n<link rel=\"canonical\" href=\"http:\/\/dafinoo.eu\/mirmar\/obchod\/bosch-razove-utahovace-gds-24-professional-bosch\/\" \/>\n<meta property=\"og:locale\" content=\"sk_SK\" \/>\n<meta property=\"og:type\" content=\"article\" \/>\n<meta property=\"og:title\" content=\"Bosch R\u00e1zov\u00e9 u\u0165ahova\u010de GDS 24 Professional Bosch - MIR-MAR\" \/>\n<meta property=\"og:description\" content=\"Menovit\u00fd pr\u00edkon 800 W Kr\u00fatiaci moment, max. (tuh\u00fd skrutkov\u00fd spoj) 600 Nm Kr\u00fatiaci moment, max. (m\u00e4kk\u00fd skrutkov\u00fd spoj) 300 Nm Up\u00ednanie n\u00e1strojov 3\/4&quot; vonkaj\u0161\u00ed \u0161tvorhran Menovit\u00e9 ot\u00e1\u010dky 950 min-1 Hmotnos\u0165 5,7 kg D\u013a\u017eka 416 mm V\u00fd\u0161ka 436 mm Funkcie Pravo-\/\u013eavobe\u017en\u00fd chod Inform\u00e1cia o hlu\u010dnosti a vibr\u00e1ci\u00e1ch Hodnoty merania zisten\u00e9 pod\u013ea EN 60745 Celkov\u00e9 hodnoty vibr\u00e1ci\u00ed (s\u00fa\u010det vektorov v troch smeroch) U\u0165ahovanie skrutiek a mat\u00edc maxim\u00e1lne pr\u00edpustnej ve\u013ekosti Hodnota emisie vibr\u00e1ci\u00ed ah 4.0 m\/s\u00b2 Nepresnos\u0165 K 0.5 m\/s\u00b2 \u00darove\u0148 hluku elektrick\u00e9ho n\u00e1radia s hodnoten\u00edm A je typicky: hladina akustick\u00e9ho tlaku 100 dB(A); hladina akustick\u00e9ho v\u00fdkonu 113 dB(A). Neistota K= 3 dB.\" \/>\n<meta property=\"og:url\" content=\"http:\/\/dafinoo.eu\/mirmar\/obchod\/bosch-razove-utahovace-gds-24-professional-bosch\/\" \/>\n<meta property=\"og:site_name\" content=\"MIR-MAR\" \/>\n<meta property=\"article:publisher\" content=\"https:\/\/facebook.com\/mirmareshop\" \/>\n<meta property=\"article:modified_time\" content=\"2021-04-19T17:41:22+00:00\" \/>\n<meta property=\"og:image\" content=\"https:\/\/i2.wp.com\/www.mirmar.sk\/wp-content\/uploads\/2021\/03\/24_1_1.jpg?fit=661%2C348&ssl=1\" \/>\n\t<meta property=\"og:image:width\" content=\"661\" \/>\n\t<meta property=\"og:image:height\" content=\"348\" \/>\n\t<meta property=\"og:image:type\" content=\"image\/jpeg\" \/>\n<meta name=\"twitter:label1\" content=\"Predpokladan\u00fd \u010das \u010d\u00edtania\" \/>\n\t<meta name=\"twitter:data1\" content=\"1 min\u00fata\" \/>\n<script type=\"application\/ld+json\" class=\"yoast-schema-graph\">{\"@context\":\"https:\\\/\\\/schema.org\",\"@graph\":[{\"@type\":\"WebPage\",\"@id\":\"http:\\\/\\\/dafinoo.eu\\\/mirmar\\\/obchod\\\/bosch-razove-utahovace-gds-24-professional-bosch\\\/\",\"url\":\"http:\\\/\\\/dafinoo.eu\\\/mirmar\\\/obchod\\\/bosch-razove-utahovace-gds-24-professional-bosch\\\/\",\"name\":\"Bosch R\u00e1zov\u00e9 u\u0165ahova\u010de GDS 24 Professional Bosch - MIR-MAR\",\"isPartOf\":{\"@id\":\"http:\\\/\\\/dafinoo.eu\\\/mirmar\\\/#website\"},\"primaryImageOfPage\":{\"@id\":\"http:\\\/\\\/dafinoo.eu\\\/mirmar\\\/obchod\\\/bosch-razove-utahovace-gds-24-professional-bosch\\\/#primaryimage\"},\"image\":{\"@id\":\"http:\\\/\\\/dafinoo.eu\\\/mirmar\\\/obchod\\\/bosch-razove-utahovace-gds-24-professional-bosch\\\/#primaryimage\"},\"thumbnailUrl\":\"http:\\\/\\\/dafinoo.eu\\\/mirmar\\\/wp-content\\\/uploads\\\/2021\\\/03\\\/24_1_1.jpg\",\"datePublished\":\"2021-03-15T16:23:02+00:00\",\"dateModified\":\"2021-04-19T17:41:22+00:00\",\"breadcrumb\":{\"@id\":\"http:\\\/\\\/dafinoo.eu\\\/mirmar\\\/obchod\\\/bosch-razove-utahovace-gds-24-professional-bosch\\\/#breadcrumb\"},\"inLanguage\":\"sk-SK\",\"potentialAction\":[{\"@type\":\"ReadAction\",\"target\":[\"http:\\\/\\\/dafinoo.eu\\\/mirmar\\\/obchod\\\/bosch-razove-utahovace-gds-24-professional-bosch\\\/\"]}]},{\"@type\":\"ImageObject\",\"inLanguage\":\"sk-SK\",\"@id\":\"http:\\\/\\\/dafinoo.eu\\\/mirmar\\\/obchod\\\/bosch-razove-utahovace-gds-24-professional-bosch\\\/#primaryimage\",\"url\":\"http:\\\/\\\/dafinoo.eu\\\/mirmar\\\/wp-content\\\/uploads\\\/2021\\\/03\\\/24_1_1.jpg\",\"contentUrl\":\"http:\\\/\\\/dafinoo.eu\\\/mirmar\\\/wp-content\\\/uploads\\\/2021\\\/03\\\/24_1_1.jpg\",\"width\":661,\"height\":348},{\"@type\":\"BreadcrumbList\",\"@id\":\"http:\\\/\\\/dafinoo.eu\\\/mirmar\\\/obchod\\\/bosch-razove-utahovace-gds-24-professional-bosch\\\/#breadcrumb\",\"itemListElement\":[{\"@type\":\"ListItem\",\"position\":1,\"name\":\"Domovsk\u00e1 str\u00e1nka\",\"item\":\"http:\\\/\\\/dafinoo.eu\\\/mirmar\\\/\"},{\"@type\":\"ListItem\",\"position\":2,\"name\":\"Obchod\",\"item\":\"http:\\\/\\\/dafinoo.eu\\\/mirmar\\\/obchod\\\/\"},{\"@type\":\"ListItem\",\"position\":3,\"name\":\"Bosch R\u00e1zov\u00e9 u\u0165ahova\u010de GDS 24 Professional Bosch\"}]},{\"@type\":\"WebSite\",\"@id\":\"http:\\\/\\\/dafinoo.eu\\\/mirmar\\\/#website\",\"url\":\"http:\\\/\\\/dafinoo.eu\\\/mirmar\\\/\",\"name\":\"MIR-MAR\",\"description\":\"Eshop s n\u00e1rad\u00edm\",\"publisher\":{\"@id\":\"http:\\\/\\\/dafinoo.eu\\\/mirmar\\\/#organization\"},\"potentialAction\":[{\"@type\":\"SearchAction\",\"target\":{\"@type\":\"EntryPoint\",\"urlTemplate\":\"http:\\\/\\\/dafinoo.eu\\\/mirmar\\\/?s={search_term_string}\"},\"query-input\":{\"@type\":\"PropertyValueSpecification\",\"valueRequired\":true,\"valueName\":\"search_term_string\"}}],\"inLanguage\":\"sk-SK\"},{\"@type\":\"Organization\",\"@id\":\"http:\\\/\\\/dafinoo.eu\\\/mirmar\\\/#organization\",\"name\":\"MIR-MAR\",\"url\":\"http:\\\/\\\/dafinoo.eu\\\/mirmar\\\/\",\"logo\":{\"@type\":\"ImageObject\",\"inLanguage\":\"sk-SK\",\"@id\":\"http:\\\/\\\/dafinoo.eu\\\/mirmar\\\/#\\\/schema\\\/logo\\\/image\\\/\",\"url\":\"http:\\\/\\\/dafinoo.eu\\\/mirmar\\\/wp-content\\\/uploads\\\/2021\\\/03\\\/mirmar_logo.png\",\"contentUrl\":\"http:\\\/\\\/dafinoo.eu\\\/mirmar\\\/wp-content\\\/uploads\\\/2021\\\/03\\\/mirmar_logo.png\",\"width\":256,\"height\":60,\"caption\":\"MIR-MAR\"},\"image\":{\"@id\":\"http:\\\/\\\/dafinoo.eu\\\/mirmar\\\/#\\\/schema\\\/logo\\\/image\\\/\"},\"sameAs\":[\"https:\\\/\\\/facebook.com\\\/mirmareshop\"]}]}<\/script>\n<!-- \/ Yoast SEO plugin. -->","yoast_head_json":{"title":"Bosch R\u00e1zov\u00e9 u\u0165ahova\u010de GDS 24 Professional Bosch - MIR-MAR","robots":{"index":"index","follow":"follow","max-snippet":"max-snippet:-1","max-image-preview":"max-image-preview:large","max-video-preview":"max-video-preview:-1"},"canonical":"http:\/\/dafinoo.eu\/mirmar\/obchod\/bosch-razove-utahovace-gds-24-professional-bosch\/","og_locale":"sk_SK","og_type":"article","og_title":"Bosch R\u00e1zov\u00e9 u\u0165ahova\u010de GDS 24 Professional Bosch - MIR-MAR","og_description":"Menovit\u00fd pr\u00edkon 800 W Kr\u00fatiaci moment, max. (tuh\u00fd skrutkov\u00fd spoj) 600 Nm Kr\u00fatiaci moment, max. (m\u00e4kk\u00fd skrutkov\u00fd spoj) 300 Nm Up\u00ednanie n\u00e1strojov 3\/4\" vonkaj\u0161\u00ed \u0161tvorhran Menovit\u00e9 ot\u00e1\u010dky 950 min-1 Hmotnos\u0165 5,7 kg D\u013a\u017eka 416 mm V\u00fd\u0161ka 436 mm Funkcie Pravo-\/\u013eavobe\u017en\u00fd chod Inform\u00e1cia o hlu\u010dnosti a vibr\u00e1ci\u00e1ch Hodnoty merania zisten\u00e9 pod\u013ea EN 60745 Celkov\u00e9 hodnoty vibr\u00e1ci\u00ed (s\u00fa\u010det vektorov v troch smeroch) U\u0165ahovanie skrutiek a mat\u00edc maxim\u00e1lne pr\u00edpustnej ve\u013ekosti Hodnota emisie vibr\u00e1ci\u00ed ah 4.0 m\/s\u00b2 Nepresnos\u0165 K 0.5 m\/s\u00b2 \u00darove\u0148 hluku elektrick\u00e9ho n\u00e1radia s hodnoten\u00edm A je typicky: hladina akustick\u00e9ho tlaku 100 dB(A); hladina akustick\u00e9ho v\u00fdkonu 113 dB(A). Neistota K= 3 dB.","og_url":"http:\/\/dafinoo.eu\/mirmar\/obchod\/bosch-razove-utahovace-gds-24-professional-bosch\/","og_site_name":"MIR-MAR","article_publisher":"https:\/\/facebook.com\/mirmareshop","article_modified_time":"2021-04-19T17:41:22+00:00","og_image":[{"width":661,"height":348,"url":"https:\/\/i2.wp.com\/www.mirmar.sk\/wp-content\/uploads\/2021\/03\/24_1_1.jpg?fit=661%2C348&ssl=1","type":"image\/jpeg"}],"twitter_misc":{"Predpokladan\u00fd \u010das \u010d\u00edtania":"1 min\u00fata"},"schema":{"@context":"https:\/\/schema.org","@graph":[{"@type":"WebPage","@id":"http:\/\/dafinoo.eu\/mirmar\/obchod\/bosch-razove-utahovace-gds-24-professional-bosch\/","url":"http:\/\/dafinoo.eu\/mirmar\/obchod\/bosch-razove-utahovace-gds-24-professional-bosch\/","name":"Bosch R\u00e1zov\u00e9 u\u0165ahova\u010de GDS 24 Professional Bosch - MIR-MAR","isPartOf":{"@id":"http:\/\/dafinoo.eu\/mirmar\/#website"},"primaryImageOfPage":{"@id":"http:\/\/dafinoo.eu\/mirmar\/obchod\/bosch-razove-utahovace-gds-24-professional-bosch\/#primaryimage"},"image":{"@id":"http:\/\/dafinoo.eu\/mirmar\/obchod\/bosch-razove-utahovace-gds-24-professional-bosch\/#primaryimage"},"thumbnailUrl":"http:\/\/dafinoo.eu\/mirmar\/wp-content\/uploads\/2021\/03\/24_1_1.jpg","datePublished":"2021-03-15T16:23:02+00:00","dateModified":"2021-04-19T17:41:22+00:00","breadcrumb":{"@id":"http:\/\/dafinoo.eu\/mirmar\/obchod\/bosch-razove-utahovace-gds-24-professional-bosch\/#breadcrumb"},"inLanguage":"sk-SK","potentialAction":[{"@type":"ReadAction","target":["http:\/\/dafinoo.eu\/mirmar\/obchod\/bosch-razove-utahovace-gds-24-professional-bosch\/"]}]},{"@type":"ImageObject","inLanguage":"sk-SK","@id":"http:\/\/dafinoo.eu\/mirmar\/obchod\/bosch-razove-utahovace-gds-24-professional-bosch\/#primaryimage","url":"http:\/\/dafinoo.eu\/mirmar\/wp-content\/uploads\/2021\/03\/24_1_1.jpg","contentUrl":"http:\/\/dafinoo.eu\/mirmar\/wp-content\/uploads\/2021\/03\/24_1_1.jpg","width":661,"height":348},{"@type":"BreadcrumbList","@id":"http:\/\/dafinoo.eu\/mirmar\/obchod\/bosch-razove-utahovace-gds-24-professional-bosch\/#breadcrumb","itemListElement":[{"@type":"ListItem","position":1,"name":"Domovsk\u00e1 str\u00e1nka","item":"http:\/\/dafinoo.eu\/mirmar\/"},{"@type":"ListItem","position":2,"name":"Obchod","item":"http:\/\/dafinoo.eu\/mirmar\/obchod\/"},{"@type":"ListItem","position":3,"name":"Bosch R\u00e1zov\u00e9 u\u0165ahova\u010de GDS 24 Professional Bosch"}]},{"@type":"WebSite","@id":"http:\/\/dafinoo.eu\/mirmar\/#website","url":"http:\/\/dafinoo.eu\/mirmar\/","name":"MIR-MAR","description":"Eshop s n\u00e1rad\u00edm","publisher":{"@id":"http:\/\/dafinoo.eu\/mirmar\/#organization"},"potentialAction":[{"@type":"SearchAction","target":{"@type":"EntryPoint","urlTemplate":"http:\/\/dafinoo.eu\/mirmar\/?s={search_term_string}"},"query-input":{"@type":"PropertyValueSpecification","valueRequired":true,"valueName":"search_term_string"}}],"inLanguage":"sk-SK"},{"@type":"Organization","@id":"http:\/\/dafinoo.eu\/mirmar\/#organization","name":"MIR-MAR","url":"http:\/\/dafinoo.eu\/mirmar\/","logo":{"@type":"ImageObject","inLanguage":"sk-SK","@id":"http:\/\/dafinoo.eu\/mirmar\/#\/schema\/logo\/image\/","url":"http:\/\/dafinoo.eu\/mirmar\/wp-content\/uploads\/2021\/03\/mirmar_logo.png","contentUrl":"http:\/\/dafinoo.eu\/mirmar\/wp-content\/uploads\/2021\/03\/mirmar_logo.png","width":256,"height":60,"caption":"MIR-MAR"},"image":{"@id":"http:\/\/dafinoo.eu\/mirmar\/#\/schema\/logo\/image\/"},"sameAs":["https:\/\/facebook.com\/mirmareshop"]}]}},"_links":{"self":[{"href":"http:\/\/dafinoo.eu\/mirmar\/wp-json\/wp\/v2\/product\/36269","targetHints":{"allow":["GET"]}}],"collection":[{"href":"http:\/\/dafinoo.eu\/mirmar\/wp-json\/wp\/v2\/product"}],"about":[{"href":"http:\/\/dafinoo.eu\/mirmar\/wp-json\/wp\/v2\/types\/product"}],"replies":[{"embeddable":true,"href":"http:\/\/dafinoo.eu\/mirmar\/wp-json\/wp\/v2\/comments?post=36269"}],"wp:featuredmedia":[{"embeddable":true,"href":"http:\/\/dafinoo.eu\/mirmar\/wp-json\/wp\/v2\/media\/36270"}],"wp:attachment":[{"href":"http:\/\/dafinoo.eu\/mirmar\/wp-json\/wp\/v2\/media?parent=36269"}],"wp:term":[{"taxonomy":"product_cat","embeddable":true,"href":"http:\/\/dafinoo.eu\/mirmar\/wp-json\/wp\/v2\/product_cat?post=36269"},{"taxonomy":"product_tag","embeddable":true,"href":"http:\/\/dafinoo.eu\/mirmar\/wp-json\/wp\/v2\/product_tag?post=36269"}],"curies":[{"name":"wp","href":"https:\/\/api.w.org\/{rel}","templated":true}]}}