{"id":36273,"date":"2021-03-15T17:23:02","date_gmt":"2021-03-15T16:23:02","guid":{"rendered":"http:\/\/dafinoo.eu\/mirmar\/product\/bosch-vrtacie-kladivo-s-sds-plus-gbh-2-20-d-professional-bosch\/"},"modified":"2021-04-19T19:41:22","modified_gmt":"2021-04-19T17:41:22","slug":"bosch-vrtacie-kladivo-s-sds-plus-gbh-2-20-d-professional-bosch","status":"publish","type":"product","link":"http:\/\/dafinoo.eu\/mirmar\/obchod\/bosch-vrtacie-kladivo-s-sds-plus-gbh-2-20-d-professional-bosch\/","title":{"rendered":"Bosch V\u0155tacie kladivo s SDS-plus  GBH 2-20 D Professional Bosch"},"content":{"rendered":"<p>Najvy\u0161\u0161\u00ed v\u00fdkon v kompaktnej triede<br \/>\nVe\u013ek\u00fd postup pri v\u0155tan\u00ed a o 30 % vy\u0161\u0161\u00ed v\u00fdkon pri sekan\u00ed oproti in\u00fdm v\u0155tac\u00edm kladiv\u00e1m vstupnej triedy.<br \/>\n\u013dahk\u00e9 a kompaktn\u00e9, ide\u00e1lne na pr\u00e1ce nad hlavou<br \/>\nRobustn\u00e1, blokov\u00e1 kon\u0161trukcia pre dlh\u00fa \u017eivotnos\u0165<br \/>\nV\u0161estrann\u00e9 mo\u017enosti pou\u017eitia v\u010faka funkci\u00ed sekania<br \/>\nSpojka proti pre\u0165a\u017eeniu, na ochranu pou\u017e\u00edvate\u013ea a stroja<br \/>\nPravo-\/\u013eavobe\u017en\u00fd chod na uvo\u013e\u0148ovanie vzprie\u010den\u00fdch vrt\u00e1kov<br \/>\nPlynul\u00e1 regul\u00e1cia ot\u00e1\u010dok na \u010dist\u00e9 navrt\u00e1vanie<br \/>\nVyp\u00ednanie pr\u00edklepu na v\u0155tanie do dreva a ocele<\/p>\n","protected":false},"excerpt":{"rendered":"<p>Menovit\u00fd pr\u00edkon\t650 W<br \/>\nEnergia pr\u00edklepu, max.\t1,7 J<br \/>\nFrekvencia pr\u00edklepu pri menovit\u00fdch ot\u00e1\u010dkach\t0 \u2013 4.980 min-1<br \/>\nMenovit\u00e9 ot\u00e1\u010dky\t0 \u2013 1.300 min-1<br \/>\nHmotnos\u0165\t2,3 kg<br \/>\nUp\u00ednanie n\u00e1strojov\tSDS-plus<br \/>\nRozsah v\u0155tania<br \/>\n\u00d8 vrtu do bet\u00f3nu s pr\u00edklepov\u00fdmi vrt\u00e1kmi\t4 \u2013 20 mm<br \/>\nOptim\u00e1lny rozsah vyu\u017eitia do bet\u00f3nu s pr\u00edklepov\u00fdmi vrt\u00e1kmi\t4 \u2013 10 mm<br \/>\nMax. \u00d8 vrtu do muriva s v\u0155tac\u00edmi korunkami\t68 mm<br \/>\nMax. \u00d8 vrtu do ocele\t13 mm<br \/>\nMax. \u00d8 vrtu do dreva\t30 mm<br \/>\nFunkcie<br \/>\nPravo-\/\u013eavobe\u017en\u00fd chod<br \/>\nElektronika<br \/>\nBezpe\u010dnostn\u00e1 spojka<br \/>\nInform\u00e1cia o hlu\u010dnosti a vibr\u00e1ci\u00e1ch<br \/>\nHodnoty merania zisten\u00e9 pod\u013ea EN 60745<br \/>\nCelkov\u00e9 hodnoty vibr\u00e1ci\u00ed (s\u00fa\u010det vektorov v troch smeroch)<br \/>\nV\u0155tanie s pr\u00edklepom do bet\u00f3nu<br \/>\nHodnota emisie vibr\u00e1ci\u00ed ah\t14.0 m\/s\u00b2<br \/>\nNepresnos\u0165 K\t1.5 m\/s\u00b2<br \/>\nSekanie<br \/>\nHodnota emisie vibr\u00e1ci\u00ed ah\t12.0 m\/s\u00b2<br \/>\nNepresnos\u0165 K\t1.5 m\/s\u00b2<\/p>\n","protected":false},"featured_media":36274,"comment_status":"closed","ping_status":"open","template":"","meta":{"_lmt_disableupdate":"","_lmt_disable":""},"product_cat":[3128,3106,3129],"product_tag":[],"class_list":{"0":"post-36273","1":"product","2":"type-product","3":"status-publish","4":"has-post-thumbnail","6":"product_cat-vrtacie-sekacie-kladiva","7":"product_cat-bosch","8":"product_cat-vrtacie-kladiva-s-sds-plus","9":"ts_product_brand-bosh","11":"first","12":"instock","13":"taxable","14":"shipping-taxable","15":"purchasable","16":"product-type-simple"},"yoast_head":"<!-- This site is optimized with the Yoast SEO plugin v27.3 - https:\/\/yoast.com\/product\/yoast-seo-wordpress\/ -->\n<title>Bosch V\u0155tacie kladivo s SDS-plus GBH 2-20 D Professional Bosch - MIR-MAR<\/title>\n<meta name=\"robots\" content=\"index, follow, max-snippet:-1, max-image-preview:large, max-video-preview:-1\" \/>\n<link rel=\"canonical\" href=\"http:\/\/dafinoo.eu\/mirmar\/obchod\/bosch-vrtacie-kladivo-s-sds-plus-gbh-2-20-d-professional-bosch\/\" \/>\n<meta property=\"og:locale\" content=\"sk_SK\" \/>\n<meta property=\"og:type\" content=\"article\" \/>\n<meta property=\"og:title\" content=\"Bosch V\u0155tacie kladivo s SDS-plus GBH 2-20 D Professional Bosch - MIR-MAR\" \/>\n<meta property=\"og:description\" content=\"Menovit\u00fd pr\u00edkon 650 W Energia pr\u00edklepu, max. 1,7 J Frekvencia pr\u00edklepu pri menovit\u00fdch ot\u00e1\u010dkach 0 \u2013 4.980 min-1 Menovit\u00e9 ot\u00e1\u010dky 0 \u2013 1.300 min-1 Hmotnos\u0165 2,3 kg Up\u00ednanie n\u00e1strojov SDS-plus Rozsah v\u0155tania \u00d8 vrtu do bet\u00f3nu s pr\u00edklepov\u00fdmi vrt\u00e1kmi 4 \u2013 20 mm Optim\u00e1lny rozsah vyu\u017eitia do bet\u00f3nu s pr\u00edklepov\u00fdmi vrt\u00e1kmi 4 \u2013 10 mm Max. \u00d8 vrtu do muriva s v\u0155tac\u00edmi korunkami 68 mm Max. \u00d8 vrtu do ocele 13 mm Max. \u00d8 vrtu do dreva 30 mm Funkcie Pravo-\/\u013eavobe\u017en\u00fd chod Elektronika Bezpe\u010dnostn\u00e1 spojka Inform\u00e1cia o hlu\u010dnosti a vibr\u00e1ci\u00e1ch Hodnoty merania zisten\u00e9 pod\u013ea EN 60745 Celkov\u00e9 hodnoty vibr\u00e1ci\u00ed (s\u00fa\u010det vektorov v troch smeroch) V\u0155tanie s pr\u00edklepom do bet\u00f3nu Hodnota emisie vibr\u00e1ci\u00ed ah 14.0 m\/s\u00b2 Nepresnos\u0165 K 1.5 m\/s\u00b2 Sekanie Hodnota emisie vibr\u00e1ci\u00ed ah 12.0 m\/s\u00b2 Nepresnos\u0165 K 1.5 m\/s\u00b2\" \/>\n<meta property=\"og:url\" content=\"http:\/\/dafinoo.eu\/mirmar\/obchod\/bosch-vrtacie-kladivo-s-sds-plus-gbh-2-20-d-professional-bosch\/\" \/>\n<meta property=\"og:site_name\" content=\"MIR-MAR\" \/>\n<meta property=\"article:publisher\" content=\"https:\/\/facebook.com\/mirmareshop\" \/>\n<meta property=\"article:modified_time\" content=\"2021-04-19T17:41:22+00:00\" \/>\n<meta property=\"og:image\" content=\"https:\/\/i1.wp.com\/www.mirmar.sk\/wp-content\/uploads\/2021\/03\/26_1_1.jpg?fit=661%2C348&ssl=1\" \/>\n\t<meta property=\"og:image:width\" content=\"661\" \/>\n\t<meta property=\"og:image:height\" content=\"348\" \/>\n\t<meta property=\"og:image:type\" content=\"image\/jpeg\" \/>\n<meta name=\"twitter:label1\" content=\"Predpokladan\u00fd \u010das \u010d\u00edtania\" \/>\n\t<meta name=\"twitter:data1\" content=\"1 min\u00fata\" \/>\n<script type=\"application\/ld+json\" class=\"yoast-schema-graph\">{\"@context\":\"https:\\\/\\\/schema.org\",\"@graph\":[{\"@type\":\"WebPage\",\"@id\":\"http:\\\/\\\/dafinoo.eu\\\/mirmar\\\/obchod\\\/bosch-vrtacie-kladivo-s-sds-plus-gbh-2-20-d-professional-bosch\\\/\",\"url\":\"http:\\\/\\\/dafinoo.eu\\\/mirmar\\\/obchod\\\/bosch-vrtacie-kladivo-s-sds-plus-gbh-2-20-d-professional-bosch\\\/\",\"name\":\"Bosch V\u0155tacie kladivo s SDS-plus GBH 2-20 D Professional Bosch - MIR-MAR\",\"isPartOf\":{\"@id\":\"http:\\\/\\\/dafinoo.eu\\\/mirmar\\\/#website\"},\"primaryImageOfPage\":{\"@id\":\"http:\\\/\\\/dafinoo.eu\\\/mirmar\\\/obchod\\\/bosch-vrtacie-kladivo-s-sds-plus-gbh-2-20-d-professional-bosch\\\/#primaryimage\"},\"image\":{\"@id\":\"http:\\\/\\\/dafinoo.eu\\\/mirmar\\\/obchod\\\/bosch-vrtacie-kladivo-s-sds-plus-gbh-2-20-d-professional-bosch\\\/#primaryimage\"},\"thumbnailUrl\":\"http:\\\/\\\/dafinoo.eu\\\/mirmar\\\/wp-content\\\/uploads\\\/2021\\\/03\\\/26_1_1.jpg\",\"datePublished\":\"2021-03-15T16:23:02+00:00\",\"dateModified\":\"2021-04-19T17:41:22+00:00\",\"breadcrumb\":{\"@id\":\"http:\\\/\\\/dafinoo.eu\\\/mirmar\\\/obchod\\\/bosch-vrtacie-kladivo-s-sds-plus-gbh-2-20-d-professional-bosch\\\/#breadcrumb\"},\"inLanguage\":\"sk-SK\",\"potentialAction\":[{\"@type\":\"ReadAction\",\"target\":[\"http:\\\/\\\/dafinoo.eu\\\/mirmar\\\/obchod\\\/bosch-vrtacie-kladivo-s-sds-plus-gbh-2-20-d-professional-bosch\\\/\"]}]},{\"@type\":\"ImageObject\",\"inLanguage\":\"sk-SK\",\"@id\":\"http:\\\/\\\/dafinoo.eu\\\/mirmar\\\/obchod\\\/bosch-vrtacie-kladivo-s-sds-plus-gbh-2-20-d-professional-bosch\\\/#primaryimage\",\"url\":\"http:\\\/\\\/dafinoo.eu\\\/mirmar\\\/wp-content\\\/uploads\\\/2021\\\/03\\\/26_1_1.jpg\",\"contentUrl\":\"http:\\\/\\\/dafinoo.eu\\\/mirmar\\\/wp-content\\\/uploads\\\/2021\\\/03\\\/26_1_1.jpg\",\"width\":661,\"height\":348},{\"@type\":\"BreadcrumbList\",\"@id\":\"http:\\\/\\\/dafinoo.eu\\\/mirmar\\\/obchod\\\/bosch-vrtacie-kladivo-s-sds-plus-gbh-2-20-d-professional-bosch\\\/#breadcrumb\",\"itemListElement\":[{\"@type\":\"ListItem\",\"position\":1,\"name\":\"Domovsk\u00e1 str\u00e1nka\",\"item\":\"http:\\\/\\\/dafinoo.eu\\\/mirmar\\\/\"},{\"@type\":\"ListItem\",\"position\":2,\"name\":\"Obchod\",\"item\":\"http:\\\/\\\/dafinoo.eu\\\/mirmar\\\/obchod\\\/\"},{\"@type\":\"ListItem\",\"position\":3,\"name\":\"Bosch V\u0155tacie kladivo s SDS-plus GBH 2-20 D Professional Bosch\"}]},{\"@type\":\"WebSite\",\"@id\":\"http:\\\/\\\/dafinoo.eu\\\/mirmar\\\/#website\",\"url\":\"http:\\\/\\\/dafinoo.eu\\\/mirmar\\\/\",\"name\":\"MIR-MAR\",\"description\":\"Eshop s n\u00e1rad\u00edm\",\"publisher\":{\"@id\":\"http:\\\/\\\/dafinoo.eu\\\/mirmar\\\/#organization\"},\"potentialAction\":[{\"@type\":\"SearchAction\",\"target\":{\"@type\":\"EntryPoint\",\"urlTemplate\":\"http:\\\/\\\/dafinoo.eu\\\/mirmar\\\/?s={search_term_string}\"},\"query-input\":{\"@type\":\"PropertyValueSpecification\",\"valueRequired\":true,\"valueName\":\"search_term_string\"}}],\"inLanguage\":\"sk-SK\"},{\"@type\":\"Organization\",\"@id\":\"http:\\\/\\\/dafinoo.eu\\\/mirmar\\\/#organization\",\"name\":\"MIR-MAR\",\"url\":\"http:\\\/\\\/dafinoo.eu\\\/mirmar\\\/\",\"logo\":{\"@type\":\"ImageObject\",\"inLanguage\":\"sk-SK\",\"@id\":\"http:\\\/\\\/dafinoo.eu\\\/mirmar\\\/#\\\/schema\\\/logo\\\/image\\\/\",\"url\":\"http:\\\/\\\/dafinoo.eu\\\/mirmar\\\/wp-content\\\/uploads\\\/2021\\\/03\\\/mirmar_logo.png\",\"contentUrl\":\"http:\\\/\\\/dafinoo.eu\\\/mirmar\\\/wp-content\\\/uploads\\\/2021\\\/03\\\/mirmar_logo.png\",\"width\":256,\"height\":60,\"caption\":\"MIR-MAR\"},\"image\":{\"@id\":\"http:\\\/\\\/dafinoo.eu\\\/mirmar\\\/#\\\/schema\\\/logo\\\/image\\\/\"},\"sameAs\":[\"https:\\\/\\\/facebook.com\\\/mirmareshop\"]}]}<\/script>\n<!-- \/ Yoast SEO plugin. -->","yoast_head_json":{"title":"Bosch V\u0155tacie kladivo s SDS-plus GBH 2-20 D Professional Bosch - MIR-MAR","robots":{"index":"index","follow":"follow","max-snippet":"max-snippet:-1","max-image-preview":"max-image-preview:large","max-video-preview":"max-video-preview:-1"},"canonical":"http:\/\/dafinoo.eu\/mirmar\/obchod\/bosch-vrtacie-kladivo-s-sds-plus-gbh-2-20-d-professional-bosch\/","og_locale":"sk_SK","og_type":"article","og_title":"Bosch V\u0155tacie kladivo s SDS-plus GBH 2-20 D Professional Bosch - MIR-MAR","og_description":"Menovit\u00fd pr\u00edkon 650 W Energia pr\u00edklepu, max. 1,7 J Frekvencia pr\u00edklepu pri menovit\u00fdch ot\u00e1\u010dkach 0 \u2013 4.980 min-1 Menovit\u00e9 ot\u00e1\u010dky 0 \u2013 1.300 min-1 Hmotnos\u0165 2,3 kg Up\u00ednanie n\u00e1strojov SDS-plus Rozsah v\u0155tania \u00d8 vrtu do bet\u00f3nu s pr\u00edklepov\u00fdmi vrt\u00e1kmi 4 \u2013 20 mm Optim\u00e1lny rozsah vyu\u017eitia do bet\u00f3nu s pr\u00edklepov\u00fdmi vrt\u00e1kmi 4 \u2013 10 mm Max. \u00d8 vrtu do muriva s v\u0155tac\u00edmi korunkami 68 mm Max. \u00d8 vrtu do ocele 13 mm Max. \u00d8 vrtu do dreva 30 mm Funkcie Pravo-\/\u013eavobe\u017en\u00fd chod Elektronika Bezpe\u010dnostn\u00e1 spojka Inform\u00e1cia o hlu\u010dnosti a vibr\u00e1ci\u00e1ch Hodnoty merania zisten\u00e9 pod\u013ea EN 60745 Celkov\u00e9 hodnoty vibr\u00e1ci\u00ed (s\u00fa\u010det vektorov v troch smeroch) V\u0155tanie s pr\u00edklepom do bet\u00f3nu Hodnota emisie vibr\u00e1ci\u00ed ah 14.0 m\/s\u00b2 Nepresnos\u0165 K 1.5 m\/s\u00b2 Sekanie Hodnota emisie vibr\u00e1ci\u00ed ah 12.0 m\/s\u00b2 Nepresnos\u0165 K 1.5 m\/s\u00b2","og_url":"http:\/\/dafinoo.eu\/mirmar\/obchod\/bosch-vrtacie-kladivo-s-sds-plus-gbh-2-20-d-professional-bosch\/","og_site_name":"MIR-MAR","article_publisher":"https:\/\/facebook.com\/mirmareshop","article_modified_time":"2021-04-19T17:41:22+00:00","og_image":[{"width":661,"height":348,"url":"https:\/\/i1.wp.com\/www.mirmar.sk\/wp-content\/uploads\/2021\/03\/26_1_1.jpg?fit=661%2C348&ssl=1","type":"image\/jpeg"}],"twitter_misc":{"Predpokladan\u00fd \u010das \u010d\u00edtania":"1 min\u00fata"},"schema":{"@context":"https:\/\/schema.org","@graph":[{"@type":"WebPage","@id":"http:\/\/dafinoo.eu\/mirmar\/obchod\/bosch-vrtacie-kladivo-s-sds-plus-gbh-2-20-d-professional-bosch\/","url":"http:\/\/dafinoo.eu\/mirmar\/obchod\/bosch-vrtacie-kladivo-s-sds-plus-gbh-2-20-d-professional-bosch\/","name":"Bosch V\u0155tacie kladivo s SDS-plus GBH 2-20 D Professional Bosch - MIR-MAR","isPartOf":{"@id":"http:\/\/dafinoo.eu\/mirmar\/#website"},"primaryImageOfPage":{"@id":"http:\/\/dafinoo.eu\/mirmar\/obchod\/bosch-vrtacie-kladivo-s-sds-plus-gbh-2-20-d-professional-bosch\/#primaryimage"},"image":{"@id":"http:\/\/dafinoo.eu\/mirmar\/obchod\/bosch-vrtacie-kladivo-s-sds-plus-gbh-2-20-d-professional-bosch\/#primaryimage"},"thumbnailUrl":"http:\/\/dafinoo.eu\/mirmar\/wp-content\/uploads\/2021\/03\/26_1_1.jpg","datePublished":"2021-03-15T16:23:02+00:00","dateModified":"2021-04-19T17:41:22+00:00","breadcrumb":{"@id":"http:\/\/dafinoo.eu\/mirmar\/obchod\/bosch-vrtacie-kladivo-s-sds-plus-gbh-2-20-d-professional-bosch\/#breadcrumb"},"inLanguage":"sk-SK","potentialAction":[{"@type":"ReadAction","target":["http:\/\/dafinoo.eu\/mirmar\/obchod\/bosch-vrtacie-kladivo-s-sds-plus-gbh-2-20-d-professional-bosch\/"]}]},{"@type":"ImageObject","inLanguage":"sk-SK","@id":"http:\/\/dafinoo.eu\/mirmar\/obchod\/bosch-vrtacie-kladivo-s-sds-plus-gbh-2-20-d-professional-bosch\/#primaryimage","url":"http:\/\/dafinoo.eu\/mirmar\/wp-content\/uploads\/2021\/03\/26_1_1.jpg","contentUrl":"http:\/\/dafinoo.eu\/mirmar\/wp-content\/uploads\/2021\/03\/26_1_1.jpg","width":661,"height":348},{"@type":"BreadcrumbList","@id":"http:\/\/dafinoo.eu\/mirmar\/obchod\/bosch-vrtacie-kladivo-s-sds-plus-gbh-2-20-d-professional-bosch\/#breadcrumb","itemListElement":[{"@type":"ListItem","position":1,"name":"Domovsk\u00e1 str\u00e1nka","item":"http:\/\/dafinoo.eu\/mirmar\/"},{"@type":"ListItem","position":2,"name":"Obchod","item":"http:\/\/dafinoo.eu\/mirmar\/obchod\/"},{"@type":"ListItem","position":3,"name":"Bosch V\u0155tacie kladivo s SDS-plus GBH 2-20 D Professional Bosch"}]},{"@type":"WebSite","@id":"http:\/\/dafinoo.eu\/mirmar\/#website","url":"http:\/\/dafinoo.eu\/mirmar\/","name":"MIR-MAR","description":"Eshop s n\u00e1rad\u00edm","publisher":{"@id":"http:\/\/dafinoo.eu\/mirmar\/#organization"},"potentialAction":[{"@type":"SearchAction","target":{"@type":"EntryPoint","urlTemplate":"http:\/\/dafinoo.eu\/mirmar\/?s={search_term_string}"},"query-input":{"@type":"PropertyValueSpecification","valueRequired":true,"valueName":"search_term_string"}}],"inLanguage":"sk-SK"},{"@type":"Organization","@id":"http:\/\/dafinoo.eu\/mirmar\/#organization","name":"MIR-MAR","url":"http:\/\/dafinoo.eu\/mirmar\/","logo":{"@type":"ImageObject","inLanguage":"sk-SK","@id":"http:\/\/dafinoo.eu\/mirmar\/#\/schema\/logo\/image\/","url":"http:\/\/dafinoo.eu\/mirmar\/wp-content\/uploads\/2021\/03\/mirmar_logo.png","contentUrl":"http:\/\/dafinoo.eu\/mirmar\/wp-content\/uploads\/2021\/03\/mirmar_logo.png","width":256,"height":60,"caption":"MIR-MAR"},"image":{"@id":"http:\/\/dafinoo.eu\/mirmar\/#\/schema\/logo\/image\/"},"sameAs":["https:\/\/facebook.com\/mirmareshop"]}]}},"_links":{"self":[{"href":"http:\/\/dafinoo.eu\/mirmar\/wp-json\/wp\/v2\/product\/36273","targetHints":{"allow":["GET"]}}],"collection":[{"href":"http:\/\/dafinoo.eu\/mirmar\/wp-json\/wp\/v2\/product"}],"about":[{"href":"http:\/\/dafinoo.eu\/mirmar\/wp-json\/wp\/v2\/types\/product"}],"replies":[{"embeddable":true,"href":"http:\/\/dafinoo.eu\/mirmar\/wp-json\/wp\/v2\/comments?post=36273"}],"wp:featuredmedia":[{"embeddable":true,"href":"http:\/\/dafinoo.eu\/mirmar\/wp-json\/wp\/v2\/media\/36274"}],"wp:attachment":[{"href":"http:\/\/dafinoo.eu\/mirmar\/wp-json\/wp\/v2\/media?parent=36273"}],"wp:term":[{"taxonomy":"product_cat","embeddable":true,"href":"http:\/\/dafinoo.eu\/mirmar\/wp-json\/wp\/v2\/product_cat?post=36273"},{"taxonomy":"product_tag","embeddable":true,"href":"http:\/\/dafinoo.eu\/mirmar\/wp-json\/wp\/v2\/product_tag?post=36273"}],"curies":[{"name":"wp","href":"https:\/\/api.w.org\/{rel}","templated":true}]}}