{"id":36327,"date":"2021-03-15T17:23:11","date_gmt":"2021-03-15T16:23:11","guid":{"rendered":"http:\/\/dafinoo.eu\/mirmar\/product\/bosch-vrtacie-kladivo-s-sds-plus-gbh-2-28-dv-professional-bosch\/"},"modified":"2021-04-19T19:41:27","modified_gmt":"2021-04-19T17:41:27","slug":"bosch-vrtacie-kladivo-s-sds-plus-gbh-2-28-dv-professional-bosch","status":"publish","type":"product","link":"http:\/\/dafinoo.eu\/mirmar\/obchod\/bosch-vrtacie-kladivo-s-sds-plus-gbh-2-28-dv-professional-bosch\/","title":{"rendered":"Bosch V\u0155tacie kladivo s SDS-plus  GBH 2-28 DV Professional Bosch"},"content":{"rendered":"<p>Najsilnej\u0161ie vo svojej triede<br \/>\nNajv\u00e4\u010d\u0161\u00ed postup pri v\u0155tan\u00ed a najv\u00e4\u010d\u0161\u00ed v\u00fdkon pri sekan\u00ed vo svojej triede<br \/>\nO 25 % dlh\u0161ia \u017eivotnos\u0165 ako u in\u00fdch v\u0155tac\u00edch klad\u00edv v tejto triede pre viac hospod\u00e1rnosti<br \/>\nO 27 % menej vibr\u00e1ci\u00ed ako predch\u00e1dzaj\u00faci model &#8211; v\u010faka akt\u00edvnemu tlmeniu vibr\u00e1ci\u00ed<br \/>\nVyp\u00ednanie ot\u00e1\u010dania pri sekan\u00ed<br \/>\nGu\u013eov\u00fd \u010dap na ochranu sie\u0165ovej \u0161n\u00fary pred zlomen\u00edm<br \/>\nOto\u010dn\u00e1 doska dr\u017eiakov uhl\u00edkov pre rovnak\u00fd v\u00fdkon pri ot\u00e1\u010dkach vpravo a v\u013eavo<br \/>\nSpojka proti pre\u0165a\u017eeniu, na ochranu pou\u017e\u00edvate\u013ea a n\u00e1radia<br \/>\nPravo-\/\u013eavobe\u017en\u00fd chod na uvo\u013e\u0148ovanie zaseknut\u00fdch vrt\u00e1kov<br \/>\nPlynul\u00e1 regul\u00e1cia ot\u00e1\u010dok na \u010dist\u00e9 navrt\u00e1vanie<\/p>\n","protected":false},"excerpt":{"rendered":"<p>Menovit\u00fd pr\u00edkon\t850 W<br \/>\nEnergia pr\u00edklepu, max.\t3,2 J<br \/>\nFrekvencia pr\u00edklepu pri menovit\u00fdch ot\u00e1\u010dkach\t0 \u2013 4.000 min-1<br \/>\nMenovit\u00e9 ot\u00e1\u010dky\t0 \u2013 900 min-1<br \/>\nHmotnos\u0165\t2,9 kg<br \/>\nUp\u00ednanie n\u00e1strojov\tSDS-plus<br \/>\nRozsah v\u0155tania<br \/>\n\u00d8 vrtu do bet\u00f3nu s pr\u00edklepov\u00fdmi vrt\u00e1kmi\t4 \u2013 28 mm<br \/>\nOptim\u00e1lny rozsah vyu\u017eitia do bet\u00f3nu s pr\u00edklepov\u00fdmi vrt\u00e1kmi\t8 \u2013 16 mm<br \/>\n\u00d8 vrtu do bet\u00f3nu s v\u0155tac\u00edmi korunkami\t68 mm<br \/>\nMax. \u00d8 vrtu do ocele\t13 mm<br \/>\nMax. \u00d8 vrtu do dreva\t30 mm<br \/>\nFunkcie<br \/>\nPravo-\/\u013eavobe\u017en\u00fd chod<br \/>\nElektronika<br \/>\nBezpe\u010dnostn\u00e1 spojka<br \/>\nInform\u00e1cia o hlu\u010dnosti a vibr\u00e1ci\u00e1ch<br \/>\nHodnoty merania zisten\u00e9 pod\u013ea EN 60745<br \/>\nCelkov\u00e9 hodnoty vibr\u00e1ci\u00ed (s\u00fa\u010det vektorov v troch smeroch)<br \/>\nV\u0155tanie s pr\u00edklepom do bet\u00f3nu<br \/>\nHodnota emisie vibr\u00e1ci\u00ed ah\t11.0 m\/s\u00b2<br \/>\nNepresnos\u0165 K\t1.5 m\/s\u00b2<br \/>\nSekanie<br \/>\nHodnota emisie vibr\u00e1ci\u00ed ah\t11.0 m\/s\u00b2<br \/>\nNepresnos\u0165 K\t1.5 m\/s\u00b2<\/p>\n","protected":false},"featured_media":36328,"comment_status":"closed","ping_status":"open","template":"","meta":{"_lmt_disableupdate":"","_lmt_disable":""},"product_cat":[3128,3106,3129],"product_tag":[],"class_list":{"0":"post-36327","1":"product","2":"type-product","3":"status-publish","4":"has-post-thumbnail","6":"product_cat-vrtacie-sekacie-kladiva","7":"product_cat-bosch","8":"product_cat-vrtacie-kladiva-s-sds-plus","9":"ts_product_brand-bosh","11":"first","12":"instock","13":"sale","14":"taxable","15":"shipping-taxable","16":"purchasable","17":"product-type-simple"},"yoast_head":"<!-- This site is optimized with the Yoast SEO plugin v27.3 - https:\/\/yoast.com\/product\/yoast-seo-wordpress\/ -->\n<title>Bosch V\u0155tacie kladivo s SDS-plus GBH 2-28 DV Professional Bosch - MIR-MAR<\/title>\n<meta name=\"robots\" content=\"index, follow, max-snippet:-1, max-image-preview:large, max-video-preview:-1\" \/>\n<link rel=\"canonical\" href=\"http:\/\/dafinoo.eu\/mirmar\/obchod\/bosch-vrtacie-kladivo-s-sds-plus-gbh-2-28-dv-professional-bosch\/\" \/>\n<meta property=\"og:locale\" content=\"sk_SK\" \/>\n<meta property=\"og:type\" content=\"article\" \/>\n<meta property=\"og:title\" content=\"Bosch V\u0155tacie kladivo s SDS-plus GBH 2-28 DV Professional Bosch - MIR-MAR\" \/>\n<meta property=\"og:description\" content=\"Menovit\u00fd pr\u00edkon 850 W Energia pr\u00edklepu, max. 3,2 J Frekvencia pr\u00edklepu pri menovit\u00fdch ot\u00e1\u010dkach 0 \u2013 4.000 min-1 Menovit\u00e9 ot\u00e1\u010dky 0 \u2013 900 min-1 Hmotnos\u0165 2,9 kg Up\u00ednanie n\u00e1strojov SDS-plus Rozsah v\u0155tania \u00d8 vrtu do bet\u00f3nu s pr\u00edklepov\u00fdmi vrt\u00e1kmi 4 \u2013 28 mm Optim\u00e1lny rozsah vyu\u017eitia do bet\u00f3nu s pr\u00edklepov\u00fdmi vrt\u00e1kmi 8 \u2013 16 mm \u00d8 vrtu do bet\u00f3nu s v\u0155tac\u00edmi korunkami 68 mm Max. \u00d8 vrtu do ocele 13 mm Max. \u00d8 vrtu do dreva 30 mm Funkcie Pravo-\/\u013eavobe\u017en\u00fd chod Elektronika Bezpe\u010dnostn\u00e1 spojka Inform\u00e1cia o hlu\u010dnosti a vibr\u00e1ci\u00e1ch Hodnoty merania zisten\u00e9 pod\u013ea EN 60745 Celkov\u00e9 hodnoty vibr\u00e1ci\u00ed (s\u00fa\u010det vektorov v troch smeroch) V\u0155tanie s pr\u00edklepom do bet\u00f3nu Hodnota emisie vibr\u00e1ci\u00ed ah 11.0 m\/s\u00b2 Nepresnos\u0165 K 1.5 m\/s\u00b2 Sekanie Hodnota emisie vibr\u00e1ci\u00ed ah 11.0 m\/s\u00b2 Nepresnos\u0165 K 1.5 m\/s\u00b2\" \/>\n<meta property=\"og:url\" content=\"http:\/\/dafinoo.eu\/mirmar\/obchod\/bosch-vrtacie-kladivo-s-sds-plus-gbh-2-28-dv-professional-bosch\/\" \/>\n<meta property=\"og:site_name\" content=\"MIR-MAR\" \/>\n<meta property=\"article:publisher\" content=\"https:\/\/facebook.com\/mirmareshop\" \/>\n<meta property=\"article:modified_time\" content=\"2021-04-19T17:41:27+00:00\" \/>\n<meta property=\"og:image\" content=\"https:\/\/i0.wp.com\/www.mirmar.sk\/wp-content\/uploads\/2021\/03\/1_1_3_1.jpg?fit=661%2C348&ssl=1\" \/>\n\t<meta property=\"og:image:width\" content=\"661\" \/>\n\t<meta property=\"og:image:height\" content=\"348\" \/>\n\t<meta property=\"og:image:type\" content=\"image\/jpeg\" \/>\n<meta name=\"twitter:label1\" content=\"Predpokladan\u00fd \u010das \u010d\u00edtania\" \/>\n\t<meta name=\"twitter:data1\" content=\"1 min\u00fata\" \/>\n<script type=\"application\/ld+json\" class=\"yoast-schema-graph\">{\"@context\":\"https:\\\/\\\/schema.org\",\"@graph\":[{\"@type\":\"WebPage\",\"@id\":\"http:\\\/\\\/dafinoo.eu\\\/mirmar\\\/obchod\\\/bosch-vrtacie-kladivo-s-sds-plus-gbh-2-28-dv-professional-bosch\\\/\",\"url\":\"http:\\\/\\\/dafinoo.eu\\\/mirmar\\\/obchod\\\/bosch-vrtacie-kladivo-s-sds-plus-gbh-2-28-dv-professional-bosch\\\/\",\"name\":\"Bosch V\u0155tacie kladivo s SDS-plus GBH 2-28 DV Professional Bosch - MIR-MAR\",\"isPartOf\":{\"@id\":\"http:\\\/\\\/dafinoo.eu\\\/mirmar\\\/#website\"},\"primaryImageOfPage\":{\"@id\":\"http:\\\/\\\/dafinoo.eu\\\/mirmar\\\/obchod\\\/bosch-vrtacie-kladivo-s-sds-plus-gbh-2-28-dv-professional-bosch\\\/#primaryimage\"},\"image\":{\"@id\":\"http:\\\/\\\/dafinoo.eu\\\/mirmar\\\/obchod\\\/bosch-vrtacie-kladivo-s-sds-plus-gbh-2-28-dv-professional-bosch\\\/#primaryimage\"},\"thumbnailUrl\":\"http:\\\/\\\/dafinoo.eu\\\/mirmar\\\/wp-content\\\/uploads\\\/2021\\\/03\\\/1_1_3_1.jpg\",\"datePublished\":\"2021-03-15T16:23:11+00:00\",\"dateModified\":\"2021-04-19T17:41:27+00:00\",\"breadcrumb\":{\"@id\":\"http:\\\/\\\/dafinoo.eu\\\/mirmar\\\/obchod\\\/bosch-vrtacie-kladivo-s-sds-plus-gbh-2-28-dv-professional-bosch\\\/#breadcrumb\"},\"inLanguage\":\"sk-SK\",\"potentialAction\":[{\"@type\":\"ReadAction\",\"target\":[\"http:\\\/\\\/dafinoo.eu\\\/mirmar\\\/obchod\\\/bosch-vrtacie-kladivo-s-sds-plus-gbh-2-28-dv-professional-bosch\\\/\"]}]},{\"@type\":\"ImageObject\",\"inLanguage\":\"sk-SK\",\"@id\":\"http:\\\/\\\/dafinoo.eu\\\/mirmar\\\/obchod\\\/bosch-vrtacie-kladivo-s-sds-plus-gbh-2-28-dv-professional-bosch\\\/#primaryimage\",\"url\":\"http:\\\/\\\/dafinoo.eu\\\/mirmar\\\/wp-content\\\/uploads\\\/2021\\\/03\\\/1_1_3_1.jpg\",\"contentUrl\":\"http:\\\/\\\/dafinoo.eu\\\/mirmar\\\/wp-content\\\/uploads\\\/2021\\\/03\\\/1_1_3_1.jpg\",\"width\":661,\"height\":348},{\"@type\":\"BreadcrumbList\",\"@id\":\"http:\\\/\\\/dafinoo.eu\\\/mirmar\\\/obchod\\\/bosch-vrtacie-kladivo-s-sds-plus-gbh-2-28-dv-professional-bosch\\\/#breadcrumb\",\"itemListElement\":[{\"@type\":\"ListItem\",\"position\":1,\"name\":\"Domovsk\u00e1 str\u00e1nka\",\"item\":\"http:\\\/\\\/dafinoo.eu\\\/mirmar\\\/\"},{\"@type\":\"ListItem\",\"position\":2,\"name\":\"Obchod\",\"item\":\"http:\\\/\\\/dafinoo.eu\\\/mirmar\\\/obchod\\\/\"},{\"@type\":\"ListItem\",\"position\":3,\"name\":\"Bosch V\u0155tacie kladivo s SDS-plus GBH 2-28 DV Professional Bosch\"}]},{\"@type\":\"WebSite\",\"@id\":\"http:\\\/\\\/dafinoo.eu\\\/mirmar\\\/#website\",\"url\":\"http:\\\/\\\/dafinoo.eu\\\/mirmar\\\/\",\"name\":\"MIR-MAR\",\"description\":\"Eshop s n\u00e1rad\u00edm\",\"publisher\":{\"@id\":\"http:\\\/\\\/dafinoo.eu\\\/mirmar\\\/#organization\"},\"potentialAction\":[{\"@type\":\"SearchAction\",\"target\":{\"@type\":\"EntryPoint\",\"urlTemplate\":\"http:\\\/\\\/dafinoo.eu\\\/mirmar\\\/?s={search_term_string}\"},\"query-input\":{\"@type\":\"PropertyValueSpecification\",\"valueRequired\":true,\"valueName\":\"search_term_string\"}}],\"inLanguage\":\"sk-SK\"},{\"@type\":\"Organization\",\"@id\":\"http:\\\/\\\/dafinoo.eu\\\/mirmar\\\/#organization\",\"name\":\"MIR-MAR\",\"url\":\"http:\\\/\\\/dafinoo.eu\\\/mirmar\\\/\",\"logo\":{\"@type\":\"ImageObject\",\"inLanguage\":\"sk-SK\",\"@id\":\"http:\\\/\\\/dafinoo.eu\\\/mirmar\\\/#\\\/schema\\\/logo\\\/image\\\/\",\"url\":\"http:\\\/\\\/dafinoo.eu\\\/mirmar\\\/wp-content\\\/uploads\\\/2021\\\/03\\\/mirmar_logo.png\",\"contentUrl\":\"http:\\\/\\\/dafinoo.eu\\\/mirmar\\\/wp-content\\\/uploads\\\/2021\\\/03\\\/mirmar_logo.png\",\"width\":256,\"height\":60,\"caption\":\"MIR-MAR\"},\"image\":{\"@id\":\"http:\\\/\\\/dafinoo.eu\\\/mirmar\\\/#\\\/schema\\\/logo\\\/image\\\/\"},\"sameAs\":[\"https:\\\/\\\/facebook.com\\\/mirmareshop\"]}]}<\/script>\n<!-- \/ Yoast SEO plugin. -->","yoast_head_json":{"title":"Bosch V\u0155tacie kladivo s SDS-plus GBH 2-28 DV Professional Bosch - MIR-MAR","robots":{"index":"index","follow":"follow","max-snippet":"max-snippet:-1","max-image-preview":"max-image-preview:large","max-video-preview":"max-video-preview:-1"},"canonical":"http:\/\/dafinoo.eu\/mirmar\/obchod\/bosch-vrtacie-kladivo-s-sds-plus-gbh-2-28-dv-professional-bosch\/","og_locale":"sk_SK","og_type":"article","og_title":"Bosch V\u0155tacie kladivo s SDS-plus GBH 2-28 DV Professional Bosch - MIR-MAR","og_description":"Menovit\u00fd pr\u00edkon 850 W Energia pr\u00edklepu, max. 3,2 J Frekvencia pr\u00edklepu pri menovit\u00fdch ot\u00e1\u010dkach 0 \u2013 4.000 min-1 Menovit\u00e9 ot\u00e1\u010dky 0 \u2013 900 min-1 Hmotnos\u0165 2,9 kg Up\u00ednanie n\u00e1strojov SDS-plus Rozsah v\u0155tania \u00d8 vrtu do bet\u00f3nu s pr\u00edklepov\u00fdmi vrt\u00e1kmi 4 \u2013 28 mm Optim\u00e1lny rozsah vyu\u017eitia do bet\u00f3nu s pr\u00edklepov\u00fdmi vrt\u00e1kmi 8 \u2013 16 mm \u00d8 vrtu do bet\u00f3nu s v\u0155tac\u00edmi korunkami 68 mm Max. \u00d8 vrtu do ocele 13 mm Max. \u00d8 vrtu do dreva 30 mm Funkcie Pravo-\/\u013eavobe\u017en\u00fd chod Elektronika Bezpe\u010dnostn\u00e1 spojka Inform\u00e1cia o hlu\u010dnosti a vibr\u00e1ci\u00e1ch Hodnoty merania zisten\u00e9 pod\u013ea EN 60745 Celkov\u00e9 hodnoty vibr\u00e1ci\u00ed (s\u00fa\u010det vektorov v troch smeroch) V\u0155tanie s pr\u00edklepom do bet\u00f3nu Hodnota emisie vibr\u00e1ci\u00ed ah 11.0 m\/s\u00b2 Nepresnos\u0165 K 1.5 m\/s\u00b2 Sekanie Hodnota emisie vibr\u00e1ci\u00ed ah 11.0 m\/s\u00b2 Nepresnos\u0165 K 1.5 m\/s\u00b2","og_url":"http:\/\/dafinoo.eu\/mirmar\/obchod\/bosch-vrtacie-kladivo-s-sds-plus-gbh-2-28-dv-professional-bosch\/","og_site_name":"MIR-MAR","article_publisher":"https:\/\/facebook.com\/mirmareshop","article_modified_time":"2021-04-19T17:41:27+00:00","og_image":[{"width":661,"height":348,"url":"https:\/\/i0.wp.com\/www.mirmar.sk\/wp-content\/uploads\/2021\/03\/1_1_3_1.jpg?fit=661%2C348&ssl=1","type":"image\/jpeg"}],"twitter_misc":{"Predpokladan\u00fd \u010das \u010d\u00edtania":"1 min\u00fata"},"schema":{"@context":"https:\/\/schema.org","@graph":[{"@type":"WebPage","@id":"http:\/\/dafinoo.eu\/mirmar\/obchod\/bosch-vrtacie-kladivo-s-sds-plus-gbh-2-28-dv-professional-bosch\/","url":"http:\/\/dafinoo.eu\/mirmar\/obchod\/bosch-vrtacie-kladivo-s-sds-plus-gbh-2-28-dv-professional-bosch\/","name":"Bosch V\u0155tacie kladivo s SDS-plus GBH 2-28 DV Professional Bosch - MIR-MAR","isPartOf":{"@id":"http:\/\/dafinoo.eu\/mirmar\/#website"},"primaryImageOfPage":{"@id":"http:\/\/dafinoo.eu\/mirmar\/obchod\/bosch-vrtacie-kladivo-s-sds-plus-gbh-2-28-dv-professional-bosch\/#primaryimage"},"image":{"@id":"http:\/\/dafinoo.eu\/mirmar\/obchod\/bosch-vrtacie-kladivo-s-sds-plus-gbh-2-28-dv-professional-bosch\/#primaryimage"},"thumbnailUrl":"http:\/\/dafinoo.eu\/mirmar\/wp-content\/uploads\/2021\/03\/1_1_3_1.jpg","datePublished":"2021-03-15T16:23:11+00:00","dateModified":"2021-04-19T17:41:27+00:00","breadcrumb":{"@id":"http:\/\/dafinoo.eu\/mirmar\/obchod\/bosch-vrtacie-kladivo-s-sds-plus-gbh-2-28-dv-professional-bosch\/#breadcrumb"},"inLanguage":"sk-SK","potentialAction":[{"@type":"ReadAction","target":["http:\/\/dafinoo.eu\/mirmar\/obchod\/bosch-vrtacie-kladivo-s-sds-plus-gbh-2-28-dv-professional-bosch\/"]}]},{"@type":"ImageObject","inLanguage":"sk-SK","@id":"http:\/\/dafinoo.eu\/mirmar\/obchod\/bosch-vrtacie-kladivo-s-sds-plus-gbh-2-28-dv-professional-bosch\/#primaryimage","url":"http:\/\/dafinoo.eu\/mirmar\/wp-content\/uploads\/2021\/03\/1_1_3_1.jpg","contentUrl":"http:\/\/dafinoo.eu\/mirmar\/wp-content\/uploads\/2021\/03\/1_1_3_1.jpg","width":661,"height":348},{"@type":"BreadcrumbList","@id":"http:\/\/dafinoo.eu\/mirmar\/obchod\/bosch-vrtacie-kladivo-s-sds-plus-gbh-2-28-dv-professional-bosch\/#breadcrumb","itemListElement":[{"@type":"ListItem","position":1,"name":"Domovsk\u00e1 str\u00e1nka","item":"http:\/\/dafinoo.eu\/mirmar\/"},{"@type":"ListItem","position":2,"name":"Obchod","item":"http:\/\/dafinoo.eu\/mirmar\/obchod\/"},{"@type":"ListItem","position":3,"name":"Bosch V\u0155tacie kladivo s SDS-plus GBH 2-28 DV Professional Bosch"}]},{"@type":"WebSite","@id":"http:\/\/dafinoo.eu\/mirmar\/#website","url":"http:\/\/dafinoo.eu\/mirmar\/","name":"MIR-MAR","description":"Eshop s n\u00e1rad\u00edm","publisher":{"@id":"http:\/\/dafinoo.eu\/mirmar\/#organization"},"potentialAction":[{"@type":"SearchAction","target":{"@type":"EntryPoint","urlTemplate":"http:\/\/dafinoo.eu\/mirmar\/?s={search_term_string}"},"query-input":{"@type":"PropertyValueSpecification","valueRequired":true,"valueName":"search_term_string"}}],"inLanguage":"sk-SK"},{"@type":"Organization","@id":"http:\/\/dafinoo.eu\/mirmar\/#organization","name":"MIR-MAR","url":"http:\/\/dafinoo.eu\/mirmar\/","logo":{"@type":"ImageObject","inLanguage":"sk-SK","@id":"http:\/\/dafinoo.eu\/mirmar\/#\/schema\/logo\/image\/","url":"http:\/\/dafinoo.eu\/mirmar\/wp-content\/uploads\/2021\/03\/mirmar_logo.png","contentUrl":"http:\/\/dafinoo.eu\/mirmar\/wp-content\/uploads\/2021\/03\/mirmar_logo.png","width":256,"height":60,"caption":"MIR-MAR"},"image":{"@id":"http:\/\/dafinoo.eu\/mirmar\/#\/schema\/logo\/image\/"},"sameAs":["https:\/\/facebook.com\/mirmareshop"]}]}},"_links":{"self":[{"href":"http:\/\/dafinoo.eu\/mirmar\/wp-json\/wp\/v2\/product\/36327","targetHints":{"allow":["GET"]}}],"collection":[{"href":"http:\/\/dafinoo.eu\/mirmar\/wp-json\/wp\/v2\/product"}],"about":[{"href":"http:\/\/dafinoo.eu\/mirmar\/wp-json\/wp\/v2\/types\/product"}],"replies":[{"embeddable":true,"href":"http:\/\/dafinoo.eu\/mirmar\/wp-json\/wp\/v2\/comments?post=36327"}],"wp:featuredmedia":[{"embeddable":true,"href":"http:\/\/dafinoo.eu\/mirmar\/wp-json\/wp\/v2\/media\/36328"}],"wp:attachment":[{"href":"http:\/\/dafinoo.eu\/mirmar\/wp-json\/wp\/v2\/media?parent=36327"}],"wp:term":[{"taxonomy":"product_cat","embeddable":true,"href":"http:\/\/dafinoo.eu\/mirmar\/wp-json\/wp\/v2\/product_cat?post=36327"},{"taxonomy":"product_tag","embeddable":true,"href":"http:\/\/dafinoo.eu\/mirmar\/wp-json\/wp\/v2\/product_tag?post=36327"}],"curies":[{"name":"wp","href":"https:\/\/api.w.org\/{rel}","templated":true}]}}