{"id":36335,"date":"2021-03-15T17:23:11","date_gmt":"2021-03-15T16:23:11","guid":{"rendered":"http:\/\/dafinoo.eu\/mirmar\/product\/vrtacie-kladivo-s-sds-plus-gbh-4-32-dfr-professional-bosch\/"},"modified":"2021-04-19T19:41:29","modified_gmt":"2021-04-19T17:41:29","slug":"vrtacie-kladivo-s-sds-plus-gbh-4-32-dfr-professional-bosch","status":"publish","type":"product","link":"http:\/\/dafinoo.eu\/mirmar\/obchod\/vrtacie-kladivo-s-sds-plus-gbh-4-32-dfr-professional-bosch\/","title":{"rendered":"V\u0155tacie kladivo s SDS-plus  GBH 4-32 DFR Professional Bosch"},"content":{"rendered":"<p>Najr\u00fdchlej\u0161ie multifunk\u010dn\u00e9 kladivo v triede 4 kg<br \/>\nV\u0161estrann\u00e9 vyu\u017eitie pri sekan\u00ed a v\u0155tan\u00ed, ako aj pri pr\u00e1ci s v\u0155tacou korunkou<br \/>\nV\u0155ta a\u017e o 30 % r\u00fdchlej\u0161ie (\u00d8 25 mm) ne\u017e ostatn\u00e9 n\u00e1radie rovnakej triedy<br \/>\nN\u00edzke hodnoty vibr\u00e1ci\u00ed, len 10 m\/s\u00b2 pre pr\u00e1cu bez \u00fanavy v\u010faka tlmeniu vibr\u00e1ci\u00ed Bosch Vibration Control<br \/>\nExtr\u00e9mne robustn\u00e9 v\u010faka krytu prevodovky z hlin\u00edka<br \/>\nBleskur\u00fdchla v\u00fdmena sk\u013eu\u010dovadla SDS-plus a r\u00fdchloup\u00ednacieho sk\u013eu\u010dovadla na v\u0155tanie do dreva a kovov<br \/>\nKompaktn\u00e1 kon\u0161trukcia pre perfektn\u00fa manipul\u00e1ciu<\/p>\n<p>+ navy\u0161e<br \/>\n&#8211; 3xSDS-plus vrt\u00e1k S4L (12x100x160mm, 14x100x160mm, 16x150x210mm)<br \/>\n&#8211; 3x sek\u00e1\u010d (na obklada\u010dky 260x40mm, \u0161pic 250mm, ploch\u00fd 250x20mm)<br \/>\n&#8211; v\u0155tacia korunka<\/p>\n","protected":false},"excerpt":{"rendered":"<p>Menovit\u00fd pr\u00edkon\t900 W<br \/>\nEnergia pr\u00edklepu, max.\t4,2 J<br \/>\nFrekvencia pr\u00edklepu pri menovit\u00fdch ot\u00e1\u010dkach\t0 \u2013 3.600 min-1<br \/>\nMenovit\u00e9 ot\u00e1\u010dky\t0 \u2013 800 min-1<br \/>\nHmotnos\u0165\t4,7 kg<br \/>\nUp\u00ednanie n\u00e1strojov\tSDS-plus<br \/>\nRozsah v\u0155tania<br \/>\n\u00d8 vrtu do bet\u00f3nu s pr\u00edklepov\u00fdmi vrt\u00e1kmi\t6 \u2013 32 mm<br \/>\nOptim\u00e1lny rozsah vyu\u017eitia do bet\u00f3nu s pr\u00edklepov\u00fdmi vrt\u00e1kmi\t14 \u2013 25 mm<br \/>\nMax. \u00d8 vrtu do muriva s v\u0155tac\u00edmi korunkami\t90 mm<br \/>\nMax. \u00d8 vrtu do ocele\t13 mm<br \/>\nMax. \u00d8 vrtu do dreva\t32 mm<br \/>\nFunkcie<br \/>\nPravo-\/\u013eavobe\u017en\u00fd chod<br \/>\nElektronika<br \/>\nBezpe\u010dnostn\u00e1 spojka<br \/>\nSyst\u00e9m Bosch SDS<br \/>\nInform\u00e1cia o hlu\u010dnosti a vibr\u00e1ci\u00e1ch<br \/>\nHodnoty merania zisten\u00e9 pod\u013ea EN 60745<br \/>\nCelkov\u00e9 hodnoty vibr\u00e1ci\u00ed (s\u00fa\u010det vektorov v troch smeroch)<br \/>\nV\u0155tanie s pr\u00edklepom do bet\u00f3nu<br \/>\nHodnota emisie vibr\u00e1ci\u00ed ah\t10.0 m\/s\u00b2<br \/>\nNepresnos\u0165 K\t1.5 m\/s\u00b2<br \/>\nSekanie<br \/>\nHodnota emisie vibr\u00e1ci\u00ed ah\t9.0 m\/s\u00b2<br \/>\nNepresnos\u0165 K\t1.5 m\/s\u00b2<\/p>\n","protected":false},"featured_media":36336,"comment_status":"closed","ping_status":"open","template":"","meta":{"_lmt_disableupdate":"","_lmt_disable":""},"product_cat":[3128,3106,3129],"product_tag":[],"class_list":{"0":"post-36335","1":"product","2":"type-product","3":"status-publish","4":"has-post-thumbnail","6":"product_cat-vrtacie-sekacie-kladiva","7":"product_cat-bosch","8":"product_cat-vrtacie-kladiva-s-sds-plus","9":"ts_product_brand-bosh","11":"first","12":"instock","13":"taxable","14":"shipping-taxable","15":"purchasable","16":"product-type-simple"},"yoast_head":"<!-- This site is optimized with the Yoast SEO plugin v27.3 - https:\/\/yoast.com\/product\/yoast-seo-wordpress\/ -->\n<title>V\u0155tacie kladivo s SDS-plus GBH 4-32 DFR Professional Bosch - MIR-MAR<\/title>\n<meta name=\"robots\" content=\"index, follow, max-snippet:-1, max-image-preview:large, max-video-preview:-1\" \/>\n<link rel=\"canonical\" href=\"http:\/\/dafinoo.eu\/mirmar\/obchod\/vrtacie-kladivo-s-sds-plus-gbh-4-32-dfr-professional-bosch\/\" \/>\n<meta property=\"og:locale\" content=\"sk_SK\" \/>\n<meta property=\"og:type\" content=\"article\" \/>\n<meta property=\"og:title\" content=\"V\u0155tacie kladivo s SDS-plus GBH 4-32 DFR Professional Bosch - MIR-MAR\" \/>\n<meta property=\"og:description\" content=\"Menovit\u00fd pr\u00edkon 900 W Energia pr\u00edklepu, max. 4,2 J Frekvencia pr\u00edklepu pri menovit\u00fdch ot\u00e1\u010dkach 0 \u2013 3.600 min-1 Menovit\u00e9 ot\u00e1\u010dky 0 \u2013 800 min-1 Hmotnos\u0165 4,7 kg Up\u00ednanie n\u00e1strojov SDS-plus Rozsah v\u0155tania \u00d8 vrtu do bet\u00f3nu s pr\u00edklepov\u00fdmi vrt\u00e1kmi 6 \u2013 32 mm Optim\u00e1lny rozsah vyu\u017eitia do bet\u00f3nu s pr\u00edklepov\u00fdmi vrt\u00e1kmi 14 \u2013 25 mm Max. \u00d8 vrtu do muriva s v\u0155tac\u00edmi korunkami 90 mm Max. \u00d8 vrtu do ocele 13 mm Max. \u00d8 vrtu do dreva 32 mm Funkcie Pravo-\/\u013eavobe\u017en\u00fd chod Elektronika Bezpe\u010dnostn\u00e1 spojka Syst\u00e9m Bosch SDS Inform\u00e1cia o hlu\u010dnosti a vibr\u00e1ci\u00e1ch Hodnoty merania zisten\u00e9 pod\u013ea EN 60745 Celkov\u00e9 hodnoty vibr\u00e1ci\u00ed (s\u00fa\u010det vektorov v troch smeroch) V\u0155tanie s pr\u00edklepom do bet\u00f3nu Hodnota emisie vibr\u00e1ci\u00ed ah 10.0 m\/s\u00b2 Nepresnos\u0165 K 1.5 m\/s\u00b2 Sekanie Hodnota emisie vibr\u00e1ci\u00ed ah 9.0 m\/s\u00b2 Nepresnos\u0165 K 1.5 m\/s\u00b2\" \/>\n<meta property=\"og:url\" content=\"http:\/\/dafinoo.eu\/mirmar\/obchod\/vrtacie-kladivo-s-sds-plus-gbh-4-32-dfr-professional-bosch\/\" \/>\n<meta property=\"og:site_name\" content=\"MIR-MAR\" \/>\n<meta property=\"article:publisher\" content=\"https:\/\/facebook.com\/mirmareshop\" \/>\n<meta property=\"article:modified_time\" content=\"2021-04-19T17:41:29+00:00\" \/>\n<meta property=\"og:image\" content=\"https:\/\/i0.wp.com\/www.mirmar.sk\/wp-content\/uploads\/2021\/03\/5_4_50.jpg?fit=661%2C348&ssl=1\" \/>\n\t<meta property=\"og:image:width\" content=\"661\" \/>\n\t<meta property=\"og:image:height\" content=\"348\" \/>\n\t<meta property=\"og:image:type\" content=\"image\/jpeg\" \/>\n<meta name=\"twitter:label1\" content=\"Predpokladan\u00fd \u010das \u010d\u00edtania\" \/>\n\t<meta name=\"twitter:data1\" content=\"1 min\u00fata\" \/>\n<script type=\"application\/ld+json\" class=\"yoast-schema-graph\">{\"@context\":\"https:\\\/\\\/schema.org\",\"@graph\":[{\"@type\":\"WebPage\",\"@id\":\"http:\\\/\\\/dafinoo.eu\\\/mirmar\\\/obchod\\\/vrtacie-kladivo-s-sds-plus-gbh-4-32-dfr-professional-bosch\\\/\",\"url\":\"http:\\\/\\\/dafinoo.eu\\\/mirmar\\\/obchod\\\/vrtacie-kladivo-s-sds-plus-gbh-4-32-dfr-professional-bosch\\\/\",\"name\":\"V\u0155tacie kladivo s SDS-plus GBH 4-32 DFR Professional Bosch - MIR-MAR\",\"isPartOf\":{\"@id\":\"http:\\\/\\\/dafinoo.eu\\\/mirmar\\\/#website\"},\"primaryImageOfPage\":{\"@id\":\"http:\\\/\\\/dafinoo.eu\\\/mirmar\\\/obchod\\\/vrtacie-kladivo-s-sds-plus-gbh-4-32-dfr-professional-bosch\\\/#primaryimage\"},\"image\":{\"@id\":\"http:\\\/\\\/dafinoo.eu\\\/mirmar\\\/obchod\\\/vrtacie-kladivo-s-sds-plus-gbh-4-32-dfr-professional-bosch\\\/#primaryimage\"},\"thumbnailUrl\":\"http:\\\/\\\/dafinoo.eu\\\/mirmar\\\/wp-content\\\/uploads\\\/2021\\\/03\\\/5_4_50.jpg\",\"datePublished\":\"2021-03-15T16:23:11+00:00\",\"dateModified\":\"2021-04-19T17:41:29+00:00\",\"breadcrumb\":{\"@id\":\"http:\\\/\\\/dafinoo.eu\\\/mirmar\\\/obchod\\\/vrtacie-kladivo-s-sds-plus-gbh-4-32-dfr-professional-bosch\\\/#breadcrumb\"},\"inLanguage\":\"sk-SK\",\"potentialAction\":[{\"@type\":\"ReadAction\",\"target\":[\"http:\\\/\\\/dafinoo.eu\\\/mirmar\\\/obchod\\\/vrtacie-kladivo-s-sds-plus-gbh-4-32-dfr-professional-bosch\\\/\"]}]},{\"@type\":\"ImageObject\",\"inLanguage\":\"sk-SK\",\"@id\":\"http:\\\/\\\/dafinoo.eu\\\/mirmar\\\/obchod\\\/vrtacie-kladivo-s-sds-plus-gbh-4-32-dfr-professional-bosch\\\/#primaryimage\",\"url\":\"http:\\\/\\\/dafinoo.eu\\\/mirmar\\\/wp-content\\\/uploads\\\/2021\\\/03\\\/5_4_50.jpg\",\"contentUrl\":\"http:\\\/\\\/dafinoo.eu\\\/mirmar\\\/wp-content\\\/uploads\\\/2021\\\/03\\\/5_4_50.jpg\",\"width\":661,\"height\":348},{\"@type\":\"BreadcrumbList\",\"@id\":\"http:\\\/\\\/dafinoo.eu\\\/mirmar\\\/obchod\\\/vrtacie-kladivo-s-sds-plus-gbh-4-32-dfr-professional-bosch\\\/#breadcrumb\",\"itemListElement\":[{\"@type\":\"ListItem\",\"position\":1,\"name\":\"Domovsk\u00e1 str\u00e1nka\",\"item\":\"http:\\\/\\\/dafinoo.eu\\\/mirmar\\\/\"},{\"@type\":\"ListItem\",\"position\":2,\"name\":\"Obchod\",\"item\":\"http:\\\/\\\/dafinoo.eu\\\/mirmar\\\/obchod\\\/\"},{\"@type\":\"ListItem\",\"position\":3,\"name\":\"V\u0155tacie kladivo s SDS-plus GBH 4-32 DFR Professional Bosch\"}]},{\"@type\":\"WebSite\",\"@id\":\"http:\\\/\\\/dafinoo.eu\\\/mirmar\\\/#website\",\"url\":\"http:\\\/\\\/dafinoo.eu\\\/mirmar\\\/\",\"name\":\"MIR-MAR\",\"description\":\"Eshop s n\u00e1rad\u00edm\",\"publisher\":{\"@id\":\"http:\\\/\\\/dafinoo.eu\\\/mirmar\\\/#organization\"},\"potentialAction\":[{\"@type\":\"SearchAction\",\"target\":{\"@type\":\"EntryPoint\",\"urlTemplate\":\"http:\\\/\\\/dafinoo.eu\\\/mirmar\\\/?s={search_term_string}\"},\"query-input\":{\"@type\":\"PropertyValueSpecification\",\"valueRequired\":true,\"valueName\":\"search_term_string\"}}],\"inLanguage\":\"sk-SK\"},{\"@type\":\"Organization\",\"@id\":\"http:\\\/\\\/dafinoo.eu\\\/mirmar\\\/#organization\",\"name\":\"MIR-MAR\",\"url\":\"http:\\\/\\\/dafinoo.eu\\\/mirmar\\\/\",\"logo\":{\"@type\":\"ImageObject\",\"inLanguage\":\"sk-SK\",\"@id\":\"http:\\\/\\\/dafinoo.eu\\\/mirmar\\\/#\\\/schema\\\/logo\\\/image\\\/\",\"url\":\"http:\\\/\\\/dafinoo.eu\\\/mirmar\\\/wp-content\\\/uploads\\\/2021\\\/03\\\/mirmar_logo.png\",\"contentUrl\":\"http:\\\/\\\/dafinoo.eu\\\/mirmar\\\/wp-content\\\/uploads\\\/2021\\\/03\\\/mirmar_logo.png\",\"width\":256,\"height\":60,\"caption\":\"MIR-MAR\"},\"image\":{\"@id\":\"http:\\\/\\\/dafinoo.eu\\\/mirmar\\\/#\\\/schema\\\/logo\\\/image\\\/\"},\"sameAs\":[\"https:\\\/\\\/facebook.com\\\/mirmareshop\"]}]}<\/script>\n<!-- \/ Yoast SEO plugin. -->","yoast_head_json":{"title":"V\u0155tacie kladivo s SDS-plus GBH 4-32 DFR Professional Bosch - MIR-MAR","robots":{"index":"index","follow":"follow","max-snippet":"max-snippet:-1","max-image-preview":"max-image-preview:large","max-video-preview":"max-video-preview:-1"},"canonical":"http:\/\/dafinoo.eu\/mirmar\/obchod\/vrtacie-kladivo-s-sds-plus-gbh-4-32-dfr-professional-bosch\/","og_locale":"sk_SK","og_type":"article","og_title":"V\u0155tacie kladivo s SDS-plus GBH 4-32 DFR Professional Bosch - MIR-MAR","og_description":"Menovit\u00fd pr\u00edkon 900 W Energia pr\u00edklepu, max. 4,2 J Frekvencia pr\u00edklepu pri menovit\u00fdch ot\u00e1\u010dkach 0 \u2013 3.600 min-1 Menovit\u00e9 ot\u00e1\u010dky 0 \u2013 800 min-1 Hmotnos\u0165 4,7 kg Up\u00ednanie n\u00e1strojov SDS-plus Rozsah v\u0155tania \u00d8 vrtu do bet\u00f3nu s pr\u00edklepov\u00fdmi vrt\u00e1kmi 6 \u2013 32 mm Optim\u00e1lny rozsah vyu\u017eitia do bet\u00f3nu s pr\u00edklepov\u00fdmi vrt\u00e1kmi 14 \u2013 25 mm Max. \u00d8 vrtu do muriva s v\u0155tac\u00edmi korunkami 90 mm Max. \u00d8 vrtu do ocele 13 mm Max. \u00d8 vrtu do dreva 32 mm Funkcie Pravo-\/\u013eavobe\u017en\u00fd chod Elektronika Bezpe\u010dnostn\u00e1 spojka Syst\u00e9m Bosch SDS Inform\u00e1cia o hlu\u010dnosti a vibr\u00e1ci\u00e1ch Hodnoty merania zisten\u00e9 pod\u013ea EN 60745 Celkov\u00e9 hodnoty vibr\u00e1ci\u00ed (s\u00fa\u010det vektorov v troch smeroch) V\u0155tanie s pr\u00edklepom do bet\u00f3nu Hodnota emisie vibr\u00e1ci\u00ed ah 10.0 m\/s\u00b2 Nepresnos\u0165 K 1.5 m\/s\u00b2 Sekanie Hodnota emisie vibr\u00e1ci\u00ed ah 9.0 m\/s\u00b2 Nepresnos\u0165 K 1.5 m\/s\u00b2","og_url":"http:\/\/dafinoo.eu\/mirmar\/obchod\/vrtacie-kladivo-s-sds-plus-gbh-4-32-dfr-professional-bosch\/","og_site_name":"MIR-MAR","article_publisher":"https:\/\/facebook.com\/mirmareshop","article_modified_time":"2021-04-19T17:41:29+00:00","og_image":[{"width":661,"height":348,"url":"https:\/\/i0.wp.com\/www.mirmar.sk\/wp-content\/uploads\/2021\/03\/5_4_50.jpg?fit=661%2C348&ssl=1","type":"image\/jpeg"}],"twitter_misc":{"Predpokladan\u00fd \u010das \u010d\u00edtania":"1 min\u00fata"},"schema":{"@context":"https:\/\/schema.org","@graph":[{"@type":"WebPage","@id":"http:\/\/dafinoo.eu\/mirmar\/obchod\/vrtacie-kladivo-s-sds-plus-gbh-4-32-dfr-professional-bosch\/","url":"http:\/\/dafinoo.eu\/mirmar\/obchod\/vrtacie-kladivo-s-sds-plus-gbh-4-32-dfr-professional-bosch\/","name":"V\u0155tacie kladivo s SDS-plus GBH 4-32 DFR Professional Bosch - MIR-MAR","isPartOf":{"@id":"http:\/\/dafinoo.eu\/mirmar\/#website"},"primaryImageOfPage":{"@id":"http:\/\/dafinoo.eu\/mirmar\/obchod\/vrtacie-kladivo-s-sds-plus-gbh-4-32-dfr-professional-bosch\/#primaryimage"},"image":{"@id":"http:\/\/dafinoo.eu\/mirmar\/obchod\/vrtacie-kladivo-s-sds-plus-gbh-4-32-dfr-professional-bosch\/#primaryimage"},"thumbnailUrl":"http:\/\/dafinoo.eu\/mirmar\/wp-content\/uploads\/2021\/03\/5_4_50.jpg","datePublished":"2021-03-15T16:23:11+00:00","dateModified":"2021-04-19T17:41:29+00:00","breadcrumb":{"@id":"http:\/\/dafinoo.eu\/mirmar\/obchod\/vrtacie-kladivo-s-sds-plus-gbh-4-32-dfr-professional-bosch\/#breadcrumb"},"inLanguage":"sk-SK","potentialAction":[{"@type":"ReadAction","target":["http:\/\/dafinoo.eu\/mirmar\/obchod\/vrtacie-kladivo-s-sds-plus-gbh-4-32-dfr-professional-bosch\/"]}]},{"@type":"ImageObject","inLanguage":"sk-SK","@id":"http:\/\/dafinoo.eu\/mirmar\/obchod\/vrtacie-kladivo-s-sds-plus-gbh-4-32-dfr-professional-bosch\/#primaryimage","url":"http:\/\/dafinoo.eu\/mirmar\/wp-content\/uploads\/2021\/03\/5_4_50.jpg","contentUrl":"http:\/\/dafinoo.eu\/mirmar\/wp-content\/uploads\/2021\/03\/5_4_50.jpg","width":661,"height":348},{"@type":"BreadcrumbList","@id":"http:\/\/dafinoo.eu\/mirmar\/obchod\/vrtacie-kladivo-s-sds-plus-gbh-4-32-dfr-professional-bosch\/#breadcrumb","itemListElement":[{"@type":"ListItem","position":1,"name":"Domovsk\u00e1 str\u00e1nka","item":"http:\/\/dafinoo.eu\/mirmar\/"},{"@type":"ListItem","position":2,"name":"Obchod","item":"http:\/\/dafinoo.eu\/mirmar\/obchod\/"},{"@type":"ListItem","position":3,"name":"V\u0155tacie kladivo s SDS-plus GBH 4-32 DFR Professional Bosch"}]},{"@type":"WebSite","@id":"http:\/\/dafinoo.eu\/mirmar\/#website","url":"http:\/\/dafinoo.eu\/mirmar\/","name":"MIR-MAR","description":"Eshop s n\u00e1rad\u00edm","publisher":{"@id":"http:\/\/dafinoo.eu\/mirmar\/#organization"},"potentialAction":[{"@type":"SearchAction","target":{"@type":"EntryPoint","urlTemplate":"http:\/\/dafinoo.eu\/mirmar\/?s={search_term_string}"},"query-input":{"@type":"PropertyValueSpecification","valueRequired":true,"valueName":"search_term_string"}}],"inLanguage":"sk-SK"},{"@type":"Organization","@id":"http:\/\/dafinoo.eu\/mirmar\/#organization","name":"MIR-MAR","url":"http:\/\/dafinoo.eu\/mirmar\/","logo":{"@type":"ImageObject","inLanguage":"sk-SK","@id":"http:\/\/dafinoo.eu\/mirmar\/#\/schema\/logo\/image\/","url":"http:\/\/dafinoo.eu\/mirmar\/wp-content\/uploads\/2021\/03\/mirmar_logo.png","contentUrl":"http:\/\/dafinoo.eu\/mirmar\/wp-content\/uploads\/2021\/03\/mirmar_logo.png","width":256,"height":60,"caption":"MIR-MAR"},"image":{"@id":"http:\/\/dafinoo.eu\/mirmar\/#\/schema\/logo\/image\/"},"sameAs":["https:\/\/facebook.com\/mirmareshop"]}]}},"_links":{"self":[{"href":"http:\/\/dafinoo.eu\/mirmar\/wp-json\/wp\/v2\/product\/36335","targetHints":{"allow":["GET"]}}],"collection":[{"href":"http:\/\/dafinoo.eu\/mirmar\/wp-json\/wp\/v2\/product"}],"about":[{"href":"http:\/\/dafinoo.eu\/mirmar\/wp-json\/wp\/v2\/types\/product"}],"replies":[{"embeddable":true,"href":"http:\/\/dafinoo.eu\/mirmar\/wp-json\/wp\/v2\/comments?post=36335"}],"wp:featuredmedia":[{"embeddable":true,"href":"http:\/\/dafinoo.eu\/mirmar\/wp-json\/wp\/v2\/media\/36336"}],"wp:attachment":[{"href":"http:\/\/dafinoo.eu\/mirmar\/wp-json\/wp\/v2\/media?parent=36335"}],"wp:term":[{"taxonomy":"product_cat","embeddable":true,"href":"http:\/\/dafinoo.eu\/mirmar\/wp-json\/wp\/v2\/product_cat?post=36335"},{"taxonomy":"product_tag","embeddable":true,"href":"http:\/\/dafinoo.eu\/mirmar\/wp-json\/wp\/v2\/product_tag?post=36335"}],"curies":[{"name":"wp","href":"https:\/\/api.w.org\/{rel}","templated":true}]}}