{"id":36341,"date":"2021-03-15T17:23:11","date_gmt":"2021-03-15T16:23:11","guid":{"rendered":"http:\/\/dafinoo.eu\/mirmar\/product\/sekacie-kladivo-s-sds-plus-gsh-3-e-professional-bosch\/"},"modified":"2021-04-19T19:41:31","modified_gmt":"2021-04-19T17:41:31","slug":"sekacie-kladivo-s-sds-plus-gsh-3-e-professional-bosch","status":"publish","type":"product","link":"http:\/\/dafinoo.eu\/mirmar\/obchod\/sekacie-kladivo-s-sds-plus-gsh-3-e-professional-bosch\/","title":{"rendered":"Sekacie kladivo s SDS-plus  GSH 3 E Professional Bosch"},"content":{"rendered":"<p>\u0160pecialista na renov\u00e1cie a san\u00e1cie<br \/>\nVysok\u00fd \u00faberov\u00fd v\u00fdkon v\u010faka v\u00fdkonn\u00e9mu motoru s pr\u00edkonom 650 W a \u0161peci\u00e1lnemu sek\u00e1\u010du na dla\u017edi\u010dky<br \/>\nDlh\u00e1 \u017eivotnos\u0165 v\u010faka extr\u00e9mne robustn\u00e9mu pr\u00edklepov\u00e9mu mechanizmu a dr\u017eiaku n\u00e1strojov, ako aj olejov\u00e9mu mazaniu<br \/>\nV\u00fdborne sa dr\u017e\u00ed v ruke: mal\u00e1 hmotnos\u0165 iba 3,5 kg, kompaktn\u00fd tvar, vyp\u00edna\u010d s aret\u00e1ciou a s funkciou \u201eakceler\u00e1cie\u201c, rukov\u00e4\u0165 z m\u00e4kk\u00e9ho materi\u00e1lu<br \/>\nPerfektn\u00fd s\u00falad kladiva a sek\u00e1\u010da: v\u010faka tomu a\u017e o 40 % vy\u0161\u0161ia r\u00fdchlos\u0165 pr\u00e1ce<br \/>\nV\u010faka optim\u00e1lnej s\u00fahre kladiva a sek\u00e1\u010da a\u017e o 90 % menej zni\u010den\u00fdch dla\u017edi\u010diek<br \/>\nServisn\u00fd kryt pre jednoduch\u00fa a r\u00fdchlu v\u00fdmenu uhl\u00edkov<\/p>\n","protected":false},"excerpt":{"rendered":"<p>Menovit\u00fd pr\u00edkon\t650 W<br \/>\nEnergia pr\u00edklepu, max.\t2,6 J<br \/>\nFrekvencia pr\u00edklepu pri menovit\u00fdch ot\u00e1\u010dkach\t0 \u2013 3.500 min-1<br \/>\nHmotnos\u0165\t3,5 kg<br \/>\nD\u013a\u017eka\t376 mm<br \/>\n\u0160\u00edrka\t89 mm<br \/>\nV\u00fd\u0161ka\t208 mm<br \/>\nUp\u00ednanie n\u00e1strojov\tSDS-plus<br \/>\nFunkcie<br \/>\nPlynul\u00e1 regul\u00e1cia ot\u00e1\u010dok<br \/>\nElektronika<br \/>\nInform\u00e1cia o hlu\u010dnosti a vibr\u00e1ci\u00e1ch<br \/>\nHodnoty merania zisten\u00e9 pod\u013ea EN 60745<br \/>\nCelkov\u00e9 hodnoty vibr\u00e1ci\u00ed (s\u00fa\u010det vektorov v troch smeroch)<br \/>\nSekanie<br \/>\nHodnota emisie vibr\u00e1ci\u00ed ah\t16.0 m\/s\u00b2<br \/>\nNepresnos\u0165 K\t1.5 m\/s\u00b2<\/p>\n","protected":false},"featured_media":36342,"comment_status":"closed","ping_status":"open","template":"","meta":{"_lmt_disableupdate":"","_lmt_disable":""},"product_cat":[3128,3106,3134],"product_tag":[],"class_list":{"0":"post-36341","1":"product","2":"type-product","3":"status-publish","4":"has-post-thumbnail","6":"product_cat-vrtacie-sekacie-kladiva","7":"product_cat-bosch","8":"product_cat-sekacie-kladivo-s-sds-plus","9":"ts_product_brand-bosh","11":"first","12":"instock","13":"taxable","14":"shipping-taxable","15":"purchasable","16":"product-type-simple"},"yoast_head":"<!-- This site is optimized with the Yoast SEO plugin v27.3 - https:\/\/yoast.com\/product\/yoast-seo-wordpress\/ -->\n<title>Sekacie kladivo s SDS-plus GSH 3 E Professional Bosch - MIR-MAR<\/title>\n<meta name=\"robots\" content=\"index, follow, max-snippet:-1, max-image-preview:large, max-video-preview:-1\" \/>\n<link rel=\"canonical\" href=\"http:\/\/dafinoo.eu\/mirmar\/obchod\/sekacie-kladivo-s-sds-plus-gsh-3-e-professional-bosch\/\" \/>\n<meta property=\"og:locale\" content=\"sk_SK\" \/>\n<meta property=\"og:type\" content=\"article\" \/>\n<meta property=\"og:title\" content=\"Sekacie kladivo s SDS-plus GSH 3 E Professional Bosch - MIR-MAR\" \/>\n<meta property=\"og:description\" content=\"Menovit\u00fd pr\u00edkon 650 W Energia pr\u00edklepu, max. 2,6 J Frekvencia pr\u00edklepu pri menovit\u00fdch ot\u00e1\u010dkach 0 \u2013 3.500 min-1 Hmotnos\u0165 3,5 kg D\u013a\u017eka 376 mm \u0160\u00edrka 89 mm V\u00fd\u0161ka 208 mm Up\u00ednanie n\u00e1strojov SDS-plus Funkcie Plynul\u00e1 regul\u00e1cia ot\u00e1\u010dok Elektronika Inform\u00e1cia o hlu\u010dnosti a vibr\u00e1ci\u00e1ch Hodnoty merania zisten\u00e9 pod\u013ea EN 60745 Celkov\u00e9 hodnoty vibr\u00e1ci\u00ed (s\u00fa\u010det vektorov v troch smeroch) Sekanie Hodnota emisie vibr\u00e1ci\u00ed ah 16.0 m\/s\u00b2 Nepresnos\u0165 K 1.5 m\/s\u00b2\" \/>\n<meta property=\"og:url\" content=\"http:\/\/dafinoo.eu\/mirmar\/obchod\/sekacie-kladivo-s-sds-plus-gsh-3-e-professional-bosch\/\" \/>\n<meta property=\"og:site_name\" content=\"MIR-MAR\" \/>\n<meta property=\"article:publisher\" content=\"https:\/\/facebook.com\/mirmareshop\" \/>\n<meta property=\"article:modified_time\" content=\"2021-04-19T17:41:31+00:00\" \/>\n<meta property=\"og:image\" content=\"https:\/\/i0.wp.com\/www.mirmar.sk\/wp-content\/uploads\/2021\/03\/8_3_1.jpg?fit=661%2C348&ssl=1\" \/>\n\t<meta property=\"og:image:width\" content=\"661\" \/>\n\t<meta property=\"og:image:height\" content=\"348\" \/>\n\t<meta property=\"og:image:type\" content=\"image\/jpeg\" \/>\n<meta name=\"twitter:label1\" content=\"Predpokladan\u00fd \u010das \u010d\u00edtania\" \/>\n\t<meta name=\"twitter:data1\" content=\"1 min\u00fata\" \/>\n<script type=\"application\/ld+json\" class=\"yoast-schema-graph\">{\"@context\":\"https:\\\/\\\/schema.org\",\"@graph\":[{\"@type\":\"WebPage\",\"@id\":\"http:\\\/\\\/dafinoo.eu\\\/mirmar\\\/obchod\\\/sekacie-kladivo-s-sds-plus-gsh-3-e-professional-bosch\\\/\",\"url\":\"http:\\\/\\\/dafinoo.eu\\\/mirmar\\\/obchod\\\/sekacie-kladivo-s-sds-plus-gsh-3-e-professional-bosch\\\/\",\"name\":\"Sekacie kladivo s SDS-plus GSH 3 E Professional Bosch - MIR-MAR\",\"isPartOf\":{\"@id\":\"http:\\\/\\\/dafinoo.eu\\\/mirmar\\\/#website\"},\"primaryImageOfPage\":{\"@id\":\"http:\\\/\\\/dafinoo.eu\\\/mirmar\\\/obchod\\\/sekacie-kladivo-s-sds-plus-gsh-3-e-professional-bosch\\\/#primaryimage\"},\"image\":{\"@id\":\"http:\\\/\\\/dafinoo.eu\\\/mirmar\\\/obchod\\\/sekacie-kladivo-s-sds-plus-gsh-3-e-professional-bosch\\\/#primaryimage\"},\"thumbnailUrl\":\"http:\\\/\\\/dafinoo.eu\\\/mirmar\\\/wp-content\\\/uploads\\\/2021\\\/03\\\/8_3_1.jpg\",\"datePublished\":\"2021-03-15T16:23:11+00:00\",\"dateModified\":\"2021-04-19T17:41:31+00:00\",\"breadcrumb\":{\"@id\":\"http:\\\/\\\/dafinoo.eu\\\/mirmar\\\/obchod\\\/sekacie-kladivo-s-sds-plus-gsh-3-e-professional-bosch\\\/#breadcrumb\"},\"inLanguage\":\"sk-SK\",\"potentialAction\":[{\"@type\":\"ReadAction\",\"target\":[\"http:\\\/\\\/dafinoo.eu\\\/mirmar\\\/obchod\\\/sekacie-kladivo-s-sds-plus-gsh-3-e-professional-bosch\\\/\"]}]},{\"@type\":\"ImageObject\",\"inLanguage\":\"sk-SK\",\"@id\":\"http:\\\/\\\/dafinoo.eu\\\/mirmar\\\/obchod\\\/sekacie-kladivo-s-sds-plus-gsh-3-e-professional-bosch\\\/#primaryimage\",\"url\":\"http:\\\/\\\/dafinoo.eu\\\/mirmar\\\/wp-content\\\/uploads\\\/2021\\\/03\\\/8_3_1.jpg\",\"contentUrl\":\"http:\\\/\\\/dafinoo.eu\\\/mirmar\\\/wp-content\\\/uploads\\\/2021\\\/03\\\/8_3_1.jpg\",\"width\":661,\"height\":348},{\"@type\":\"BreadcrumbList\",\"@id\":\"http:\\\/\\\/dafinoo.eu\\\/mirmar\\\/obchod\\\/sekacie-kladivo-s-sds-plus-gsh-3-e-professional-bosch\\\/#breadcrumb\",\"itemListElement\":[{\"@type\":\"ListItem\",\"position\":1,\"name\":\"Domovsk\u00e1 str\u00e1nka\",\"item\":\"http:\\\/\\\/dafinoo.eu\\\/mirmar\\\/\"},{\"@type\":\"ListItem\",\"position\":2,\"name\":\"Obchod\",\"item\":\"http:\\\/\\\/dafinoo.eu\\\/mirmar\\\/obchod\\\/\"},{\"@type\":\"ListItem\",\"position\":3,\"name\":\"Sekacie kladivo s SDS-plus GSH 3 E Professional Bosch\"}]},{\"@type\":\"WebSite\",\"@id\":\"http:\\\/\\\/dafinoo.eu\\\/mirmar\\\/#website\",\"url\":\"http:\\\/\\\/dafinoo.eu\\\/mirmar\\\/\",\"name\":\"MIR-MAR\",\"description\":\"Eshop s n\u00e1rad\u00edm\",\"publisher\":{\"@id\":\"http:\\\/\\\/dafinoo.eu\\\/mirmar\\\/#organization\"},\"potentialAction\":[{\"@type\":\"SearchAction\",\"target\":{\"@type\":\"EntryPoint\",\"urlTemplate\":\"http:\\\/\\\/dafinoo.eu\\\/mirmar\\\/?s={search_term_string}\"},\"query-input\":{\"@type\":\"PropertyValueSpecification\",\"valueRequired\":true,\"valueName\":\"search_term_string\"}}],\"inLanguage\":\"sk-SK\"},{\"@type\":\"Organization\",\"@id\":\"http:\\\/\\\/dafinoo.eu\\\/mirmar\\\/#organization\",\"name\":\"MIR-MAR\",\"url\":\"http:\\\/\\\/dafinoo.eu\\\/mirmar\\\/\",\"logo\":{\"@type\":\"ImageObject\",\"inLanguage\":\"sk-SK\",\"@id\":\"http:\\\/\\\/dafinoo.eu\\\/mirmar\\\/#\\\/schema\\\/logo\\\/image\\\/\",\"url\":\"http:\\\/\\\/dafinoo.eu\\\/mirmar\\\/wp-content\\\/uploads\\\/2021\\\/03\\\/mirmar_logo.png\",\"contentUrl\":\"http:\\\/\\\/dafinoo.eu\\\/mirmar\\\/wp-content\\\/uploads\\\/2021\\\/03\\\/mirmar_logo.png\",\"width\":256,\"height\":60,\"caption\":\"MIR-MAR\"},\"image\":{\"@id\":\"http:\\\/\\\/dafinoo.eu\\\/mirmar\\\/#\\\/schema\\\/logo\\\/image\\\/\"},\"sameAs\":[\"https:\\\/\\\/facebook.com\\\/mirmareshop\"]}]}<\/script>\n<!-- \/ Yoast SEO plugin. -->","yoast_head_json":{"title":"Sekacie kladivo s SDS-plus GSH 3 E Professional Bosch - MIR-MAR","robots":{"index":"index","follow":"follow","max-snippet":"max-snippet:-1","max-image-preview":"max-image-preview:large","max-video-preview":"max-video-preview:-1"},"canonical":"http:\/\/dafinoo.eu\/mirmar\/obchod\/sekacie-kladivo-s-sds-plus-gsh-3-e-professional-bosch\/","og_locale":"sk_SK","og_type":"article","og_title":"Sekacie kladivo s SDS-plus GSH 3 E Professional Bosch - MIR-MAR","og_description":"Menovit\u00fd pr\u00edkon 650 W Energia pr\u00edklepu, max. 2,6 J Frekvencia pr\u00edklepu pri menovit\u00fdch ot\u00e1\u010dkach 0 \u2013 3.500 min-1 Hmotnos\u0165 3,5 kg D\u013a\u017eka 376 mm \u0160\u00edrka 89 mm V\u00fd\u0161ka 208 mm Up\u00ednanie n\u00e1strojov SDS-plus Funkcie Plynul\u00e1 regul\u00e1cia ot\u00e1\u010dok Elektronika Inform\u00e1cia o hlu\u010dnosti a vibr\u00e1ci\u00e1ch Hodnoty merania zisten\u00e9 pod\u013ea EN 60745 Celkov\u00e9 hodnoty vibr\u00e1ci\u00ed (s\u00fa\u010det vektorov v troch smeroch) Sekanie Hodnota emisie vibr\u00e1ci\u00ed ah 16.0 m\/s\u00b2 Nepresnos\u0165 K 1.5 m\/s\u00b2","og_url":"http:\/\/dafinoo.eu\/mirmar\/obchod\/sekacie-kladivo-s-sds-plus-gsh-3-e-professional-bosch\/","og_site_name":"MIR-MAR","article_publisher":"https:\/\/facebook.com\/mirmareshop","article_modified_time":"2021-04-19T17:41:31+00:00","og_image":[{"width":661,"height":348,"url":"https:\/\/i0.wp.com\/www.mirmar.sk\/wp-content\/uploads\/2021\/03\/8_3_1.jpg?fit=661%2C348&ssl=1","type":"image\/jpeg"}],"twitter_misc":{"Predpokladan\u00fd \u010das \u010d\u00edtania":"1 min\u00fata"},"schema":{"@context":"https:\/\/schema.org","@graph":[{"@type":"WebPage","@id":"http:\/\/dafinoo.eu\/mirmar\/obchod\/sekacie-kladivo-s-sds-plus-gsh-3-e-professional-bosch\/","url":"http:\/\/dafinoo.eu\/mirmar\/obchod\/sekacie-kladivo-s-sds-plus-gsh-3-e-professional-bosch\/","name":"Sekacie kladivo s SDS-plus GSH 3 E Professional Bosch - MIR-MAR","isPartOf":{"@id":"http:\/\/dafinoo.eu\/mirmar\/#website"},"primaryImageOfPage":{"@id":"http:\/\/dafinoo.eu\/mirmar\/obchod\/sekacie-kladivo-s-sds-plus-gsh-3-e-professional-bosch\/#primaryimage"},"image":{"@id":"http:\/\/dafinoo.eu\/mirmar\/obchod\/sekacie-kladivo-s-sds-plus-gsh-3-e-professional-bosch\/#primaryimage"},"thumbnailUrl":"http:\/\/dafinoo.eu\/mirmar\/wp-content\/uploads\/2021\/03\/8_3_1.jpg","datePublished":"2021-03-15T16:23:11+00:00","dateModified":"2021-04-19T17:41:31+00:00","breadcrumb":{"@id":"http:\/\/dafinoo.eu\/mirmar\/obchod\/sekacie-kladivo-s-sds-plus-gsh-3-e-professional-bosch\/#breadcrumb"},"inLanguage":"sk-SK","potentialAction":[{"@type":"ReadAction","target":["http:\/\/dafinoo.eu\/mirmar\/obchod\/sekacie-kladivo-s-sds-plus-gsh-3-e-professional-bosch\/"]}]},{"@type":"ImageObject","inLanguage":"sk-SK","@id":"http:\/\/dafinoo.eu\/mirmar\/obchod\/sekacie-kladivo-s-sds-plus-gsh-3-e-professional-bosch\/#primaryimage","url":"http:\/\/dafinoo.eu\/mirmar\/wp-content\/uploads\/2021\/03\/8_3_1.jpg","contentUrl":"http:\/\/dafinoo.eu\/mirmar\/wp-content\/uploads\/2021\/03\/8_3_1.jpg","width":661,"height":348},{"@type":"BreadcrumbList","@id":"http:\/\/dafinoo.eu\/mirmar\/obchod\/sekacie-kladivo-s-sds-plus-gsh-3-e-professional-bosch\/#breadcrumb","itemListElement":[{"@type":"ListItem","position":1,"name":"Domovsk\u00e1 str\u00e1nka","item":"http:\/\/dafinoo.eu\/mirmar\/"},{"@type":"ListItem","position":2,"name":"Obchod","item":"http:\/\/dafinoo.eu\/mirmar\/obchod\/"},{"@type":"ListItem","position":3,"name":"Sekacie kladivo s SDS-plus GSH 3 E Professional Bosch"}]},{"@type":"WebSite","@id":"http:\/\/dafinoo.eu\/mirmar\/#website","url":"http:\/\/dafinoo.eu\/mirmar\/","name":"MIR-MAR","description":"Eshop s n\u00e1rad\u00edm","publisher":{"@id":"http:\/\/dafinoo.eu\/mirmar\/#organization"},"potentialAction":[{"@type":"SearchAction","target":{"@type":"EntryPoint","urlTemplate":"http:\/\/dafinoo.eu\/mirmar\/?s={search_term_string}"},"query-input":{"@type":"PropertyValueSpecification","valueRequired":true,"valueName":"search_term_string"}}],"inLanguage":"sk-SK"},{"@type":"Organization","@id":"http:\/\/dafinoo.eu\/mirmar\/#organization","name":"MIR-MAR","url":"http:\/\/dafinoo.eu\/mirmar\/","logo":{"@type":"ImageObject","inLanguage":"sk-SK","@id":"http:\/\/dafinoo.eu\/mirmar\/#\/schema\/logo\/image\/","url":"http:\/\/dafinoo.eu\/mirmar\/wp-content\/uploads\/2021\/03\/mirmar_logo.png","contentUrl":"http:\/\/dafinoo.eu\/mirmar\/wp-content\/uploads\/2021\/03\/mirmar_logo.png","width":256,"height":60,"caption":"MIR-MAR"},"image":{"@id":"http:\/\/dafinoo.eu\/mirmar\/#\/schema\/logo\/image\/"},"sameAs":["https:\/\/facebook.com\/mirmareshop"]}]}},"_links":{"self":[{"href":"http:\/\/dafinoo.eu\/mirmar\/wp-json\/wp\/v2\/product\/36341","targetHints":{"allow":["GET"]}}],"collection":[{"href":"http:\/\/dafinoo.eu\/mirmar\/wp-json\/wp\/v2\/product"}],"about":[{"href":"http:\/\/dafinoo.eu\/mirmar\/wp-json\/wp\/v2\/types\/product"}],"replies":[{"embeddable":true,"href":"http:\/\/dafinoo.eu\/mirmar\/wp-json\/wp\/v2\/comments?post=36341"}],"wp:featuredmedia":[{"embeddable":true,"href":"http:\/\/dafinoo.eu\/mirmar\/wp-json\/wp\/v2\/media\/36342"}],"wp:attachment":[{"href":"http:\/\/dafinoo.eu\/mirmar\/wp-json\/wp\/v2\/media?parent=36341"}],"wp:term":[{"taxonomy":"product_cat","embeddable":true,"href":"http:\/\/dafinoo.eu\/mirmar\/wp-json\/wp\/v2\/product_cat?post=36341"},{"taxonomy":"product_tag","embeddable":true,"href":"http:\/\/dafinoo.eu\/mirmar\/wp-json\/wp\/v2\/product_tag?post=36341"}],"curies":[{"name":"wp","href":"https:\/\/api.w.org\/{rel}","templated":true}]}}