{"id":36349,"date":"2021-03-15T17:23:20","date_gmt":"2021-03-15T16:23:20","guid":{"rendered":"http:\/\/dafinoo.eu\/mirmar\/product\/vrtacie-kladivo-s-sds-max-gbh-5-38-d-professional-bosch\/"},"modified":"2021-04-19T19:41:37","modified_gmt":"2021-04-19T17:41:37","slug":"vrtacie-kladivo-s-sds-max-gbh-5-38-d-professional-bosch","status":"publish","type":"product","link":"http:\/\/dafinoo.eu\/mirmar\/obchod\/vrtacie-kladivo-s-sds-max-gbh-5-38-d-professional-bosch\/","title":{"rendered":"V\u0155tacie kladivo s SDS-max  GBH 5-38 D Professional Bosch"},"content":{"rendered":"<p>\u013dahk\u00e9 novozav\u00e1dzan\u00e9 kladivo<br \/>\nRobustn\u00e9 kladivo s up\u00ednan\u00edm SDS-max na v\u0155tanie dier s priemerom do 38 mm<br \/>\nS funkciou pre sekanie a univerz\u00e1lnym vyu\u017eit\u00edm<br \/>\nDlh\u00e1 \u017eivotnos\u0165 i pri najtvrd\u0161om nasaden\u00ed v\u010faka robustn\u00e9mu kovov\u00e9mu krytu a kompaktn\u00e9mu dizajnu<br \/>\nV\u00fdkonn\u00fd motor s pr\u00edkonom 1.050 W<br \/>\nVysok\u00e1 r\u00fdchlos\u0165 postupu pri v\u0155tan\u00ed do bet\u00f3nu v\u010faka optimalizovan\u00e9mu pr\u00edklepov\u00e9mu mechanizmu<br \/>\nFunkcia Vario-Lock s 12 r\u00f4znymi polohami sek\u00e1\u010da<\/p>\n","protected":false},"excerpt":{"rendered":"<p>Menovit\u00fd pr\u00edkon\t1.050 W<br \/>\nEnergia pr\u00edklepu, max.\t5,9 J<br \/>\nFrekvencia pr\u00edklepu pri menovit\u00fdch ot\u00e1\u010dkach\t2.900 min-1<br \/>\nHmotnos\u0165\t5,8 kg<br \/>\nUp\u00ednanie n\u00e1strojov\tSDS-max<br \/>\nRozsah v\u0155tania<br \/>\n\u00d8 vrtu do bet\u00f3nu s pr\u00edklepov\u00fdmi vrt\u00e1kmi\t16 \u2013 38 mm<br \/>\n\u00d8 vrtu do bet\u00f3nu s prer\u00e1\u017eac\u00edmi vrt\u00e1kmi\t45 \u2013 55 mm<br \/>\n\u00d8 vrtu do bet\u00f3nu s v\u0155tac\u00edmi korunkami\t40 \u2013 90 mm<br \/>\nFunkcie<br \/>\nBezpe\u010dnostn\u00e1 spojka<br \/>\nSyst\u00e9m Bosch SDS<br \/>\nInform\u00e1cia o hlu\u010dnosti a vibr\u00e1ci\u00e1ch<br \/>\nHodnoty merania zisten\u00e9 pod\u013ea EN 60745<br \/>\nCelkov\u00e9 hodnoty vibr\u00e1ci\u00ed (s\u00fa\u010det vektorov v troch smeroch)<br \/>\nV\u0155tanie s pr\u00edklepom do bet\u00f3nu<br \/>\nHodnota emisie vibr\u00e1ci\u00ed ah\t14.0 m\/s\u00b2<br \/>\nNepresnos\u0165 K\t1.5 m\/s\u00b2<br \/>\nSekanie<br \/>\nHodnota emisie vibr\u00e1ci\u00ed ah\t13.0 m\/s\u00b2<br \/>\nNepresnos\u0165 K\t1.5 m\/s\u00b2<\/p>\n","protected":false},"featured_media":36350,"comment_status":"closed","ping_status":"open","template":"","meta":{"_lmt_disableupdate":"","_lmt_disable":""},"product_cat":[3128,3106],"product_tag":[],"class_list":{"0":"post-36349","1":"product","2":"type-product","3":"status-publish","4":"has-post-thumbnail","6":"product_cat-vrtacie-sekacie-kladiva","7":"product_cat-bosch","9":"first","10":"instock","11":"taxable","12":"shipping-taxable","13":"purchasable","14":"product-type-simple"},"yoast_head":"<!-- This site is optimized with the Yoast SEO plugin v27.3 - https:\/\/yoast.com\/product\/yoast-seo-wordpress\/ -->\n<title>V\u0155tacie kladivo s SDS-max GBH 5-38 D Professional Bosch - MIR-MAR<\/title>\n<meta name=\"robots\" content=\"index, follow, max-snippet:-1, max-image-preview:large, max-video-preview:-1\" \/>\n<link rel=\"canonical\" href=\"http:\/\/dafinoo.eu\/mirmar\/obchod\/vrtacie-kladivo-s-sds-max-gbh-5-38-d-professional-bosch\/\" \/>\n<meta property=\"og:locale\" content=\"sk_SK\" \/>\n<meta property=\"og:type\" content=\"article\" \/>\n<meta property=\"og:title\" content=\"V\u0155tacie kladivo s SDS-max GBH 5-38 D Professional Bosch - MIR-MAR\" \/>\n<meta property=\"og:description\" content=\"Menovit\u00fd pr\u00edkon 1.050 W Energia pr\u00edklepu, max. 5,9 J Frekvencia pr\u00edklepu pri menovit\u00fdch ot\u00e1\u010dkach 2.900 min-1 Hmotnos\u0165 5,8 kg Up\u00ednanie n\u00e1strojov SDS-max Rozsah v\u0155tania \u00d8 vrtu do bet\u00f3nu s pr\u00edklepov\u00fdmi vrt\u00e1kmi 16 \u2013 38 mm \u00d8 vrtu do bet\u00f3nu s prer\u00e1\u017eac\u00edmi vrt\u00e1kmi 45 \u2013 55 mm \u00d8 vrtu do bet\u00f3nu s v\u0155tac\u00edmi korunkami 40 \u2013 90 mm Funkcie Bezpe\u010dnostn\u00e1 spojka Syst\u00e9m Bosch SDS Inform\u00e1cia o hlu\u010dnosti a vibr\u00e1ci\u00e1ch Hodnoty merania zisten\u00e9 pod\u013ea EN 60745 Celkov\u00e9 hodnoty vibr\u00e1ci\u00ed (s\u00fa\u010det vektorov v troch smeroch) V\u0155tanie s pr\u00edklepom do bet\u00f3nu Hodnota emisie vibr\u00e1ci\u00ed ah 14.0 m\/s\u00b2 Nepresnos\u0165 K 1.5 m\/s\u00b2 Sekanie Hodnota emisie vibr\u00e1ci\u00ed ah 13.0 m\/s\u00b2 Nepresnos\u0165 K 1.5 m\/s\u00b2\" \/>\n<meta property=\"og:url\" content=\"http:\/\/dafinoo.eu\/mirmar\/obchod\/vrtacie-kladivo-s-sds-max-gbh-5-38-d-professional-bosch\/\" \/>\n<meta property=\"og:site_name\" content=\"MIR-MAR\" \/>\n<meta property=\"article:publisher\" content=\"https:\/\/facebook.com\/mirmareshop\" \/>\n<meta property=\"article:modified_time\" content=\"2021-04-19T17:41:37+00:00\" \/>\n<meta property=\"og:image\" content=\"https:\/\/i1.wp.com\/www.mirmar.sk\/wp-content\/uploads\/2021\/03\/12_3_1.jpg?fit=661%2C348&ssl=1\" \/>\n\t<meta property=\"og:image:width\" content=\"661\" \/>\n\t<meta property=\"og:image:height\" content=\"348\" \/>\n\t<meta property=\"og:image:type\" content=\"image\/jpeg\" \/>\n<script type=\"application\/ld+json\" class=\"yoast-schema-graph\">{\"@context\":\"https:\\\/\\\/schema.org\",\"@graph\":[{\"@type\":\"WebPage\",\"@id\":\"http:\\\/\\\/dafinoo.eu\\\/mirmar\\\/obchod\\\/vrtacie-kladivo-s-sds-max-gbh-5-38-d-professional-bosch\\\/\",\"url\":\"http:\\\/\\\/dafinoo.eu\\\/mirmar\\\/obchod\\\/vrtacie-kladivo-s-sds-max-gbh-5-38-d-professional-bosch\\\/\",\"name\":\"V\u0155tacie kladivo s SDS-max GBH 5-38 D Professional Bosch - MIR-MAR\",\"isPartOf\":{\"@id\":\"http:\\\/\\\/dafinoo.eu\\\/mirmar\\\/#website\"},\"primaryImageOfPage\":{\"@id\":\"http:\\\/\\\/dafinoo.eu\\\/mirmar\\\/obchod\\\/vrtacie-kladivo-s-sds-max-gbh-5-38-d-professional-bosch\\\/#primaryimage\"},\"image\":{\"@id\":\"http:\\\/\\\/dafinoo.eu\\\/mirmar\\\/obchod\\\/vrtacie-kladivo-s-sds-max-gbh-5-38-d-professional-bosch\\\/#primaryimage\"},\"thumbnailUrl\":\"http:\\\/\\\/dafinoo.eu\\\/mirmar\\\/wp-content\\\/uploads\\\/2021\\\/03\\\/12_3_1.jpg\",\"datePublished\":\"2021-03-15T16:23:20+00:00\",\"dateModified\":\"2021-04-19T17:41:37+00:00\",\"breadcrumb\":{\"@id\":\"http:\\\/\\\/dafinoo.eu\\\/mirmar\\\/obchod\\\/vrtacie-kladivo-s-sds-max-gbh-5-38-d-professional-bosch\\\/#breadcrumb\"},\"inLanguage\":\"sk-SK\",\"potentialAction\":[{\"@type\":\"ReadAction\",\"target\":[\"http:\\\/\\\/dafinoo.eu\\\/mirmar\\\/obchod\\\/vrtacie-kladivo-s-sds-max-gbh-5-38-d-professional-bosch\\\/\"]}]},{\"@type\":\"ImageObject\",\"inLanguage\":\"sk-SK\",\"@id\":\"http:\\\/\\\/dafinoo.eu\\\/mirmar\\\/obchod\\\/vrtacie-kladivo-s-sds-max-gbh-5-38-d-professional-bosch\\\/#primaryimage\",\"url\":\"http:\\\/\\\/dafinoo.eu\\\/mirmar\\\/wp-content\\\/uploads\\\/2021\\\/03\\\/12_3_1.jpg\",\"contentUrl\":\"http:\\\/\\\/dafinoo.eu\\\/mirmar\\\/wp-content\\\/uploads\\\/2021\\\/03\\\/12_3_1.jpg\",\"width\":661,\"height\":348},{\"@type\":\"BreadcrumbList\",\"@id\":\"http:\\\/\\\/dafinoo.eu\\\/mirmar\\\/obchod\\\/vrtacie-kladivo-s-sds-max-gbh-5-38-d-professional-bosch\\\/#breadcrumb\",\"itemListElement\":[{\"@type\":\"ListItem\",\"position\":1,\"name\":\"Domovsk\u00e1 str\u00e1nka\",\"item\":\"http:\\\/\\\/dafinoo.eu\\\/mirmar\\\/\"},{\"@type\":\"ListItem\",\"position\":2,\"name\":\"Obchod\",\"item\":\"http:\\\/\\\/dafinoo.eu\\\/mirmar\\\/obchod\\\/\"},{\"@type\":\"ListItem\",\"position\":3,\"name\":\"V\u0155tacie kladivo s SDS-max GBH 5-38 D Professional Bosch\"}]},{\"@type\":\"WebSite\",\"@id\":\"http:\\\/\\\/dafinoo.eu\\\/mirmar\\\/#website\",\"url\":\"http:\\\/\\\/dafinoo.eu\\\/mirmar\\\/\",\"name\":\"MIR-MAR\",\"description\":\"Eshop s n\u00e1rad\u00edm\",\"publisher\":{\"@id\":\"http:\\\/\\\/dafinoo.eu\\\/mirmar\\\/#organization\"},\"potentialAction\":[{\"@type\":\"SearchAction\",\"target\":{\"@type\":\"EntryPoint\",\"urlTemplate\":\"http:\\\/\\\/dafinoo.eu\\\/mirmar\\\/?s={search_term_string}\"},\"query-input\":{\"@type\":\"PropertyValueSpecification\",\"valueRequired\":true,\"valueName\":\"search_term_string\"}}],\"inLanguage\":\"sk-SK\"},{\"@type\":\"Organization\",\"@id\":\"http:\\\/\\\/dafinoo.eu\\\/mirmar\\\/#organization\",\"name\":\"MIR-MAR\",\"url\":\"http:\\\/\\\/dafinoo.eu\\\/mirmar\\\/\",\"logo\":{\"@type\":\"ImageObject\",\"inLanguage\":\"sk-SK\",\"@id\":\"http:\\\/\\\/dafinoo.eu\\\/mirmar\\\/#\\\/schema\\\/logo\\\/image\\\/\",\"url\":\"http:\\\/\\\/dafinoo.eu\\\/mirmar\\\/wp-content\\\/uploads\\\/2021\\\/03\\\/mirmar_logo.png\",\"contentUrl\":\"http:\\\/\\\/dafinoo.eu\\\/mirmar\\\/wp-content\\\/uploads\\\/2021\\\/03\\\/mirmar_logo.png\",\"width\":256,\"height\":60,\"caption\":\"MIR-MAR\"},\"image\":{\"@id\":\"http:\\\/\\\/dafinoo.eu\\\/mirmar\\\/#\\\/schema\\\/logo\\\/image\\\/\"},\"sameAs\":[\"https:\\\/\\\/facebook.com\\\/mirmareshop\"]}]}<\/script>\n<!-- \/ Yoast SEO plugin. -->","yoast_head_json":{"title":"V\u0155tacie kladivo s SDS-max GBH 5-38 D Professional Bosch - MIR-MAR","robots":{"index":"index","follow":"follow","max-snippet":"max-snippet:-1","max-image-preview":"max-image-preview:large","max-video-preview":"max-video-preview:-1"},"canonical":"http:\/\/dafinoo.eu\/mirmar\/obchod\/vrtacie-kladivo-s-sds-max-gbh-5-38-d-professional-bosch\/","og_locale":"sk_SK","og_type":"article","og_title":"V\u0155tacie kladivo s SDS-max GBH 5-38 D Professional Bosch - MIR-MAR","og_description":"Menovit\u00fd pr\u00edkon 1.050 W Energia pr\u00edklepu, max. 5,9 J Frekvencia pr\u00edklepu pri menovit\u00fdch ot\u00e1\u010dkach 2.900 min-1 Hmotnos\u0165 5,8 kg Up\u00ednanie n\u00e1strojov SDS-max Rozsah v\u0155tania \u00d8 vrtu do bet\u00f3nu s pr\u00edklepov\u00fdmi vrt\u00e1kmi 16 \u2013 38 mm \u00d8 vrtu do bet\u00f3nu s prer\u00e1\u017eac\u00edmi vrt\u00e1kmi 45 \u2013 55 mm \u00d8 vrtu do bet\u00f3nu s v\u0155tac\u00edmi korunkami 40 \u2013 90 mm Funkcie Bezpe\u010dnostn\u00e1 spojka Syst\u00e9m Bosch SDS Inform\u00e1cia o hlu\u010dnosti a vibr\u00e1ci\u00e1ch Hodnoty merania zisten\u00e9 pod\u013ea EN 60745 Celkov\u00e9 hodnoty vibr\u00e1ci\u00ed (s\u00fa\u010det vektorov v troch smeroch) V\u0155tanie s pr\u00edklepom do bet\u00f3nu Hodnota emisie vibr\u00e1ci\u00ed ah 14.0 m\/s\u00b2 Nepresnos\u0165 K 1.5 m\/s\u00b2 Sekanie Hodnota emisie vibr\u00e1ci\u00ed ah 13.0 m\/s\u00b2 Nepresnos\u0165 K 1.5 m\/s\u00b2","og_url":"http:\/\/dafinoo.eu\/mirmar\/obchod\/vrtacie-kladivo-s-sds-max-gbh-5-38-d-professional-bosch\/","og_site_name":"MIR-MAR","article_publisher":"https:\/\/facebook.com\/mirmareshop","article_modified_time":"2021-04-19T17:41:37+00:00","og_image":[{"width":661,"height":348,"url":"https:\/\/i1.wp.com\/www.mirmar.sk\/wp-content\/uploads\/2021\/03\/12_3_1.jpg?fit=661%2C348&ssl=1","type":"image\/jpeg"}],"schema":{"@context":"https:\/\/schema.org","@graph":[{"@type":"WebPage","@id":"http:\/\/dafinoo.eu\/mirmar\/obchod\/vrtacie-kladivo-s-sds-max-gbh-5-38-d-professional-bosch\/","url":"http:\/\/dafinoo.eu\/mirmar\/obchod\/vrtacie-kladivo-s-sds-max-gbh-5-38-d-professional-bosch\/","name":"V\u0155tacie kladivo s SDS-max GBH 5-38 D Professional Bosch - MIR-MAR","isPartOf":{"@id":"http:\/\/dafinoo.eu\/mirmar\/#website"},"primaryImageOfPage":{"@id":"http:\/\/dafinoo.eu\/mirmar\/obchod\/vrtacie-kladivo-s-sds-max-gbh-5-38-d-professional-bosch\/#primaryimage"},"image":{"@id":"http:\/\/dafinoo.eu\/mirmar\/obchod\/vrtacie-kladivo-s-sds-max-gbh-5-38-d-professional-bosch\/#primaryimage"},"thumbnailUrl":"http:\/\/dafinoo.eu\/mirmar\/wp-content\/uploads\/2021\/03\/12_3_1.jpg","datePublished":"2021-03-15T16:23:20+00:00","dateModified":"2021-04-19T17:41:37+00:00","breadcrumb":{"@id":"http:\/\/dafinoo.eu\/mirmar\/obchod\/vrtacie-kladivo-s-sds-max-gbh-5-38-d-professional-bosch\/#breadcrumb"},"inLanguage":"sk-SK","potentialAction":[{"@type":"ReadAction","target":["http:\/\/dafinoo.eu\/mirmar\/obchod\/vrtacie-kladivo-s-sds-max-gbh-5-38-d-professional-bosch\/"]}]},{"@type":"ImageObject","inLanguage":"sk-SK","@id":"http:\/\/dafinoo.eu\/mirmar\/obchod\/vrtacie-kladivo-s-sds-max-gbh-5-38-d-professional-bosch\/#primaryimage","url":"http:\/\/dafinoo.eu\/mirmar\/wp-content\/uploads\/2021\/03\/12_3_1.jpg","contentUrl":"http:\/\/dafinoo.eu\/mirmar\/wp-content\/uploads\/2021\/03\/12_3_1.jpg","width":661,"height":348},{"@type":"BreadcrumbList","@id":"http:\/\/dafinoo.eu\/mirmar\/obchod\/vrtacie-kladivo-s-sds-max-gbh-5-38-d-professional-bosch\/#breadcrumb","itemListElement":[{"@type":"ListItem","position":1,"name":"Domovsk\u00e1 str\u00e1nka","item":"http:\/\/dafinoo.eu\/mirmar\/"},{"@type":"ListItem","position":2,"name":"Obchod","item":"http:\/\/dafinoo.eu\/mirmar\/obchod\/"},{"@type":"ListItem","position":3,"name":"V\u0155tacie kladivo s SDS-max GBH 5-38 D Professional Bosch"}]},{"@type":"WebSite","@id":"http:\/\/dafinoo.eu\/mirmar\/#website","url":"http:\/\/dafinoo.eu\/mirmar\/","name":"MIR-MAR","description":"Eshop s n\u00e1rad\u00edm","publisher":{"@id":"http:\/\/dafinoo.eu\/mirmar\/#organization"},"potentialAction":[{"@type":"SearchAction","target":{"@type":"EntryPoint","urlTemplate":"http:\/\/dafinoo.eu\/mirmar\/?s={search_term_string}"},"query-input":{"@type":"PropertyValueSpecification","valueRequired":true,"valueName":"search_term_string"}}],"inLanguage":"sk-SK"},{"@type":"Organization","@id":"http:\/\/dafinoo.eu\/mirmar\/#organization","name":"MIR-MAR","url":"http:\/\/dafinoo.eu\/mirmar\/","logo":{"@type":"ImageObject","inLanguage":"sk-SK","@id":"http:\/\/dafinoo.eu\/mirmar\/#\/schema\/logo\/image\/","url":"http:\/\/dafinoo.eu\/mirmar\/wp-content\/uploads\/2021\/03\/mirmar_logo.png","contentUrl":"http:\/\/dafinoo.eu\/mirmar\/wp-content\/uploads\/2021\/03\/mirmar_logo.png","width":256,"height":60,"caption":"MIR-MAR"},"image":{"@id":"http:\/\/dafinoo.eu\/mirmar\/#\/schema\/logo\/image\/"},"sameAs":["https:\/\/facebook.com\/mirmareshop"]}]}},"_links":{"self":[{"href":"http:\/\/dafinoo.eu\/mirmar\/wp-json\/wp\/v2\/product\/36349","targetHints":{"allow":["GET"]}}],"collection":[{"href":"http:\/\/dafinoo.eu\/mirmar\/wp-json\/wp\/v2\/product"}],"about":[{"href":"http:\/\/dafinoo.eu\/mirmar\/wp-json\/wp\/v2\/types\/product"}],"replies":[{"embeddable":true,"href":"http:\/\/dafinoo.eu\/mirmar\/wp-json\/wp\/v2\/comments?post=36349"}],"wp:featuredmedia":[{"embeddable":true,"href":"http:\/\/dafinoo.eu\/mirmar\/wp-json\/wp\/v2\/media\/36350"}],"wp:attachment":[{"href":"http:\/\/dafinoo.eu\/mirmar\/wp-json\/wp\/v2\/media?parent=36349"}],"wp:term":[{"taxonomy":"product_cat","embeddable":true,"href":"http:\/\/dafinoo.eu\/mirmar\/wp-json\/wp\/v2\/product_cat?post=36349"},{"taxonomy":"product_tag","embeddable":true,"href":"http:\/\/dafinoo.eu\/mirmar\/wp-json\/wp\/v2\/product_tag?post=36349"}],"curies":[{"name":"wp","href":"https:\/\/api.w.org\/{rel}","templated":true}]}}