{"id":36353,"date":"2021-03-15T17:23:20","date_gmt":"2021-03-15T16:23:20","guid":{"rendered":"http:\/\/dafinoo.eu\/mirmar\/product\/sekacie-kladivo-s-sds-max-gsh-11-e-professional-bosch\/"},"modified":"2022-02-22T18:24:41","modified_gmt":"2022-02-22T17:24:41","slug":"sekacie-kladivo-s-sds-max-gsh-11-e-professional-bosch","status":"publish","type":"product","link":"http:\/\/dafinoo.eu\/mirmar\/obchod\/sekacie-kladivo-s-sds-max-gsh-11-e-professional-bosch\/","title":{"rendered":"Sekacie kladivo s SDS-max  GSH 11 E Professional Bosch"},"content":{"rendered":"<p>\u0160pecialista na prer\u00e1\u017eanie a b\u00faracie pr\u00e1ce<br \/>\nExtr\u00e9mna energia pr\u00edklepu 16,8 J pre vysok\u00fd \u00faberov\u00fd v\u00fdkon<br \/>\nTlmenie vibr\u00e1ci\u00ed v z\u00e1\u0165a\u017ei i vo vo\u013enobehu<br \/>\nMinim\u00e1lny pr\u00edtlak pre neunavuj\u00facu pr\u00e1cu<br \/>\nServisn\u00fd indik\u00e1tor<br \/>\nUp\u00ednanie n\u00e1strojov SDS-max s integrovanou ochranou proti prachu<br \/>\nVariabiln\u00e9 nastavenie sek\u00e1\u010dov v 12 poloh\u00e1ch<br \/>\nPr\u00eddavn\u00e1 rukov\u00e4\u0165 s mo\u017enos\u0165ou nastavenia v ktorejko\u013evek polohe v rozsahu 360\u00b0<br \/>\nRukov\u00e4\u0165 s oblo\u017een\u00edm z penovej gumy<br \/>\n\u0160irok\u00fd posuvn\u00fd vyp\u00edna\u010d pre pohodln\u00e9 zap\u00ednanie a vyp\u00ednanie<br \/>\nObjemn\u00fd kufor na pren\u00e1\u0161anie<br \/>\nSamovyp\u00ednacie uhl\u00edky<br \/>\nPohodln\u00e1 manipul\u00e1cia i pri pou\u017e\u00edvan\u00ed \u013eav\u00e1kmi<\/p>\n","protected":false},"excerpt":{"rendered":"<p>Menovit\u00fd pr\u00edkon\t1.500 W<br \/>\nEnergia pr\u00edklepu, max.\t16,8 J<br \/>\nFrekvencia pr\u00edklepu pri menovit\u00fdch ot\u00e1\u010dkach\t900 \u2013 1.890 min-1<br \/>\nHmotnos\u0165\t10,1 kg<br \/>\nD\u013a\u017eka\t570 mm<br \/>\nV\u00fd\u0161ka\t270 mm<br \/>\nUp\u00ednanie n\u00e1strojov\tSDS-max<br \/>\nFunkcie<br \/>\nKon\u0161tantn\u00e1 elektronika<br \/>\nInform\u00e1cia o hlu\u010dnosti a vibr\u00e1ci\u00e1ch<br \/>\nHodnoty merania zisten\u00e9 pod\u013ea EN 60745<br \/>\nCelkov\u00e9 hodnoty vibr\u00e1ci\u00ed (s\u00fa\u010det vektorov v troch smeroch)<br \/>\nSekanie<br \/>\nHodnota emisie vibr\u00e1ci\u00ed ah\t16.0 m\/s\u00b2<br \/>\nNepresnos\u0165 K\t2.0 m\/s\u00b2<\/p>\n","protected":false},"featured_media":36354,"comment_status":"closed","ping_status":"closed","template":"","meta":{"_lmt_disableupdate":"","_lmt_disable":""},"product_cat":[3128,3106,3135],"product_tag":[],"class_list":{"0":"post-36353","1":"product","2":"type-product","3":"status-publish","4":"has-post-thumbnail","6":"product_cat-vrtacie-sekacie-kladiva","7":"product_cat-bosch","8":"product_cat-sekacie-kladiva-s-sds-max","9":"ts_product_brand-bosh","11":"first","12":"instock","13":"taxable","14":"shipping-taxable","15":"purchasable","16":"product-type-simple"},"yoast_head":"<!-- This site is optimized with the Yoast SEO plugin v27.3 - https:\/\/yoast.com\/product\/yoast-seo-wordpress\/ -->\n<title>Sekacie kladivo s SDS-max GSH 11 E Professional Bosch - MIR-MAR<\/title>\n<meta name=\"robots\" content=\"index, follow, max-snippet:-1, max-image-preview:large, max-video-preview:-1\" \/>\n<link rel=\"canonical\" href=\"http:\/\/dafinoo.eu\/mirmar\/obchod\/sekacie-kladivo-s-sds-max-gsh-11-e-professional-bosch\/\" \/>\n<meta property=\"og:locale\" content=\"sk_SK\" \/>\n<meta property=\"og:type\" content=\"article\" \/>\n<meta property=\"og:title\" content=\"Sekacie kladivo s SDS-max GSH 11 E Professional Bosch - MIR-MAR\" \/>\n<meta property=\"og:description\" content=\"Menovit\u00fd pr\u00edkon 1.500 W Energia pr\u00edklepu, max. 16,8 J Frekvencia pr\u00edklepu pri menovit\u00fdch ot\u00e1\u010dkach 900 \u2013 1.890 min-1 Hmotnos\u0165 10,1 kg D\u013a\u017eka 570 mm V\u00fd\u0161ka 270 mm Up\u00ednanie n\u00e1strojov SDS-max Funkcie Kon\u0161tantn\u00e1 elektronika Inform\u00e1cia o hlu\u010dnosti a vibr\u00e1ci\u00e1ch Hodnoty merania zisten\u00e9 pod\u013ea EN 60745 Celkov\u00e9 hodnoty vibr\u00e1ci\u00ed (s\u00fa\u010det vektorov v troch smeroch) Sekanie Hodnota emisie vibr\u00e1ci\u00ed ah 16.0 m\/s\u00b2 Nepresnos\u0165 K 2.0 m\/s\u00b2\" \/>\n<meta property=\"og:url\" content=\"http:\/\/dafinoo.eu\/mirmar\/obchod\/sekacie-kladivo-s-sds-max-gsh-11-e-professional-bosch\/\" \/>\n<meta property=\"og:site_name\" content=\"MIR-MAR\" \/>\n<meta property=\"article:publisher\" content=\"https:\/\/facebook.com\/mirmareshop\" \/>\n<meta property=\"article:modified_time\" content=\"2022-02-22T17:24:41+00:00\" \/>\n<meta property=\"og:image\" content=\"http:\/\/dafinoo.eu\/mirmar\/wp-content\/uploads\/2021\/03\/14_2_1.jpg\" \/>\n\t<meta property=\"og:image:width\" content=\"661\" \/>\n\t<meta property=\"og:image:height\" content=\"348\" \/>\n\t<meta property=\"og:image:type\" content=\"image\/jpeg\" \/>\n<meta name=\"twitter:label1\" content=\"Predpokladan\u00fd \u010das \u010d\u00edtania\" \/>\n\t<meta name=\"twitter:data1\" content=\"1 min\u00fata\" \/>\n<script type=\"application\/ld+json\" class=\"yoast-schema-graph\">{\"@context\":\"https:\\\/\\\/schema.org\",\"@graph\":[{\"@type\":\"WebPage\",\"@id\":\"http:\\\/\\\/dafinoo.eu\\\/mirmar\\\/obchod\\\/sekacie-kladivo-s-sds-max-gsh-11-e-professional-bosch\\\/\",\"url\":\"http:\\\/\\\/dafinoo.eu\\\/mirmar\\\/obchod\\\/sekacie-kladivo-s-sds-max-gsh-11-e-professional-bosch\\\/\",\"name\":\"Sekacie kladivo s SDS-max GSH 11 E Professional Bosch - MIR-MAR\",\"isPartOf\":{\"@id\":\"http:\\\/\\\/dafinoo.eu\\\/mirmar\\\/#website\"},\"primaryImageOfPage\":{\"@id\":\"http:\\\/\\\/dafinoo.eu\\\/mirmar\\\/obchod\\\/sekacie-kladivo-s-sds-max-gsh-11-e-professional-bosch\\\/#primaryimage\"},\"image\":{\"@id\":\"http:\\\/\\\/dafinoo.eu\\\/mirmar\\\/obchod\\\/sekacie-kladivo-s-sds-max-gsh-11-e-professional-bosch\\\/#primaryimage\"},\"thumbnailUrl\":\"http:\\\/\\\/dafinoo.eu\\\/mirmar\\\/wp-content\\\/uploads\\\/2021\\\/03\\\/14_2_1.jpg\",\"datePublished\":\"2021-03-15T16:23:20+00:00\",\"dateModified\":\"2022-02-22T17:24:41+00:00\",\"breadcrumb\":{\"@id\":\"http:\\\/\\\/dafinoo.eu\\\/mirmar\\\/obchod\\\/sekacie-kladivo-s-sds-max-gsh-11-e-professional-bosch\\\/#breadcrumb\"},\"inLanguage\":\"sk-SK\",\"potentialAction\":[{\"@type\":\"ReadAction\",\"target\":[\"http:\\\/\\\/dafinoo.eu\\\/mirmar\\\/obchod\\\/sekacie-kladivo-s-sds-max-gsh-11-e-professional-bosch\\\/\"]}]},{\"@type\":\"ImageObject\",\"inLanguage\":\"sk-SK\",\"@id\":\"http:\\\/\\\/dafinoo.eu\\\/mirmar\\\/obchod\\\/sekacie-kladivo-s-sds-max-gsh-11-e-professional-bosch\\\/#primaryimage\",\"url\":\"http:\\\/\\\/dafinoo.eu\\\/mirmar\\\/wp-content\\\/uploads\\\/2021\\\/03\\\/14_2_1.jpg\",\"contentUrl\":\"http:\\\/\\\/dafinoo.eu\\\/mirmar\\\/wp-content\\\/uploads\\\/2021\\\/03\\\/14_2_1.jpg\",\"width\":661,\"height\":348},{\"@type\":\"BreadcrumbList\",\"@id\":\"http:\\\/\\\/dafinoo.eu\\\/mirmar\\\/obchod\\\/sekacie-kladivo-s-sds-max-gsh-11-e-professional-bosch\\\/#breadcrumb\",\"itemListElement\":[{\"@type\":\"ListItem\",\"position\":1,\"name\":\"Domovsk\u00e1 str\u00e1nka\",\"item\":\"http:\\\/\\\/dafinoo.eu\\\/mirmar\\\/\"},{\"@type\":\"ListItem\",\"position\":2,\"name\":\"Obchod\",\"item\":\"http:\\\/\\\/dafinoo.eu\\\/mirmar\\\/obchod\\\/\"},{\"@type\":\"ListItem\",\"position\":3,\"name\":\"Sekacie kladivo s SDS-max GSH 11 E Professional Bosch\"}]},{\"@type\":\"WebSite\",\"@id\":\"http:\\\/\\\/dafinoo.eu\\\/mirmar\\\/#website\",\"url\":\"http:\\\/\\\/dafinoo.eu\\\/mirmar\\\/\",\"name\":\"MIR-MAR\",\"description\":\"Eshop s n\u00e1rad\u00edm\",\"publisher\":{\"@id\":\"http:\\\/\\\/dafinoo.eu\\\/mirmar\\\/#organization\"},\"potentialAction\":[{\"@type\":\"SearchAction\",\"target\":{\"@type\":\"EntryPoint\",\"urlTemplate\":\"http:\\\/\\\/dafinoo.eu\\\/mirmar\\\/?s={search_term_string}\"},\"query-input\":{\"@type\":\"PropertyValueSpecification\",\"valueRequired\":true,\"valueName\":\"search_term_string\"}}],\"inLanguage\":\"sk-SK\"},{\"@type\":\"Organization\",\"@id\":\"http:\\\/\\\/dafinoo.eu\\\/mirmar\\\/#organization\",\"name\":\"MIR-MAR\",\"url\":\"http:\\\/\\\/dafinoo.eu\\\/mirmar\\\/\",\"logo\":{\"@type\":\"ImageObject\",\"inLanguage\":\"sk-SK\",\"@id\":\"http:\\\/\\\/dafinoo.eu\\\/mirmar\\\/#\\\/schema\\\/logo\\\/image\\\/\",\"url\":\"http:\\\/\\\/dafinoo.eu\\\/mirmar\\\/wp-content\\\/uploads\\\/2021\\\/03\\\/mirmar_logo.png\",\"contentUrl\":\"http:\\\/\\\/dafinoo.eu\\\/mirmar\\\/wp-content\\\/uploads\\\/2021\\\/03\\\/mirmar_logo.png\",\"width\":256,\"height\":60,\"caption\":\"MIR-MAR\"},\"image\":{\"@id\":\"http:\\\/\\\/dafinoo.eu\\\/mirmar\\\/#\\\/schema\\\/logo\\\/image\\\/\"},\"sameAs\":[\"https:\\\/\\\/facebook.com\\\/mirmareshop\"]}]}<\/script>\n<!-- \/ Yoast SEO plugin. -->","yoast_head_json":{"title":"Sekacie kladivo s SDS-max GSH 11 E Professional Bosch - MIR-MAR","robots":{"index":"index","follow":"follow","max-snippet":"max-snippet:-1","max-image-preview":"max-image-preview:large","max-video-preview":"max-video-preview:-1"},"canonical":"http:\/\/dafinoo.eu\/mirmar\/obchod\/sekacie-kladivo-s-sds-max-gsh-11-e-professional-bosch\/","og_locale":"sk_SK","og_type":"article","og_title":"Sekacie kladivo s SDS-max GSH 11 E Professional Bosch - MIR-MAR","og_description":"Menovit\u00fd pr\u00edkon 1.500 W Energia pr\u00edklepu, max. 16,8 J Frekvencia pr\u00edklepu pri menovit\u00fdch ot\u00e1\u010dkach 900 \u2013 1.890 min-1 Hmotnos\u0165 10,1 kg D\u013a\u017eka 570 mm V\u00fd\u0161ka 270 mm Up\u00ednanie n\u00e1strojov SDS-max Funkcie Kon\u0161tantn\u00e1 elektronika Inform\u00e1cia o hlu\u010dnosti a vibr\u00e1ci\u00e1ch Hodnoty merania zisten\u00e9 pod\u013ea EN 60745 Celkov\u00e9 hodnoty vibr\u00e1ci\u00ed (s\u00fa\u010det vektorov v troch smeroch) Sekanie Hodnota emisie vibr\u00e1ci\u00ed ah 16.0 m\/s\u00b2 Nepresnos\u0165 K 2.0 m\/s\u00b2","og_url":"http:\/\/dafinoo.eu\/mirmar\/obchod\/sekacie-kladivo-s-sds-max-gsh-11-e-professional-bosch\/","og_site_name":"MIR-MAR","article_publisher":"https:\/\/facebook.com\/mirmareshop","article_modified_time":"2022-02-22T17:24:41+00:00","og_image":[{"width":661,"height":348,"url":"http:\/\/dafinoo.eu\/mirmar\/wp-content\/uploads\/2021\/03\/14_2_1.jpg","type":"image\/jpeg"}],"twitter_misc":{"Predpokladan\u00fd \u010das \u010d\u00edtania":"1 min\u00fata"},"schema":{"@context":"https:\/\/schema.org","@graph":[{"@type":"WebPage","@id":"http:\/\/dafinoo.eu\/mirmar\/obchod\/sekacie-kladivo-s-sds-max-gsh-11-e-professional-bosch\/","url":"http:\/\/dafinoo.eu\/mirmar\/obchod\/sekacie-kladivo-s-sds-max-gsh-11-e-professional-bosch\/","name":"Sekacie kladivo s SDS-max GSH 11 E Professional Bosch - MIR-MAR","isPartOf":{"@id":"http:\/\/dafinoo.eu\/mirmar\/#website"},"primaryImageOfPage":{"@id":"http:\/\/dafinoo.eu\/mirmar\/obchod\/sekacie-kladivo-s-sds-max-gsh-11-e-professional-bosch\/#primaryimage"},"image":{"@id":"http:\/\/dafinoo.eu\/mirmar\/obchod\/sekacie-kladivo-s-sds-max-gsh-11-e-professional-bosch\/#primaryimage"},"thumbnailUrl":"http:\/\/dafinoo.eu\/mirmar\/wp-content\/uploads\/2021\/03\/14_2_1.jpg","datePublished":"2021-03-15T16:23:20+00:00","dateModified":"2022-02-22T17:24:41+00:00","breadcrumb":{"@id":"http:\/\/dafinoo.eu\/mirmar\/obchod\/sekacie-kladivo-s-sds-max-gsh-11-e-professional-bosch\/#breadcrumb"},"inLanguage":"sk-SK","potentialAction":[{"@type":"ReadAction","target":["http:\/\/dafinoo.eu\/mirmar\/obchod\/sekacie-kladivo-s-sds-max-gsh-11-e-professional-bosch\/"]}]},{"@type":"ImageObject","inLanguage":"sk-SK","@id":"http:\/\/dafinoo.eu\/mirmar\/obchod\/sekacie-kladivo-s-sds-max-gsh-11-e-professional-bosch\/#primaryimage","url":"http:\/\/dafinoo.eu\/mirmar\/wp-content\/uploads\/2021\/03\/14_2_1.jpg","contentUrl":"http:\/\/dafinoo.eu\/mirmar\/wp-content\/uploads\/2021\/03\/14_2_1.jpg","width":661,"height":348},{"@type":"BreadcrumbList","@id":"http:\/\/dafinoo.eu\/mirmar\/obchod\/sekacie-kladivo-s-sds-max-gsh-11-e-professional-bosch\/#breadcrumb","itemListElement":[{"@type":"ListItem","position":1,"name":"Domovsk\u00e1 str\u00e1nka","item":"http:\/\/dafinoo.eu\/mirmar\/"},{"@type":"ListItem","position":2,"name":"Obchod","item":"http:\/\/dafinoo.eu\/mirmar\/obchod\/"},{"@type":"ListItem","position":3,"name":"Sekacie kladivo s SDS-max GSH 11 E Professional Bosch"}]},{"@type":"WebSite","@id":"http:\/\/dafinoo.eu\/mirmar\/#website","url":"http:\/\/dafinoo.eu\/mirmar\/","name":"MIR-MAR","description":"Eshop s n\u00e1rad\u00edm","publisher":{"@id":"http:\/\/dafinoo.eu\/mirmar\/#organization"},"potentialAction":[{"@type":"SearchAction","target":{"@type":"EntryPoint","urlTemplate":"http:\/\/dafinoo.eu\/mirmar\/?s={search_term_string}"},"query-input":{"@type":"PropertyValueSpecification","valueRequired":true,"valueName":"search_term_string"}}],"inLanguage":"sk-SK"},{"@type":"Organization","@id":"http:\/\/dafinoo.eu\/mirmar\/#organization","name":"MIR-MAR","url":"http:\/\/dafinoo.eu\/mirmar\/","logo":{"@type":"ImageObject","inLanguage":"sk-SK","@id":"http:\/\/dafinoo.eu\/mirmar\/#\/schema\/logo\/image\/","url":"http:\/\/dafinoo.eu\/mirmar\/wp-content\/uploads\/2021\/03\/mirmar_logo.png","contentUrl":"http:\/\/dafinoo.eu\/mirmar\/wp-content\/uploads\/2021\/03\/mirmar_logo.png","width":256,"height":60,"caption":"MIR-MAR"},"image":{"@id":"http:\/\/dafinoo.eu\/mirmar\/#\/schema\/logo\/image\/"},"sameAs":["https:\/\/facebook.com\/mirmareshop"]}]}},"_links":{"self":[{"href":"http:\/\/dafinoo.eu\/mirmar\/wp-json\/wp\/v2\/product\/36353","targetHints":{"allow":["GET"]}}],"collection":[{"href":"http:\/\/dafinoo.eu\/mirmar\/wp-json\/wp\/v2\/product"}],"about":[{"href":"http:\/\/dafinoo.eu\/mirmar\/wp-json\/wp\/v2\/types\/product"}],"replies":[{"embeddable":true,"href":"http:\/\/dafinoo.eu\/mirmar\/wp-json\/wp\/v2\/comments?post=36353"}],"wp:featuredmedia":[{"embeddable":true,"href":"http:\/\/dafinoo.eu\/mirmar\/wp-json\/wp\/v2\/media\/36354"}],"wp:attachment":[{"href":"http:\/\/dafinoo.eu\/mirmar\/wp-json\/wp\/v2\/media?parent=36353"}],"wp:term":[{"taxonomy":"product_cat","embeddable":true,"href":"http:\/\/dafinoo.eu\/mirmar\/wp-json\/wp\/v2\/product_cat?post=36353"},{"taxonomy":"product_tag","embeddable":true,"href":"http:\/\/dafinoo.eu\/mirmar\/wp-json\/wp\/v2\/product_tag?post=36353"}],"curies":[{"name":"wp","href":"https:\/\/api.w.org\/{rel}","templated":true}]}}