{"id":36365,"date":"2021-03-15T17:23:20","date_gmt":"2021-03-15T16:23:20","guid":{"rendered":"http:\/\/dafinoo.eu\/mirmar\/product\/diamantova-vrtacka-gdb-2500-we-professional-bosch\/"},"modified":"2021-04-19T19:41:33","modified_gmt":"2021-04-19T17:41:33","slug":"diamantova-vrtacka-gdb-2500-we-professional-bosch","status":"publish","type":"product","link":"http:\/\/dafinoo.eu\/mirmar\/obchod\/diamantova-vrtacka-gdb-2500-we-professional-bosch\/","title":{"rendered":"Diamantov\u00e1 v\u0155ta\u010dka  GDB 2500 WE Professional Bosch"},"content":{"rendered":"<p>Najv\u00fdkonnej\u0161ia vo svojej triede<br \/>\nSiln\u00fd motor, odoln\u00fd vo\u010di pre\u0165a\u017eeniu, s pr\u00edkonom 2 500 W, s obmedzova\u010dom rozbehov\u00e9ho pr\u00fadu pre presn\u00e9 v\u0155tanie bez otrasov do bet\u00f3nu s oce\u013eovou armat\u00farou<br \/>\nRobustn\u00e1 dvojstup\u0148ov\u00e1 prevodovka na prenos vysok\u00fdch kr\u00fatiacich momentov a optim\u00e1lnu obvodov\u00fa r\u00fdchlos\u0165<br \/>\nS bezn\u00e1strojov\u00fdm upev\u0148ovan\u00edm na stojan na v\u0155ta\u010dku a upev\u0148ovan\u00edm na stenu pomocou kotiev\/rozperiek<br \/>\nDva up\u00ednacie z\u00e1vity zjednodu\u0161uj\u00fa bezprobl\u00e9mov\u00e9 naskrutkovanie najbe\u017enej\u0161\u00edch z\u00e1vitov koruniek<br \/>\nKon\u0161tantn\u00e1 elektronika pre kon\u0161tantn\u00e9 ot\u00e1\u010dky<br \/>\nTepeln\u00e1 ochrana zabra\u0148uje pre\u0165a\u017eeniu motora<br \/>\nJednoduch\u00e1 v\u00fdmena uhl\u00edkov<br \/>\nHlin\u00edkov\u00e1 rukov\u00e4\u0165 v \u0165a\u017eisku n\u00e1radia na optim\u00e1lne ovl\u00e1danie<br \/>\nVe\u013ek\u00fd prep\u00edna\u010d s pohodln\u00fdm ovl\u00e1dan\u00edm i v rukaviciach<br \/>\nOchrann\u00fd isti\u010d integrovan\u00fd v sie\u0165ovej \u0161n\u00fare<\/p>\n","protected":false},"excerpt":{"rendered":"<p>Menovit\u00fd pr\u00edkon\t2.500 W<br \/>\nV\u00fdkon\t1260 W<br \/>\nHmotnos\u0165\t11,8 kg<br \/>\nMenovit\u00e9 ot\u00e1\u010dky\t410 \/ 900 min-1<br \/>\nZdvih\t500 mm<br \/>\nRozsah v\u0155tania\t202 mm<br \/>\nUp\u00ednanie n\u00e1strojov\tG 1\/2&#8243;, 1 1\/4&#8243;<br \/>\n\u00da\u010del vyu\u017eitia\tV\u0155tanie namokro do bet\u00f3nu<br \/>\nRozsah v\u0155tania, stacion\u00e1rne v\u0155tanie<br \/>\nBet\u00f3n, optim\u00e1lny rozsah\t82 \u2013 132 mm<br \/>\nBet\u00f3n, mo\u017en\u00fd rozsah\t32 \u2013 212 mm<br \/>\nFunkcie<br \/>\nKon\u0161tantn\u00e1 elektronika<br \/>\n2-stup\u0148ov\u00e1<br \/>\nInform\u00e1cia o hlu\u010dnosti a vibr\u00e1ci\u00e1ch<br \/>\nHodnoty merania zisten\u00e9 pod\u013ea EN 60745<br \/>\nCelkov\u00e9 hodnoty vibr\u00e1ci\u00ed (s\u00fa\u010det vektorov v troch smeroch)<br \/>\nHodnota emisie vibr\u00e1ci\u00ed ah\t2.5 m\/s\u00b2<br \/>\nNepresnos\u0165 K\t1.0 m\/s\u00b2<br \/>\n\u00darove\u0148 hluku elektrick\u00e9ho n\u00e1radia s hodnoten\u00edm A je typicky: hladina akustick\u00e9ho tlaku 89 dB(A); hladina akustick\u00e9ho v\u00fdkonu 102 dB(A). Neistota K= 3 dB.<\/p>\n","protected":false},"featured_media":36366,"comment_status":"closed","ping_status":"open","template":"","meta":{"_lmt_disableupdate":"","_lmt_disable":""},"product_cat":[3137,3106,3138],"product_tag":[],"class_list":{"0":"post-36365","1":"product","2":"type-product","3":"status-publish","4":"has-post-thumbnail","6":"product_cat-diamantova-technika","7":"product_cat-bosch","8":"product_cat-diamantove-vrtacky","9":"ts_product_brand-bosh","11":"first","12":"instock","13":"taxable","14":"shipping-taxable","15":"purchasable","16":"product-type-simple"},"yoast_head":"<!-- This site is optimized with the Yoast SEO plugin v27.3 - https:\/\/yoast.com\/product\/yoast-seo-wordpress\/ -->\n<title>Diamantov\u00e1 v\u0155ta\u010dka GDB 2500 WE Professional Bosch - MIR-MAR<\/title>\n<meta name=\"robots\" content=\"index, follow, max-snippet:-1, max-image-preview:large, max-video-preview:-1\" \/>\n<link rel=\"canonical\" href=\"http:\/\/dafinoo.eu\/mirmar\/obchod\/diamantova-vrtacka-gdb-2500-we-professional-bosch\/\" \/>\n<meta property=\"og:locale\" content=\"sk_SK\" \/>\n<meta property=\"og:type\" content=\"article\" \/>\n<meta property=\"og:title\" content=\"Diamantov\u00e1 v\u0155ta\u010dka GDB 2500 WE Professional Bosch - MIR-MAR\" \/>\n<meta property=\"og:description\" content=\"Menovit\u00fd pr\u00edkon 2.500 W V\u00fdkon 1260 W Hmotnos\u0165 11,8 kg Menovit\u00e9 ot\u00e1\u010dky 410 \/ 900 min-1 Zdvih 500 mm Rozsah v\u0155tania 202 mm Up\u00ednanie n\u00e1strojov G 1\/2&quot;, 1 1\/4&quot; \u00da\u010del vyu\u017eitia V\u0155tanie namokro do bet\u00f3nu Rozsah v\u0155tania, stacion\u00e1rne v\u0155tanie Bet\u00f3n, optim\u00e1lny rozsah 82 \u2013 132 mm Bet\u00f3n, mo\u017en\u00fd rozsah 32 \u2013 212 mm Funkcie Kon\u0161tantn\u00e1 elektronika 2-stup\u0148ov\u00e1 Inform\u00e1cia o hlu\u010dnosti a vibr\u00e1ci\u00e1ch Hodnoty merania zisten\u00e9 pod\u013ea EN 60745 Celkov\u00e9 hodnoty vibr\u00e1ci\u00ed (s\u00fa\u010det vektorov v troch smeroch) Hodnota emisie vibr\u00e1ci\u00ed ah 2.5 m\/s\u00b2 Nepresnos\u0165 K 1.0 m\/s\u00b2 \u00darove\u0148 hluku elektrick\u00e9ho n\u00e1radia s hodnoten\u00edm A je typicky: hladina akustick\u00e9ho tlaku 89 dB(A); hladina akustick\u00e9ho v\u00fdkonu 102 dB(A). Neistota K= 3 dB.\" \/>\n<meta property=\"og:url\" content=\"http:\/\/dafinoo.eu\/mirmar\/obchod\/diamantova-vrtacka-gdb-2500-we-professional-bosch\/\" \/>\n<meta property=\"og:site_name\" content=\"MIR-MAR\" \/>\n<meta property=\"article:publisher\" content=\"https:\/\/facebook.com\/mirmareshop\" \/>\n<meta property=\"article:modified_time\" content=\"2021-04-19T17:41:33+00:00\" \/>\n<meta property=\"og:image\" content=\"https:\/\/i0.wp.com\/www.mirmar.sk\/wp-content\/uploads\/2021\/03\/20_2_1.jpg?fit=661%2C348&ssl=1\" \/>\n\t<meta property=\"og:image:width\" content=\"661\" \/>\n\t<meta property=\"og:image:height\" content=\"348\" \/>\n\t<meta property=\"og:image:type\" content=\"image\/jpeg\" \/>\n<meta name=\"twitter:label1\" content=\"Predpokladan\u00fd \u010das \u010d\u00edtania\" \/>\n\t<meta name=\"twitter:data1\" content=\"1 min\u00fata\" \/>\n<script type=\"application\/ld+json\" class=\"yoast-schema-graph\">{\"@context\":\"https:\\\/\\\/schema.org\",\"@graph\":[{\"@type\":\"WebPage\",\"@id\":\"http:\\\/\\\/dafinoo.eu\\\/mirmar\\\/obchod\\\/diamantova-vrtacka-gdb-2500-we-professional-bosch\\\/\",\"url\":\"http:\\\/\\\/dafinoo.eu\\\/mirmar\\\/obchod\\\/diamantova-vrtacka-gdb-2500-we-professional-bosch\\\/\",\"name\":\"Diamantov\u00e1 v\u0155ta\u010dka GDB 2500 WE Professional Bosch - MIR-MAR\",\"isPartOf\":{\"@id\":\"http:\\\/\\\/dafinoo.eu\\\/mirmar\\\/#website\"},\"primaryImageOfPage\":{\"@id\":\"http:\\\/\\\/dafinoo.eu\\\/mirmar\\\/obchod\\\/diamantova-vrtacka-gdb-2500-we-professional-bosch\\\/#primaryimage\"},\"image\":{\"@id\":\"http:\\\/\\\/dafinoo.eu\\\/mirmar\\\/obchod\\\/diamantova-vrtacka-gdb-2500-we-professional-bosch\\\/#primaryimage\"},\"thumbnailUrl\":\"http:\\\/\\\/dafinoo.eu\\\/mirmar\\\/wp-content\\\/uploads\\\/2021\\\/03\\\/20_2_1.jpg\",\"datePublished\":\"2021-03-15T16:23:20+00:00\",\"dateModified\":\"2021-04-19T17:41:33+00:00\",\"breadcrumb\":{\"@id\":\"http:\\\/\\\/dafinoo.eu\\\/mirmar\\\/obchod\\\/diamantova-vrtacka-gdb-2500-we-professional-bosch\\\/#breadcrumb\"},\"inLanguage\":\"sk-SK\",\"potentialAction\":[{\"@type\":\"ReadAction\",\"target\":[\"http:\\\/\\\/dafinoo.eu\\\/mirmar\\\/obchod\\\/diamantova-vrtacka-gdb-2500-we-professional-bosch\\\/\"]}]},{\"@type\":\"ImageObject\",\"inLanguage\":\"sk-SK\",\"@id\":\"http:\\\/\\\/dafinoo.eu\\\/mirmar\\\/obchod\\\/diamantova-vrtacka-gdb-2500-we-professional-bosch\\\/#primaryimage\",\"url\":\"http:\\\/\\\/dafinoo.eu\\\/mirmar\\\/wp-content\\\/uploads\\\/2021\\\/03\\\/20_2_1.jpg\",\"contentUrl\":\"http:\\\/\\\/dafinoo.eu\\\/mirmar\\\/wp-content\\\/uploads\\\/2021\\\/03\\\/20_2_1.jpg\",\"width\":661,\"height\":348},{\"@type\":\"BreadcrumbList\",\"@id\":\"http:\\\/\\\/dafinoo.eu\\\/mirmar\\\/obchod\\\/diamantova-vrtacka-gdb-2500-we-professional-bosch\\\/#breadcrumb\",\"itemListElement\":[{\"@type\":\"ListItem\",\"position\":1,\"name\":\"Domovsk\u00e1 str\u00e1nka\",\"item\":\"http:\\\/\\\/dafinoo.eu\\\/mirmar\\\/\"},{\"@type\":\"ListItem\",\"position\":2,\"name\":\"Obchod\",\"item\":\"http:\\\/\\\/dafinoo.eu\\\/mirmar\\\/obchod\\\/\"},{\"@type\":\"ListItem\",\"position\":3,\"name\":\"Diamantov\u00e1 v\u0155ta\u010dka GDB 2500 WE Professional Bosch\"}]},{\"@type\":\"WebSite\",\"@id\":\"http:\\\/\\\/dafinoo.eu\\\/mirmar\\\/#website\",\"url\":\"http:\\\/\\\/dafinoo.eu\\\/mirmar\\\/\",\"name\":\"MIR-MAR\",\"description\":\"Eshop s n\u00e1rad\u00edm\",\"publisher\":{\"@id\":\"http:\\\/\\\/dafinoo.eu\\\/mirmar\\\/#organization\"},\"potentialAction\":[{\"@type\":\"SearchAction\",\"target\":{\"@type\":\"EntryPoint\",\"urlTemplate\":\"http:\\\/\\\/dafinoo.eu\\\/mirmar\\\/?s={search_term_string}\"},\"query-input\":{\"@type\":\"PropertyValueSpecification\",\"valueRequired\":true,\"valueName\":\"search_term_string\"}}],\"inLanguage\":\"sk-SK\"},{\"@type\":\"Organization\",\"@id\":\"http:\\\/\\\/dafinoo.eu\\\/mirmar\\\/#organization\",\"name\":\"MIR-MAR\",\"url\":\"http:\\\/\\\/dafinoo.eu\\\/mirmar\\\/\",\"logo\":{\"@type\":\"ImageObject\",\"inLanguage\":\"sk-SK\",\"@id\":\"http:\\\/\\\/dafinoo.eu\\\/mirmar\\\/#\\\/schema\\\/logo\\\/image\\\/\",\"url\":\"http:\\\/\\\/dafinoo.eu\\\/mirmar\\\/wp-content\\\/uploads\\\/2021\\\/03\\\/mirmar_logo.png\",\"contentUrl\":\"http:\\\/\\\/dafinoo.eu\\\/mirmar\\\/wp-content\\\/uploads\\\/2021\\\/03\\\/mirmar_logo.png\",\"width\":256,\"height\":60,\"caption\":\"MIR-MAR\"},\"image\":{\"@id\":\"http:\\\/\\\/dafinoo.eu\\\/mirmar\\\/#\\\/schema\\\/logo\\\/image\\\/\"},\"sameAs\":[\"https:\\\/\\\/facebook.com\\\/mirmareshop\"]}]}<\/script>\n<!-- \/ Yoast SEO plugin. -->","yoast_head_json":{"title":"Diamantov\u00e1 v\u0155ta\u010dka GDB 2500 WE Professional Bosch - MIR-MAR","robots":{"index":"index","follow":"follow","max-snippet":"max-snippet:-1","max-image-preview":"max-image-preview:large","max-video-preview":"max-video-preview:-1"},"canonical":"http:\/\/dafinoo.eu\/mirmar\/obchod\/diamantova-vrtacka-gdb-2500-we-professional-bosch\/","og_locale":"sk_SK","og_type":"article","og_title":"Diamantov\u00e1 v\u0155ta\u010dka GDB 2500 WE Professional Bosch - MIR-MAR","og_description":"Menovit\u00fd pr\u00edkon 2.500 W V\u00fdkon 1260 W Hmotnos\u0165 11,8 kg Menovit\u00e9 ot\u00e1\u010dky 410 \/ 900 min-1 Zdvih 500 mm Rozsah v\u0155tania 202 mm Up\u00ednanie n\u00e1strojov G 1\/2\", 1 1\/4\" \u00da\u010del vyu\u017eitia V\u0155tanie namokro do bet\u00f3nu Rozsah v\u0155tania, stacion\u00e1rne v\u0155tanie Bet\u00f3n, optim\u00e1lny rozsah 82 \u2013 132 mm Bet\u00f3n, mo\u017en\u00fd rozsah 32 \u2013 212 mm Funkcie Kon\u0161tantn\u00e1 elektronika 2-stup\u0148ov\u00e1 Inform\u00e1cia o hlu\u010dnosti a vibr\u00e1ci\u00e1ch Hodnoty merania zisten\u00e9 pod\u013ea EN 60745 Celkov\u00e9 hodnoty vibr\u00e1ci\u00ed (s\u00fa\u010det vektorov v troch smeroch) Hodnota emisie vibr\u00e1ci\u00ed ah 2.5 m\/s\u00b2 Nepresnos\u0165 K 1.0 m\/s\u00b2 \u00darove\u0148 hluku elektrick\u00e9ho n\u00e1radia s hodnoten\u00edm A je typicky: hladina akustick\u00e9ho tlaku 89 dB(A); hladina akustick\u00e9ho v\u00fdkonu 102 dB(A). Neistota K= 3 dB.","og_url":"http:\/\/dafinoo.eu\/mirmar\/obchod\/diamantova-vrtacka-gdb-2500-we-professional-bosch\/","og_site_name":"MIR-MAR","article_publisher":"https:\/\/facebook.com\/mirmareshop","article_modified_time":"2021-04-19T17:41:33+00:00","og_image":[{"width":661,"height":348,"url":"https:\/\/i0.wp.com\/www.mirmar.sk\/wp-content\/uploads\/2021\/03\/20_2_1.jpg?fit=661%2C348&ssl=1","type":"image\/jpeg"}],"twitter_misc":{"Predpokladan\u00fd \u010das \u010d\u00edtania":"1 min\u00fata"},"schema":{"@context":"https:\/\/schema.org","@graph":[{"@type":"WebPage","@id":"http:\/\/dafinoo.eu\/mirmar\/obchod\/diamantova-vrtacka-gdb-2500-we-professional-bosch\/","url":"http:\/\/dafinoo.eu\/mirmar\/obchod\/diamantova-vrtacka-gdb-2500-we-professional-bosch\/","name":"Diamantov\u00e1 v\u0155ta\u010dka GDB 2500 WE Professional Bosch - MIR-MAR","isPartOf":{"@id":"http:\/\/dafinoo.eu\/mirmar\/#website"},"primaryImageOfPage":{"@id":"http:\/\/dafinoo.eu\/mirmar\/obchod\/diamantova-vrtacka-gdb-2500-we-professional-bosch\/#primaryimage"},"image":{"@id":"http:\/\/dafinoo.eu\/mirmar\/obchod\/diamantova-vrtacka-gdb-2500-we-professional-bosch\/#primaryimage"},"thumbnailUrl":"http:\/\/dafinoo.eu\/mirmar\/wp-content\/uploads\/2021\/03\/20_2_1.jpg","datePublished":"2021-03-15T16:23:20+00:00","dateModified":"2021-04-19T17:41:33+00:00","breadcrumb":{"@id":"http:\/\/dafinoo.eu\/mirmar\/obchod\/diamantova-vrtacka-gdb-2500-we-professional-bosch\/#breadcrumb"},"inLanguage":"sk-SK","potentialAction":[{"@type":"ReadAction","target":["http:\/\/dafinoo.eu\/mirmar\/obchod\/diamantova-vrtacka-gdb-2500-we-professional-bosch\/"]}]},{"@type":"ImageObject","inLanguage":"sk-SK","@id":"http:\/\/dafinoo.eu\/mirmar\/obchod\/diamantova-vrtacka-gdb-2500-we-professional-bosch\/#primaryimage","url":"http:\/\/dafinoo.eu\/mirmar\/wp-content\/uploads\/2021\/03\/20_2_1.jpg","contentUrl":"http:\/\/dafinoo.eu\/mirmar\/wp-content\/uploads\/2021\/03\/20_2_1.jpg","width":661,"height":348},{"@type":"BreadcrumbList","@id":"http:\/\/dafinoo.eu\/mirmar\/obchod\/diamantova-vrtacka-gdb-2500-we-professional-bosch\/#breadcrumb","itemListElement":[{"@type":"ListItem","position":1,"name":"Domovsk\u00e1 str\u00e1nka","item":"http:\/\/dafinoo.eu\/mirmar\/"},{"@type":"ListItem","position":2,"name":"Obchod","item":"http:\/\/dafinoo.eu\/mirmar\/obchod\/"},{"@type":"ListItem","position":3,"name":"Diamantov\u00e1 v\u0155ta\u010dka GDB 2500 WE Professional Bosch"}]},{"@type":"WebSite","@id":"http:\/\/dafinoo.eu\/mirmar\/#website","url":"http:\/\/dafinoo.eu\/mirmar\/","name":"MIR-MAR","description":"Eshop s n\u00e1rad\u00edm","publisher":{"@id":"http:\/\/dafinoo.eu\/mirmar\/#organization"},"potentialAction":[{"@type":"SearchAction","target":{"@type":"EntryPoint","urlTemplate":"http:\/\/dafinoo.eu\/mirmar\/?s={search_term_string}"},"query-input":{"@type":"PropertyValueSpecification","valueRequired":true,"valueName":"search_term_string"}}],"inLanguage":"sk-SK"},{"@type":"Organization","@id":"http:\/\/dafinoo.eu\/mirmar\/#organization","name":"MIR-MAR","url":"http:\/\/dafinoo.eu\/mirmar\/","logo":{"@type":"ImageObject","inLanguage":"sk-SK","@id":"http:\/\/dafinoo.eu\/mirmar\/#\/schema\/logo\/image\/","url":"http:\/\/dafinoo.eu\/mirmar\/wp-content\/uploads\/2021\/03\/mirmar_logo.png","contentUrl":"http:\/\/dafinoo.eu\/mirmar\/wp-content\/uploads\/2021\/03\/mirmar_logo.png","width":256,"height":60,"caption":"MIR-MAR"},"image":{"@id":"http:\/\/dafinoo.eu\/mirmar\/#\/schema\/logo\/image\/"},"sameAs":["https:\/\/facebook.com\/mirmareshop"]}]}},"_links":{"self":[{"href":"http:\/\/dafinoo.eu\/mirmar\/wp-json\/wp\/v2\/product\/36365","targetHints":{"allow":["GET"]}}],"collection":[{"href":"http:\/\/dafinoo.eu\/mirmar\/wp-json\/wp\/v2\/product"}],"about":[{"href":"http:\/\/dafinoo.eu\/mirmar\/wp-json\/wp\/v2\/types\/product"}],"replies":[{"embeddable":true,"href":"http:\/\/dafinoo.eu\/mirmar\/wp-json\/wp\/v2\/comments?post=36365"}],"wp:featuredmedia":[{"embeddable":true,"href":"http:\/\/dafinoo.eu\/mirmar\/wp-json\/wp\/v2\/media\/36366"}],"wp:attachment":[{"href":"http:\/\/dafinoo.eu\/mirmar\/wp-json\/wp\/v2\/media?parent=36365"}],"wp:term":[{"taxonomy":"product_cat","embeddable":true,"href":"http:\/\/dafinoo.eu\/mirmar\/wp-json\/wp\/v2\/product_cat?post=36365"},{"taxonomy":"product_tag","embeddable":true,"href":"http:\/\/dafinoo.eu\/mirmar\/wp-json\/wp\/v2\/product_tag?post=36365"}],"curies":[{"name":"wp","href":"https:\/\/api.w.org\/{rel}","templated":true}]}}