{"id":36389,"date":"2021-03-15T17:23:32","date_gmt":"2021-03-15T16:23:32","guid":{"rendered":"http:\/\/dafinoo.eu\/mirmar\/product\/akumulatorovy-lithium-ion-vysavac-v-modrom-prevedeni-cl102dzx-makita\/"},"modified":"2021-04-19T19:31:44","modified_gmt":"2021-04-19T17:31:44","slug":"akumulatorovy-lithium-ion-vysavac-v-modrom-prevedeni-cl102dzx-makita","status":"publish","type":"product","link":"http:\/\/dafinoo.eu\/mirmar\/obchod\/akumulatorovy-lithium-ion-vysavac-v-modrom-prevedeni-cl102dzx-makita\/","title":{"rendered":"akumul\u00e1torov\u00fd LITHIUM-ION vys\u00e1va\u010d v modrom preveden\u00ed CL102DZX Makita"},"content":{"rendered":"<p>.<\/p>\n","protected":false},"excerpt":{"rendered":"<p>Nap\u00e4tie akumul\u00e1tora\t10,8 V<br \/>\nDoba vys\u00e1vania &#8211; 1 stupe\u0148\tmax. 13 min.<br \/>\nDoba vys\u00e1vania &#8211; 2 stupe\u0148\tmax. 21 min.<br \/>\nObjem n\u00e1doby\t0,50 l<br \/>\nHmotnos\u0165\t1,1 kg<\/p>\n","protected":false},"featured_media":36390,"comment_status":"closed","ping_status":"open","template":"","meta":{"_lmt_disableupdate":"","_lmt_disable":""},"product_cat":[],"product_tag":[],"class_list":{"0":"post-36389","1":"product","2":"type-product","3":"status-publish","4":"has-post-thumbnail","6":"ts_product_brand-makita","8":"first","9":"instock","10":"sale","11":"taxable","12":"shipping-taxable","13":"purchasable","14":"product-type-simple"},"yoast_head":"<!-- This site is optimized with the Yoast SEO plugin v27.3 - https:\/\/yoast.com\/product\/yoast-seo-wordpress\/ -->\n<title>akumul\u00e1torov\u00fd LITHIUM-ION vys\u00e1va\u010d v modrom preveden\u00ed CL102DZX Makita - MIR-MAR<\/title>\n<meta name=\"robots\" content=\"index, follow, max-snippet:-1, max-image-preview:large, max-video-preview:-1\" \/>\n<link rel=\"canonical\" href=\"http:\/\/dafinoo.eu\/mirmar\/obchod\/akumulatorovy-lithium-ion-vysavac-v-modrom-prevedeni-cl102dzx-makita\/\" \/>\n<meta property=\"og:locale\" content=\"sk_SK\" \/>\n<meta property=\"og:type\" content=\"article\" \/>\n<meta property=\"og:title\" content=\"akumul\u00e1torov\u00fd LITHIUM-ION vys\u00e1va\u010d v modrom preveden\u00ed CL102DZX Makita - MIR-MAR\" \/>\n<meta property=\"og:description\" content=\"Nap\u00e4tie akumul\u00e1tora 10,8 V Doba vys\u00e1vania - 1 stupe\u0148 max. 13 min. Doba vys\u00e1vania - 2 stupe\u0148 max. 21 min. Objem n\u00e1doby 0,50 l Hmotnos\u0165 1,1 kg\" \/>\n<meta property=\"og:url\" content=\"http:\/\/dafinoo.eu\/mirmar\/obchod\/akumulatorovy-lithium-ion-vysavac-v-modrom-prevedeni-cl102dzx-makita\/\" \/>\n<meta property=\"og:site_name\" content=\"MIR-MAR\" \/>\n<meta property=\"article:publisher\" content=\"https:\/\/facebook.com\/mirmareshop\" \/>\n<meta property=\"article:modified_time\" content=\"2021-04-19T17:31:44+00:00\" \/>\n<meta property=\"og:image\" content=\"https:\/\/i1.wp.com\/www.mirmar.sk\/wp-content\/uploads\/2021\/03\/cl102dzx_1.jpg?fit=225%2C225&ssl=1\" \/>\n\t<meta property=\"og:image:width\" content=\"225\" \/>\n\t<meta property=\"og:image:height\" content=\"225\" \/>\n\t<meta property=\"og:image:type\" content=\"image\/jpeg\" \/>\n<script type=\"application\/ld+json\" class=\"yoast-schema-graph\">{\"@context\":\"https:\\\/\\\/schema.org\",\"@graph\":[{\"@type\":\"WebPage\",\"@id\":\"http:\\\/\\\/dafinoo.eu\\\/mirmar\\\/obchod\\\/akumulatorovy-lithium-ion-vysavac-v-modrom-prevedeni-cl102dzx-makita\\\/\",\"url\":\"http:\\\/\\\/dafinoo.eu\\\/mirmar\\\/obchod\\\/akumulatorovy-lithium-ion-vysavac-v-modrom-prevedeni-cl102dzx-makita\\\/\",\"name\":\"akumul\u00e1torov\u00fd LITHIUM-ION vys\u00e1va\u010d v modrom preveden\u00ed CL102DZX Makita - MIR-MAR\",\"isPartOf\":{\"@id\":\"http:\\\/\\\/dafinoo.eu\\\/mirmar\\\/#website\"},\"primaryImageOfPage\":{\"@id\":\"http:\\\/\\\/dafinoo.eu\\\/mirmar\\\/obchod\\\/akumulatorovy-lithium-ion-vysavac-v-modrom-prevedeni-cl102dzx-makita\\\/#primaryimage\"},\"image\":{\"@id\":\"http:\\\/\\\/dafinoo.eu\\\/mirmar\\\/obchod\\\/akumulatorovy-lithium-ion-vysavac-v-modrom-prevedeni-cl102dzx-makita\\\/#primaryimage\"},\"thumbnailUrl\":\"http:\\\/\\\/dafinoo.eu\\\/mirmar\\\/wp-content\\\/uploads\\\/2021\\\/03\\\/cl102dzx_1.jpg\",\"datePublished\":\"2021-03-15T16:23:32+00:00\",\"dateModified\":\"2021-04-19T17:31:44+00:00\",\"breadcrumb\":{\"@id\":\"http:\\\/\\\/dafinoo.eu\\\/mirmar\\\/obchod\\\/akumulatorovy-lithium-ion-vysavac-v-modrom-prevedeni-cl102dzx-makita\\\/#breadcrumb\"},\"inLanguage\":\"sk-SK\",\"potentialAction\":[{\"@type\":\"ReadAction\",\"target\":[\"http:\\\/\\\/dafinoo.eu\\\/mirmar\\\/obchod\\\/akumulatorovy-lithium-ion-vysavac-v-modrom-prevedeni-cl102dzx-makita\\\/\"]}]},{\"@type\":\"ImageObject\",\"inLanguage\":\"sk-SK\",\"@id\":\"http:\\\/\\\/dafinoo.eu\\\/mirmar\\\/obchod\\\/akumulatorovy-lithium-ion-vysavac-v-modrom-prevedeni-cl102dzx-makita\\\/#primaryimage\",\"url\":\"http:\\\/\\\/dafinoo.eu\\\/mirmar\\\/wp-content\\\/uploads\\\/2021\\\/03\\\/cl102dzx_1.jpg\",\"contentUrl\":\"http:\\\/\\\/dafinoo.eu\\\/mirmar\\\/wp-content\\\/uploads\\\/2021\\\/03\\\/cl102dzx_1.jpg\",\"width\":225,\"height\":225},{\"@type\":\"BreadcrumbList\",\"@id\":\"http:\\\/\\\/dafinoo.eu\\\/mirmar\\\/obchod\\\/akumulatorovy-lithium-ion-vysavac-v-modrom-prevedeni-cl102dzx-makita\\\/#breadcrumb\",\"itemListElement\":[{\"@type\":\"ListItem\",\"position\":1,\"name\":\"Domovsk\u00e1 str\u00e1nka\",\"item\":\"http:\\\/\\\/dafinoo.eu\\\/mirmar\\\/\"},{\"@type\":\"ListItem\",\"position\":2,\"name\":\"Obchod\",\"item\":\"http:\\\/\\\/dafinoo.eu\\\/mirmar\\\/obchod\\\/\"},{\"@type\":\"ListItem\",\"position\":3,\"name\":\"akumul\u00e1torov\u00fd LITHIUM-ION vys\u00e1va\u010d v modrom preveden\u00ed CL102DZX Makita\"}]},{\"@type\":\"WebSite\",\"@id\":\"http:\\\/\\\/dafinoo.eu\\\/mirmar\\\/#website\",\"url\":\"http:\\\/\\\/dafinoo.eu\\\/mirmar\\\/\",\"name\":\"MIR-MAR\",\"description\":\"Eshop s n\u00e1rad\u00edm\",\"publisher\":{\"@id\":\"http:\\\/\\\/dafinoo.eu\\\/mirmar\\\/#organization\"},\"potentialAction\":[{\"@type\":\"SearchAction\",\"target\":{\"@type\":\"EntryPoint\",\"urlTemplate\":\"http:\\\/\\\/dafinoo.eu\\\/mirmar\\\/?s={search_term_string}\"},\"query-input\":{\"@type\":\"PropertyValueSpecification\",\"valueRequired\":true,\"valueName\":\"search_term_string\"}}],\"inLanguage\":\"sk-SK\"},{\"@type\":\"Organization\",\"@id\":\"http:\\\/\\\/dafinoo.eu\\\/mirmar\\\/#organization\",\"name\":\"MIR-MAR\",\"url\":\"http:\\\/\\\/dafinoo.eu\\\/mirmar\\\/\",\"logo\":{\"@type\":\"ImageObject\",\"inLanguage\":\"sk-SK\",\"@id\":\"http:\\\/\\\/dafinoo.eu\\\/mirmar\\\/#\\\/schema\\\/logo\\\/image\\\/\",\"url\":\"http:\\\/\\\/dafinoo.eu\\\/mirmar\\\/wp-content\\\/uploads\\\/2021\\\/03\\\/mirmar_logo.png\",\"contentUrl\":\"http:\\\/\\\/dafinoo.eu\\\/mirmar\\\/wp-content\\\/uploads\\\/2021\\\/03\\\/mirmar_logo.png\",\"width\":256,\"height\":60,\"caption\":\"MIR-MAR\"},\"image\":{\"@id\":\"http:\\\/\\\/dafinoo.eu\\\/mirmar\\\/#\\\/schema\\\/logo\\\/image\\\/\"},\"sameAs\":[\"https:\\\/\\\/facebook.com\\\/mirmareshop\"]}]}<\/script>\n<!-- \/ Yoast SEO plugin. -->","yoast_head_json":{"title":"akumul\u00e1torov\u00fd LITHIUM-ION vys\u00e1va\u010d v modrom preveden\u00ed CL102DZX Makita - MIR-MAR","robots":{"index":"index","follow":"follow","max-snippet":"max-snippet:-1","max-image-preview":"max-image-preview:large","max-video-preview":"max-video-preview:-1"},"canonical":"http:\/\/dafinoo.eu\/mirmar\/obchod\/akumulatorovy-lithium-ion-vysavac-v-modrom-prevedeni-cl102dzx-makita\/","og_locale":"sk_SK","og_type":"article","og_title":"akumul\u00e1torov\u00fd LITHIUM-ION vys\u00e1va\u010d v modrom preveden\u00ed CL102DZX Makita - MIR-MAR","og_description":"Nap\u00e4tie akumul\u00e1tora 10,8 V Doba vys\u00e1vania - 1 stupe\u0148 max. 13 min. Doba vys\u00e1vania - 2 stupe\u0148 max. 21 min. Objem n\u00e1doby 0,50 l Hmotnos\u0165 1,1 kg","og_url":"http:\/\/dafinoo.eu\/mirmar\/obchod\/akumulatorovy-lithium-ion-vysavac-v-modrom-prevedeni-cl102dzx-makita\/","og_site_name":"MIR-MAR","article_publisher":"https:\/\/facebook.com\/mirmareshop","article_modified_time":"2021-04-19T17:31:44+00:00","og_image":[{"width":225,"height":225,"url":"https:\/\/i1.wp.com\/www.mirmar.sk\/wp-content\/uploads\/2021\/03\/cl102dzx_1.jpg?fit=225%2C225&ssl=1","type":"image\/jpeg"}],"schema":{"@context":"https:\/\/schema.org","@graph":[{"@type":"WebPage","@id":"http:\/\/dafinoo.eu\/mirmar\/obchod\/akumulatorovy-lithium-ion-vysavac-v-modrom-prevedeni-cl102dzx-makita\/","url":"http:\/\/dafinoo.eu\/mirmar\/obchod\/akumulatorovy-lithium-ion-vysavac-v-modrom-prevedeni-cl102dzx-makita\/","name":"akumul\u00e1torov\u00fd LITHIUM-ION vys\u00e1va\u010d v modrom preveden\u00ed CL102DZX Makita - MIR-MAR","isPartOf":{"@id":"http:\/\/dafinoo.eu\/mirmar\/#website"},"primaryImageOfPage":{"@id":"http:\/\/dafinoo.eu\/mirmar\/obchod\/akumulatorovy-lithium-ion-vysavac-v-modrom-prevedeni-cl102dzx-makita\/#primaryimage"},"image":{"@id":"http:\/\/dafinoo.eu\/mirmar\/obchod\/akumulatorovy-lithium-ion-vysavac-v-modrom-prevedeni-cl102dzx-makita\/#primaryimage"},"thumbnailUrl":"http:\/\/dafinoo.eu\/mirmar\/wp-content\/uploads\/2021\/03\/cl102dzx_1.jpg","datePublished":"2021-03-15T16:23:32+00:00","dateModified":"2021-04-19T17:31:44+00:00","breadcrumb":{"@id":"http:\/\/dafinoo.eu\/mirmar\/obchod\/akumulatorovy-lithium-ion-vysavac-v-modrom-prevedeni-cl102dzx-makita\/#breadcrumb"},"inLanguage":"sk-SK","potentialAction":[{"@type":"ReadAction","target":["http:\/\/dafinoo.eu\/mirmar\/obchod\/akumulatorovy-lithium-ion-vysavac-v-modrom-prevedeni-cl102dzx-makita\/"]}]},{"@type":"ImageObject","inLanguage":"sk-SK","@id":"http:\/\/dafinoo.eu\/mirmar\/obchod\/akumulatorovy-lithium-ion-vysavac-v-modrom-prevedeni-cl102dzx-makita\/#primaryimage","url":"http:\/\/dafinoo.eu\/mirmar\/wp-content\/uploads\/2021\/03\/cl102dzx_1.jpg","contentUrl":"http:\/\/dafinoo.eu\/mirmar\/wp-content\/uploads\/2021\/03\/cl102dzx_1.jpg","width":225,"height":225},{"@type":"BreadcrumbList","@id":"http:\/\/dafinoo.eu\/mirmar\/obchod\/akumulatorovy-lithium-ion-vysavac-v-modrom-prevedeni-cl102dzx-makita\/#breadcrumb","itemListElement":[{"@type":"ListItem","position":1,"name":"Domovsk\u00e1 str\u00e1nka","item":"http:\/\/dafinoo.eu\/mirmar\/"},{"@type":"ListItem","position":2,"name":"Obchod","item":"http:\/\/dafinoo.eu\/mirmar\/obchod\/"},{"@type":"ListItem","position":3,"name":"akumul\u00e1torov\u00fd LITHIUM-ION vys\u00e1va\u010d v modrom preveden\u00ed CL102DZX Makita"}]},{"@type":"WebSite","@id":"http:\/\/dafinoo.eu\/mirmar\/#website","url":"http:\/\/dafinoo.eu\/mirmar\/","name":"MIR-MAR","description":"Eshop s n\u00e1rad\u00edm","publisher":{"@id":"http:\/\/dafinoo.eu\/mirmar\/#organization"},"potentialAction":[{"@type":"SearchAction","target":{"@type":"EntryPoint","urlTemplate":"http:\/\/dafinoo.eu\/mirmar\/?s={search_term_string}"},"query-input":{"@type":"PropertyValueSpecification","valueRequired":true,"valueName":"search_term_string"}}],"inLanguage":"sk-SK"},{"@type":"Organization","@id":"http:\/\/dafinoo.eu\/mirmar\/#organization","name":"MIR-MAR","url":"http:\/\/dafinoo.eu\/mirmar\/","logo":{"@type":"ImageObject","inLanguage":"sk-SK","@id":"http:\/\/dafinoo.eu\/mirmar\/#\/schema\/logo\/image\/","url":"http:\/\/dafinoo.eu\/mirmar\/wp-content\/uploads\/2021\/03\/mirmar_logo.png","contentUrl":"http:\/\/dafinoo.eu\/mirmar\/wp-content\/uploads\/2021\/03\/mirmar_logo.png","width":256,"height":60,"caption":"MIR-MAR"},"image":{"@id":"http:\/\/dafinoo.eu\/mirmar\/#\/schema\/logo\/image\/"},"sameAs":["https:\/\/facebook.com\/mirmareshop"]}]}},"_links":{"self":[{"href":"http:\/\/dafinoo.eu\/mirmar\/wp-json\/wp\/v2\/product\/36389","targetHints":{"allow":["GET"]}}],"collection":[{"href":"http:\/\/dafinoo.eu\/mirmar\/wp-json\/wp\/v2\/product"}],"about":[{"href":"http:\/\/dafinoo.eu\/mirmar\/wp-json\/wp\/v2\/types\/product"}],"replies":[{"embeddable":true,"href":"http:\/\/dafinoo.eu\/mirmar\/wp-json\/wp\/v2\/comments?post=36389"}],"wp:featuredmedia":[{"embeddable":true,"href":"http:\/\/dafinoo.eu\/mirmar\/wp-json\/wp\/v2\/media\/36390"}],"wp:attachment":[{"href":"http:\/\/dafinoo.eu\/mirmar\/wp-json\/wp\/v2\/media?parent=36389"}],"wp:term":[{"taxonomy":"product_cat","embeddable":true,"href":"http:\/\/dafinoo.eu\/mirmar\/wp-json\/wp\/v2\/product_cat?post=36389"},{"taxonomy":"product_tag","embeddable":true,"href":"http:\/\/dafinoo.eu\/mirmar\/wp-json\/wp\/v2\/product_tag?post=36389"}],"curies":[{"name":"wp","href":"https:\/\/api.w.org\/{rel}","templated":true}]}}