{"id":36397,"date":"2021-03-15T17:23:32","date_gmt":"2021-03-15T16:23:32","guid":{"rendered":"http:\/\/dafinoo.eu\/mirmar\/product\/akumulatorovy-valcekovy-razovy-skrutkovac-lithium-ion-td090dwe-makita\/"},"modified":"2021-04-19T19:31:45","modified_gmt":"2021-04-19T17:31:45","slug":"akumulatorovy-valcekovy-razovy-skrutkovac-lithium-ion-td090dwe-makita","status":"publish","type":"product","link":"http:\/\/dafinoo.eu\/mirmar\/obchod\/akumulatorovy-valcekovy-razovy-skrutkovac-lithium-ion-td090dwe-makita\/","title":{"rendered":"akumul\u00e1torov\u00fd val\u010dekov\u00fd r\u00e1zov\u00fd skrutkova\u010d l\u00edthium-ion TD090DWE Makita"},"content":{"rendered":"<p>* \u013dahk\u00fd n\u00e1stroj s hmotnos\u0165ou len 0,92 kg a vysok\u00fdm u\u0165ahovac\u00edm momentom a\u017e 90 Nm<br \/>\n    * Up\u00ednanie n\u00e1stroja na \u0161es\u0165hran 1\/4&#8243;<br \/>\n    * Elektronika, motorov\u00e1 brzda<br \/>\n    * LED svetlo s funkciou dosvitu<br \/>\n    * Fosforov\u00fd ochrann\u00fd kr\u00fa\u017eok svietiaci aj v tme<br \/>\n    * Ne\u0161myk\u013eav\u00e1 rukov\u00e4\u0165 s gumovou vlo\u017ekou<br \/>\n    * \u010cas nab\u00edjania 50 min\u00fat s nab\u00edja\u010dkou DC10WA<br \/>\n    * V kufr\u00edku s druh\u00fdm akumul\u00e1torom a nab\u00edja\u010dkou<\/p>\n","protected":false},"excerpt":{"rendered":"<p>Vo\u013enobe\u017en\u00e9 ot\u00e1\u010dky -1. stupe\u0148\t0 &#8211; 2.400 min-1<br \/>\nVo\u013enobe\u017en\u00e9 ot\u00e1\u010dky -2. stupe\u0148\t0 &#8211; 3.000 min-1<br \/>\n\u010cas nab\u00edjania\t50 min.<br \/>\nPr\u00edslu\u0161enstvo\t2 x akumul\u00e1tor BL1013 (1,3 Ah), nab\u00edja\u010dka, preprav<br \/>\nSkrutky\tM 5 &#8211; M 12<br \/>\nVysoko pevn\u00e9 skrutky\tM 5 &#8211; M 10<br \/>\nMax. kr\u00fatiaci moment\t90 Nm<br \/>\nAkumul\u00e1tor\t10,8 V \/ 1,3 Ah<br \/>\nHmotnos\u0165\t0,92 kg<\/p>\n","protected":false},"featured_media":36398,"comment_status":"closed","ping_status":"open","template":"","meta":{"_lmt_disableupdate":"","_lmt_disable":""},"product_cat":[],"product_tag":[],"class_list":{"0":"post-36397","1":"product","2":"type-product","3":"status-publish","4":"has-post-thumbnail","6":"ts_product_brand-makita","8":"first","9":"instock","10":"sale","11":"taxable","12":"shipping-taxable","13":"purchasable","14":"product-type-simple"},"yoast_head":"<!-- This site is optimized with the Yoast SEO plugin v27.3 - https:\/\/yoast.com\/product\/yoast-seo-wordpress\/ -->\n<title>akumul\u00e1torov\u00fd val\u010dekov\u00fd r\u00e1zov\u00fd skrutkova\u010d l\u00edthium-ion TD090DWE Makita - MIR-MAR<\/title>\n<meta name=\"robots\" content=\"index, follow, max-snippet:-1, max-image-preview:large, max-video-preview:-1\" \/>\n<link rel=\"canonical\" href=\"http:\/\/dafinoo.eu\/mirmar\/obchod\/akumulatorovy-valcekovy-razovy-skrutkovac-lithium-ion-td090dwe-makita\/\" \/>\n<meta property=\"og:locale\" content=\"sk_SK\" \/>\n<meta property=\"og:type\" content=\"article\" \/>\n<meta property=\"og:title\" content=\"akumul\u00e1torov\u00fd val\u010dekov\u00fd r\u00e1zov\u00fd skrutkova\u010d l\u00edthium-ion TD090DWE Makita - MIR-MAR\" \/>\n<meta property=\"og:description\" content=\"Vo\u013enobe\u017en\u00e9 ot\u00e1\u010dky -1. stupe\u0148 0 - 2.400 min-1 Vo\u013enobe\u017en\u00e9 ot\u00e1\u010dky -2. stupe\u0148 0 - 3.000 min-1 \u010cas nab\u00edjania 50 min. Pr\u00edslu\u0161enstvo 2 x akumul\u00e1tor BL1013 (1,3 Ah), nab\u00edja\u010dka, preprav Skrutky M 5 - M 12 Vysoko pevn\u00e9 skrutky M 5 - M 10 Max. kr\u00fatiaci moment 90 Nm Akumul\u00e1tor 10,8 V \/ 1,3 Ah Hmotnos\u0165 0,92 kg\" \/>\n<meta property=\"og:url\" content=\"http:\/\/dafinoo.eu\/mirmar\/obchod\/akumulatorovy-valcekovy-razovy-skrutkovac-lithium-ion-td090dwe-makita\/\" \/>\n<meta property=\"og:site_name\" content=\"MIR-MAR\" \/>\n<meta property=\"article:publisher\" content=\"https:\/\/facebook.com\/mirmareshop\" \/>\n<meta property=\"article:modified_time\" content=\"2021-04-19T17:31:45+00:00\" \/>\n<meta property=\"og:image\" content=\"https:\/\/i0.wp.com\/www.mirmar.sk\/wp-content\/uploads\/2021\/03\/td090dwe_1.jpg?fit=225%2C225&ssl=1\" \/>\n\t<meta property=\"og:image:width\" content=\"225\" \/>\n\t<meta property=\"og:image:height\" content=\"225\" \/>\n\t<meta property=\"og:image:type\" content=\"image\/jpeg\" \/>\n<script type=\"application\/ld+json\" class=\"yoast-schema-graph\">{\"@context\":\"https:\\\/\\\/schema.org\",\"@graph\":[{\"@type\":\"WebPage\",\"@id\":\"http:\\\/\\\/dafinoo.eu\\\/mirmar\\\/obchod\\\/akumulatorovy-valcekovy-razovy-skrutkovac-lithium-ion-td090dwe-makita\\\/\",\"url\":\"http:\\\/\\\/dafinoo.eu\\\/mirmar\\\/obchod\\\/akumulatorovy-valcekovy-razovy-skrutkovac-lithium-ion-td090dwe-makita\\\/\",\"name\":\"akumul\u00e1torov\u00fd val\u010dekov\u00fd r\u00e1zov\u00fd skrutkova\u010d l\u00edthium-ion TD090DWE Makita - MIR-MAR\",\"isPartOf\":{\"@id\":\"http:\\\/\\\/dafinoo.eu\\\/mirmar\\\/#website\"},\"primaryImageOfPage\":{\"@id\":\"http:\\\/\\\/dafinoo.eu\\\/mirmar\\\/obchod\\\/akumulatorovy-valcekovy-razovy-skrutkovac-lithium-ion-td090dwe-makita\\\/#primaryimage\"},\"image\":{\"@id\":\"http:\\\/\\\/dafinoo.eu\\\/mirmar\\\/obchod\\\/akumulatorovy-valcekovy-razovy-skrutkovac-lithium-ion-td090dwe-makita\\\/#primaryimage\"},\"thumbnailUrl\":\"http:\\\/\\\/dafinoo.eu\\\/mirmar\\\/wp-content\\\/uploads\\\/2021\\\/03\\\/td090dwe_1.jpg\",\"datePublished\":\"2021-03-15T16:23:32+00:00\",\"dateModified\":\"2021-04-19T17:31:45+00:00\",\"breadcrumb\":{\"@id\":\"http:\\\/\\\/dafinoo.eu\\\/mirmar\\\/obchod\\\/akumulatorovy-valcekovy-razovy-skrutkovac-lithium-ion-td090dwe-makita\\\/#breadcrumb\"},\"inLanguage\":\"sk-SK\",\"potentialAction\":[{\"@type\":\"ReadAction\",\"target\":[\"http:\\\/\\\/dafinoo.eu\\\/mirmar\\\/obchod\\\/akumulatorovy-valcekovy-razovy-skrutkovac-lithium-ion-td090dwe-makita\\\/\"]}]},{\"@type\":\"ImageObject\",\"inLanguage\":\"sk-SK\",\"@id\":\"http:\\\/\\\/dafinoo.eu\\\/mirmar\\\/obchod\\\/akumulatorovy-valcekovy-razovy-skrutkovac-lithium-ion-td090dwe-makita\\\/#primaryimage\",\"url\":\"http:\\\/\\\/dafinoo.eu\\\/mirmar\\\/wp-content\\\/uploads\\\/2021\\\/03\\\/td090dwe_1.jpg\",\"contentUrl\":\"http:\\\/\\\/dafinoo.eu\\\/mirmar\\\/wp-content\\\/uploads\\\/2021\\\/03\\\/td090dwe_1.jpg\",\"width\":225,\"height\":225},{\"@type\":\"BreadcrumbList\",\"@id\":\"http:\\\/\\\/dafinoo.eu\\\/mirmar\\\/obchod\\\/akumulatorovy-valcekovy-razovy-skrutkovac-lithium-ion-td090dwe-makita\\\/#breadcrumb\",\"itemListElement\":[{\"@type\":\"ListItem\",\"position\":1,\"name\":\"Domovsk\u00e1 str\u00e1nka\",\"item\":\"http:\\\/\\\/dafinoo.eu\\\/mirmar\\\/\"},{\"@type\":\"ListItem\",\"position\":2,\"name\":\"Obchod\",\"item\":\"http:\\\/\\\/dafinoo.eu\\\/mirmar\\\/obchod\\\/\"},{\"@type\":\"ListItem\",\"position\":3,\"name\":\"akumul\u00e1torov\u00fd val\u010dekov\u00fd r\u00e1zov\u00fd skrutkova\u010d l\u00edthium-ion TD090DWE Makita\"}]},{\"@type\":\"WebSite\",\"@id\":\"http:\\\/\\\/dafinoo.eu\\\/mirmar\\\/#website\",\"url\":\"http:\\\/\\\/dafinoo.eu\\\/mirmar\\\/\",\"name\":\"MIR-MAR\",\"description\":\"Eshop s n\u00e1rad\u00edm\",\"publisher\":{\"@id\":\"http:\\\/\\\/dafinoo.eu\\\/mirmar\\\/#organization\"},\"potentialAction\":[{\"@type\":\"SearchAction\",\"target\":{\"@type\":\"EntryPoint\",\"urlTemplate\":\"http:\\\/\\\/dafinoo.eu\\\/mirmar\\\/?s={search_term_string}\"},\"query-input\":{\"@type\":\"PropertyValueSpecification\",\"valueRequired\":true,\"valueName\":\"search_term_string\"}}],\"inLanguage\":\"sk-SK\"},{\"@type\":\"Organization\",\"@id\":\"http:\\\/\\\/dafinoo.eu\\\/mirmar\\\/#organization\",\"name\":\"MIR-MAR\",\"url\":\"http:\\\/\\\/dafinoo.eu\\\/mirmar\\\/\",\"logo\":{\"@type\":\"ImageObject\",\"inLanguage\":\"sk-SK\",\"@id\":\"http:\\\/\\\/dafinoo.eu\\\/mirmar\\\/#\\\/schema\\\/logo\\\/image\\\/\",\"url\":\"http:\\\/\\\/dafinoo.eu\\\/mirmar\\\/wp-content\\\/uploads\\\/2021\\\/03\\\/mirmar_logo.png\",\"contentUrl\":\"http:\\\/\\\/dafinoo.eu\\\/mirmar\\\/wp-content\\\/uploads\\\/2021\\\/03\\\/mirmar_logo.png\",\"width\":256,\"height\":60,\"caption\":\"MIR-MAR\"},\"image\":{\"@id\":\"http:\\\/\\\/dafinoo.eu\\\/mirmar\\\/#\\\/schema\\\/logo\\\/image\\\/\"},\"sameAs\":[\"https:\\\/\\\/facebook.com\\\/mirmareshop\"]}]}<\/script>\n<!-- \/ Yoast SEO plugin. -->","yoast_head_json":{"title":"akumul\u00e1torov\u00fd val\u010dekov\u00fd r\u00e1zov\u00fd skrutkova\u010d l\u00edthium-ion TD090DWE Makita - MIR-MAR","robots":{"index":"index","follow":"follow","max-snippet":"max-snippet:-1","max-image-preview":"max-image-preview:large","max-video-preview":"max-video-preview:-1"},"canonical":"http:\/\/dafinoo.eu\/mirmar\/obchod\/akumulatorovy-valcekovy-razovy-skrutkovac-lithium-ion-td090dwe-makita\/","og_locale":"sk_SK","og_type":"article","og_title":"akumul\u00e1torov\u00fd val\u010dekov\u00fd r\u00e1zov\u00fd skrutkova\u010d l\u00edthium-ion TD090DWE Makita - MIR-MAR","og_description":"Vo\u013enobe\u017en\u00e9 ot\u00e1\u010dky -1. stupe\u0148 0 - 2.400 min-1 Vo\u013enobe\u017en\u00e9 ot\u00e1\u010dky -2. stupe\u0148 0 - 3.000 min-1 \u010cas nab\u00edjania 50 min. Pr\u00edslu\u0161enstvo 2 x akumul\u00e1tor BL1013 (1,3 Ah), nab\u00edja\u010dka, preprav Skrutky M 5 - M 12 Vysoko pevn\u00e9 skrutky M 5 - M 10 Max. kr\u00fatiaci moment 90 Nm Akumul\u00e1tor 10,8 V \/ 1,3 Ah Hmotnos\u0165 0,92 kg","og_url":"http:\/\/dafinoo.eu\/mirmar\/obchod\/akumulatorovy-valcekovy-razovy-skrutkovac-lithium-ion-td090dwe-makita\/","og_site_name":"MIR-MAR","article_publisher":"https:\/\/facebook.com\/mirmareshop","article_modified_time":"2021-04-19T17:31:45+00:00","og_image":[{"width":225,"height":225,"url":"https:\/\/i0.wp.com\/www.mirmar.sk\/wp-content\/uploads\/2021\/03\/td090dwe_1.jpg?fit=225%2C225&ssl=1","type":"image\/jpeg"}],"schema":{"@context":"https:\/\/schema.org","@graph":[{"@type":"WebPage","@id":"http:\/\/dafinoo.eu\/mirmar\/obchod\/akumulatorovy-valcekovy-razovy-skrutkovac-lithium-ion-td090dwe-makita\/","url":"http:\/\/dafinoo.eu\/mirmar\/obchod\/akumulatorovy-valcekovy-razovy-skrutkovac-lithium-ion-td090dwe-makita\/","name":"akumul\u00e1torov\u00fd val\u010dekov\u00fd r\u00e1zov\u00fd skrutkova\u010d l\u00edthium-ion TD090DWE Makita - MIR-MAR","isPartOf":{"@id":"http:\/\/dafinoo.eu\/mirmar\/#website"},"primaryImageOfPage":{"@id":"http:\/\/dafinoo.eu\/mirmar\/obchod\/akumulatorovy-valcekovy-razovy-skrutkovac-lithium-ion-td090dwe-makita\/#primaryimage"},"image":{"@id":"http:\/\/dafinoo.eu\/mirmar\/obchod\/akumulatorovy-valcekovy-razovy-skrutkovac-lithium-ion-td090dwe-makita\/#primaryimage"},"thumbnailUrl":"http:\/\/dafinoo.eu\/mirmar\/wp-content\/uploads\/2021\/03\/td090dwe_1.jpg","datePublished":"2021-03-15T16:23:32+00:00","dateModified":"2021-04-19T17:31:45+00:00","breadcrumb":{"@id":"http:\/\/dafinoo.eu\/mirmar\/obchod\/akumulatorovy-valcekovy-razovy-skrutkovac-lithium-ion-td090dwe-makita\/#breadcrumb"},"inLanguage":"sk-SK","potentialAction":[{"@type":"ReadAction","target":["http:\/\/dafinoo.eu\/mirmar\/obchod\/akumulatorovy-valcekovy-razovy-skrutkovac-lithium-ion-td090dwe-makita\/"]}]},{"@type":"ImageObject","inLanguage":"sk-SK","@id":"http:\/\/dafinoo.eu\/mirmar\/obchod\/akumulatorovy-valcekovy-razovy-skrutkovac-lithium-ion-td090dwe-makita\/#primaryimage","url":"http:\/\/dafinoo.eu\/mirmar\/wp-content\/uploads\/2021\/03\/td090dwe_1.jpg","contentUrl":"http:\/\/dafinoo.eu\/mirmar\/wp-content\/uploads\/2021\/03\/td090dwe_1.jpg","width":225,"height":225},{"@type":"BreadcrumbList","@id":"http:\/\/dafinoo.eu\/mirmar\/obchod\/akumulatorovy-valcekovy-razovy-skrutkovac-lithium-ion-td090dwe-makita\/#breadcrumb","itemListElement":[{"@type":"ListItem","position":1,"name":"Domovsk\u00e1 str\u00e1nka","item":"http:\/\/dafinoo.eu\/mirmar\/"},{"@type":"ListItem","position":2,"name":"Obchod","item":"http:\/\/dafinoo.eu\/mirmar\/obchod\/"},{"@type":"ListItem","position":3,"name":"akumul\u00e1torov\u00fd val\u010dekov\u00fd r\u00e1zov\u00fd skrutkova\u010d l\u00edthium-ion TD090DWE Makita"}]},{"@type":"WebSite","@id":"http:\/\/dafinoo.eu\/mirmar\/#website","url":"http:\/\/dafinoo.eu\/mirmar\/","name":"MIR-MAR","description":"Eshop s n\u00e1rad\u00edm","publisher":{"@id":"http:\/\/dafinoo.eu\/mirmar\/#organization"},"potentialAction":[{"@type":"SearchAction","target":{"@type":"EntryPoint","urlTemplate":"http:\/\/dafinoo.eu\/mirmar\/?s={search_term_string}"},"query-input":{"@type":"PropertyValueSpecification","valueRequired":true,"valueName":"search_term_string"}}],"inLanguage":"sk-SK"},{"@type":"Organization","@id":"http:\/\/dafinoo.eu\/mirmar\/#organization","name":"MIR-MAR","url":"http:\/\/dafinoo.eu\/mirmar\/","logo":{"@type":"ImageObject","inLanguage":"sk-SK","@id":"http:\/\/dafinoo.eu\/mirmar\/#\/schema\/logo\/image\/","url":"http:\/\/dafinoo.eu\/mirmar\/wp-content\/uploads\/2021\/03\/mirmar_logo.png","contentUrl":"http:\/\/dafinoo.eu\/mirmar\/wp-content\/uploads\/2021\/03\/mirmar_logo.png","width":256,"height":60,"caption":"MIR-MAR"},"image":{"@id":"http:\/\/dafinoo.eu\/mirmar\/#\/schema\/logo\/image\/"},"sameAs":["https:\/\/facebook.com\/mirmareshop"]}]}},"_links":{"self":[{"href":"http:\/\/dafinoo.eu\/mirmar\/wp-json\/wp\/v2\/product\/36397","targetHints":{"allow":["GET"]}}],"collection":[{"href":"http:\/\/dafinoo.eu\/mirmar\/wp-json\/wp\/v2\/product"}],"about":[{"href":"http:\/\/dafinoo.eu\/mirmar\/wp-json\/wp\/v2\/types\/product"}],"replies":[{"embeddable":true,"href":"http:\/\/dafinoo.eu\/mirmar\/wp-json\/wp\/v2\/comments?post=36397"}],"wp:featuredmedia":[{"embeddable":true,"href":"http:\/\/dafinoo.eu\/mirmar\/wp-json\/wp\/v2\/media\/36398"}],"wp:attachment":[{"href":"http:\/\/dafinoo.eu\/mirmar\/wp-json\/wp\/v2\/media?parent=36397"}],"wp:term":[{"taxonomy":"product_cat","embeddable":true,"href":"http:\/\/dafinoo.eu\/mirmar\/wp-json\/wp\/v2\/product_cat?post=36397"},{"taxonomy":"product_tag","embeddable":true,"href":"http:\/\/dafinoo.eu\/mirmar\/wp-json\/wp\/v2\/product_tag?post=36397"}],"curies":[{"name":"wp","href":"https:\/\/api.w.org\/{rel}","templated":true}]}}