{"id":36401,"date":"2021-03-15T17:23:32","date_gmt":"2021-03-15T16:23:32","guid":{"rendered":"http:\/\/dafinoo.eu\/mirmar\/product\/li-ion-akumulatorovy-razovy-utahovac-btp130rfe-makita\/"},"modified":"2021-04-19T19:31:45","modified_gmt":"2021-04-19T17:31:45","slug":"li-ion-akumulatorovy-razovy-utahovac-btp130rfe-makita","status":"publish","type":"product","link":"http:\/\/dafinoo.eu\/mirmar\/obchod\/li-ion-akumulatorovy-razovy-utahovac-btp130rfe-makita\/","title":{"rendered":"li-ion akumul\u00e1torov\u00fd r\u00e1zov\u00fd u\u0165ahova\u010d BTP130RFE Makita"},"content":{"rendered":"<p>* R\u00e1zov\u00e9 u\u0165ahovanie, skrutkovanie, v\u0155tanie s pr\u00edklepom alebo v\u0155tanie<br \/>\n    * Pr\u00e1ce v dreve, oceli a bet\u00f3ne<br \/>\n    * Kr\u00fatiaci moment nastavite\u013en\u00fd v 16 stup\u0148och, 2 stupne v\u0155tania<br \/>\n    * Ergonomick\u00fd tvar na bezpe\u010dn\u00fa manipul\u00e1ciu a optim\u00e1lny prenos sily<br \/>\n    * \u013dahk\u00fd a kompaktn\u00fd \u0161tvorp\u00f3lov\u00fd jednosmern\u00fd motor<br \/>\n    * \u010cas nab\u00edjania 22 min\u00fat pri l\u00edtium-i\u00f3novom akumul\u00e1tore s kapacitou 3,0 Ah<br \/>\n    * V kufr\u00edku s druh\u00fdm akumul\u00e1torom a nab\u00edja\u010dkou<\/p>\n","protected":false},"excerpt":{"rendered":"<p>Max. v\u0155tac\u00ed v\u00fdkon do ocele\t10 mm<br \/>\nMax. v\u0155tac\u00ed v\u00fdkon do bet\u00f3nu\t8 mm<br \/>\nMax. v\u0155tac\u00ed v\u00fdkon do dreva\t21 mm<br \/>\nVo\u013enobe\u017en\u00e9 ot\u00e1\u010dky \/ r\u00e1zov\u00e9 u\u0165ahovanie\t0-2400 min-1<br \/>\nVo\u013enobe\u017en\u00e9 ot\u00e1\u010dky \/ pr\u00edklepov\u00e9 v\u0155tanie\t0-2400 min-1<br \/>\nVo\u013enobe\u017en\u00e9 ot\u00e1\u010dky \/ v\u0155tanie\t0-700 \/ 0- 2400 min-1<br \/>\nMax. kr\u00fatiaci moment\t135 Nm<br \/>\nAkumul\u00e1tor\t14,4 V \/ 3,0 Ah<br \/>\nHmotnos\u0165\t1,7 kg<\/p>\n","protected":false},"featured_media":36402,"comment_status":"closed","ping_status":"open","template":"","meta":{"_lmt_disableupdate":"","_lmt_disable":""},"product_cat":[],"product_tag":[],"class_list":{"0":"post-36401","1":"product","2":"type-product","3":"status-publish","4":"has-post-thumbnail","6":"ts_product_brand-makita","8":"first","9":"instock","10":"taxable","11":"shipping-taxable","12":"purchasable","13":"product-type-simple"},"yoast_head":"<!-- This site is optimized with the Yoast SEO plugin v27.3 - https:\/\/yoast.com\/product\/yoast-seo-wordpress\/ -->\n<title>li-ion akumul\u00e1torov\u00fd r\u00e1zov\u00fd u\u0165ahova\u010d BTP130RFE Makita - MIR-MAR<\/title>\n<meta name=\"robots\" content=\"index, follow, max-snippet:-1, max-image-preview:large, max-video-preview:-1\" \/>\n<link rel=\"canonical\" href=\"http:\/\/dafinoo.eu\/mirmar\/obchod\/li-ion-akumulatorovy-razovy-utahovac-btp130rfe-makita\/\" \/>\n<meta property=\"og:locale\" content=\"sk_SK\" \/>\n<meta property=\"og:type\" content=\"article\" \/>\n<meta property=\"og:title\" content=\"li-ion akumul\u00e1torov\u00fd r\u00e1zov\u00fd u\u0165ahova\u010d BTP130RFE Makita - MIR-MAR\" \/>\n<meta property=\"og:description\" content=\"Max. v\u0155tac\u00ed v\u00fdkon do ocele 10 mm Max. v\u0155tac\u00ed v\u00fdkon do bet\u00f3nu 8 mm Max. v\u0155tac\u00ed v\u00fdkon do dreva 21 mm Vo\u013enobe\u017en\u00e9 ot\u00e1\u010dky \/ r\u00e1zov\u00e9 u\u0165ahovanie 0-2400 min-1 Vo\u013enobe\u017en\u00e9 ot\u00e1\u010dky \/ pr\u00edklepov\u00e9 v\u0155tanie 0-2400 min-1 Vo\u013enobe\u017en\u00e9 ot\u00e1\u010dky \/ v\u0155tanie 0-700 \/ 0- 2400 min-1 Max. kr\u00fatiaci moment 135 Nm Akumul\u00e1tor 14,4 V \/ 3,0 Ah Hmotnos\u0165 1,7 kg\" \/>\n<meta property=\"og:url\" content=\"http:\/\/dafinoo.eu\/mirmar\/obchod\/li-ion-akumulatorovy-razovy-utahovac-btp130rfe-makita\/\" \/>\n<meta property=\"og:site_name\" content=\"MIR-MAR\" \/>\n<meta property=\"article:publisher\" content=\"https:\/\/facebook.com\/mirmareshop\" \/>\n<meta property=\"article:modified_time\" content=\"2021-04-19T17:31:45+00:00\" \/>\n<meta property=\"og:image\" content=\"https:\/\/i0.wp.com\/www.mirmar.sk\/wp-content\/uploads\/2021\/03\/btp130rfe_1.jpg?fit=225%2C225&ssl=1\" \/>\n\t<meta property=\"og:image:width\" content=\"225\" \/>\n\t<meta property=\"og:image:height\" content=\"225\" \/>\n\t<meta property=\"og:image:type\" content=\"image\/jpeg\" \/>\n<script type=\"application\/ld+json\" class=\"yoast-schema-graph\">{\"@context\":\"https:\\\/\\\/schema.org\",\"@graph\":[{\"@type\":\"WebPage\",\"@id\":\"http:\\\/\\\/dafinoo.eu\\\/mirmar\\\/obchod\\\/li-ion-akumulatorovy-razovy-utahovac-btp130rfe-makita\\\/\",\"url\":\"http:\\\/\\\/dafinoo.eu\\\/mirmar\\\/obchod\\\/li-ion-akumulatorovy-razovy-utahovac-btp130rfe-makita\\\/\",\"name\":\"li-ion akumul\u00e1torov\u00fd r\u00e1zov\u00fd u\u0165ahova\u010d BTP130RFE Makita - MIR-MAR\",\"isPartOf\":{\"@id\":\"http:\\\/\\\/dafinoo.eu\\\/mirmar\\\/#website\"},\"primaryImageOfPage\":{\"@id\":\"http:\\\/\\\/dafinoo.eu\\\/mirmar\\\/obchod\\\/li-ion-akumulatorovy-razovy-utahovac-btp130rfe-makita\\\/#primaryimage\"},\"image\":{\"@id\":\"http:\\\/\\\/dafinoo.eu\\\/mirmar\\\/obchod\\\/li-ion-akumulatorovy-razovy-utahovac-btp130rfe-makita\\\/#primaryimage\"},\"thumbnailUrl\":\"http:\\\/\\\/dafinoo.eu\\\/mirmar\\\/wp-content\\\/uploads\\\/2021\\\/03\\\/btp130rfe_1.jpg\",\"datePublished\":\"2021-03-15T16:23:32+00:00\",\"dateModified\":\"2021-04-19T17:31:45+00:00\",\"breadcrumb\":{\"@id\":\"http:\\\/\\\/dafinoo.eu\\\/mirmar\\\/obchod\\\/li-ion-akumulatorovy-razovy-utahovac-btp130rfe-makita\\\/#breadcrumb\"},\"inLanguage\":\"sk-SK\",\"potentialAction\":[{\"@type\":\"ReadAction\",\"target\":[\"http:\\\/\\\/dafinoo.eu\\\/mirmar\\\/obchod\\\/li-ion-akumulatorovy-razovy-utahovac-btp130rfe-makita\\\/\"]}]},{\"@type\":\"ImageObject\",\"inLanguage\":\"sk-SK\",\"@id\":\"http:\\\/\\\/dafinoo.eu\\\/mirmar\\\/obchod\\\/li-ion-akumulatorovy-razovy-utahovac-btp130rfe-makita\\\/#primaryimage\",\"url\":\"http:\\\/\\\/dafinoo.eu\\\/mirmar\\\/wp-content\\\/uploads\\\/2021\\\/03\\\/btp130rfe_1.jpg\",\"contentUrl\":\"http:\\\/\\\/dafinoo.eu\\\/mirmar\\\/wp-content\\\/uploads\\\/2021\\\/03\\\/btp130rfe_1.jpg\",\"width\":225,\"height\":225},{\"@type\":\"BreadcrumbList\",\"@id\":\"http:\\\/\\\/dafinoo.eu\\\/mirmar\\\/obchod\\\/li-ion-akumulatorovy-razovy-utahovac-btp130rfe-makita\\\/#breadcrumb\",\"itemListElement\":[{\"@type\":\"ListItem\",\"position\":1,\"name\":\"Domovsk\u00e1 str\u00e1nka\",\"item\":\"http:\\\/\\\/dafinoo.eu\\\/mirmar\\\/\"},{\"@type\":\"ListItem\",\"position\":2,\"name\":\"Obchod\",\"item\":\"http:\\\/\\\/dafinoo.eu\\\/mirmar\\\/obchod\\\/\"},{\"@type\":\"ListItem\",\"position\":3,\"name\":\"li-ion akumul\u00e1torov\u00fd r\u00e1zov\u00fd u\u0165ahova\u010d BTP130RFE Makita\"}]},{\"@type\":\"WebSite\",\"@id\":\"http:\\\/\\\/dafinoo.eu\\\/mirmar\\\/#website\",\"url\":\"http:\\\/\\\/dafinoo.eu\\\/mirmar\\\/\",\"name\":\"MIR-MAR\",\"description\":\"Eshop s n\u00e1rad\u00edm\",\"publisher\":{\"@id\":\"http:\\\/\\\/dafinoo.eu\\\/mirmar\\\/#organization\"},\"potentialAction\":[{\"@type\":\"SearchAction\",\"target\":{\"@type\":\"EntryPoint\",\"urlTemplate\":\"http:\\\/\\\/dafinoo.eu\\\/mirmar\\\/?s={search_term_string}\"},\"query-input\":{\"@type\":\"PropertyValueSpecification\",\"valueRequired\":true,\"valueName\":\"search_term_string\"}}],\"inLanguage\":\"sk-SK\"},{\"@type\":\"Organization\",\"@id\":\"http:\\\/\\\/dafinoo.eu\\\/mirmar\\\/#organization\",\"name\":\"MIR-MAR\",\"url\":\"http:\\\/\\\/dafinoo.eu\\\/mirmar\\\/\",\"logo\":{\"@type\":\"ImageObject\",\"inLanguage\":\"sk-SK\",\"@id\":\"http:\\\/\\\/dafinoo.eu\\\/mirmar\\\/#\\\/schema\\\/logo\\\/image\\\/\",\"url\":\"http:\\\/\\\/dafinoo.eu\\\/mirmar\\\/wp-content\\\/uploads\\\/2021\\\/03\\\/mirmar_logo.png\",\"contentUrl\":\"http:\\\/\\\/dafinoo.eu\\\/mirmar\\\/wp-content\\\/uploads\\\/2021\\\/03\\\/mirmar_logo.png\",\"width\":256,\"height\":60,\"caption\":\"MIR-MAR\"},\"image\":{\"@id\":\"http:\\\/\\\/dafinoo.eu\\\/mirmar\\\/#\\\/schema\\\/logo\\\/image\\\/\"},\"sameAs\":[\"https:\\\/\\\/facebook.com\\\/mirmareshop\"]}]}<\/script>\n<!-- \/ Yoast SEO plugin. -->","yoast_head_json":{"title":"li-ion akumul\u00e1torov\u00fd r\u00e1zov\u00fd u\u0165ahova\u010d BTP130RFE Makita - MIR-MAR","robots":{"index":"index","follow":"follow","max-snippet":"max-snippet:-1","max-image-preview":"max-image-preview:large","max-video-preview":"max-video-preview:-1"},"canonical":"http:\/\/dafinoo.eu\/mirmar\/obchod\/li-ion-akumulatorovy-razovy-utahovac-btp130rfe-makita\/","og_locale":"sk_SK","og_type":"article","og_title":"li-ion akumul\u00e1torov\u00fd r\u00e1zov\u00fd u\u0165ahova\u010d BTP130RFE Makita - MIR-MAR","og_description":"Max. v\u0155tac\u00ed v\u00fdkon do ocele 10 mm Max. v\u0155tac\u00ed v\u00fdkon do bet\u00f3nu 8 mm Max. v\u0155tac\u00ed v\u00fdkon do dreva 21 mm Vo\u013enobe\u017en\u00e9 ot\u00e1\u010dky \/ r\u00e1zov\u00e9 u\u0165ahovanie 0-2400 min-1 Vo\u013enobe\u017en\u00e9 ot\u00e1\u010dky \/ pr\u00edklepov\u00e9 v\u0155tanie 0-2400 min-1 Vo\u013enobe\u017en\u00e9 ot\u00e1\u010dky \/ v\u0155tanie 0-700 \/ 0- 2400 min-1 Max. kr\u00fatiaci moment 135 Nm Akumul\u00e1tor 14,4 V \/ 3,0 Ah Hmotnos\u0165 1,7 kg","og_url":"http:\/\/dafinoo.eu\/mirmar\/obchod\/li-ion-akumulatorovy-razovy-utahovac-btp130rfe-makita\/","og_site_name":"MIR-MAR","article_publisher":"https:\/\/facebook.com\/mirmareshop","article_modified_time":"2021-04-19T17:31:45+00:00","og_image":[{"width":225,"height":225,"url":"https:\/\/i0.wp.com\/www.mirmar.sk\/wp-content\/uploads\/2021\/03\/btp130rfe_1.jpg?fit=225%2C225&ssl=1","type":"image\/jpeg"}],"schema":{"@context":"https:\/\/schema.org","@graph":[{"@type":"WebPage","@id":"http:\/\/dafinoo.eu\/mirmar\/obchod\/li-ion-akumulatorovy-razovy-utahovac-btp130rfe-makita\/","url":"http:\/\/dafinoo.eu\/mirmar\/obchod\/li-ion-akumulatorovy-razovy-utahovac-btp130rfe-makita\/","name":"li-ion akumul\u00e1torov\u00fd r\u00e1zov\u00fd u\u0165ahova\u010d BTP130RFE Makita - MIR-MAR","isPartOf":{"@id":"http:\/\/dafinoo.eu\/mirmar\/#website"},"primaryImageOfPage":{"@id":"http:\/\/dafinoo.eu\/mirmar\/obchod\/li-ion-akumulatorovy-razovy-utahovac-btp130rfe-makita\/#primaryimage"},"image":{"@id":"http:\/\/dafinoo.eu\/mirmar\/obchod\/li-ion-akumulatorovy-razovy-utahovac-btp130rfe-makita\/#primaryimage"},"thumbnailUrl":"http:\/\/dafinoo.eu\/mirmar\/wp-content\/uploads\/2021\/03\/btp130rfe_1.jpg","datePublished":"2021-03-15T16:23:32+00:00","dateModified":"2021-04-19T17:31:45+00:00","breadcrumb":{"@id":"http:\/\/dafinoo.eu\/mirmar\/obchod\/li-ion-akumulatorovy-razovy-utahovac-btp130rfe-makita\/#breadcrumb"},"inLanguage":"sk-SK","potentialAction":[{"@type":"ReadAction","target":["http:\/\/dafinoo.eu\/mirmar\/obchod\/li-ion-akumulatorovy-razovy-utahovac-btp130rfe-makita\/"]}]},{"@type":"ImageObject","inLanguage":"sk-SK","@id":"http:\/\/dafinoo.eu\/mirmar\/obchod\/li-ion-akumulatorovy-razovy-utahovac-btp130rfe-makita\/#primaryimage","url":"http:\/\/dafinoo.eu\/mirmar\/wp-content\/uploads\/2021\/03\/btp130rfe_1.jpg","contentUrl":"http:\/\/dafinoo.eu\/mirmar\/wp-content\/uploads\/2021\/03\/btp130rfe_1.jpg","width":225,"height":225},{"@type":"BreadcrumbList","@id":"http:\/\/dafinoo.eu\/mirmar\/obchod\/li-ion-akumulatorovy-razovy-utahovac-btp130rfe-makita\/#breadcrumb","itemListElement":[{"@type":"ListItem","position":1,"name":"Domovsk\u00e1 str\u00e1nka","item":"http:\/\/dafinoo.eu\/mirmar\/"},{"@type":"ListItem","position":2,"name":"Obchod","item":"http:\/\/dafinoo.eu\/mirmar\/obchod\/"},{"@type":"ListItem","position":3,"name":"li-ion akumul\u00e1torov\u00fd r\u00e1zov\u00fd u\u0165ahova\u010d BTP130RFE Makita"}]},{"@type":"WebSite","@id":"http:\/\/dafinoo.eu\/mirmar\/#website","url":"http:\/\/dafinoo.eu\/mirmar\/","name":"MIR-MAR","description":"Eshop s n\u00e1rad\u00edm","publisher":{"@id":"http:\/\/dafinoo.eu\/mirmar\/#organization"},"potentialAction":[{"@type":"SearchAction","target":{"@type":"EntryPoint","urlTemplate":"http:\/\/dafinoo.eu\/mirmar\/?s={search_term_string}"},"query-input":{"@type":"PropertyValueSpecification","valueRequired":true,"valueName":"search_term_string"}}],"inLanguage":"sk-SK"},{"@type":"Organization","@id":"http:\/\/dafinoo.eu\/mirmar\/#organization","name":"MIR-MAR","url":"http:\/\/dafinoo.eu\/mirmar\/","logo":{"@type":"ImageObject","inLanguage":"sk-SK","@id":"http:\/\/dafinoo.eu\/mirmar\/#\/schema\/logo\/image\/","url":"http:\/\/dafinoo.eu\/mirmar\/wp-content\/uploads\/2021\/03\/mirmar_logo.png","contentUrl":"http:\/\/dafinoo.eu\/mirmar\/wp-content\/uploads\/2021\/03\/mirmar_logo.png","width":256,"height":60,"caption":"MIR-MAR"},"image":{"@id":"http:\/\/dafinoo.eu\/mirmar\/#\/schema\/logo\/image\/"},"sameAs":["https:\/\/facebook.com\/mirmareshop"]}]}},"_links":{"self":[{"href":"http:\/\/dafinoo.eu\/mirmar\/wp-json\/wp\/v2\/product\/36401","targetHints":{"allow":["GET"]}}],"collection":[{"href":"http:\/\/dafinoo.eu\/mirmar\/wp-json\/wp\/v2\/product"}],"about":[{"href":"http:\/\/dafinoo.eu\/mirmar\/wp-json\/wp\/v2\/types\/product"}],"replies":[{"embeddable":true,"href":"http:\/\/dafinoo.eu\/mirmar\/wp-json\/wp\/v2\/comments?post=36401"}],"wp:featuredmedia":[{"embeddable":true,"href":"http:\/\/dafinoo.eu\/mirmar\/wp-json\/wp\/v2\/media\/36402"}],"wp:attachment":[{"href":"http:\/\/dafinoo.eu\/mirmar\/wp-json\/wp\/v2\/media?parent=36401"}],"wp:term":[{"taxonomy":"product_cat","embeddable":true,"href":"http:\/\/dafinoo.eu\/mirmar\/wp-json\/wp\/v2\/product_cat?post=36401"},{"taxonomy":"product_tag","embeddable":true,"href":"http:\/\/dafinoo.eu\/mirmar\/wp-json\/wp\/v2\/product_tag?post=36401"}],"curies":[{"name":"wp","href":"https:\/\/api.w.org\/{rel}","templated":true}]}}