{"id":36407,"date":"2021-03-15T17:23:32","date_gmt":"2021-03-15T16:23:32","guid":{"rendered":"http:\/\/dafinoo.eu\/mirmar\/product\/makita-akumulatorova-lithium-ionova-uhlova-vrtacka-bda341rfe\/"},"modified":"2021-04-19T19:41:42","modified_gmt":"2021-04-19T17:41:42","slug":"makita-akumulatorova-lithium-ionova-uhlova-vrtacka-bda341rfe","status":"publish","type":"product","link":"http:\/\/dafinoo.eu\/mirmar\/obchod\/makita-akumulatorova-lithium-ionova-uhlova-vrtacka-bda341rfe\/","title":{"rendered":"Makita akumul\u00e1torov\u00e1 LITHIUM-IONOV\u00c1 uhlov\u00e1 v\u0155ta\u010dka BDA341RFE"},"content":{"rendered":"<p># \u013dahk&yacute; a kompaktn&yacute; &scaron;tvorp&oacute;lov&yacute; jednosmern&yacute; motor # V&yacute;&scaron;ka hlavy len 93 mm (pri otvorenom sk\u013eu\u010dovadle) # Elektronika a motorov&aacute; brzda # &Scaron;t&iacute;hla a kompaktn&aacute; vhodn&aacute; na vynikaj&uacute;cu manipul&aacute;ciu a bezpe\u010dn&eacute; vedenie # Optim&aacute;lna na v\u0155tanie a skrutkovanie v ostr&yacute;ch uhloch a stiesnen&yacute;ch priestoroch # LED svetlo s funkciou dosvitu # \u010cas nab&iacute;jania 22 min&uacute;t pri l&iacute;tium-i&oacute;novom akumul&aacute;tore s kapacitou 3,0 Ah # V kufr&iacute;ku s druh&yacute;m akumul&aacute;torom a nab&iacute;ja\u010dkou BDA341Z &#8211; dod&aacute;va sa bez kufr&iacute;ka, akumul&aacute;torov a nab&iacute;ja\u010dky<\/p>\n","protected":false},"excerpt":{"rendered":"<p>Ot&aacute;\u010dky napr&aacute;zdno 0 &#8211; 1700 min -1 V\u0155tanie &#8211; max.: oce\u013e 10 mm V\u0155tanie &#8211; max.: drevo 25 mm Up&iacute;nac&iacute; rozsah sk\u013eu\u010dovadla 1,5 &#8211; 10 mm \u010cas nab&iacute;jania 22 min. Nap&auml;tie akumul&aacute;tora 14,4 V Hmotnos\u0165 1,6 kg Pr&iacute;slu&scaron;enstvo 2 x akumul&aacute;tor BL1430 (3,0 Ah), nab&iacute;ja\u010dka, preprav<\/p>\n","protected":false},"featured_media":36408,"comment_status":"closed","ping_status":"open","template":"","meta":{"_lmt_disableupdate":"","_lmt_disable":""},"product_cat":[3144,3051,3141],"product_tag":[],"class_list":{"0":"post-36407","1":"product","2":"type-product","3":"status-publish","4":"has-post-thumbnail","6":"product_cat-uhlove-vrtacky-akumulatorove-naradie-makita","7":"product_cat-makita","8":"product_cat-akumulatorove-naradie-makita","9":"ts_product_brand-makita","11":"first","12":"instock","13":"sale","14":"taxable","15":"shipping-taxable","16":"purchasable","17":"product-type-simple"},"yoast_head":"<!-- This site is optimized with the Yoast SEO plugin v27.3 - https:\/\/yoast.com\/product\/yoast-seo-wordpress\/ -->\n<title>Makita akumul\u00e1torov\u00e1 LITHIUM-IONOV\u00c1 uhlov\u00e1 v\u0155ta\u010dka BDA341RFE - MIR-MAR<\/title>\n<meta name=\"robots\" content=\"index, follow, max-snippet:-1, max-image-preview:large, max-video-preview:-1\" \/>\n<link rel=\"canonical\" href=\"http:\/\/dafinoo.eu\/mirmar\/obchod\/makita-akumulatorova-lithium-ionova-uhlova-vrtacka-bda341rfe\/\" \/>\n<meta property=\"og:locale\" content=\"sk_SK\" \/>\n<meta property=\"og:type\" content=\"article\" \/>\n<meta property=\"og:title\" content=\"Makita akumul\u00e1torov\u00e1 LITHIUM-IONOV\u00c1 uhlov\u00e1 v\u0155ta\u010dka BDA341RFE - MIR-MAR\" \/>\n<meta property=\"og:description\" content=\"Ot&aacute;\u010dky napr&aacute;zdno 0 - 1700 min -1 V\u0155tanie - max.: oce\u013e 10 mm V\u0155tanie - max.: drevo 25 mm Up&iacute;nac&iacute; rozsah sk\u013eu\u010dovadla 1,5 - 10 mm \u010cas nab&iacute;jania 22 min. Nap&auml;tie akumul&aacute;tora 14,4 V Hmotnos\u0165 1,6 kg Pr&iacute;slu&scaron;enstvo 2 x akumul&aacute;tor BL1430 (3,0 Ah), nab&iacute;ja\u010dka, preprav\" \/>\n<meta property=\"og:url\" content=\"http:\/\/dafinoo.eu\/mirmar\/obchod\/makita-akumulatorova-lithium-ionova-uhlova-vrtacka-bda341rfe\/\" \/>\n<meta property=\"og:site_name\" content=\"MIR-MAR\" \/>\n<meta property=\"article:publisher\" content=\"https:\/\/facebook.com\/mirmareshop\" \/>\n<meta property=\"article:modified_time\" content=\"2021-04-19T17:41:42+00:00\" \/>\n<meta property=\"og:image\" content=\"https:\/\/i1.wp.com\/www.mirmar.sk\/wp-content\/uploads\/2021\/03\/bda341rfe_1.jpg?fit=200%2C200&ssl=1\" \/>\n\t<meta property=\"og:image:width\" content=\"200\" \/>\n\t<meta property=\"og:image:height\" content=\"200\" \/>\n\t<meta property=\"og:image:type\" content=\"image\/jpeg\" \/>\n<meta name=\"twitter:label1\" content=\"Predpokladan\u00fd \u010das \u010d\u00edtania\" \/>\n\t<meta name=\"twitter:data1\" content=\"1 min\u00fata\" \/>\n<script type=\"application\/ld+json\" class=\"yoast-schema-graph\">{\"@context\":\"https:\\\/\\\/schema.org\",\"@graph\":[{\"@type\":\"WebPage\",\"@id\":\"http:\\\/\\\/dafinoo.eu\\\/mirmar\\\/obchod\\\/makita-akumulatorova-lithium-ionova-uhlova-vrtacka-bda341rfe\\\/\",\"url\":\"http:\\\/\\\/dafinoo.eu\\\/mirmar\\\/obchod\\\/makita-akumulatorova-lithium-ionova-uhlova-vrtacka-bda341rfe\\\/\",\"name\":\"Makita akumul\u00e1torov\u00e1 LITHIUM-IONOV\u00c1 uhlov\u00e1 v\u0155ta\u010dka BDA341RFE - MIR-MAR\",\"isPartOf\":{\"@id\":\"http:\\\/\\\/dafinoo.eu\\\/mirmar\\\/#website\"},\"primaryImageOfPage\":{\"@id\":\"http:\\\/\\\/dafinoo.eu\\\/mirmar\\\/obchod\\\/makita-akumulatorova-lithium-ionova-uhlova-vrtacka-bda341rfe\\\/#primaryimage\"},\"image\":{\"@id\":\"http:\\\/\\\/dafinoo.eu\\\/mirmar\\\/obchod\\\/makita-akumulatorova-lithium-ionova-uhlova-vrtacka-bda341rfe\\\/#primaryimage\"},\"thumbnailUrl\":\"http:\\\/\\\/dafinoo.eu\\\/mirmar\\\/wp-content\\\/uploads\\\/2021\\\/03\\\/bda341rfe_1.jpg\",\"datePublished\":\"2021-03-15T16:23:32+00:00\",\"dateModified\":\"2021-04-19T17:41:42+00:00\",\"breadcrumb\":{\"@id\":\"http:\\\/\\\/dafinoo.eu\\\/mirmar\\\/obchod\\\/makita-akumulatorova-lithium-ionova-uhlova-vrtacka-bda341rfe\\\/#breadcrumb\"},\"inLanguage\":\"sk-SK\",\"potentialAction\":[{\"@type\":\"ReadAction\",\"target\":[\"http:\\\/\\\/dafinoo.eu\\\/mirmar\\\/obchod\\\/makita-akumulatorova-lithium-ionova-uhlova-vrtacka-bda341rfe\\\/\"]}]},{\"@type\":\"ImageObject\",\"inLanguage\":\"sk-SK\",\"@id\":\"http:\\\/\\\/dafinoo.eu\\\/mirmar\\\/obchod\\\/makita-akumulatorova-lithium-ionova-uhlova-vrtacka-bda341rfe\\\/#primaryimage\",\"url\":\"http:\\\/\\\/dafinoo.eu\\\/mirmar\\\/wp-content\\\/uploads\\\/2021\\\/03\\\/bda341rfe_1.jpg\",\"contentUrl\":\"http:\\\/\\\/dafinoo.eu\\\/mirmar\\\/wp-content\\\/uploads\\\/2021\\\/03\\\/bda341rfe_1.jpg\",\"width\":200,\"height\":200},{\"@type\":\"BreadcrumbList\",\"@id\":\"http:\\\/\\\/dafinoo.eu\\\/mirmar\\\/obchod\\\/makita-akumulatorova-lithium-ionova-uhlova-vrtacka-bda341rfe\\\/#breadcrumb\",\"itemListElement\":[{\"@type\":\"ListItem\",\"position\":1,\"name\":\"Domovsk\u00e1 str\u00e1nka\",\"item\":\"http:\\\/\\\/dafinoo.eu\\\/mirmar\\\/\"},{\"@type\":\"ListItem\",\"position\":2,\"name\":\"Obchod\",\"item\":\"http:\\\/\\\/dafinoo.eu\\\/mirmar\\\/obchod\\\/\"},{\"@type\":\"ListItem\",\"position\":3,\"name\":\"Makita akumul\u00e1torov\u00e1 LITHIUM-IONOV\u00c1 uhlov\u00e1 v\u0155ta\u010dka BDA341RFE\"}]},{\"@type\":\"WebSite\",\"@id\":\"http:\\\/\\\/dafinoo.eu\\\/mirmar\\\/#website\",\"url\":\"http:\\\/\\\/dafinoo.eu\\\/mirmar\\\/\",\"name\":\"MIR-MAR\",\"description\":\"Eshop s n\u00e1rad\u00edm\",\"publisher\":{\"@id\":\"http:\\\/\\\/dafinoo.eu\\\/mirmar\\\/#organization\"},\"potentialAction\":[{\"@type\":\"SearchAction\",\"target\":{\"@type\":\"EntryPoint\",\"urlTemplate\":\"http:\\\/\\\/dafinoo.eu\\\/mirmar\\\/?s={search_term_string}\"},\"query-input\":{\"@type\":\"PropertyValueSpecification\",\"valueRequired\":true,\"valueName\":\"search_term_string\"}}],\"inLanguage\":\"sk-SK\"},{\"@type\":\"Organization\",\"@id\":\"http:\\\/\\\/dafinoo.eu\\\/mirmar\\\/#organization\",\"name\":\"MIR-MAR\",\"url\":\"http:\\\/\\\/dafinoo.eu\\\/mirmar\\\/\",\"logo\":{\"@type\":\"ImageObject\",\"inLanguage\":\"sk-SK\",\"@id\":\"http:\\\/\\\/dafinoo.eu\\\/mirmar\\\/#\\\/schema\\\/logo\\\/image\\\/\",\"url\":\"http:\\\/\\\/dafinoo.eu\\\/mirmar\\\/wp-content\\\/uploads\\\/2021\\\/03\\\/mirmar_logo.png\",\"contentUrl\":\"http:\\\/\\\/dafinoo.eu\\\/mirmar\\\/wp-content\\\/uploads\\\/2021\\\/03\\\/mirmar_logo.png\",\"width\":256,\"height\":60,\"caption\":\"MIR-MAR\"},\"image\":{\"@id\":\"http:\\\/\\\/dafinoo.eu\\\/mirmar\\\/#\\\/schema\\\/logo\\\/image\\\/\"},\"sameAs\":[\"https:\\\/\\\/facebook.com\\\/mirmareshop\"]}]}<\/script>\n<!-- \/ Yoast SEO plugin. -->","yoast_head_json":{"title":"Makita akumul\u00e1torov\u00e1 LITHIUM-IONOV\u00c1 uhlov\u00e1 v\u0155ta\u010dka BDA341RFE - MIR-MAR","robots":{"index":"index","follow":"follow","max-snippet":"max-snippet:-1","max-image-preview":"max-image-preview:large","max-video-preview":"max-video-preview:-1"},"canonical":"http:\/\/dafinoo.eu\/mirmar\/obchod\/makita-akumulatorova-lithium-ionova-uhlova-vrtacka-bda341rfe\/","og_locale":"sk_SK","og_type":"article","og_title":"Makita akumul\u00e1torov\u00e1 LITHIUM-IONOV\u00c1 uhlov\u00e1 v\u0155ta\u010dka BDA341RFE - MIR-MAR","og_description":"Ot&aacute;\u010dky napr&aacute;zdno 0 - 1700 min -1 V\u0155tanie - max.: oce\u013e 10 mm V\u0155tanie - max.: drevo 25 mm Up&iacute;nac&iacute; rozsah sk\u013eu\u010dovadla 1,5 - 10 mm \u010cas nab&iacute;jania 22 min. Nap&auml;tie akumul&aacute;tora 14,4 V Hmotnos\u0165 1,6 kg Pr&iacute;slu&scaron;enstvo 2 x akumul&aacute;tor BL1430 (3,0 Ah), nab&iacute;ja\u010dka, preprav","og_url":"http:\/\/dafinoo.eu\/mirmar\/obchod\/makita-akumulatorova-lithium-ionova-uhlova-vrtacka-bda341rfe\/","og_site_name":"MIR-MAR","article_publisher":"https:\/\/facebook.com\/mirmareshop","article_modified_time":"2021-04-19T17:41:42+00:00","og_image":[{"width":200,"height":200,"url":"https:\/\/i1.wp.com\/www.mirmar.sk\/wp-content\/uploads\/2021\/03\/bda341rfe_1.jpg?fit=200%2C200&ssl=1","type":"image\/jpeg"}],"twitter_misc":{"Predpokladan\u00fd \u010das \u010d\u00edtania":"1 min\u00fata"},"schema":{"@context":"https:\/\/schema.org","@graph":[{"@type":"WebPage","@id":"http:\/\/dafinoo.eu\/mirmar\/obchod\/makita-akumulatorova-lithium-ionova-uhlova-vrtacka-bda341rfe\/","url":"http:\/\/dafinoo.eu\/mirmar\/obchod\/makita-akumulatorova-lithium-ionova-uhlova-vrtacka-bda341rfe\/","name":"Makita akumul\u00e1torov\u00e1 LITHIUM-IONOV\u00c1 uhlov\u00e1 v\u0155ta\u010dka BDA341RFE - MIR-MAR","isPartOf":{"@id":"http:\/\/dafinoo.eu\/mirmar\/#website"},"primaryImageOfPage":{"@id":"http:\/\/dafinoo.eu\/mirmar\/obchod\/makita-akumulatorova-lithium-ionova-uhlova-vrtacka-bda341rfe\/#primaryimage"},"image":{"@id":"http:\/\/dafinoo.eu\/mirmar\/obchod\/makita-akumulatorova-lithium-ionova-uhlova-vrtacka-bda341rfe\/#primaryimage"},"thumbnailUrl":"http:\/\/dafinoo.eu\/mirmar\/wp-content\/uploads\/2021\/03\/bda341rfe_1.jpg","datePublished":"2021-03-15T16:23:32+00:00","dateModified":"2021-04-19T17:41:42+00:00","breadcrumb":{"@id":"http:\/\/dafinoo.eu\/mirmar\/obchod\/makita-akumulatorova-lithium-ionova-uhlova-vrtacka-bda341rfe\/#breadcrumb"},"inLanguage":"sk-SK","potentialAction":[{"@type":"ReadAction","target":["http:\/\/dafinoo.eu\/mirmar\/obchod\/makita-akumulatorova-lithium-ionova-uhlova-vrtacka-bda341rfe\/"]}]},{"@type":"ImageObject","inLanguage":"sk-SK","@id":"http:\/\/dafinoo.eu\/mirmar\/obchod\/makita-akumulatorova-lithium-ionova-uhlova-vrtacka-bda341rfe\/#primaryimage","url":"http:\/\/dafinoo.eu\/mirmar\/wp-content\/uploads\/2021\/03\/bda341rfe_1.jpg","contentUrl":"http:\/\/dafinoo.eu\/mirmar\/wp-content\/uploads\/2021\/03\/bda341rfe_1.jpg","width":200,"height":200},{"@type":"BreadcrumbList","@id":"http:\/\/dafinoo.eu\/mirmar\/obchod\/makita-akumulatorova-lithium-ionova-uhlova-vrtacka-bda341rfe\/#breadcrumb","itemListElement":[{"@type":"ListItem","position":1,"name":"Domovsk\u00e1 str\u00e1nka","item":"http:\/\/dafinoo.eu\/mirmar\/"},{"@type":"ListItem","position":2,"name":"Obchod","item":"http:\/\/dafinoo.eu\/mirmar\/obchod\/"},{"@type":"ListItem","position":3,"name":"Makita akumul\u00e1torov\u00e1 LITHIUM-IONOV\u00c1 uhlov\u00e1 v\u0155ta\u010dka BDA341RFE"}]},{"@type":"WebSite","@id":"http:\/\/dafinoo.eu\/mirmar\/#website","url":"http:\/\/dafinoo.eu\/mirmar\/","name":"MIR-MAR","description":"Eshop s n\u00e1rad\u00edm","publisher":{"@id":"http:\/\/dafinoo.eu\/mirmar\/#organization"},"potentialAction":[{"@type":"SearchAction","target":{"@type":"EntryPoint","urlTemplate":"http:\/\/dafinoo.eu\/mirmar\/?s={search_term_string}"},"query-input":{"@type":"PropertyValueSpecification","valueRequired":true,"valueName":"search_term_string"}}],"inLanguage":"sk-SK"},{"@type":"Organization","@id":"http:\/\/dafinoo.eu\/mirmar\/#organization","name":"MIR-MAR","url":"http:\/\/dafinoo.eu\/mirmar\/","logo":{"@type":"ImageObject","inLanguage":"sk-SK","@id":"http:\/\/dafinoo.eu\/mirmar\/#\/schema\/logo\/image\/","url":"http:\/\/dafinoo.eu\/mirmar\/wp-content\/uploads\/2021\/03\/mirmar_logo.png","contentUrl":"http:\/\/dafinoo.eu\/mirmar\/wp-content\/uploads\/2021\/03\/mirmar_logo.png","width":256,"height":60,"caption":"MIR-MAR"},"image":{"@id":"http:\/\/dafinoo.eu\/mirmar\/#\/schema\/logo\/image\/"},"sameAs":["https:\/\/facebook.com\/mirmareshop"]}]}},"_links":{"self":[{"href":"http:\/\/dafinoo.eu\/mirmar\/wp-json\/wp\/v2\/product\/36407","targetHints":{"allow":["GET"]}}],"collection":[{"href":"http:\/\/dafinoo.eu\/mirmar\/wp-json\/wp\/v2\/product"}],"about":[{"href":"http:\/\/dafinoo.eu\/mirmar\/wp-json\/wp\/v2\/types\/product"}],"replies":[{"embeddable":true,"href":"http:\/\/dafinoo.eu\/mirmar\/wp-json\/wp\/v2\/comments?post=36407"}],"wp:featuredmedia":[{"embeddable":true,"href":"http:\/\/dafinoo.eu\/mirmar\/wp-json\/wp\/v2\/media\/36408"}],"wp:attachment":[{"href":"http:\/\/dafinoo.eu\/mirmar\/wp-json\/wp\/v2\/media?parent=36407"}],"wp:term":[{"taxonomy":"product_cat","embeddable":true,"href":"http:\/\/dafinoo.eu\/mirmar\/wp-json\/wp\/v2\/product_cat?post=36407"},{"taxonomy":"product_tag","embeddable":true,"href":"http:\/\/dafinoo.eu\/mirmar\/wp-json\/wp\/v2\/product_tag?post=36407"}],"curies":[{"name":"wp","href":"https:\/\/api.w.org\/{rel}","templated":true}]}}