{"id":36533,"date":"2021-03-15T17:23:56","date_gmt":"2021-03-15T16:23:56","guid":{"rendered":"http:\/\/dafinoo.eu\/mirmar\/product\/ls-7504-dolmar\/"},"modified":"2021-04-19T19:41:49","modified_gmt":"2021-04-19T17:41:49","slug":"ls-7504-dolmar","status":"publish","type":"product","link":"http:\/\/dafinoo.eu\/mirmar\/obchod\/ls-7504-dolmar\/","title":{"rendered":"LS-7504 Dolmar"},"content":{"rendered":"<p>Robustn\u00e1, stabiln\u00e1 kon\u0161trukcia s pohodlnou \u00fadr\u017ebou. Pohodln\u00e9 ovl\u00e1danie oboma rukami. Nastavovanie \u0161tiepacieho stola bez n\u00e1strojov. Integrovan\u00fd zr\u00fdchlen\u00fd chod sp\u00e4\u0165. Vysokokvalitn\u00e9 lakovanie pr\u00e1\u0161kov\u00fdm emailom. Plynul\u00e9 nastavovanie v\u00fd\u0161ky \u0161tiepania.<\/p>\n","protected":false},"excerpt":{"rendered":"<p>PARAMETRE<br \/>\nHmotnos\u0165 \t133 kg<br \/>\nPr\u00edkon \t3000 W<br \/>\nMotor \telektrick\u00fd<br \/>\nNap\u00e1janie \t400 V<br \/>\nTlak \t7,5 t<br \/>\nMax. d\u013a\u017eka kme\u0148a \t1080 mm<br \/>\nD\u013a\u017eka kme\u0148a s medzistolom \t550 mm<br \/>\nZdvih \t500 mm<br \/>\nR\u00fdchlos\u0165 \u0161tiepania \t5 cm\/s<br \/>\nR\u00fdchlos\u0165 sp\u00e4tn\u00e9ho chodu \t18 cm\/s<br \/>\nCelkov\u00e1 v\u00fd\u0161ka (vysunut\u00fd) \t1600 mm<br \/>\nCelkov\u00e1 v\u00fd\u0161ka (zasunut\u00fd) \t1070 mm<\/p>\n<p>Odpor\u00fa\u010dan\u00e9 pr\u00edslu\u0161enstvo:<br \/>\n\u0160tiepacie kliny<br \/>\n610 248 010<br \/>\n610 248 020<br \/>\n615 248 030<br \/>\nPredl\u017eovacia \u0161n\u00fara<br \/>\n988 311 100<br \/>\nHydraulick\u00fd olej<br \/>\n988 002 500<\/p>\n","protected":false},"featured_media":36534,"comment_status":"closed","ping_status":"open","template":"","meta":{"_lmt_disableupdate":"","_lmt_disable":""},"product_cat":[3158,3159,3166,3168],"product_tag":[],"class_list":{"0":"post-36533","1":"product","2":"type-product","3":"status-publish","4":"has-post-thumbnail","6":"product_cat-dolmar","7":"product_cat-dolmar-naradie","8":"product_cat-stiepace-dreva","9":"product_cat-hydraulicke","10":"ts_product_brand-dolmar","12":"first","13":"instock","14":"taxable","15":"shipping-taxable","16":"purchasable","17":"product-type-simple"},"yoast_head":"<!-- This site is optimized with the Yoast SEO plugin v27.3 - https:\/\/yoast.com\/product\/yoast-seo-wordpress\/ -->\n<title>LS-7504 Dolmar - MIR-MAR<\/title>\n<meta name=\"robots\" content=\"index, follow, max-snippet:-1, max-image-preview:large, max-video-preview:-1\" \/>\n<link rel=\"canonical\" href=\"http:\/\/dafinoo.eu\/mirmar\/obchod\/ls-7504-dolmar\/\" \/>\n<meta property=\"og:locale\" content=\"sk_SK\" \/>\n<meta property=\"og:type\" content=\"article\" \/>\n<meta property=\"og:title\" content=\"LS-7504 Dolmar - MIR-MAR\" \/>\n<meta property=\"og:description\" content=\"PARAMETRE  Hmotnos\u0165 133 kg Pr\u00edkon 3000 W Motor elektrick\u00fd Nap\u00e1janie 400 V Tlak 7,5 t Max. d\u013a\u017eka kme\u0148a 1080 mm D\u013a\u017eka kme\u0148a s medzistolom 550 mm Zdvih 500 mm R\u00fdchlos\u0165 \u0161tiepania 5 cm\/s R\u00fdchlos\u0165 sp\u00e4tn\u00e9ho chodu 18 cm\/s Celkov\u00e1 v\u00fd\u0161ka (vysunut\u00fd) 1600 mm Celkov\u00e1 v\u00fd\u0161ka (zasunut\u00fd) 1070 mm Odpor\u00fa\u010dan\u00e9 pr\u00edslu\u0161enstvo: \u0160tiepacie kliny 610 248 010 610 248 020 615 248 030 Predl\u017eovacia \u0161n\u00fara 988 311 100 Hydraulick\u00fd olej 988 002 500\" \/>\n<meta property=\"og:url\" content=\"http:\/\/dafinoo.eu\/mirmar\/obchod\/ls-7504-dolmar\/\" \/>\n<meta property=\"og:site_name\" content=\"MIR-MAR\" \/>\n<meta property=\"article:publisher\" content=\"https:\/\/facebook.com\/mirmareshop\" \/>\n<meta property=\"article:modified_time\" content=\"2021-04-19T17:41:49+00:00\" \/>\n<meta property=\"og:image\" content=\"https:\/\/i2.wp.com\/www.mirmar.sk\/wp-content\/uploads\/2021\/03\/ls-7504_1.jpg?fit=191%2C263&ssl=1\" \/>\n\t<meta property=\"og:image:width\" content=\"191\" \/>\n\t<meta property=\"og:image:height\" content=\"263\" \/>\n\t<meta property=\"og:image:type\" content=\"image\/jpeg\" \/>\n<script type=\"application\/ld+json\" class=\"yoast-schema-graph\">{\"@context\":\"https:\\\/\\\/schema.org\",\"@graph\":[{\"@type\":\"WebPage\",\"@id\":\"http:\\\/\\\/dafinoo.eu\\\/mirmar\\\/obchod\\\/ls-7504-dolmar\\\/\",\"url\":\"http:\\\/\\\/dafinoo.eu\\\/mirmar\\\/obchod\\\/ls-7504-dolmar\\\/\",\"name\":\"LS-7504 Dolmar - MIR-MAR\",\"isPartOf\":{\"@id\":\"http:\\\/\\\/dafinoo.eu\\\/mirmar\\\/#website\"},\"primaryImageOfPage\":{\"@id\":\"http:\\\/\\\/dafinoo.eu\\\/mirmar\\\/obchod\\\/ls-7504-dolmar\\\/#primaryimage\"},\"image\":{\"@id\":\"http:\\\/\\\/dafinoo.eu\\\/mirmar\\\/obchod\\\/ls-7504-dolmar\\\/#primaryimage\"},\"thumbnailUrl\":\"http:\\\/\\\/dafinoo.eu\\\/mirmar\\\/wp-content\\\/uploads\\\/2021\\\/03\\\/ls-7504_1.jpg\",\"datePublished\":\"2021-03-15T16:23:56+00:00\",\"dateModified\":\"2021-04-19T17:41:49+00:00\",\"breadcrumb\":{\"@id\":\"http:\\\/\\\/dafinoo.eu\\\/mirmar\\\/obchod\\\/ls-7504-dolmar\\\/#breadcrumb\"},\"inLanguage\":\"sk-SK\",\"potentialAction\":[{\"@type\":\"ReadAction\",\"target\":[\"http:\\\/\\\/dafinoo.eu\\\/mirmar\\\/obchod\\\/ls-7504-dolmar\\\/\"]}]},{\"@type\":\"ImageObject\",\"inLanguage\":\"sk-SK\",\"@id\":\"http:\\\/\\\/dafinoo.eu\\\/mirmar\\\/obchod\\\/ls-7504-dolmar\\\/#primaryimage\",\"url\":\"http:\\\/\\\/dafinoo.eu\\\/mirmar\\\/wp-content\\\/uploads\\\/2021\\\/03\\\/ls-7504_1.jpg\",\"contentUrl\":\"http:\\\/\\\/dafinoo.eu\\\/mirmar\\\/wp-content\\\/uploads\\\/2021\\\/03\\\/ls-7504_1.jpg\",\"width\":191,\"height\":263},{\"@type\":\"BreadcrumbList\",\"@id\":\"http:\\\/\\\/dafinoo.eu\\\/mirmar\\\/obchod\\\/ls-7504-dolmar\\\/#breadcrumb\",\"itemListElement\":[{\"@type\":\"ListItem\",\"position\":1,\"name\":\"Domovsk\u00e1 str\u00e1nka\",\"item\":\"http:\\\/\\\/dafinoo.eu\\\/mirmar\\\/\"},{\"@type\":\"ListItem\",\"position\":2,\"name\":\"Obchod\",\"item\":\"http:\\\/\\\/dafinoo.eu\\\/mirmar\\\/obchod\\\/\"},{\"@type\":\"ListItem\",\"position\":3,\"name\":\"LS-7504 Dolmar\"}]},{\"@type\":\"WebSite\",\"@id\":\"http:\\\/\\\/dafinoo.eu\\\/mirmar\\\/#website\",\"url\":\"http:\\\/\\\/dafinoo.eu\\\/mirmar\\\/\",\"name\":\"MIR-MAR\",\"description\":\"Eshop s n\u00e1rad\u00edm\",\"publisher\":{\"@id\":\"http:\\\/\\\/dafinoo.eu\\\/mirmar\\\/#organization\"},\"potentialAction\":[{\"@type\":\"SearchAction\",\"target\":{\"@type\":\"EntryPoint\",\"urlTemplate\":\"http:\\\/\\\/dafinoo.eu\\\/mirmar\\\/?s={search_term_string}\"},\"query-input\":{\"@type\":\"PropertyValueSpecification\",\"valueRequired\":true,\"valueName\":\"search_term_string\"}}],\"inLanguage\":\"sk-SK\"},{\"@type\":\"Organization\",\"@id\":\"http:\\\/\\\/dafinoo.eu\\\/mirmar\\\/#organization\",\"name\":\"MIR-MAR\",\"url\":\"http:\\\/\\\/dafinoo.eu\\\/mirmar\\\/\",\"logo\":{\"@type\":\"ImageObject\",\"inLanguage\":\"sk-SK\",\"@id\":\"http:\\\/\\\/dafinoo.eu\\\/mirmar\\\/#\\\/schema\\\/logo\\\/image\\\/\",\"url\":\"http:\\\/\\\/dafinoo.eu\\\/mirmar\\\/wp-content\\\/uploads\\\/2021\\\/03\\\/mirmar_logo.png\",\"contentUrl\":\"http:\\\/\\\/dafinoo.eu\\\/mirmar\\\/wp-content\\\/uploads\\\/2021\\\/03\\\/mirmar_logo.png\",\"width\":256,\"height\":60,\"caption\":\"MIR-MAR\"},\"image\":{\"@id\":\"http:\\\/\\\/dafinoo.eu\\\/mirmar\\\/#\\\/schema\\\/logo\\\/image\\\/\"},\"sameAs\":[\"https:\\\/\\\/facebook.com\\\/mirmareshop\"]}]}<\/script>\n<!-- \/ Yoast SEO plugin. -->","yoast_head_json":{"title":"LS-7504 Dolmar - MIR-MAR","robots":{"index":"index","follow":"follow","max-snippet":"max-snippet:-1","max-image-preview":"max-image-preview:large","max-video-preview":"max-video-preview:-1"},"canonical":"http:\/\/dafinoo.eu\/mirmar\/obchod\/ls-7504-dolmar\/","og_locale":"sk_SK","og_type":"article","og_title":"LS-7504 Dolmar - MIR-MAR","og_description":"PARAMETRE  Hmotnos\u0165 133 kg Pr\u00edkon 3000 W Motor elektrick\u00fd Nap\u00e1janie 400 V Tlak 7,5 t Max. d\u013a\u017eka kme\u0148a 1080 mm D\u013a\u017eka kme\u0148a s medzistolom 550 mm Zdvih 500 mm R\u00fdchlos\u0165 \u0161tiepania 5 cm\/s R\u00fdchlos\u0165 sp\u00e4tn\u00e9ho chodu 18 cm\/s Celkov\u00e1 v\u00fd\u0161ka (vysunut\u00fd) 1600 mm Celkov\u00e1 v\u00fd\u0161ka (zasunut\u00fd) 1070 mm Odpor\u00fa\u010dan\u00e9 pr\u00edslu\u0161enstvo: \u0160tiepacie kliny 610 248 010 610 248 020 615 248 030 Predl\u017eovacia \u0161n\u00fara 988 311 100 Hydraulick\u00fd olej 988 002 500","og_url":"http:\/\/dafinoo.eu\/mirmar\/obchod\/ls-7504-dolmar\/","og_site_name":"MIR-MAR","article_publisher":"https:\/\/facebook.com\/mirmareshop","article_modified_time":"2021-04-19T17:41:49+00:00","og_image":[{"width":191,"height":263,"url":"https:\/\/i2.wp.com\/www.mirmar.sk\/wp-content\/uploads\/2021\/03\/ls-7504_1.jpg?fit=191%2C263&ssl=1","type":"image\/jpeg"}],"schema":{"@context":"https:\/\/schema.org","@graph":[{"@type":"WebPage","@id":"http:\/\/dafinoo.eu\/mirmar\/obchod\/ls-7504-dolmar\/","url":"http:\/\/dafinoo.eu\/mirmar\/obchod\/ls-7504-dolmar\/","name":"LS-7504 Dolmar - MIR-MAR","isPartOf":{"@id":"http:\/\/dafinoo.eu\/mirmar\/#website"},"primaryImageOfPage":{"@id":"http:\/\/dafinoo.eu\/mirmar\/obchod\/ls-7504-dolmar\/#primaryimage"},"image":{"@id":"http:\/\/dafinoo.eu\/mirmar\/obchod\/ls-7504-dolmar\/#primaryimage"},"thumbnailUrl":"http:\/\/dafinoo.eu\/mirmar\/wp-content\/uploads\/2021\/03\/ls-7504_1.jpg","datePublished":"2021-03-15T16:23:56+00:00","dateModified":"2021-04-19T17:41:49+00:00","breadcrumb":{"@id":"http:\/\/dafinoo.eu\/mirmar\/obchod\/ls-7504-dolmar\/#breadcrumb"},"inLanguage":"sk-SK","potentialAction":[{"@type":"ReadAction","target":["http:\/\/dafinoo.eu\/mirmar\/obchod\/ls-7504-dolmar\/"]}]},{"@type":"ImageObject","inLanguage":"sk-SK","@id":"http:\/\/dafinoo.eu\/mirmar\/obchod\/ls-7504-dolmar\/#primaryimage","url":"http:\/\/dafinoo.eu\/mirmar\/wp-content\/uploads\/2021\/03\/ls-7504_1.jpg","contentUrl":"http:\/\/dafinoo.eu\/mirmar\/wp-content\/uploads\/2021\/03\/ls-7504_1.jpg","width":191,"height":263},{"@type":"BreadcrumbList","@id":"http:\/\/dafinoo.eu\/mirmar\/obchod\/ls-7504-dolmar\/#breadcrumb","itemListElement":[{"@type":"ListItem","position":1,"name":"Domovsk\u00e1 str\u00e1nka","item":"http:\/\/dafinoo.eu\/mirmar\/"},{"@type":"ListItem","position":2,"name":"Obchod","item":"http:\/\/dafinoo.eu\/mirmar\/obchod\/"},{"@type":"ListItem","position":3,"name":"LS-7504 Dolmar"}]},{"@type":"WebSite","@id":"http:\/\/dafinoo.eu\/mirmar\/#website","url":"http:\/\/dafinoo.eu\/mirmar\/","name":"MIR-MAR","description":"Eshop s n\u00e1rad\u00edm","publisher":{"@id":"http:\/\/dafinoo.eu\/mirmar\/#organization"},"potentialAction":[{"@type":"SearchAction","target":{"@type":"EntryPoint","urlTemplate":"http:\/\/dafinoo.eu\/mirmar\/?s={search_term_string}"},"query-input":{"@type":"PropertyValueSpecification","valueRequired":true,"valueName":"search_term_string"}}],"inLanguage":"sk-SK"},{"@type":"Organization","@id":"http:\/\/dafinoo.eu\/mirmar\/#organization","name":"MIR-MAR","url":"http:\/\/dafinoo.eu\/mirmar\/","logo":{"@type":"ImageObject","inLanguage":"sk-SK","@id":"http:\/\/dafinoo.eu\/mirmar\/#\/schema\/logo\/image\/","url":"http:\/\/dafinoo.eu\/mirmar\/wp-content\/uploads\/2021\/03\/mirmar_logo.png","contentUrl":"http:\/\/dafinoo.eu\/mirmar\/wp-content\/uploads\/2021\/03\/mirmar_logo.png","width":256,"height":60,"caption":"MIR-MAR"},"image":{"@id":"http:\/\/dafinoo.eu\/mirmar\/#\/schema\/logo\/image\/"},"sameAs":["https:\/\/facebook.com\/mirmareshop"]}]}},"_links":{"self":[{"href":"http:\/\/dafinoo.eu\/mirmar\/wp-json\/wp\/v2\/product\/36533","targetHints":{"allow":["GET"]}}],"collection":[{"href":"http:\/\/dafinoo.eu\/mirmar\/wp-json\/wp\/v2\/product"}],"about":[{"href":"http:\/\/dafinoo.eu\/mirmar\/wp-json\/wp\/v2\/types\/product"}],"replies":[{"embeddable":true,"href":"http:\/\/dafinoo.eu\/mirmar\/wp-json\/wp\/v2\/comments?post=36533"}],"wp:featuredmedia":[{"embeddable":true,"href":"http:\/\/dafinoo.eu\/mirmar\/wp-json\/wp\/v2\/media\/36534"}],"wp:attachment":[{"href":"http:\/\/dafinoo.eu\/mirmar\/wp-json\/wp\/v2\/media?parent=36533"}],"wp:term":[{"taxonomy":"product_cat","embeddable":true,"href":"http:\/\/dafinoo.eu\/mirmar\/wp-json\/wp\/v2\/product_cat?post=36533"},{"taxonomy":"product_tag","embeddable":true,"href":"http:\/\/dafinoo.eu\/mirmar\/wp-json\/wp\/v2\/product_tag?post=36533"}],"curies":[{"name":"wp","href":"https:\/\/api.w.org\/{rel}","templated":true}]}}