{"id":36638,"date":"2021-03-15T17:24:21","date_gmt":"2021-03-15T16:24:21","guid":{"rendered":"http:\/\/dafinoo.eu\/mirmar\/product\/tm-122-22-h2\/"},"modified":"2021-04-21T15:54:23","modified_gmt":"2021-04-21T13:54:23","slug":"tm-122-22-h2","status":"publish","type":"product","link":"http:\/\/dafinoo.eu\/mirmar\/obchod\/tm-122-22-h2\/","title":{"rendered":"Dolmar TM-122.22 H2"},"content":{"rendered":"<p>.<\/p>\n","protected":false},"excerpt":{"rendered":"<p>Parametre<\/p>\n<p>Model \tTM-122.22 H2<br \/>\nMotor \tIntek V-Twin 7220<br \/>\nV\u00fdrobca motora \tBriggs &#038; Stratton<br \/>\nZdvihov\u00fd objem motora \t656 cm3<br \/>\nMenovit\u00fd v\u00fdkon pri 3000 min -1 \t12,64 kW<br \/>\nVibra\u010dn\u00e9 tlmenie motora \tAVS<br \/>\nPlocha tr\u00e1vnika \t8 000 m2<br \/>\n\u0160\u00edrka \t121 cm<br \/>\nMin. \u017eacia v\u00fd\u0161ka \t30 mm<br \/>\nMax. \u017eacia v\u00fd\u0161ka \t90 mm<br \/>\nObjem ko\u0161a \t300 l<br \/>\nHmotnos\u0165 \t232 kg<br \/>\nTyp prevodovky \thydrostatick\u00e1<br \/>\nSpojka \u017eacieho mechanizmu \telektromagnetick\u00e1<br \/>\n\u017dac\u00ed kruh \tdvojno\u017eov\u00fd<br \/>\nTechnol\u00f3gia kosenia \t4Cut<br \/>\nRozmery d x \u0161 x v \t242 x 126 x 122 cm<\/p>\n<p>Hladina akustick\u00e9ho tlaku \t88,4 dB(A)<br \/>\nFaktor K (RL2006\/42\/EG) \t0,6 dB(A)<\/p>\n<p>Hladina akustick\u00e9ho v\u00fdkonu \t104,1 dB(A)<br \/>\nFaktor K (RL2006\/42\/EG) \t0,7 dB(A)<\/p>\n<p>Hodnota vibr\u00e1ci\u00ed (Sedadlo) \t0,50 m\/s2<br \/>\nFaktor K (RL2006\/42\/EG) \t0,3 m\/s2<\/p>\n<p>Vlastnosti produktu<\/p>\n<p>    * Robustn\u00fd, prekr\u00fdvaj\u00faci sa \u017eac\u00ed kruh z oce\u013eov\u00e9ho plechu s dvomi no\u017emi<br \/>\n    * Pohodln\u00e9 \u0161tartovanie pomocou elektrick\u00e9ho \u0161tart\u00e9ra<br \/>\n    * \u013dahk\u00e9 \u010distenie spodnej \u010dasti kosa\u010dky v\u010faka pr\u00edpojke na vodu<br \/>\n    * 4 oporn\u00e9 a di\u0161tan\u010dn\u00e9 val\u010deky zamedzuj\u00fa dosadnutiu no\u017eov pri nerovnom, zvlnenom ter\u00e9ne<br \/>\n    * Kontrola funkci\u00ed na preh\u013eadnom displeji so 6 LED kontrolkami<br \/>\n    * Elektromagnetick\u00e1 spojka \u017eacieho mechanizmu na zapnutie \u017eacieho mechanizmu stla\u010den\u00edm gomb\u00edka<br \/>\n    * Komfort v naj\u010distej\u0161ej podobe: elektrick\u00e9 vypr\u00e1zd\u0148ovanie zbern\u00e9ho ko\u0161a<br \/>\n    * Akustick\u00fd v\u00fdstra\u017en\u00fd sign\u00e1l pri naplnen\u00ed zbern\u00e9ho ko\u0161a<br \/>\n    * Vysok\u00fd komfort jazdy v\u010faka ve\u013ek\u00fdm koles\u00e1m<br \/>\n    * Tlakov\u00e9 olejov\u00e9 mazanie motora \u2013 kosenie aj na svahoch<br \/>\n    * Predn\u00e9 svetlomety<br \/>\n    * Nab\u00edja\u010dka bat\u00e9ri\u00ed je s\u00fa\u010das\u0165ou rozsahu dod\u00e1vky<br \/>\n    * Presn\u00e9 riadenie bez v\u00f4le pre \u013eahk\u00e9 a presn\u00e9 man\u00e9vrovanie<\/p>\n","protected":false},"featured_media":36639,"comment_status":"closed","ping_status":"open","template":"","meta":{"_lmt_disableupdate":"","_lmt_disable":""},"product_cat":[3158,3159,3180],"product_tag":[],"class_list":{"0":"post-36638","1":"product","2":"type-product","3":"status-publish","4":"has-post-thumbnail","6":"product_cat-dolmar","7":"product_cat-dolmar-naradie","8":"product_cat-zahradne-traktory-a-pojazdne-kosacky","9":"ts_product_brand-dolmar","11":"first","12":"instock","13":"taxable","14":"shipping-taxable","15":"purchasable","16":"product-type-simple"},"yoast_head":"<!-- This site is optimized with the Yoast SEO plugin v27.3 - https:\/\/yoast.com\/product\/yoast-seo-wordpress\/ -->\n<title>Dolmar TM-122.22 H2 - MIR-MAR<\/title>\n<meta name=\"robots\" content=\"index, follow, max-snippet:-1, max-image-preview:large, max-video-preview:-1\" \/>\n<link rel=\"canonical\" href=\"http:\/\/dafinoo.eu\/mirmar\/obchod\/tm-122-22-h2\/\" \/>\n<meta property=\"og:locale\" content=\"sk_SK\" \/>\n<meta property=\"og:type\" content=\"article\" \/>\n<meta property=\"og:title\" content=\"Dolmar TM-122.22 H2 - MIR-MAR\" \/>\n<meta property=\"og:description\" content=\"Parametre  Model TM-122.22 H2 Motor Intek V-Twin 7220 V\u00fdrobca motora Briggs &amp; Stratton Zdvihov\u00fd objem motora 656 cm3 Menovit\u00fd v\u00fdkon pri 3000 min -1 12,64 kW Vibra\u010dn\u00e9 tlmenie motora AVS Plocha tr\u00e1vnika 8 000 m2 \u0160\u00edrka 121 cm Min. \u017eacia v\u00fd\u0161ka 30 mm Max. \u017eacia v\u00fd\u0161ka 90 mm Objem ko\u0161a 300 l Hmotnos\u0165 232 kg Typ prevodovky hydrostatick\u00e1 Spojka \u017eacieho mechanizmu elektromagnetick\u00e1 \u017dac\u00ed kruh dvojno\u017eov\u00fd Technol\u00f3gia kosenia 4Cut Rozmery d x \u0161 x v 242 x 126 x 122 cm  Hladina akustick\u00e9ho tlaku 88,4 dB(A) Faktor K (RL2006\/42\/EG) 0,6 dB(A)  Hladina akustick\u00e9ho v\u00fdkonu 104,1 dB(A) Faktor K (RL2006\/42\/EG) 0,7 dB(A)  Hodnota vibr\u00e1ci\u00ed (Sedadlo) 0,50 m\/s2 Faktor K (RL2006\/42\/EG) 0,3 m\/s2  Vlastnosti produktu    * Robustn\u00fd, prekr\u00fdvaj\u00faci sa \u017eac\u00ed kruh z oce\u013eov\u00e9ho plechu s dvomi no\u017emi   * Pohodln\u00e9 \u0161tartovanie pomocou elektrick\u00e9ho \u0161tart\u00e9ra   * \u013dahk\u00e9 \u010distenie spodnej \u010dasti kosa\u010dky v\u010faka pr\u00edpojke na vodu   * 4 oporn\u00e9 a di\u0161tan\u010dn\u00e9 val\u010deky zamedzuj\u00fa dosadnutiu no\u017eov pri nerovnom, zvlnenom ter\u00e9ne   * Kontrola funkci\u00ed na preh\u013eadnom displeji so 6 LED kontrolkami   * Elektromagnetick\u00e1 spojka \u017eacieho mechanizmu na zapnutie \u017eacieho mechanizmu stla\u010den\u00edm gomb\u00edka   * Komfort v naj\u010distej\u0161ej podobe: elektrick\u00e9 vypr\u00e1zd\u0148ovanie zbern\u00e9ho ko\u0161a   * Akustick\u00fd v\u00fdstra\u017en\u00fd sign\u00e1l pri naplnen\u00ed zbern\u00e9ho ko\u0161a   * Vysok\u00fd komfort jazdy v\u010faka ve\u013ek\u00fdm koles\u00e1m   * Tlakov\u00e9 olejov\u00e9 mazanie motora \u2013 kosenie aj na svahoch   * Predn\u00e9 svetlomety   * Nab\u00edja\u010dka bat\u00e9ri\u00ed je s\u00fa\u010das\u0165ou rozsahu dod\u00e1vky   * Presn\u00e9 riadenie bez v\u00f4le pre \u013eahk\u00e9 a presn\u00e9 man\u00e9vrovanie\" \/>\n<meta property=\"og:url\" content=\"http:\/\/dafinoo.eu\/mirmar\/obchod\/tm-122-22-h2\/\" \/>\n<meta property=\"og:site_name\" content=\"MIR-MAR\" \/>\n<meta property=\"article:publisher\" content=\"https:\/\/facebook.com\/mirmareshop\" \/>\n<meta property=\"article:modified_time\" content=\"2021-04-21T13:54:23+00:00\" \/>\n<meta property=\"og:image\" content=\"https:\/\/i1.wp.com\/www.mirmar.sk\/wp-content\/uploads\/2021\/03\/tm-122.22_h2_1.jpg?fit=251%2C201&ssl=1\" \/>\n\t<meta property=\"og:image:width\" content=\"251\" \/>\n\t<meta property=\"og:image:height\" content=\"201\" \/>\n\t<meta property=\"og:image:type\" content=\"image\/jpeg\" \/>\n<script type=\"application\/ld+json\" class=\"yoast-schema-graph\">{\"@context\":\"https:\\\/\\\/schema.org\",\"@graph\":[{\"@type\":\"WebPage\",\"@id\":\"http:\\\/\\\/dafinoo.eu\\\/mirmar\\\/obchod\\\/tm-122-22-h2\\\/\",\"url\":\"http:\\\/\\\/dafinoo.eu\\\/mirmar\\\/obchod\\\/tm-122-22-h2\\\/\",\"name\":\"Dolmar TM-122.22 H2 - MIR-MAR\",\"isPartOf\":{\"@id\":\"http:\\\/\\\/dafinoo.eu\\\/mirmar\\\/#website\"},\"primaryImageOfPage\":{\"@id\":\"http:\\\/\\\/dafinoo.eu\\\/mirmar\\\/obchod\\\/tm-122-22-h2\\\/#primaryimage\"},\"image\":{\"@id\":\"http:\\\/\\\/dafinoo.eu\\\/mirmar\\\/obchod\\\/tm-122-22-h2\\\/#primaryimage\"},\"thumbnailUrl\":\"http:\\\/\\\/dafinoo.eu\\\/mirmar\\\/wp-content\\\/uploads\\\/2021\\\/03\\\/tm-122.22_h2_1.jpg\",\"datePublished\":\"2021-03-15T16:24:21+00:00\",\"dateModified\":\"2021-04-21T13:54:23+00:00\",\"breadcrumb\":{\"@id\":\"http:\\\/\\\/dafinoo.eu\\\/mirmar\\\/obchod\\\/tm-122-22-h2\\\/#breadcrumb\"},\"inLanguage\":\"sk-SK\",\"potentialAction\":[{\"@type\":\"ReadAction\",\"target\":[\"http:\\\/\\\/dafinoo.eu\\\/mirmar\\\/obchod\\\/tm-122-22-h2\\\/\"]}]},{\"@type\":\"ImageObject\",\"inLanguage\":\"sk-SK\",\"@id\":\"http:\\\/\\\/dafinoo.eu\\\/mirmar\\\/obchod\\\/tm-122-22-h2\\\/#primaryimage\",\"url\":\"http:\\\/\\\/dafinoo.eu\\\/mirmar\\\/wp-content\\\/uploads\\\/2021\\\/03\\\/tm-122.22_h2_1.jpg\",\"contentUrl\":\"http:\\\/\\\/dafinoo.eu\\\/mirmar\\\/wp-content\\\/uploads\\\/2021\\\/03\\\/tm-122.22_h2_1.jpg\",\"width\":251,\"height\":201},{\"@type\":\"BreadcrumbList\",\"@id\":\"http:\\\/\\\/dafinoo.eu\\\/mirmar\\\/obchod\\\/tm-122-22-h2\\\/#breadcrumb\",\"itemListElement\":[{\"@type\":\"ListItem\",\"position\":1,\"name\":\"Domovsk\u00e1 str\u00e1nka\",\"item\":\"http:\\\/\\\/dafinoo.eu\\\/mirmar\\\/\"},{\"@type\":\"ListItem\",\"position\":2,\"name\":\"Obchod\",\"item\":\"http:\\\/\\\/dafinoo.eu\\\/mirmar\\\/obchod\\\/\"},{\"@type\":\"ListItem\",\"position\":3,\"name\":\"Dolmar TM-122.22 H2\"}]},{\"@type\":\"WebSite\",\"@id\":\"http:\\\/\\\/dafinoo.eu\\\/mirmar\\\/#website\",\"url\":\"http:\\\/\\\/dafinoo.eu\\\/mirmar\\\/\",\"name\":\"MIR-MAR\",\"description\":\"Eshop s n\u00e1rad\u00edm\",\"publisher\":{\"@id\":\"http:\\\/\\\/dafinoo.eu\\\/mirmar\\\/#organization\"},\"potentialAction\":[{\"@type\":\"SearchAction\",\"target\":{\"@type\":\"EntryPoint\",\"urlTemplate\":\"http:\\\/\\\/dafinoo.eu\\\/mirmar\\\/?s={search_term_string}\"},\"query-input\":{\"@type\":\"PropertyValueSpecification\",\"valueRequired\":true,\"valueName\":\"search_term_string\"}}],\"inLanguage\":\"sk-SK\"},{\"@type\":\"Organization\",\"@id\":\"http:\\\/\\\/dafinoo.eu\\\/mirmar\\\/#organization\",\"name\":\"MIR-MAR\",\"url\":\"http:\\\/\\\/dafinoo.eu\\\/mirmar\\\/\",\"logo\":{\"@type\":\"ImageObject\",\"inLanguage\":\"sk-SK\",\"@id\":\"http:\\\/\\\/dafinoo.eu\\\/mirmar\\\/#\\\/schema\\\/logo\\\/image\\\/\",\"url\":\"http:\\\/\\\/dafinoo.eu\\\/mirmar\\\/wp-content\\\/uploads\\\/2021\\\/03\\\/mirmar_logo.png\",\"contentUrl\":\"http:\\\/\\\/dafinoo.eu\\\/mirmar\\\/wp-content\\\/uploads\\\/2021\\\/03\\\/mirmar_logo.png\",\"width\":256,\"height\":60,\"caption\":\"MIR-MAR\"},\"image\":{\"@id\":\"http:\\\/\\\/dafinoo.eu\\\/mirmar\\\/#\\\/schema\\\/logo\\\/image\\\/\"},\"sameAs\":[\"https:\\\/\\\/facebook.com\\\/mirmareshop\"]}]}<\/script>\n<!-- \/ Yoast SEO plugin. -->","yoast_head_json":{"title":"Dolmar TM-122.22 H2 - MIR-MAR","robots":{"index":"index","follow":"follow","max-snippet":"max-snippet:-1","max-image-preview":"max-image-preview:large","max-video-preview":"max-video-preview:-1"},"canonical":"http:\/\/dafinoo.eu\/mirmar\/obchod\/tm-122-22-h2\/","og_locale":"sk_SK","og_type":"article","og_title":"Dolmar TM-122.22 H2 - MIR-MAR","og_description":"Parametre  Model TM-122.22 H2 Motor Intek V-Twin 7220 V\u00fdrobca motora Briggs & Stratton Zdvihov\u00fd objem motora 656 cm3 Menovit\u00fd v\u00fdkon pri 3000 min -1 12,64 kW Vibra\u010dn\u00e9 tlmenie motora AVS Plocha tr\u00e1vnika 8 000 m2 \u0160\u00edrka 121 cm Min. \u017eacia v\u00fd\u0161ka 30 mm Max. \u017eacia v\u00fd\u0161ka 90 mm Objem ko\u0161a 300 l Hmotnos\u0165 232 kg Typ prevodovky hydrostatick\u00e1 Spojka \u017eacieho mechanizmu elektromagnetick\u00e1 \u017dac\u00ed kruh dvojno\u017eov\u00fd Technol\u00f3gia kosenia 4Cut Rozmery d x \u0161 x v 242 x 126 x 122 cm  Hladina akustick\u00e9ho tlaku 88,4 dB(A) Faktor K (RL2006\/42\/EG) 0,6 dB(A)  Hladina akustick\u00e9ho v\u00fdkonu 104,1 dB(A) Faktor K (RL2006\/42\/EG) 0,7 dB(A)  Hodnota vibr\u00e1ci\u00ed (Sedadlo) 0,50 m\/s2 Faktor K (RL2006\/42\/EG) 0,3 m\/s2  Vlastnosti produktu    * Robustn\u00fd, prekr\u00fdvaj\u00faci sa \u017eac\u00ed kruh z oce\u013eov\u00e9ho plechu s dvomi no\u017emi   * Pohodln\u00e9 \u0161tartovanie pomocou elektrick\u00e9ho \u0161tart\u00e9ra   * \u013dahk\u00e9 \u010distenie spodnej \u010dasti kosa\u010dky v\u010faka pr\u00edpojke na vodu   * 4 oporn\u00e9 a di\u0161tan\u010dn\u00e9 val\u010deky zamedzuj\u00fa dosadnutiu no\u017eov pri nerovnom, zvlnenom ter\u00e9ne   * Kontrola funkci\u00ed na preh\u013eadnom displeji so 6 LED kontrolkami   * Elektromagnetick\u00e1 spojka \u017eacieho mechanizmu na zapnutie \u017eacieho mechanizmu stla\u010den\u00edm gomb\u00edka   * Komfort v naj\u010distej\u0161ej podobe: elektrick\u00e9 vypr\u00e1zd\u0148ovanie zbern\u00e9ho ko\u0161a   * Akustick\u00fd v\u00fdstra\u017en\u00fd sign\u00e1l pri naplnen\u00ed zbern\u00e9ho ko\u0161a   * Vysok\u00fd komfort jazdy v\u010faka ve\u013ek\u00fdm koles\u00e1m   * Tlakov\u00e9 olejov\u00e9 mazanie motora \u2013 kosenie aj na svahoch   * Predn\u00e9 svetlomety   * Nab\u00edja\u010dka bat\u00e9ri\u00ed je s\u00fa\u010das\u0165ou rozsahu dod\u00e1vky   * Presn\u00e9 riadenie bez v\u00f4le pre \u013eahk\u00e9 a presn\u00e9 man\u00e9vrovanie","og_url":"http:\/\/dafinoo.eu\/mirmar\/obchod\/tm-122-22-h2\/","og_site_name":"MIR-MAR","article_publisher":"https:\/\/facebook.com\/mirmareshop","article_modified_time":"2021-04-21T13:54:23+00:00","og_image":[{"width":251,"height":201,"url":"https:\/\/i1.wp.com\/www.mirmar.sk\/wp-content\/uploads\/2021\/03\/tm-122.22_h2_1.jpg?fit=251%2C201&ssl=1","type":"image\/jpeg"}],"schema":{"@context":"https:\/\/schema.org","@graph":[{"@type":"WebPage","@id":"http:\/\/dafinoo.eu\/mirmar\/obchod\/tm-122-22-h2\/","url":"http:\/\/dafinoo.eu\/mirmar\/obchod\/tm-122-22-h2\/","name":"Dolmar TM-122.22 H2 - MIR-MAR","isPartOf":{"@id":"http:\/\/dafinoo.eu\/mirmar\/#website"},"primaryImageOfPage":{"@id":"http:\/\/dafinoo.eu\/mirmar\/obchod\/tm-122-22-h2\/#primaryimage"},"image":{"@id":"http:\/\/dafinoo.eu\/mirmar\/obchod\/tm-122-22-h2\/#primaryimage"},"thumbnailUrl":"http:\/\/dafinoo.eu\/mirmar\/wp-content\/uploads\/2021\/03\/tm-122.22_h2_1.jpg","datePublished":"2021-03-15T16:24:21+00:00","dateModified":"2021-04-21T13:54:23+00:00","breadcrumb":{"@id":"http:\/\/dafinoo.eu\/mirmar\/obchod\/tm-122-22-h2\/#breadcrumb"},"inLanguage":"sk-SK","potentialAction":[{"@type":"ReadAction","target":["http:\/\/dafinoo.eu\/mirmar\/obchod\/tm-122-22-h2\/"]}]},{"@type":"ImageObject","inLanguage":"sk-SK","@id":"http:\/\/dafinoo.eu\/mirmar\/obchod\/tm-122-22-h2\/#primaryimage","url":"http:\/\/dafinoo.eu\/mirmar\/wp-content\/uploads\/2021\/03\/tm-122.22_h2_1.jpg","contentUrl":"http:\/\/dafinoo.eu\/mirmar\/wp-content\/uploads\/2021\/03\/tm-122.22_h2_1.jpg","width":251,"height":201},{"@type":"BreadcrumbList","@id":"http:\/\/dafinoo.eu\/mirmar\/obchod\/tm-122-22-h2\/#breadcrumb","itemListElement":[{"@type":"ListItem","position":1,"name":"Domovsk\u00e1 str\u00e1nka","item":"http:\/\/dafinoo.eu\/mirmar\/"},{"@type":"ListItem","position":2,"name":"Obchod","item":"http:\/\/dafinoo.eu\/mirmar\/obchod\/"},{"@type":"ListItem","position":3,"name":"Dolmar TM-122.22 H2"}]},{"@type":"WebSite","@id":"http:\/\/dafinoo.eu\/mirmar\/#website","url":"http:\/\/dafinoo.eu\/mirmar\/","name":"MIR-MAR","description":"Eshop s n\u00e1rad\u00edm","publisher":{"@id":"http:\/\/dafinoo.eu\/mirmar\/#organization"},"potentialAction":[{"@type":"SearchAction","target":{"@type":"EntryPoint","urlTemplate":"http:\/\/dafinoo.eu\/mirmar\/?s={search_term_string}"},"query-input":{"@type":"PropertyValueSpecification","valueRequired":true,"valueName":"search_term_string"}}],"inLanguage":"sk-SK"},{"@type":"Organization","@id":"http:\/\/dafinoo.eu\/mirmar\/#organization","name":"MIR-MAR","url":"http:\/\/dafinoo.eu\/mirmar\/","logo":{"@type":"ImageObject","inLanguage":"sk-SK","@id":"http:\/\/dafinoo.eu\/mirmar\/#\/schema\/logo\/image\/","url":"http:\/\/dafinoo.eu\/mirmar\/wp-content\/uploads\/2021\/03\/mirmar_logo.png","contentUrl":"http:\/\/dafinoo.eu\/mirmar\/wp-content\/uploads\/2021\/03\/mirmar_logo.png","width":256,"height":60,"caption":"MIR-MAR"},"image":{"@id":"http:\/\/dafinoo.eu\/mirmar\/#\/schema\/logo\/image\/"},"sameAs":["https:\/\/facebook.com\/mirmareshop"]}]}},"_links":{"self":[{"href":"http:\/\/dafinoo.eu\/mirmar\/wp-json\/wp\/v2\/product\/36638","targetHints":{"allow":["GET"]}}],"collection":[{"href":"http:\/\/dafinoo.eu\/mirmar\/wp-json\/wp\/v2\/product"}],"about":[{"href":"http:\/\/dafinoo.eu\/mirmar\/wp-json\/wp\/v2\/types\/product"}],"replies":[{"embeddable":true,"href":"http:\/\/dafinoo.eu\/mirmar\/wp-json\/wp\/v2\/comments?post=36638"}],"wp:featuredmedia":[{"embeddable":true,"href":"http:\/\/dafinoo.eu\/mirmar\/wp-json\/wp\/v2\/media\/36639"}],"wp:attachment":[{"href":"http:\/\/dafinoo.eu\/mirmar\/wp-json\/wp\/v2\/media?parent=36638"}],"wp:term":[{"taxonomy":"product_cat","embeddable":true,"href":"http:\/\/dafinoo.eu\/mirmar\/wp-json\/wp\/v2\/product_cat?post=36638"},{"taxonomy":"product_tag","embeddable":true,"href":"http:\/\/dafinoo.eu\/mirmar\/wp-json\/wp\/v2\/product_tag?post=36638"}],"curies":[{"name":"wp","href":"https:\/\/api.w.org\/{rel}","templated":true}]}}