{"id":36691,"date":"2021-03-15T17:24:36","date_gmt":"2021-03-15T16:24:36","guid":{"rendered":"http:\/\/dafinoo.eu\/mirmar\/product\/uh200dwx\/"},"modified":"2021-04-21T15:53:46","modified_gmt":"2021-04-21T13:53:46","slug":"uh200dwx","status":"publish","type":"product","link":"http:\/\/dafinoo.eu\/mirmar\/obchod\/uh200dwx\/","title":{"rendered":"Dolmar UH200DWX"},"content":{"rendered":"<p>Dva Li-Ion stroje v jednom. R\u00fdchla a bezn\u00e1strojov\u00e1 v\u00fdmena nadstavcov. Vynikaj\u00faci pomocn\u00edk v z\u00e1hrade, ide\u00e1lny na \u00fapravu tr\u00e1vy a \u017eiv\u00fdch plotov okolo domu, chaty a podobne.<\/p>\n","protected":false},"excerpt":{"rendered":"<p>PARAMETRE<br \/>\nMax. priemer kon\u00e1rov \t8 mm<br \/>\nNap\u00e4tie akumul\u00e1tora \t10,8 V \/ 1,3 Ah<br \/>\nPo\u010det zdvihov \t1250 \/min<br \/>\nZ\u00e1ber no\u017en\u00edc na tr\u00e1vu \t16 cm<br \/>\nD\u013a\u017eka no\u017en\u00edc \t20 cm<br \/>\nPrev\u00e1dzkov\u00e1 doba na plne nabit\u00fa bat\u00e9riu \t30 min<br \/>\nHmotnos\u0165 no\u017en\u00edc na \u017eiv\u00e9 ploty \t1,2 kg<br \/>\nHmotnos\u0165 no\u017en\u00edc na tr\u00e1vu \t1,1 kg<br \/>\nPr\u00edslu\u0161enstvo \t1 ks bat\u00e9ria, nab\u00edja\u010dka, nadstavec na strihanie tr\u00e1vy, nadstavec na strihanie \u017eiv\u00fdch plotov, zbera\u010d<\/p>\n<p>    * Sada obsahuje:<br \/>\n    * Striha\u010d \u017eiv\u00fdch plotov: UH200DZ+<br \/>\n    * Podstavec: 325896-1<br \/>\n    * \u010cepe\u013e striha\u010da tr\u00e1vy: 195242-0<br \/>\n    * Odpor\u00fa\u010dan\u00e9 pr\u00edslu\u0161enstvo:<\/p>\n<p>    * Bat\u00e9rie: 194550-6<\/p>\n<p>    * Nab\u00edja\u010dky: 194588-1<\/p>\n<p>    * N\u00f4\u017e: 195272-1<\/p>\n<p>    * No\u017enice: 451813-6<\/p>\n","protected":false},"featured_media":36692,"comment_status":"closed","ping_status":"open","template":"","meta":{"_lmt_disableupdate":"","_lmt_disable":""},"product_cat":[3158,3159,3184,3187],"product_tag":[],"class_list":{"0":"post-36691","1":"product","2":"type-product","3":"status-publish","4":"has-post-thumbnail","6":"product_cat-dolmar","7":"product_cat-dolmar-naradie","8":"product_cat-noznice-na-zivy-plot","9":"product_cat-akumulatorove-noznice-na-zivy-plot","10":"ts_product_brand-dolmar","12":"first","13":"instock","14":"taxable","15":"shipping-taxable","16":"purchasable","17":"product-type-simple"},"yoast_head":"<!-- This site is optimized with the Yoast SEO plugin v27.3 - https:\/\/yoast.com\/product\/yoast-seo-wordpress\/ -->\n<title>Dolmar UH200DWX - MIR-MAR<\/title>\n<meta name=\"robots\" content=\"index, follow, max-snippet:-1, max-image-preview:large, max-video-preview:-1\" \/>\n<link rel=\"canonical\" href=\"http:\/\/dafinoo.eu\/mirmar\/obchod\/uh200dwx\/\" \/>\n<meta property=\"og:locale\" content=\"sk_SK\" \/>\n<meta property=\"og:type\" content=\"article\" \/>\n<meta property=\"og:title\" content=\"Dolmar UH200DWX - MIR-MAR\" \/>\n<meta property=\"og:description\" content=\"PARAMETRE  Max. priemer kon\u00e1rov 8 mm Nap\u00e4tie akumul\u00e1tora 10,8 V \/ 1,3 Ah Po\u010det zdvihov 1250 \/min Z\u00e1ber no\u017en\u00edc na tr\u00e1vu 16 cm D\u013a\u017eka no\u017en\u00edc 20 cm Prev\u00e1dzkov\u00e1 doba na plne nabit\u00fa bat\u00e9riu 30 min Hmotnos\u0165 no\u017en\u00edc na \u017eiv\u00e9 ploty 1,2 kg Hmotnos\u0165 no\u017en\u00edc na tr\u00e1vu 1,1 kg Pr\u00edslu\u0161enstvo 1 ks bat\u00e9ria, nab\u00edja\u010dka, nadstavec na strihanie tr\u00e1vy, nadstavec na strihanie \u017eiv\u00fdch plotov, zbera\u010d   * Sada obsahuje:   * Striha\u010d \u017eiv\u00fdch plotov: UH200DZ+   * Podstavec: 325896-1   * \u010cepe\u013e striha\u010da tr\u00e1vy: 195242-0   * Odpor\u00fa\u010dan\u00e9 pr\u00edslu\u0161enstvo:   * Bat\u00e9rie: 194550-6   * Nab\u00edja\u010dky: 194588-1   * N\u00f4\u017e: 195272-1   * No\u017enice: 451813-6\" \/>\n<meta property=\"og:url\" content=\"http:\/\/dafinoo.eu\/mirmar\/obchod\/uh200dwx\/\" \/>\n<meta property=\"og:site_name\" content=\"MIR-MAR\" \/>\n<meta property=\"article:publisher\" content=\"https:\/\/facebook.com\/mirmareshop\" \/>\n<meta property=\"article:modified_time\" content=\"2021-04-21T13:53:46+00:00\" \/>\n<meta property=\"og:image\" content=\"https:\/\/i1.wp.com\/www.mirmar.sk\/wp-content\/uploads\/2021\/03\/uh200dwx_1.jpg?fit=240%2C200&ssl=1\" \/>\n\t<meta property=\"og:image:width\" content=\"240\" \/>\n\t<meta property=\"og:image:height\" content=\"200\" \/>\n\t<meta property=\"og:image:type\" content=\"image\/jpeg\" \/>\n<script type=\"application\/ld+json\" class=\"yoast-schema-graph\">{\"@context\":\"https:\\\/\\\/schema.org\",\"@graph\":[{\"@type\":\"WebPage\",\"@id\":\"http:\\\/\\\/dafinoo.eu\\\/mirmar\\\/obchod\\\/uh200dwx\\\/\",\"url\":\"http:\\\/\\\/dafinoo.eu\\\/mirmar\\\/obchod\\\/uh200dwx\\\/\",\"name\":\"Dolmar UH200DWX - MIR-MAR\",\"isPartOf\":{\"@id\":\"http:\\\/\\\/dafinoo.eu\\\/mirmar\\\/#website\"},\"primaryImageOfPage\":{\"@id\":\"http:\\\/\\\/dafinoo.eu\\\/mirmar\\\/obchod\\\/uh200dwx\\\/#primaryimage\"},\"image\":{\"@id\":\"http:\\\/\\\/dafinoo.eu\\\/mirmar\\\/obchod\\\/uh200dwx\\\/#primaryimage\"},\"thumbnailUrl\":\"http:\\\/\\\/dafinoo.eu\\\/mirmar\\\/wp-content\\\/uploads\\\/2021\\\/03\\\/uh200dwx_1.jpg\",\"datePublished\":\"2021-03-15T16:24:36+00:00\",\"dateModified\":\"2021-04-21T13:53:46+00:00\",\"breadcrumb\":{\"@id\":\"http:\\\/\\\/dafinoo.eu\\\/mirmar\\\/obchod\\\/uh200dwx\\\/#breadcrumb\"},\"inLanguage\":\"sk-SK\",\"potentialAction\":[{\"@type\":\"ReadAction\",\"target\":[\"http:\\\/\\\/dafinoo.eu\\\/mirmar\\\/obchod\\\/uh200dwx\\\/\"]}]},{\"@type\":\"ImageObject\",\"inLanguage\":\"sk-SK\",\"@id\":\"http:\\\/\\\/dafinoo.eu\\\/mirmar\\\/obchod\\\/uh200dwx\\\/#primaryimage\",\"url\":\"http:\\\/\\\/dafinoo.eu\\\/mirmar\\\/wp-content\\\/uploads\\\/2021\\\/03\\\/uh200dwx_1.jpg\",\"contentUrl\":\"http:\\\/\\\/dafinoo.eu\\\/mirmar\\\/wp-content\\\/uploads\\\/2021\\\/03\\\/uh200dwx_1.jpg\",\"width\":240,\"height\":200},{\"@type\":\"BreadcrumbList\",\"@id\":\"http:\\\/\\\/dafinoo.eu\\\/mirmar\\\/obchod\\\/uh200dwx\\\/#breadcrumb\",\"itemListElement\":[{\"@type\":\"ListItem\",\"position\":1,\"name\":\"Domovsk\u00e1 str\u00e1nka\",\"item\":\"http:\\\/\\\/dafinoo.eu\\\/mirmar\\\/\"},{\"@type\":\"ListItem\",\"position\":2,\"name\":\"Obchod\",\"item\":\"http:\\\/\\\/dafinoo.eu\\\/mirmar\\\/obchod\\\/\"},{\"@type\":\"ListItem\",\"position\":3,\"name\":\"Dolmar UH200DWX\"}]},{\"@type\":\"WebSite\",\"@id\":\"http:\\\/\\\/dafinoo.eu\\\/mirmar\\\/#website\",\"url\":\"http:\\\/\\\/dafinoo.eu\\\/mirmar\\\/\",\"name\":\"MIR-MAR\",\"description\":\"Eshop s n\u00e1rad\u00edm\",\"publisher\":{\"@id\":\"http:\\\/\\\/dafinoo.eu\\\/mirmar\\\/#organization\"},\"potentialAction\":[{\"@type\":\"SearchAction\",\"target\":{\"@type\":\"EntryPoint\",\"urlTemplate\":\"http:\\\/\\\/dafinoo.eu\\\/mirmar\\\/?s={search_term_string}\"},\"query-input\":{\"@type\":\"PropertyValueSpecification\",\"valueRequired\":true,\"valueName\":\"search_term_string\"}}],\"inLanguage\":\"sk-SK\"},{\"@type\":\"Organization\",\"@id\":\"http:\\\/\\\/dafinoo.eu\\\/mirmar\\\/#organization\",\"name\":\"MIR-MAR\",\"url\":\"http:\\\/\\\/dafinoo.eu\\\/mirmar\\\/\",\"logo\":{\"@type\":\"ImageObject\",\"inLanguage\":\"sk-SK\",\"@id\":\"http:\\\/\\\/dafinoo.eu\\\/mirmar\\\/#\\\/schema\\\/logo\\\/image\\\/\",\"url\":\"http:\\\/\\\/dafinoo.eu\\\/mirmar\\\/wp-content\\\/uploads\\\/2021\\\/03\\\/mirmar_logo.png\",\"contentUrl\":\"http:\\\/\\\/dafinoo.eu\\\/mirmar\\\/wp-content\\\/uploads\\\/2021\\\/03\\\/mirmar_logo.png\",\"width\":256,\"height\":60,\"caption\":\"MIR-MAR\"},\"image\":{\"@id\":\"http:\\\/\\\/dafinoo.eu\\\/mirmar\\\/#\\\/schema\\\/logo\\\/image\\\/\"},\"sameAs\":[\"https:\\\/\\\/facebook.com\\\/mirmareshop\"]}]}<\/script>\n<!-- \/ Yoast SEO plugin. -->","yoast_head_json":{"title":"Dolmar UH200DWX - MIR-MAR","robots":{"index":"index","follow":"follow","max-snippet":"max-snippet:-1","max-image-preview":"max-image-preview:large","max-video-preview":"max-video-preview:-1"},"canonical":"http:\/\/dafinoo.eu\/mirmar\/obchod\/uh200dwx\/","og_locale":"sk_SK","og_type":"article","og_title":"Dolmar UH200DWX - MIR-MAR","og_description":"PARAMETRE  Max. priemer kon\u00e1rov 8 mm Nap\u00e4tie akumul\u00e1tora 10,8 V \/ 1,3 Ah Po\u010det zdvihov 1250 \/min Z\u00e1ber no\u017en\u00edc na tr\u00e1vu 16 cm D\u013a\u017eka no\u017en\u00edc 20 cm Prev\u00e1dzkov\u00e1 doba na plne nabit\u00fa bat\u00e9riu 30 min Hmotnos\u0165 no\u017en\u00edc na \u017eiv\u00e9 ploty 1,2 kg Hmotnos\u0165 no\u017en\u00edc na tr\u00e1vu 1,1 kg Pr\u00edslu\u0161enstvo 1 ks bat\u00e9ria, nab\u00edja\u010dka, nadstavec na strihanie tr\u00e1vy, nadstavec na strihanie \u017eiv\u00fdch plotov, zbera\u010d   * Sada obsahuje:   * Striha\u010d \u017eiv\u00fdch plotov: UH200DZ+   * Podstavec: 325896-1   * \u010cepe\u013e striha\u010da tr\u00e1vy: 195242-0   * Odpor\u00fa\u010dan\u00e9 pr\u00edslu\u0161enstvo:   * Bat\u00e9rie: 194550-6   * Nab\u00edja\u010dky: 194588-1   * N\u00f4\u017e: 195272-1   * No\u017enice: 451813-6","og_url":"http:\/\/dafinoo.eu\/mirmar\/obchod\/uh200dwx\/","og_site_name":"MIR-MAR","article_publisher":"https:\/\/facebook.com\/mirmareshop","article_modified_time":"2021-04-21T13:53:46+00:00","og_image":[{"width":240,"height":200,"url":"https:\/\/i1.wp.com\/www.mirmar.sk\/wp-content\/uploads\/2021\/03\/uh200dwx_1.jpg?fit=240%2C200&ssl=1","type":"image\/jpeg"}],"schema":{"@context":"https:\/\/schema.org","@graph":[{"@type":"WebPage","@id":"http:\/\/dafinoo.eu\/mirmar\/obchod\/uh200dwx\/","url":"http:\/\/dafinoo.eu\/mirmar\/obchod\/uh200dwx\/","name":"Dolmar UH200DWX - MIR-MAR","isPartOf":{"@id":"http:\/\/dafinoo.eu\/mirmar\/#website"},"primaryImageOfPage":{"@id":"http:\/\/dafinoo.eu\/mirmar\/obchod\/uh200dwx\/#primaryimage"},"image":{"@id":"http:\/\/dafinoo.eu\/mirmar\/obchod\/uh200dwx\/#primaryimage"},"thumbnailUrl":"http:\/\/dafinoo.eu\/mirmar\/wp-content\/uploads\/2021\/03\/uh200dwx_1.jpg","datePublished":"2021-03-15T16:24:36+00:00","dateModified":"2021-04-21T13:53:46+00:00","breadcrumb":{"@id":"http:\/\/dafinoo.eu\/mirmar\/obchod\/uh200dwx\/#breadcrumb"},"inLanguage":"sk-SK","potentialAction":[{"@type":"ReadAction","target":["http:\/\/dafinoo.eu\/mirmar\/obchod\/uh200dwx\/"]}]},{"@type":"ImageObject","inLanguage":"sk-SK","@id":"http:\/\/dafinoo.eu\/mirmar\/obchod\/uh200dwx\/#primaryimage","url":"http:\/\/dafinoo.eu\/mirmar\/wp-content\/uploads\/2021\/03\/uh200dwx_1.jpg","contentUrl":"http:\/\/dafinoo.eu\/mirmar\/wp-content\/uploads\/2021\/03\/uh200dwx_1.jpg","width":240,"height":200},{"@type":"BreadcrumbList","@id":"http:\/\/dafinoo.eu\/mirmar\/obchod\/uh200dwx\/#breadcrumb","itemListElement":[{"@type":"ListItem","position":1,"name":"Domovsk\u00e1 str\u00e1nka","item":"http:\/\/dafinoo.eu\/mirmar\/"},{"@type":"ListItem","position":2,"name":"Obchod","item":"http:\/\/dafinoo.eu\/mirmar\/obchod\/"},{"@type":"ListItem","position":3,"name":"Dolmar UH200DWX"}]},{"@type":"WebSite","@id":"http:\/\/dafinoo.eu\/mirmar\/#website","url":"http:\/\/dafinoo.eu\/mirmar\/","name":"MIR-MAR","description":"Eshop s n\u00e1rad\u00edm","publisher":{"@id":"http:\/\/dafinoo.eu\/mirmar\/#organization"},"potentialAction":[{"@type":"SearchAction","target":{"@type":"EntryPoint","urlTemplate":"http:\/\/dafinoo.eu\/mirmar\/?s={search_term_string}"},"query-input":{"@type":"PropertyValueSpecification","valueRequired":true,"valueName":"search_term_string"}}],"inLanguage":"sk-SK"},{"@type":"Organization","@id":"http:\/\/dafinoo.eu\/mirmar\/#organization","name":"MIR-MAR","url":"http:\/\/dafinoo.eu\/mirmar\/","logo":{"@type":"ImageObject","inLanguage":"sk-SK","@id":"http:\/\/dafinoo.eu\/mirmar\/#\/schema\/logo\/image\/","url":"http:\/\/dafinoo.eu\/mirmar\/wp-content\/uploads\/2021\/03\/mirmar_logo.png","contentUrl":"http:\/\/dafinoo.eu\/mirmar\/wp-content\/uploads\/2021\/03\/mirmar_logo.png","width":256,"height":60,"caption":"MIR-MAR"},"image":{"@id":"http:\/\/dafinoo.eu\/mirmar\/#\/schema\/logo\/image\/"},"sameAs":["https:\/\/facebook.com\/mirmareshop"]}]}},"_links":{"self":[{"href":"http:\/\/dafinoo.eu\/mirmar\/wp-json\/wp\/v2\/product\/36691","targetHints":{"allow":["GET"]}}],"collection":[{"href":"http:\/\/dafinoo.eu\/mirmar\/wp-json\/wp\/v2\/product"}],"about":[{"href":"http:\/\/dafinoo.eu\/mirmar\/wp-json\/wp\/v2\/types\/product"}],"replies":[{"embeddable":true,"href":"http:\/\/dafinoo.eu\/mirmar\/wp-json\/wp\/v2\/comments?post=36691"}],"wp:featuredmedia":[{"embeddable":true,"href":"http:\/\/dafinoo.eu\/mirmar\/wp-json\/wp\/v2\/media\/36692"}],"wp:attachment":[{"href":"http:\/\/dafinoo.eu\/mirmar\/wp-json\/wp\/v2\/media?parent=36691"}],"wp:term":[{"taxonomy":"product_cat","embeddable":true,"href":"http:\/\/dafinoo.eu\/mirmar\/wp-json\/wp\/v2\/product_cat?post=36691"},{"taxonomy":"product_tag","embeddable":true,"href":"http:\/\/dafinoo.eu\/mirmar\/wp-json\/wp\/v2\/product_tag?post=36691"}],"curies":[{"name":"wp","href":"https:\/\/api.w.org\/{rel}","templated":true}]}}