{"id":36729,"date":"2021-03-15T17:24:45","date_gmt":"2021-03-15T16:24:45","guid":{"rendered":"http:\/\/dafinoo.eu\/mirmar\/product\/gws-24-230-lvi-professional\/"},"modified":"2021-04-21T15:28:49","modified_gmt":"2021-04-21T13:28:49","slug":"gws-24-230-lvi-professional","status":"publish","type":"product","link":"http:\/\/dafinoo.eu\/mirmar\/obchod\/gws-24-230-lvi-professional\/","title":{"rendered":"Bosch GWS 24-230 LVI Professional"},"content":{"rendered":"<p>Prednosti: GWS 24-230 LVI Professional<br \/>\nS najvy\u0161\u0161\u00edm v\u00fdkonom pri najni\u017e\u0161ej hmotnosti<\/p>\n<p>    * V\u00fdkonn\u00fd motor Champion s pr\u00edkonom 2 400 W a oto\u010dn\u00e1 obl\u00fakov\u00e1 rukov\u00e4\u0165<br \/>\n    * S najni\u017e\u0161ou hmotnos\u0165ou vo svojej triede<br \/>\n    * V\u010faka tlmeniu vibr\u00e1ci\u00ed Vibration Control na hlavnej a pr\u00eddavnej rukov\u00e4ti s\u00fa vibr\u00e1cie a\u017e o 50 % men\u0161ie &#8211; pr\u00e1ca je t\u00fdm menej unavuj\u00faca (EN 60745)<br \/>\n    * KickBack Stop (r\u00e1zov\u00e1 brzda): rozpozn\u00e1 zablokovanie kot\u00fa\u010da a okam\u017eite vypne n\u00e1radie<br \/>\n    * Ochrana pred op\u00e4tovn\u00fdm zapnut\u00edm br\u00e1ni samovo\u013en\u00e9mu spusteniu n\u00e1radia po v\u00fdpadku pr\u00fadu<br \/>\n    * Obmedzova\u010d rozbehov\u00e9ho pr\u00fadu a plynul\u00fd rozbeh n\u00e1radia<br \/>\n    * Ochrann\u00fd kryt zaisten\u00fd proti ot\u00e1\u010daniu s r\u00fdchlym nastaven\u00edm \u2013 spo\u013eahlivo chr\u00e1ni pou\u017e\u00edvate\u013ea pri zlomen\u00ed br\u00fasneho kot\u00fa\u010da<br \/>\n    * M\u00e4kk\u00e1 tlmiaca vlo\u017eka pre pr\u00edjemn\u00fa manipul\u00e1ciu s n\u00e1rad\u00edm<br \/>\n    * Pancierovan\u00e9 vinutie chr\u00e1ni motor pred ostr\u00fdm br\u00fasnym prachom a zaru\u010duje dlh\u00fa \u017eivotnos\u0165<\/p>\n","protected":false},"excerpt":{"rendered":"<p>Technick\u00e9 parametre: GWS 24-230 LVI Professional<br \/>\nMenovit\u00fd pr\u00edkon \t2.400 W<br \/>\nVo\u013enobe\u017en\u00e9 ot\u00e1\u010dky \t6.500 min-1<br \/>\nZ\u00e1vit br\u00fasneho vretena \tM 14<br \/>\nHlavn\u00e1 rukov\u00e4\u0165 \tObl\u00fak (oto\u010dn\u00fd)<br \/>\n\u00d8 kot\u00fa\u010da \t230 mm<br \/>\nHmotnos\u0165 \t5,5 kg<br \/>\nFunkcie<\/p>\n<p>    * Obmedzova\u010d rozbehov\u00e9ho pr\u00fadu<br \/>\n    * Motor Champion<br \/>\n    * Vyp\u00ednanie pri sp\u00e4tnom r\u00e1ze<br \/>\n    * Plynul\u00fd rozbeh<br \/>\n    * Ochrann\u00fd kryt s poistkou proti preto\u010deniu<br \/>\n    * Hlavn\u00e1 rukov\u00e4\u0165 s tlmen\u00edm vibr\u00e1ci\u00ed Vibration Control<br \/>\n    * Ochrana proti spusteniu<\/p>\n<p>Inform\u00e1cia o hlu\u010dnosti a vibr\u00e1ci\u00e1ch<\/p>\n<p>Hodnoty merania zisten\u00e9 pod\u013ea EN 60745<br \/>\nCelkov\u00e9 hodnoty vibr\u00e1ci\u00ed (s\u00fa\u010det vektorov v troch smeroch)<br \/>\nObrusovanie povrchovej plochy (hrubovanie)<br \/>\nHodnota emisie vibr\u00e1ci\u00ed ah \t4.5 m\/s\u00b2<br \/>\nNepresnos\u0165 K \t1.5 m\/s\u00b2<br \/>\nBr\u00fasenie s br\u00fasnym listom<br \/>\nHodnota emisie vibr\u00e1ci\u00ed ah \t3.5 m\/s\u00b2<br \/>\nNepresnos\u0165 K \t1.5 m\/s\u00b2<\/p>\n<p>\u00darove\u0148 hluku elektrick\u00e9ho n\u00e1radia s hodnoten\u00edm A je typicky: hladina akustick\u00e9ho tlaku 92 dB(A); hladina akustick\u00e9ho v\u00fdkonu 103 dB(A). Neistota K= 3 dB.<\/p>\n","protected":false},"featured_media":36730,"comment_status":"closed","ping_status":"open","template":"","meta":{"_lmt_disableupdate":"","_lmt_disable":""},"product_cat":[3212,3210,3106],"product_tag":[],"class_list":{"0":"post-36729","1":"product","2":"type-product","3":"status-publish","4":"has-post-thumbnail","6":"product_cat-velke-uhlove-brusky","7":"product_cat-uhlove-brusky-opracuvanie-kovov","8":"product_cat-bosch","9":"ts_product_brand-bosh","11":"first","12":"instock","13":"taxable","14":"shipping-taxable","15":"purchasable","16":"product-type-simple"},"yoast_head":"<!-- This site is optimized with the Yoast SEO plugin v27.3 - https:\/\/yoast.com\/product\/yoast-seo-wordpress\/ -->\n<title>Bosch GWS 24-230 LVI Professional - MIR-MAR<\/title>\n<meta name=\"robots\" content=\"index, follow, max-snippet:-1, max-image-preview:large, max-video-preview:-1\" \/>\n<link rel=\"canonical\" href=\"http:\/\/dafinoo.eu\/mirmar\/obchod\/gws-24-230-lvi-professional\/\" \/>\n<meta property=\"og:locale\" content=\"sk_SK\" \/>\n<meta property=\"og:type\" content=\"article\" \/>\n<meta property=\"og:title\" content=\"Bosch GWS 24-230 LVI Professional - MIR-MAR\" \/>\n<meta property=\"og:description\" content=\"Technick\u00e9 parametre: GWS 24-230 LVI Professional Menovit\u00fd pr\u00edkon 2.400 W Vo\u013enobe\u017en\u00e9 ot\u00e1\u010dky 6.500 min-1 Z\u00e1vit br\u00fasneho vretena M 14 Hlavn\u00e1 rukov\u00e4\u0165 Obl\u00fak (oto\u010dn\u00fd) \u00d8 kot\u00fa\u010da 230 mm Hmotnos\u0165 5,5 kg Funkcie   * Obmedzova\u010d rozbehov\u00e9ho pr\u00fadu   * Motor Champion   * Vyp\u00ednanie pri sp\u00e4tnom r\u00e1ze   * Plynul\u00fd rozbeh   * Ochrann\u00fd kryt s poistkou proti preto\u010deniu   * Hlavn\u00e1 rukov\u00e4\u0165 s tlmen\u00edm vibr\u00e1ci\u00ed Vibration Control   * Ochrana proti spusteniu Inform\u00e1cia o hlu\u010dnosti a vibr\u00e1ci\u00e1ch Hodnoty merania zisten\u00e9 pod\u013ea EN 60745 Celkov\u00e9 hodnoty vibr\u00e1ci\u00ed (s\u00fa\u010det vektorov v troch smeroch) Obrusovanie povrchovej plochy (hrubovanie)  Hodnota emisie vibr\u00e1ci\u00ed ah 4.5 m\/s\u00b2 Nepresnos\u0165 K 1.5 m\/s\u00b2 Br\u00fasenie s br\u00fasnym listom  Hodnota emisie vibr\u00e1ci\u00ed ah 3.5 m\/s\u00b2 Nepresnos\u0165 K 1.5 m\/s\u00b2 \u00darove\u0148 hluku elektrick\u00e9ho n\u00e1radia s hodnoten\u00edm A je typicky: hladina akustick\u00e9ho tlaku 92 dB(A); hladina akustick\u00e9ho v\u00fdkonu 103 dB(A). Neistota K= 3 dB.\" \/>\n<meta property=\"og:url\" content=\"http:\/\/dafinoo.eu\/mirmar\/obchod\/gws-24-230-lvi-professional\/\" \/>\n<meta property=\"og:site_name\" content=\"MIR-MAR\" \/>\n<meta property=\"article:publisher\" content=\"https:\/\/facebook.com\/mirmareshop\" \/>\n<meta property=\"article:modified_time\" content=\"2021-04-21T13:28:49+00:00\" \/>\n<meta property=\"og:image\" content=\"https:\/\/i2.wp.com\/www.mirmar.sk\/wp-content\/uploads\/2021\/03\/gws_24-230_lvi_professional_1.jpg?fit=312%2C161&ssl=1\" \/>\n\t<meta property=\"og:image:width\" content=\"312\" \/>\n\t<meta property=\"og:image:height\" content=\"161\" \/>\n\t<meta property=\"og:image:type\" content=\"image\/jpeg\" \/>\n<meta name=\"twitter:label1\" content=\"Predpokladan\u00fd \u010das \u010d\u00edtania\" \/>\n\t<meta name=\"twitter:data1\" content=\"1 min\u00fata\" \/>\n<script type=\"application\/ld+json\" class=\"yoast-schema-graph\">{\"@context\":\"https:\\\/\\\/schema.org\",\"@graph\":[{\"@type\":\"WebPage\",\"@id\":\"http:\\\/\\\/dafinoo.eu\\\/mirmar\\\/obchod\\\/gws-24-230-lvi-professional\\\/\",\"url\":\"http:\\\/\\\/dafinoo.eu\\\/mirmar\\\/obchod\\\/gws-24-230-lvi-professional\\\/\",\"name\":\"Bosch GWS 24-230 LVI Professional - MIR-MAR\",\"isPartOf\":{\"@id\":\"http:\\\/\\\/dafinoo.eu\\\/mirmar\\\/#website\"},\"primaryImageOfPage\":{\"@id\":\"http:\\\/\\\/dafinoo.eu\\\/mirmar\\\/obchod\\\/gws-24-230-lvi-professional\\\/#primaryimage\"},\"image\":{\"@id\":\"http:\\\/\\\/dafinoo.eu\\\/mirmar\\\/obchod\\\/gws-24-230-lvi-professional\\\/#primaryimage\"},\"thumbnailUrl\":\"http:\\\/\\\/dafinoo.eu\\\/mirmar\\\/wp-content\\\/uploads\\\/2021\\\/03\\\/gws_24-230_lvi_professional_1.jpg\",\"datePublished\":\"2021-03-15T16:24:45+00:00\",\"dateModified\":\"2021-04-21T13:28:49+00:00\",\"breadcrumb\":{\"@id\":\"http:\\\/\\\/dafinoo.eu\\\/mirmar\\\/obchod\\\/gws-24-230-lvi-professional\\\/#breadcrumb\"},\"inLanguage\":\"sk-SK\",\"potentialAction\":[{\"@type\":\"ReadAction\",\"target\":[\"http:\\\/\\\/dafinoo.eu\\\/mirmar\\\/obchod\\\/gws-24-230-lvi-professional\\\/\"]}]},{\"@type\":\"ImageObject\",\"inLanguage\":\"sk-SK\",\"@id\":\"http:\\\/\\\/dafinoo.eu\\\/mirmar\\\/obchod\\\/gws-24-230-lvi-professional\\\/#primaryimage\",\"url\":\"http:\\\/\\\/dafinoo.eu\\\/mirmar\\\/wp-content\\\/uploads\\\/2021\\\/03\\\/gws_24-230_lvi_professional_1.jpg\",\"contentUrl\":\"http:\\\/\\\/dafinoo.eu\\\/mirmar\\\/wp-content\\\/uploads\\\/2021\\\/03\\\/gws_24-230_lvi_professional_1.jpg\",\"width\":312,\"height\":161},{\"@type\":\"BreadcrumbList\",\"@id\":\"http:\\\/\\\/dafinoo.eu\\\/mirmar\\\/obchod\\\/gws-24-230-lvi-professional\\\/#breadcrumb\",\"itemListElement\":[{\"@type\":\"ListItem\",\"position\":1,\"name\":\"Domovsk\u00e1 str\u00e1nka\",\"item\":\"http:\\\/\\\/dafinoo.eu\\\/mirmar\\\/\"},{\"@type\":\"ListItem\",\"position\":2,\"name\":\"Obchod\",\"item\":\"http:\\\/\\\/dafinoo.eu\\\/mirmar\\\/obchod\\\/\"},{\"@type\":\"ListItem\",\"position\":3,\"name\":\"Bosch GWS 24-230 LVI Professional\"}]},{\"@type\":\"WebSite\",\"@id\":\"http:\\\/\\\/dafinoo.eu\\\/mirmar\\\/#website\",\"url\":\"http:\\\/\\\/dafinoo.eu\\\/mirmar\\\/\",\"name\":\"MIR-MAR\",\"description\":\"Eshop s n\u00e1rad\u00edm\",\"publisher\":{\"@id\":\"http:\\\/\\\/dafinoo.eu\\\/mirmar\\\/#organization\"},\"potentialAction\":[{\"@type\":\"SearchAction\",\"target\":{\"@type\":\"EntryPoint\",\"urlTemplate\":\"http:\\\/\\\/dafinoo.eu\\\/mirmar\\\/?s={search_term_string}\"},\"query-input\":{\"@type\":\"PropertyValueSpecification\",\"valueRequired\":true,\"valueName\":\"search_term_string\"}}],\"inLanguage\":\"sk-SK\"},{\"@type\":\"Organization\",\"@id\":\"http:\\\/\\\/dafinoo.eu\\\/mirmar\\\/#organization\",\"name\":\"MIR-MAR\",\"url\":\"http:\\\/\\\/dafinoo.eu\\\/mirmar\\\/\",\"logo\":{\"@type\":\"ImageObject\",\"inLanguage\":\"sk-SK\",\"@id\":\"http:\\\/\\\/dafinoo.eu\\\/mirmar\\\/#\\\/schema\\\/logo\\\/image\\\/\",\"url\":\"http:\\\/\\\/dafinoo.eu\\\/mirmar\\\/wp-content\\\/uploads\\\/2021\\\/03\\\/mirmar_logo.png\",\"contentUrl\":\"http:\\\/\\\/dafinoo.eu\\\/mirmar\\\/wp-content\\\/uploads\\\/2021\\\/03\\\/mirmar_logo.png\",\"width\":256,\"height\":60,\"caption\":\"MIR-MAR\"},\"image\":{\"@id\":\"http:\\\/\\\/dafinoo.eu\\\/mirmar\\\/#\\\/schema\\\/logo\\\/image\\\/\"},\"sameAs\":[\"https:\\\/\\\/facebook.com\\\/mirmareshop\"]}]}<\/script>\n<!-- \/ Yoast SEO plugin. -->","yoast_head_json":{"title":"Bosch GWS 24-230 LVI Professional - MIR-MAR","robots":{"index":"index","follow":"follow","max-snippet":"max-snippet:-1","max-image-preview":"max-image-preview:large","max-video-preview":"max-video-preview:-1"},"canonical":"http:\/\/dafinoo.eu\/mirmar\/obchod\/gws-24-230-lvi-professional\/","og_locale":"sk_SK","og_type":"article","og_title":"Bosch GWS 24-230 LVI Professional - MIR-MAR","og_description":"Technick\u00e9 parametre: GWS 24-230 LVI Professional Menovit\u00fd pr\u00edkon 2.400 W Vo\u013enobe\u017en\u00e9 ot\u00e1\u010dky 6.500 min-1 Z\u00e1vit br\u00fasneho vretena M 14 Hlavn\u00e1 rukov\u00e4\u0165 Obl\u00fak (oto\u010dn\u00fd) \u00d8 kot\u00fa\u010da 230 mm Hmotnos\u0165 5,5 kg Funkcie   * Obmedzova\u010d rozbehov\u00e9ho pr\u00fadu   * Motor Champion   * Vyp\u00ednanie pri sp\u00e4tnom r\u00e1ze   * Plynul\u00fd rozbeh   * Ochrann\u00fd kryt s poistkou proti preto\u010deniu   * Hlavn\u00e1 rukov\u00e4\u0165 s tlmen\u00edm vibr\u00e1ci\u00ed Vibration Control   * Ochrana proti spusteniu Inform\u00e1cia o hlu\u010dnosti a vibr\u00e1ci\u00e1ch Hodnoty merania zisten\u00e9 pod\u013ea EN 60745 Celkov\u00e9 hodnoty vibr\u00e1ci\u00ed (s\u00fa\u010det vektorov v troch smeroch) Obrusovanie povrchovej plochy (hrubovanie)  Hodnota emisie vibr\u00e1ci\u00ed ah 4.5 m\/s\u00b2 Nepresnos\u0165 K 1.5 m\/s\u00b2 Br\u00fasenie s br\u00fasnym listom  Hodnota emisie vibr\u00e1ci\u00ed ah 3.5 m\/s\u00b2 Nepresnos\u0165 K 1.5 m\/s\u00b2 \u00darove\u0148 hluku elektrick\u00e9ho n\u00e1radia s hodnoten\u00edm A je typicky: hladina akustick\u00e9ho tlaku 92 dB(A); hladina akustick\u00e9ho v\u00fdkonu 103 dB(A). Neistota K= 3 dB.","og_url":"http:\/\/dafinoo.eu\/mirmar\/obchod\/gws-24-230-lvi-professional\/","og_site_name":"MIR-MAR","article_publisher":"https:\/\/facebook.com\/mirmareshop","article_modified_time":"2021-04-21T13:28:49+00:00","og_image":[{"width":312,"height":161,"url":"https:\/\/i2.wp.com\/www.mirmar.sk\/wp-content\/uploads\/2021\/03\/gws_24-230_lvi_professional_1.jpg?fit=312%2C161&ssl=1","type":"image\/jpeg"}],"twitter_misc":{"Predpokladan\u00fd \u010das \u010d\u00edtania":"1 min\u00fata"},"schema":{"@context":"https:\/\/schema.org","@graph":[{"@type":"WebPage","@id":"http:\/\/dafinoo.eu\/mirmar\/obchod\/gws-24-230-lvi-professional\/","url":"http:\/\/dafinoo.eu\/mirmar\/obchod\/gws-24-230-lvi-professional\/","name":"Bosch GWS 24-230 LVI Professional - MIR-MAR","isPartOf":{"@id":"http:\/\/dafinoo.eu\/mirmar\/#website"},"primaryImageOfPage":{"@id":"http:\/\/dafinoo.eu\/mirmar\/obchod\/gws-24-230-lvi-professional\/#primaryimage"},"image":{"@id":"http:\/\/dafinoo.eu\/mirmar\/obchod\/gws-24-230-lvi-professional\/#primaryimage"},"thumbnailUrl":"http:\/\/dafinoo.eu\/mirmar\/wp-content\/uploads\/2021\/03\/gws_24-230_lvi_professional_1.jpg","datePublished":"2021-03-15T16:24:45+00:00","dateModified":"2021-04-21T13:28:49+00:00","breadcrumb":{"@id":"http:\/\/dafinoo.eu\/mirmar\/obchod\/gws-24-230-lvi-professional\/#breadcrumb"},"inLanguage":"sk-SK","potentialAction":[{"@type":"ReadAction","target":["http:\/\/dafinoo.eu\/mirmar\/obchod\/gws-24-230-lvi-professional\/"]}]},{"@type":"ImageObject","inLanguage":"sk-SK","@id":"http:\/\/dafinoo.eu\/mirmar\/obchod\/gws-24-230-lvi-professional\/#primaryimage","url":"http:\/\/dafinoo.eu\/mirmar\/wp-content\/uploads\/2021\/03\/gws_24-230_lvi_professional_1.jpg","contentUrl":"http:\/\/dafinoo.eu\/mirmar\/wp-content\/uploads\/2021\/03\/gws_24-230_lvi_professional_1.jpg","width":312,"height":161},{"@type":"BreadcrumbList","@id":"http:\/\/dafinoo.eu\/mirmar\/obchod\/gws-24-230-lvi-professional\/#breadcrumb","itemListElement":[{"@type":"ListItem","position":1,"name":"Domovsk\u00e1 str\u00e1nka","item":"http:\/\/dafinoo.eu\/mirmar\/"},{"@type":"ListItem","position":2,"name":"Obchod","item":"http:\/\/dafinoo.eu\/mirmar\/obchod\/"},{"@type":"ListItem","position":3,"name":"Bosch GWS 24-230 LVI Professional"}]},{"@type":"WebSite","@id":"http:\/\/dafinoo.eu\/mirmar\/#website","url":"http:\/\/dafinoo.eu\/mirmar\/","name":"MIR-MAR","description":"Eshop s n\u00e1rad\u00edm","publisher":{"@id":"http:\/\/dafinoo.eu\/mirmar\/#organization"},"potentialAction":[{"@type":"SearchAction","target":{"@type":"EntryPoint","urlTemplate":"http:\/\/dafinoo.eu\/mirmar\/?s={search_term_string}"},"query-input":{"@type":"PropertyValueSpecification","valueRequired":true,"valueName":"search_term_string"}}],"inLanguage":"sk-SK"},{"@type":"Organization","@id":"http:\/\/dafinoo.eu\/mirmar\/#organization","name":"MIR-MAR","url":"http:\/\/dafinoo.eu\/mirmar\/","logo":{"@type":"ImageObject","inLanguage":"sk-SK","@id":"http:\/\/dafinoo.eu\/mirmar\/#\/schema\/logo\/image\/","url":"http:\/\/dafinoo.eu\/mirmar\/wp-content\/uploads\/2021\/03\/mirmar_logo.png","contentUrl":"http:\/\/dafinoo.eu\/mirmar\/wp-content\/uploads\/2021\/03\/mirmar_logo.png","width":256,"height":60,"caption":"MIR-MAR"},"image":{"@id":"http:\/\/dafinoo.eu\/mirmar\/#\/schema\/logo\/image\/"},"sameAs":["https:\/\/facebook.com\/mirmareshop"]}]}},"_links":{"self":[{"href":"http:\/\/dafinoo.eu\/mirmar\/wp-json\/wp\/v2\/product\/36729","targetHints":{"allow":["GET"]}}],"collection":[{"href":"http:\/\/dafinoo.eu\/mirmar\/wp-json\/wp\/v2\/product"}],"about":[{"href":"http:\/\/dafinoo.eu\/mirmar\/wp-json\/wp\/v2\/types\/product"}],"replies":[{"embeddable":true,"href":"http:\/\/dafinoo.eu\/mirmar\/wp-json\/wp\/v2\/comments?post=36729"}],"wp:featuredmedia":[{"embeddable":true,"href":"http:\/\/dafinoo.eu\/mirmar\/wp-json\/wp\/v2\/media\/36730"}],"wp:attachment":[{"href":"http:\/\/dafinoo.eu\/mirmar\/wp-json\/wp\/v2\/media?parent=36729"}],"wp:term":[{"taxonomy":"product_cat","embeddable":true,"href":"http:\/\/dafinoo.eu\/mirmar\/wp-json\/wp\/v2\/product_cat?post=36729"},{"taxonomy":"product_tag","embeddable":true,"href":"http:\/\/dafinoo.eu\/mirmar\/wp-json\/wp\/v2\/product_tag?post=36729"}],"curies":[{"name":"wp","href":"https:\/\/api.w.org\/{rel}","templated":true}]}}