{"id":36739,"date":"2021-03-15T17:24:45","date_gmt":"2021-03-15T16:24:45","guid":{"rendered":"http:\/\/dafinoo.eu\/mirmar\/product\/gws-7-115-e-professional\/"},"modified":"2021-04-21T15:28:41","modified_gmt":"2021-04-21T13:28:41","slug":"gws-7-115-e-professional","status":"publish","type":"product","link":"http:\/\/dafinoo.eu\/mirmar\/obchod\/gws-7-115-e-professional\/","title":{"rendered":"Bosch GWS 7-115 E Professional"},"content":{"rendered":"<p>Prednosti: GWS 7-115 E Professional<br \/>\nNajmen\u0161\u00ed \u00fachopov\u00fd obvod pri sile 720 W<\/p>\n<p>    * Najmen\u0161\u00ed \u00fachopov\u00fd obvod (176 mm) v porovnan\u00ed s in\u00fdmi uhlov\u00fdmi br\u00faskami v tejto v\u00fdkonovej triede &#8211; pre obzvl\u00e1\u0161\u0165 pr\u00edjemn\u00fa pr\u00e1cu<br \/>\n    * Vysokov\u00fdkonn\u00fd 720 W motor pri hmotnosti len 1,9 kg na pr\u00e1cu pri trvalom nasaden\u00ed<br \/>\n    * Ploch\u00e1 hlava prevodovky na komfortn\u00fa pr\u00e1cu aj na \u00fazkych miestach<br \/>\n    * \u0160peci\u00e1lne vyvinut\u00e9 otvory pre vstup vzduchu na optim\u00e1lne chladenie motora pre dlh\u0161iu \u017eivotnos\u0165<br \/>\n    * Ochrann\u00fd kryt zabezpe\u010den\u00fd proti pret\u00e1\u010daniu &#8211; na ve\u013ek\u00fa ochranu pou\u017e\u00edvate\u013ea<br \/>\n    * Bezpe\u010dnostn\u00fd vyp\u00edna\u010d Bosch sa postar\u00e1 o kontrolovan\u00e9 zap\u00ednanie stroja \u2013 na v\u00e4\u010d\u0161iu ochranu pou\u017e\u00edvate\u013ea<\/p>\n","protected":false},"excerpt":{"rendered":"<p>Technick\u00e9 parametre: GWS 7-115 E Professional<br \/>\nMenovit\u00fd pr\u00edkon\t720 W<br \/>\nVo\u013enobe\u017en\u00e9 ot\u00e1\u010dky\t2.800 \u2013 11.000 min-1<br \/>\nV\u00fdkon\t300 W<br \/>\nZ\u00e1vit br\u00fasneho vretena\tM 14<br \/>\n\u00d8 kot\u00fa\u010da\t115 mm<br \/>\nGumen\u00fd br\u00fasny tanier, \u00d8\t115 mm<br \/>\nMiskovit\u00e1 kefa, \u00d8\t75 mm<br \/>\nHmotnos\u0165\t1,9 kg<br \/>\nFunkcie<\/p>\n<p>    * Motor Champion<br \/>\n    * Priame chladenie<br \/>\n    * Ochrann\u00fd kryt s poistkou proti preto\u010deniu<\/p>\n<p>Inform\u00e1cia o hlu\u010dnosti a vibr\u00e1ci\u00e1ch<\/p>\n<p>Hodnoty merania zisten\u00e9 pod\u013ea EN 60745<br \/>\nCelkov\u00e9 hodnoty vibr\u00e1ci\u00ed (s\u00fa\u010det vektorov v troch smeroch)<br \/>\nObrusovanie povrchovej plochy (hrubovanie)<br \/>\nHodnota emisie vibr\u00e1ci\u00ed ah\t6.5 m\/s\u00b2<br \/>\nNepresnos\u0165 K\t1.5 m\/s\u00b2<br \/>\nBr\u00fasenie s br\u00fasnym listom<br \/>\nHodnota emisie vibr\u00e1ci\u00ed ah\t3.5 m\/s\u00b2<br \/>\nNepresnos\u0165 K\t1.5 m\/s\u00b2<\/p>\n<p>\u00darove\u0148 hluku elektrick\u00e9ho n\u00e1radia s hodnoten\u00edm A je typicky: hladina akustick\u00e9ho tlaku 91 dB(A); hladina akustick\u00e9ho v\u00fdkonu 102 dB(A). Neistota K= 3 dB.<\/p>\n","protected":false},"featured_media":0,"comment_status":"closed","ping_status":"open","template":"","meta":{"_lmt_disableupdate":"","_lmt_disable":""},"product_cat":[3213,3210,3106],"product_tag":[],"class_list":{"0":"post-36739","1":"product","2":"type-product","3":"status-publish","5":"product_cat-male-uhlove-brusky","6":"product_cat-uhlove-brusky-opracuvanie-kovov","7":"product_cat-bosch","8":"ts_product_brand-bosh","10":"first","11":"instock","12":"taxable","13":"shipping-taxable","14":"purchasable","15":"product-type-simple"},"yoast_head":"<!-- This site is optimized with the Yoast SEO plugin v27.3 - https:\/\/yoast.com\/product\/yoast-seo-wordpress\/ -->\n<title>Bosch GWS 7-115 E Professional - MIR-MAR<\/title>\n<meta name=\"robots\" content=\"index, follow, max-snippet:-1, max-image-preview:large, max-video-preview:-1\" \/>\n<link rel=\"canonical\" href=\"http:\/\/dafinoo.eu\/mirmar\/obchod\/gws-7-115-e-professional\/\" \/>\n<meta property=\"og:locale\" content=\"sk_SK\" \/>\n<meta property=\"og:type\" content=\"article\" \/>\n<meta property=\"og:title\" content=\"Bosch GWS 7-115 E Professional - MIR-MAR\" \/>\n<meta property=\"og:description\" content=\"Technick\u00e9 parametre: GWS 7-115 E Professional Menovit\u00fd pr\u00edkon 720 W Vo\u013enobe\u017en\u00e9 ot\u00e1\u010dky 2.800 \u2013 11.000 min-1 V\u00fdkon 300 W Z\u00e1vit br\u00fasneho vretena M 14 \u00d8 kot\u00fa\u010da 115 mm Gumen\u00fd br\u00fasny tanier, \u00d8 115 mm Miskovit\u00e1 kefa, \u00d8 75 mm Hmotnos\u0165 1,9 kg Funkcie   * Motor Champion   * Priame chladenie   * Ochrann\u00fd kryt s poistkou proti preto\u010deniu Inform\u00e1cia o hlu\u010dnosti a vibr\u00e1ci\u00e1ch Hodnoty merania zisten\u00e9 pod\u013ea EN 60745 Celkov\u00e9 hodnoty vibr\u00e1ci\u00ed (s\u00fa\u010det vektorov v troch smeroch) Obrusovanie povrchovej plochy (hrubovanie) Hodnota emisie vibr\u00e1ci\u00ed ah 6.5 m\/s\u00b2 Nepresnos\u0165 K 1.5 m\/s\u00b2 Br\u00fasenie s br\u00fasnym listom Hodnota emisie vibr\u00e1ci\u00ed ah 3.5 m\/s\u00b2 Nepresnos\u0165 K 1.5 m\/s\u00b2 \u00darove\u0148 hluku elektrick\u00e9ho n\u00e1radia s hodnoten\u00edm A je typicky: hladina akustick\u00e9ho tlaku 91 dB(A); hladina akustick\u00e9ho v\u00fdkonu 102 dB(A). Neistota K= 3 dB.\" \/>\n<meta property=\"og:url\" content=\"http:\/\/dafinoo.eu\/mirmar\/obchod\/gws-7-115-e-professional\/\" \/>\n<meta property=\"og:site_name\" content=\"MIR-MAR\" \/>\n<meta property=\"article:publisher\" content=\"https:\/\/facebook.com\/mirmareshop\" \/>\n<meta property=\"article:modified_time\" content=\"2021-04-21T13:28:41+00:00\" \/>\n<meta property=\"og:image\" content=\"http:\/\/dafinoo.eu\/mirmar\/wp-content\/uploads\/2021\/03\/mirmar_logo.png\" \/>\n\t<meta property=\"og:image:width\" content=\"256\" \/>\n\t<meta property=\"og:image:height\" content=\"60\" \/>\n\t<meta property=\"og:image:type\" content=\"image\/png\" \/>\n<meta name=\"twitter:label1\" content=\"Predpokladan\u00fd \u010das \u010d\u00edtania\" \/>\n\t<meta name=\"twitter:data1\" content=\"1 min\u00fata\" \/>\n<script type=\"application\/ld+json\" class=\"yoast-schema-graph\">{\"@context\":\"https:\\\/\\\/schema.org\",\"@graph\":[{\"@type\":\"WebPage\",\"@id\":\"http:\\\/\\\/dafinoo.eu\\\/mirmar\\\/obchod\\\/gws-7-115-e-professional\\\/\",\"url\":\"http:\\\/\\\/dafinoo.eu\\\/mirmar\\\/obchod\\\/gws-7-115-e-professional\\\/\",\"name\":\"Bosch GWS 7-115 E Professional - MIR-MAR\",\"isPartOf\":{\"@id\":\"http:\\\/\\\/dafinoo.eu\\\/mirmar\\\/#website\"},\"datePublished\":\"2021-03-15T16:24:45+00:00\",\"dateModified\":\"2021-04-21T13:28:41+00:00\",\"breadcrumb\":{\"@id\":\"http:\\\/\\\/dafinoo.eu\\\/mirmar\\\/obchod\\\/gws-7-115-e-professional\\\/#breadcrumb\"},\"inLanguage\":\"sk-SK\",\"potentialAction\":[{\"@type\":\"ReadAction\",\"target\":[\"http:\\\/\\\/dafinoo.eu\\\/mirmar\\\/obchod\\\/gws-7-115-e-professional\\\/\"]}]},{\"@type\":\"BreadcrumbList\",\"@id\":\"http:\\\/\\\/dafinoo.eu\\\/mirmar\\\/obchod\\\/gws-7-115-e-professional\\\/#breadcrumb\",\"itemListElement\":[{\"@type\":\"ListItem\",\"position\":1,\"name\":\"Domovsk\u00e1 str\u00e1nka\",\"item\":\"http:\\\/\\\/dafinoo.eu\\\/mirmar\\\/\"},{\"@type\":\"ListItem\",\"position\":2,\"name\":\"Obchod\",\"item\":\"http:\\\/\\\/dafinoo.eu\\\/mirmar\\\/obchod\\\/\"},{\"@type\":\"ListItem\",\"position\":3,\"name\":\"Bosch GWS 7-115 E Professional\"}]},{\"@type\":\"WebSite\",\"@id\":\"http:\\\/\\\/dafinoo.eu\\\/mirmar\\\/#website\",\"url\":\"http:\\\/\\\/dafinoo.eu\\\/mirmar\\\/\",\"name\":\"MIR-MAR\",\"description\":\"Eshop s n\u00e1rad\u00edm\",\"publisher\":{\"@id\":\"http:\\\/\\\/dafinoo.eu\\\/mirmar\\\/#organization\"},\"potentialAction\":[{\"@type\":\"SearchAction\",\"target\":{\"@type\":\"EntryPoint\",\"urlTemplate\":\"http:\\\/\\\/dafinoo.eu\\\/mirmar\\\/?s={search_term_string}\"},\"query-input\":{\"@type\":\"PropertyValueSpecification\",\"valueRequired\":true,\"valueName\":\"search_term_string\"}}],\"inLanguage\":\"sk-SK\"},{\"@type\":\"Organization\",\"@id\":\"http:\\\/\\\/dafinoo.eu\\\/mirmar\\\/#organization\",\"name\":\"MIR-MAR\",\"url\":\"http:\\\/\\\/dafinoo.eu\\\/mirmar\\\/\",\"logo\":{\"@type\":\"ImageObject\",\"inLanguage\":\"sk-SK\",\"@id\":\"http:\\\/\\\/dafinoo.eu\\\/mirmar\\\/#\\\/schema\\\/logo\\\/image\\\/\",\"url\":\"http:\\\/\\\/dafinoo.eu\\\/mirmar\\\/wp-content\\\/uploads\\\/2021\\\/03\\\/mirmar_logo.png\",\"contentUrl\":\"http:\\\/\\\/dafinoo.eu\\\/mirmar\\\/wp-content\\\/uploads\\\/2021\\\/03\\\/mirmar_logo.png\",\"width\":256,\"height\":60,\"caption\":\"MIR-MAR\"},\"image\":{\"@id\":\"http:\\\/\\\/dafinoo.eu\\\/mirmar\\\/#\\\/schema\\\/logo\\\/image\\\/\"},\"sameAs\":[\"https:\\\/\\\/facebook.com\\\/mirmareshop\"]}]}<\/script>\n<!-- \/ Yoast SEO plugin. -->","yoast_head_json":{"title":"Bosch GWS 7-115 E Professional - MIR-MAR","robots":{"index":"index","follow":"follow","max-snippet":"max-snippet:-1","max-image-preview":"max-image-preview:large","max-video-preview":"max-video-preview:-1"},"canonical":"http:\/\/dafinoo.eu\/mirmar\/obchod\/gws-7-115-e-professional\/","og_locale":"sk_SK","og_type":"article","og_title":"Bosch GWS 7-115 E Professional - MIR-MAR","og_description":"Technick\u00e9 parametre: GWS 7-115 E Professional Menovit\u00fd pr\u00edkon 720 W Vo\u013enobe\u017en\u00e9 ot\u00e1\u010dky 2.800 \u2013 11.000 min-1 V\u00fdkon 300 W Z\u00e1vit br\u00fasneho vretena M 14 \u00d8 kot\u00fa\u010da 115 mm Gumen\u00fd br\u00fasny tanier, \u00d8 115 mm Miskovit\u00e1 kefa, \u00d8 75 mm Hmotnos\u0165 1,9 kg Funkcie   * Motor Champion   * Priame chladenie   * Ochrann\u00fd kryt s poistkou proti preto\u010deniu Inform\u00e1cia o hlu\u010dnosti a vibr\u00e1ci\u00e1ch Hodnoty merania zisten\u00e9 pod\u013ea EN 60745 Celkov\u00e9 hodnoty vibr\u00e1ci\u00ed (s\u00fa\u010det vektorov v troch smeroch) Obrusovanie povrchovej plochy (hrubovanie) Hodnota emisie vibr\u00e1ci\u00ed ah 6.5 m\/s\u00b2 Nepresnos\u0165 K 1.5 m\/s\u00b2 Br\u00fasenie s br\u00fasnym listom Hodnota emisie vibr\u00e1ci\u00ed ah 3.5 m\/s\u00b2 Nepresnos\u0165 K 1.5 m\/s\u00b2 \u00darove\u0148 hluku elektrick\u00e9ho n\u00e1radia s hodnoten\u00edm A je typicky: hladina akustick\u00e9ho tlaku 91 dB(A); hladina akustick\u00e9ho v\u00fdkonu 102 dB(A). Neistota K= 3 dB.","og_url":"http:\/\/dafinoo.eu\/mirmar\/obchod\/gws-7-115-e-professional\/","og_site_name":"MIR-MAR","article_publisher":"https:\/\/facebook.com\/mirmareshop","article_modified_time":"2021-04-21T13:28:41+00:00","og_image":[{"width":256,"height":60,"url":"http:\/\/dafinoo.eu\/mirmar\/wp-content\/uploads\/2021\/03\/mirmar_logo.png","type":"image\/png"}],"twitter_misc":{"Predpokladan\u00fd \u010das \u010d\u00edtania":"1 min\u00fata"},"schema":{"@context":"https:\/\/schema.org","@graph":[{"@type":"WebPage","@id":"http:\/\/dafinoo.eu\/mirmar\/obchod\/gws-7-115-e-professional\/","url":"http:\/\/dafinoo.eu\/mirmar\/obchod\/gws-7-115-e-professional\/","name":"Bosch GWS 7-115 E Professional - MIR-MAR","isPartOf":{"@id":"http:\/\/dafinoo.eu\/mirmar\/#website"},"datePublished":"2021-03-15T16:24:45+00:00","dateModified":"2021-04-21T13:28:41+00:00","breadcrumb":{"@id":"http:\/\/dafinoo.eu\/mirmar\/obchod\/gws-7-115-e-professional\/#breadcrumb"},"inLanguage":"sk-SK","potentialAction":[{"@type":"ReadAction","target":["http:\/\/dafinoo.eu\/mirmar\/obchod\/gws-7-115-e-professional\/"]}]},{"@type":"BreadcrumbList","@id":"http:\/\/dafinoo.eu\/mirmar\/obchod\/gws-7-115-e-professional\/#breadcrumb","itemListElement":[{"@type":"ListItem","position":1,"name":"Domovsk\u00e1 str\u00e1nka","item":"http:\/\/dafinoo.eu\/mirmar\/"},{"@type":"ListItem","position":2,"name":"Obchod","item":"http:\/\/dafinoo.eu\/mirmar\/obchod\/"},{"@type":"ListItem","position":3,"name":"Bosch GWS 7-115 E Professional"}]},{"@type":"WebSite","@id":"http:\/\/dafinoo.eu\/mirmar\/#website","url":"http:\/\/dafinoo.eu\/mirmar\/","name":"MIR-MAR","description":"Eshop s n\u00e1rad\u00edm","publisher":{"@id":"http:\/\/dafinoo.eu\/mirmar\/#organization"},"potentialAction":[{"@type":"SearchAction","target":{"@type":"EntryPoint","urlTemplate":"http:\/\/dafinoo.eu\/mirmar\/?s={search_term_string}"},"query-input":{"@type":"PropertyValueSpecification","valueRequired":true,"valueName":"search_term_string"}}],"inLanguage":"sk-SK"},{"@type":"Organization","@id":"http:\/\/dafinoo.eu\/mirmar\/#organization","name":"MIR-MAR","url":"http:\/\/dafinoo.eu\/mirmar\/","logo":{"@type":"ImageObject","inLanguage":"sk-SK","@id":"http:\/\/dafinoo.eu\/mirmar\/#\/schema\/logo\/image\/","url":"http:\/\/dafinoo.eu\/mirmar\/wp-content\/uploads\/2021\/03\/mirmar_logo.png","contentUrl":"http:\/\/dafinoo.eu\/mirmar\/wp-content\/uploads\/2021\/03\/mirmar_logo.png","width":256,"height":60,"caption":"MIR-MAR"},"image":{"@id":"http:\/\/dafinoo.eu\/mirmar\/#\/schema\/logo\/image\/"},"sameAs":["https:\/\/facebook.com\/mirmareshop"]}]}},"_links":{"self":[{"href":"http:\/\/dafinoo.eu\/mirmar\/wp-json\/wp\/v2\/product\/36739","targetHints":{"allow":["GET"]}}],"collection":[{"href":"http:\/\/dafinoo.eu\/mirmar\/wp-json\/wp\/v2\/product"}],"about":[{"href":"http:\/\/dafinoo.eu\/mirmar\/wp-json\/wp\/v2\/types\/product"}],"replies":[{"embeddable":true,"href":"http:\/\/dafinoo.eu\/mirmar\/wp-json\/wp\/v2\/comments?post=36739"}],"wp:attachment":[{"href":"http:\/\/dafinoo.eu\/mirmar\/wp-json\/wp\/v2\/media?parent=36739"}],"wp:term":[{"taxonomy":"product_cat","embeddable":true,"href":"http:\/\/dafinoo.eu\/mirmar\/wp-json\/wp\/v2\/product_cat?post=36739"},{"taxonomy":"product_tag","embeddable":true,"href":"http:\/\/dafinoo.eu\/mirmar\/wp-json\/wp\/v2\/product_tag?post=36739"}],"curies":[{"name":"wp","href":"https:\/\/api.w.org\/{rel}","templated":true}]}}