{"id":36756,"date":"2021-03-15T17:24:45","date_gmt":"2021-03-15T16:24:45","guid":{"rendered":"http:\/\/dafinoo.eu\/mirmar\/product\/gws-14-125-cit-professional\/"},"modified":"2021-04-21T15:28:26","modified_gmt":"2021-04-21T13:28:26","slug":"gws-14-125-cit-professional","status":"publish","type":"product","link":"http:\/\/dafinoo.eu\/mirmar\/obchod\/gws-14-125-cit-professional\/","title":{"rendered":"Bosch GWS 14-125 CIT Professional"},"content":{"rendered":"<p>Prednosti: GWS 14-125 CIT Professional<br \/>\nSil\u00e1k s funkciou KickBack Stop<\/p>\n<p>    * KickBack Stop: rozpozn\u00e1 zaseknutie kot\u00fa\u010da a okam\u017eite vypne motor<br \/>\n    * Extr\u00e9mne siln\u00fd motor Champion s pr\u00edkonom 1 400 W s ochranou proti op\u00e4tovn\u00e9mu spusteniu<br \/>\n    * S vysok\u00fdm kr\u00fatiacim momentom a ve\u013emi vysok\u00fdmi ot\u00e1\u010dkami v z\u00e1\u0165a\u017ei &#8211; pre najtvrd\u0161ie podmienky nasadenia<br \/>\n    * Ochrann\u00fd kryt so zaisten\u00edm proti pooto\u010deniu \u2013 kryt mo\u017eno r\u00fdchlo a jednoducho nastavi\u0165, spo\u013eahliv\u00e1 ochrana<br \/>\n    * Pr\u00eddavn\u00e1 rukov\u00e4\u0165 Vibration Control na tlmenie vibr\u00e1ci\u00ed zni\u017euje vibr\u00e1cie o 40\u2009%, na neunavuj\u00facu pr\u00e1cu (EN 60745)<br \/>\n    * 6-stup\u0148ov\u00e1 predvo\u013eba ot\u00e1\u010dok pre r\u00f4zne materi\u00e1ly<br \/>\n    * Priame chladenie pre vysok\u00fa odolnos\u0165 vo\u010di pre\u0165a\u017eeniu a dlh\u00fa \u017eivotnos\u0165<br \/>\n    * Kon\u0161tantn\u00e1 elektronika pre kon\u0161tantn\u00e9 ot\u00e1\u010dky aj v z\u00e1\u0165a\u017ei<br \/>\n    * Ochrana proti pre\u0165a\u017eeniu, plynul\u00fd rozbeh a obmedzenie rozbehov\u00e9ho pr\u00fadu<br \/>\n    * Dobr\u00e9 dr\u017eanie v\u010faka \u0161t\u00edhlemu krytu<br \/>\n    * Prevodov\u00e1 hlava oto\u010dite\u013en\u00e1 do 4 pol\u00f4h, vz\u00e1jomne posunut\u00fdch o 90\u00b0<br \/>\n    * Mo\u017enos\u0165 upevnenia pr\u00eddavnej rukov\u00e4te v\u013eavo alebo vpravo<\/p>\n","protected":false},"excerpt":{"rendered":"<p>Technick\u00e9 parametre: GWS 14-125 CIT Professional<br \/>\nMenovit\u00fd pr\u00edkon\t1.400 W<br \/>\nVo\u013enobe\u017en\u00e9 ot\u00e1\u010dky\t2.800 \u2013 9.300 min-1<br \/>\nV\u00fdkon\t820 W<br \/>\nZ\u00e1vit br\u00fasneho vretena\tM 14<br \/>\n\u00d8 kot\u00fa\u010da\t125 mm<br \/>\nGumen\u00fd br\u00fasny tanier, \u00d8\t125 mm<br \/>\nMiskovit\u00e1 kefa, \u00d8\t75 mm<br \/>\nD\u013a\u017eka\t298 mm<br \/>\nV\u00fd\u0161ka\t106 mm<br \/>\nHmotnos\u0165\t2,2 kg<br \/>\nFunkcie<\/p>\n<p>    * Obmedzova\u010d rozbehov\u00e9ho pr\u00fadu<br \/>\n    * Motor Champion<br \/>\n    * Kon\u0161tantn\u00e1 elektronika<br \/>\n    * Priame chladenie<br \/>\n    * Elektronika<br \/>\n    * Vyp\u00ednanie pri sp\u00e4tnom r\u00e1ze<br \/>\n    * Plynul\u00fd rozbeh<br \/>\n    * Aret\u00e1cia vyp\u00edna\u010da<br \/>\n    * Ochrana proti pre\u0165a\u017eeniu<br \/>\n    * Ochrann\u00fd kryt s poistkou proti preto\u010deniu<br \/>\n    * Ochrana proti spusteniu<\/p>\n<p>Inform\u00e1cia o hlu\u010dnosti a vibr\u00e1ci\u00e1ch<\/p>\n<p>Hodnoty merania zisten\u00e9 pod\u013ea EN 60745<br \/>\nCelkov\u00e9 hodnoty vibr\u00e1ci\u00ed (s\u00fa\u010det vektorov v troch smeroch)<br \/>\nObrusovanie povrchovej plochy (hrubovanie)<br \/>\nHodnota emisie vibr\u00e1ci\u00ed ah\t7.0 m\/s\u00b2<br \/>\nNepresnos\u0165 K\t2.0 m\/s\u00b2<br \/>\nBr\u00fasenie s br\u00fasnym listom<br \/>\nHodnota emisie vibr\u00e1ci\u00ed ah\t3.0 m\/s\u00b2<br \/>\nNepresnos\u0165 K\t1.5 m\/s\u00b2<\/p>\n<p>\u00darove\u0148 hluku elektrick\u00e9ho n\u00e1radia s hodnoten\u00edm A je typicky: hladina akustick\u00e9ho tlaku 91 dB(A); hladina akustick\u00e9ho v\u00fdkonu 102 dB(A). Neistota K= 3 dB.<\/p>\n","protected":false},"featured_media":36757,"comment_status":"closed","ping_status":"open","template":"","meta":{"_lmt_disableupdate":"","_lmt_disable":""},"product_cat":[3210,3106],"product_tag":[],"class_list":{"0":"post-36756","1":"product","2":"type-product","3":"status-publish","4":"has-post-thumbnail","6":"product_cat-uhlove-brusky-opracuvanie-kovov","7":"product_cat-bosch","8":"ts_product_brand-bosh","10":"first","11":"instock","12":"taxable","13":"shipping-taxable","14":"purchasable","15":"product-type-simple"},"yoast_head":"<!-- This site is optimized with the Yoast SEO plugin v27.3 - https:\/\/yoast.com\/product\/yoast-seo-wordpress\/ -->\n<title>Bosch GWS 14-125 CIT Professional - MIR-MAR<\/title>\n<meta name=\"robots\" content=\"index, follow, max-snippet:-1, max-image-preview:large, max-video-preview:-1\" \/>\n<link rel=\"canonical\" href=\"http:\/\/dafinoo.eu\/mirmar\/obchod\/gws-14-125-cit-professional\/\" \/>\n<meta property=\"og:locale\" content=\"sk_SK\" \/>\n<meta property=\"og:type\" content=\"article\" \/>\n<meta property=\"og:title\" content=\"Bosch GWS 14-125 CIT Professional - MIR-MAR\" \/>\n<meta property=\"og:description\" content=\"Technick\u00e9 parametre: GWS 14-125 CIT Professional Menovit\u00fd pr\u00edkon 1.400 W Vo\u013enobe\u017en\u00e9 ot\u00e1\u010dky 2.800 \u2013 9.300 min-1 V\u00fdkon 820 W Z\u00e1vit br\u00fasneho vretena M 14 \u00d8 kot\u00fa\u010da 125 mm Gumen\u00fd br\u00fasny tanier, \u00d8 125 mm Miskovit\u00e1 kefa, \u00d8 75 mm D\u013a\u017eka 298 mm V\u00fd\u0161ka 106 mm Hmotnos\u0165 2,2 kg Funkcie   * Obmedzova\u010d rozbehov\u00e9ho pr\u00fadu   * Motor Champion   * Kon\u0161tantn\u00e1 elektronika   * Priame chladenie   * Elektronika   * Vyp\u00ednanie pri sp\u00e4tnom r\u00e1ze   * Plynul\u00fd rozbeh   * Aret\u00e1cia vyp\u00edna\u010da   * Ochrana proti pre\u0165a\u017eeniu   * Ochrann\u00fd kryt s poistkou proti preto\u010deniu   * Ochrana proti spusteniu Inform\u00e1cia o hlu\u010dnosti a vibr\u00e1ci\u00e1ch Hodnoty merania zisten\u00e9 pod\u013ea EN 60745 Celkov\u00e9 hodnoty vibr\u00e1ci\u00ed (s\u00fa\u010det vektorov v troch smeroch) Obrusovanie povrchovej plochy (hrubovanie) Hodnota emisie vibr\u00e1ci\u00ed ah 7.0 m\/s\u00b2 Nepresnos\u0165 K 2.0 m\/s\u00b2 Br\u00fasenie s br\u00fasnym listom Hodnota emisie vibr\u00e1ci\u00ed ah 3.0 m\/s\u00b2 Nepresnos\u0165 K 1.5 m\/s\u00b2 \u00darove\u0148 hluku elektrick\u00e9ho n\u00e1radia s hodnoten\u00edm A je typicky: hladina akustick\u00e9ho tlaku 91 dB(A); hladina akustick\u00e9ho v\u00fdkonu 102 dB(A). Neistota K= 3 dB.\" \/>\n<meta property=\"og:url\" content=\"http:\/\/dafinoo.eu\/mirmar\/obchod\/gws-14-125-cit-professional\/\" \/>\n<meta property=\"og:site_name\" content=\"MIR-MAR\" \/>\n<meta property=\"article:publisher\" content=\"https:\/\/facebook.com\/mirmareshop\" \/>\n<meta property=\"article:modified_time\" content=\"2021-04-21T13:28:26+00:00\" \/>\n<meta property=\"og:image\" content=\"https:\/\/i2.wp.com\/www.mirmar.sk\/wp-content\/uploads\/2021\/03\/gws_14-125_cit_professional_1.jpg?fit=240%2C180&ssl=1\" \/>\n\t<meta property=\"og:image:width\" content=\"240\" \/>\n\t<meta property=\"og:image:height\" content=\"180\" \/>\n\t<meta property=\"og:image:type\" content=\"image\/jpeg\" \/>\n<meta name=\"twitter:label1\" content=\"Predpokladan\u00fd \u010das \u010d\u00edtania\" \/>\n\t<meta name=\"twitter:data1\" content=\"1 min\u00fata\" \/>\n<script type=\"application\/ld+json\" class=\"yoast-schema-graph\">{\"@context\":\"https:\\\/\\\/schema.org\",\"@graph\":[{\"@type\":\"WebPage\",\"@id\":\"http:\\\/\\\/dafinoo.eu\\\/mirmar\\\/obchod\\\/gws-14-125-cit-professional\\\/\",\"url\":\"http:\\\/\\\/dafinoo.eu\\\/mirmar\\\/obchod\\\/gws-14-125-cit-professional\\\/\",\"name\":\"Bosch GWS 14-125 CIT Professional - MIR-MAR\",\"isPartOf\":{\"@id\":\"http:\\\/\\\/dafinoo.eu\\\/mirmar\\\/#website\"},\"primaryImageOfPage\":{\"@id\":\"http:\\\/\\\/dafinoo.eu\\\/mirmar\\\/obchod\\\/gws-14-125-cit-professional\\\/#primaryimage\"},\"image\":{\"@id\":\"http:\\\/\\\/dafinoo.eu\\\/mirmar\\\/obchod\\\/gws-14-125-cit-professional\\\/#primaryimage\"},\"thumbnailUrl\":\"http:\\\/\\\/dafinoo.eu\\\/mirmar\\\/wp-content\\\/uploads\\\/2021\\\/03\\\/gws_14-125_cit_professional_1.jpg\",\"datePublished\":\"2021-03-15T16:24:45+00:00\",\"dateModified\":\"2021-04-21T13:28:26+00:00\",\"breadcrumb\":{\"@id\":\"http:\\\/\\\/dafinoo.eu\\\/mirmar\\\/obchod\\\/gws-14-125-cit-professional\\\/#breadcrumb\"},\"inLanguage\":\"sk-SK\",\"potentialAction\":[{\"@type\":\"ReadAction\",\"target\":[\"http:\\\/\\\/dafinoo.eu\\\/mirmar\\\/obchod\\\/gws-14-125-cit-professional\\\/\"]}]},{\"@type\":\"ImageObject\",\"inLanguage\":\"sk-SK\",\"@id\":\"http:\\\/\\\/dafinoo.eu\\\/mirmar\\\/obchod\\\/gws-14-125-cit-professional\\\/#primaryimage\",\"url\":\"http:\\\/\\\/dafinoo.eu\\\/mirmar\\\/wp-content\\\/uploads\\\/2021\\\/03\\\/gws_14-125_cit_professional_1.jpg\",\"contentUrl\":\"http:\\\/\\\/dafinoo.eu\\\/mirmar\\\/wp-content\\\/uploads\\\/2021\\\/03\\\/gws_14-125_cit_professional_1.jpg\",\"width\":240,\"height\":180},{\"@type\":\"BreadcrumbList\",\"@id\":\"http:\\\/\\\/dafinoo.eu\\\/mirmar\\\/obchod\\\/gws-14-125-cit-professional\\\/#breadcrumb\",\"itemListElement\":[{\"@type\":\"ListItem\",\"position\":1,\"name\":\"Domovsk\u00e1 str\u00e1nka\",\"item\":\"http:\\\/\\\/dafinoo.eu\\\/mirmar\\\/\"},{\"@type\":\"ListItem\",\"position\":2,\"name\":\"Obchod\",\"item\":\"http:\\\/\\\/dafinoo.eu\\\/mirmar\\\/obchod\\\/\"},{\"@type\":\"ListItem\",\"position\":3,\"name\":\"Bosch GWS 14-125 CIT Professional\"}]},{\"@type\":\"WebSite\",\"@id\":\"http:\\\/\\\/dafinoo.eu\\\/mirmar\\\/#website\",\"url\":\"http:\\\/\\\/dafinoo.eu\\\/mirmar\\\/\",\"name\":\"MIR-MAR\",\"description\":\"Eshop s n\u00e1rad\u00edm\",\"publisher\":{\"@id\":\"http:\\\/\\\/dafinoo.eu\\\/mirmar\\\/#organization\"},\"potentialAction\":[{\"@type\":\"SearchAction\",\"target\":{\"@type\":\"EntryPoint\",\"urlTemplate\":\"http:\\\/\\\/dafinoo.eu\\\/mirmar\\\/?s={search_term_string}\"},\"query-input\":{\"@type\":\"PropertyValueSpecification\",\"valueRequired\":true,\"valueName\":\"search_term_string\"}}],\"inLanguage\":\"sk-SK\"},{\"@type\":\"Organization\",\"@id\":\"http:\\\/\\\/dafinoo.eu\\\/mirmar\\\/#organization\",\"name\":\"MIR-MAR\",\"url\":\"http:\\\/\\\/dafinoo.eu\\\/mirmar\\\/\",\"logo\":{\"@type\":\"ImageObject\",\"inLanguage\":\"sk-SK\",\"@id\":\"http:\\\/\\\/dafinoo.eu\\\/mirmar\\\/#\\\/schema\\\/logo\\\/image\\\/\",\"url\":\"http:\\\/\\\/dafinoo.eu\\\/mirmar\\\/wp-content\\\/uploads\\\/2021\\\/03\\\/mirmar_logo.png\",\"contentUrl\":\"http:\\\/\\\/dafinoo.eu\\\/mirmar\\\/wp-content\\\/uploads\\\/2021\\\/03\\\/mirmar_logo.png\",\"width\":256,\"height\":60,\"caption\":\"MIR-MAR\"},\"image\":{\"@id\":\"http:\\\/\\\/dafinoo.eu\\\/mirmar\\\/#\\\/schema\\\/logo\\\/image\\\/\"},\"sameAs\":[\"https:\\\/\\\/facebook.com\\\/mirmareshop\"]}]}<\/script>\n<!-- \/ Yoast SEO plugin. -->","yoast_head_json":{"title":"Bosch GWS 14-125 CIT Professional - MIR-MAR","robots":{"index":"index","follow":"follow","max-snippet":"max-snippet:-1","max-image-preview":"max-image-preview:large","max-video-preview":"max-video-preview:-1"},"canonical":"http:\/\/dafinoo.eu\/mirmar\/obchod\/gws-14-125-cit-professional\/","og_locale":"sk_SK","og_type":"article","og_title":"Bosch GWS 14-125 CIT Professional - MIR-MAR","og_description":"Technick\u00e9 parametre: GWS 14-125 CIT Professional Menovit\u00fd pr\u00edkon 1.400 W Vo\u013enobe\u017en\u00e9 ot\u00e1\u010dky 2.800 \u2013 9.300 min-1 V\u00fdkon 820 W Z\u00e1vit br\u00fasneho vretena M 14 \u00d8 kot\u00fa\u010da 125 mm Gumen\u00fd br\u00fasny tanier, \u00d8 125 mm Miskovit\u00e1 kefa, \u00d8 75 mm D\u013a\u017eka 298 mm V\u00fd\u0161ka 106 mm Hmotnos\u0165 2,2 kg Funkcie   * Obmedzova\u010d rozbehov\u00e9ho pr\u00fadu   * Motor Champion   * Kon\u0161tantn\u00e1 elektronika   * Priame chladenie   * Elektronika   * Vyp\u00ednanie pri sp\u00e4tnom r\u00e1ze   * Plynul\u00fd rozbeh   * Aret\u00e1cia vyp\u00edna\u010da   * Ochrana proti pre\u0165a\u017eeniu   * Ochrann\u00fd kryt s poistkou proti preto\u010deniu   * Ochrana proti spusteniu Inform\u00e1cia o hlu\u010dnosti a vibr\u00e1ci\u00e1ch Hodnoty merania zisten\u00e9 pod\u013ea EN 60745 Celkov\u00e9 hodnoty vibr\u00e1ci\u00ed (s\u00fa\u010det vektorov v troch smeroch) Obrusovanie povrchovej plochy (hrubovanie) Hodnota emisie vibr\u00e1ci\u00ed ah 7.0 m\/s\u00b2 Nepresnos\u0165 K 2.0 m\/s\u00b2 Br\u00fasenie s br\u00fasnym listom Hodnota emisie vibr\u00e1ci\u00ed ah 3.0 m\/s\u00b2 Nepresnos\u0165 K 1.5 m\/s\u00b2 \u00darove\u0148 hluku elektrick\u00e9ho n\u00e1radia s hodnoten\u00edm A je typicky: hladina akustick\u00e9ho tlaku 91 dB(A); hladina akustick\u00e9ho v\u00fdkonu 102 dB(A). Neistota K= 3 dB.","og_url":"http:\/\/dafinoo.eu\/mirmar\/obchod\/gws-14-125-cit-professional\/","og_site_name":"MIR-MAR","article_publisher":"https:\/\/facebook.com\/mirmareshop","article_modified_time":"2021-04-21T13:28:26+00:00","og_image":[{"width":240,"height":180,"url":"https:\/\/i2.wp.com\/www.mirmar.sk\/wp-content\/uploads\/2021\/03\/gws_14-125_cit_professional_1.jpg?fit=240%2C180&ssl=1","type":"image\/jpeg"}],"twitter_misc":{"Predpokladan\u00fd \u010das \u010d\u00edtania":"1 min\u00fata"},"schema":{"@context":"https:\/\/schema.org","@graph":[{"@type":"WebPage","@id":"http:\/\/dafinoo.eu\/mirmar\/obchod\/gws-14-125-cit-professional\/","url":"http:\/\/dafinoo.eu\/mirmar\/obchod\/gws-14-125-cit-professional\/","name":"Bosch GWS 14-125 CIT Professional - MIR-MAR","isPartOf":{"@id":"http:\/\/dafinoo.eu\/mirmar\/#website"},"primaryImageOfPage":{"@id":"http:\/\/dafinoo.eu\/mirmar\/obchod\/gws-14-125-cit-professional\/#primaryimage"},"image":{"@id":"http:\/\/dafinoo.eu\/mirmar\/obchod\/gws-14-125-cit-professional\/#primaryimage"},"thumbnailUrl":"http:\/\/dafinoo.eu\/mirmar\/wp-content\/uploads\/2021\/03\/gws_14-125_cit_professional_1.jpg","datePublished":"2021-03-15T16:24:45+00:00","dateModified":"2021-04-21T13:28:26+00:00","breadcrumb":{"@id":"http:\/\/dafinoo.eu\/mirmar\/obchod\/gws-14-125-cit-professional\/#breadcrumb"},"inLanguage":"sk-SK","potentialAction":[{"@type":"ReadAction","target":["http:\/\/dafinoo.eu\/mirmar\/obchod\/gws-14-125-cit-professional\/"]}]},{"@type":"ImageObject","inLanguage":"sk-SK","@id":"http:\/\/dafinoo.eu\/mirmar\/obchod\/gws-14-125-cit-professional\/#primaryimage","url":"http:\/\/dafinoo.eu\/mirmar\/wp-content\/uploads\/2021\/03\/gws_14-125_cit_professional_1.jpg","contentUrl":"http:\/\/dafinoo.eu\/mirmar\/wp-content\/uploads\/2021\/03\/gws_14-125_cit_professional_1.jpg","width":240,"height":180},{"@type":"BreadcrumbList","@id":"http:\/\/dafinoo.eu\/mirmar\/obchod\/gws-14-125-cit-professional\/#breadcrumb","itemListElement":[{"@type":"ListItem","position":1,"name":"Domovsk\u00e1 str\u00e1nka","item":"http:\/\/dafinoo.eu\/mirmar\/"},{"@type":"ListItem","position":2,"name":"Obchod","item":"http:\/\/dafinoo.eu\/mirmar\/obchod\/"},{"@type":"ListItem","position":3,"name":"Bosch GWS 14-125 CIT Professional"}]},{"@type":"WebSite","@id":"http:\/\/dafinoo.eu\/mirmar\/#website","url":"http:\/\/dafinoo.eu\/mirmar\/","name":"MIR-MAR","description":"Eshop s n\u00e1rad\u00edm","publisher":{"@id":"http:\/\/dafinoo.eu\/mirmar\/#organization"},"potentialAction":[{"@type":"SearchAction","target":{"@type":"EntryPoint","urlTemplate":"http:\/\/dafinoo.eu\/mirmar\/?s={search_term_string}"},"query-input":{"@type":"PropertyValueSpecification","valueRequired":true,"valueName":"search_term_string"}}],"inLanguage":"sk-SK"},{"@type":"Organization","@id":"http:\/\/dafinoo.eu\/mirmar\/#organization","name":"MIR-MAR","url":"http:\/\/dafinoo.eu\/mirmar\/","logo":{"@type":"ImageObject","inLanguage":"sk-SK","@id":"http:\/\/dafinoo.eu\/mirmar\/#\/schema\/logo\/image\/","url":"http:\/\/dafinoo.eu\/mirmar\/wp-content\/uploads\/2021\/03\/mirmar_logo.png","contentUrl":"http:\/\/dafinoo.eu\/mirmar\/wp-content\/uploads\/2021\/03\/mirmar_logo.png","width":256,"height":60,"caption":"MIR-MAR"},"image":{"@id":"http:\/\/dafinoo.eu\/mirmar\/#\/schema\/logo\/image\/"},"sameAs":["https:\/\/facebook.com\/mirmareshop"]}]}},"_links":{"self":[{"href":"http:\/\/dafinoo.eu\/mirmar\/wp-json\/wp\/v2\/product\/36756","targetHints":{"allow":["GET"]}}],"collection":[{"href":"http:\/\/dafinoo.eu\/mirmar\/wp-json\/wp\/v2\/product"}],"about":[{"href":"http:\/\/dafinoo.eu\/mirmar\/wp-json\/wp\/v2\/types\/product"}],"replies":[{"embeddable":true,"href":"http:\/\/dafinoo.eu\/mirmar\/wp-json\/wp\/v2\/comments?post=36756"}],"wp:featuredmedia":[{"embeddable":true,"href":"http:\/\/dafinoo.eu\/mirmar\/wp-json\/wp\/v2\/media\/36757"}],"wp:attachment":[{"href":"http:\/\/dafinoo.eu\/mirmar\/wp-json\/wp\/v2\/media?parent=36756"}],"wp:term":[{"taxonomy":"product_cat","embeddable":true,"href":"http:\/\/dafinoo.eu\/mirmar\/wp-json\/wp\/v2\/product_cat?post=36756"},{"taxonomy":"product_tag","embeddable":true,"href":"http:\/\/dafinoo.eu\/mirmar\/wp-json\/wp\/v2\/product_tag?post=36756"}],"curies":[{"name":"wp","href":"https:\/\/api.w.org\/{rel}","templated":true}]}}