{"id":36770,"date":"2021-03-15T17:24:52","date_gmt":"2021-03-15T16:24:52","guid":{"rendered":"http:\/\/dafinoo.eu\/mirmar\/product\/gws-24-300-j-sds-professional\/"},"modified":"2021-04-21T15:28:17","modified_gmt":"2021-04-21T13:28:17","slug":"gws-24-300-j-sds-professional","status":"publish","type":"product","link":"http:\/\/dafinoo.eu\/mirmar\/obchod\/gws-24-300-j-sds-professional\/","title":{"rendered":"Bosch GWS 24-300 J + SDS Professional"},"content":{"rendered":"<p>Prednosti: GWS 24-300 J + SDS Professional<br \/>\n\u0160pecialista na extr\u00e9mne hlbok\u00e9 rezy<\/p>\n<p>    * H\u013abka rezu a\u017e do 95 mm \u00ad na opracov\u00e1vanie ocele a kame\u0148a<br \/>\n    * Stabiln\u00e9 vodiace sane na presn\u00e9 rezanie s\u00fa s\u00fa\u010das\u0165ou s\u00e9riovej v\u00fdbavy<br \/>\n    * Rovnomern\u00e9 rozlo\u017eenie hmotnosti v\u010faka obl\u00fakovej rukov\u00e4ti v \u0165a\u017eisku n\u00e1radia<br \/>\n    * Vhodn\u00e1 aj na rezanie diamantov\u00fdmi rezac\u00edmi kot\u00fa\u010dmi nasucho s kot\u00fa\u010dmi s priemerom do 300 mm a ods\u00e1vac\u00edm krytom<br \/>\n    * R\u00fdchloup\u00ednacia matica SDS s\u00fa\u010das\u0165ou dod\u00e1vky<br \/>\n    * Praktick\u00e1 rukov\u00e4\u0165 v pohodlnom uhle<br \/>\n    * Ploch\u00e1 prevodov\u00e1 hlava<br \/>\n    * Bezpe\u010dnostn\u00fd vyp\u00edna\u010d Tricontrol s aret\u00e1ciou<br \/>\n    * R\u00fdchle nastavovanie ochrann\u00e9ho krytu<br \/>\n    * Tret\u00ed otvor so z\u00e1vitom na upev\u0148oavnie pr\u00eddavnej rukov\u00e4te, oto\u010dn\u00e1 prevodov\u00e1 hlava (4 x 90\u00b0)<br \/>\n    * Vinutie motora zaliate syntetickou \u017eivicou pre dlh\u00fa \u017eivotnos\u0165<br \/>\n    * Pohodln\u00e1 manipul\u00e1cia i pri pou\u017e\u00edvan\u00ed \u013eav\u00e1kmi<\/p>\n","protected":false},"excerpt":{"rendered":"<p>Technick\u00e9 parametre: GWS 24-300 J + SDS Professional<br \/>\nMenovit\u00fd pr\u00edkon\t2.400 W<br \/>\nVo\u013enobe\u017en\u00e9 ot\u00e1\u010dky\t5.000 min-1<br \/>\nV\u00fdkon\t1.670 W<br \/>\nZ\u00e1vit br\u00fasneho vretena\tM 14<br \/>\n\u00d8 kot\u00fa\u010da\t300 mm<br \/>\nV\u0155tanie, \u00d8\t22,2 mm<br \/>\nHmotnos\u0165\t10,3 kg<br \/>\nFunkcie<\/p>\n<p>    * Obmedzova\u010d rozbehov\u00e9ho pr\u00fadu<\/p>\n<p>Inform\u00e1cia o hlu\u010dnosti a vibr\u00e1ci\u00e1ch<\/p>\n<p>Hodnoty merania zisten\u00e9 pod\u013ea EN 60745<\/p>\n<p>\u00darove\u0148 hluku elektrick\u00e9ho n\u00e1radia s hodnoten\u00edm A je typicky: hladina akustick\u00e9ho tlaku 93 dB(A); hladina akustick\u00e9ho v\u00fdkonu 104 dB(A). Neistota K= 3 dB.<\/p>\n","protected":false},"featured_media":36771,"comment_status":"closed","ping_status":"open","template":"","meta":{"_lmt_disableupdate":"","_lmt_disable":""},"product_cat":[3210,3106],"product_tag":[],"class_list":{"0":"post-36770","1":"product","2":"type-product","3":"status-publish","4":"has-post-thumbnail","6":"product_cat-uhlove-brusky-opracuvanie-kovov","7":"product_cat-bosch","8":"ts_product_brand-bosh","10":"first","11":"instock","12":"taxable","13":"shipping-taxable","14":"purchasable","15":"product-type-simple"},"yoast_head":"<!-- This site is optimized with the Yoast SEO plugin v27.3 - https:\/\/yoast.com\/product\/yoast-seo-wordpress\/ -->\n<title>Bosch GWS 24-300 J + SDS Professional - MIR-MAR<\/title>\n<meta name=\"robots\" content=\"index, follow, max-snippet:-1, max-image-preview:large, max-video-preview:-1\" \/>\n<link rel=\"canonical\" href=\"http:\/\/dafinoo.eu\/mirmar\/obchod\/gws-24-300-j-sds-professional\/\" \/>\n<meta property=\"og:locale\" content=\"sk_SK\" \/>\n<meta property=\"og:type\" content=\"article\" \/>\n<meta property=\"og:title\" content=\"Bosch GWS 24-300 J + SDS Professional - MIR-MAR\" \/>\n<meta property=\"og:description\" content=\"Technick\u00e9 parametre: GWS 24-300 J + SDS Professional Menovit\u00fd pr\u00edkon 2.400 W Vo\u013enobe\u017en\u00e9 ot\u00e1\u010dky 5.000 min-1 V\u00fdkon 1.670 W Z\u00e1vit br\u00fasneho vretena M 14 \u00d8 kot\u00fa\u010da 300 mm V\u0155tanie, \u00d8 22,2 mm Hmotnos\u0165 10,3 kg Funkcie   * Obmedzova\u010d rozbehov\u00e9ho pr\u00fadu Inform\u00e1cia o hlu\u010dnosti a vibr\u00e1ci\u00e1ch Hodnoty merania zisten\u00e9 pod\u013ea EN 60745 \u00darove\u0148 hluku elektrick\u00e9ho n\u00e1radia s hodnoten\u00edm A je typicky: hladina akustick\u00e9ho tlaku 93 dB(A); hladina akustick\u00e9ho v\u00fdkonu 104 dB(A). Neistota K= 3 dB.\" \/>\n<meta property=\"og:url\" content=\"http:\/\/dafinoo.eu\/mirmar\/obchod\/gws-24-300-j-sds-professional\/\" \/>\n<meta property=\"og:site_name\" content=\"MIR-MAR\" \/>\n<meta property=\"article:publisher\" content=\"https:\/\/facebook.com\/mirmareshop\" \/>\n<meta property=\"article:modified_time\" content=\"2021-04-21T13:28:17+00:00\" \/>\n<meta property=\"og:image\" content=\"https:\/\/i2.wp.com\/www.mirmar.sk\/wp-content\/uploads\/2021\/03\/gws_24-300_j_sds_professional_1.jpg?fit=240%2C180&ssl=1\" \/>\n\t<meta property=\"og:image:width\" content=\"240\" \/>\n\t<meta property=\"og:image:height\" content=\"180\" \/>\n\t<meta property=\"og:image:type\" content=\"image\/jpeg\" \/>\n<meta name=\"twitter:label1\" content=\"Predpokladan\u00fd \u010das \u010d\u00edtania\" \/>\n\t<meta name=\"twitter:data1\" content=\"1 min\u00fata\" \/>\n<script type=\"application\/ld+json\" class=\"yoast-schema-graph\">{\"@context\":\"https:\\\/\\\/schema.org\",\"@graph\":[{\"@type\":\"WebPage\",\"@id\":\"http:\\\/\\\/dafinoo.eu\\\/mirmar\\\/obchod\\\/gws-24-300-j-sds-professional\\\/\",\"url\":\"http:\\\/\\\/dafinoo.eu\\\/mirmar\\\/obchod\\\/gws-24-300-j-sds-professional\\\/\",\"name\":\"Bosch GWS 24-300 J + SDS Professional - MIR-MAR\",\"isPartOf\":{\"@id\":\"http:\\\/\\\/dafinoo.eu\\\/mirmar\\\/#website\"},\"primaryImageOfPage\":{\"@id\":\"http:\\\/\\\/dafinoo.eu\\\/mirmar\\\/obchod\\\/gws-24-300-j-sds-professional\\\/#primaryimage\"},\"image\":{\"@id\":\"http:\\\/\\\/dafinoo.eu\\\/mirmar\\\/obchod\\\/gws-24-300-j-sds-professional\\\/#primaryimage\"},\"thumbnailUrl\":\"http:\\\/\\\/dafinoo.eu\\\/mirmar\\\/wp-content\\\/uploads\\\/2021\\\/03\\\/gws_24-300_j_sds_professional_1.jpg\",\"datePublished\":\"2021-03-15T16:24:52+00:00\",\"dateModified\":\"2021-04-21T13:28:17+00:00\",\"breadcrumb\":{\"@id\":\"http:\\\/\\\/dafinoo.eu\\\/mirmar\\\/obchod\\\/gws-24-300-j-sds-professional\\\/#breadcrumb\"},\"inLanguage\":\"sk-SK\",\"potentialAction\":[{\"@type\":\"ReadAction\",\"target\":[\"http:\\\/\\\/dafinoo.eu\\\/mirmar\\\/obchod\\\/gws-24-300-j-sds-professional\\\/\"]}]},{\"@type\":\"ImageObject\",\"inLanguage\":\"sk-SK\",\"@id\":\"http:\\\/\\\/dafinoo.eu\\\/mirmar\\\/obchod\\\/gws-24-300-j-sds-professional\\\/#primaryimage\",\"url\":\"http:\\\/\\\/dafinoo.eu\\\/mirmar\\\/wp-content\\\/uploads\\\/2021\\\/03\\\/gws_24-300_j_sds_professional_1.jpg\",\"contentUrl\":\"http:\\\/\\\/dafinoo.eu\\\/mirmar\\\/wp-content\\\/uploads\\\/2021\\\/03\\\/gws_24-300_j_sds_professional_1.jpg\",\"width\":240,\"height\":180},{\"@type\":\"BreadcrumbList\",\"@id\":\"http:\\\/\\\/dafinoo.eu\\\/mirmar\\\/obchod\\\/gws-24-300-j-sds-professional\\\/#breadcrumb\",\"itemListElement\":[{\"@type\":\"ListItem\",\"position\":1,\"name\":\"Domovsk\u00e1 str\u00e1nka\",\"item\":\"http:\\\/\\\/dafinoo.eu\\\/mirmar\\\/\"},{\"@type\":\"ListItem\",\"position\":2,\"name\":\"Obchod\",\"item\":\"http:\\\/\\\/dafinoo.eu\\\/mirmar\\\/obchod\\\/\"},{\"@type\":\"ListItem\",\"position\":3,\"name\":\"Bosch GWS 24-300 J + SDS Professional\"}]},{\"@type\":\"WebSite\",\"@id\":\"http:\\\/\\\/dafinoo.eu\\\/mirmar\\\/#website\",\"url\":\"http:\\\/\\\/dafinoo.eu\\\/mirmar\\\/\",\"name\":\"MIR-MAR\",\"description\":\"Eshop s n\u00e1rad\u00edm\",\"publisher\":{\"@id\":\"http:\\\/\\\/dafinoo.eu\\\/mirmar\\\/#organization\"},\"potentialAction\":[{\"@type\":\"SearchAction\",\"target\":{\"@type\":\"EntryPoint\",\"urlTemplate\":\"http:\\\/\\\/dafinoo.eu\\\/mirmar\\\/?s={search_term_string}\"},\"query-input\":{\"@type\":\"PropertyValueSpecification\",\"valueRequired\":true,\"valueName\":\"search_term_string\"}}],\"inLanguage\":\"sk-SK\"},{\"@type\":\"Organization\",\"@id\":\"http:\\\/\\\/dafinoo.eu\\\/mirmar\\\/#organization\",\"name\":\"MIR-MAR\",\"url\":\"http:\\\/\\\/dafinoo.eu\\\/mirmar\\\/\",\"logo\":{\"@type\":\"ImageObject\",\"inLanguage\":\"sk-SK\",\"@id\":\"http:\\\/\\\/dafinoo.eu\\\/mirmar\\\/#\\\/schema\\\/logo\\\/image\\\/\",\"url\":\"http:\\\/\\\/dafinoo.eu\\\/mirmar\\\/wp-content\\\/uploads\\\/2021\\\/03\\\/mirmar_logo.png\",\"contentUrl\":\"http:\\\/\\\/dafinoo.eu\\\/mirmar\\\/wp-content\\\/uploads\\\/2021\\\/03\\\/mirmar_logo.png\",\"width\":256,\"height\":60,\"caption\":\"MIR-MAR\"},\"image\":{\"@id\":\"http:\\\/\\\/dafinoo.eu\\\/mirmar\\\/#\\\/schema\\\/logo\\\/image\\\/\"},\"sameAs\":[\"https:\\\/\\\/facebook.com\\\/mirmareshop\"]}]}<\/script>\n<!-- \/ Yoast SEO plugin. -->","yoast_head_json":{"title":"Bosch GWS 24-300 J + SDS Professional - MIR-MAR","robots":{"index":"index","follow":"follow","max-snippet":"max-snippet:-1","max-image-preview":"max-image-preview:large","max-video-preview":"max-video-preview:-1"},"canonical":"http:\/\/dafinoo.eu\/mirmar\/obchod\/gws-24-300-j-sds-professional\/","og_locale":"sk_SK","og_type":"article","og_title":"Bosch GWS 24-300 J + SDS Professional - MIR-MAR","og_description":"Technick\u00e9 parametre: GWS 24-300 J + SDS Professional Menovit\u00fd pr\u00edkon 2.400 W Vo\u013enobe\u017en\u00e9 ot\u00e1\u010dky 5.000 min-1 V\u00fdkon 1.670 W Z\u00e1vit br\u00fasneho vretena M 14 \u00d8 kot\u00fa\u010da 300 mm V\u0155tanie, \u00d8 22,2 mm Hmotnos\u0165 10,3 kg Funkcie   * Obmedzova\u010d rozbehov\u00e9ho pr\u00fadu Inform\u00e1cia o hlu\u010dnosti a vibr\u00e1ci\u00e1ch Hodnoty merania zisten\u00e9 pod\u013ea EN 60745 \u00darove\u0148 hluku elektrick\u00e9ho n\u00e1radia s hodnoten\u00edm A je typicky: hladina akustick\u00e9ho tlaku 93 dB(A); hladina akustick\u00e9ho v\u00fdkonu 104 dB(A). Neistota K= 3 dB.","og_url":"http:\/\/dafinoo.eu\/mirmar\/obchod\/gws-24-300-j-sds-professional\/","og_site_name":"MIR-MAR","article_publisher":"https:\/\/facebook.com\/mirmareshop","article_modified_time":"2021-04-21T13:28:17+00:00","og_image":[{"width":240,"height":180,"url":"https:\/\/i2.wp.com\/www.mirmar.sk\/wp-content\/uploads\/2021\/03\/gws_24-300_j_sds_professional_1.jpg?fit=240%2C180&ssl=1","type":"image\/jpeg"}],"twitter_misc":{"Predpokladan\u00fd \u010das \u010d\u00edtania":"1 min\u00fata"},"schema":{"@context":"https:\/\/schema.org","@graph":[{"@type":"WebPage","@id":"http:\/\/dafinoo.eu\/mirmar\/obchod\/gws-24-300-j-sds-professional\/","url":"http:\/\/dafinoo.eu\/mirmar\/obchod\/gws-24-300-j-sds-professional\/","name":"Bosch GWS 24-300 J + SDS Professional - MIR-MAR","isPartOf":{"@id":"http:\/\/dafinoo.eu\/mirmar\/#website"},"primaryImageOfPage":{"@id":"http:\/\/dafinoo.eu\/mirmar\/obchod\/gws-24-300-j-sds-professional\/#primaryimage"},"image":{"@id":"http:\/\/dafinoo.eu\/mirmar\/obchod\/gws-24-300-j-sds-professional\/#primaryimage"},"thumbnailUrl":"http:\/\/dafinoo.eu\/mirmar\/wp-content\/uploads\/2021\/03\/gws_24-300_j_sds_professional_1.jpg","datePublished":"2021-03-15T16:24:52+00:00","dateModified":"2021-04-21T13:28:17+00:00","breadcrumb":{"@id":"http:\/\/dafinoo.eu\/mirmar\/obchod\/gws-24-300-j-sds-professional\/#breadcrumb"},"inLanguage":"sk-SK","potentialAction":[{"@type":"ReadAction","target":["http:\/\/dafinoo.eu\/mirmar\/obchod\/gws-24-300-j-sds-professional\/"]}]},{"@type":"ImageObject","inLanguage":"sk-SK","@id":"http:\/\/dafinoo.eu\/mirmar\/obchod\/gws-24-300-j-sds-professional\/#primaryimage","url":"http:\/\/dafinoo.eu\/mirmar\/wp-content\/uploads\/2021\/03\/gws_24-300_j_sds_professional_1.jpg","contentUrl":"http:\/\/dafinoo.eu\/mirmar\/wp-content\/uploads\/2021\/03\/gws_24-300_j_sds_professional_1.jpg","width":240,"height":180},{"@type":"BreadcrumbList","@id":"http:\/\/dafinoo.eu\/mirmar\/obchod\/gws-24-300-j-sds-professional\/#breadcrumb","itemListElement":[{"@type":"ListItem","position":1,"name":"Domovsk\u00e1 str\u00e1nka","item":"http:\/\/dafinoo.eu\/mirmar\/"},{"@type":"ListItem","position":2,"name":"Obchod","item":"http:\/\/dafinoo.eu\/mirmar\/obchod\/"},{"@type":"ListItem","position":3,"name":"Bosch GWS 24-300 J + SDS Professional"}]},{"@type":"WebSite","@id":"http:\/\/dafinoo.eu\/mirmar\/#website","url":"http:\/\/dafinoo.eu\/mirmar\/","name":"MIR-MAR","description":"Eshop s n\u00e1rad\u00edm","publisher":{"@id":"http:\/\/dafinoo.eu\/mirmar\/#organization"},"potentialAction":[{"@type":"SearchAction","target":{"@type":"EntryPoint","urlTemplate":"http:\/\/dafinoo.eu\/mirmar\/?s={search_term_string}"},"query-input":{"@type":"PropertyValueSpecification","valueRequired":true,"valueName":"search_term_string"}}],"inLanguage":"sk-SK"},{"@type":"Organization","@id":"http:\/\/dafinoo.eu\/mirmar\/#organization","name":"MIR-MAR","url":"http:\/\/dafinoo.eu\/mirmar\/","logo":{"@type":"ImageObject","inLanguage":"sk-SK","@id":"http:\/\/dafinoo.eu\/mirmar\/#\/schema\/logo\/image\/","url":"http:\/\/dafinoo.eu\/mirmar\/wp-content\/uploads\/2021\/03\/mirmar_logo.png","contentUrl":"http:\/\/dafinoo.eu\/mirmar\/wp-content\/uploads\/2021\/03\/mirmar_logo.png","width":256,"height":60,"caption":"MIR-MAR"},"image":{"@id":"http:\/\/dafinoo.eu\/mirmar\/#\/schema\/logo\/image\/"},"sameAs":["https:\/\/facebook.com\/mirmareshop"]}]}},"_links":{"self":[{"href":"http:\/\/dafinoo.eu\/mirmar\/wp-json\/wp\/v2\/product\/36770","targetHints":{"allow":["GET"]}}],"collection":[{"href":"http:\/\/dafinoo.eu\/mirmar\/wp-json\/wp\/v2\/product"}],"about":[{"href":"http:\/\/dafinoo.eu\/mirmar\/wp-json\/wp\/v2\/types\/product"}],"replies":[{"embeddable":true,"href":"http:\/\/dafinoo.eu\/mirmar\/wp-json\/wp\/v2\/comments?post=36770"}],"wp:featuredmedia":[{"embeddable":true,"href":"http:\/\/dafinoo.eu\/mirmar\/wp-json\/wp\/v2\/media\/36771"}],"wp:attachment":[{"href":"http:\/\/dafinoo.eu\/mirmar\/wp-json\/wp\/v2\/media?parent=36770"}],"wp:term":[{"taxonomy":"product_cat","embeddable":true,"href":"http:\/\/dafinoo.eu\/mirmar\/wp-json\/wp\/v2\/product_cat?post=36770"},{"taxonomy":"product_tag","embeddable":true,"href":"http:\/\/dafinoo.eu\/mirmar\/wp-json\/wp\/v2\/product_tag?post=36770"}],"curies":[{"name":"wp","href":"https:\/\/api.w.org\/{rel}","templated":true}]}}