{"id":36786,"date":"2021-03-15T17:24:52","date_gmt":"2021-03-15T16:24:52","guid":{"rendered":"http:\/\/dafinoo.eu\/mirmar\/product\/ggs-8-ce-professional\/"},"modified":"2021-04-21T15:28:06","modified_gmt":"2021-04-21T13:28:06","slug":"ggs-8-ce-professional","status":"publish","type":"product","link":"http:\/\/dafinoo.eu\/mirmar\/obchod\/ggs-8-ce-professional\/","title":{"rendered":"Bosch GGS 8 CE Professional"},"content":{"rendered":"<p>Prednosti: GGS 8 CE Professional<br \/>\nV\u00fdkonn\u00fd \u0161pecialista na povrchy<\/p>\n<p>    * V\u00fdkonn\u00fd motor s pr\u00edkonom 750 W s plynul\u00fdm rozbehom na r\u00fdchly postup pr\u00e1ce<br \/>\n    * Praktick\u00e1 kon\u0161trukcia a vysok\u00fd kr\u00fatiaci moment \u2013 ide\u00e1lna na br\u00fasenie pl\u00f4ch s lamelov\u00fdmi kot\u00fa\u010dmi, kefami a in\u00fdm pr\u00edslu\u0161enstvom<br \/>\n    * KickBack Stop: Rozpozn\u00e1 zaseknutie kot\u00fa\u010da a okam\u017eite vypne motor &#8211; zabezpe\u010duje vysok\u00fa ochranu pou\u017e\u00edvate\u013ea<br \/>\n    * Nov\u00fd up\u00ednac\u00ed syst\u00e9m na upnutie br\u00fasnych teliesok bez v\u00f4le pre presn\u00fa pr\u00e1cu<br \/>\n    * N\u00edzke servisn\u00e9 n\u00e1klady v\u010faka vylep\u0161enej \u017eivotnosti uhl\u00edkov<br \/>\n    * S kon\u0161tantnou elektronikou pre udr\u017eiavanie kon\u0161tantn\u00fdch ot\u00e1\u010dok aj pri vysokej z\u00e1\u0165a\u017ei<br \/>\n    * Samovyp\u00ednacie uhl\u00edky pre vysok\u00fa ochranu motora<br \/>\n    * Priame chladenie pre vysok\u00fa odolnos\u0165 vo\u010di pre\u0165a\u017eeniu a dlh\u00fa \u017eivotnos\u0165<br \/>\n    * N\u00edzke servisn\u00e9 n\u00e1klady v\u010faka vylep\u0161enej \u017eivotnosti uhl\u00edkov<\/p>\n","protected":false},"excerpt":{"rendered":"<p>Technick\u00e9 parametre: GGS 8 CE Professional<br \/>\nVo\u013enobe\u017en\u00e9 ot\u00e1\u010dky\t2.500 \u2013 8.000 min-1<br \/>\nUp\u00ednanie n\u00e1strojov\tUp\u00ednacia klie\u0161tina do 8 mm<br \/>\nMenovit\u00fd pr\u00edkon\t750 W<br \/>\nV\u00fdkon\t420 W<br \/>\n\u00d8 kr\u010dka vretena\t43 mm<br \/>\nHmotnos\u0165\t1,7 kg<br \/>\nD\u013a\u017eka\t387 mm<br \/>\nV\u00fd\u0161ka\t77 mm<br \/>\nMax. \u00d8 up\u00ednacej klie\u0161tiny\t8 mm mm<br \/>\nMax. \u00d8 br\u00fasneho n\u00e1stroja\t50 mm<br \/>\nK\u013e\u00fa\u010dov\u00e9 plochy up\u00ednacej matice\t19 mm\u00b2<br \/>\nK\u013e\u00fa\u010dov\u00e9 plochy vybrusovacieho vretena\t13 mm\u00b2<br \/>\nMax. \u00d8 le\u0161tiaceho n\u00e1stroja\t80 mm<br \/>\nFunkcie<\/p>\n<p>    * Kon\u0161tantn\u00e1 elektronika<br \/>\n    * Elektronika<br \/>\n    * Motor Champion<br \/>\n    * Priame chladenie<br \/>\n    * Vyp\u00ednanie pri sp\u00e4tnom r\u00e1ze<br \/>\n    * Plynul\u00fd rozbeh<br \/>\n    * Ochrana proti pre\u0165a\u017eeniu<\/p>\n<p>Inform\u00e1cia o hlu\u010dnosti a vibr\u00e1ci\u00e1ch<\/p>\n<p>Hodnoty merania zisten\u00e9 pod\u013ea EN 60745<br \/>\nCelkov\u00e9 hodnoty vibr\u00e1ci\u00ed (s\u00fa\u010det vektorov v troch smeroch)<br \/>\nObrusovanie povrchovej plochy do \u00d8 25<br \/>\nHodnota emisie vibr\u00e1ci\u00ed ah\t2.5 m\/s\u00b2<br \/>\nNepresnos\u0165 K\t1.5 m\/s\u00b2<br \/>\nObrusovanie povrchovej plochy do \u00d8 50<br \/>\nHodnota emisie vibr\u00e1ci\u00ed ah\t2.5 m\/s\u00b2<\/p>\n<p>\u00darove\u0148 hluku elektrick\u00e9ho n\u00e1radia s hodnoten\u00edm A je typicky: hladina akustick\u00e9ho tlaku 82 dB(A); hladina akustick\u00e9ho v\u00fdkonu 93 dB(A). Neistota K= 3 dB.<\/p>\n","protected":false},"featured_media":36787,"comment_status":"closed","ping_status":"open","template":"","meta":{"_lmt_disableupdate":"","_lmt_disable":""},"product_cat":[3216,3210,3106],"product_tag":[],"class_list":{"0":"post-36786","1":"product","2":"type-product","3":"status-publish","4":"has-post-thumbnail","6":"product_cat-priame-brusky-uhlove-brusky-opracuvanie-kovov-uhlove-brusky-opracuvanie-kovov","7":"product_cat-uhlove-brusky-opracuvanie-kovov","8":"product_cat-bosch","9":"ts_product_brand-bosh","11":"first","12":"instock","13":"taxable","14":"shipping-taxable","15":"purchasable","16":"product-type-simple"},"yoast_head":"<!-- This site is optimized with the Yoast SEO plugin v27.3 - https:\/\/yoast.com\/product\/yoast-seo-wordpress\/ -->\n<title>Bosch GGS 8 CE Professional - MIR-MAR<\/title>\n<meta name=\"robots\" content=\"index, follow, max-snippet:-1, max-image-preview:large, max-video-preview:-1\" \/>\n<link rel=\"canonical\" href=\"http:\/\/dafinoo.eu\/mirmar\/obchod\/ggs-8-ce-professional\/\" \/>\n<meta property=\"og:locale\" content=\"sk_SK\" \/>\n<meta property=\"og:type\" content=\"article\" \/>\n<meta property=\"og:title\" content=\"Bosch GGS 8 CE Professional - MIR-MAR\" \/>\n<meta property=\"og:description\" content=\"Technick\u00e9 parametre: GGS 8 CE Professional Vo\u013enobe\u017en\u00e9 ot\u00e1\u010dky 2.500 \u2013 8.000 min-1 Up\u00ednanie n\u00e1strojov Up\u00ednacia klie\u0161tina do 8 mm Menovit\u00fd pr\u00edkon 750 W V\u00fdkon 420 W \u00d8 kr\u010dka vretena 43 mm Hmotnos\u0165 1,7 kg D\u013a\u017eka 387 mm V\u00fd\u0161ka 77 mm Max. \u00d8 up\u00ednacej klie\u0161tiny 8 mm mm Max. \u00d8 br\u00fasneho n\u00e1stroja 50 mm K\u013e\u00fa\u010dov\u00e9 plochy up\u00ednacej matice 19 mm\u00b2 K\u013e\u00fa\u010dov\u00e9 plochy vybrusovacieho vretena 13 mm\u00b2 Max. \u00d8 le\u0161tiaceho n\u00e1stroja 80 mm Funkcie   * Kon\u0161tantn\u00e1 elektronika   * Elektronika   * Motor Champion   * Priame chladenie   * Vyp\u00ednanie pri sp\u00e4tnom r\u00e1ze   * Plynul\u00fd rozbeh   * Ochrana proti pre\u0165a\u017eeniu Inform\u00e1cia o hlu\u010dnosti a vibr\u00e1ci\u00e1ch Hodnoty merania zisten\u00e9 pod\u013ea EN 60745 Celkov\u00e9 hodnoty vibr\u00e1ci\u00ed (s\u00fa\u010det vektorov v troch smeroch) Obrusovanie povrchovej plochy do \u00d8 25 Hodnota emisie vibr\u00e1ci\u00ed ah 2.5 m\/s\u00b2 Nepresnos\u0165 K 1.5 m\/s\u00b2 Obrusovanie povrchovej plochy do \u00d8 50 Hodnota emisie vibr\u00e1ci\u00ed ah 2.5 m\/s\u00b2 \u00darove\u0148 hluku elektrick\u00e9ho n\u00e1radia s hodnoten\u00edm A je typicky: hladina akustick\u00e9ho tlaku 82 dB(A); hladina akustick\u00e9ho v\u00fdkonu 93 dB(A). Neistota K= 3 dB.\" \/>\n<meta property=\"og:url\" content=\"http:\/\/dafinoo.eu\/mirmar\/obchod\/ggs-8-ce-professional\/\" \/>\n<meta property=\"og:site_name\" content=\"MIR-MAR\" \/>\n<meta property=\"article:publisher\" content=\"https:\/\/facebook.com\/mirmareshop\" \/>\n<meta property=\"article:modified_time\" content=\"2021-04-21T13:28:06+00:00\" \/>\n<meta property=\"og:image\" content=\"https:\/\/i2.wp.com\/www.mirmar.sk\/wp-content\/uploads\/2021\/03\/ggs_8_ce_professional_1.jpg?fit=310%2C163&ssl=1\" \/>\n\t<meta property=\"og:image:width\" content=\"310\" \/>\n\t<meta property=\"og:image:height\" content=\"163\" \/>\n\t<meta property=\"og:image:type\" content=\"image\/jpeg\" \/>\n<meta name=\"twitter:label1\" content=\"Predpokladan\u00fd \u010das \u010d\u00edtania\" \/>\n\t<meta name=\"twitter:data1\" content=\"1 min\u00fata\" \/>\n<script type=\"application\/ld+json\" class=\"yoast-schema-graph\">{\"@context\":\"https:\\\/\\\/schema.org\",\"@graph\":[{\"@type\":\"WebPage\",\"@id\":\"http:\\\/\\\/dafinoo.eu\\\/mirmar\\\/obchod\\\/ggs-8-ce-professional\\\/\",\"url\":\"http:\\\/\\\/dafinoo.eu\\\/mirmar\\\/obchod\\\/ggs-8-ce-professional\\\/\",\"name\":\"Bosch GGS 8 CE Professional - MIR-MAR\",\"isPartOf\":{\"@id\":\"http:\\\/\\\/dafinoo.eu\\\/mirmar\\\/#website\"},\"primaryImageOfPage\":{\"@id\":\"http:\\\/\\\/dafinoo.eu\\\/mirmar\\\/obchod\\\/ggs-8-ce-professional\\\/#primaryimage\"},\"image\":{\"@id\":\"http:\\\/\\\/dafinoo.eu\\\/mirmar\\\/obchod\\\/ggs-8-ce-professional\\\/#primaryimage\"},\"thumbnailUrl\":\"http:\\\/\\\/dafinoo.eu\\\/mirmar\\\/wp-content\\\/uploads\\\/2021\\\/03\\\/ggs_8_ce_professional_1.jpg\",\"datePublished\":\"2021-03-15T16:24:52+00:00\",\"dateModified\":\"2021-04-21T13:28:06+00:00\",\"breadcrumb\":{\"@id\":\"http:\\\/\\\/dafinoo.eu\\\/mirmar\\\/obchod\\\/ggs-8-ce-professional\\\/#breadcrumb\"},\"inLanguage\":\"sk-SK\",\"potentialAction\":[{\"@type\":\"ReadAction\",\"target\":[\"http:\\\/\\\/dafinoo.eu\\\/mirmar\\\/obchod\\\/ggs-8-ce-professional\\\/\"]}]},{\"@type\":\"ImageObject\",\"inLanguage\":\"sk-SK\",\"@id\":\"http:\\\/\\\/dafinoo.eu\\\/mirmar\\\/obchod\\\/ggs-8-ce-professional\\\/#primaryimage\",\"url\":\"http:\\\/\\\/dafinoo.eu\\\/mirmar\\\/wp-content\\\/uploads\\\/2021\\\/03\\\/ggs_8_ce_professional_1.jpg\",\"contentUrl\":\"http:\\\/\\\/dafinoo.eu\\\/mirmar\\\/wp-content\\\/uploads\\\/2021\\\/03\\\/ggs_8_ce_professional_1.jpg\",\"width\":310,\"height\":163},{\"@type\":\"BreadcrumbList\",\"@id\":\"http:\\\/\\\/dafinoo.eu\\\/mirmar\\\/obchod\\\/ggs-8-ce-professional\\\/#breadcrumb\",\"itemListElement\":[{\"@type\":\"ListItem\",\"position\":1,\"name\":\"Domovsk\u00e1 str\u00e1nka\",\"item\":\"http:\\\/\\\/dafinoo.eu\\\/mirmar\\\/\"},{\"@type\":\"ListItem\",\"position\":2,\"name\":\"Obchod\",\"item\":\"http:\\\/\\\/dafinoo.eu\\\/mirmar\\\/obchod\\\/\"},{\"@type\":\"ListItem\",\"position\":3,\"name\":\"Bosch GGS 8 CE Professional\"}]},{\"@type\":\"WebSite\",\"@id\":\"http:\\\/\\\/dafinoo.eu\\\/mirmar\\\/#website\",\"url\":\"http:\\\/\\\/dafinoo.eu\\\/mirmar\\\/\",\"name\":\"MIR-MAR\",\"description\":\"Eshop s n\u00e1rad\u00edm\",\"publisher\":{\"@id\":\"http:\\\/\\\/dafinoo.eu\\\/mirmar\\\/#organization\"},\"potentialAction\":[{\"@type\":\"SearchAction\",\"target\":{\"@type\":\"EntryPoint\",\"urlTemplate\":\"http:\\\/\\\/dafinoo.eu\\\/mirmar\\\/?s={search_term_string}\"},\"query-input\":{\"@type\":\"PropertyValueSpecification\",\"valueRequired\":true,\"valueName\":\"search_term_string\"}}],\"inLanguage\":\"sk-SK\"},{\"@type\":\"Organization\",\"@id\":\"http:\\\/\\\/dafinoo.eu\\\/mirmar\\\/#organization\",\"name\":\"MIR-MAR\",\"url\":\"http:\\\/\\\/dafinoo.eu\\\/mirmar\\\/\",\"logo\":{\"@type\":\"ImageObject\",\"inLanguage\":\"sk-SK\",\"@id\":\"http:\\\/\\\/dafinoo.eu\\\/mirmar\\\/#\\\/schema\\\/logo\\\/image\\\/\",\"url\":\"http:\\\/\\\/dafinoo.eu\\\/mirmar\\\/wp-content\\\/uploads\\\/2021\\\/03\\\/mirmar_logo.png\",\"contentUrl\":\"http:\\\/\\\/dafinoo.eu\\\/mirmar\\\/wp-content\\\/uploads\\\/2021\\\/03\\\/mirmar_logo.png\",\"width\":256,\"height\":60,\"caption\":\"MIR-MAR\"},\"image\":{\"@id\":\"http:\\\/\\\/dafinoo.eu\\\/mirmar\\\/#\\\/schema\\\/logo\\\/image\\\/\"},\"sameAs\":[\"https:\\\/\\\/facebook.com\\\/mirmareshop\"]}]}<\/script>\n<!-- \/ Yoast SEO plugin. -->","yoast_head_json":{"title":"Bosch GGS 8 CE Professional - MIR-MAR","robots":{"index":"index","follow":"follow","max-snippet":"max-snippet:-1","max-image-preview":"max-image-preview:large","max-video-preview":"max-video-preview:-1"},"canonical":"http:\/\/dafinoo.eu\/mirmar\/obchod\/ggs-8-ce-professional\/","og_locale":"sk_SK","og_type":"article","og_title":"Bosch GGS 8 CE Professional - MIR-MAR","og_description":"Technick\u00e9 parametre: GGS 8 CE Professional Vo\u013enobe\u017en\u00e9 ot\u00e1\u010dky 2.500 \u2013 8.000 min-1 Up\u00ednanie n\u00e1strojov Up\u00ednacia klie\u0161tina do 8 mm Menovit\u00fd pr\u00edkon 750 W V\u00fdkon 420 W \u00d8 kr\u010dka vretena 43 mm Hmotnos\u0165 1,7 kg D\u013a\u017eka 387 mm V\u00fd\u0161ka 77 mm Max. \u00d8 up\u00ednacej klie\u0161tiny 8 mm mm Max. \u00d8 br\u00fasneho n\u00e1stroja 50 mm K\u013e\u00fa\u010dov\u00e9 plochy up\u00ednacej matice 19 mm\u00b2 K\u013e\u00fa\u010dov\u00e9 plochy vybrusovacieho vretena 13 mm\u00b2 Max. \u00d8 le\u0161tiaceho n\u00e1stroja 80 mm Funkcie   * Kon\u0161tantn\u00e1 elektronika   * Elektronika   * Motor Champion   * Priame chladenie   * Vyp\u00ednanie pri sp\u00e4tnom r\u00e1ze   * Plynul\u00fd rozbeh   * Ochrana proti pre\u0165a\u017eeniu Inform\u00e1cia o hlu\u010dnosti a vibr\u00e1ci\u00e1ch Hodnoty merania zisten\u00e9 pod\u013ea EN 60745 Celkov\u00e9 hodnoty vibr\u00e1ci\u00ed (s\u00fa\u010det vektorov v troch smeroch) Obrusovanie povrchovej plochy do \u00d8 25 Hodnota emisie vibr\u00e1ci\u00ed ah 2.5 m\/s\u00b2 Nepresnos\u0165 K 1.5 m\/s\u00b2 Obrusovanie povrchovej plochy do \u00d8 50 Hodnota emisie vibr\u00e1ci\u00ed ah 2.5 m\/s\u00b2 \u00darove\u0148 hluku elektrick\u00e9ho n\u00e1radia s hodnoten\u00edm A je typicky: hladina akustick\u00e9ho tlaku 82 dB(A); hladina akustick\u00e9ho v\u00fdkonu 93 dB(A). Neistota K= 3 dB.","og_url":"http:\/\/dafinoo.eu\/mirmar\/obchod\/ggs-8-ce-professional\/","og_site_name":"MIR-MAR","article_publisher":"https:\/\/facebook.com\/mirmareshop","article_modified_time":"2021-04-21T13:28:06+00:00","og_image":[{"width":310,"height":163,"url":"https:\/\/i2.wp.com\/www.mirmar.sk\/wp-content\/uploads\/2021\/03\/ggs_8_ce_professional_1.jpg?fit=310%2C163&ssl=1","type":"image\/jpeg"}],"twitter_misc":{"Predpokladan\u00fd \u010das \u010d\u00edtania":"1 min\u00fata"},"schema":{"@context":"https:\/\/schema.org","@graph":[{"@type":"WebPage","@id":"http:\/\/dafinoo.eu\/mirmar\/obchod\/ggs-8-ce-professional\/","url":"http:\/\/dafinoo.eu\/mirmar\/obchod\/ggs-8-ce-professional\/","name":"Bosch GGS 8 CE Professional - MIR-MAR","isPartOf":{"@id":"http:\/\/dafinoo.eu\/mirmar\/#website"},"primaryImageOfPage":{"@id":"http:\/\/dafinoo.eu\/mirmar\/obchod\/ggs-8-ce-professional\/#primaryimage"},"image":{"@id":"http:\/\/dafinoo.eu\/mirmar\/obchod\/ggs-8-ce-professional\/#primaryimage"},"thumbnailUrl":"http:\/\/dafinoo.eu\/mirmar\/wp-content\/uploads\/2021\/03\/ggs_8_ce_professional_1.jpg","datePublished":"2021-03-15T16:24:52+00:00","dateModified":"2021-04-21T13:28:06+00:00","breadcrumb":{"@id":"http:\/\/dafinoo.eu\/mirmar\/obchod\/ggs-8-ce-professional\/#breadcrumb"},"inLanguage":"sk-SK","potentialAction":[{"@type":"ReadAction","target":["http:\/\/dafinoo.eu\/mirmar\/obchod\/ggs-8-ce-professional\/"]}]},{"@type":"ImageObject","inLanguage":"sk-SK","@id":"http:\/\/dafinoo.eu\/mirmar\/obchod\/ggs-8-ce-professional\/#primaryimage","url":"http:\/\/dafinoo.eu\/mirmar\/wp-content\/uploads\/2021\/03\/ggs_8_ce_professional_1.jpg","contentUrl":"http:\/\/dafinoo.eu\/mirmar\/wp-content\/uploads\/2021\/03\/ggs_8_ce_professional_1.jpg","width":310,"height":163},{"@type":"BreadcrumbList","@id":"http:\/\/dafinoo.eu\/mirmar\/obchod\/ggs-8-ce-professional\/#breadcrumb","itemListElement":[{"@type":"ListItem","position":1,"name":"Domovsk\u00e1 str\u00e1nka","item":"http:\/\/dafinoo.eu\/mirmar\/"},{"@type":"ListItem","position":2,"name":"Obchod","item":"http:\/\/dafinoo.eu\/mirmar\/obchod\/"},{"@type":"ListItem","position":3,"name":"Bosch GGS 8 CE Professional"}]},{"@type":"WebSite","@id":"http:\/\/dafinoo.eu\/mirmar\/#website","url":"http:\/\/dafinoo.eu\/mirmar\/","name":"MIR-MAR","description":"Eshop s n\u00e1rad\u00edm","publisher":{"@id":"http:\/\/dafinoo.eu\/mirmar\/#organization"},"potentialAction":[{"@type":"SearchAction","target":{"@type":"EntryPoint","urlTemplate":"http:\/\/dafinoo.eu\/mirmar\/?s={search_term_string}"},"query-input":{"@type":"PropertyValueSpecification","valueRequired":true,"valueName":"search_term_string"}}],"inLanguage":"sk-SK"},{"@type":"Organization","@id":"http:\/\/dafinoo.eu\/mirmar\/#organization","name":"MIR-MAR","url":"http:\/\/dafinoo.eu\/mirmar\/","logo":{"@type":"ImageObject","inLanguage":"sk-SK","@id":"http:\/\/dafinoo.eu\/mirmar\/#\/schema\/logo\/image\/","url":"http:\/\/dafinoo.eu\/mirmar\/wp-content\/uploads\/2021\/03\/mirmar_logo.png","contentUrl":"http:\/\/dafinoo.eu\/mirmar\/wp-content\/uploads\/2021\/03\/mirmar_logo.png","width":256,"height":60,"caption":"MIR-MAR"},"image":{"@id":"http:\/\/dafinoo.eu\/mirmar\/#\/schema\/logo\/image\/"},"sameAs":["https:\/\/facebook.com\/mirmareshop"]}]}},"_links":{"self":[{"href":"http:\/\/dafinoo.eu\/mirmar\/wp-json\/wp\/v2\/product\/36786","targetHints":{"allow":["GET"]}}],"collection":[{"href":"http:\/\/dafinoo.eu\/mirmar\/wp-json\/wp\/v2\/product"}],"about":[{"href":"http:\/\/dafinoo.eu\/mirmar\/wp-json\/wp\/v2\/types\/product"}],"replies":[{"embeddable":true,"href":"http:\/\/dafinoo.eu\/mirmar\/wp-json\/wp\/v2\/comments?post=36786"}],"wp:featuredmedia":[{"embeddable":true,"href":"http:\/\/dafinoo.eu\/mirmar\/wp-json\/wp\/v2\/media\/36787"}],"wp:attachment":[{"href":"http:\/\/dafinoo.eu\/mirmar\/wp-json\/wp\/v2\/media?parent=36786"}],"wp:term":[{"taxonomy":"product_cat","embeddable":true,"href":"http:\/\/dafinoo.eu\/mirmar\/wp-json\/wp\/v2\/product_cat?post=36786"},{"taxonomy":"product_tag","embeddable":true,"href":"http:\/\/dafinoo.eu\/mirmar\/wp-json\/wp\/v2\/product_tag?post=36786"}],"curies":[{"name":"wp","href":"https:\/\/api.w.org\/{rel}","templated":true}]}}