{"id":36792,"date":"2021-03-15T17:24:52","date_gmt":"2021-03-15T16:24:52","guid":{"rendered":"http:\/\/dafinoo.eu\/mirmar\/product\/bosch-gna-16-sds-professional-bosch\/"},"modified":"2021-04-19T19:42:50","modified_gmt":"2021-04-19T17:42:50","slug":"bosch-gna-16-sds-professional-bosch","status":"publish","type":"product","link":"http:\/\/dafinoo.eu\/mirmar\/obchod\/bosch-gna-16-sds-professional-bosch\/","title":{"rendered":"Bosch GNA 16 (SDS) Professional Bosch"},"content":{"rendered":"<p>Prednosti: GNA 16 (SDS) Professional<br \/>\nNajmen\u0161\u00ed a najpraktickej\u0161\u00ed spomedzi prestrihova\u010dov Bosch<\/p>\n<p>    * \u0160t\u00edhly, \u00fazky tvar pre optim\u00e1lne dr\u017eanie<br \/>\n    * Ide\u00e1lne na vystrihovanie otvorov<br \/>\n    * Mo\u017enos\u0165 jednoduch\u00e9ho vystrihovania pod\u013ea n\u00e1kresu a \u0161abl\u00f3ny<br \/>\n    * Zaaretovate\u013en\u00e1 matrica pre rovn\u00e9 rezy<br \/>\n    * Razn\u00edk a matrica vymenite\u013en\u00e9 bez n\u00e1strojov (SDS)<br \/>\n    * \u013dahko vymenite\u013en\u00e9 strihacie n\u00e1stroje<\/p>\n","protected":false},"excerpt":{"rendered":"<p>Technick\u00e9 parametre: GNA 16 (SDS) Professional<br \/>\nOprac\u00favate\u013en\u00fd materi\u00e1l\tOce\u013e do 400 N\/mm\u00b2 pri 1,6 mm<br \/>\n\u0160\u00edrka prestrihu\t5 mm<br \/>\nPredv\u0155tanie na strihanie v\u00fdrezov\t21 mm<br \/>\nNajmen\u0161\u00ed polomer strihu\t40 mm<br \/>\nPo\u010det zdvihov pri z\u00e1\u0165a\u017ei\t1.600 min-1<br \/>\nPo\u010det zdvihov vo vo\u013enobehu\t2.200 min-1<br \/>\nHmotnos\u0165\t1,7 kg<br \/>\nD\u013a\u017eka\t289 mm<br \/>\nV\u00fd\u0161ka\t142 mm<br \/>\nKapacita rezania &#8211; oce\u013e (400 N\/mm\u00b2), max.\t1,6 mm<br \/>\nKapacita rezania &#8211; oce\u013e (600 N\/mm\u00b2), max.\t1,0 mm<br \/>\nKapacita rezania &#8211; oce\u013e (800 N\/mm\u00b2), max.\t0,7 mm<br \/>\nKapacita rezania &#8211; hlin\u00edk (200 N\/mm\u00b2), max.\t2,0 mm<br \/>\nElektrick\u00e9 charakteristiky<br \/>\nMenovit\u00fd pr\u00edkon\t350 W<br \/>\nV\u00fdkon\t160 W<br \/>\nFunkcie<\/p>\n<p>    * Syst\u00e9m Bosch SDS<\/p>\n","protected":false},"featured_media":36793,"comment_status":"closed","ping_status":"open","template":"","meta":{"_lmt_disableupdate":"","_lmt_disable":""},"product_cat":[3106],"product_tag":[],"class_list":{"0":"post-36792","1":"product","2":"type-product","3":"status-publish","4":"has-post-thumbnail","6":"product_cat-bosch","7":"ts_product_brand-bosh","9":"first","10":"instock","11":"taxable","12":"shipping-taxable","13":"purchasable","14":"product-type-simple"},"yoast_head":"<!-- This site is optimized with the Yoast SEO plugin v27.3 - https:\/\/yoast.com\/product\/yoast-seo-wordpress\/ -->\n<title>Bosch GNA 16 (SDS) Professional Bosch - MIR-MAR<\/title>\n<meta name=\"robots\" content=\"index, follow, max-snippet:-1, max-image-preview:large, max-video-preview:-1\" \/>\n<link rel=\"canonical\" href=\"http:\/\/dafinoo.eu\/mirmar\/obchod\/bosch-gna-16-sds-professional-bosch\/\" \/>\n<meta property=\"og:locale\" content=\"sk_SK\" \/>\n<meta property=\"og:type\" content=\"article\" \/>\n<meta property=\"og:title\" content=\"Bosch GNA 16 (SDS) Professional Bosch - MIR-MAR\" \/>\n<meta property=\"og:description\" content=\"Technick\u00e9 parametre: GNA 16 (SDS) Professional Oprac\u00favate\u013en\u00fd materi\u00e1l Oce\u013e do 400 N\/mm\u00b2 pri 1,6 mm \u0160\u00edrka prestrihu 5 mm Predv\u0155tanie na strihanie v\u00fdrezov 21 mm Najmen\u0161\u00ed polomer strihu 40 mm Po\u010det zdvihov pri z\u00e1\u0165a\u017ei 1.600 min-1 Po\u010det zdvihov vo vo\u013enobehu 2.200 min-1 Hmotnos\u0165 1,7 kg D\u013a\u017eka 289 mm V\u00fd\u0161ka 142 mm Kapacita rezania - oce\u013e (400 N\/mm\u00b2), max. 1,6 mm Kapacita rezania - oce\u013e (600 N\/mm\u00b2), max. 1,0 mm Kapacita rezania - oce\u013e (800 N\/mm\u00b2), max. 0,7 mm Kapacita rezania - hlin\u00edk (200 N\/mm\u00b2), max. 2,0 mm Elektrick\u00e9 charakteristiky Menovit\u00fd pr\u00edkon 350 W V\u00fdkon 160 W Funkcie   * Syst\u00e9m Bosch SDS\" \/>\n<meta property=\"og:url\" content=\"http:\/\/dafinoo.eu\/mirmar\/obchod\/bosch-gna-16-sds-professional-bosch\/\" \/>\n<meta property=\"og:site_name\" content=\"MIR-MAR\" \/>\n<meta property=\"article:publisher\" content=\"https:\/\/facebook.com\/mirmareshop\" \/>\n<meta property=\"article:modified_time\" content=\"2021-04-19T17:42:50+00:00\" \/>\n<meta property=\"og:image\" content=\"https:\/\/i1.wp.com\/www.mirmar.sk\/wp-content\/uploads\/2021\/03\/gna_16_sds_professional_1.jpg?fit=263%2C192&ssl=1\" \/>\n\t<meta property=\"og:image:width\" content=\"263\" \/>\n\t<meta property=\"og:image:height\" content=\"192\" \/>\n\t<meta property=\"og:image:type\" content=\"image\/jpeg\" \/>\n<script type=\"application\/ld+json\" class=\"yoast-schema-graph\">{\"@context\":\"https:\\\/\\\/schema.org\",\"@graph\":[{\"@type\":\"WebPage\",\"@id\":\"http:\\\/\\\/dafinoo.eu\\\/mirmar\\\/obchod\\\/bosch-gna-16-sds-professional-bosch\\\/\",\"url\":\"http:\\\/\\\/dafinoo.eu\\\/mirmar\\\/obchod\\\/bosch-gna-16-sds-professional-bosch\\\/\",\"name\":\"Bosch GNA 16 (SDS) Professional Bosch - MIR-MAR\",\"isPartOf\":{\"@id\":\"http:\\\/\\\/dafinoo.eu\\\/mirmar\\\/#website\"},\"primaryImageOfPage\":{\"@id\":\"http:\\\/\\\/dafinoo.eu\\\/mirmar\\\/obchod\\\/bosch-gna-16-sds-professional-bosch\\\/#primaryimage\"},\"image\":{\"@id\":\"http:\\\/\\\/dafinoo.eu\\\/mirmar\\\/obchod\\\/bosch-gna-16-sds-professional-bosch\\\/#primaryimage\"},\"thumbnailUrl\":\"http:\\\/\\\/dafinoo.eu\\\/mirmar\\\/wp-content\\\/uploads\\\/2021\\\/03\\\/gna_16_sds_professional_1.jpg\",\"datePublished\":\"2021-03-15T16:24:52+00:00\",\"dateModified\":\"2021-04-19T17:42:50+00:00\",\"breadcrumb\":{\"@id\":\"http:\\\/\\\/dafinoo.eu\\\/mirmar\\\/obchod\\\/bosch-gna-16-sds-professional-bosch\\\/#breadcrumb\"},\"inLanguage\":\"sk-SK\",\"potentialAction\":[{\"@type\":\"ReadAction\",\"target\":[\"http:\\\/\\\/dafinoo.eu\\\/mirmar\\\/obchod\\\/bosch-gna-16-sds-professional-bosch\\\/\"]}]},{\"@type\":\"ImageObject\",\"inLanguage\":\"sk-SK\",\"@id\":\"http:\\\/\\\/dafinoo.eu\\\/mirmar\\\/obchod\\\/bosch-gna-16-sds-professional-bosch\\\/#primaryimage\",\"url\":\"http:\\\/\\\/dafinoo.eu\\\/mirmar\\\/wp-content\\\/uploads\\\/2021\\\/03\\\/gna_16_sds_professional_1.jpg\",\"contentUrl\":\"http:\\\/\\\/dafinoo.eu\\\/mirmar\\\/wp-content\\\/uploads\\\/2021\\\/03\\\/gna_16_sds_professional_1.jpg\",\"width\":263,\"height\":192},{\"@type\":\"BreadcrumbList\",\"@id\":\"http:\\\/\\\/dafinoo.eu\\\/mirmar\\\/obchod\\\/bosch-gna-16-sds-professional-bosch\\\/#breadcrumb\",\"itemListElement\":[{\"@type\":\"ListItem\",\"position\":1,\"name\":\"Domovsk\u00e1 str\u00e1nka\",\"item\":\"http:\\\/\\\/dafinoo.eu\\\/mirmar\\\/\"},{\"@type\":\"ListItem\",\"position\":2,\"name\":\"Obchod\",\"item\":\"http:\\\/\\\/dafinoo.eu\\\/mirmar\\\/obchod\\\/\"},{\"@type\":\"ListItem\",\"position\":3,\"name\":\"Bosch GNA 16 (SDS) Professional Bosch\"}]},{\"@type\":\"WebSite\",\"@id\":\"http:\\\/\\\/dafinoo.eu\\\/mirmar\\\/#website\",\"url\":\"http:\\\/\\\/dafinoo.eu\\\/mirmar\\\/\",\"name\":\"MIR-MAR\",\"description\":\"Eshop s n\u00e1rad\u00edm\",\"publisher\":{\"@id\":\"http:\\\/\\\/dafinoo.eu\\\/mirmar\\\/#organization\"},\"potentialAction\":[{\"@type\":\"SearchAction\",\"target\":{\"@type\":\"EntryPoint\",\"urlTemplate\":\"http:\\\/\\\/dafinoo.eu\\\/mirmar\\\/?s={search_term_string}\"},\"query-input\":{\"@type\":\"PropertyValueSpecification\",\"valueRequired\":true,\"valueName\":\"search_term_string\"}}],\"inLanguage\":\"sk-SK\"},{\"@type\":\"Organization\",\"@id\":\"http:\\\/\\\/dafinoo.eu\\\/mirmar\\\/#organization\",\"name\":\"MIR-MAR\",\"url\":\"http:\\\/\\\/dafinoo.eu\\\/mirmar\\\/\",\"logo\":{\"@type\":\"ImageObject\",\"inLanguage\":\"sk-SK\",\"@id\":\"http:\\\/\\\/dafinoo.eu\\\/mirmar\\\/#\\\/schema\\\/logo\\\/image\\\/\",\"url\":\"http:\\\/\\\/dafinoo.eu\\\/mirmar\\\/wp-content\\\/uploads\\\/2021\\\/03\\\/mirmar_logo.png\",\"contentUrl\":\"http:\\\/\\\/dafinoo.eu\\\/mirmar\\\/wp-content\\\/uploads\\\/2021\\\/03\\\/mirmar_logo.png\",\"width\":256,\"height\":60,\"caption\":\"MIR-MAR\"},\"image\":{\"@id\":\"http:\\\/\\\/dafinoo.eu\\\/mirmar\\\/#\\\/schema\\\/logo\\\/image\\\/\"},\"sameAs\":[\"https:\\\/\\\/facebook.com\\\/mirmareshop\"]}]}<\/script>\n<!-- \/ Yoast SEO plugin. -->","yoast_head_json":{"title":"Bosch GNA 16 (SDS) Professional Bosch - MIR-MAR","robots":{"index":"index","follow":"follow","max-snippet":"max-snippet:-1","max-image-preview":"max-image-preview:large","max-video-preview":"max-video-preview:-1"},"canonical":"http:\/\/dafinoo.eu\/mirmar\/obchod\/bosch-gna-16-sds-professional-bosch\/","og_locale":"sk_SK","og_type":"article","og_title":"Bosch GNA 16 (SDS) Professional Bosch - MIR-MAR","og_description":"Technick\u00e9 parametre: GNA 16 (SDS) Professional Oprac\u00favate\u013en\u00fd materi\u00e1l Oce\u013e do 400 N\/mm\u00b2 pri 1,6 mm \u0160\u00edrka prestrihu 5 mm Predv\u0155tanie na strihanie v\u00fdrezov 21 mm Najmen\u0161\u00ed polomer strihu 40 mm Po\u010det zdvihov pri z\u00e1\u0165a\u017ei 1.600 min-1 Po\u010det zdvihov vo vo\u013enobehu 2.200 min-1 Hmotnos\u0165 1,7 kg D\u013a\u017eka 289 mm V\u00fd\u0161ka 142 mm Kapacita rezania - oce\u013e (400 N\/mm\u00b2), max. 1,6 mm Kapacita rezania - oce\u013e (600 N\/mm\u00b2), max. 1,0 mm Kapacita rezania - oce\u013e (800 N\/mm\u00b2), max. 0,7 mm Kapacita rezania - hlin\u00edk (200 N\/mm\u00b2), max. 2,0 mm Elektrick\u00e9 charakteristiky Menovit\u00fd pr\u00edkon 350 W V\u00fdkon 160 W Funkcie   * Syst\u00e9m Bosch SDS","og_url":"http:\/\/dafinoo.eu\/mirmar\/obchod\/bosch-gna-16-sds-professional-bosch\/","og_site_name":"MIR-MAR","article_publisher":"https:\/\/facebook.com\/mirmareshop","article_modified_time":"2021-04-19T17:42:50+00:00","og_image":[{"width":263,"height":192,"url":"https:\/\/i1.wp.com\/www.mirmar.sk\/wp-content\/uploads\/2021\/03\/gna_16_sds_professional_1.jpg?fit=263%2C192&ssl=1","type":"image\/jpeg"}],"schema":{"@context":"https:\/\/schema.org","@graph":[{"@type":"WebPage","@id":"http:\/\/dafinoo.eu\/mirmar\/obchod\/bosch-gna-16-sds-professional-bosch\/","url":"http:\/\/dafinoo.eu\/mirmar\/obchod\/bosch-gna-16-sds-professional-bosch\/","name":"Bosch GNA 16 (SDS) Professional Bosch - MIR-MAR","isPartOf":{"@id":"http:\/\/dafinoo.eu\/mirmar\/#website"},"primaryImageOfPage":{"@id":"http:\/\/dafinoo.eu\/mirmar\/obchod\/bosch-gna-16-sds-professional-bosch\/#primaryimage"},"image":{"@id":"http:\/\/dafinoo.eu\/mirmar\/obchod\/bosch-gna-16-sds-professional-bosch\/#primaryimage"},"thumbnailUrl":"http:\/\/dafinoo.eu\/mirmar\/wp-content\/uploads\/2021\/03\/gna_16_sds_professional_1.jpg","datePublished":"2021-03-15T16:24:52+00:00","dateModified":"2021-04-19T17:42:50+00:00","breadcrumb":{"@id":"http:\/\/dafinoo.eu\/mirmar\/obchod\/bosch-gna-16-sds-professional-bosch\/#breadcrumb"},"inLanguage":"sk-SK","potentialAction":[{"@type":"ReadAction","target":["http:\/\/dafinoo.eu\/mirmar\/obchod\/bosch-gna-16-sds-professional-bosch\/"]}]},{"@type":"ImageObject","inLanguage":"sk-SK","@id":"http:\/\/dafinoo.eu\/mirmar\/obchod\/bosch-gna-16-sds-professional-bosch\/#primaryimage","url":"http:\/\/dafinoo.eu\/mirmar\/wp-content\/uploads\/2021\/03\/gna_16_sds_professional_1.jpg","contentUrl":"http:\/\/dafinoo.eu\/mirmar\/wp-content\/uploads\/2021\/03\/gna_16_sds_professional_1.jpg","width":263,"height":192},{"@type":"BreadcrumbList","@id":"http:\/\/dafinoo.eu\/mirmar\/obchod\/bosch-gna-16-sds-professional-bosch\/#breadcrumb","itemListElement":[{"@type":"ListItem","position":1,"name":"Domovsk\u00e1 str\u00e1nka","item":"http:\/\/dafinoo.eu\/mirmar\/"},{"@type":"ListItem","position":2,"name":"Obchod","item":"http:\/\/dafinoo.eu\/mirmar\/obchod\/"},{"@type":"ListItem","position":3,"name":"Bosch GNA 16 (SDS) Professional Bosch"}]},{"@type":"WebSite","@id":"http:\/\/dafinoo.eu\/mirmar\/#website","url":"http:\/\/dafinoo.eu\/mirmar\/","name":"MIR-MAR","description":"Eshop s n\u00e1rad\u00edm","publisher":{"@id":"http:\/\/dafinoo.eu\/mirmar\/#organization"},"potentialAction":[{"@type":"SearchAction","target":{"@type":"EntryPoint","urlTemplate":"http:\/\/dafinoo.eu\/mirmar\/?s={search_term_string}"},"query-input":{"@type":"PropertyValueSpecification","valueRequired":true,"valueName":"search_term_string"}}],"inLanguage":"sk-SK"},{"@type":"Organization","@id":"http:\/\/dafinoo.eu\/mirmar\/#organization","name":"MIR-MAR","url":"http:\/\/dafinoo.eu\/mirmar\/","logo":{"@type":"ImageObject","inLanguage":"sk-SK","@id":"http:\/\/dafinoo.eu\/mirmar\/#\/schema\/logo\/image\/","url":"http:\/\/dafinoo.eu\/mirmar\/wp-content\/uploads\/2021\/03\/mirmar_logo.png","contentUrl":"http:\/\/dafinoo.eu\/mirmar\/wp-content\/uploads\/2021\/03\/mirmar_logo.png","width":256,"height":60,"caption":"MIR-MAR"},"image":{"@id":"http:\/\/dafinoo.eu\/mirmar\/#\/schema\/logo\/image\/"},"sameAs":["https:\/\/facebook.com\/mirmareshop"]}]}},"_links":{"self":[{"href":"http:\/\/dafinoo.eu\/mirmar\/wp-json\/wp\/v2\/product\/36792","targetHints":{"allow":["GET"]}}],"collection":[{"href":"http:\/\/dafinoo.eu\/mirmar\/wp-json\/wp\/v2\/product"}],"about":[{"href":"http:\/\/dafinoo.eu\/mirmar\/wp-json\/wp\/v2\/types\/product"}],"replies":[{"embeddable":true,"href":"http:\/\/dafinoo.eu\/mirmar\/wp-json\/wp\/v2\/comments?post=36792"}],"wp:featuredmedia":[{"embeddable":true,"href":"http:\/\/dafinoo.eu\/mirmar\/wp-json\/wp\/v2\/media\/36793"}],"wp:attachment":[{"href":"http:\/\/dafinoo.eu\/mirmar\/wp-json\/wp\/v2\/media?parent=36792"}],"wp:term":[{"taxonomy":"product_cat","embeddable":true,"href":"http:\/\/dafinoo.eu\/mirmar\/wp-json\/wp\/v2\/product_cat?post=36792"},{"taxonomy":"product_tag","embeddable":true,"href":"http:\/\/dafinoo.eu\/mirmar\/wp-json\/wp\/v2\/product_tag?post=36792"}],"curies":[{"name":"wp","href":"https:\/\/api.w.org\/{rel}","templated":true}]}}