{"id":36794,"date":"2021-03-15T17:24:52","date_gmt":"2021-03-15T16:24:52","guid":{"rendered":"http:\/\/dafinoo.eu\/mirmar\/product\/bosch-gna-20-professional\/"},"modified":"2021-04-19T19:42:50","modified_gmt":"2021-04-19T17:42:50","slug":"bosch-gna-20-professional","status":"publish","type":"product","link":"http:\/\/dafinoo.eu\/mirmar\/obchod\/bosch-gna-20-professional\/","title":{"rendered":"Bosch GNA 2,0 Professional"},"content":{"rendered":"<p>Prednosti: GNA 2,0 Professional<br \/>\nPraktick\u00fd prestrihova\u010d pre v\u00fdrezy v\u0161etk\u00e9ho druhu<\/p>\n<p>    * \u0160t\u00edhly, \u00fazky tvar pre optim\u00e1lne dr\u017eanie<br \/>\n    * Oto\u010dn\u00e1 matrica pre lep\u0161iu priechodnos\u0165 v rohoch<br \/>\n    * \u013dahko vymenite\u013en\u00e9 strihacie n\u00e1stroje<br \/>\n    * Zaaretovate\u013en\u00e1 matrica pre rovn\u00e9 rezy<br \/>\n    * Mo\u017enos\u0165 jednoduch\u00e9ho vystrihovania pod\u013ea n\u00e1kresu a \u0161abl\u00f3ny<br \/>\n    * Ide\u00e1lne na vystrihovanie otvorov<\/p>\n","protected":false},"excerpt":{"rendered":"<p>Technick\u00e9 parametre: GNA 2,0 Professional<br \/>\nOprac\u00favate\u013en\u00fd materi\u00e1l\tOce\u013e do 400 N\/mm\u00b2 pri 2,0 mm<br \/>\n\u0160\u00edrka prestrihu\t6 mm<br \/>\nPredv\u0155tanie na strihanie v\u00fdrezov\t16 mm<br \/>\nNajmen\u0161\u00ed polomer strihu\t3 mm<br \/>\nPo\u010det zdvihov pri z\u00e1\u0165a\u017ei\t1.500 min-1<br \/>\nPo\u010det zdvihov vo vo\u013enobehu\t2.400 min-1<br \/>\nHmotnos\u0165\t2,0 kg<br \/>\nD\u013a\u017eka\t275 mm<br \/>\nV\u00fd\u0161ka\t127 mm<br \/>\nKapacita rezania &#8211; oce\u013e (400 N\/mm\u00b2), max.\t2,0 mm<br \/>\nKapacita rezania &#8211; oce\u013e (600 N\/mm\u00b2), max.\t1,4 mm<br \/>\nKapacita rezania &#8211; oce\u013e (800 N\/mm\u00b2), max.\t1,0 mm<br \/>\nKapacita rezania &#8211; hlin\u00edk (200 N\/mm\u00b2), max.\t2,5 mm<br \/>\nElektrick\u00e9 charakteristiky<br \/>\nMenovit\u00fd pr\u00edkon\t500 W<br \/>\nV\u00fdkon\t270 W<br \/>\nInform\u00e1cia o hlu\u010dnosti a vibr\u00e1ci\u00e1ch<\/p>\n<p>Hodnoty merania zisten\u00e9 pod\u013ea EN 60745<br \/>\nCelkov\u00e9 hodnoty vibr\u00e1ci\u00ed (s\u00fa\u010det vektorov v troch smeroch)<br \/>\nHodnota emisie vibr\u00e1ci\u00ed ah\t11.0 m\/s\u00b2<br \/>\nNepresnos\u0165 K\t1.5 m\/s\u00b2<\/p>\n<p>\u00darove\u0148 hluku elektrick\u00e9ho n\u00e1radia s hodnoten\u00edm A je typicky: hladina akustick\u00e9ho tlaku 82 dB(A); hladina akustick\u00e9ho v\u00fdkonu 93 dB(A). Neistota K= 3 dB.<\/p>\n","protected":false},"featured_media":36795,"comment_status":"closed","ping_status":"open","template":"","meta":{"_lmt_disableupdate":"","_lmt_disable":""},"product_cat":[3106],"product_tag":[],"class_list":{"0":"post-36794","1":"product","2":"type-product","3":"status-publish","4":"has-post-thumbnail","6":"product_cat-bosch","7":"ts_product_brand-bosh","9":"first","10":"instock","11":"taxable","12":"shipping-taxable","13":"purchasable","14":"product-type-simple"},"yoast_head":"<!-- This site is optimized with the Yoast SEO plugin v27.3 - https:\/\/yoast.com\/product\/yoast-seo-wordpress\/ -->\n<title>Bosch GNA 2,0 Professional - MIR-MAR<\/title>\n<meta name=\"robots\" content=\"index, follow, max-snippet:-1, max-image-preview:large, max-video-preview:-1\" \/>\n<link rel=\"canonical\" href=\"http:\/\/dafinoo.eu\/mirmar\/obchod\/bosch-gna-20-professional\/\" \/>\n<meta property=\"og:locale\" content=\"sk_SK\" \/>\n<meta property=\"og:type\" content=\"article\" \/>\n<meta property=\"og:title\" content=\"Bosch GNA 2,0 Professional - MIR-MAR\" \/>\n<meta property=\"og:description\" content=\"Technick\u00e9 parametre: GNA 2,0 Professional Oprac\u00favate\u013en\u00fd materi\u00e1l Oce\u013e do 400 N\/mm\u00b2 pri 2,0 mm \u0160\u00edrka prestrihu 6 mm Predv\u0155tanie na strihanie v\u00fdrezov 16 mm Najmen\u0161\u00ed polomer strihu 3 mm Po\u010det zdvihov pri z\u00e1\u0165a\u017ei 1.500 min-1 Po\u010det zdvihov vo vo\u013enobehu 2.400 min-1 Hmotnos\u0165 2,0 kg D\u013a\u017eka 275 mm V\u00fd\u0161ka 127 mm Kapacita rezania - oce\u013e (400 N\/mm\u00b2), max. 2,0 mm Kapacita rezania - oce\u013e (600 N\/mm\u00b2), max. 1,4 mm Kapacita rezania - oce\u013e (800 N\/mm\u00b2), max. 1,0 mm Kapacita rezania - hlin\u00edk (200 N\/mm\u00b2), max. 2,5 mm Elektrick\u00e9 charakteristiky Menovit\u00fd pr\u00edkon 500 W V\u00fdkon 270 W Inform\u00e1cia o hlu\u010dnosti a vibr\u00e1ci\u00e1ch Hodnoty merania zisten\u00e9 pod\u013ea EN 60745 Celkov\u00e9 hodnoty vibr\u00e1ci\u00ed (s\u00fa\u010det vektorov v troch smeroch) Hodnota emisie vibr\u00e1ci\u00ed ah 11.0 m\/s\u00b2 Nepresnos\u0165 K 1.5 m\/s\u00b2 \u00darove\u0148 hluku elektrick\u00e9ho n\u00e1radia s hodnoten\u00edm A je typicky: hladina akustick\u00e9ho tlaku 82 dB(A); hladina akustick\u00e9ho v\u00fdkonu 93 dB(A). Neistota K= 3 dB.\" \/>\n<meta property=\"og:url\" content=\"http:\/\/dafinoo.eu\/mirmar\/obchod\/bosch-gna-20-professional\/\" \/>\n<meta property=\"og:site_name\" content=\"MIR-MAR\" \/>\n<meta property=\"article:publisher\" content=\"https:\/\/facebook.com\/mirmareshop\" \/>\n<meta property=\"article:modified_time\" content=\"2021-04-19T17:42:50+00:00\" \/>\n<meta property=\"og:image\" content=\"https:\/\/i0.wp.com\/www.mirmar.sk\/wp-content\/uploads\/2021\/03\/gna_2_0_professional_1.jpg?fit=275%2C183&ssl=1\" \/>\n\t<meta property=\"og:image:width\" content=\"275\" \/>\n\t<meta property=\"og:image:height\" content=\"183\" \/>\n\t<meta property=\"og:image:type\" content=\"image\/jpeg\" \/>\n<script type=\"application\/ld+json\" class=\"yoast-schema-graph\">{\"@context\":\"https:\\\/\\\/schema.org\",\"@graph\":[{\"@type\":\"WebPage\",\"@id\":\"http:\\\/\\\/dafinoo.eu\\\/mirmar\\\/obchod\\\/bosch-gna-20-professional\\\/\",\"url\":\"http:\\\/\\\/dafinoo.eu\\\/mirmar\\\/obchod\\\/bosch-gna-20-professional\\\/\",\"name\":\"Bosch GNA 2,0 Professional - MIR-MAR\",\"isPartOf\":{\"@id\":\"http:\\\/\\\/dafinoo.eu\\\/mirmar\\\/#website\"},\"primaryImageOfPage\":{\"@id\":\"http:\\\/\\\/dafinoo.eu\\\/mirmar\\\/obchod\\\/bosch-gna-20-professional\\\/#primaryimage\"},\"image\":{\"@id\":\"http:\\\/\\\/dafinoo.eu\\\/mirmar\\\/obchod\\\/bosch-gna-20-professional\\\/#primaryimage\"},\"thumbnailUrl\":\"http:\\\/\\\/dafinoo.eu\\\/mirmar\\\/wp-content\\\/uploads\\\/2021\\\/03\\\/gna_2_0_professional_1.jpg\",\"datePublished\":\"2021-03-15T16:24:52+00:00\",\"dateModified\":\"2021-04-19T17:42:50+00:00\",\"breadcrumb\":{\"@id\":\"http:\\\/\\\/dafinoo.eu\\\/mirmar\\\/obchod\\\/bosch-gna-20-professional\\\/#breadcrumb\"},\"inLanguage\":\"sk-SK\",\"potentialAction\":[{\"@type\":\"ReadAction\",\"target\":[\"http:\\\/\\\/dafinoo.eu\\\/mirmar\\\/obchod\\\/bosch-gna-20-professional\\\/\"]}]},{\"@type\":\"ImageObject\",\"inLanguage\":\"sk-SK\",\"@id\":\"http:\\\/\\\/dafinoo.eu\\\/mirmar\\\/obchod\\\/bosch-gna-20-professional\\\/#primaryimage\",\"url\":\"http:\\\/\\\/dafinoo.eu\\\/mirmar\\\/wp-content\\\/uploads\\\/2021\\\/03\\\/gna_2_0_professional_1.jpg\",\"contentUrl\":\"http:\\\/\\\/dafinoo.eu\\\/mirmar\\\/wp-content\\\/uploads\\\/2021\\\/03\\\/gna_2_0_professional_1.jpg\",\"width\":275,\"height\":183},{\"@type\":\"BreadcrumbList\",\"@id\":\"http:\\\/\\\/dafinoo.eu\\\/mirmar\\\/obchod\\\/bosch-gna-20-professional\\\/#breadcrumb\",\"itemListElement\":[{\"@type\":\"ListItem\",\"position\":1,\"name\":\"Domovsk\u00e1 str\u00e1nka\",\"item\":\"http:\\\/\\\/dafinoo.eu\\\/mirmar\\\/\"},{\"@type\":\"ListItem\",\"position\":2,\"name\":\"Obchod\",\"item\":\"http:\\\/\\\/dafinoo.eu\\\/mirmar\\\/obchod\\\/\"},{\"@type\":\"ListItem\",\"position\":3,\"name\":\"Bosch GNA 2,0 Professional\"}]},{\"@type\":\"WebSite\",\"@id\":\"http:\\\/\\\/dafinoo.eu\\\/mirmar\\\/#website\",\"url\":\"http:\\\/\\\/dafinoo.eu\\\/mirmar\\\/\",\"name\":\"MIR-MAR\",\"description\":\"Eshop s n\u00e1rad\u00edm\",\"publisher\":{\"@id\":\"http:\\\/\\\/dafinoo.eu\\\/mirmar\\\/#organization\"},\"potentialAction\":[{\"@type\":\"SearchAction\",\"target\":{\"@type\":\"EntryPoint\",\"urlTemplate\":\"http:\\\/\\\/dafinoo.eu\\\/mirmar\\\/?s={search_term_string}\"},\"query-input\":{\"@type\":\"PropertyValueSpecification\",\"valueRequired\":true,\"valueName\":\"search_term_string\"}}],\"inLanguage\":\"sk-SK\"},{\"@type\":\"Organization\",\"@id\":\"http:\\\/\\\/dafinoo.eu\\\/mirmar\\\/#organization\",\"name\":\"MIR-MAR\",\"url\":\"http:\\\/\\\/dafinoo.eu\\\/mirmar\\\/\",\"logo\":{\"@type\":\"ImageObject\",\"inLanguage\":\"sk-SK\",\"@id\":\"http:\\\/\\\/dafinoo.eu\\\/mirmar\\\/#\\\/schema\\\/logo\\\/image\\\/\",\"url\":\"http:\\\/\\\/dafinoo.eu\\\/mirmar\\\/wp-content\\\/uploads\\\/2021\\\/03\\\/mirmar_logo.png\",\"contentUrl\":\"http:\\\/\\\/dafinoo.eu\\\/mirmar\\\/wp-content\\\/uploads\\\/2021\\\/03\\\/mirmar_logo.png\",\"width\":256,\"height\":60,\"caption\":\"MIR-MAR\"},\"image\":{\"@id\":\"http:\\\/\\\/dafinoo.eu\\\/mirmar\\\/#\\\/schema\\\/logo\\\/image\\\/\"},\"sameAs\":[\"https:\\\/\\\/facebook.com\\\/mirmareshop\"]}]}<\/script>\n<!-- \/ Yoast SEO plugin. -->","yoast_head_json":{"title":"Bosch GNA 2,0 Professional - MIR-MAR","robots":{"index":"index","follow":"follow","max-snippet":"max-snippet:-1","max-image-preview":"max-image-preview:large","max-video-preview":"max-video-preview:-1"},"canonical":"http:\/\/dafinoo.eu\/mirmar\/obchod\/bosch-gna-20-professional\/","og_locale":"sk_SK","og_type":"article","og_title":"Bosch GNA 2,0 Professional - MIR-MAR","og_description":"Technick\u00e9 parametre: GNA 2,0 Professional Oprac\u00favate\u013en\u00fd materi\u00e1l Oce\u013e do 400 N\/mm\u00b2 pri 2,0 mm \u0160\u00edrka prestrihu 6 mm Predv\u0155tanie na strihanie v\u00fdrezov 16 mm Najmen\u0161\u00ed polomer strihu 3 mm Po\u010det zdvihov pri z\u00e1\u0165a\u017ei 1.500 min-1 Po\u010det zdvihov vo vo\u013enobehu 2.400 min-1 Hmotnos\u0165 2,0 kg D\u013a\u017eka 275 mm V\u00fd\u0161ka 127 mm Kapacita rezania - oce\u013e (400 N\/mm\u00b2), max. 2,0 mm Kapacita rezania - oce\u013e (600 N\/mm\u00b2), max. 1,4 mm Kapacita rezania - oce\u013e (800 N\/mm\u00b2), max. 1,0 mm Kapacita rezania - hlin\u00edk (200 N\/mm\u00b2), max. 2,5 mm Elektrick\u00e9 charakteristiky Menovit\u00fd pr\u00edkon 500 W V\u00fdkon 270 W Inform\u00e1cia o hlu\u010dnosti a vibr\u00e1ci\u00e1ch Hodnoty merania zisten\u00e9 pod\u013ea EN 60745 Celkov\u00e9 hodnoty vibr\u00e1ci\u00ed (s\u00fa\u010det vektorov v troch smeroch) Hodnota emisie vibr\u00e1ci\u00ed ah 11.0 m\/s\u00b2 Nepresnos\u0165 K 1.5 m\/s\u00b2 \u00darove\u0148 hluku elektrick\u00e9ho n\u00e1radia s hodnoten\u00edm A je typicky: hladina akustick\u00e9ho tlaku 82 dB(A); hladina akustick\u00e9ho v\u00fdkonu 93 dB(A). Neistota K= 3 dB.","og_url":"http:\/\/dafinoo.eu\/mirmar\/obchod\/bosch-gna-20-professional\/","og_site_name":"MIR-MAR","article_publisher":"https:\/\/facebook.com\/mirmareshop","article_modified_time":"2021-04-19T17:42:50+00:00","og_image":[{"width":275,"height":183,"url":"https:\/\/i0.wp.com\/www.mirmar.sk\/wp-content\/uploads\/2021\/03\/gna_2_0_professional_1.jpg?fit=275%2C183&ssl=1","type":"image\/jpeg"}],"schema":{"@context":"https:\/\/schema.org","@graph":[{"@type":"WebPage","@id":"http:\/\/dafinoo.eu\/mirmar\/obchod\/bosch-gna-20-professional\/","url":"http:\/\/dafinoo.eu\/mirmar\/obchod\/bosch-gna-20-professional\/","name":"Bosch GNA 2,0 Professional - MIR-MAR","isPartOf":{"@id":"http:\/\/dafinoo.eu\/mirmar\/#website"},"primaryImageOfPage":{"@id":"http:\/\/dafinoo.eu\/mirmar\/obchod\/bosch-gna-20-professional\/#primaryimage"},"image":{"@id":"http:\/\/dafinoo.eu\/mirmar\/obchod\/bosch-gna-20-professional\/#primaryimage"},"thumbnailUrl":"http:\/\/dafinoo.eu\/mirmar\/wp-content\/uploads\/2021\/03\/gna_2_0_professional_1.jpg","datePublished":"2021-03-15T16:24:52+00:00","dateModified":"2021-04-19T17:42:50+00:00","breadcrumb":{"@id":"http:\/\/dafinoo.eu\/mirmar\/obchod\/bosch-gna-20-professional\/#breadcrumb"},"inLanguage":"sk-SK","potentialAction":[{"@type":"ReadAction","target":["http:\/\/dafinoo.eu\/mirmar\/obchod\/bosch-gna-20-professional\/"]}]},{"@type":"ImageObject","inLanguage":"sk-SK","@id":"http:\/\/dafinoo.eu\/mirmar\/obchod\/bosch-gna-20-professional\/#primaryimage","url":"http:\/\/dafinoo.eu\/mirmar\/wp-content\/uploads\/2021\/03\/gna_2_0_professional_1.jpg","contentUrl":"http:\/\/dafinoo.eu\/mirmar\/wp-content\/uploads\/2021\/03\/gna_2_0_professional_1.jpg","width":275,"height":183},{"@type":"BreadcrumbList","@id":"http:\/\/dafinoo.eu\/mirmar\/obchod\/bosch-gna-20-professional\/#breadcrumb","itemListElement":[{"@type":"ListItem","position":1,"name":"Domovsk\u00e1 str\u00e1nka","item":"http:\/\/dafinoo.eu\/mirmar\/"},{"@type":"ListItem","position":2,"name":"Obchod","item":"http:\/\/dafinoo.eu\/mirmar\/obchod\/"},{"@type":"ListItem","position":3,"name":"Bosch GNA 2,0 Professional"}]},{"@type":"WebSite","@id":"http:\/\/dafinoo.eu\/mirmar\/#website","url":"http:\/\/dafinoo.eu\/mirmar\/","name":"MIR-MAR","description":"Eshop s n\u00e1rad\u00edm","publisher":{"@id":"http:\/\/dafinoo.eu\/mirmar\/#organization"},"potentialAction":[{"@type":"SearchAction","target":{"@type":"EntryPoint","urlTemplate":"http:\/\/dafinoo.eu\/mirmar\/?s={search_term_string}"},"query-input":{"@type":"PropertyValueSpecification","valueRequired":true,"valueName":"search_term_string"}}],"inLanguage":"sk-SK"},{"@type":"Organization","@id":"http:\/\/dafinoo.eu\/mirmar\/#organization","name":"MIR-MAR","url":"http:\/\/dafinoo.eu\/mirmar\/","logo":{"@type":"ImageObject","inLanguage":"sk-SK","@id":"http:\/\/dafinoo.eu\/mirmar\/#\/schema\/logo\/image\/","url":"http:\/\/dafinoo.eu\/mirmar\/wp-content\/uploads\/2021\/03\/mirmar_logo.png","contentUrl":"http:\/\/dafinoo.eu\/mirmar\/wp-content\/uploads\/2021\/03\/mirmar_logo.png","width":256,"height":60,"caption":"MIR-MAR"},"image":{"@id":"http:\/\/dafinoo.eu\/mirmar\/#\/schema\/logo\/image\/"},"sameAs":["https:\/\/facebook.com\/mirmareshop"]}]}},"_links":{"self":[{"href":"http:\/\/dafinoo.eu\/mirmar\/wp-json\/wp\/v2\/product\/36794","targetHints":{"allow":["GET"]}}],"collection":[{"href":"http:\/\/dafinoo.eu\/mirmar\/wp-json\/wp\/v2\/product"}],"about":[{"href":"http:\/\/dafinoo.eu\/mirmar\/wp-json\/wp\/v2\/types\/product"}],"replies":[{"embeddable":true,"href":"http:\/\/dafinoo.eu\/mirmar\/wp-json\/wp\/v2\/comments?post=36794"}],"wp:featuredmedia":[{"embeddable":true,"href":"http:\/\/dafinoo.eu\/mirmar\/wp-json\/wp\/v2\/media\/36795"}],"wp:attachment":[{"href":"http:\/\/dafinoo.eu\/mirmar\/wp-json\/wp\/v2\/media?parent=36794"}],"wp:term":[{"taxonomy":"product_cat","embeddable":true,"href":"http:\/\/dafinoo.eu\/mirmar\/wp-json\/wp\/v2\/product_cat?post=36794"},{"taxonomy":"product_tag","embeddable":true,"href":"http:\/\/dafinoo.eu\/mirmar\/wp-json\/wp\/v2\/product_tag?post=36794"}],"curies":[{"name":"wp","href":"https:\/\/api.w.org\/{rel}","templated":true}]}}